{"id":564,"date":"2025-07-21T15:24:39","date_gmt":"2025-07-21T15:24:39","guid":{"rendered":"https:\/\/www.blutezeit.com\/?post_type=product&#038;p=564"},"modified":"2026-01-09T12:51:25","modified_gmt":"2026-01-09T12:51:25","slug":"mpg02-2ft-solar-panel-parallel-cable-me-go-600","status":"publish","type":"product","link":"https:\/\/www.blutezeit.com\/it\/prodotto\/mpg02-2ft-solar-panel-parallel-cable-me-go-600\/","title":{"rendered":"Cavo parallelo per pannello solare da 2,3 piedi per apricancello scorrevole ME-GO-600"},"content":{"rendered":"<p><span class=\"a-text-bold\"><img loading=\"lazy\" decoding=\"async\" class=\"aligncenter size-full wp-image-573\" src=\"http:\/\/www.blutezeit.com\/wp-content\/uploads\/2025\/07\/A-Parallel-Cable-for-Solar-Panels.jpg\" alt=\"\" width=\"1464\" height=\"600\" srcset=\"https:\/\/www.blutezeit.com\/wp-content\/uploads\/2025\/07\/A-Parallel-Cable-for-Solar-Panels.jpg 1464w, https:\/\/www.blutezeit.com\/wp-content\/uploads\/2025\/07\/A-Parallel-Cable-for-Solar-Panels-500x205.jpg 500w, https:\/\/www.blutezeit.com\/wp-content\/uploads\/2025\/07\/A-Parallel-Cable-for-Solar-Panels-1200x492.jpg 1200w, https:\/\/www.blutezeit.com\/wp-content\/uploads\/2025\/07\/A-Parallel-Cable-for-Solar-Panels-300x123.jpg 300w, https:\/\/www.blutezeit.com\/wp-content\/uploads\/2025\/07\/A-Parallel-Cable-for-Solar-Panels-768x315.jpg 768w, https:\/\/www.blutezeit.com\/wp-content\/uploads\/2025\/07\/A-Parallel-Cable-for-Solar-Panels-18x7.jpg 18w, https:\/\/www.blutezeit.com\/wp-content\/uploads\/2025\/07\/A-Parallel-Cable-for-Solar-Panels-150x61.jpg 150w, https:\/\/www.blutezeit.com\/wp-content\/uploads\/2025\/07\/A-Parallel-Cable-for-Solar-Panels-480x197.jpg 480w, https:\/\/www.blutezeit.com\/wp-content\/uploads\/2025\/07\/A-Parallel-Cable-for-Solar-Panels-800x328.jpg 800w\" sizes=\"auto, (max-width:767px) 480px, (max-width:1464px) 100vw, 1464px\" \/>Kit adattatore per sistema di apertura del cancello scorrevole ad energia solare Bl\u00fctezeit<\/span>\u00a0\u00e8 specificamente progettato per la\u00a0<span class=\"a-text-bold\">Sistema di motore per apertura cancello scorrevole ME-GO-600<\/span>. Questo cablaggio DC-link a doppia porta da 70 cm garantisce una perfetta integrazione tra il motore e i pannelli solari o altri moduli esterni. Progettato per garantire una trasmissione di potenza affidabile ed espandere le capacit\u00e0 del sistema, questo kit migliora la funzionalit\u00e0 e la longevit\u00e0 dell&#039;apricancello.<\/p>\n<p>Ideale per chi aggiorna il proprio sistema o integra pannelli solari aggiuntivi, il\u00a0<span class=\"a-text-bold\">Kit adattatore Bl\u00fctezeit<\/span>\u00a0Offre una connessione fluida con i regolatori solari, garantendo prestazioni ottimali. Con questo kit adattatore, puoi migliorare l&#039;efficienza del tuo sistema di apertura cancello e sfruttare appieno l&#039;integrazione dell&#039;energia solare.<\/p>\n<p><strong><span class=\"a-text-bold\">\u2705 Specifiche:<\/span><\/strong><br \/>\n<span class=\"a-text-bold\">Compatibilit\u00e0:<\/span>\u00a0Progettato specificamente per il sistema di apertura del cancello scorrevole ME-GO-600.<br \/>\n<span class=\"a-text-bold\">Lunghezza del cavo:<\/span>\u00a0Cablaggio DC-link a doppia porta da 2,3 piedi (0,7 metri).<br \/>\n<span class=\"a-text-bold\">Tipo di connettore:<\/span>\u00a01 femmina a 2 maschi (connettori da 5,5 mm x 2,1 mm).<br \/>\n<span class=\"a-text-bold\">Materiale:<\/span>\u00a0Cablaggio in rame puro per una conduttivit\u00e0 e un&#039;efficienza energetica ottimali.<br \/>\n<span class=\"a-text-bold\">Funzionalit\u00e0:<\/span>\u00a0Progettato per integrare i pannelli solari nei sistemi di apertura dei cancelli, migliorando l&#039;efficienza energetica e consentendo l&#039;espansione del sistema.<br \/>\n<span class=\"a-text-bold\">Resistenza alle intemperie:<\/span>\u00a0Costruito per resistere agli ambienti esterni, garantisce prestazioni affidabili in diverse condizioni atmosferiche.<\/p>","protected":false},"excerpt":{"rendered":"<p>Cavo parallelo CC a doppia porta da 2,3 piedi (5,5\u00d72,1 mm) per il collegamento di pannelli solari in parallelo agli apricancelli scorrevoli Bl\u00fctezeit ME-GO-600; connettori maschio\/femmina impermeabili<\/p>","protected":false},"featured_media":1579,"comment_status":"open","ping_status":"closed","template":"","meta":[],"product_brand":[33],"product_cat":[80,22],"product_tag":[],"class_list":{"0":"post-564","1":"product","2":"type-product","3":"status-publish","4":"has-post-thumbnail","6":"product_brand-blutezeit","7":"product_cat-solar-power-supply","8":"product_cat-accessories","10":"first","11":"instock","12":"shipping-taxable","13":"purchasable","14":"product-type-simple"},"yoast_head":"<!-- This site is optimized with the Yoast SEO plugin v26.4 - https:\/\/yoast.com\/wordpress\/plugins\/seo\/ -->\n<title>Solar Panel Parallel Cable 2.3ft for ME-GO-600 Sliding Gate Openers - Bl\u00fctezeit<\/title>\n<meta name=\"robots\" content=\"index, follow, max-snippet:-1, max-image-preview:large, max-video-preview:-1\" \/>\n<link rel=\"canonical\" href=\"https:\/\/www.blutezeit.com\/it\/prodotto\/mpg02-2ft-solar-panel-parallel-cable-me-go-600\/\" \/>\n<meta property=\"og:locale\" content=\"it_IT\" \/>\n<meta property=\"og:type\" content=\"article\" \/>\n<meta property=\"og:title\" content=\"Solar Panel Parallel Cable 2.3ft for ME-GO-600 Sliding Gate Openers - Bl\u00fctezeit\" \/>\n<meta property=\"og:description\" content=\"2.3ft dual-port DC parallel cable (5.5\u00d72.1mm) for connecting solar panels in parallel to Bl\u00fctezeit ME-GO-600 sliding gate openers; waterproof male\/female connectors\" \/>\n<meta property=\"og:url\" content=\"https:\/\/www.blutezeit.com\/it\/prodotto\/mpg02-2ft-solar-panel-parallel-cable-me-go-600\/\" \/>\n<meta property=\"og:site_name\" content=\"Bl\u00fctezeit\" \/>\n<meta property=\"article:modified_time\" content=\"2026-01-09T12:51:25+00:00\" \/>\n<meta property=\"og:image\" content=\"http:\/\/www.blutezeit.com\/wp-content\/uploads\/2025\/07\/Parallel-Cable-for-Solar-Panels-1-1.jpg\" \/>\n\t<meta property=\"og:image:width\" content=\"1600\" \/>\n\t<meta property=\"og:image:height\" content=\"1600\" \/>\n\t<meta property=\"og:image:type\" content=\"image\/jpeg\" \/>\n<meta name=\"twitter:card\" content=\"summary_large_image\" \/>\n<meta name=\"twitter:label1\" content=\"Tempo di lettura stimato\" \/>\n\t<meta name=\"twitter:data1\" content=\"2 minuti\" \/>\n<script type=\"application\/ld+json\" class=\"yoast-schema-graph\">{\"@context\":\"https:\/\/schema.org\",\"@graph\":[{\"@type\":\"WebPage\",\"@id\":\"https:\/\/www.blutezeit.com\/product\/mpg02-2ft-solar-panel-parallel-cable-me-go-600\/\",\"url\":\"https:\/\/www.blutezeit.com\/product\/mpg02-2ft-solar-panel-parallel-cable-me-go-600\/\",\"name\":\"Solar Panel Parallel Cable 2.3ft for ME-GO-600 Sliding Gate Openers - Bl\u00fctezeit\",\"isPartOf\":{\"@id\":\"https:\/\/www.blutezeit.com\/pt\/#website\"},\"primaryImageOfPage\":{\"@id\":\"https:\/\/www.blutezeit.com\/product\/mpg02-2ft-solar-panel-parallel-cable-me-go-600\/#primaryimage\"},\"image\":{\"@id\":\"https:\/\/www.blutezeit.com\/product\/mpg02-2ft-solar-panel-parallel-cable-me-go-600\/#primaryimage\"},\"thumbnailUrl\":\"https:\/\/www.blutezeit.com\/wp-content\/uploads\/2025\/07\/Parallel-Cable-for-Solar-Panels-1-1.jpg\",\"datePublished\":\"2025-07-21T15:24:39+00:00\",\"dateModified\":\"2026-01-09T12:51:25+00:00\",\"breadcrumb\":{\"@id\":\"https:\/\/www.blutezeit.com\/product\/mpg02-2ft-solar-panel-parallel-cable-me-go-600\/#breadcrumb\"},\"inLanguage\":\"it-IT\",\"potentialAction\":[{\"@type\":\"ReadAction\",\"target\":[\"https:\/\/www.blutezeit.com\/product\/mpg02-2ft-solar-panel-parallel-cable-me-go-600\/\"]}]},{\"@type\":\"ImageObject\",\"inLanguage\":\"it-IT\",\"@id\":\"https:\/\/www.blutezeit.com\/product\/mpg02-2ft-solar-panel-parallel-cable-me-go-600\/#primaryimage\",\"url\":\"https:\/\/www.blutezeit.com\/wp-content\/uploads\/2025\/07\/Parallel-Cable-for-Solar-Panels-1-1.jpg\",\"contentUrl\":\"https:\/\/www.blutezeit.com\/wp-content\/uploads\/2025\/07\/Parallel-Cable-for-Solar-Panels-1-1.jpg\",\"width\":1600,\"height\":1600},{\"@type\":\"BreadcrumbList\",\"@id\":\"https:\/\/www.blutezeit.com\/product\/mpg02-2ft-solar-panel-parallel-cable-me-go-600\/#breadcrumb\",\"itemListElement\":[{\"@type\":\"ListItem\",\"position\":1,\"name\":\"\u9996\u9875\",\"item\":\"https:\/\/www.blutezeit.com\/pt\/\"},{\"@type\":\"ListItem\",\"position\":2,\"name\":\"Product\",\"item\":\"https:\/\/www.blutezeit.com\/pt\/shop\/\"},{\"@type\":\"ListItem\",\"position\":3,\"name\":\"Solar Panel Parallel Cable 2.3ft for ME-GO-600 Sliding Gate Openers\"}]},{\"@type\":\"WebSite\",\"@id\":\"https:\/\/www.blutezeit.com\/pt\/#website\",\"url\":\"https:\/\/www.blutezeit.com\/pt\/\",\"name\":\"Bl\u00fctezeit\",\"description\":\"Smart &amp; Solar Gate Opener Systems\",\"potentialAction\":[{\"@type\":\"SearchAction\",\"target\":{\"@type\":\"EntryPoint\",\"urlTemplate\":\"https:\/\/www.blutezeit.com\/pt\/?s={search_term_string}\"},\"query-input\":{\"@type\":\"PropertyValueSpecification\",\"valueRequired\":true,\"valueName\":\"search_term_string\"}}],\"inLanguage\":\"it-IT\"}]}<\/script>\n<!-- \/ Yoast SEO plugin. -->","yoast_head_json":{"title":"Solar Panel Parallel Cable 2.3ft for ME-GO-600 Sliding Gate Openers - Bl\u00fctezeit","robots":{"index":"index","follow":"follow","max-snippet":"max-snippet:-1","max-image-preview":"max-image-preview:large","max-video-preview":"max-video-preview:-1"},"canonical":"https:\/\/www.blutezeit.com\/it\/prodotto\/mpg02-2ft-solar-panel-parallel-cable-me-go-600\/","og_locale":"it_IT","og_type":"article","og_title":"Solar Panel Parallel Cable 2.3ft for ME-GO-600 Sliding Gate Openers - Bl\u00fctezeit","og_description":"2.3ft dual-port DC parallel cable (5.5\u00d72.1mm) for connecting solar panels in parallel to Bl\u00fctezeit ME-GO-600 sliding gate openers; waterproof male\/female connectors","og_url":"https:\/\/www.blutezeit.com\/it\/prodotto\/mpg02-2ft-solar-panel-parallel-cable-me-go-600\/","og_site_name":"Bl\u00fctezeit","article_modified_time":"2026-01-09T12:51:25+00:00","og_image":[{"width":1600,"height":1600,"url":"http:\/\/www.blutezeit.com\/wp-content\/uploads\/2025\/07\/Parallel-Cable-for-Solar-Panels-1-1.jpg","type":"image\/jpeg"}],"twitter_card":"summary_large_image","twitter_misc":{"Tempo di lettura stimato":"2 minuti"},"schema":{"@context":"https:\/\/schema.org","@graph":[{"@type":"WebPage","@id":"https:\/\/www.blutezeit.com\/product\/mpg02-2ft-solar-panel-parallel-cable-me-go-600\/","url":"https:\/\/www.blutezeit.com\/product\/mpg02-2ft-solar-panel-parallel-cable-me-go-600\/","name":"Solar Panel Parallel Cable 2.3ft for ME-GO-600 Sliding Gate Openers - Bl\u00fctezeit","isPartOf":{"@id":"https:\/\/www.blutezeit.com\/pt\/#website"},"primaryImageOfPage":{"@id":"https:\/\/www.blutezeit.com\/product\/mpg02-2ft-solar-panel-parallel-cable-me-go-600\/#primaryimage"},"image":{"@id":"https:\/\/www.blutezeit.com\/product\/mpg02-2ft-solar-panel-parallel-cable-me-go-600\/#primaryimage"},"thumbnailUrl":"https:\/\/www.blutezeit.com\/wp-content\/uploads\/2025\/07\/Parallel-Cable-for-Solar-Panels-1-1.jpg","datePublished":"2025-07-21T15:24:39+00:00","dateModified":"2026-01-09T12:51:25+00:00","breadcrumb":{"@id":"https:\/\/www.blutezeit.com\/product\/mpg02-2ft-solar-panel-parallel-cable-me-go-600\/#breadcrumb"},"inLanguage":"it-IT","potentialAction":[{"@type":"ReadAction","target":["https:\/\/www.blutezeit.com\/product\/mpg02-2ft-solar-panel-parallel-cable-me-go-600\/"]}]},{"@type":"ImageObject","inLanguage":"it-IT","@id":"https:\/\/www.blutezeit.com\/product\/mpg02-2ft-solar-panel-parallel-cable-me-go-600\/#primaryimage","url":"https:\/\/www.blutezeit.com\/wp-content\/uploads\/2025\/07\/Parallel-Cable-for-Solar-Panels-1-1.jpg","contentUrl":"https:\/\/www.blutezeit.com\/wp-content\/uploads\/2025\/07\/Parallel-Cable-for-Solar-Panels-1-1.jpg","width":1600,"height":1600},{"@type":"BreadcrumbList","@id":"https:\/\/www.blutezeit.com\/product\/mpg02-2ft-solar-panel-parallel-cable-me-go-600\/#breadcrumb","itemListElement":[{"@type":"ListItem","position":1,"name":"\u9996\u9875","item":"https:\/\/www.blutezeit.com\/pt\/"},{"@type":"ListItem","position":2,"name":"Product","item":"https:\/\/www.blutezeit.com\/pt\/shop\/"},{"@type":"ListItem","position":3,"name":"Solar Panel Parallel Cable 2.3ft for ME-GO-600 Sliding Gate Openers"}]},{"@type":"WebSite","@id":"https:\/\/www.blutezeit.com\/pt\/#website","url":"https:\/\/www.blutezeit.com\/pt\/","name":"Bl\u00fctezeit","description":"Sistemi di apertura cancelli intelligenti e solari","potentialAction":[{"@type":"SearchAction","target":{"@type":"EntryPoint","urlTemplate":"https:\/\/www.blutezeit.com\/pt\/?s={search_term_string}"},"query-input":{"@type":"PropertyValueSpecification","valueRequired":true,"valueName":"search_term_string"}}],"inLanguage":"it-IT"}]}},"_links":{"self":[{"href":"https:\/\/www.blutezeit.com\/it\/wp-json\/wp\/v2\/product\/564","targetHints":{"allow":["GET"]}}],"collection":[{"href":"https:\/\/www.blutezeit.com\/it\/wp-json\/wp\/v2\/product"}],"about":[{"href":"https:\/\/www.blutezeit.com\/it\/wp-json\/wp\/v2\/types\/product"}],"replies":[{"embeddable":true,"href":"https:\/\/www.blutezeit.com\/it\/wp-json\/wp\/v2\/comments?post=564"}],"wp:featuredmedia":[{"embeddable":true,"href":"https:\/\/www.blutezeit.com\/it\/wp-json\/wp\/v2\/media\/1579"}],"wp:attachment":[{"href":"https:\/\/www.blutezeit.com\/it\/wp-json\/wp\/v2\/media?parent=564"}],"wp:term":[{"taxonomy":"product_brand","embeddable":true,"href":"https:\/\/www.blutezeit.com\/it\/wp-json\/wp\/v2\/product_brand?post=564"},{"taxonomy":"product_cat","embeddable":true,"href":"https:\/\/www.blutezeit.com\/it\/wp-json\/wp\/v2\/product_cat?post=564"},{"taxonomy":"product_tag","embeddable":true,"href":"https:\/\/www.blutezeit.com\/it\/wp-json\/wp\/v2\/product_tag?post=564"}],"curies":[{"name":"parola chiave","href":"https:\/\/api.w.org\/{rel}","templated":true}]}}