{"id":368,"date":"2025-07-14T11:49:03","date_gmt":"2025-07-14T11:49:03","guid":{"rendered":"https:\/\/www.blutezeit.com\/?post_type=product&#038;p=368"},"modified":"2026-03-18T08:45:42","modified_gmt":"2026-03-18T08:45:42","slug":"mrc10a-wireless-wall-remote-433mhz-duplicator","status":"publish","type":"product","link":"https:\/\/www.blutezeit.com\/it\/prodotto\/mrc10a-wireless-wall-remote-433mhz-duplicator\/","title":{"rendered":"Telecomando a parete senza fili A"},"content":{"rendered":"<div class=\"celwidget aplus-module premium-module-2-fullbackground-image aplus-premium\" data-csa-c-id=\"tg2rqa-l4v5xt-nsh8tj-h3xsjd\" data-cel-widget=\"aplus-premium-module-2-fullbackground-image\">\n<div class=\"a-section a-spacing-none premium-aplus premium-aplus-module-2\">\n<h2 class=\"a-text-center aplus-container-3 aplus-h1 a-text-bold\">Telecomando da parete per apricancello Bl\u00fctezeit<\/h2>\n<div class=\"a-section a-spacing-none premium-background-wrapper\">\n<div class=\"a-section a-spacing-none background-image\"><img decoding=\"async\" class=\"\" src=\"https:\/\/m.media-amazon.com\/images\/S\/aplus-media-library-service-media\/114b4f03-84f0-4090-904f-c64f7317a0f9.__CR0,0,1464,600_PT0_SX1464_V1___.jpg\" alt=\"Wireless Push Button Wall Switch for Automatic Sliding Gate Opener\" data-src=\"https:\/\/m.media-amazon.com\/images\/S\/aplus-media-library-service-media\/114b4f03-84f0-4090-904f-c64f7317a0f9.__CR0,0,1464,600_PT0_SX1464_V1___.jpg\" \/><\/div>\n<\/div>\n<div class=\"a-section a-text-center\">\n<p class=\"aplus-description aplus-container-3 aplus-p1\"><span class=\"a-text-bold\">Alimentato a batteria<\/span>\u00a0\u2013 Utilizzare solo una batteria da 21 V 23 A senza alcun collegamento via cavo.\u00a0<span class=\"a-text-bold\">Installazione semplice<\/span>\u00a0\u2013 Montabile a parete con viti o direttamente con nastro biadesivo in schiuma 3M.\u00a0<span class=\"a-text-bold\">Duplicatore remoto<\/span>\u00a0\u2013 Copia solo i codici da altri telecomandi, NON supporta l&#039;apprendimento dei codici dagli apricancelli.<\/p>\n<\/div>\n<\/div>\n<\/div>\n<div class=\"celwidget aplus-module premium-module-2-fullbackground-image aplus-premium\" data-csa-c-id=\"o2rlvm-ro8c8f-kp5e9-7op6vf\" data-cel-widget=\"aplus-premium-module-2-fullbackground-image\">\n<div class=\"a-section a-spacing-none premium-aplus premium-aplus-module-2\">\n<h2 class=\"a-text-center aplus-container-3 aplus-h1 a-text-bold\">Posizionabile ovunque per un facile controllo<\/h2>\n<div class=\"a-section a-spacing-none premium-background-wrapper\">\n<div class=\"a-section a-spacing-none background-image\"><img decoding=\"async\" class=\"\" src=\"https:\/\/m.media-amazon.com\/images\/S\/aplus-media-library-service-media\/07042616-432f-4106-ac51-ea0600299ba0.__CR0,0,2928,1200_PT0_SX1464_V1___.jpg\" alt=\"wall mount remote control for sliding gate entrance\" data-src=\"https:\/\/m.media-amazon.com\/images\/S\/aplus-media-library-service-media\/07042616-432f-4106-ac51-ea0600299ba0.__CR0,0,2928,1200_PT0_SX1464_V1___.jpg\" \/><\/div>\n<\/div>\n<div class=\"a-section a-text-center\">\n<p class=\"aplus-description aplus-container-3 aplus-p1\"><span class=\"a-text-bold\">Ampia gamma<\/span>\u00a0\u2013 Il raggio d&#039;azione del telecomando da parete pu\u00f2 raggiungere i 20 m (max. 30 m in assenza di blocchi).\u00a0<span class=\"a-text-bold\">Posizionato ovunque<\/span>\u00a0\u2013 Puoi installarlo dove ti \u00e8 pi\u00f9 comodo controllare la porta, ad esempio vicino alla finestra della stanza, al cancello della tua propriet\u00e0 o vicino alla porta del soggiorno.<\/p>\n<\/div>\n<\/div>\n<\/div>\n<div class=\"celwidget aplus-module premium-module-2-fullbackground-image aplus-premium\" data-csa-c-id=\"3o7qy3-s89p23-v9319t-uozkl2\" data-cel-widget=\"aplus-premium-module-2-fullbackground-image\">\n<div class=\"a-section a-spacing-none premium-aplus premium-aplus-module-2\">\n<h2 class=\"a-text-center aplus-container-3 aplus-h1 a-text-bold\">Controllo a 3 tasti in un unico pad<\/h2>\n<div class=\"a-section a-spacing-none premium-background-wrapper\">\n<div class=\"a-section a-spacing-none background-image\"><img decoding=\"async\" class=\"\" src=\"https:\/\/m.media-amazon.com\/images\/S\/aplus-media-library-service-media\/f923e9d5-fde9-4883-ba5f-67ce0afe20da.__CR0,0,1464,600_PT0_SX1464_V1___.jpg\" alt=\"Wireless Push Button Wall Switch for Automatic Sliding Gate Opener\" data-src=\"https:\/\/m.media-amazon.com\/images\/S\/aplus-media-library-service-media\/f923e9d5-fde9-4883-ba5f-67ce0afe20da.__CR0,0,1464,600_PT0_SX1464_V1___.jpg\" \/><\/div>\n<\/div>\n<div class=\"a-section a-text-center\">\n<p class=\"aplus-description aplus-container-3 aplus-p1\">Basta premere il pulsante per controllare l&#039;apriporta e aprire, chiudere e fermare il cancello; \u00e8 possibile abbinare le 3 chiavi al telecomando originale in base alle proprie esigenze effettive e alla direzione di apertura del cancello.<\/p>\n<\/div>\n<\/div>\n<\/div>\n<div class=\"celwidget aplus-module premium-module-2-fullbackground-image aplus-premium\" data-csa-c-id=\"umgj6o-nq2dzp-suo093-d9kwfv\" data-cel-widget=\"aplus-premium-module-2-fullbackground-image\">\n<div class=\"a-section a-spacing-none premium-aplus premium-aplus-module-2\">\n<div class=\"a-section a-spacing-none premium-background-wrapper\">\n<div class=\"a-section a-spacing-none background-image\"><img decoding=\"async\" class=\"\" src=\"https:\/\/m.media-amazon.com\/images\/S\/aplus-media-library-service-media\/ef3b3d16-d672-41ad-946c-84af658884fe.__CR0,0,1464,600_PT0_SX1464_V1___.jpg\" alt=\"Wireless Push Button Wall Switch for Automatic Sliding Gate Opener\" data-src=\"https:\/\/m.media-amazon.com\/images\/S\/aplus-media-library-service-media\/ef3b3d16-d672-41ad-946c-84af658884fe.__CR0,0,1464,600_PT0_SX1464_V1___.jpg\" \/><\/div>\n<\/div>\n<div class=\"a-section a-text-center\">\n<p class=\"aplus-description aplus-container-3 aplus-p1\"><u style=\"font-size: 25px;\">Metodo di installazione<\/u><\/p>\n<\/div>\n<\/div>\n<\/div>\n<div class=\"celwidget aplus-module premium-module-15-text aplus-premium\" data-csa-c-id=\"ivqlg8-mw50ms-jfpra6-bydm68\" data-cel-widget=\"aplus-premium-module-15-text\">\n<div class=\"a-section a-spacing-none premium-aplus premium-aplus-module-15\">\n<div class=\"a-section a-spacing-none\">\n<ul class=\"a-unordered-list a-vertical\">\n<li><span class=\"a-list-item\">Metodo 1 \u2013 Aprire il guscio e montare l\u2019interruttore con le viti, premere il guscio anteriore su quello posteriore.<\/span><\/li>\n<li><span class=\"a-list-item\">Metodo 2 \u2013 Attaccare il nastro biadesivo in schiuma 3M sul retro del guscio e fissarlo alla parete.<\/span><\/li>\n<li><span class=\"a-list-item\"><span class=\"a-text-bold\">Nucleo potente \u2013\u00a0<\/span>Potente chip integrato per la trasmissione di segnali wireless; alimentato a batteria senza alcun collegamento via cavo.<\/span><\/li>\n<li><span class=\"a-list-item\"><span class=\"a-text-bold\">Controllo simultaneo\u00a0<\/span>\u2013 Questo telecomando da parete pu\u00f2 essere abbinato ai telecomandi Bl\u00fctezeit ME-GO e controllare contemporaneamente l&#039;apricancello con il telecomando originale.<\/span><\/li>\n<li><span class=\"a-list-item\"><span class=\"a-text-bold\">Avviso importante<\/span>\u00a0\u2013 Si consiglia di utilizzarlo ESCLUSIVAMENTE sugli apricancello Bl\u00fctezeit ME-GO.<\/span><\/li>\n<\/ul>\n<\/div>\n<\/div>\n<\/div>","protected":false},"excerpt":{"rendered":"<p>Interruttore duplicatore wireless da parete a 433 MHz: apri\/stop\/chiudi<\/p>","protected":false},"featured_media":1302,"comment_status":"open","ping_status":"closed","template":"","meta":[],"product_brand":[33],"product_cat":[22,24],"product_tag":[],"class_list":{"0":"post-368","1":"product","2":"type-product","3":"status-publish","4":"has-post-thumbnail","6":"product_brand-blutezeit","7":"product_cat-accessories","8":"product_cat-remote-access-control","10":"first","11":"instock","12":"shipping-taxable","13":"purchasable","14":"product-type-variable"},"yoast_head":"<!-- This site is optimized with the Yoast SEO plugin v26.4 - https:\/\/yoast.com\/wordpress\/plugins\/seo\/ -->\n<title>Wireless Wall Remote A - Bl\u00fctezeit<\/title>\n<meta name=\"robots\" content=\"index, follow, max-snippet:-1, max-image-preview:large, max-video-preview:-1\" \/>\n<link rel=\"canonical\" href=\"https:\/\/www.blutezeit.com\/it\/prodotto\/mrc10a-wireless-wall-remote-433mhz-duplicator\/\" \/>\n<meta property=\"og:locale\" content=\"it_IT\" \/>\n<meta property=\"og:type\" content=\"article\" \/>\n<meta property=\"og:title\" content=\"Wireless Wall Remote A - Bl\u00fctezeit\" \/>\n<meta property=\"og:description\" content=\"433MHz wireless wall-mount duplicator switch: open\/stop\/close\" \/>\n<meta property=\"og:url\" content=\"https:\/\/www.blutezeit.com\/it\/prodotto\/mrc10a-wireless-wall-remote-433mhz-duplicator\/\" \/>\n<meta property=\"og:site_name\" content=\"Bl\u00fctezeit\" \/>\n<meta property=\"article:modified_time\" content=\"2026-03-18T08:45:42+00:00\" \/>\n<meta property=\"og:image\" content=\"http:\/\/www.blutezeit.com\/wp-content\/uploads\/2025\/12\/Wall-Mounted-Remote-Control-A-1-scaled-1.jpg\" \/>\n\t<meta property=\"og:image:width\" content=\"2560\" \/>\n\t<meta property=\"og:image:height\" content=\"2560\" \/>\n\t<meta property=\"og:image:type\" content=\"image\/jpeg\" \/>\n<meta name=\"twitter:card\" content=\"summary_large_image\" \/>\n<meta name=\"twitter:label1\" content=\"Tempo di lettura stimato\" \/>\n\t<meta name=\"twitter:data1\" content=\"3 minuti\" \/>\n<script type=\"application\/ld+json\" class=\"yoast-schema-graph\">{\"@context\":\"https:\/\/schema.org\",\"@graph\":[{\"@type\":\"WebPage\",\"@id\":\"https:\/\/www.blutezeit.com\/product\/mrc10a-wireless-wall-remote-433mhz-duplicator\/\",\"url\":\"https:\/\/www.blutezeit.com\/product\/mrc10a-wireless-wall-remote-433mhz-duplicator\/\",\"name\":\"Wireless Wall Remote A - Bl\u00fctezeit\",\"isPartOf\":{\"@id\":\"https:\/\/www.blutezeit.com\/pt\/#website\"},\"primaryImageOfPage\":{\"@id\":\"https:\/\/www.blutezeit.com\/product\/mrc10a-wireless-wall-remote-433mhz-duplicator\/#primaryimage\"},\"image\":{\"@id\":\"https:\/\/www.blutezeit.com\/product\/mrc10a-wireless-wall-remote-433mhz-duplicator\/#primaryimage\"},\"thumbnailUrl\":\"https:\/\/www.blutezeit.com\/wp-content\/uploads\/2025\/12\/Wall-Mounted-Remote-Control-A-1-scaled-1.jpg\",\"datePublished\":\"2025-07-14T11:49:03+00:00\",\"dateModified\":\"2026-03-18T08:45:42+00:00\",\"breadcrumb\":{\"@id\":\"https:\/\/www.blutezeit.com\/product\/mrc10a-wireless-wall-remote-433mhz-duplicator\/#breadcrumb\"},\"inLanguage\":\"it-IT\",\"potentialAction\":[{\"@type\":\"ReadAction\",\"target\":[\"https:\/\/www.blutezeit.com\/product\/mrc10a-wireless-wall-remote-433mhz-duplicator\/\"]}]},{\"@type\":\"ImageObject\",\"inLanguage\":\"it-IT\",\"@id\":\"https:\/\/www.blutezeit.com\/product\/mrc10a-wireless-wall-remote-433mhz-duplicator\/#primaryimage\",\"url\":\"https:\/\/www.blutezeit.com\/wp-content\/uploads\/2025\/12\/Wall-Mounted-Remote-Control-A-1-scaled-1.jpg\",\"contentUrl\":\"https:\/\/www.blutezeit.com\/wp-content\/uploads\/2025\/12\/Wall-Mounted-Remote-Control-A-1-scaled-1.jpg\",\"width\":2560,\"height\":2560},{\"@type\":\"BreadcrumbList\",\"@id\":\"https:\/\/www.blutezeit.com\/product\/mrc10a-wireless-wall-remote-433mhz-duplicator\/#breadcrumb\",\"itemListElement\":[{\"@type\":\"ListItem\",\"position\":1,\"name\":\"\u9996\u9875\",\"item\":\"https:\/\/www.blutezeit.com\/pt\/\"},{\"@type\":\"ListItem\",\"position\":2,\"name\":\"Product\",\"item\":\"https:\/\/www.blutezeit.com\/pt\/shop\/\"},{\"@type\":\"ListItem\",\"position\":3,\"name\":\"Wireless Wall Remote A\"}]},{\"@type\":\"WebSite\",\"@id\":\"https:\/\/www.blutezeit.com\/pt\/#website\",\"url\":\"https:\/\/www.blutezeit.com\/pt\/\",\"name\":\"Bl\u00fctezeit\",\"description\":\"Smart &amp; Solar Gate Opener Systems\",\"potentialAction\":[{\"@type\":\"SearchAction\",\"target\":{\"@type\":\"EntryPoint\",\"urlTemplate\":\"https:\/\/www.blutezeit.com\/pt\/?s={search_term_string}\"},\"query-input\":{\"@type\":\"PropertyValueSpecification\",\"valueRequired\":true,\"valueName\":\"search_term_string\"}}],\"inLanguage\":\"it-IT\"}]}<\/script>\n<!-- \/ Yoast SEO plugin. -->","yoast_head_json":{"title":"Wireless Wall Remote A - Bl\u00fctezeit","robots":{"index":"index","follow":"follow","max-snippet":"max-snippet:-1","max-image-preview":"max-image-preview:large","max-video-preview":"max-video-preview:-1"},"canonical":"https:\/\/www.blutezeit.com\/it\/prodotto\/mrc10a-wireless-wall-remote-433mhz-duplicator\/","og_locale":"it_IT","og_type":"article","og_title":"Wireless Wall Remote A - Bl\u00fctezeit","og_description":"433MHz wireless wall-mount duplicator switch: open\/stop\/close","og_url":"https:\/\/www.blutezeit.com\/it\/prodotto\/mrc10a-wireless-wall-remote-433mhz-duplicator\/","og_site_name":"Bl\u00fctezeit","article_modified_time":"2026-03-18T08:45:42+00:00","og_image":[{"width":2560,"height":2560,"url":"http:\/\/www.blutezeit.com\/wp-content\/uploads\/2025\/12\/Wall-Mounted-Remote-Control-A-1-scaled-1.jpg","type":"image\/jpeg"}],"twitter_card":"summary_large_image","twitter_misc":{"Tempo di lettura stimato":"3 minuti"},"schema":{"@context":"https:\/\/schema.org","@graph":[{"@type":"WebPage","@id":"https:\/\/www.blutezeit.com\/product\/mrc10a-wireless-wall-remote-433mhz-duplicator\/","url":"https:\/\/www.blutezeit.com\/product\/mrc10a-wireless-wall-remote-433mhz-duplicator\/","name":"Wireless Wall Remote A - Bl\u00fctezeit","isPartOf":{"@id":"https:\/\/www.blutezeit.com\/pt\/#website"},"primaryImageOfPage":{"@id":"https:\/\/www.blutezeit.com\/product\/mrc10a-wireless-wall-remote-433mhz-duplicator\/#primaryimage"},"image":{"@id":"https:\/\/www.blutezeit.com\/product\/mrc10a-wireless-wall-remote-433mhz-duplicator\/#primaryimage"},"thumbnailUrl":"https:\/\/www.blutezeit.com\/wp-content\/uploads\/2025\/12\/Wall-Mounted-Remote-Control-A-1-scaled-1.jpg","datePublished":"2025-07-14T11:49:03+00:00","dateModified":"2026-03-18T08:45:42+00:00","breadcrumb":{"@id":"https:\/\/www.blutezeit.com\/product\/mrc10a-wireless-wall-remote-433mhz-duplicator\/#breadcrumb"},"inLanguage":"it-IT","potentialAction":[{"@type":"ReadAction","target":["https:\/\/www.blutezeit.com\/product\/mrc10a-wireless-wall-remote-433mhz-duplicator\/"]}]},{"@type":"ImageObject","inLanguage":"it-IT","@id":"https:\/\/www.blutezeit.com\/product\/mrc10a-wireless-wall-remote-433mhz-duplicator\/#primaryimage","url":"https:\/\/www.blutezeit.com\/wp-content\/uploads\/2025\/12\/Wall-Mounted-Remote-Control-A-1-scaled-1.jpg","contentUrl":"https:\/\/www.blutezeit.com\/wp-content\/uploads\/2025\/12\/Wall-Mounted-Remote-Control-A-1-scaled-1.jpg","width":2560,"height":2560},{"@type":"BreadcrumbList","@id":"https:\/\/www.blutezeit.com\/product\/mrc10a-wireless-wall-remote-433mhz-duplicator\/#breadcrumb","itemListElement":[{"@type":"ListItem","position":1,"name":"\u9996\u9875","item":"https:\/\/www.blutezeit.com\/pt\/"},{"@type":"ListItem","position":2,"name":"Product","item":"https:\/\/www.blutezeit.com\/pt\/shop\/"},{"@type":"ListItem","position":3,"name":"Wireless Wall Remote A"}]},{"@type":"WebSite","@id":"https:\/\/www.blutezeit.com\/pt\/#website","url":"https:\/\/www.blutezeit.com\/pt\/","name":"Bl\u00fctezeit","description":"Sistemi di apertura cancelli intelligenti e solari","potentialAction":[{"@type":"SearchAction","target":{"@type":"EntryPoint","urlTemplate":"https:\/\/www.blutezeit.com\/pt\/?s={search_term_string}"},"query-input":{"@type":"PropertyValueSpecification","valueRequired":true,"valueName":"search_term_string"}}],"inLanguage":"it-IT"}]}},"_links":{"self":[{"href":"https:\/\/www.blutezeit.com\/it\/wp-json\/wp\/v2\/product\/368","targetHints":{"allow":["GET"]}}],"collection":[{"href":"https:\/\/www.blutezeit.com\/it\/wp-json\/wp\/v2\/product"}],"about":[{"href":"https:\/\/www.blutezeit.com\/it\/wp-json\/wp\/v2\/types\/product"}],"replies":[{"embeddable":true,"href":"https:\/\/www.blutezeit.com\/it\/wp-json\/wp\/v2\/comments?post=368"}],"wp:featuredmedia":[{"embeddable":true,"href":"https:\/\/www.blutezeit.com\/it\/wp-json\/wp\/v2\/media\/1302"}],"wp:attachment":[{"href":"https:\/\/www.blutezeit.com\/it\/wp-json\/wp\/v2\/media?parent=368"}],"wp:term":[{"taxonomy":"product_brand","embeddable":true,"href":"https:\/\/www.blutezeit.com\/it\/wp-json\/wp\/v2\/product_brand?post=368"},{"taxonomy":"product_cat","embeddable":true,"href":"https:\/\/www.blutezeit.com\/it\/wp-json\/wp\/v2\/product_cat?post=368"},{"taxonomy":"product_tag","embeddable":true,"href":"https:\/\/www.blutezeit.com\/it\/wp-json\/wp\/v2\/product_tag?post=368"}],"curies":[{"name":"parola chiave","href":"https:\/\/api.w.org\/{rel}","templated":true}]}}