{"id":351,"date":"2025-07-14T08:17:26","date_gmt":"2025-07-14T08:17:26","guid":{"rendered":"https:\/\/www.blutezeit.com\/?post_type=product&#038;p=351"},"modified":"2026-03-09T09:09:00","modified_gmt":"2026-03-09T09:09:00","slug":"mwk10-wireless-keypad-backlight-cover-433mhz","status":"publish","type":"product","link":"https:\/\/www.blutezeit.com\/it\/prodotto\/mwk10-wireless-keypad-backlight-cover-433mhz\/","title":{"rendered":"Tastiera wireless con retroilluminazione"},"content":{"rendered":"<div class=\"celwidget aplus-module premium-module-2-fullbackground-image aplus-premium\" data-csa-c-id=\"2u4xlf-jgk7fl-va7qm2-e3lhc8\" data-cel-widget=\"aplus-premium-module-2-fullbackground-image\">\n<div class=\"a-section a-spacing-none premium-aplus premium-aplus-module-2\">\n<h3 class=\"a-text-center aplus-container-3 aplus-h1 a-text-bold\"><strong>Tastiera digitale wireless per apricancelli scorrevoli Bl\u00fctezeit<\/strong><\/h3>\n<div class=\"a-section a-spacing-none premium-background-wrapper\">\n<div class=\"a-section a-spacing-none background-image\"><img decoding=\"async\" class=\"\" src=\"https:\/\/m.media-amazon.com\/images\/S\/aplus-media-library-service-media\/1e18a9c4-ff83-4054-9934-78ce8beb2158.__CR0,0,2928,1200_PT0_SX1464_V1___.jpg\" alt=\"keypad wireless for access system automatic sliding gate opener digit code control security\" data-src=\"https:\/\/m.media-amazon.com\/images\/S\/aplus-media-library-service-media\/1e18a9c4-ff83-4054-9934-78ce8beb2158.__CR0,0,2928,1200_PT0_SX1464_V1___.jpg\" \/><\/div>\n<\/div>\n<div class=\"a-section a-text-center\">\n<h5 class=\"aplus-description aplus-container-3 aplus-p1\"><span class=\"a-text-bold\">Progettazione senza fili<\/span>\u00a0\u2013 Utilizzare solo 3 batterie AAA senza alcun collegamento via cavo.\u00a0<span class=\"a-text-bold\">Installazione rapida<\/span>\u00a0\u2013 Montabile a parete con viti o direttamente con nastro biadesivo 3M.\u00a0<span class=\"a-text-bold\">Duplicatore remoto<\/span>\u00a0\u2013 Codici duplicati da altri telecomandi a 433 MHz, NON supporta l&#039;apprendimento dei codici dagli apricancelli.<\/h5>\n<\/div>\n<\/div>\n<\/div>\n<div class=\"celwidget aplus-module premium-module-2-fullbackground-image aplus-premium\" data-csa-c-id=\"537u5d-b7s9v4-sqy7ju-fwjh1u\" data-cel-widget=\"aplus-premium-module-2-fullbackground-image\">\n<div class=\"a-section a-spacing-none premium-aplus premium-aplus-module-2\">\n<h3 class=\"a-text-center aplus-container-3 aplus-h1 a-text-bold\"><strong>Installato all&#039;accesso al cancello per la sicurezza<\/strong><\/h3>\n<div class=\"a-section a-spacing-none premium-background-wrapper\">\n<div class=\"a-section a-spacing-none background-image\"><img decoding=\"async\" class=\"\" src=\"https:\/\/m.media-amazon.com\/images\/S\/aplus-media-library-service-media\/7f48f605-98bb-44ba-9656-58724f68412d.__CR0,0,2928,1200_PT0_SX1464_V1___.jpg\" alt=\"keypad for gate access system safety security property wall mount dulplicator remote control\" data-src=\"https:\/\/m.media-amazon.com\/images\/S\/aplus-media-library-service-media\/7f48f605-98bb-44ba-9656-58724f68412d.__CR0,0,2928,1200_PT0_SX1464_V1___.jpg\" \/><\/div>\n<\/div>\n<div class=\"a-section a-text-center\">\n<h5 class=\"aplus-description aplus-container-3 aplus-p1\"><span class=\"a-text-bold\">Ampia gamma<\/span>\u00a0\u2013 Il raggio d&#039;azione del telecomando da parete pu\u00f2 raggiungere i 30 m\/100 piedi in spazi aperti.\u00a0<span class=\"a-text-bold\">Sicurezza aggiuntiva<\/span>\u00a0\u2013 Puoi installare questa tastiera wireless all&#039;ingresso, all&#039;uscita o su entrambi i lati dei cancelli per garantire visite autorizzate. Nessun problema se dimentichi di portare telecomandi o chiavi.<\/h5>\n<\/div>\n<\/div>\n<\/div>\n<div class=\"celwidget aplus-module premium-module-2-fullbackground-image aplus-premium\" data-csa-c-id=\"f9npp1-a2encb-us87b8-sv3nt1\" data-cel-widget=\"aplus-premium-module-2-fullbackground-image\">\n<div class=\"a-section a-spacing-none premium-aplus premium-aplus-module-2\">\n<h3 class=\"a-text-center aplus-container-3 aplus-h1 a-text-bold\"><strong>Tastiera pi\u00f9 controlli a 3 tasti in un unico tastierino<\/strong><\/h3>\n<div class=\"a-section a-spacing-none premium-background-wrapper\">\n<p><img decoding=\"async\" class=\"\" src=\"https:\/\/m.media-amazon.com\/images\/S\/aplus-media-library-service-media\/56a41b68-0de5-4d3e-907d-48ea6adbe1ac.__CR0,0,2928,1200_PT0_SX1464_V1___.jpg\" alt=\"wireless digital keypad control for gate opening and close, entrance exit access system\" data-src=\"https:\/\/m.media-amazon.com\/images\/S\/aplus-media-library-service-media\/56a41b68-0de5-4d3e-907d-48ea6adbe1ac.__CR0,0,2928,1200_PT0_SX1464_V1___.jpg\" \/><\/p>\n<\/div>\n<div class=\"a-section a-text-center\">\n<h5 class=\"aplus-description aplus-container-3 aplus-p1\"><span class=\"a-text-bold\">Facile ma sicuro<\/span>\u00a0\u2013 Inserendo il codice per controllare facilmente il tuo cancello, puoi abbinare i tasti di controllo ai telecomandi originali Bl\u00fctezeit in base alle tue esigenze.\u00a0<span class=\"a-text-bold\">Modalit\u00e0 ESC automatica<\/span>\u00a0\u2013 Premere ESC per uscire dal programma, altrimenti il dispositivo uscir\u00e0 automaticamente per garantire la sicurezza dopo 10 secondi se non vengono eseguite altre operazioni.<\/h5>\n<\/div>\n<\/div>\n<\/div>\n<div class=\"celwidget aplus-module premium-module-2-fullbackground-image aplus-premium\" data-csa-c-id=\"o91n6s-bdy9jn-1a39xm-qypi8r\" data-cel-widget=\"aplus-premium-module-2-fullbackground-image\">\n<div class=\"a-section a-spacing-none premium-aplus premium-aplus-module-2\">\n<h3 class=\"a-text-center aplus-container-3 aplus-h1 a-text-bold\"><strong>Design unico impermeabile + retroilluminato<\/strong><\/h3>\n<div class=\"a-section a-spacing-none premium-background-wrapper\">\n<div class=\"a-section a-spacing-none background-image\"><img decoding=\"async\" class=\"\" src=\"https:\/\/m.media-amazon.com\/images\/S\/aplus-media-library-service-media\/5e3b3b00-b2fe-4f18-aa64-318817e0e12a.__CR0,0,2928,1200_PT0_SX1464_V1___.jpg\" alt=\"waterproof wireless keypad universal for automatic sliding gate opener access system\" data-src=\"https:\/\/m.media-amazon.com\/images\/S\/aplus-media-library-service-media\/5e3b3b00-b2fe-4f18-aa64-318817e0e12a.__CR0,0,2928,1200_PT0_SX1464_V1___.jpg\" \/><\/div>\n<\/div>\n<div class=\"a-section a-text-center\">\n<h5 class=\"aplus-description aplus-container-3 aplus-p1\"><span class=\"a-text-bold\">Impermeabile IPX6<\/span>\u00a0\u2013 Questa tastiera \u00e8 sigillata con silicone di alta qualit\u00e0, resistente all&#039;acqua e alla polvere, la scocca trasparente le conferisce un design pi\u00f9 accattivante e una doppia protezione.\u00a0<span class=\"a-text-bold\">Retroilluminazione a LED<\/span>\u00a0\u2013 La retroilluminazione blu integrata consente un&#039;elevata visibilit\u00e0 di notte o in zone buie, rendendolo ancora pi\u00f9 esclusivo.<\/h5>\n<\/div>\n<\/div>\n<\/div>\n<div class=\"celwidget aplus-module premium-module-15-text aplus-premium\" data-csa-c-id=\"kycn1f-s2lppe-lcolz0-ukkplb\" data-cel-widget=\"aplus-premium-module-15-text\">\n<div class=\"a-section a-spacing-none premium-aplus premium-aplus-module-15\">\n<div class=\"a-section a-spacing-none\">\n<h5><strong><span class=\"a-list-item\"><u><span class=\"a-text-bold\">Altre caratteristiche:<\/span><\/u><\/span><\/strong><\/h5>\n<ul>\n<li><span class=\"a-list-item\">Nucleo potente: chip potente integrato per trasmettere segnali wireless; alimentato da 3 batterie AAA.<\/span><\/li>\n<li><span class=\"a-list-item\">Controllo simultaneo: questa tastiera pu\u00f2 essere abbinata ai telecomandi Bl\u00fctezeit ME-GO; pu\u00f2 essere utilizzata contemporaneamente con i telecomandi originali.<\/span><\/li>\n<li><span class=\"a-list-item\">Avviso importante: consigliato per l&#039;uso ESCLUSIVAMENTE sugli apricancelli scorrevoli Bl\u00fctezeit ME-GO. Sostituire le batterie interne in caso di esaurimento.<\/span><\/li>\n<\/ul>\n<h5><strong><span class=\"a-list-item\"><span class=\"a-text-bold\"><u>Lista imballaggio:<\/u><\/span><\/span><\/strong><\/h5>\n<ul>\n<li><span class=\"a-list-item\">1 x tastiera (3 batterie AAA incluse);<\/span><\/li>\n<li><span class=\"a-list-item\">2 viti e bulloni<\/span><\/li>\n<li><span class=\"a-list-item\">1 x nastro biadesivo ad alta resistenza<\/span><\/li>\n<\/ul>\n<\/div>\n<\/div>\n<\/div>","protected":false},"excerpt":{"rendered":"<p>Tastiera numerica wireless da 433 MHz con retroilluminazione e copertura impermeabile<\/p>","protected":false},"featured_media":1297,"comment_status":"open","ping_status":"closed","template":"","meta":[],"product_brand":[33],"product_cat":[22,24],"product_tag":[],"class_list":{"0":"post-351","1":"product","2":"type-product","3":"status-publish","4":"has-post-thumbnail","6":"product_brand-blutezeit","7":"product_cat-accessories","8":"product_cat-remote-access-control","10":"first","11":"instock","12":"shipping-taxable","13":"purchasable","14":"product-type-simple"},"yoast_head":"<!-- This site is optimized with the Yoast SEO plugin v26.4 - https:\/\/yoast.com\/wordpress\/plugins\/seo\/ -->\n<title>Wireless Keypad w\/ Backlight - Bl\u00fctezeit<\/title>\n<meta name=\"robots\" content=\"index, follow, max-snippet:-1, max-image-preview:large, max-video-preview:-1\" \/>\n<link rel=\"canonical\" href=\"https:\/\/www.blutezeit.com\/it\/prodotto\/mwk10-wireless-keypad-backlight-cover-433mhz\/\" \/>\n<meta property=\"og:locale\" content=\"it_IT\" \/>\n<meta property=\"og:type\" content=\"article\" \/>\n<meta property=\"og:title\" content=\"Wireless Keypad w\/ Backlight - Bl\u00fctezeit\" \/>\n<meta property=\"og:description\" content=\"433MHz wireless numeric keypad with backlight and waterproof cover\" \/>\n<meta property=\"og:url\" content=\"https:\/\/www.blutezeit.com\/it\/prodotto\/mwk10-wireless-keypad-backlight-cover-433mhz\/\" \/>\n<meta property=\"og:site_name\" content=\"Bl\u00fctezeit\" \/>\n<meta property=\"article:modified_time\" content=\"2026-03-09T09:09:00+00:00\" \/>\n<meta property=\"og:image\" content=\"http:\/\/www.blutezeit.com\/wp-content\/uploads\/2025\/12\/Wireless-Keypad-1pc-1-1.jpg\" \/>\n\t<meta property=\"og:image:width\" content=\"1600\" \/>\n\t<meta property=\"og:image:height\" content=\"1600\" \/>\n\t<meta property=\"og:image:type\" content=\"image\/jpeg\" \/>\n<meta name=\"twitter:card\" content=\"summary_large_image\" \/>\n<meta name=\"twitter:label1\" content=\"Tempo di lettura stimato\" \/>\n\t<meta name=\"twitter:data1\" content=\"3 minuti\" \/>\n<script type=\"application\/ld+json\" class=\"yoast-schema-graph\">{\"@context\":\"https:\/\/schema.org\",\"@graph\":[{\"@type\":\"WebPage\",\"@id\":\"https:\/\/www.blutezeit.com\/product\/mwk10-wireless-keypad-backlight-cover-433mhz\/\",\"url\":\"https:\/\/www.blutezeit.com\/product\/mwk10-wireless-keypad-backlight-cover-433mhz\/\",\"name\":\"Wireless Keypad w\/ Backlight - Bl\u00fctezeit\",\"isPartOf\":{\"@id\":\"https:\/\/www.blutezeit.com\/pt\/#website\"},\"primaryImageOfPage\":{\"@id\":\"https:\/\/www.blutezeit.com\/product\/mwk10-wireless-keypad-backlight-cover-433mhz\/#primaryimage\"},\"image\":{\"@id\":\"https:\/\/www.blutezeit.com\/product\/mwk10-wireless-keypad-backlight-cover-433mhz\/#primaryimage\"},\"thumbnailUrl\":\"https:\/\/www.blutezeit.com\/wp-content\/uploads\/2025\/12\/Wireless-Keypad-1pc-1-1.jpg\",\"datePublished\":\"2025-07-14T08:17:26+00:00\",\"dateModified\":\"2026-03-09T09:09:00+00:00\",\"breadcrumb\":{\"@id\":\"https:\/\/www.blutezeit.com\/product\/mwk10-wireless-keypad-backlight-cover-433mhz\/#breadcrumb\"},\"inLanguage\":\"it-IT\",\"potentialAction\":[{\"@type\":\"ReadAction\",\"target\":[\"https:\/\/www.blutezeit.com\/product\/mwk10-wireless-keypad-backlight-cover-433mhz\/\"]}]},{\"@type\":\"ImageObject\",\"inLanguage\":\"it-IT\",\"@id\":\"https:\/\/www.blutezeit.com\/product\/mwk10-wireless-keypad-backlight-cover-433mhz\/#primaryimage\",\"url\":\"https:\/\/www.blutezeit.com\/wp-content\/uploads\/2025\/12\/Wireless-Keypad-1pc-1-1.jpg\",\"contentUrl\":\"https:\/\/www.blutezeit.com\/wp-content\/uploads\/2025\/12\/Wireless-Keypad-1pc-1-1.jpg\",\"width\":1600,\"height\":1600},{\"@type\":\"BreadcrumbList\",\"@id\":\"https:\/\/www.blutezeit.com\/product\/mwk10-wireless-keypad-backlight-cover-433mhz\/#breadcrumb\",\"itemListElement\":[{\"@type\":\"ListItem\",\"position\":1,\"name\":\"\u9996\u9875\",\"item\":\"https:\/\/www.blutezeit.com\/pt\/\"},{\"@type\":\"ListItem\",\"position\":2,\"name\":\"Product\",\"item\":\"https:\/\/www.blutezeit.com\/pt\/shop\/\"},{\"@type\":\"ListItem\",\"position\":3,\"name\":\"Wireless Keypad w\/ Backlight\"}]},{\"@type\":\"WebSite\",\"@id\":\"https:\/\/www.blutezeit.com\/pt\/#website\",\"url\":\"https:\/\/www.blutezeit.com\/pt\/\",\"name\":\"Bl\u00fctezeit\",\"description\":\"Smart &amp; Solar Gate Opener Systems\",\"potentialAction\":[{\"@type\":\"SearchAction\",\"target\":{\"@type\":\"EntryPoint\",\"urlTemplate\":\"https:\/\/www.blutezeit.com\/pt\/?s={search_term_string}\"},\"query-input\":{\"@type\":\"PropertyValueSpecification\",\"valueRequired\":true,\"valueName\":\"search_term_string\"}}],\"inLanguage\":\"it-IT\"}]}<\/script>\n<!-- \/ Yoast SEO plugin. -->","yoast_head_json":{"title":"Wireless Keypad w\/ Backlight - Bl\u00fctezeit","robots":{"index":"index","follow":"follow","max-snippet":"max-snippet:-1","max-image-preview":"max-image-preview:large","max-video-preview":"max-video-preview:-1"},"canonical":"https:\/\/www.blutezeit.com\/it\/prodotto\/mwk10-wireless-keypad-backlight-cover-433mhz\/","og_locale":"it_IT","og_type":"article","og_title":"Wireless Keypad w\/ Backlight - Bl\u00fctezeit","og_description":"433MHz wireless numeric keypad with backlight and waterproof cover","og_url":"https:\/\/www.blutezeit.com\/it\/prodotto\/mwk10-wireless-keypad-backlight-cover-433mhz\/","og_site_name":"Bl\u00fctezeit","article_modified_time":"2026-03-09T09:09:00+00:00","og_image":[{"width":1600,"height":1600,"url":"http:\/\/www.blutezeit.com\/wp-content\/uploads\/2025\/12\/Wireless-Keypad-1pc-1-1.jpg","type":"image\/jpeg"}],"twitter_card":"summary_large_image","twitter_misc":{"Tempo di lettura stimato":"3 minuti"},"schema":{"@context":"https:\/\/schema.org","@graph":[{"@type":"WebPage","@id":"https:\/\/www.blutezeit.com\/product\/mwk10-wireless-keypad-backlight-cover-433mhz\/","url":"https:\/\/www.blutezeit.com\/product\/mwk10-wireless-keypad-backlight-cover-433mhz\/","name":"Wireless Keypad w\/ Backlight - Bl\u00fctezeit","isPartOf":{"@id":"https:\/\/www.blutezeit.com\/pt\/#website"},"primaryImageOfPage":{"@id":"https:\/\/www.blutezeit.com\/product\/mwk10-wireless-keypad-backlight-cover-433mhz\/#primaryimage"},"image":{"@id":"https:\/\/www.blutezeit.com\/product\/mwk10-wireless-keypad-backlight-cover-433mhz\/#primaryimage"},"thumbnailUrl":"https:\/\/www.blutezeit.com\/wp-content\/uploads\/2025\/12\/Wireless-Keypad-1pc-1-1.jpg","datePublished":"2025-07-14T08:17:26+00:00","dateModified":"2026-03-09T09:09:00+00:00","breadcrumb":{"@id":"https:\/\/www.blutezeit.com\/product\/mwk10-wireless-keypad-backlight-cover-433mhz\/#breadcrumb"},"inLanguage":"it-IT","potentialAction":[{"@type":"ReadAction","target":["https:\/\/www.blutezeit.com\/product\/mwk10-wireless-keypad-backlight-cover-433mhz\/"]}]},{"@type":"ImageObject","inLanguage":"it-IT","@id":"https:\/\/www.blutezeit.com\/product\/mwk10-wireless-keypad-backlight-cover-433mhz\/#primaryimage","url":"https:\/\/www.blutezeit.com\/wp-content\/uploads\/2025\/12\/Wireless-Keypad-1pc-1-1.jpg","contentUrl":"https:\/\/www.blutezeit.com\/wp-content\/uploads\/2025\/12\/Wireless-Keypad-1pc-1-1.jpg","width":1600,"height":1600},{"@type":"BreadcrumbList","@id":"https:\/\/www.blutezeit.com\/product\/mwk10-wireless-keypad-backlight-cover-433mhz\/#breadcrumb","itemListElement":[{"@type":"ListItem","position":1,"name":"\u9996\u9875","item":"https:\/\/www.blutezeit.com\/pt\/"},{"@type":"ListItem","position":2,"name":"Product","item":"https:\/\/www.blutezeit.com\/pt\/shop\/"},{"@type":"ListItem","position":3,"name":"Wireless Keypad w\/ Backlight"}]},{"@type":"WebSite","@id":"https:\/\/www.blutezeit.com\/pt\/#website","url":"https:\/\/www.blutezeit.com\/pt\/","name":"Bl\u00fctezeit","description":"Sistemi di apertura cancelli intelligenti e solari","potentialAction":[{"@type":"SearchAction","target":{"@type":"EntryPoint","urlTemplate":"https:\/\/www.blutezeit.com\/pt\/?s={search_term_string}"},"query-input":{"@type":"PropertyValueSpecification","valueRequired":true,"valueName":"search_term_string"}}],"inLanguage":"it-IT"}]}},"_links":{"self":[{"href":"https:\/\/www.blutezeit.com\/it\/wp-json\/wp\/v2\/product\/351","targetHints":{"allow":["GET"]}}],"collection":[{"href":"https:\/\/www.blutezeit.com\/it\/wp-json\/wp\/v2\/product"}],"about":[{"href":"https:\/\/www.blutezeit.com\/it\/wp-json\/wp\/v2\/types\/product"}],"replies":[{"embeddable":true,"href":"https:\/\/www.blutezeit.com\/it\/wp-json\/wp\/v2\/comments?post=351"}],"wp:featuredmedia":[{"embeddable":true,"href":"https:\/\/www.blutezeit.com\/it\/wp-json\/wp\/v2\/media\/1297"}],"wp:attachment":[{"href":"https:\/\/www.blutezeit.com\/it\/wp-json\/wp\/v2\/media?parent=351"}],"wp:term":[{"taxonomy":"product_brand","embeddable":true,"href":"https:\/\/www.blutezeit.com\/it\/wp-json\/wp\/v2\/product_brand?post=351"},{"taxonomy":"product_cat","embeddable":true,"href":"https:\/\/www.blutezeit.com\/it\/wp-json\/wp\/v2\/product_cat?post=351"},{"taxonomy":"product_tag","embeddable":true,"href":"https:\/\/www.blutezeit.com\/it\/wp-json\/wp\/v2\/product_tag?post=351"}],"curies":[{"name":"parola chiave","href":"https:\/\/api.w.org\/{rel}","templated":true}]}}