{"id":890,"date":"2025-09-18T17:14:46","date_gmt":"2025-09-18T17:14:46","guid":{"rendered":"https:\/\/www.blutezeit.com\/?post_type=product&#038;p=890"},"modified":"2026-04-11T17:37:17","modified_gmt":"2026-04-11T17:37:17","slug":"me-bg-2900-sliding-gate-opener-6300lb-220v","status":"publish","type":"product","link":"https:\/\/www.blutezeit.com\/fr\/produit\/me-bg-2900-sliding-gate-opener-6300lb-220v\/","title":{"rendered":"Ouvre-portail coulissant ME-BG-2900 (220 V, 6300 lb)"},"content":{"rendered":"<div class=\"celwidget aplus-module premium-module-2-fullbackground-image aplus-premium\" data-csa-c-id=\"ghlxnj-arrw3-sb4koo-hfbhkl\" data-cel-widget=\"aplus-premium-module-2-fullbackground-image\">\n<div class=\"a-section a-spacing-none premium-aplus premium-aplus-module-2\">\n<h2 class=\"a-text-center aplus-container-3 aplus-h1 a-text-bold\">Ouvre-portail coulissant Wi-Fi 220 V CA | Tr\u00e8s robuste (2,8\u00a0kg) (220 \u00e0 240 V)<\/h2>\n<div class=\"a-section a-spacing-none premium-background-wrapper\">\n<div class=\"a-section a-spacing-none background-image\"><img decoding=\"async\" class=\"\" src=\"https:\/\/m.media-amazon.com\/images\/S\/aplus-media-library-service-media\/92763937-6e14-4207-a091-502264f585f2.__CR0,0,1464,600_PT0_SX1464_V1___.jpg\" alt=\"sliding gate opener rack drive, gate motor, wifi control driveway gate operator automatic\" data-src=\"https:\/\/m.media-amazon.com\/images\/S\/aplus-media-library-service-media\/92763937-6e14-4207-a091-502264f585f2.__CR0,0,1464,600_PT0_SX1464_V1___.jpg\" \/><\/div>\n<\/div>\n<div class=\"a-section a-text-center\"><img decoding=\"async\" class=\"\" src=\"https:\/\/m.media-amazon.com\/images\/S\/aplus-media-library-service-media\/0fd337b5-0365-4687-8f3f-1e354e7f5685.__CR0,0,1464,600_PT0_SX1464_V1___.jpg\" alt=\"sliding gate opener rack drive wifi control driveway gate operator automatic motor smart\" data-src=\"https:\/\/m.media-amazon.com\/images\/S\/aplus-media-library-service-media\/0fd337b5-0365-4687-8f3f-1e354e7f5685.__CR0,0,1464,600_PT0_SX1464_V1___.jpg\" \/><\/div>\n<\/div>\n<\/div>\n<div class=\"celwidget aplus-module premium-module-2-fullbackground-image aplus-premium\" data-csa-c-id=\"3w0l76-73xrcf-6smx9e-fq3o1e\" data-cel-widget=\"aplus-premium-module-2-fullbackground-image\">\n<div class=\"a-section a-spacing-none premium-aplus premium-aplus-module-2\">\n<div class=\"a-section a-text-center\">\n<p class=\"aplus-description aplus-container-3 aplus-p1\">Alimentation\u00a0: CA 220\u00a0~\u00a0240\u00a0V (50\/60\u00a0Hz)\u00a0; Puissance du moteur\u00a0: 2,05\u00a0HP, 1\u00a0500\u00a0W\u00a0; Couple de sortie\u00a0: 55\u00a0N.m\u00a0; Vitesse de d\u00e9placement\u00a0: 43\u00a0pi\/min\u00a0; Fr\u00e9quence\u00a0: 433\u00a0MHz\u00a0; T\u00e9l\u00e9commande\u00a0: 40\u00a0pi\u00e8ces<\/p>\n<\/div>\n<\/div>\n<\/div>\n<div class=\"celwidget aplus-module premium-module-13-carousel aplus-premium\" data-csa-c-id=\"vcgllr-22riji-i6ff59-8wasky\" data-cel-widget=\"aplus-premium-module-13-carousel\">\n<div class=\"a-section a-spacing-none premium-aplus premium-aplus-module-13\">\n<h2 class=\"aplus-container-3 aplus-h1 a-text-bold\">Solide, s\u00e9curis\u00e9 et pr\u00eat pour toutes les conditions m\u00e9t\u00e9orologiques<\/h2>\n<div class=\"a-section a-spacing-none aplus-carousel-container\">\n<div id=\"premium-aplus-13-carousel-2-id\" class=\"a-begin a-carousel-container a-carousel-display-single a-carousel-transition-slideCircular a-carousel-initialized\" role=\"group\" data-a-carousel-options=\"{&quot;name&quot;:&quot;premium-aplus-13-carousel-2&quot;,&quot;peek_percentage&quot;:0,&quot;minimum_gutter_width&quot;:0,&quot;show_partial_next&quot;:false}\" aria-label=\"Carrousel de contenu en vedette\" aria-roledescription=\"carousel\" data-a-display-strategy=\"single\" data-a-transition-strategy=\"slideCircular\">\n<div class=\"a-row a-carousel-controls a-carousel-row a-carousel-has-buttons a-carousel-overlay-buttons a-carousel-rounded-buttons\">\n<div class=\"a-carousel-row-inner\">\n<div class=\"a-carousel-col a-carousel-center\">\n<div id=\"anonCarousel2\" class=\"a-carousel-viewport\" role=\"group\" aria-roledescription=\"slide\">\n<div id=\"premium-aplus-13-carousel-2-slide-3\">\n<div class=\"a-section a-spacing-none aplus-card-image\"><a class=\"a-link-normal\" href=\"https:\/\/www.amazon.com\/dp\/B0F269K3ZN?ref=emc_p_m_13_i\"><img decoding=\"async\" src=\"https:\/\/m.media-amazon.com\/images\/S\/aplus-media-library-service-media\/958969ba-63d7-483e-93fc-20209e583d43.__CR0,0,1464,600_PT0_SX1464_V1___.jpg\" alt=\"ME-BG wifi control sliding gate opener remote control with batteries\" \/><\/a><\/div>\n<\/div>\n<div id=\"premium-aplus-13-carousel-2-slide-4\">\n<div class=\"a-section a-spacing-none aplus-card-image\"><img decoding=\"async\" src=\"https:\/\/m.media-amazon.com\/images\/S\/aplus-media-library-service-media\/fdfb3f85-5290-4878-9875-36a744d7cfd0.__CR0,0,1464,600_PT0_SX1464_V1___.jpg\" alt=\"manual release key emergency for ME-BG sliding gate motor wifi control\" \/><\/div>\n<\/div>\n<div id=\"premium-aplus-13-carousel-2-slide-0\">\n<div class=\"a-section a-spacing-none aplus-card-image\"><img decoding=\"async\" src=\"https:\/\/m.media-amazon.com\/images\/S\/aplus-media-library-service-media\/1840cf73-f237-482b-aca0-accef9ef7360.__CR0,0,1464,600_PT0_SX1464_V1___.jpg\" alt=\"120V 370W copper motor heavy duty for ME-BG wifi sliding gate opener\" \/><\/div>\n<\/div>\n<div id=\"premium-aplus-13-carousel-2-slide-1\">\n<div class=\"a-section a-spacing-none aplus-card-image\"><img decoding=\"async\" src=\"https:\/\/m.media-amazon.com\/images\/S\/aplus-media-library-service-media\/e3b192a8-0f58-41d3-92f2-e90d34a5c26f.__CR0,0,1464,600_PT0_SX1464_V1___.jpg\" alt=\"waterproof design, weather resistant for ME-BG smart wifi control slide gate motor\" \/><\/div>\n<\/div>\n<div id=\"premium-aplus-13-carousel-2-slide-2\">\n<div class=\"a-section a-spacing-none aplus-card-image\"><a class=\"a-link-normal\" href=\"https:\/\/www.amazon.com\/dp\/B0DP1TQXM8?ref=emc_p_m_13_i\"><img decoding=\"async\" src=\"https:\/\/m.media-amazon.com\/images\/S\/aplus-media-library-service-media\/0ecc34f4-11de-484c-81b5-92fe4c48cc86.__CR0,0,1464,600_PT0_SX1464_V1___.jpg\" alt=\"infrared sensor safety secure sliding gate opener driveway gate system access auto detection\" \/><\/a><\/div>\n<\/div>\n<\/div>\n<\/div>\n<\/div>\n<\/div>\n<\/div>\n<\/div>\n<div><\/div>\n<h2 class=\"a-section a-text-center\"><span style=\"font-size: 48px;\">Silencieux, intelligent et transparent<\/span><\/h2>\n<\/div>\n<\/div>\n<div class=\"celwidget aplus-module premium-module-13-carousel aplus-premium\" data-csa-c-id=\"ny6paq-bj8vnk-88a43h-aoud5y\" data-cel-widget=\"aplus-premium-module-13-carousel\">\n<div class=\"a-section a-spacing-none premium-aplus premium-aplus-module-13\">\n<div class=\"a-section a-spacing-none aplus-carousel-container\">\n<div id=\"premium-aplus-13-carousel-3-id\" class=\"a-begin a-carousel-container a-carousel-display-single a-carousel-transition-slideCircular a-carousel-initialized\" role=\"group\" data-a-carousel-options=\"{&quot;name&quot;:&quot;premium-aplus-13-carousel-3&quot;,&quot;peek_percentage&quot;:0,&quot;minimum_gutter_width&quot;:0,&quot;show_partial_next&quot;:false}\" aria-label=\"Carrousel de contenu en vedette\" aria-roledescription=\"carousel\" data-a-display-strategy=\"single\" data-a-transition-strategy=\"slideCircular\">\n<div class=\"a-row a-carousel-controls a-carousel-row a-carousel-has-buttons a-carousel-overlay-buttons a-carousel-rounded-buttons\">\n<div class=\"a-carousel-row-inner\">\n<div class=\"a-carousel-col a-carousel-center\">\n<div id=\"anonCarousel3\" class=\"a-carousel-viewport\" role=\"group\" aria-roledescription=\"slide\">\n<div id=\"premium-aplus-13-carousel-3-slide-3\">\n<div class=\"a-section a-spacing-none aplus-card-image\"><a class=\"a-link-normal\" href=\"https:\/\/www.amazon.com\/dp\/B0BXKLW33Z?ref=emc_p_m_13_i\"><img decoding=\"async\" src=\"https:\/\/m.media-amazon.com\/images\/S\/aplus-media-library-service-media\/3c8e1eb4-2076-4c19-b886-27c80237db76.__CR0,0,1464,600_PT0_SX1464_V1___.jpg\" alt=\"sturdy rack drive system steel gear racks sliding gate opener\" \/><\/a><\/div>\n<\/div>\n<div id=\"premium-aplus-13-carousel-3-slide-0\">\n<div class=\"a-section a-spacing-none aplus-card-image\"><img decoding=\"async\" src=\"https:\/\/m.media-amazon.com\/images\/S\/aplus-media-library-service-media\/f2e77a37-44ed-493b-b4f2-c892c219b355.__CR0,0,1464,600_PT0_SX1464_V1___.jpg\" alt=\"sliding gate opener auto-close safety\" \/><\/div>\n<\/div>\n<div id=\"premium-aplus-13-carousel-3-slide-1\">\n<div class=\"a-section a-spacing-none aplus-card-image\"><a class=\"a-link-normal\" href=\"https:\/\/www.amazon.com\/dp\/B0DB82424K?ref=emc_p_m_13_i\"><img decoding=\"async\" src=\"https:\/\/m.media-amazon.com\/images\/S\/aplus-media-library-service-media\/39cc57cf-455f-4492-a097-336e43ed43c1.__CR0,0,1464,600_PT0_SX1464_V1___.jpg\" alt=\"slide gate motor wifi control smart app sliding gate opener\" \/><\/a><\/div>\n<\/div>\n<div id=\"premium-aplus-13-carousel-3-slide-2\">\n<div class=\"a-section a-spacing-none aplus-card-image\"><img decoding=\"async\" src=\"https:\/\/m.media-amazon.com\/images\/S\/aplus-media-library-service-media\/c3583244-97f1-4a09-95e5-099deae4c160.__CR0,0,1464,600_PT0_SX1464_V1___.jpg\" alt=\"magnet limit switch sliding gate opener driveway gate system secure safety\" \/><\/div>\n<\/div>\n<\/div>\n<\/div>\n<\/div>\n<\/div>\n<\/div>\n<\/div>\n<\/div>\n<\/div>\n<div class=\"celwidget aplus-module premium-module-13-carousel aplus-premium\" data-csa-c-id=\"8s3cz9-iz48ho-1f777o-3cvpg\" data-cel-widget=\"aplus-premium-module-13-carousel\">\n<div class=\"a-section a-spacing-none premium-aplus premium-aplus-module-13\">\n<h2 class=\"aplus-container-3 aplus-h1 a-text-bold\">Con\u00e7u pour les portails les plus lourds.<\/h2>\n<div class=\"a-section a-spacing-none aplus-carousel-container\">\n<div id=\"premium-aplus-13-carousel-4-id\" class=\"a-begin a-carousel-container a-carousel-display-single a-carousel-transition-slideCircular a-carousel-initialized\" role=\"group\" data-a-carousel-options=\"{&quot;name&quot;:&quot;premium-aplus-13-carousel-4&quot;,&quot;peek_percentage&quot;:0,&quot;minimum_gutter_width&quot;:0,&quot;show_partial_next&quot;:false}\" aria-label=\"Carrousel de contenu en vedette\" aria-roledescription=\"carousel\" data-a-display-strategy=\"single\" data-a-transition-strategy=\"slideCircular\">\n<div class=\"a-row a-carousel-controls a-carousel-row a-carousel-has-buttons a-carousel-overlay-buttons a-carousel-rounded-buttons\">\n<div class=\"a-carousel-row-inner\">\n<div class=\"a-carousel-col a-carousel-center\">\n<div id=\"anonCarousel4\" class=\"a-carousel-viewport\" role=\"group\" aria-roledescription=\"slide\">\n<div id=\"premium-aplus-13-carousel-4-slide-3\">\n<div class=\"a-section a-spacing-none aplus-card-image\"><img decoding=\"async\" src=\"https:\/\/m.media-amazon.com\/images\/S\/aplus-media-library-service-media\/22f63f3f-4509-4599-ac93-ab2f51f1467b.__CR0,0,1464,600_PT0_SX1464_V1___.jpg\" alt=\"fence gate slide gate motor metal gates with remote complete kit\" \/><\/div>\n<\/div>\n<div id=\"premium-aplus-13-carousel-4-slide-4\">\n<div class=\"a-section a-spacing-none aplus-card-image\"><img decoding=\"async\" src=\"https:\/\/m.media-amazon.com\/images\/S\/aplus-media-library-service-media\/39dd1043-6494-41ac-b673-0707a8141962.__CR0,0,1464,600_PT0_SX1464_V1___.jpg\" alt=\"heavy duty gate automatic sliding gate opener easy setup installation\" \/><\/div>\n<\/div>\n<div id=\"premium-aplus-13-carousel-4-slide-0\">\n<div class=\"a-section a-spacing-none aplus-card-image\"><img decoding=\"async\" src=\"https:\/\/m.media-amazon.com\/images\/S\/aplus-media-library-service-media\/97cc7444-5947-4943-bbc2-d8bf24fdd420.__CR0,0,1464,600_PT0_SX1464_V1___.jpg\" alt=\"smart app control sliding gate opener extra heavy duty gates smooth operation\" \/><\/div>\n<\/div>\n<div id=\"premium-aplus-13-carousel-4-slide-1\">\n<div class=\"a-section a-spacing-none aplus-card-image\"><img decoding=\"async\" src=\"https:\/\/m.media-amazon.com\/images\/S\/aplus-media-library-service-media\/9998d218-1085-4be1-b32d-61a612a46eb2.__CR0,0,1464,600_PT0_SX1464_V1___.jpg\" alt=\"sliding gate operator heavy duty gates up to 40ft\" \/><\/div>\n<\/div>\n<div id=\"premium-aplus-13-carousel-4-slide-2\">\n<div class=\"a-section a-spacing-none aplus-card-image\"><img decoding=\"async\" src=\"https:\/\/m.media-amazon.com\/images\/S\/aplus-media-library-service-media\/6afcaaf6-2774-403a-b1ce-9b3082a58d72.__CR0,0,1464,600_PT0_SX1464_V1___.jpg\" alt=\"sliding gate opener automatic industrial commercial heavy duty gates\" \/><\/div>\n<\/div>\n<\/div>\n<\/div>\n<\/div>\n<\/div>\n<\/div>\n<\/div>\n<div class=\"a-section a-text-center\"><\/div>\n<\/div>\n<\/div>\n<div class=\"celwidget aplus-module premium-module-2-fullbackground-image aplus-premium\" data-csa-c-id=\"2l4i4-p3qi0m-fesz4t-p5n5v2\" data-cel-widget=\"aplus-premium-module-2-fullbackground-image\">\n<div class=\"a-section a-spacing-none premium-aplus premium-aplus-module-2\">\n<h2 class=\"a-text-center aplus-container-3 aplus-h1 a-text-bold\">Assistance fiable et efficace<\/h2>\n<div class=\"a-section a-spacing-none premium-background-wrapper\">\n<div class=\"a-section a-spacing-none background-image\"><img decoding=\"async\" class=\"\" src=\"https:\/\/m.media-amazon.com\/images\/S\/aplus-media-library-service-media\/8bbde39d-5d93-46b7-a1ad-fd2c9ff58118.__CR0,0,1464,600_PT0_SX1464_V1___.jpg\" alt=\"installation setup assistance for sliding gate opener\" data-src=\"https:\/\/m.media-amazon.com\/images\/S\/aplus-media-library-service-media\/8bbde39d-5d93-46b7-a1ad-fd2c9ff58118.__CR0,0,1464,600_PT0_SX1464_V1___.jpg\" \/><\/div>\n<\/div>\n<\/div>\n<\/div>","protected":false},"excerpt":{"rendered":"<p>Ouvre-porte \u00e0 entra\u00eenement par cr\u00e9maill\u00e8re WiFi 220\u2013240 V 6300 lb avec moteur de 2,05 HP, t\u00e9l\u00e9commandes et capteur IR.<\/p>","protected":false},"featured_media":1565,"comment_status":"open","ping_status":"closed","template":"","meta":[],"product_brand":[33],"product_cat":[82,20],"product_tag":[],"class_list":{"0":"post-890","1":"product","2":"type-product","3":"status-publish","4":"has-post-thumbnail","6":"product_brand-blutezeit","7":"product_cat-ac-sliding-gate-openers","8":"product_cat-gate-openers","10":"first","11":"instock","12":"sale","13":"shipping-taxable","14":"purchasable","15":"product-type-simple"},"yoast_head":"<!-- This site is optimized with the Yoast SEO plugin v26.4 - https:\/\/yoast.com\/wordpress\/plugins\/seo\/ -->\n<title>ME-BG-2900 Sliding Gate Opener (220V, 6300lb) - Bl\u00fctezeit<\/title>\n<meta name=\"robots\" content=\"index, follow, max-snippet:-1, max-image-preview:large, max-video-preview:-1\" \/>\n<link rel=\"canonical\" href=\"https:\/\/www.blutezeit.com\/fr\/produit\/me-bg-2900-sliding-gate-opener-6300lb-220v\/\" \/>\n<meta property=\"og:locale\" content=\"fr_FR\" \/>\n<meta property=\"og:type\" content=\"article\" \/>\n<meta property=\"og:title\" content=\"ME-BG-2900 Sliding Gate Opener (220V, 6300lb) - Bl\u00fctezeit\" \/>\n<meta property=\"og:description\" content=\"220\u2013240 V 6300 lb WiFi rack-drive opener with 2.05 HP motor, remotes and IR sensor.\" \/>\n<meta property=\"og:url\" content=\"https:\/\/www.blutezeit.com\/fr\/produit\/me-bg-2900-sliding-gate-opener-6300lb-220v\/\" \/>\n<meta property=\"og:site_name\" content=\"Bl\u00fctezeit\" \/>\n<meta property=\"article:modified_time\" content=\"2026-04-11T17:37:17+00:00\" \/>\n<meta property=\"og:image\" content=\"https:\/\/www.blutezeit.com\/wp-content\/uploads\/2025\/08\/ME-BG-2800-Sliding-Gate-Oepner-with-WiFi-1-1.jpg\" \/>\n\t<meta property=\"og:image:width\" content=\"1600\" \/>\n\t<meta property=\"og:image:height\" content=\"1600\" \/>\n\t<meta property=\"og:image:type\" content=\"image\/jpeg\" \/>\n<meta name=\"twitter:card\" content=\"summary_large_image\" \/>\n<meta name=\"twitter:label1\" content=\"Dur\u00e9e de lecture estim\u00e9e\" \/>\n\t<meta name=\"twitter:data1\" content=\"4 minutes\" \/>\n<script type=\"application\/ld+json\" class=\"yoast-schema-graph\">{\"@context\":\"https:\/\/schema.org\",\"@graph\":[{\"@type\":\"WebPage\",\"@id\":\"https:\/\/www.blutezeit.com\/product\/me-bg-2900-sliding-gate-opener-6300lb-220v\/\",\"url\":\"https:\/\/www.blutezeit.com\/product\/me-bg-2900-sliding-gate-opener-6300lb-220v\/\",\"name\":\"ME-BG-2900 Sliding Gate Opener (220V, 6300lb) - Bl\u00fctezeit\",\"isPartOf\":{\"@id\":\"https:\/\/www.blutezeit.com\/pt\/#website\"},\"primaryImageOfPage\":{\"@id\":\"https:\/\/www.blutezeit.com\/product\/me-bg-2900-sliding-gate-opener-6300lb-220v\/#primaryimage\"},\"image\":{\"@id\":\"https:\/\/www.blutezeit.com\/product\/me-bg-2900-sliding-gate-opener-6300lb-220v\/#primaryimage\"},\"thumbnailUrl\":\"https:\/\/www.blutezeit.com\/wp-content\/uploads\/2025\/08\/ME-BG-2800-Sliding-Gate-Oepner-with-WiFi-1-1.jpg\",\"datePublished\":\"2025-09-18T17:14:46+00:00\",\"dateModified\":\"2026-04-11T17:37:17+00:00\",\"breadcrumb\":{\"@id\":\"https:\/\/www.blutezeit.com\/product\/me-bg-2900-sliding-gate-opener-6300lb-220v\/#breadcrumb\"},\"inLanguage\":\"fr-FR\",\"potentialAction\":[{\"@type\":\"ReadAction\",\"target\":[\"https:\/\/www.blutezeit.com\/product\/me-bg-2900-sliding-gate-opener-6300lb-220v\/\"]}]},{\"@type\":\"ImageObject\",\"inLanguage\":\"fr-FR\",\"@id\":\"https:\/\/www.blutezeit.com\/product\/me-bg-2900-sliding-gate-opener-6300lb-220v\/#primaryimage\",\"url\":\"https:\/\/www.blutezeit.com\/wp-content\/uploads\/2025\/08\/ME-BG-2800-Sliding-Gate-Oepner-with-WiFi-1-1.jpg\",\"contentUrl\":\"https:\/\/www.blutezeit.com\/wp-content\/uploads\/2025\/08\/ME-BG-2800-Sliding-Gate-Oepner-with-WiFi-1-1.jpg\",\"width\":1600,\"height\":1600},{\"@type\":\"BreadcrumbList\",\"@id\":\"https:\/\/www.blutezeit.com\/product\/me-bg-2900-sliding-gate-opener-6300lb-220v\/#breadcrumb\",\"itemListElement\":[{\"@type\":\"ListItem\",\"position\":1,\"name\":\"\u9996\u9875\",\"item\":\"https:\/\/www.blutezeit.com\/pt\/\"},{\"@type\":\"ListItem\",\"position\":2,\"name\":\"Product\",\"item\":\"https:\/\/www.blutezeit.com\/pt\/shop\/\"},{\"@type\":\"ListItem\",\"position\":3,\"name\":\"ME-BG-2900 Sliding Gate Opener (220V, 6300lb)\"}]},{\"@type\":\"WebSite\",\"@id\":\"https:\/\/www.blutezeit.com\/pt\/#website\",\"url\":\"https:\/\/www.blutezeit.com\/pt\/\",\"name\":\"Bl\u00fctezeit\",\"description\":\"Smart &amp; Solar Gate Opener Systems\",\"potentialAction\":[{\"@type\":\"SearchAction\",\"target\":{\"@type\":\"EntryPoint\",\"urlTemplate\":\"https:\/\/www.blutezeit.com\/pt\/?s={search_term_string}\"},\"query-input\":{\"@type\":\"PropertyValueSpecification\",\"valueRequired\":true,\"valueName\":\"search_term_string\"}}],\"inLanguage\":\"fr-FR\"}]}<\/script>\n<!-- \/ Yoast SEO plugin. -->","yoast_head_json":{"title":"ME-BG-2900 Sliding Gate Opener (220V, 6300lb) - Bl\u00fctezeit","robots":{"index":"index","follow":"follow","max-snippet":"max-snippet:-1","max-image-preview":"max-image-preview:large","max-video-preview":"max-video-preview:-1"},"canonical":"https:\/\/www.blutezeit.com\/fr\/produit\/me-bg-2900-sliding-gate-opener-6300lb-220v\/","og_locale":"fr_FR","og_type":"article","og_title":"ME-BG-2900 Sliding Gate Opener (220V, 6300lb) - Bl\u00fctezeit","og_description":"220\u2013240 V 6300 lb WiFi rack-drive opener with 2.05 HP motor, remotes and IR sensor.","og_url":"https:\/\/www.blutezeit.com\/fr\/produit\/me-bg-2900-sliding-gate-opener-6300lb-220v\/","og_site_name":"Bl\u00fctezeit","article_modified_time":"2026-04-11T17:37:17+00:00","og_image":[{"width":1600,"height":1600,"url":"https:\/\/www.blutezeit.com\/wp-content\/uploads\/2025\/08\/ME-BG-2800-Sliding-Gate-Oepner-with-WiFi-1-1.jpg","type":"image\/jpeg"}],"twitter_card":"summary_large_image","twitter_misc":{"Dur\u00e9e de lecture estim\u00e9e":"4 minutes"},"schema":{"@context":"https:\/\/schema.org","@graph":[{"@type":"WebPage","@id":"https:\/\/www.blutezeit.com\/product\/me-bg-2900-sliding-gate-opener-6300lb-220v\/","url":"https:\/\/www.blutezeit.com\/product\/me-bg-2900-sliding-gate-opener-6300lb-220v\/","name":"ME-BG-2900 Sliding Gate Opener (220V, 6300lb) - Bl\u00fctezeit","isPartOf":{"@id":"https:\/\/www.blutezeit.com\/pt\/#website"},"primaryImageOfPage":{"@id":"https:\/\/www.blutezeit.com\/product\/me-bg-2900-sliding-gate-opener-6300lb-220v\/#primaryimage"},"image":{"@id":"https:\/\/www.blutezeit.com\/product\/me-bg-2900-sliding-gate-opener-6300lb-220v\/#primaryimage"},"thumbnailUrl":"https:\/\/www.blutezeit.com\/wp-content\/uploads\/2025\/08\/ME-BG-2800-Sliding-Gate-Oepner-with-WiFi-1-1.jpg","datePublished":"2025-09-18T17:14:46+00:00","dateModified":"2026-04-11T17:37:17+00:00","breadcrumb":{"@id":"https:\/\/www.blutezeit.com\/product\/me-bg-2900-sliding-gate-opener-6300lb-220v\/#breadcrumb"},"inLanguage":"fr-FR","potentialAction":[{"@type":"ReadAction","target":["https:\/\/www.blutezeit.com\/product\/me-bg-2900-sliding-gate-opener-6300lb-220v\/"]}]},{"@type":"ImageObject","inLanguage":"fr-FR","@id":"https:\/\/www.blutezeit.com\/product\/me-bg-2900-sliding-gate-opener-6300lb-220v\/#primaryimage","url":"https:\/\/www.blutezeit.com\/wp-content\/uploads\/2025\/08\/ME-BG-2800-Sliding-Gate-Oepner-with-WiFi-1-1.jpg","contentUrl":"https:\/\/www.blutezeit.com\/wp-content\/uploads\/2025\/08\/ME-BG-2800-Sliding-Gate-Oepner-with-WiFi-1-1.jpg","width":1600,"height":1600},{"@type":"BreadcrumbList","@id":"https:\/\/www.blutezeit.com\/product\/me-bg-2900-sliding-gate-opener-6300lb-220v\/#breadcrumb","itemListElement":[{"@type":"ListItem","position":1,"name":"\u9996\u9875","item":"https:\/\/www.blutezeit.com\/pt\/"},{"@type":"ListItem","position":2,"name":"Product","item":"https:\/\/www.blutezeit.com\/pt\/shop\/"},{"@type":"ListItem","position":3,"name":"ME-BG-2900 Sliding Gate Opener (220V, 6300lb)"}]},{"@type":"WebSite","@id":"https:\/\/www.blutezeit.com\/pt\/#website","url":"https:\/\/www.blutezeit.com\/pt\/","name":"Fleur","description":"Syst\u00e8mes d&#039;ouverture de portail intelligents et solaires","potentialAction":[{"@type":"SearchAction","target":{"@type":"EntryPoint","urlTemplate":"https:\/\/www.blutezeit.com\/pt\/?s={search_term_string}"},"query-input":{"@type":"PropertyValueSpecification","valueRequired":true,"valueName":"search_term_string"}}],"inLanguage":"fr-FR"}]}},"_links":{"self":[{"href":"https:\/\/www.blutezeit.com\/fr\/wp-json\/wp\/v2\/product\/890","targetHints":{"allow":["GET"]}}],"collection":[{"href":"https:\/\/www.blutezeit.com\/fr\/wp-json\/wp\/v2\/product"}],"about":[{"href":"https:\/\/www.blutezeit.com\/fr\/wp-json\/wp\/v2\/types\/product"}],"replies":[{"embeddable":true,"href":"https:\/\/www.blutezeit.com\/fr\/wp-json\/wp\/v2\/comments?post=890"}],"wp:featuredmedia":[{"embeddable":true,"href":"https:\/\/www.blutezeit.com\/fr\/wp-json\/wp\/v2\/media\/1565"}],"wp:attachment":[{"href":"https:\/\/www.blutezeit.com\/fr\/wp-json\/wp\/v2\/media?parent=890"}],"wp:term":[{"taxonomy":"product_brand","embeddable":true,"href":"https:\/\/www.blutezeit.com\/fr\/wp-json\/wp\/v2\/product_brand?post=890"},{"taxonomy":"product_cat","embeddable":true,"href":"https:\/\/www.blutezeit.com\/fr\/wp-json\/wp\/v2\/product_cat?post=890"},{"taxonomy":"product_tag","embeddable":true,"href":"https:\/\/www.blutezeit.com\/fr\/wp-json\/wp\/v2\/product_tag?post=890"}],"curies":[{"name":"wp","href":"https:\/\/api.w.org\/{rel}","templated":true}]}}