{"id":793,"date":"2025-08-12T11:48:37","date_gmt":"2025-08-12T11:48:37","guid":{"rendered":"https:\/\/www.blutezeit.com\/?post_type=product&#038;p=793"},"modified":"2026-04-08T04:13:27","modified_gmt":"2026-04-08T04:13:27","slug":"me-go-600rs-solar-wifi-gate-opener-battery-backup-racks-20w-solar","status":"publish","type":"product","link":"https:\/\/www.blutezeit.com\/fr\/produit\/me-go-600rs-solar-wifi-gate-opener-battery-backup-racks-20w-solar\/","title":{"rendered":"ME-GO-600RS Ouvre-portail coulissant 3 en 1 (avec supports + panneau solaire 20 W)"},"content":{"rendered":"<div class=\"celwidget aplus-module premium-module-2-fullbackground-image aplus-premium\" data-csa-c-id=\"677ycw-jxjenq-bpa1vs-kmcocx\" data-cel-widget=\"aplus-premium-module-2-fullbackground-image\">\n<div class=\"a-section a-spacing-none premium-aplus premium-aplus-module-2\">\n<h1 class=\"a-text-center aplus-container-3 aplus-h1 a-text-bold\">Ouvre-porte Bl\u00fctezeit \u2013 Contr\u00f4le par application, alimentation solaire, batterie de secours<\/h1>\n<div class=\"a-section a-spacing-none premium-background-wrapper\">\n<div class=\"a-section a-spacing-none background-image\"><img decoding=\"async\" class=\"\" src=\"https:\/\/m.media-amazon.com\/images\/S\/aplus-media-library-service-media\/91d9f0cf-701a-4469-8944-34e98f052b68.__CR0,0,1464,600_PT0_SX1464_V1___.jpg\" alt=\"solar powered gate opener, sliding gate opener, wifi gate opener automatic, battery backup motor\" data-src=\"https:\/\/m.media-amazon.com\/images\/S\/aplus-media-library-service-media\/91d9f0cf-701a-4469-8944-34e98f052b68.__CR0,0,1464,600_PT0_SX1464_V1___.jpg\" \/><\/div>\n<\/div>\n<\/div>\n<\/div>\n<div class=\"celwidget aplus-module premium-module-2-fullbackground-image aplus-premium\" data-csa-c-id=\"4q2zoc-hr4w8m-dehsu7-daqxtr\" data-cel-widget=\"aplus-premium-module-2-fullbackground-image\">\n<div class=\"a-section a-spacing-none premium-aplus premium-aplus-module-2\">\n<div class=\"a-section a-spacing-none premium-background-wrapper\">\n<div class=\"a-section a-spacing-none background-image\"><img decoding=\"async\" class=\"\" src=\"https:\/\/m.media-amazon.com\/images\/S\/aplus-media-library-service-media\/71807447-11e5-45dc-8871-869f1e414062.__CR0,0,1464,600_PT0_SX1464_V1___.jpg\" alt=\"solar powered gate opener, sliding gate opener, wifi gate motor, battery backup door opener\" data-src=\"https:\/\/m.media-amazon.com\/images\/S\/aplus-media-library-service-media\/71807447-11e5-45dc-8871-869f1e414062.__CR0,0,1464,600_PT0_SX1464_V1___.jpg\" \/><\/div>\n<\/div>\n<\/div>\n<\/div>\n<div class=\"celwidget aplus-module premium-module-2-fullbackground-image aplus-premium\" data-csa-c-id=\"ocbn1t-kqhdp7-wk2v9s-o9nz8u\" data-cel-widget=\"aplus-premium-module-2-fullbackground-image\">\n<div class=\"a-section a-spacing-none premium-aplus premium-aplus-module-2\">\n<div class=\"a-section a-spacing-none premium-background-wrapper\">\n<div class=\"a-section a-spacing-none background-image\"><img decoding=\"async\" class=\"\" src=\"https:\/\/m.media-amazon.com\/images\/S\/aplus-media-library-service-media\/867db19a-a93d-48c8-9642-2129b8bed79d.__CR0,0,1464,600_PT0_SX1464_V1___.jpg\" alt=\"solar powered gate opener, sliding gate opener, APP control, battery backup motor, wifi connected\" data-src=\"https:\/\/m.media-amazon.com\/images\/S\/aplus-media-library-service-media\/867db19a-a93d-48c8-9642-2129b8bed79d.__CR0,0,1464,600_PT0_SX1464_V1___.jpg\" \/><\/div>\n<\/div>\n<div class=\"a-section a-text-center\"><\/div>\n<\/div>\n<\/div>\n<div class=\"celwidget aplus-module premium-module-2-fullbackground-image aplus-premium\" data-csa-c-id=\"6tyy5x-h4wvs6-n0r6ds-ow6xo5\" data-cel-widget=\"aplus-premium-module-2-fullbackground-image\">\n<div class=\"a-section a-spacing-none premium-aplus premium-aplus-module-2\">\n<div class=\"a-section a-spacing-none premium-background-wrapper\">\n<div class=\"a-section a-spacing-none background-image\"><img decoding=\"async\" class=\"\" src=\"https:\/\/m.media-amazon.com\/images\/S\/aplus-media-library-service-media\/f632884f-ea66-47ad-913a-a77481eb14ec.__CR0,0,1464,600_PT0_SX1464_V1___.jpg\" alt=\"solar gate openers with remote complete kit, wifi gate opener, electric gate opener\" data-src=\"https:\/\/m.media-amazon.com\/images\/S\/aplus-media-library-service-media\/f632884f-ea66-47ad-913a-a77481eb14ec.__CR0,0,1464,600_PT0_SX1464_V1___.jpg\" \/><\/div>\n<\/div>\n<\/div>\n<\/div>\n<div class=\"celwidget aplus-module premium-module-2-fullbackground-image aplus-premium\" data-csa-c-id=\"ds6y2j-kk3liz-mxkn8t-8a9rm2\" data-cel-widget=\"aplus-premium-module-2-fullbackground-image\">\n<div class=\"a-section a-spacing-none premium-aplus premium-aplus-module-2\">\n<div class=\"a-section a-spacing-none premium-background-wrapper\">\n<div class=\"a-section a-spacing-none background-image\"><img decoding=\"async\" class=\"\" src=\"https:\/\/m.media-amazon.com\/images\/S\/aplus-media-library-service-media\/2c7709e5-6c24-4c52-bbce-9767348431af.__CR0,0,1464,600_PT0_SX1464_V1___.jpg\" alt=\"battery backup sliding gate opener, solar gate opener, wifi APP control gate motor, electric opener\" data-src=\"https:\/\/m.media-amazon.com\/images\/S\/aplus-media-library-service-media\/2c7709e5-6c24-4c52-bbce-9767348431af.__CR0,0,1464,600_PT0_SX1464_V1___.jpg\" \/><\/div>\n<\/div>\n<div class=\"a-section a-text-center\">\n<ul class=\"a-unordered-list a-vertical\">\n<li><span class=\"a-list-item\"><span class=\"a-text-bold\">Mise \u00e0 niveau disponible\u00a0:<\/span>\u00a0Am\u00e9liorez la vitesse de charge de la batterie avec un<span class=\"a-text-bold\"><span class=\"a-text-italic\">\u00a0Panneau solaire 35V 25W<\/span><\/span>\u00a0(vendu s\u00e9par\u00e9ment).<\/span><\/li>\n<li><span class=\"a-list-item\"><span class=\"a-text-bold\">Compatibilit\u00e9 220V :<\/span>\u00a0Besoin d&#039;une alimentation 220 V\u00a0? Obtenez le\u00a0<span class=\"a-text-bold\"><span class=\"a-text-italic\">Transformateur AC100-270V<\/span><\/span>\u00a0con\u00e7u pour ce moteur DC24V (vendu s\u00e9par\u00e9ment).<\/span><\/li>\n<\/ul>\n<p>&nbsp;<\/p>\n<\/div>\n<\/div>\n<\/div>\n<div class=\"celwidget aplus-module premium-module-3-four-column-images aplus-premium\" data-csa-c-id=\"ghuwh3-9aoh00-a44d4y-5ju7dq\" data-cel-widget=\"aplus-premium-module-3-four-column-images\">\n<div class=\"a-section a-spacing-none premium-aplus premium-aplus-module-3 aplus-container-1\">\n<div class=\"a-section a-spacing-none premium-aplus-four-column\">\n<div class=\"a-section a-spacing-none premium-aplus-column\">\n<div class=\"a-section a-spacing-none {'column-image'}\"><img decoding=\"async\" class=\"\" src=\"https:\/\/m.media-amazon.com\/images\/S\/aplus-media-library-service-media\/f8b99a15-b45e-4c29-800a-1a1007fc24c4.__CR0,0,300,225_PT0_SX300_V1___.jpg\" alt=\"LED status sliding gate opener\" data-src=\"https:\/\/m.media-amazon.com\/images\/S\/aplus-media-library-service-media\/f8b99a15-b45e-4c29-800a-1a1007fc24c4.__CR0,0,300,225_PT0_SX300_V1___.jpg\" \/><\/div>\n<div class=\"a-section a-spacing-none column-heading\">\n<h1 class=\"aplus-h3 a-text-bold\">Indicateur d&#039;\u00e9tat LED<\/h1>\n<\/div>\n<div class=\"a-section a-spacing-none column-description\">\n<p class=\"aplus-p3\">Restez inform\u00e9 gr\u00e2ce \u00e0 la fonction d&#039;\u00e9tat de la lumi\u00e8re LED sur notre ouvre-porte, fournissant une indication claire de l&#039;\u00e9tat d&#039;ouverture et de fermeture en un coup d&#039;\u0153il.<\/p>\n<\/div>\n<\/div>\n<div class=\"a-section a-spacing-none premium-aplus-column\">\n<div class=\"a-section a-spacing-none {'column-image'}\"><img decoding=\"async\" class=\"\" src=\"https:\/\/m.media-amazon.com\/images\/S\/aplus-media-library-service-media\/0787713d-0c9f-41de-8b1c-a389a88b079c.__CR0,0,300,225_PT0_SX300_V1___.jpg\" alt=\"quiet silent rack driven railway sliding gate\" data-src=\"https:\/\/m.media-amazon.com\/images\/S\/aplus-media-library-service-media\/0787713d-0c9f-41de-8b1c-a389a88b079c.__CR0,0,300,225_PT0_SX300_V1___.jpg\" \/><\/div>\n<div class=\"a-section a-spacing-none column-heading\">\n<h1 class=\"aplus-h3 a-text-bold\">Entra\u00eenement par cr\u00e9maill\u00e8re robuste<\/h1>\n<\/div>\n<div class=\"a-section a-spacing-none column-description\">\n<p class=\"aplus-p3\">B\u00e9n\u00e9ficiez d&#039;un fonctionnement silencieux du portail \u2264 45 dB avec notre syst\u00e8me \u00e0 cr\u00e9maill\u00e8re, offrant un environnement serein et une vue d\u00e9gag\u00e9e, garantissant durabilit\u00e9 et performances durables.<\/p>\n<\/div>\n<\/div>\n<div class=\"a-section a-spacing-none premium-aplus-column\">\n<div class=\"a-section a-spacing-none {'column-image'}\"><img decoding=\"async\" class=\"\" src=\"https:\/\/m.media-amazon.com\/images\/S\/aplus-media-library-service-media\/306e1a74-af98-419e-a3ef-752e96e4edf4.__CR0,0,300,225_PT0_SX300_V1___.jpg\" alt=\"manual release key power outage sliding gate opener\" data-src=\"https:\/\/m.media-amazon.com\/images\/S\/aplus-media-library-service-media\/306e1a74-af98-419e-a3ef-752e96e4edf4.__CR0,0,300,225_PT0_SX300_V1___.jpg\" \/><\/div>\n<div class=\"a-section a-spacing-none column-heading\">\n<h1 class=\"aplus-h3 a-text-bold\">Cl\u00e9 de d\u00e9verrouillage manuel<\/h1>\n<\/div>\n<div class=\"a-section a-spacing-none column-description\">\n<p class=\"aplus-p3\">Utilisez la cl\u00e9 hexagonale et la cl\u00e9 manuelle fournies pour ouvrir l&#039;embrayage, permettant ainsi un test pratique et un fonctionnement manuel s\u00fbr du portail.<\/p>\n<\/div>\n<\/div>\n<div class=\"a-section a-spacing-none premium-aplus-column\">\n<div class=\"a-section a-spacing-none {'column-image'}\"><img decoding=\"async\" class=\"\" src=\"https:\/\/m.media-amazon.com\/images\/S\/aplus-media-library-service-media\/48ab6323-40d3-4c1a-af73-861e8c4031fc.__CR0,0,300,225_PT0_SX300_V1___.jpg\" alt=\"AC110V DC24V input voltage sliding gate safety\" data-src=\"https:\/\/m.media-amazon.com\/images\/S\/aplus-media-library-service-media\/48ab6323-40d3-4c1a-af73-861e8c4031fc.__CR0,0,300,225_PT0_SX300_V1___.jpg\" \/><\/div>\n<div class=\"a-section a-spacing-none column-heading\">\n<h1 class=\"aplus-h3 a-text-bold\">Double entr\u00e9e d&#039;alimentation<\/h1>\n<\/div>\n<div class=\"a-section a-spacing-none column-description\">\n<p class=\"aplus-p3\">Options d&#039;entr\u00e9e double : connectez-vous \u00e0 une alimentation AC110V, un panneau solaire pour DC24V ou utilisez le mode batterie autonome pour 3 \u00e0 5 jours de fonctionnement en cas de panne de courant.<\/p>\n<\/div>\n<\/div>\n<\/div>\n<\/div>\n<\/div>","protected":false},"excerpt":{"rendered":"<p>Ouvre-portail coulissant solaire WiFi de 1400 lb avec batterie de secours int\u00e9gr\u00e9e, panneau solaire de 20 W inclus, supports inclus, t\u00e9l\u00e9commandes et capteur IR.<\/p>","protected":false},"featured_media":754,"comment_status":"open","ping_status":"closed","template":"","meta":[],"product_brand":[33],"product_cat":[20,29],"product_tag":[],"class_list":{"0":"post-793","1":"product","2":"type-product","3":"status-publish","4":"has-post-thumbnail","6":"product_brand-blutezeit","7":"product_cat-gate-openers","8":"product_cat-solar-sliding-gate-openers","10":"first","11":"instock","12":"sale","13":"shipping-taxable","14":"purchasable","15":"product-type-simple"},"yoast_head":"<!-- This site is optimized with the Yoast SEO plugin v26.4 - https:\/\/yoast.com\/wordpress\/plugins\/seo\/ -->\n<title>ME-GO-600RS 3-in-1 Sliding Gate Opener (w\/Racks+20W Solar) - Bl\u00fctezeit<\/title>\n<meta name=\"robots\" content=\"index, follow, max-snippet:-1, max-image-preview:large, max-video-preview:-1\" \/>\n<link rel=\"canonical\" href=\"https:\/\/www.blutezeit.com\/fr\/produit\/me-go-600rs-solar-wifi-gate-opener-battery-backup-racks-20w-solar\/\" \/>\n<meta property=\"og:locale\" content=\"fr_FR\" \/>\n<meta property=\"og:type\" content=\"article\" \/>\n<meta property=\"og:title\" content=\"ME-GO-600RS 3-in-1 Sliding Gate Opener (w\/Racks+20W Solar) - Bl\u00fctezeit\" \/>\n<meta property=\"og:description\" content=\"1400 lb WiFi solar-ready sliding gate opener with built-in battery backup, 20W solar panel included, racks included, remotes and IR sensor.\" \/>\n<meta property=\"og:url\" content=\"https:\/\/www.blutezeit.com\/fr\/produit\/me-go-600rs-solar-wifi-gate-opener-battery-backup-racks-20w-solar\/\" \/>\n<meta property=\"og:site_name\" content=\"Bl\u00fctezeit\" \/>\n<meta property=\"article:modified_time\" content=\"2026-04-08T04:13:27+00:00\" \/>\n<meta property=\"og:image\" content=\"https:\/\/www.blutezeit.com\/wp-content\/uploads\/2025\/08\/Solar-Rack-Drive-Sliding-Gate-Opener-DC-600-1.jpg\" \/>\n\t<meta property=\"og:image:width\" content=\"1500\" \/>\n\t<meta property=\"og:image:height\" content=\"1500\" \/>\n\t<meta property=\"og:image:type\" content=\"image\/jpeg\" \/>\n<meta name=\"twitter:card\" content=\"summary_large_image\" \/>\n<meta name=\"twitter:label1\" content=\"Dur\u00e9e de lecture estim\u00e9e\" \/>\n\t<meta name=\"twitter:data1\" content=\"3 minutes\" \/>\n<script type=\"application\/ld+json\" class=\"yoast-schema-graph\">{\"@context\":\"https:\/\/schema.org\",\"@graph\":[{\"@type\":\"WebPage\",\"@id\":\"https:\/\/www.blutezeit.com\/product\/me-go-600rs-solar-wifi-gate-opener-battery-backup-racks-20w-solar\/\",\"url\":\"https:\/\/www.blutezeit.com\/product\/me-go-600rs-solar-wifi-gate-opener-battery-backup-racks-20w-solar\/\",\"name\":\"ME-GO-600RS 3-in-1 Sliding Gate Opener (w\/Racks+20W Solar) - Bl\u00fctezeit\",\"isPartOf\":{\"@id\":\"https:\/\/www.blutezeit.com\/pt\/#website\"},\"primaryImageOfPage\":{\"@id\":\"https:\/\/www.blutezeit.com\/product\/me-go-600rs-solar-wifi-gate-opener-battery-backup-racks-20w-solar\/#primaryimage\"},\"image\":{\"@id\":\"https:\/\/www.blutezeit.com\/product\/me-go-600rs-solar-wifi-gate-opener-battery-backup-racks-20w-solar\/#primaryimage\"},\"thumbnailUrl\":\"https:\/\/www.blutezeit.com\/wp-content\/uploads\/2025\/08\/Solar-Rack-Drive-Sliding-Gate-Opener-DC-600-1.jpg\",\"datePublished\":\"2025-08-12T11:48:37+00:00\",\"dateModified\":\"2026-04-08T04:13:27+00:00\",\"breadcrumb\":{\"@id\":\"https:\/\/www.blutezeit.com\/product\/me-go-600rs-solar-wifi-gate-opener-battery-backup-racks-20w-solar\/#breadcrumb\"},\"inLanguage\":\"fr-FR\",\"potentialAction\":[{\"@type\":\"ReadAction\",\"target\":[\"https:\/\/www.blutezeit.com\/product\/me-go-600rs-solar-wifi-gate-opener-battery-backup-racks-20w-solar\/\"]}]},{\"@type\":\"ImageObject\",\"inLanguage\":\"fr-FR\",\"@id\":\"https:\/\/www.blutezeit.com\/product\/me-go-600rs-solar-wifi-gate-opener-battery-backup-racks-20w-solar\/#primaryimage\",\"url\":\"https:\/\/www.blutezeit.com\/wp-content\/uploads\/2025\/08\/Solar-Rack-Drive-Sliding-Gate-Opener-DC-600-1.jpg\",\"contentUrl\":\"https:\/\/www.blutezeit.com\/wp-content\/uploads\/2025\/08\/Solar-Rack-Drive-Sliding-Gate-Opener-DC-600-1.jpg\",\"width\":1500,\"height\":1500},{\"@type\":\"BreadcrumbList\",\"@id\":\"https:\/\/www.blutezeit.com\/product\/me-go-600rs-solar-wifi-gate-opener-battery-backup-racks-20w-solar\/#breadcrumb\",\"itemListElement\":[{\"@type\":\"ListItem\",\"position\":1,\"name\":\"\u9996\u9875\",\"item\":\"https:\/\/www.blutezeit.com\/pt\/\"},{\"@type\":\"ListItem\",\"position\":2,\"name\":\"Product\",\"item\":\"https:\/\/www.blutezeit.com\/pt\/shop\/\"},{\"@type\":\"ListItem\",\"position\":3,\"name\":\"ME-GO-600RS 3-in-1 Sliding Gate Opener (w\/Racks+20W Solar)\"}]},{\"@type\":\"WebSite\",\"@id\":\"https:\/\/www.blutezeit.com\/pt\/#website\",\"url\":\"https:\/\/www.blutezeit.com\/pt\/\",\"name\":\"Bl\u00fctezeit\",\"description\":\"Smart &amp; Solar Gate Opener Systems\",\"potentialAction\":[{\"@type\":\"SearchAction\",\"target\":{\"@type\":\"EntryPoint\",\"urlTemplate\":\"https:\/\/www.blutezeit.com\/pt\/?s={search_term_string}\"},\"query-input\":{\"@type\":\"PropertyValueSpecification\",\"valueRequired\":true,\"valueName\":\"search_term_string\"}}],\"inLanguage\":\"fr-FR\"}]}<\/script>\n<!-- \/ Yoast SEO plugin. -->","yoast_head_json":{"title":"ME-GO-600RS 3-in-1 Sliding Gate Opener (w\/Racks+20W Solar) - Bl\u00fctezeit","robots":{"index":"index","follow":"follow","max-snippet":"max-snippet:-1","max-image-preview":"max-image-preview:large","max-video-preview":"max-video-preview:-1"},"canonical":"https:\/\/www.blutezeit.com\/fr\/produit\/me-go-600rs-solar-wifi-gate-opener-battery-backup-racks-20w-solar\/","og_locale":"fr_FR","og_type":"article","og_title":"ME-GO-600RS 3-in-1 Sliding Gate Opener (w\/Racks+20W Solar) - Bl\u00fctezeit","og_description":"1400 lb WiFi solar-ready sliding gate opener with built-in battery backup, 20W solar panel included, racks included, remotes and IR sensor.","og_url":"https:\/\/www.blutezeit.com\/fr\/produit\/me-go-600rs-solar-wifi-gate-opener-battery-backup-racks-20w-solar\/","og_site_name":"Bl\u00fctezeit","article_modified_time":"2026-04-08T04:13:27+00:00","og_image":[{"width":1500,"height":1500,"url":"https:\/\/www.blutezeit.com\/wp-content\/uploads\/2025\/08\/Solar-Rack-Drive-Sliding-Gate-Opener-DC-600-1.jpg","type":"image\/jpeg"}],"twitter_card":"summary_large_image","twitter_misc":{"Dur\u00e9e de lecture estim\u00e9e":"3 minutes"},"schema":{"@context":"https:\/\/schema.org","@graph":[{"@type":"WebPage","@id":"https:\/\/www.blutezeit.com\/product\/me-go-600rs-solar-wifi-gate-opener-battery-backup-racks-20w-solar\/","url":"https:\/\/www.blutezeit.com\/product\/me-go-600rs-solar-wifi-gate-opener-battery-backup-racks-20w-solar\/","name":"ME-GO-600RS 3-in-1 Sliding Gate Opener (w\/Racks+20W Solar) - Bl\u00fctezeit","isPartOf":{"@id":"https:\/\/www.blutezeit.com\/pt\/#website"},"primaryImageOfPage":{"@id":"https:\/\/www.blutezeit.com\/product\/me-go-600rs-solar-wifi-gate-opener-battery-backup-racks-20w-solar\/#primaryimage"},"image":{"@id":"https:\/\/www.blutezeit.com\/product\/me-go-600rs-solar-wifi-gate-opener-battery-backup-racks-20w-solar\/#primaryimage"},"thumbnailUrl":"https:\/\/www.blutezeit.com\/wp-content\/uploads\/2025\/08\/Solar-Rack-Drive-Sliding-Gate-Opener-DC-600-1.jpg","datePublished":"2025-08-12T11:48:37+00:00","dateModified":"2026-04-08T04:13:27+00:00","breadcrumb":{"@id":"https:\/\/www.blutezeit.com\/product\/me-go-600rs-solar-wifi-gate-opener-battery-backup-racks-20w-solar\/#breadcrumb"},"inLanguage":"fr-FR","potentialAction":[{"@type":"ReadAction","target":["https:\/\/www.blutezeit.com\/product\/me-go-600rs-solar-wifi-gate-opener-battery-backup-racks-20w-solar\/"]}]},{"@type":"ImageObject","inLanguage":"fr-FR","@id":"https:\/\/www.blutezeit.com\/product\/me-go-600rs-solar-wifi-gate-opener-battery-backup-racks-20w-solar\/#primaryimage","url":"https:\/\/www.blutezeit.com\/wp-content\/uploads\/2025\/08\/Solar-Rack-Drive-Sliding-Gate-Opener-DC-600-1.jpg","contentUrl":"https:\/\/www.blutezeit.com\/wp-content\/uploads\/2025\/08\/Solar-Rack-Drive-Sliding-Gate-Opener-DC-600-1.jpg","width":1500,"height":1500},{"@type":"BreadcrumbList","@id":"https:\/\/www.blutezeit.com\/product\/me-go-600rs-solar-wifi-gate-opener-battery-backup-racks-20w-solar\/#breadcrumb","itemListElement":[{"@type":"ListItem","position":1,"name":"\u9996\u9875","item":"https:\/\/www.blutezeit.com\/pt\/"},{"@type":"ListItem","position":2,"name":"Product","item":"https:\/\/www.blutezeit.com\/pt\/shop\/"},{"@type":"ListItem","position":3,"name":"ME-GO-600RS 3-in-1 Sliding Gate Opener (w\/Racks+20W Solar)"}]},{"@type":"WebSite","@id":"https:\/\/www.blutezeit.com\/pt\/#website","url":"https:\/\/www.blutezeit.com\/pt\/","name":"Fleur","description":"Syst\u00e8mes d&#039;ouverture de portail intelligents et solaires","potentialAction":[{"@type":"SearchAction","target":{"@type":"EntryPoint","urlTemplate":"https:\/\/www.blutezeit.com\/pt\/?s={search_term_string}"},"query-input":{"@type":"PropertyValueSpecification","valueRequired":true,"valueName":"search_term_string"}}],"inLanguage":"fr-FR"}]}},"_links":{"self":[{"href":"https:\/\/www.blutezeit.com\/fr\/wp-json\/wp\/v2\/product\/793","targetHints":{"allow":["GET"]}}],"collection":[{"href":"https:\/\/www.blutezeit.com\/fr\/wp-json\/wp\/v2\/product"}],"about":[{"href":"https:\/\/www.blutezeit.com\/fr\/wp-json\/wp\/v2\/types\/product"}],"replies":[{"embeddable":true,"href":"https:\/\/www.blutezeit.com\/fr\/wp-json\/wp\/v2\/comments?post=793"}],"wp:featuredmedia":[{"embeddable":true,"href":"https:\/\/www.blutezeit.com\/fr\/wp-json\/wp\/v2\/media\/754"}],"wp:attachment":[{"href":"https:\/\/www.blutezeit.com\/fr\/wp-json\/wp\/v2\/media?parent=793"}],"wp:term":[{"taxonomy":"product_brand","embeddable":true,"href":"https:\/\/www.blutezeit.com\/fr\/wp-json\/wp\/v2\/product_brand?post=793"},{"taxonomy":"product_cat","embeddable":true,"href":"https:\/\/www.blutezeit.com\/fr\/wp-json\/wp\/v2\/product_cat?post=793"},{"taxonomy":"product_tag","embeddable":true,"href":"https:\/\/www.blutezeit.com\/fr\/wp-json\/wp\/v2\/product_tag?post=793"}],"curies":[{"name":"wp","href":"https:\/\/api.w.org\/{rel}","templated":true}]}}