{"id":599,"date":"2025-07-21T15:48:24","date_gmt":"2025-07-21T15:48:24","guid":{"rendered":"https:\/\/www.blutezeit.com\/?post_type=product&#038;p=599"},"modified":"2026-03-18T05:41:34","modified_gmt":"2026-03-18T05:41:34","slug":"mch10-10ft-roller-chain-08b-sliding-gate-opener","status":"publish","type":"product","link":"https:\/\/www.blutezeit.com\/fr\/produit\/mch10-10ft-roller-chain-08b-sliding-gate-opener\/","title":{"rendered":"Cha\u00eene \u00e0 rouleaux de 3 m\u00e8tres"},"content":{"rendered":"<div class=\"celwidget aplus-module premium-module-2-fullbackground-image aplus-premium\" data-csa-c-id=\"hqvyxy-1lm8rt-xe4tj8-7328js\" data-cel-widget=\"aplus-premium-module-2-fullbackground-image\">\n<div class=\"a-section a-spacing-none premium-aplus premium-aplus-module-2\">\n<h1 class=\"a-text-center aplus-container-3 aplus-h1 a-text-bold\">Cha\u00eenes \u00e0 rouleaux Bl\u00fctezeit pour portails coulissants<\/h1>\n<div class=\"a-section a-spacing-none premium-background-wrapper\">\n<div class=\"a-section a-spacing-none background-image\"><img decoding=\"async\" class=\"\" src=\"https:\/\/m.media-amazon.com\/images\/S\/aplus-media-library-service-media\/6323544e-a45b-4e4b-ab5b-d14761da5af9.__CR0,0,1464,600_PT0_SX1464_V1___.jpg\" alt=\"roller chains sliding gate opener slide gate motor extension chain\" data-src=\"https:\/\/m.media-amazon.com\/images\/S\/aplus-media-library-service-media\/6323544e-a45b-4e4b-ab5b-d14761da5af9.__CR0,0,1464,600_PT0_SX1464_V1___.jpg\" \/><\/div>\n<\/div>\n<div class=\"a-section a-text-center\"><\/div>\n<\/div>\n<\/div>\n<div class=\"celwidget aplus-module premium-module-16-tech-specs aplus-premium\" data-csa-c-id=\"ftfzjn-4zyzz0-7kqz4y-xq2o69\" data-cel-widget=\"aplus-premium-module-16-tech-specs\">\n<div class=\"a-section a-spacing-none aplus-index-1 premium-aplus premium-aplus-module-16 aplus-container-3\">\n<h3 class=\"a-size-extra-large a-spacing-base a-text-center\">Sp\u00e9cification<\/h3>\n<div class=\"a-row\">\n<div class=\"a-column a-span6\">\n<table class=\"a-bordered a-horizontal-stripes aplus-tech-spec-table\">\n<tbody>\n<tr>\n<td class=\"a-text-bold\">Mod\u00e8le de cha\u00eene<\/td>\n<td>08B-1 (\u00e9quivalent \u00e0 ANSI #41)<\/td>\n<\/tr>\n<tr>\n<td class=\"a-text-bold\">Hauteur (P)<\/td>\n<td>1\/2\u2033 (distance entre les maillons de la cha\u00eene)<\/td>\n<\/tr>\n<tr>\n<td class=\"a-text-bold\">Diam\u00e8tre du rouleau (d1 max)<\/td>\n<td>0,335\u201d (diam\u00e8tre maximal du rouleau)<\/td>\n<\/tr>\n<tr>\n<td class=\"a-text-bold\">Largeur int\u00e9rieure (b1 min)<\/td>\n<td>0,305\u201d (largeur int\u00e9rieure minimale entre les plaques)<\/td>\n<\/tr>\n<tr>\n<td class=\"a-text-bold\">Diam\u00e8tre de la broche (d2 max)<\/td>\n<td>0,175&quot; (diam\u00e8tre maximal de la broche)<\/td>\n<\/tr>\n<\/tbody>\n<\/table>\n<\/div>\n<div class=\"a-column a-span6 a-span-last\">\n<table class=\"a-bordered a-horizontal-stripes aplus-tech-spec-table\">\n<tbody>\n<tr>\n<td class=\"a-text-bold\">Hauteur totale (h2 max)<\/td>\n<td>0,465\u201d (hauteur maximale de la plaque ext\u00e9rieure)<\/td>\n<\/tr>\n<tr>\n<td class=\"a-text-bold\">Longueur maximale de la cha\u00eene (L max)<\/td>\n<td>0,657\u201d (plage de longueur de pas max.)<\/td>\n<\/tr>\n<tr>\n<td class=\"a-text-bold\">Longueur totale de la broche (Lc)<\/td>\n<td>0,717&quot; (longueur totale de la broche sur les plaques)<\/td>\n<\/tr>\n<tr>\n<td class=\"a-text-bold\">R\u00e9sistance minimale \u00e0 la traction (Q)<\/td>\n<td>4\u00a0000 lb (r\u00e9sistance \u00e0 la traction minimale)<\/td>\n<\/tr>\n<tr>\n<td class=\"a-text-bold\">Poids de la cha\u00eene (q)<\/td>\n<td>1,5 lb\/yard (poids par yard de cha\u00eene)<\/td>\n<\/tr>\n<\/tbody>\n<\/table>\n<\/div>\n<\/div>\n<\/div>\n<\/div>\n<div class=\"celwidget aplus-module premium-module-6-three-column-comparison aplus-premium\" data-csa-c-id=\"d1uc12-sniowu-z092ek-kvzyaj\" data-cel-widget=\"aplus-premium-module-6-three-column-comparison\">\n<div class=\"a-section a-spacing-none premium-aplus premium-aplus-module-6 aplus-container-1\">\n<h3 class=\"a-text-center aplus-heading aplus-h1 a-text-bold\">Compatible avec la s\u00e9rie ME-GO-600<\/h3>\n<div class=\"a-section a-spacing-none {'comparison-container'}\">\n<table class=\"a-normal\">\n<tbody>\n<tr class=\"comparison-heading-row\">\n<th class=\"a-align-bottom\">\n<div class=\"a-section a-spacing-none a-text-center\"><img decoding=\"async\" class=\"\" src=\"https:\/\/m.media-amazon.com\/images\/S\/aplus-media-library-service-media\/7bb7f9b6-b52c-4f29-8e6c-3a985e2637f0.__CR0,0,1076,807_PT0_SX300_V1___.jpg\" alt=\"\" data-src=\"https:\/\/m.media-amazon.com\/images\/S\/aplus-media-library-service-media\/7bb7f9b6-b52c-4f29-8e6c-3a985e2637f0.__CR0,0,1076,807_PT0_SX300_V1___.jpg\" \/><\/div>\n<div class=\"a-section a-spacing-none a-text-center aplus-title\">\n<p class=\"a-text-center aplus-title aplus-p2 a-text-bold\">cha\u00eene \u00e0 rouleaux<\/p>\n<\/div>\n<\/th>\n<th class=\"a-align-bottom\">\n<div class=\"a-section a-spacing-none a-text-center\"><img decoding=\"async\" class=\"\" src=\"https:\/\/m.media-amazon.com\/images\/S\/aplus-media-library-service-media\/58010be0-ea92-4ed8-8689-6162d0fb9197.__CR0,0,1075,806_PT0_SX300_V1___.jpg\" alt=\"\" data-src=\"https:\/\/m.media-amazon.com\/images\/S\/aplus-media-library-service-media\/58010be0-ea92-4ed8-8689-6162d0fb9197.__CR0,0,1075,806_PT0_SX300_V1___.jpg\" \/><\/div>\n<div class=\"a-section a-spacing-none a-text-center aplus-title\">\n<p class=\"a-text-center aplus-title aplus-p2 a-text-bold\">Ouvre-portail \u00e0 cha\u00eene CS1<\/p>\n<\/div>\n<\/th>\n<th class=\"a-align-bottom\">\n<div class=\"a-section a-spacing-none a-text-center\"><img decoding=\"async\" class=\"\" src=\"https:\/\/m.media-amazon.com\/images\/S\/aplus-media-library-service-media\/bd349c0e-41ef-43b0-81a4-c9bfb03300dd.__CR0,2,300,225_PT0_SX300_V1___.jpg\" alt=\"\" data-src=\"https:\/\/m.media-amazon.com\/images\/S\/aplus-media-library-service-media\/bd349c0e-41ef-43b0-81a4-c9bfb03300dd.__CR0,2,300,225_PT0_SX300_V1___.jpg\" \/><\/div>\n<div class=\"a-section a-spacing-none a-text-center aplus-title\">\n<p class=\"a-text-center aplus-title aplus-p2 a-text-bold\">Ouvre-portail \u00e0 cha\u00eene de 900 lb<\/p>\n<\/div>\n<\/th>\n<\/tr>\n<tr>\n<td class=\"comparison-column\">\n<p class=\"aplus-p3 a-text-bold\">Longueur de cha\u00eene incluse<\/p>\n<p class=\"aplus-p3\"><span class=\"a-text-bold\">5 pieds \/ 10 pieds \/ 20 pieds<\/span>\u00a0options<\/p>\n<\/td>\n<td class=\"comparison-column\">\n<p class=\"aplus-p3 a-text-bold\">Longueur de cha\u00eene incluse<\/p>\n<p class=\"aplus-p3\">Jusqu&#039;\u00e0\u00a0<span class=\"a-text-bold\">20 pieds<\/span>\u00a0couverture<\/p>\n<\/td>\n<td class=\"comparison-column\">\n<p class=\"aplus-p3 a-text-bold\">Longueur de cha\u00eene incluse<\/p>\n<p class=\"aplus-p3\">Jusqu&#039;\u00e0\u00a0<span class=\"a-text-bold\">16,4 pieds<\/span>\u00a0couverture<\/p>\n<\/td>\n<\/tr>\n<tr>\n<td class=\"comparison-column\">\n<p class=\"aplus-p3 a-text-bold\">Source d&#039;\u00e9nergie<\/p>\n<p class=\"aplus-p3\">N \/ A<\/p>\n<\/td>\n<td class=\"comparison-column\">\n<p class=\"aplus-p3 a-text-bold\">Source d&#039;\u00e9nergie<\/p>\n<p class=\"aplus-p3\">CA 110 V \/ CC 24 V<\/p>\n<\/td>\n<td class=\"comparison-column\">\n<p class=\"aplus-p3 a-text-bold\">Source d&#039;\u00e9nergie<\/p>\n<p class=\"aplus-p3\">110 V CA<\/p>\n<\/td>\n<\/tr>\n<tr>\n<td class=\"comparison-column\">\n<p class=\"aplus-p3 a-text-bold\">Type de colis<\/p>\n<p class=\"aplus-p3\">Cha\u00eene uniquement<\/p>\n<\/td>\n<td class=\"comparison-column\">\n<p class=\"aplus-p3 a-text-bold\">Type de colis<\/p>\n<p class=\"aplus-p3\">Kit complet avec cha\u00eenes et panneau solaire<\/p>\n<\/td>\n<td class=\"comparison-column\">\n<p class=\"aplus-p3 a-text-bold\">Type de colis<\/p>\n<p class=\"aplus-p3\">Kit standard avec cha\u00eenes<\/p>\n<\/td>\n<\/tr>\n<tr>\n<td class=\"comparison-column\">\n<p class=\"aplus-p3 a-text-bold\">Port\u00e9e de l&#039;installation<\/p>\n<p class=\"aplus-p3\">Extension \/ Remplacement<\/p>\n<\/td>\n<td class=\"comparison-column\">\n<p class=\"aplus-p3 a-text-bold\">Port\u00e9e de l&#039;installation<\/p>\n<p class=\"aplus-p3\">Syst\u00e8me d&#039;ouverture de portail complet<\/p>\n<\/td>\n<td class=\"comparison-column\">\n<p class=\"aplus-p3 a-text-bold\">Port\u00e9e de l&#039;installation<\/p>\n<p class=\"aplus-p3\">Syst\u00e8me d&#039;ouverture de portail complet<\/p>\n<\/td>\n<\/tr>\n<\/tbody>\n<\/table>\n<\/div>\n<\/div>\n<\/div>","protected":false},"excerpt":{"rendered":"<p>Cha\u00eene \u00e0 rouleaux standard m\u00e9trique 08B de 3 m (pas de 12,7 mm) avec 1 maillon de raccordement, compatible avec la s\u00e9rie d&#039;ouvre-portails coulissants ME-GO-600.<\/p>","protected":false},"featured_media":593,"comment_status":"open","ping_status":"closed","template":"","meta":[],"product_brand":[33],"product_cat":[22,31],"product_tag":[],"class_list":{"0":"post-599","1":"product","2":"type-product","3":"status-publish","4":"has-post-thumbnail","6":"product_brand-blutezeit","7":"product_cat-accessories","8":"product_cat-gate-hardware","10":"first","11":"instock","12":"shipping-taxable","13":"purchasable","14":"product-type-simple"},"yoast_head":"<!-- This site is optimized with the Yoast SEO plugin v26.4 - https:\/\/yoast.com\/wordpress\/plugins\/seo\/ -->\n<title>10ft Roller Chain - Bl\u00fctezeit<\/title>\n<meta name=\"robots\" content=\"index, follow, max-snippet:-1, max-image-preview:large, max-video-preview:-1\" \/>\n<link rel=\"canonical\" href=\"https:\/\/www.blutezeit.com\/fr\/produit\/mch10-10ft-roller-chain-08b-sliding-gate-opener\/\" \/>\n<meta property=\"og:locale\" content=\"fr_FR\" \/>\n<meta property=\"og:type\" content=\"article\" \/>\n<meta property=\"og:title\" content=\"10ft Roller Chain - Bl\u00fctezeit\" \/>\n<meta property=\"og:description\" content=\"10ft 08B metric standard roller chain (1\/2&quot; pitch) with 1 connecting link, compatible with ME-GO-600 sliding gate opener series\" \/>\n<meta property=\"og:url\" content=\"https:\/\/www.blutezeit.com\/fr\/produit\/mch10-10ft-roller-chain-08b-sliding-gate-opener\/\" \/>\n<meta property=\"og:site_name\" content=\"Bl\u00fctezeit\" \/>\n<meta property=\"article:modified_time\" content=\"2026-03-18T05:41:34+00:00\" \/>\n<meta property=\"og:image\" content=\"http:\/\/www.blutezeit.com\/wp-content\/uploads\/2025\/07\/10ft-Roller-Chain-08B-for-Sliding-Gate-Openers-1.jpg\" \/>\n\t<meta property=\"og:image:width\" content=\"1600\" \/>\n\t<meta property=\"og:image:height\" content=\"1600\" \/>\n\t<meta property=\"og:image:type\" content=\"image\/jpeg\" \/>\n<meta name=\"twitter:card\" content=\"summary_large_image\" \/>\n<meta name=\"twitter:label1\" content=\"Dur\u00e9e de lecture estim\u00e9e\" \/>\n\t<meta name=\"twitter:data1\" content=\"2 minutes\" \/>\n<script type=\"application\/ld+json\" class=\"yoast-schema-graph\">{\"@context\":\"https:\/\/schema.org\",\"@graph\":[{\"@type\":\"WebPage\",\"@id\":\"https:\/\/www.blutezeit.com\/product\/mch10-10ft-roller-chain-08b-sliding-gate-opener\/\",\"url\":\"https:\/\/www.blutezeit.com\/product\/mch10-10ft-roller-chain-08b-sliding-gate-opener\/\",\"name\":\"10ft Roller Chain - Bl\u00fctezeit\",\"isPartOf\":{\"@id\":\"https:\/\/www.blutezeit.com\/pt\/#website\"},\"primaryImageOfPage\":{\"@id\":\"https:\/\/www.blutezeit.com\/product\/mch10-10ft-roller-chain-08b-sliding-gate-opener\/#primaryimage\"},\"image\":{\"@id\":\"https:\/\/www.blutezeit.com\/product\/mch10-10ft-roller-chain-08b-sliding-gate-opener\/#primaryimage\"},\"thumbnailUrl\":\"https:\/\/www.blutezeit.com\/wp-content\/uploads\/2025\/07\/10ft-Roller-Chain-08B-for-Sliding-Gate-Openers-1.jpg\",\"datePublished\":\"2025-07-21T15:48:24+00:00\",\"dateModified\":\"2026-03-18T05:41:34+00:00\",\"breadcrumb\":{\"@id\":\"https:\/\/www.blutezeit.com\/product\/mch10-10ft-roller-chain-08b-sliding-gate-opener\/#breadcrumb\"},\"inLanguage\":\"fr-FR\",\"potentialAction\":[{\"@type\":\"ReadAction\",\"target\":[\"https:\/\/www.blutezeit.com\/product\/mch10-10ft-roller-chain-08b-sliding-gate-opener\/\"]}]},{\"@type\":\"ImageObject\",\"inLanguage\":\"fr-FR\",\"@id\":\"https:\/\/www.blutezeit.com\/product\/mch10-10ft-roller-chain-08b-sliding-gate-opener\/#primaryimage\",\"url\":\"https:\/\/www.blutezeit.com\/wp-content\/uploads\/2025\/07\/10ft-Roller-Chain-08B-for-Sliding-Gate-Openers-1.jpg\",\"contentUrl\":\"https:\/\/www.blutezeit.com\/wp-content\/uploads\/2025\/07\/10ft-Roller-Chain-08B-for-Sliding-Gate-Openers-1.jpg\",\"width\":1600,\"height\":1600},{\"@type\":\"BreadcrumbList\",\"@id\":\"https:\/\/www.blutezeit.com\/product\/mch10-10ft-roller-chain-08b-sliding-gate-opener\/#breadcrumb\",\"itemListElement\":[{\"@type\":\"ListItem\",\"position\":1,\"name\":\"\u9996\u9875\",\"item\":\"https:\/\/www.blutezeit.com\/pt\/\"},{\"@type\":\"ListItem\",\"position\":2,\"name\":\"Product\",\"item\":\"https:\/\/www.blutezeit.com\/pt\/shop\/\"},{\"@type\":\"ListItem\",\"position\":3,\"name\":\"10ft Roller Chain\"}]},{\"@type\":\"WebSite\",\"@id\":\"https:\/\/www.blutezeit.com\/pt\/#website\",\"url\":\"https:\/\/www.blutezeit.com\/pt\/\",\"name\":\"Bl\u00fctezeit\",\"description\":\"Smart &amp; Solar Gate Opener Systems\",\"potentialAction\":[{\"@type\":\"SearchAction\",\"target\":{\"@type\":\"EntryPoint\",\"urlTemplate\":\"https:\/\/www.blutezeit.com\/pt\/?s={search_term_string}\"},\"query-input\":{\"@type\":\"PropertyValueSpecification\",\"valueRequired\":true,\"valueName\":\"search_term_string\"}}],\"inLanguage\":\"fr-FR\"}]}<\/script>\n<!-- \/ Yoast SEO plugin. -->","yoast_head_json":{"title":"10ft Roller Chain - Bl\u00fctezeit","robots":{"index":"index","follow":"follow","max-snippet":"max-snippet:-1","max-image-preview":"max-image-preview:large","max-video-preview":"max-video-preview:-1"},"canonical":"https:\/\/www.blutezeit.com\/fr\/produit\/mch10-10ft-roller-chain-08b-sliding-gate-opener\/","og_locale":"fr_FR","og_type":"article","og_title":"10ft Roller Chain - Bl\u00fctezeit","og_description":"10ft 08B metric standard roller chain (1\/2\" pitch) with 1 connecting link, compatible with ME-GO-600 sliding gate opener series","og_url":"https:\/\/www.blutezeit.com\/fr\/produit\/mch10-10ft-roller-chain-08b-sliding-gate-opener\/","og_site_name":"Bl\u00fctezeit","article_modified_time":"2026-03-18T05:41:34+00:00","og_image":[{"width":1600,"height":1600,"url":"http:\/\/www.blutezeit.com\/wp-content\/uploads\/2025\/07\/10ft-Roller-Chain-08B-for-Sliding-Gate-Openers-1.jpg","type":"image\/jpeg"}],"twitter_card":"summary_large_image","twitter_misc":{"Dur\u00e9e de lecture estim\u00e9e":"2 minutes"},"schema":{"@context":"https:\/\/schema.org","@graph":[{"@type":"WebPage","@id":"https:\/\/www.blutezeit.com\/product\/mch10-10ft-roller-chain-08b-sliding-gate-opener\/","url":"https:\/\/www.blutezeit.com\/product\/mch10-10ft-roller-chain-08b-sliding-gate-opener\/","name":"10ft Roller Chain - Bl\u00fctezeit","isPartOf":{"@id":"https:\/\/www.blutezeit.com\/pt\/#website"},"primaryImageOfPage":{"@id":"https:\/\/www.blutezeit.com\/product\/mch10-10ft-roller-chain-08b-sliding-gate-opener\/#primaryimage"},"image":{"@id":"https:\/\/www.blutezeit.com\/product\/mch10-10ft-roller-chain-08b-sliding-gate-opener\/#primaryimage"},"thumbnailUrl":"https:\/\/www.blutezeit.com\/wp-content\/uploads\/2025\/07\/10ft-Roller-Chain-08B-for-Sliding-Gate-Openers-1.jpg","datePublished":"2025-07-21T15:48:24+00:00","dateModified":"2026-03-18T05:41:34+00:00","breadcrumb":{"@id":"https:\/\/www.blutezeit.com\/product\/mch10-10ft-roller-chain-08b-sliding-gate-opener\/#breadcrumb"},"inLanguage":"fr-FR","potentialAction":[{"@type":"ReadAction","target":["https:\/\/www.blutezeit.com\/product\/mch10-10ft-roller-chain-08b-sliding-gate-opener\/"]}]},{"@type":"ImageObject","inLanguage":"fr-FR","@id":"https:\/\/www.blutezeit.com\/product\/mch10-10ft-roller-chain-08b-sliding-gate-opener\/#primaryimage","url":"https:\/\/www.blutezeit.com\/wp-content\/uploads\/2025\/07\/10ft-Roller-Chain-08B-for-Sliding-Gate-Openers-1.jpg","contentUrl":"https:\/\/www.blutezeit.com\/wp-content\/uploads\/2025\/07\/10ft-Roller-Chain-08B-for-Sliding-Gate-Openers-1.jpg","width":1600,"height":1600},{"@type":"BreadcrumbList","@id":"https:\/\/www.blutezeit.com\/product\/mch10-10ft-roller-chain-08b-sliding-gate-opener\/#breadcrumb","itemListElement":[{"@type":"ListItem","position":1,"name":"\u9996\u9875","item":"https:\/\/www.blutezeit.com\/pt\/"},{"@type":"ListItem","position":2,"name":"Product","item":"https:\/\/www.blutezeit.com\/pt\/shop\/"},{"@type":"ListItem","position":3,"name":"10ft Roller Chain"}]},{"@type":"WebSite","@id":"https:\/\/www.blutezeit.com\/pt\/#website","url":"https:\/\/www.blutezeit.com\/pt\/","name":"Fleur","description":"Syst\u00e8mes d&#039;ouverture de portail intelligents et solaires","potentialAction":[{"@type":"SearchAction","target":{"@type":"EntryPoint","urlTemplate":"https:\/\/www.blutezeit.com\/pt\/?s={search_term_string}"},"query-input":{"@type":"PropertyValueSpecification","valueRequired":true,"valueName":"search_term_string"}}],"inLanguage":"fr-FR"}]}},"_links":{"self":[{"href":"https:\/\/www.blutezeit.com\/fr\/wp-json\/wp\/v2\/product\/599","targetHints":{"allow":["GET"]}}],"collection":[{"href":"https:\/\/www.blutezeit.com\/fr\/wp-json\/wp\/v2\/product"}],"about":[{"href":"https:\/\/www.blutezeit.com\/fr\/wp-json\/wp\/v2\/types\/product"}],"replies":[{"embeddable":true,"href":"https:\/\/www.blutezeit.com\/fr\/wp-json\/wp\/v2\/comments?post=599"}],"wp:featuredmedia":[{"embeddable":true,"href":"https:\/\/www.blutezeit.com\/fr\/wp-json\/wp\/v2\/media\/593"}],"wp:attachment":[{"href":"https:\/\/www.blutezeit.com\/fr\/wp-json\/wp\/v2\/media?parent=599"}],"wp:term":[{"taxonomy":"product_brand","embeddable":true,"href":"https:\/\/www.blutezeit.com\/fr\/wp-json\/wp\/v2\/product_brand?post=599"},{"taxonomy":"product_cat","embeddable":true,"href":"https:\/\/www.blutezeit.com\/fr\/wp-json\/wp\/v2\/product_cat?post=599"},{"taxonomy":"product_tag","embeddable":true,"href":"https:\/\/www.blutezeit.com\/fr\/wp-json\/wp\/v2\/product_tag?post=599"}],"curies":[{"name":"wp","href":"https:\/\/api.w.org\/{rel}","templated":true}]}}