{"id":586,"date":"2025-07-21T15:38:58","date_gmt":"2025-07-21T15:38:58","guid":{"rendered":"https:\/\/www.blutezeit.com\/?post_type=product&#038;p=586"},"modified":"2026-03-09T09:07:56","modified_gmt":"2026-03-09T09:07:56","slug":"mbd60-battery-level-display-dc24v-gate-opener","status":"publish","type":"product","link":"https:\/\/www.blutezeit.com\/fr\/produit\/mbd60-battery-level-display-dc24v-gate-opener\/","title":{"rendered":"Affichage du niveau de la batterie"},"content":{"rendered":"<h2><span class=\"a-text-bold\">Indicateur de niveau de batterie pour ouvre-porte solaire ME-GO-600 DC<\/span><\/h2>\n<h6><span class=\"a-text-bold\">\ud83d\udcca Surveillance de la batterie en temps r\u00e9el<\/span><br \/>\nDispose d&#039;un \u00e9cran LCD clair qui affiche la tension de la batterie et le pourcentage de charge restant, vous permettant de surveiller l&#039;\u00e9tat de l&#039;alimentation en un coup d&#039;\u0153il.<\/h6>\n<p><span class=\"a-text-bold\">\ud83d\udca7 Conception \u00e9tanche IP65<\/span><br \/>\nCon\u00e7u de mani\u00e8re durable pour une utilisation en ext\u00e9rieur, le compteur peut \u00eatre install\u00e9 \u00e0 l&#039;ext\u00e9rieur du bo\u00eetier de l&#039;ouvre-porte avec un \u0153illet \u00e9tanche pour le routage des fils, ce qui rend les v\u00e9rifications de la batterie pratiques sans ouvrir l&#039;appareil.<\/p>\n<p><span class=\"a-text-bold\">\u26a1 Installation facile<\/span><br \/>\nConnectez simplement les fils rouge et noir aux bornes de la batterie sur le PCB de l&#039;ouvre-porte ME-GO-600 pour une configuration rapide.<\/p>\n<p><span class=\"a-text-bold\">\u26a0\ufe0f Instructions d&#039;utilisation<\/span><br \/>\nUtilisez uniquement le bouton d&#039;alimentation situ\u00e9 sous l&#039;\u00e9cran pour allumer ou \u00e9teindre le lecteur. \u00c9vitez d&#039;appuyer sur le bouton \u00ab\u00a0SET\u00a0\u00bb pour ne pas modifier les param\u00e8tres d&#039;usine.<\/p>\n<p><span class=\"a-text-bold\">\ud83d\udca1 Astuce pour \u00e9conomiser l&#039;\u00e9nergie<\/span><br \/>\nSi vous n&#039;utilisez pas le contr\u00f4le WiFi, il est recommand\u00e9 de retirer manuellement le module WiFi du PCB pour \u00e9conomiser la batterie.<\/p>\n<p>Ce compteur d&#039;affichage du niveau de batterie est un accessoire essentiel pour suivre l&#039;\u00e9tat d&#039;alimentation de votre ouvre-portail et assurer une charge rapide pour un fonctionnement ininterrompu.<\/p>","protected":false},"excerpt":{"rendered":"<p>Indicateur \u00e9tanche de niveau de batterie DC24V pour syst\u00e8mes d&#039;ouverture de portail coulissant solaire ME-GO-600<\/p>","protected":false},"featured_media":1577,"comment_status":"open","ping_status":"closed","template":"","meta":[],"product_brand":[33],"product_cat":[80,22],"product_tag":[],"class_list":{"0":"post-586","1":"product","2":"type-product","3":"status-publish","4":"has-post-thumbnail","6":"product_brand-blutezeit","7":"product_cat-solar-power-supply","8":"product_cat-accessories","10":"first","11":"instock","12":"shipping-taxable","13":"purchasable","14":"product-type-simple"},"yoast_head":"<!-- This site is optimized with the Yoast SEO plugin v26.4 - https:\/\/yoast.com\/wordpress\/plugins\/seo\/ -->\n<title>Battery Level Display - Bl\u00fctezeit<\/title>\n<meta name=\"robots\" content=\"index, follow, max-snippet:-1, max-image-preview:large, max-video-preview:-1\" \/>\n<link rel=\"canonical\" href=\"https:\/\/www.blutezeit.com\/fr\/produit\/mbd60-battery-level-display-dc24v-gate-opener\/\" \/>\n<meta property=\"og:locale\" content=\"fr_FR\" \/>\n<meta property=\"og:type\" content=\"article\" \/>\n<meta property=\"og:title\" content=\"Battery Level Display - Bl\u00fctezeit\" \/>\n<meta property=\"og:description\" content=\"Waterproof DC24V battery level display for ME-GO-600 solar sliding gate opener systems\" \/>\n<meta property=\"og:url\" content=\"https:\/\/www.blutezeit.com\/fr\/produit\/mbd60-battery-level-display-dc24v-gate-opener\/\" \/>\n<meta property=\"og:site_name\" content=\"Bl\u00fctezeit\" \/>\n<meta property=\"article:modified_time\" content=\"2026-03-09T09:07:56+00:00\" \/>\n<meta property=\"og:image\" content=\"http:\/\/www.blutezeit.com\/wp-content\/uploads\/2025\/07\/Battery-Display-for-Solar-Gate-Openers-1-1.jpg\" \/>\n\t<meta property=\"og:image:width\" content=\"1600\" \/>\n\t<meta property=\"og:image:height\" content=\"1600\" \/>\n\t<meta property=\"og:image:type\" content=\"image\/jpeg\" \/>\n<meta name=\"twitter:card\" content=\"summary_large_image\" \/>\n<meta name=\"twitter:label1\" content=\"Dur\u00e9e de lecture estim\u00e9e\" \/>\n\t<meta name=\"twitter:data1\" content=\"1 minute\" \/>\n<script type=\"application\/ld+json\" class=\"yoast-schema-graph\">{\"@context\":\"https:\/\/schema.org\",\"@graph\":[{\"@type\":\"WebPage\",\"@id\":\"https:\/\/www.blutezeit.com\/product\/mbd60-battery-level-display-dc24v-gate-opener\/\",\"url\":\"https:\/\/www.blutezeit.com\/product\/mbd60-battery-level-display-dc24v-gate-opener\/\",\"name\":\"Battery Level Display - Bl\u00fctezeit\",\"isPartOf\":{\"@id\":\"https:\/\/www.blutezeit.com\/pt\/#website\"},\"primaryImageOfPage\":{\"@id\":\"https:\/\/www.blutezeit.com\/product\/mbd60-battery-level-display-dc24v-gate-opener\/#primaryimage\"},\"image\":{\"@id\":\"https:\/\/www.blutezeit.com\/product\/mbd60-battery-level-display-dc24v-gate-opener\/#primaryimage\"},\"thumbnailUrl\":\"https:\/\/www.blutezeit.com\/wp-content\/uploads\/2025\/07\/Battery-Display-for-Solar-Gate-Openers-1-1.jpg\",\"datePublished\":\"2025-07-21T15:38:58+00:00\",\"dateModified\":\"2026-03-09T09:07:56+00:00\",\"breadcrumb\":{\"@id\":\"https:\/\/www.blutezeit.com\/product\/mbd60-battery-level-display-dc24v-gate-opener\/#breadcrumb\"},\"inLanguage\":\"fr-FR\",\"potentialAction\":[{\"@type\":\"ReadAction\",\"target\":[\"https:\/\/www.blutezeit.com\/product\/mbd60-battery-level-display-dc24v-gate-opener\/\"]}]},{\"@type\":\"ImageObject\",\"inLanguage\":\"fr-FR\",\"@id\":\"https:\/\/www.blutezeit.com\/product\/mbd60-battery-level-display-dc24v-gate-opener\/#primaryimage\",\"url\":\"https:\/\/www.blutezeit.com\/wp-content\/uploads\/2025\/07\/Battery-Display-for-Solar-Gate-Openers-1-1.jpg\",\"contentUrl\":\"https:\/\/www.blutezeit.com\/wp-content\/uploads\/2025\/07\/Battery-Display-for-Solar-Gate-Openers-1-1.jpg\",\"width\":1600,\"height\":1600},{\"@type\":\"BreadcrumbList\",\"@id\":\"https:\/\/www.blutezeit.com\/product\/mbd60-battery-level-display-dc24v-gate-opener\/#breadcrumb\",\"itemListElement\":[{\"@type\":\"ListItem\",\"position\":1,\"name\":\"\u9996\u9875\",\"item\":\"https:\/\/www.blutezeit.com\/pt\/\"},{\"@type\":\"ListItem\",\"position\":2,\"name\":\"Product\",\"item\":\"https:\/\/www.blutezeit.com\/pt\/shop\/\"},{\"@type\":\"ListItem\",\"position\":3,\"name\":\"Battery Level Display\"}]},{\"@type\":\"WebSite\",\"@id\":\"https:\/\/www.blutezeit.com\/pt\/#website\",\"url\":\"https:\/\/www.blutezeit.com\/pt\/\",\"name\":\"Bl\u00fctezeit\",\"description\":\"Smart &amp; Solar Gate Opener Systems\",\"potentialAction\":[{\"@type\":\"SearchAction\",\"target\":{\"@type\":\"EntryPoint\",\"urlTemplate\":\"https:\/\/www.blutezeit.com\/pt\/?s={search_term_string}\"},\"query-input\":{\"@type\":\"PropertyValueSpecification\",\"valueRequired\":true,\"valueName\":\"search_term_string\"}}],\"inLanguage\":\"fr-FR\"}]}<\/script>\n<!-- \/ Yoast SEO plugin. -->","yoast_head_json":{"title":"Battery Level Display - Bl\u00fctezeit","robots":{"index":"index","follow":"follow","max-snippet":"max-snippet:-1","max-image-preview":"max-image-preview:large","max-video-preview":"max-video-preview:-1"},"canonical":"https:\/\/www.blutezeit.com\/fr\/produit\/mbd60-battery-level-display-dc24v-gate-opener\/","og_locale":"fr_FR","og_type":"article","og_title":"Battery Level Display - Bl\u00fctezeit","og_description":"Waterproof DC24V battery level display for ME-GO-600 solar sliding gate opener systems","og_url":"https:\/\/www.blutezeit.com\/fr\/produit\/mbd60-battery-level-display-dc24v-gate-opener\/","og_site_name":"Bl\u00fctezeit","article_modified_time":"2026-03-09T09:07:56+00:00","og_image":[{"width":1600,"height":1600,"url":"http:\/\/www.blutezeit.com\/wp-content\/uploads\/2025\/07\/Battery-Display-for-Solar-Gate-Openers-1-1.jpg","type":"image\/jpeg"}],"twitter_card":"summary_large_image","twitter_misc":{"Dur\u00e9e de lecture estim\u00e9e":"1 minute"},"schema":{"@context":"https:\/\/schema.org","@graph":[{"@type":"WebPage","@id":"https:\/\/www.blutezeit.com\/product\/mbd60-battery-level-display-dc24v-gate-opener\/","url":"https:\/\/www.blutezeit.com\/product\/mbd60-battery-level-display-dc24v-gate-opener\/","name":"Battery Level Display - Bl\u00fctezeit","isPartOf":{"@id":"https:\/\/www.blutezeit.com\/pt\/#website"},"primaryImageOfPage":{"@id":"https:\/\/www.blutezeit.com\/product\/mbd60-battery-level-display-dc24v-gate-opener\/#primaryimage"},"image":{"@id":"https:\/\/www.blutezeit.com\/product\/mbd60-battery-level-display-dc24v-gate-opener\/#primaryimage"},"thumbnailUrl":"https:\/\/www.blutezeit.com\/wp-content\/uploads\/2025\/07\/Battery-Display-for-Solar-Gate-Openers-1-1.jpg","datePublished":"2025-07-21T15:38:58+00:00","dateModified":"2026-03-09T09:07:56+00:00","breadcrumb":{"@id":"https:\/\/www.blutezeit.com\/product\/mbd60-battery-level-display-dc24v-gate-opener\/#breadcrumb"},"inLanguage":"fr-FR","potentialAction":[{"@type":"ReadAction","target":["https:\/\/www.blutezeit.com\/product\/mbd60-battery-level-display-dc24v-gate-opener\/"]}]},{"@type":"ImageObject","inLanguage":"fr-FR","@id":"https:\/\/www.blutezeit.com\/product\/mbd60-battery-level-display-dc24v-gate-opener\/#primaryimage","url":"https:\/\/www.blutezeit.com\/wp-content\/uploads\/2025\/07\/Battery-Display-for-Solar-Gate-Openers-1-1.jpg","contentUrl":"https:\/\/www.blutezeit.com\/wp-content\/uploads\/2025\/07\/Battery-Display-for-Solar-Gate-Openers-1-1.jpg","width":1600,"height":1600},{"@type":"BreadcrumbList","@id":"https:\/\/www.blutezeit.com\/product\/mbd60-battery-level-display-dc24v-gate-opener\/#breadcrumb","itemListElement":[{"@type":"ListItem","position":1,"name":"\u9996\u9875","item":"https:\/\/www.blutezeit.com\/pt\/"},{"@type":"ListItem","position":2,"name":"Product","item":"https:\/\/www.blutezeit.com\/pt\/shop\/"},{"@type":"ListItem","position":3,"name":"Battery Level Display"}]},{"@type":"WebSite","@id":"https:\/\/www.blutezeit.com\/pt\/#website","url":"https:\/\/www.blutezeit.com\/pt\/","name":"Fleur","description":"Syst\u00e8mes d&#039;ouverture de portail intelligents et solaires","potentialAction":[{"@type":"SearchAction","target":{"@type":"EntryPoint","urlTemplate":"https:\/\/www.blutezeit.com\/pt\/?s={search_term_string}"},"query-input":{"@type":"PropertyValueSpecification","valueRequired":true,"valueName":"search_term_string"}}],"inLanguage":"fr-FR"}]}},"_links":{"self":[{"href":"https:\/\/www.blutezeit.com\/fr\/wp-json\/wp\/v2\/product\/586","targetHints":{"allow":["GET"]}}],"collection":[{"href":"https:\/\/www.blutezeit.com\/fr\/wp-json\/wp\/v2\/product"}],"about":[{"href":"https:\/\/www.blutezeit.com\/fr\/wp-json\/wp\/v2\/types\/product"}],"replies":[{"embeddable":true,"href":"https:\/\/www.blutezeit.com\/fr\/wp-json\/wp\/v2\/comments?post=586"}],"wp:featuredmedia":[{"embeddable":true,"href":"https:\/\/www.blutezeit.com\/fr\/wp-json\/wp\/v2\/media\/1577"}],"wp:attachment":[{"href":"https:\/\/www.blutezeit.com\/fr\/wp-json\/wp\/v2\/media?parent=586"}],"wp:term":[{"taxonomy":"product_brand","embeddable":true,"href":"https:\/\/www.blutezeit.com\/fr\/wp-json\/wp\/v2\/product_brand?post=586"},{"taxonomy":"product_cat","embeddable":true,"href":"https:\/\/www.blutezeit.com\/fr\/wp-json\/wp\/v2\/product_cat?post=586"},{"taxonomy":"product_tag","embeddable":true,"href":"https:\/\/www.blutezeit.com\/fr\/wp-json\/wp\/v2\/product_tag?post=586"}],"curies":[{"name":"wp","href":"https:\/\/api.w.org\/{rel}","templated":true}]}}