{"id":574,"date":"2025-07-21T15:29:45","date_gmt":"2025-07-21T15:29:45","guid":{"rendered":"https:\/\/www.blutezeit.com\/?post_type=product&#038;p=574"},"modified":"2026-03-09T09:08:04","modified_gmt":"2026-03-09T09:08:04","slug":"mcg-solar-panel-extension-cable-me-go-600","status":"publish","type":"product","link":"https:\/\/www.blutezeit.com\/fr\/produit\/mcg-solar-panel-extension-cable-me-go-600\/","title":{"rendered":"C\u00e2ble d&#039;extension pour panneau solaire pour ouvre-portails coulissants ME-GO-600"},"content":{"rendered":"<h4><span class=\"a-text-bold\">Kit d&#039;extension pour syst\u00e8me d&#039;ouverture de portail coulissant solaire Bl\u00fctezeit pour ME-GO-600<\/span><\/h4>\n<p><strong>\u2699\ufe0f Objectif<\/strong><br \/>\nProlonge la longueur du c\u00e2ble de connexion de votre panneau solaire, vous permettant de positionner les panneaux solaires plus haut ou plus loin pour une exposition optimale au soleil.<\/p>\n<p><strong>\ud83d\udd0c Transmission de puissance fiable<\/strong><br \/>\nDot\u00e9 de connecteurs de haute qualit\u00e9 et d&#039;un c\u00e2blage en cuivre pur pour assurer un transfert d&#039;\u00e9nergie efficace et stable entre vos panneaux solaires et le moteur de portail ME-GO-600.<\/p>\n<p><strong>\ud83c\udf24\ufe0f R\u00e9sistant aux intemp\u00e9ries et durable<\/strong><br \/>\nCon\u00e7u pour r\u00e9sister aux conditions ext\u00e9rieures, offrant des performances constantes dans divers environnements m\u00e9t\u00e9orologiques.<\/p>\n<p><strong>\ud83d\udccf Longueur pratique<\/strong><br \/>\nOffre des options d&#039;installation flexibles, vous offrant un plus grand choix d&#039;emplacements pour maximiser l&#039;efficacit\u00e9 des panneaux solaires.<\/p>\n<p><strong>\ud83d\udccb Sp\u00e9cifications<\/strong><br \/>\n\u2013 Compatibilit\u00e9 : Moteur d&#039;ouverture de portail coulissant ME-GO-600<br \/>\n\u2013 Longueur du c\u00e2ble : <strong>6,6 pi \/ 17 pi \/ 33 pi \/ 66 pi<\/strong><br \/>\n\u2013 Type de connecteur\u00a0: faisceau de c\u00e2bles CC \u00e0 double port (5,5\u00a0mm x 2,1\u00a0mm), connecteurs m\u00e2les\/femelles \u00e9tanches<br \/>\n\u2013 Mat\u00e9riau : c\u00e2blage en cuivre pur pour une conductivit\u00e9 \u00e9lev\u00e9e<br \/>\n\u2013 R\u00e9sistance aux intemp\u00e9ries : Con\u00e7u pour une utilisation en ext\u00e9rieur<\/p>\n<p>Ce kit d&#039;extension est id\u00e9al pour \u00e9tendre le c\u00e2blage de votre panneau solaire afin d&#039;obtenir un meilleur acc\u00e8s \u00e0 la lumi\u00e8re du soleil et d&#039;am\u00e9liorer les performances de charge solaire de votre ouvre-porte.<\/p>","protected":false},"excerpt":{"rendered":"<p>C\u00e2ble d&#039;extension CC \u00e0 double port pour le raccordement d&#039;un panneau solaire \u00e0 un ouvre-portail coulissant ME-GO-600<\/p>","protected":false},"featured_media":1578,"comment_status":"open","ping_status":"closed","template":"","meta":[],"product_brand":[33],"product_cat":[80,22],"product_tag":[],"class_list":{"0":"post-574","1":"product","2":"type-product","3":"status-publish","4":"has-post-thumbnail","6":"product_brand-blutezeit","7":"product_cat-solar-power-supply","8":"product_cat-accessories","10":"first","11":"instock","12":"shipping-taxable","13":"purchasable","14":"product-type-variable"},"yoast_head":"<!-- This site is optimized with the Yoast SEO plugin v26.4 - https:\/\/yoast.com\/wordpress\/plugins\/seo\/ -->\n<title>Solar Panel Extension Cable for ME-GO-600 Sliding Gate Openers - Bl\u00fctezeit<\/title>\n<meta name=\"robots\" content=\"index, follow, max-snippet:-1, max-image-preview:large, max-video-preview:-1\" \/>\n<link rel=\"canonical\" href=\"https:\/\/www.blutezeit.com\/fr\/produit\/mcg-solar-panel-extension-cable-me-go-600\/\" \/>\n<meta property=\"og:locale\" content=\"fr_FR\" \/>\n<meta property=\"og:type\" content=\"article\" \/>\n<meta property=\"og:title\" content=\"Solar Panel Extension Cable for ME-GO-600 Sliding Gate Openers - Bl\u00fctezeit\" \/>\n<meta property=\"og:description\" content=\"Dual-port DC extension cable for solar panel connection to ME-GO-600 sliding gate opener\" \/>\n<meta property=\"og:url\" content=\"https:\/\/www.blutezeit.com\/fr\/produit\/mcg-solar-panel-extension-cable-me-go-600\/\" \/>\n<meta property=\"og:site_name\" content=\"Bl\u00fctezeit\" \/>\n<meta property=\"article:modified_time\" content=\"2026-03-09T09:08:04+00:00\" \/>\n<meta property=\"og:image\" content=\"http:\/\/www.blutezeit.com\/wp-content\/uploads\/2025\/07\/6.6ft-Extension-Cable-for-Solar-Panel-1-1.jpg\" \/>\n\t<meta property=\"og:image:width\" content=\"1600\" \/>\n\t<meta property=\"og:image:height\" content=\"1600\" \/>\n\t<meta property=\"og:image:type\" content=\"image\/jpeg\" \/>\n<meta name=\"twitter:card\" content=\"summary_large_image\" \/>\n<meta name=\"twitter:label1\" content=\"Dur\u00e9e de lecture estim\u00e9e\" \/>\n\t<meta name=\"twitter:data1\" content=\"1 minute\" \/>\n<script type=\"application\/ld+json\" class=\"yoast-schema-graph\">{\"@context\":\"https:\/\/schema.org\",\"@graph\":[{\"@type\":\"WebPage\",\"@id\":\"https:\/\/www.blutezeit.com\/product\/mcg-solar-panel-extension-cable-me-go-600\/\",\"url\":\"https:\/\/www.blutezeit.com\/product\/mcg-solar-panel-extension-cable-me-go-600\/\",\"name\":\"Solar Panel Extension Cable for ME-GO-600 Sliding Gate Openers - Bl\u00fctezeit\",\"isPartOf\":{\"@id\":\"https:\/\/www.blutezeit.com\/pt\/#website\"},\"primaryImageOfPage\":{\"@id\":\"https:\/\/www.blutezeit.com\/product\/mcg-solar-panel-extension-cable-me-go-600\/#primaryimage\"},\"image\":{\"@id\":\"https:\/\/www.blutezeit.com\/product\/mcg-solar-panel-extension-cable-me-go-600\/#primaryimage\"},\"thumbnailUrl\":\"https:\/\/www.blutezeit.com\/wp-content\/uploads\/2025\/07\/6.6ft-Extension-Cable-for-Solar-Panel-1-1.jpg\",\"datePublished\":\"2025-07-21T15:29:45+00:00\",\"dateModified\":\"2026-03-09T09:08:04+00:00\",\"breadcrumb\":{\"@id\":\"https:\/\/www.blutezeit.com\/product\/mcg-solar-panel-extension-cable-me-go-600\/#breadcrumb\"},\"inLanguage\":\"fr-FR\",\"potentialAction\":[{\"@type\":\"ReadAction\",\"target\":[\"https:\/\/www.blutezeit.com\/product\/mcg-solar-panel-extension-cable-me-go-600\/\"]}]},{\"@type\":\"ImageObject\",\"inLanguage\":\"fr-FR\",\"@id\":\"https:\/\/www.blutezeit.com\/product\/mcg-solar-panel-extension-cable-me-go-600\/#primaryimage\",\"url\":\"https:\/\/www.blutezeit.com\/wp-content\/uploads\/2025\/07\/6.6ft-Extension-Cable-for-Solar-Panel-1-1.jpg\",\"contentUrl\":\"https:\/\/www.blutezeit.com\/wp-content\/uploads\/2025\/07\/6.6ft-Extension-Cable-for-Solar-Panel-1-1.jpg\",\"width\":1600,\"height\":1600},{\"@type\":\"BreadcrumbList\",\"@id\":\"https:\/\/www.blutezeit.com\/product\/mcg-solar-panel-extension-cable-me-go-600\/#breadcrumb\",\"itemListElement\":[{\"@type\":\"ListItem\",\"position\":1,\"name\":\"\u9996\u9875\",\"item\":\"https:\/\/www.blutezeit.com\/pt\/\"},{\"@type\":\"ListItem\",\"position\":2,\"name\":\"Product\",\"item\":\"https:\/\/www.blutezeit.com\/pt\/shop\/\"},{\"@type\":\"ListItem\",\"position\":3,\"name\":\"Solar Panel Extension Cable for ME-GO-600 Sliding Gate Openers\"}]},{\"@type\":\"WebSite\",\"@id\":\"https:\/\/www.blutezeit.com\/pt\/#website\",\"url\":\"https:\/\/www.blutezeit.com\/pt\/\",\"name\":\"Bl\u00fctezeit\",\"description\":\"Smart &amp; Solar Gate Opener Systems\",\"potentialAction\":[{\"@type\":\"SearchAction\",\"target\":{\"@type\":\"EntryPoint\",\"urlTemplate\":\"https:\/\/www.blutezeit.com\/pt\/?s={search_term_string}\"},\"query-input\":{\"@type\":\"PropertyValueSpecification\",\"valueRequired\":true,\"valueName\":\"search_term_string\"}}],\"inLanguage\":\"fr-FR\"}]}<\/script>\n<!-- \/ Yoast SEO plugin. -->","yoast_head_json":{"title":"Solar Panel Extension Cable for ME-GO-600 Sliding Gate Openers - Bl\u00fctezeit","robots":{"index":"index","follow":"follow","max-snippet":"max-snippet:-1","max-image-preview":"max-image-preview:large","max-video-preview":"max-video-preview:-1"},"canonical":"https:\/\/www.blutezeit.com\/fr\/produit\/mcg-solar-panel-extension-cable-me-go-600\/","og_locale":"fr_FR","og_type":"article","og_title":"Solar Panel Extension Cable for ME-GO-600 Sliding Gate Openers - Bl\u00fctezeit","og_description":"Dual-port DC extension cable for solar panel connection to ME-GO-600 sliding gate opener","og_url":"https:\/\/www.blutezeit.com\/fr\/produit\/mcg-solar-panel-extension-cable-me-go-600\/","og_site_name":"Bl\u00fctezeit","article_modified_time":"2026-03-09T09:08:04+00:00","og_image":[{"width":1600,"height":1600,"url":"http:\/\/www.blutezeit.com\/wp-content\/uploads\/2025\/07\/6.6ft-Extension-Cable-for-Solar-Panel-1-1.jpg","type":"image\/jpeg"}],"twitter_card":"summary_large_image","twitter_misc":{"Dur\u00e9e de lecture estim\u00e9e":"1 minute"},"schema":{"@context":"https:\/\/schema.org","@graph":[{"@type":"WebPage","@id":"https:\/\/www.blutezeit.com\/product\/mcg-solar-panel-extension-cable-me-go-600\/","url":"https:\/\/www.blutezeit.com\/product\/mcg-solar-panel-extension-cable-me-go-600\/","name":"Solar Panel Extension Cable for ME-GO-600 Sliding Gate Openers - Bl\u00fctezeit","isPartOf":{"@id":"https:\/\/www.blutezeit.com\/pt\/#website"},"primaryImageOfPage":{"@id":"https:\/\/www.blutezeit.com\/product\/mcg-solar-panel-extension-cable-me-go-600\/#primaryimage"},"image":{"@id":"https:\/\/www.blutezeit.com\/product\/mcg-solar-panel-extension-cable-me-go-600\/#primaryimage"},"thumbnailUrl":"https:\/\/www.blutezeit.com\/wp-content\/uploads\/2025\/07\/6.6ft-Extension-Cable-for-Solar-Panel-1-1.jpg","datePublished":"2025-07-21T15:29:45+00:00","dateModified":"2026-03-09T09:08:04+00:00","breadcrumb":{"@id":"https:\/\/www.blutezeit.com\/product\/mcg-solar-panel-extension-cable-me-go-600\/#breadcrumb"},"inLanguage":"fr-FR","potentialAction":[{"@type":"ReadAction","target":["https:\/\/www.blutezeit.com\/product\/mcg-solar-panel-extension-cable-me-go-600\/"]}]},{"@type":"ImageObject","inLanguage":"fr-FR","@id":"https:\/\/www.blutezeit.com\/product\/mcg-solar-panel-extension-cable-me-go-600\/#primaryimage","url":"https:\/\/www.blutezeit.com\/wp-content\/uploads\/2025\/07\/6.6ft-Extension-Cable-for-Solar-Panel-1-1.jpg","contentUrl":"https:\/\/www.blutezeit.com\/wp-content\/uploads\/2025\/07\/6.6ft-Extension-Cable-for-Solar-Panel-1-1.jpg","width":1600,"height":1600},{"@type":"BreadcrumbList","@id":"https:\/\/www.blutezeit.com\/product\/mcg-solar-panel-extension-cable-me-go-600\/#breadcrumb","itemListElement":[{"@type":"ListItem","position":1,"name":"\u9996\u9875","item":"https:\/\/www.blutezeit.com\/pt\/"},{"@type":"ListItem","position":2,"name":"Product","item":"https:\/\/www.blutezeit.com\/pt\/shop\/"},{"@type":"ListItem","position":3,"name":"Solar Panel Extension Cable for ME-GO-600 Sliding Gate Openers"}]},{"@type":"WebSite","@id":"https:\/\/www.blutezeit.com\/pt\/#website","url":"https:\/\/www.blutezeit.com\/pt\/","name":"Fleur","description":"Syst\u00e8mes d&#039;ouverture de portail intelligents et solaires","potentialAction":[{"@type":"SearchAction","target":{"@type":"EntryPoint","urlTemplate":"https:\/\/www.blutezeit.com\/pt\/?s={search_term_string}"},"query-input":{"@type":"PropertyValueSpecification","valueRequired":true,"valueName":"search_term_string"}}],"inLanguage":"fr-FR"}]}},"_links":{"self":[{"href":"https:\/\/www.blutezeit.com\/fr\/wp-json\/wp\/v2\/product\/574","targetHints":{"allow":["GET"]}}],"collection":[{"href":"https:\/\/www.blutezeit.com\/fr\/wp-json\/wp\/v2\/product"}],"about":[{"href":"https:\/\/www.blutezeit.com\/fr\/wp-json\/wp\/v2\/types\/product"}],"replies":[{"embeddable":true,"href":"https:\/\/www.blutezeit.com\/fr\/wp-json\/wp\/v2\/comments?post=574"}],"wp:featuredmedia":[{"embeddable":true,"href":"https:\/\/www.blutezeit.com\/fr\/wp-json\/wp\/v2\/media\/1578"}],"wp:attachment":[{"href":"https:\/\/www.blutezeit.com\/fr\/wp-json\/wp\/v2\/media?parent=574"}],"wp:term":[{"taxonomy":"product_brand","embeddable":true,"href":"https:\/\/www.blutezeit.com\/fr\/wp-json\/wp\/v2\/product_brand?post=574"},{"taxonomy":"product_cat","embeddable":true,"href":"https:\/\/www.blutezeit.com\/fr\/wp-json\/wp\/v2\/product_cat?post=574"},{"taxonomy":"product_tag","embeddable":true,"href":"https:\/\/www.blutezeit.com\/fr\/wp-json\/wp\/v2\/product_tag?post=574"}],"curies":[{"name":"wp","href":"https:\/\/api.w.org\/{rel}","templated":true}]}}