{"id":564,"date":"2025-07-21T15:24:39","date_gmt":"2025-07-21T15:24:39","guid":{"rendered":"https:\/\/www.blutezeit.com\/?post_type=product&#038;p=564"},"modified":"2026-01-09T12:51:25","modified_gmt":"2026-01-09T12:51:25","slug":"mpg02-2ft-solar-panel-parallel-cable-me-go-600","status":"publish","type":"product","link":"https:\/\/www.blutezeit.com\/fr\/produit\/mpg02-2ft-solar-panel-parallel-cable-me-go-600\/","title":{"rendered":"C\u00e2ble parall\u00e8le pour panneau solaire de 70 cm (2,3 pi) pour ouvre-portails coulissants ME-GO-600"},"content":{"rendered":"<p><span class=\"a-text-bold\"><img loading=\"lazy\" decoding=\"async\" class=\"aligncenter size-full wp-image-573\" src=\"http:\/\/www.blutezeit.com\/wp-content\/uploads\/2025\/07\/A-Parallel-Cable-for-Solar-Panels.jpg\" alt=\"\" width=\"1464\" height=\"600\" srcset=\"https:\/\/www.blutezeit.com\/wp-content\/uploads\/2025\/07\/A-Parallel-Cable-for-Solar-Panels.jpg 1464w, https:\/\/www.blutezeit.com\/wp-content\/uploads\/2025\/07\/A-Parallel-Cable-for-Solar-Panels-500x205.jpg 500w, https:\/\/www.blutezeit.com\/wp-content\/uploads\/2025\/07\/A-Parallel-Cable-for-Solar-Panels-1200x492.jpg 1200w, https:\/\/www.blutezeit.com\/wp-content\/uploads\/2025\/07\/A-Parallel-Cable-for-Solar-Panels-300x123.jpg 300w, https:\/\/www.blutezeit.com\/wp-content\/uploads\/2025\/07\/A-Parallel-Cable-for-Solar-Panels-768x315.jpg 768w, https:\/\/www.blutezeit.com\/wp-content\/uploads\/2025\/07\/A-Parallel-Cable-for-Solar-Panels-18x7.jpg 18w, https:\/\/www.blutezeit.com\/wp-content\/uploads\/2025\/07\/A-Parallel-Cable-for-Solar-Panels-150x61.jpg 150w, https:\/\/www.blutezeit.com\/wp-content\/uploads\/2025\/07\/A-Parallel-Cable-for-Solar-Panels-480x197.jpg 480w, https:\/\/www.blutezeit.com\/wp-content\/uploads\/2025\/07\/A-Parallel-Cable-for-Solar-Panels-800x328.jpg 800w\" sizes=\"auto, (max-width:767px) 480px, (max-width:1464px) 100vw, 1464px\" \/>Kit adaptateur pour syst\u00e8me d&#039;ouverture de portail coulissant \u00e0 \u00e9nergie solaire Bl\u00fctezeit<\/span>\u00a0est sp\u00e9cialement con\u00e7u pour le\u00a0<span class=\"a-text-bold\">Syst\u00e8me de moteur d&#039;ouverture de portail coulissant ME-GO-600<\/span>Ce faisceau de c\u00e2bles CC double port de 70 cm (2,3 pi) assure une int\u00e9gration parfaite entre le moteur et les panneaux solaires ou autres modules externes. Con\u00e7u pour assurer une transmission d&#039;\u00e9nergie fiable et \u00e9tendre les capacit\u00e9s de votre syst\u00e8me, ce kit am\u00e9liore la fonctionnalit\u00e9 et la long\u00e9vit\u00e9 de votre ouvre-portail.<\/p>\n<p>Id\u00e9al pour ceux qui modernisent leur syst\u00e8me ou int\u00e8grent des panneaux solaires suppl\u00e9mentaires, le\u00a0<span class=\"a-text-bold\">Kit adaptateur Bl\u00fctezeit<\/span>\u00a0Offre une connexion fluide aux r\u00e9gulateurs solaires, garantissant des performances optimales. Gr\u00e2ce \u00e0 ce kit adaptateur, vous pouvez am\u00e9liorer l&#039;efficacit\u00e9 de votre syst\u00e8me d&#039;ouverture de portail et profiter pleinement de l&#039;int\u00e9gration de l&#039;\u00e9nergie solaire.<\/p>\n<p><strong><span class=\"a-text-bold\">\u2705 Sp\u00e9cifications :<\/span><\/strong><br \/>\n<span class=\"a-text-bold\">Compatibilit\u00e9:<\/span>\u00a0Sp\u00e9cialement con\u00e7u pour le syst\u00e8me de moteur d&#039;ouverture de portail coulissant ME-GO-600.<br \/>\n<span class=\"a-text-bold\">Longueur du c\u00e2ble :<\/span>\u00a0Faisceau de liaison CC \u00e0 double port de 2,3 pieds (0,7 m\u00e8tre).<br \/>\n<span class=\"a-text-bold\">Type de connecteur :<\/span>\u00a01 femelle vers 2 m\u00e2les (connecteurs 5,5 mm x 2,1 mm).<br \/>\n<span class=\"a-text-bold\">Mat\u00e9riel:<\/span>\u00a0C\u00e2blage en cuivre pur pour une conductivit\u00e9 et une efficacit\u00e9 \u00e9nerg\u00e9tique optimales.<br \/>\n<span class=\"a-text-bold\">Fonctionnalit\u00e9:<\/span>\u00a0Con\u00e7u pour int\u00e9grer des panneaux solaires aux syst\u00e8mes d&#039;ouverture de portail, am\u00e9liorant l&#039;efficacit\u00e9 \u00e9nerg\u00e9tique et permettant l&#039;extension du syst\u00e8me.<br \/>\n<span class=\"a-text-bold\">R\u00e9sistance aux intemp\u00e9ries :<\/span>\u00a0Con\u00e7u pour r\u00e9sister aux environnements ext\u00e9rieurs, garantissant des performances fiables dans diverses conditions m\u00e9t\u00e9orologiques.<\/p>","protected":false},"excerpt":{"rendered":"<p>C\u00e2ble parall\u00e8le CC \u00e0 double port de 70 cm (5,5 \u00d7 2,1 mm) pour le raccordement en parall\u00e8le de panneaux solaires aux motorisations de portail coulissant Bl\u00fctezeit ME-GO-600\u00a0; connecteurs m\u00e2les\/femelles \u00e9tanches<\/p>","protected":false},"featured_media":1579,"comment_status":"open","ping_status":"closed","template":"","meta":[],"product_brand":[33],"product_cat":[80,22],"product_tag":[],"class_list":{"0":"post-564","1":"product","2":"type-product","3":"status-publish","4":"has-post-thumbnail","6":"product_brand-blutezeit","7":"product_cat-solar-power-supply","8":"product_cat-accessories","10":"first","11":"instock","12":"shipping-taxable","13":"purchasable","14":"product-type-simple"},"yoast_head":"<!-- This site is optimized with the Yoast SEO plugin v26.4 - https:\/\/yoast.com\/wordpress\/plugins\/seo\/ -->\n<title>Solar Panel Parallel Cable 2.3ft for ME-GO-600 Sliding Gate Openers - Bl\u00fctezeit<\/title>\n<meta name=\"robots\" content=\"index, follow, max-snippet:-1, max-image-preview:large, max-video-preview:-1\" \/>\n<link rel=\"canonical\" href=\"https:\/\/www.blutezeit.com\/fr\/produit\/mpg02-2ft-solar-panel-parallel-cable-me-go-600\/\" \/>\n<meta property=\"og:locale\" content=\"fr_FR\" \/>\n<meta property=\"og:type\" content=\"article\" \/>\n<meta property=\"og:title\" content=\"Solar Panel Parallel Cable 2.3ft for ME-GO-600 Sliding Gate Openers - Bl\u00fctezeit\" \/>\n<meta property=\"og:description\" content=\"2.3ft dual-port DC parallel cable (5.5\u00d72.1mm) for connecting solar panels in parallel to Bl\u00fctezeit ME-GO-600 sliding gate openers; waterproof male\/female connectors\" \/>\n<meta property=\"og:url\" content=\"https:\/\/www.blutezeit.com\/fr\/produit\/mpg02-2ft-solar-panel-parallel-cable-me-go-600\/\" \/>\n<meta property=\"og:site_name\" content=\"Bl\u00fctezeit\" \/>\n<meta property=\"article:modified_time\" content=\"2026-01-09T12:51:25+00:00\" \/>\n<meta property=\"og:image\" content=\"http:\/\/www.blutezeit.com\/wp-content\/uploads\/2025\/07\/Parallel-Cable-for-Solar-Panels-1-1.jpg\" \/>\n\t<meta property=\"og:image:width\" content=\"1600\" \/>\n\t<meta property=\"og:image:height\" content=\"1600\" \/>\n\t<meta property=\"og:image:type\" content=\"image\/jpeg\" \/>\n<meta name=\"twitter:card\" content=\"summary_large_image\" \/>\n<meta name=\"twitter:label1\" content=\"Dur\u00e9e de lecture estim\u00e9e\" \/>\n\t<meta name=\"twitter:data1\" content=\"2 minutes\" \/>\n<script type=\"application\/ld+json\" class=\"yoast-schema-graph\">{\"@context\":\"https:\/\/schema.org\",\"@graph\":[{\"@type\":\"WebPage\",\"@id\":\"https:\/\/www.blutezeit.com\/product\/mpg02-2ft-solar-panel-parallel-cable-me-go-600\/\",\"url\":\"https:\/\/www.blutezeit.com\/product\/mpg02-2ft-solar-panel-parallel-cable-me-go-600\/\",\"name\":\"Solar Panel Parallel Cable 2.3ft for ME-GO-600 Sliding Gate Openers - Bl\u00fctezeit\",\"isPartOf\":{\"@id\":\"https:\/\/www.blutezeit.com\/pt\/#website\"},\"primaryImageOfPage\":{\"@id\":\"https:\/\/www.blutezeit.com\/product\/mpg02-2ft-solar-panel-parallel-cable-me-go-600\/#primaryimage\"},\"image\":{\"@id\":\"https:\/\/www.blutezeit.com\/product\/mpg02-2ft-solar-panel-parallel-cable-me-go-600\/#primaryimage\"},\"thumbnailUrl\":\"https:\/\/www.blutezeit.com\/wp-content\/uploads\/2025\/07\/Parallel-Cable-for-Solar-Panels-1-1.jpg\",\"datePublished\":\"2025-07-21T15:24:39+00:00\",\"dateModified\":\"2026-01-09T12:51:25+00:00\",\"breadcrumb\":{\"@id\":\"https:\/\/www.blutezeit.com\/product\/mpg02-2ft-solar-panel-parallel-cable-me-go-600\/#breadcrumb\"},\"inLanguage\":\"fr-FR\",\"potentialAction\":[{\"@type\":\"ReadAction\",\"target\":[\"https:\/\/www.blutezeit.com\/product\/mpg02-2ft-solar-panel-parallel-cable-me-go-600\/\"]}]},{\"@type\":\"ImageObject\",\"inLanguage\":\"fr-FR\",\"@id\":\"https:\/\/www.blutezeit.com\/product\/mpg02-2ft-solar-panel-parallel-cable-me-go-600\/#primaryimage\",\"url\":\"https:\/\/www.blutezeit.com\/wp-content\/uploads\/2025\/07\/Parallel-Cable-for-Solar-Panels-1-1.jpg\",\"contentUrl\":\"https:\/\/www.blutezeit.com\/wp-content\/uploads\/2025\/07\/Parallel-Cable-for-Solar-Panels-1-1.jpg\",\"width\":1600,\"height\":1600},{\"@type\":\"BreadcrumbList\",\"@id\":\"https:\/\/www.blutezeit.com\/product\/mpg02-2ft-solar-panel-parallel-cable-me-go-600\/#breadcrumb\",\"itemListElement\":[{\"@type\":\"ListItem\",\"position\":1,\"name\":\"\u9996\u9875\",\"item\":\"https:\/\/www.blutezeit.com\/pt\/\"},{\"@type\":\"ListItem\",\"position\":2,\"name\":\"Product\",\"item\":\"https:\/\/www.blutezeit.com\/pt\/shop\/\"},{\"@type\":\"ListItem\",\"position\":3,\"name\":\"Solar Panel Parallel Cable 2.3ft for ME-GO-600 Sliding Gate Openers\"}]},{\"@type\":\"WebSite\",\"@id\":\"https:\/\/www.blutezeit.com\/pt\/#website\",\"url\":\"https:\/\/www.blutezeit.com\/pt\/\",\"name\":\"Bl\u00fctezeit\",\"description\":\"Smart &amp; Solar Gate Opener Systems\",\"potentialAction\":[{\"@type\":\"SearchAction\",\"target\":{\"@type\":\"EntryPoint\",\"urlTemplate\":\"https:\/\/www.blutezeit.com\/pt\/?s={search_term_string}\"},\"query-input\":{\"@type\":\"PropertyValueSpecification\",\"valueRequired\":true,\"valueName\":\"search_term_string\"}}],\"inLanguage\":\"fr-FR\"}]}<\/script>\n<!-- \/ Yoast SEO plugin. -->","yoast_head_json":{"title":"Solar Panel Parallel Cable 2.3ft for ME-GO-600 Sliding Gate Openers - Bl\u00fctezeit","robots":{"index":"index","follow":"follow","max-snippet":"max-snippet:-1","max-image-preview":"max-image-preview:large","max-video-preview":"max-video-preview:-1"},"canonical":"https:\/\/www.blutezeit.com\/fr\/produit\/mpg02-2ft-solar-panel-parallel-cable-me-go-600\/","og_locale":"fr_FR","og_type":"article","og_title":"Solar Panel Parallel Cable 2.3ft for ME-GO-600 Sliding Gate Openers - Bl\u00fctezeit","og_description":"2.3ft dual-port DC parallel cable (5.5\u00d72.1mm) for connecting solar panels in parallel to Bl\u00fctezeit ME-GO-600 sliding gate openers; waterproof male\/female connectors","og_url":"https:\/\/www.blutezeit.com\/fr\/produit\/mpg02-2ft-solar-panel-parallel-cable-me-go-600\/","og_site_name":"Bl\u00fctezeit","article_modified_time":"2026-01-09T12:51:25+00:00","og_image":[{"width":1600,"height":1600,"url":"http:\/\/www.blutezeit.com\/wp-content\/uploads\/2025\/07\/Parallel-Cable-for-Solar-Panels-1-1.jpg","type":"image\/jpeg"}],"twitter_card":"summary_large_image","twitter_misc":{"Dur\u00e9e de lecture estim\u00e9e":"2 minutes"},"schema":{"@context":"https:\/\/schema.org","@graph":[{"@type":"WebPage","@id":"https:\/\/www.blutezeit.com\/product\/mpg02-2ft-solar-panel-parallel-cable-me-go-600\/","url":"https:\/\/www.blutezeit.com\/product\/mpg02-2ft-solar-panel-parallel-cable-me-go-600\/","name":"Solar Panel Parallel Cable 2.3ft for ME-GO-600 Sliding Gate Openers - Bl\u00fctezeit","isPartOf":{"@id":"https:\/\/www.blutezeit.com\/pt\/#website"},"primaryImageOfPage":{"@id":"https:\/\/www.blutezeit.com\/product\/mpg02-2ft-solar-panel-parallel-cable-me-go-600\/#primaryimage"},"image":{"@id":"https:\/\/www.blutezeit.com\/product\/mpg02-2ft-solar-panel-parallel-cable-me-go-600\/#primaryimage"},"thumbnailUrl":"https:\/\/www.blutezeit.com\/wp-content\/uploads\/2025\/07\/Parallel-Cable-for-Solar-Panels-1-1.jpg","datePublished":"2025-07-21T15:24:39+00:00","dateModified":"2026-01-09T12:51:25+00:00","breadcrumb":{"@id":"https:\/\/www.blutezeit.com\/product\/mpg02-2ft-solar-panel-parallel-cable-me-go-600\/#breadcrumb"},"inLanguage":"fr-FR","potentialAction":[{"@type":"ReadAction","target":["https:\/\/www.blutezeit.com\/product\/mpg02-2ft-solar-panel-parallel-cable-me-go-600\/"]}]},{"@type":"ImageObject","inLanguage":"fr-FR","@id":"https:\/\/www.blutezeit.com\/product\/mpg02-2ft-solar-panel-parallel-cable-me-go-600\/#primaryimage","url":"https:\/\/www.blutezeit.com\/wp-content\/uploads\/2025\/07\/Parallel-Cable-for-Solar-Panels-1-1.jpg","contentUrl":"https:\/\/www.blutezeit.com\/wp-content\/uploads\/2025\/07\/Parallel-Cable-for-Solar-Panels-1-1.jpg","width":1600,"height":1600},{"@type":"BreadcrumbList","@id":"https:\/\/www.blutezeit.com\/product\/mpg02-2ft-solar-panel-parallel-cable-me-go-600\/#breadcrumb","itemListElement":[{"@type":"ListItem","position":1,"name":"\u9996\u9875","item":"https:\/\/www.blutezeit.com\/pt\/"},{"@type":"ListItem","position":2,"name":"Product","item":"https:\/\/www.blutezeit.com\/pt\/shop\/"},{"@type":"ListItem","position":3,"name":"Solar Panel Parallel Cable 2.3ft for ME-GO-600 Sliding Gate Openers"}]},{"@type":"WebSite","@id":"https:\/\/www.blutezeit.com\/pt\/#website","url":"https:\/\/www.blutezeit.com\/pt\/","name":"Fleur","description":"Syst\u00e8mes d&#039;ouverture de portail intelligents et solaires","potentialAction":[{"@type":"SearchAction","target":{"@type":"EntryPoint","urlTemplate":"https:\/\/www.blutezeit.com\/pt\/?s={search_term_string}"},"query-input":{"@type":"PropertyValueSpecification","valueRequired":true,"valueName":"search_term_string"}}],"inLanguage":"fr-FR"}]}},"_links":{"self":[{"href":"https:\/\/www.blutezeit.com\/fr\/wp-json\/wp\/v2\/product\/564","targetHints":{"allow":["GET"]}}],"collection":[{"href":"https:\/\/www.blutezeit.com\/fr\/wp-json\/wp\/v2\/product"}],"about":[{"href":"https:\/\/www.blutezeit.com\/fr\/wp-json\/wp\/v2\/types\/product"}],"replies":[{"embeddable":true,"href":"https:\/\/www.blutezeit.com\/fr\/wp-json\/wp\/v2\/comments?post=564"}],"wp:featuredmedia":[{"embeddable":true,"href":"https:\/\/www.blutezeit.com\/fr\/wp-json\/wp\/v2\/media\/1579"}],"wp:attachment":[{"href":"https:\/\/www.blutezeit.com\/fr\/wp-json\/wp\/v2\/media?parent=564"}],"wp:term":[{"taxonomy":"product_brand","embeddable":true,"href":"https:\/\/www.blutezeit.com\/fr\/wp-json\/wp\/v2\/product_brand?post=564"},{"taxonomy":"product_cat","embeddable":true,"href":"https:\/\/www.blutezeit.com\/fr\/wp-json\/wp\/v2\/product_cat?post=564"},{"taxonomy":"product_tag","embeddable":true,"href":"https:\/\/www.blutezeit.com\/fr\/wp-json\/wp\/v2\/product_tag?post=564"}],"curies":[{"name":"wp","href":"https:\/\/api.w.org\/{rel}","templated":true}]}}