{"id":551,"date":"2025-07-21T15:13:48","date_gmt":"2025-07-21T15:13:48","guid":{"rendered":"https:\/\/www.blutezeit.com\/?post_type=product&#038;p=551"},"modified":"2026-03-09T09:08:29","modified_gmt":"2026-03-09T09:08:29","slug":"mbs01-bluetooth-vehicle-exit-sensor-2-4g-gate-garage","status":"publish","type":"product","link":"https:\/\/www.blutezeit.com\/fr\/produit\/mbs01-bluetooth-vehicle-exit-sensor-2-4g-gate-garage\/","title":{"rendered":"Capteur de sortie de v\u00e9hicule Bluetooth"},"content":{"rendered":"<div class=\"celwidget aplus-module premium-module-2-fullbackground-image aplus-premium\" data-csa-c-id=\"zff6po-qbaddw-1w1kjz-ugggib\" data-cel-widget=\"aplus-premium-module-2-fullbackground-image\">\n<div class=\"a-section a-spacing-none premium-aplus premium-aplus-module-2\">\n<h1 class=\"a-text-center aplus-container-3 aplus-h1 a-text-bold\">Capteur de liaison Bluetooth pour voiture Bl\u00fctezeit \u2013 Lib\u00e9rez vos mains !<\/h1>\n<div class=\"a-section a-spacing-none premium-background-wrapper\">\n<div class=\"a-section a-spacing-none background-image\"><img decoding=\"async\" class=\"\" src=\"https:\/\/m.media-amazon.com\/images\/S\/aplus-media-library-service-media\/abb6be2f-8819-4856-8710-967a351e872c.__CR0,0,1464,600_PT0_SX1464_V1___.jpg\" alt=\"Hands-Free Access for Garage Doors, Smart Home Integration, Wireless Convenience\" data-src=\"https:\/\/m.media-amazon.com\/images\/S\/aplus-media-library-service-media\/abb6be2f-8819-4856-8710-967a351e872c.__CR0,0,1464,600_PT0_SX1464_V1___.jpg\" \/><\/div>\n<\/div>\n<div class=\"a-section a-text-center\">\n<p class=\"aplus-description aplus-container-3 aplus-p1\">Connectez votre voiture \u00e0 l&#039;ouvre-portail via Bluetooth\u00a0: 1. Associez le lanceur de voiture au capteur Bluetooth. 2. Connectez le capteur Bluetooth \u00e0 votre ouvre-portail. 3. Ins\u00e9rez le lanceur de voiture USB fourni dans votre voiture. Votre ouvre-portail s&#039;ouvrira et se fermera automatiquement \u00e0 l&#039;approche ou au d\u00e9part de votre domicile.<\/p>\n<\/div>\n<\/div>\n<\/div>\n<div class=\"celwidget aplus-module premium-module-12-nav-carousel aplus-premium\" data-csa-c-id=\"cns58v-5r340-l3e1mq-uzy0fv\" data-cel-widget=\"aplus-premium-module-12-nav-carousel\">\n<div class=\"a-section a-spacing-none premium-aplus premium-aplus-module-12 premium-aplus-module-12--top-nav\">\n<div class=\"a-section a-spacing-none aplus-carousel-container\" data-module-id=\"1\">\n<div id=\"premium-aplus-12-carousel-1-id\" class=\"a-begin a-carousel-container a-carousel-display-single a-carousel-transition-slideCircular aplus-image-carousel-container a-carousel-initialized\" role=\"group\" data-a-carousel-options=\"{&quot;name&quot;:&quot;premium-aplus-12-carousel-1&quot;,&quot;peek_percentage&quot;:0,&quot;minimum_gutter_width&quot;:0,&quot;show_partial_next&quot;:false}\" aria-label=\"Carrousel de contenu en vedette\" aria-roledescription=\"carousel\" data-a-display-strategy=\"single\" data-a-transition-strategy=\"slideCircular\">\n<div class=\"a-row a-carousel-controls a-carousel-row a-carousel-has-buttons a-carousel-overlay-buttons a-carousel-rounded-buttons\">\n<div class=\"a-carousel-row-inner\">\n<div class=\"a-carousel-col a-carousel-left\"><a class=\"a-carousel-goto-prevpage\" role=\"button\" href=\"https:\/\/www.amazon.com\/Bl%C3%BCtezeit-Bluetooth-Driveway-Detector-Automatic\/dp\/B0DJ31PQ87?ref_=ast_sto_dp&amp;th=1#\"><i class=\"a-icon a-icon-previous-rounded\"><span class=\"a-icon-alt\">Page pr\u00e9c\u00e9dente<\/span><\/i><\/a><\/div>\n<div class=\"a-carousel-col a-carousel-center\">\n<div id=\"anonCarousel3\" class=\"a-carousel-viewport\" role=\"group\" aria-roledescription=\"slide\">\n<ol class=\"a-carousel\" role=\"list\">\n<li class=\"a-carousel-card aplus-carousel-card\" aria-roledescription=\"slide\" aria-setsize=\"3\" aria-posinset=\"3\" aria-hidden=\"true\">\n<div class=\"a-section a-spacing-none aplus-card-image\"><img decoding=\"async\" src=\"https:\/\/m.media-amazon.com\/images\/S\/aplus-media-library-service-media\/a1df84ab-2852-4d1b-857c-103bb4c02b71.__CR0,0,1464,600_PT0_SX1464_V1___.jpg\" alt=\"Automatic gate access: opens when you arrive, closes when you leave, for security.\" \/><\/div>\n<\/li>\n<li class=\"a-carousel-card aplus-carousel-card\" aria-roledescription=\"slide\" aria-setsize=\"3\" aria-posinset=\"1\" aria-hidden=\"false\">\n<div class=\"a-section a-spacing-none aplus-card-image\"><img decoding=\"async\" src=\"https:\/\/m.media-amazon.com\/images\/S\/aplus-media-library-service-media\/bf9c8a8d-4a64-449b-9e9b-a36204beee53.__CR0,0,1464,600_PT0_SX1464_V1___.jpg\" alt=\"Bluetooth gate opener setup: Pair car launcher, wire sensor, plug USB for auto access\" \/><\/div>\n<\/li>\n<li class=\"a-carousel-card aplus-carousel-card\" aria-roledescription=\"slide\" aria-setsize=\"3\" aria-posinset=\"2\" aria-hidden=\"true\">\n<div class=\"a-section a-spacing-none aplus-card-image\"><img decoding=\"async\" src=\"https:\/\/m.media-amazon.com\/images\/S\/aplus-media-library-service-media\/2be7c5f3-ca7f-4223-afec-a8219e37cc65.__CR0,0,1464,600_PT0_SX1464_V1___.jpg\" alt=\"USB car launchers for multiple vehicles, hands-free access, and backup convenience.&amp;amp;#34;\" \/><\/div>\n<\/li>\n<\/ol>\n<\/div>\n<\/div>\n<div class=\"a-carousel-col a-carousel-right\"><a class=\"a-carousel-goto-nextpage\" role=\"button\" href=\"https:\/\/www.amazon.com\/Bl%C3%BCtezeit-Bluetooth-Driveway-Detector-Automatic\/dp\/B0DJ31PQ87?ref_=ast_sto_dp&amp;th=1#\"><i class=\"a-icon a-icon-next-rounded\"><span class=\"a-icon-alt\">Page suivante<\/span><\/i><\/a><\/div>\n<\/div>\n<\/div>\n<\/div>\n<div id=\"aplus-carousel-actions-1\" class=\"a-section aplus-carousel-actions\" role=\"tablist\" aria-label=\"section tabliste\"><button class=\"aplus-goto-btn aplus-goto-btn-1 aplus-active\" tabindex=\"0\" role=\"tab\" aria-selected=\"true\"><span class=\"aplus-accent2 aplus-carousel-label\">Capteur de liaison Bluetooth pour voiture<\/span><\/button>\u00a0<button class=\"aplus-goto-btn aplus-goto-btn-1\" tabindex=\"0\" role=\"tab\" aria-selected=\"false\"><span class=\"aplus-accent2 aplus-carousel-label\">Lanceurs de voiture USB<\/span><\/button>\u00a0<button class=\"aplus-goto-btn aplus-goto-btn-1\" tabindex=\"0\" role=\"tab\" aria-selected=\"false\"><span class=\"aplus-accent2 aplus-carousel-label\">Contr\u00f4le mains libres<\/span><\/button><\/div>\n<\/div>\n<\/div>\n<\/div>\n<div class=\"celwidget aplus-module premium-module-2-fullbackground-image aplus-premium\" data-csa-c-id=\"ysy3b5-qsd15m-ghia18-y5mfcx\" data-cel-widget=\"aplus-premium-module-2-fullbackground-image\">\n<div class=\"a-section a-spacing-none premium-aplus premium-aplus-module-2\">\n<div class=\"a-section a-spacing-none premium-background-wrapper\">\n<div class=\"a-section a-spacing-none background-image\"><img decoding=\"async\" class=\"\" src=\"https:\/\/m.media-amazon.com\/images\/S\/aplus-media-library-service-media\/abdf65fc-ba2f-42fb-ac77-b4230bf8280c.__CR0,0,1464,600_PT0_SX1464_V1___.jpg\" alt=\"Package includes 1 Bluetooth sensor, 2 USB Car Launchers; access for up to 340 cars.\" data-src=\"https:\/\/m.media-amazon.com\/images\/S\/aplus-media-library-service-media\/abdf65fc-ba2f-42fb-ac77-b4230bf8280c.__CR0,0,1464,600_PT0_SX1464_V1___.jpg\" \/><\/div>\n<\/div>\n<div class=\"a-section a-text-center\">\n<p class=\"aplus-description aplus-container-3 aplus-p1\">Le pack comprend un capteur Bluetooth et deux lanceurs USB pour voiture. Vous pouvez acheter des lanceurs USB suppl\u00e9mentaires pour acc\u00e9der \u00e0 340 voitures maximum, garantissant ainsi un acc\u00e8s sans probl\u00e8me \u00e0 tous les membres de votre foyer\u00a0!<\/p>\n<\/div>\n<\/div>\n<\/div>\n<div class=\"celwidget aplus-module premium-module-2-fullbackground-image aplus-premium\" data-csa-c-id=\"tznmfs-pwt9qu-8xoyxp-6kwxf0\" data-cel-widget=\"aplus-premium-module-2-fullbackground-image\">\n<div class=\"a-section a-spacing-none premium-aplus premium-aplus-module-2\">\n<div class=\"a-section a-spacing-none premium-background-wrapper\">\n<div class=\"a-section a-spacing-none background-image\"><img decoding=\"async\" class=\"\" src=\"https:\/\/m.media-amazon.com\/images\/S\/aplus-media-library-service-media\/109ebe9f-04ee-4e5e-9a37-c2b3f39f7514.__CR0,0,1464,600_PT0_SX1464_V1___.jpg\" alt=\"Automatic gate access: opens when you arrive, closes when you leave, for security.\" data-src=\"https:\/\/m.media-amazon.com\/images\/S\/aplus-media-library-service-media\/109ebe9f-04ee-4e5e-9a37-c2b3f39f7514.__CR0,0,1464,600_PT0_SX1464_V1___.jpg\" \/><\/div>\n<\/div>\n<div class=\"a-section a-text-center\"><\/div>\n<\/div>\n<\/div>\n<div class=\"celwidget aplus-module premium-module-2-fullbackground-image aplus-premium\" data-csa-c-id=\"opo17o-tifrrd-apyq4z-ozhwz1\" data-cel-widget=\"aplus-premium-module-2-fullbackground-image\">\n<div class=\"a-section a-spacing-none premium-aplus premium-aplus-module-2\">\n<div class=\"a-section a-spacing-none premium-background-wrapper\">\n<div class=\"a-section a-spacing-none background-image\"><img decoding=\"async\" class=\"\" src=\"https:\/\/m.media-amazon.com\/images\/S\/aplus-media-library-service-media\/af300cac-3a3e-40b5-8903-c4bdd1186dc0.__CR0,0,1464,600_PT0_SX1464_V1___.jpg\" alt=\"Automatic gate access: opens when you arrive, closes when you leave, for security.\" data-src=\"https:\/\/m.media-amazon.com\/images\/S\/aplus-media-library-service-media\/af300cac-3a3e-40b5-8903-c4bdd1186dc0.__CR0,0,1464,600_PT0_SX1464_V1___.jpg\" \/><\/div>\n<\/div>\n<div class=\"a-section a-text-center\"><\/div>\n<\/div>\n<\/div>\n<div class=\"celwidget aplus-module premium-module-2-fullbackground-image aplus-premium\" data-csa-c-id=\"ya603z-qypj7i-qvlbm2-6ibium\" data-cel-widget=\"aplus-premium-module-2-fullbackground-image\">\n<div class=\"a-section a-spacing-none premium-aplus premium-aplus-module-2\">\n<div class=\"a-section a-spacing-none premium-background-wrapper\">\n<div class=\"a-section a-spacing-none background-image\"><img decoding=\"async\" class=\"\" src=\"https:\/\/m.media-amazon.com\/images\/S\/aplus-media-library-service-media\/07f125b5-0f74-4932-84c4-bde0687b8d02.__CR0,0,1464,600_PT0_SX1464_V1___.jpg\" alt=\"Automatic gate access: opens when you arrive, closes when you leave, for security.\" data-src=\"https:\/\/m.media-amazon.com\/images\/S\/aplus-media-library-service-media\/07f125b5-0f74-4932-84c4-bde0687b8d02.__CR0,0,1464,600_PT0_SX1464_V1___.jpg\" \/><\/div>\n<\/div>\n<div class=\"a-section a-text-center\"><\/div>\n<\/div>\n<\/div>\n<div class=\"celwidget aplus-module premium-module-2-fullbackground-image aplus-premium\" data-csa-c-id=\"1lblzx-dyphs1-xhbwbk-3mfibz\" data-cel-widget=\"aplus-premium-module-2-fullbackground-image\">\n<div class=\"a-section a-spacing-none premium-aplus premium-aplus-module-2\">\n<div class=\"a-section a-spacing-none premium-background-wrapper\">\n<div class=\"a-section a-spacing-none background-image\"><img decoding=\"async\" class=\"\" src=\"https:\/\/m.media-amazon.com\/images\/S\/aplus-media-library-service-media\/9b6b5987-03df-4e71-a4f2-313497608585.__CR0,0,1464,600_PT0_SX1464_V1___.jpg\" alt=\"Automatic gate access: opens when you arrive, closes when you leave, for security.\" data-src=\"https:\/\/m.media-amazon.com\/images\/S\/aplus-media-library-service-media\/9b6b5987-03df-4e71-a4f2-313497608585.__CR0,0,1464,600_PT0_SX1464_V1___.jpg\" \/><\/div>\n<\/div>\n<\/div>\n<\/div>","protected":false},"excerpt":{"rendered":"<p>D\u00e9tecteur de sortie de v\u00e9hicule Bluetooth 2,4 GHz avec t\u00e9l\u00e9commande, ouverture et fermeture automatiques de portail\/garage, module USB de connexion au v\u00e9hicule<\/p>","protected":false},"featured_media":1324,"comment_status":"open","ping_status":"closed","template":"","meta":[],"product_brand":[33],"product_cat":[22,23],"product_tag":[],"class_list":{"0":"post-551","1":"product","2":"type-product","3":"status-publish","4":"has-post-thumbnail","6":"product_brand-blutezeit","7":"product_cat-accessories","8":"product_cat-safety-vehicle-detection-sensor","10":"first","11":"instock","12":"sale","13":"shipping-taxable","14":"purchasable","15":"product-type-simple"},"yoast_head":"<!-- This site is optimized with the Yoast SEO plugin v26.4 - https:\/\/yoast.com\/wordpress\/plugins\/seo\/ -->\n<title>Bluetooth Vehicle Exit Sensor - Bl\u00fctezeit<\/title>\n<meta name=\"robots\" content=\"index, follow, max-snippet:-1, max-image-preview:large, max-video-preview:-1\" \/>\n<link rel=\"canonical\" href=\"https:\/\/www.blutezeit.com\/fr\/produit\/mbs01-bluetooth-vehicle-exit-sensor-2-4g-gate-garage\/\" \/>\n<meta property=\"og:locale\" content=\"fr_FR\" \/>\n<meta property=\"og:type\" content=\"article\" \/>\n<meta property=\"og:title\" content=\"Bluetooth Vehicle Exit Sensor - Bl\u00fctezeit\" \/>\n<meta property=\"og:description\" content=\"2.4G Bluetooth vehicle exit sensor wand detector, automatic gate\/garage opening &amp; closing, car link USB module\" \/>\n<meta property=\"og:url\" content=\"https:\/\/www.blutezeit.com\/fr\/produit\/mbs01-bluetooth-vehicle-exit-sensor-2-4g-gate-garage\/\" \/>\n<meta property=\"og:site_name\" content=\"Bl\u00fctezeit\" \/>\n<meta property=\"article:modified_time\" content=\"2026-03-09T09:08:29+00:00\" \/>\n<meta property=\"og:image\" content=\"http:\/\/www.blutezeit.com\/wp-content\/uploads\/2025\/12\/Bluetooth-Vehicle-Sensor-Exit-Detector-1.jpg\" \/>\n\t<meta property=\"og:image:width\" content=\"1500\" \/>\n\t<meta property=\"og:image:height\" content=\"1500\" \/>\n\t<meta property=\"og:image:type\" content=\"image\/jpeg\" \/>\n<meta name=\"twitter:card\" content=\"summary_large_image\" \/>\n<meta name=\"twitter:label1\" content=\"Dur\u00e9e de lecture estim\u00e9e\" \/>\n\t<meta name=\"twitter:data1\" content=\"3 minutes\" \/>\n<script type=\"application\/ld+json\" class=\"yoast-schema-graph\">{\"@context\":\"https:\/\/schema.org\",\"@graph\":[{\"@type\":\"WebPage\",\"@id\":\"https:\/\/www.blutezeit.com\/product\/mbs01-bluetooth-vehicle-exit-sensor-2-4g-gate-garage\/\",\"url\":\"https:\/\/www.blutezeit.com\/product\/mbs01-bluetooth-vehicle-exit-sensor-2-4g-gate-garage\/\",\"name\":\"Bluetooth Vehicle Exit Sensor - Bl\u00fctezeit\",\"isPartOf\":{\"@id\":\"https:\/\/www.blutezeit.com\/pt\/#website\"},\"primaryImageOfPage\":{\"@id\":\"https:\/\/www.blutezeit.com\/product\/mbs01-bluetooth-vehicle-exit-sensor-2-4g-gate-garage\/#primaryimage\"},\"image\":{\"@id\":\"https:\/\/www.blutezeit.com\/product\/mbs01-bluetooth-vehicle-exit-sensor-2-4g-gate-garage\/#primaryimage\"},\"thumbnailUrl\":\"https:\/\/www.blutezeit.com\/wp-content\/uploads\/2025\/12\/Bluetooth-Vehicle-Sensor-Exit-Detector-1.jpg\",\"datePublished\":\"2025-07-21T15:13:48+00:00\",\"dateModified\":\"2026-03-09T09:08:29+00:00\",\"breadcrumb\":{\"@id\":\"https:\/\/www.blutezeit.com\/product\/mbs01-bluetooth-vehicle-exit-sensor-2-4g-gate-garage\/#breadcrumb\"},\"inLanguage\":\"fr-FR\",\"potentialAction\":[{\"@type\":\"ReadAction\",\"target\":[\"https:\/\/www.blutezeit.com\/product\/mbs01-bluetooth-vehicle-exit-sensor-2-4g-gate-garage\/\"]}]},{\"@type\":\"ImageObject\",\"inLanguage\":\"fr-FR\",\"@id\":\"https:\/\/www.blutezeit.com\/product\/mbs01-bluetooth-vehicle-exit-sensor-2-4g-gate-garage\/#primaryimage\",\"url\":\"https:\/\/www.blutezeit.com\/wp-content\/uploads\/2025\/12\/Bluetooth-Vehicle-Sensor-Exit-Detector-1.jpg\",\"contentUrl\":\"https:\/\/www.blutezeit.com\/wp-content\/uploads\/2025\/12\/Bluetooth-Vehicle-Sensor-Exit-Detector-1.jpg\",\"width\":1500,\"height\":1500},{\"@type\":\"BreadcrumbList\",\"@id\":\"https:\/\/www.blutezeit.com\/product\/mbs01-bluetooth-vehicle-exit-sensor-2-4g-gate-garage\/#breadcrumb\",\"itemListElement\":[{\"@type\":\"ListItem\",\"position\":1,\"name\":\"\u9996\u9875\",\"item\":\"https:\/\/www.blutezeit.com\/pt\/\"},{\"@type\":\"ListItem\",\"position\":2,\"name\":\"Product\",\"item\":\"https:\/\/www.blutezeit.com\/pt\/shop\/\"},{\"@type\":\"ListItem\",\"position\":3,\"name\":\"Bluetooth Vehicle Exit Sensor\"}]},{\"@type\":\"WebSite\",\"@id\":\"https:\/\/www.blutezeit.com\/pt\/#website\",\"url\":\"https:\/\/www.blutezeit.com\/pt\/\",\"name\":\"Bl\u00fctezeit\",\"description\":\"Smart &amp; Solar Gate Opener Systems\",\"potentialAction\":[{\"@type\":\"SearchAction\",\"target\":{\"@type\":\"EntryPoint\",\"urlTemplate\":\"https:\/\/www.blutezeit.com\/pt\/?s={search_term_string}\"},\"query-input\":{\"@type\":\"PropertyValueSpecification\",\"valueRequired\":true,\"valueName\":\"search_term_string\"}}],\"inLanguage\":\"fr-FR\"}]}<\/script>\n<!-- \/ Yoast SEO plugin. -->","yoast_head_json":{"title":"Bluetooth Vehicle Exit Sensor - Bl\u00fctezeit","robots":{"index":"index","follow":"follow","max-snippet":"max-snippet:-1","max-image-preview":"max-image-preview:large","max-video-preview":"max-video-preview:-1"},"canonical":"https:\/\/www.blutezeit.com\/fr\/produit\/mbs01-bluetooth-vehicle-exit-sensor-2-4g-gate-garage\/","og_locale":"fr_FR","og_type":"article","og_title":"Bluetooth Vehicle Exit Sensor - Bl\u00fctezeit","og_description":"2.4G Bluetooth vehicle exit sensor wand detector, automatic gate\/garage opening & closing, car link USB module","og_url":"https:\/\/www.blutezeit.com\/fr\/produit\/mbs01-bluetooth-vehicle-exit-sensor-2-4g-gate-garage\/","og_site_name":"Bl\u00fctezeit","article_modified_time":"2026-03-09T09:08:29+00:00","og_image":[{"width":1500,"height":1500,"url":"http:\/\/www.blutezeit.com\/wp-content\/uploads\/2025\/12\/Bluetooth-Vehicle-Sensor-Exit-Detector-1.jpg","type":"image\/jpeg"}],"twitter_card":"summary_large_image","twitter_misc":{"Dur\u00e9e de lecture estim\u00e9e":"3 minutes"},"schema":{"@context":"https:\/\/schema.org","@graph":[{"@type":"WebPage","@id":"https:\/\/www.blutezeit.com\/product\/mbs01-bluetooth-vehicle-exit-sensor-2-4g-gate-garage\/","url":"https:\/\/www.blutezeit.com\/product\/mbs01-bluetooth-vehicle-exit-sensor-2-4g-gate-garage\/","name":"Bluetooth Vehicle Exit Sensor - Bl\u00fctezeit","isPartOf":{"@id":"https:\/\/www.blutezeit.com\/pt\/#website"},"primaryImageOfPage":{"@id":"https:\/\/www.blutezeit.com\/product\/mbs01-bluetooth-vehicle-exit-sensor-2-4g-gate-garage\/#primaryimage"},"image":{"@id":"https:\/\/www.blutezeit.com\/product\/mbs01-bluetooth-vehicle-exit-sensor-2-4g-gate-garage\/#primaryimage"},"thumbnailUrl":"https:\/\/www.blutezeit.com\/wp-content\/uploads\/2025\/12\/Bluetooth-Vehicle-Sensor-Exit-Detector-1.jpg","datePublished":"2025-07-21T15:13:48+00:00","dateModified":"2026-03-09T09:08:29+00:00","breadcrumb":{"@id":"https:\/\/www.blutezeit.com\/product\/mbs01-bluetooth-vehicle-exit-sensor-2-4g-gate-garage\/#breadcrumb"},"inLanguage":"fr-FR","potentialAction":[{"@type":"ReadAction","target":["https:\/\/www.blutezeit.com\/product\/mbs01-bluetooth-vehicle-exit-sensor-2-4g-gate-garage\/"]}]},{"@type":"ImageObject","inLanguage":"fr-FR","@id":"https:\/\/www.blutezeit.com\/product\/mbs01-bluetooth-vehicle-exit-sensor-2-4g-gate-garage\/#primaryimage","url":"https:\/\/www.blutezeit.com\/wp-content\/uploads\/2025\/12\/Bluetooth-Vehicle-Sensor-Exit-Detector-1.jpg","contentUrl":"https:\/\/www.blutezeit.com\/wp-content\/uploads\/2025\/12\/Bluetooth-Vehicle-Sensor-Exit-Detector-1.jpg","width":1500,"height":1500},{"@type":"BreadcrumbList","@id":"https:\/\/www.blutezeit.com\/product\/mbs01-bluetooth-vehicle-exit-sensor-2-4g-gate-garage\/#breadcrumb","itemListElement":[{"@type":"ListItem","position":1,"name":"\u9996\u9875","item":"https:\/\/www.blutezeit.com\/pt\/"},{"@type":"ListItem","position":2,"name":"Product","item":"https:\/\/www.blutezeit.com\/pt\/shop\/"},{"@type":"ListItem","position":3,"name":"Bluetooth Vehicle Exit Sensor"}]},{"@type":"WebSite","@id":"https:\/\/www.blutezeit.com\/pt\/#website","url":"https:\/\/www.blutezeit.com\/pt\/","name":"Fleur","description":"Syst\u00e8mes d&#039;ouverture de portail intelligents et solaires","potentialAction":[{"@type":"SearchAction","target":{"@type":"EntryPoint","urlTemplate":"https:\/\/www.blutezeit.com\/pt\/?s={search_term_string}"},"query-input":{"@type":"PropertyValueSpecification","valueRequired":true,"valueName":"search_term_string"}}],"inLanguage":"fr-FR"}]}},"_links":{"self":[{"href":"https:\/\/www.blutezeit.com\/fr\/wp-json\/wp\/v2\/product\/551","targetHints":{"allow":["GET"]}}],"collection":[{"href":"https:\/\/www.blutezeit.com\/fr\/wp-json\/wp\/v2\/product"}],"about":[{"href":"https:\/\/www.blutezeit.com\/fr\/wp-json\/wp\/v2\/types\/product"}],"replies":[{"embeddable":true,"href":"https:\/\/www.blutezeit.com\/fr\/wp-json\/wp\/v2\/comments?post=551"}],"wp:featuredmedia":[{"embeddable":true,"href":"https:\/\/www.blutezeit.com\/fr\/wp-json\/wp\/v2\/media\/1324"}],"wp:attachment":[{"href":"https:\/\/www.blutezeit.com\/fr\/wp-json\/wp\/v2\/media?parent=551"}],"wp:term":[{"taxonomy":"product_brand","embeddable":true,"href":"https:\/\/www.blutezeit.com\/fr\/wp-json\/wp\/v2\/product_brand?post=551"},{"taxonomy":"product_cat","embeddable":true,"href":"https:\/\/www.blutezeit.com\/fr\/wp-json\/wp\/v2\/product_cat?post=551"},{"taxonomy":"product_tag","embeddable":true,"href":"https:\/\/www.blutezeit.com\/fr\/wp-json\/wp\/v2\/product_tag?post=551"}],"curies":[{"name":"wp","href":"https:\/\/api.w.org\/{rel}","templated":true}]}}