{"id":368,"date":"2025-07-14T11:49:03","date_gmt":"2025-07-14T11:49:03","guid":{"rendered":"https:\/\/www.blutezeit.com\/?post_type=product&#038;p=368"},"modified":"2026-03-18T08:45:42","modified_gmt":"2026-03-18T08:45:42","slug":"mrc10a-wireless-wall-remote-433mhz-duplicator","status":"publish","type":"product","link":"https:\/\/www.blutezeit.com\/fr\/produit\/mrc10a-wireless-wall-remote-433mhz-duplicator\/","title":{"rendered":"T\u00e9l\u00e9commande murale sans fil A"},"content":{"rendered":"<div class=\"celwidget aplus-module premium-module-2-fullbackground-image aplus-premium\" data-csa-c-id=\"tg2rqa-l4v5xt-nsh8tj-h3xsjd\" data-cel-widget=\"aplus-premium-module-2-fullbackground-image\">\n<div class=\"a-section a-spacing-none premium-aplus premium-aplus-module-2\">\n<h2 class=\"a-text-center aplus-container-3 aplus-h1 a-text-bold\">T\u00e9l\u00e9commande murale pour ouvre-porte Bl\u00fctezeit<\/h2>\n<div class=\"a-section a-spacing-none premium-background-wrapper\">\n<div class=\"a-section a-spacing-none background-image\"><img decoding=\"async\" class=\"\" src=\"https:\/\/m.media-amazon.com\/images\/S\/aplus-media-library-service-media\/114b4f03-84f0-4090-904f-c64f7317a0f9.__CR0,0,1464,600_PT0_SX1464_V1___.jpg\" alt=\"Wireless Push Button Wall Switch for Automatic Sliding Gate Opener\" data-src=\"https:\/\/m.media-amazon.com\/images\/S\/aplus-media-library-service-media\/114b4f03-84f0-4090-904f-c64f7317a0f9.__CR0,0,1464,600_PT0_SX1464_V1___.jpg\" \/><\/div>\n<\/div>\n<div class=\"a-section a-text-center\">\n<p class=\"aplus-description aplus-container-3 aplus-p1\"><span class=\"a-text-bold\">Aliment\u00e9 par batterie<\/span>\u00a0\u2013 Utilisez uniquement une batterie 21V 23A sans aucune connexion filaire.\u00a0<span class=\"a-text-bold\">Installation simple<\/span>\u00a0\u2013 Montage mural possible avec des vis ou collage direct au mur avec du ruban mousse double face 3M.\u00a0<span class=\"a-text-bold\">Duplicateur \u00e0 distance<\/span>\u00a0\u2013 Copiez les codes d\u2019autres t\u00e9l\u00e9commandes uniquement, il ne prend PAS en charge l\u2019apprentissage des codes des ouvre-portes.<\/p>\n<\/div>\n<\/div>\n<\/div>\n<div class=\"celwidget aplus-module premium-module-2-fullbackground-image aplus-premium\" data-csa-c-id=\"o2rlvm-ro8c8f-kp5e9-7op6vf\" data-cel-widget=\"aplus-premium-module-2-fullbackground-image\">\n<div class=\"a-section a-spacing-none premium-aplus premium-aplus-module-2\">\n<h2 class=\"a-text-center aplus-container-3 aplus-h1 a-text-bold\">Plac\u00e9 n&#039;importe o\u00f9 pour un contr\u00f4le facile<\/h2>\n<div class=\"a-section a-spacing-none premium-background-wrapper\">\n<div class=\"a-section a-spacing-none background-image\"><img decoding=\"async\" class=\"\" src=\"https:\/\/m.media-amazon.com\/images\/S\/aplus-media-library-service-media\/07042616-432f-4106-ac51-ea0600299ba0.__CR0,0,2928,1200_PT0_SX1464_V1___.jpg\" alt=\"wall mount remote control for sliding gate entrance\" data-src=\"https:\/\/m.media-amazon.com\/images\/S\/aplus-media-library-service-media\/07042616-432f-4106-ac51-ea0600299ba0.__CR0,0,2928,1200_PT0_SX1464_V1___.jpg\" \/><\/div>\n<\/div>\n<div class=\"a-section a-text-center\">\n<p class=\"aplus-description aplus-container-3 aplus-p1\"><span class=\"a-text-bold\">Large gamme<\/span>\u00a0\u2013 La port\u00e9e de fonctionnement de la t\u00e9l\u00e9commande murale peut atteindre 65 pieds\/20 m (max. 100 pieds lorsqu&#039;il n&#039;y a pas de blocs).\u00a0<span class=\"a-text-bold\">Plac\u00e9 n&#039;importe o\u00f9<\/span>\u00a0\u2013 Vous pouvez l&#039;installer \u00e0 l&#039;endroit qui vous convient pour contr\u00f4ler la porte, par exemple pr\u00e8s de la fen\u00eatre de la pi\u00e8ce, \u00e0 la porte de votre propri\u00e9t\u00e9 ou pr\u00e8s de la porte du salon.<\/p>\n<\/div>\n<\/div>\n<\/div>\n<div class=\"celwidget aplus-module premium-module-2-fullbackground-image aplus-premium\" data-csa-c-id=\"3o7qy3-s89p23-v9319t-uozkl2\" data-cel-widget=\"aplus-premium-module-2-fullbackground-image\">\n<div class=\"a-section a-spacing-none premium-aplus premium-aplus-module-2\">\n<h2 class=\"a-text-center aplus-container-3 aplus-h1 a-text-bold\">Contr\u00f4le \u00e0 3 touches sur un seul pad<\/h2>\n<div class=\"a-section a-spacing-none premium-background-wrapper\">\n<div class=\"a-section a-spacing-none background-image\"><img decoding=\"async\" class=\"\" src=\"https:\/\/m.media-amazon.com\/images\/S\/aplus-media-library-service-media\/f923e9d5-fde9-4883-ba5f-67ce0afe20da.__CR0,0,1464,600_PT0_SX1464_V1___.jpg\" alt=\"Wireless Push Button Wall Switch for Automatic Sliding Gate Opener\" data-src=\"https:\/\/m.media-amazon.com\/images\/S\/aplus-media-library-service-media\/f923e9d5-fde9-4883-ba5f-67ce0afe20da.__CR0,0,1464,600_PT0_SX1464_V1___.jpg\" \/><\/div>\n<\/div>\n<div class=\"a-section a-text-center\">\n<p class=\"aplus-description aplus-container-3 aplus-p1\">Appuyez simplement sur le bouton pour contr\u00f4ler l&#039;ouvre-porte pour ouvrir, fermer et arr\u00eater votre portail, vous pouvez faire correspondre les 3 cl\u00e9s avec la t\u00e9l\u00e9commande d&#039;origine selon vos besoins r\u00e9els et le sens d&#039;ouverture du portail.<\/p>\n<\/div>\n<\/div>\n<\/div>\n<div class=\"celwidget aplus-module premium-module-2-fullbackground-image aplus-premium\" data-csa-c-id=\"umgj6o-nq2dzp-suo093-d9kwfv\" data-cel-widget=\"aplus-premium-module-2-fullbackground-image\">\n<div class=\"a-section a-spacing-none premium-aplus premium-aplus-module-2\">\n<div class=\"a-section a-spacing-none premium-background-wrapper\">\n<div class=\"a-section a-spacing-none background-image\"><img decoding=\"async\" class=\"\" src=\"https:\/\/m.media-amazon.com\/images\/S\/aplus-media-library-service-media\/ef3b3d16-d672-41ad-946c-84af658884fe.__CR0,0,1464,600_PT0_SX1464_V1___.jpg\" alt=\"Wireless Push Button Wall Switch for Automatic Sliding Gate Opener\" data-src=\"https:\/\/m.media-amazon.com\/images\/S\/aplus-media-library-service-media\/ef3b3d16-d672-41ad-946c-84af658884fe.__CR0,0,1464,600_PT0_SX1464_V1___.jpg\" \/><\/div>\n<\/div>\n<div class=\"a-section a-text-center\">\n<p class=\"aplus-description aplus-container-3 aplus-p1\"><u style=\"font-size: 25px;\">M\u00e9thode d&#039;installation<\/u><\/p>\n<\/div>\n<\/div>\n<\/div>\n<div class=\"celwidget aplus-module premium-module-15-text aplus-premium\" data-csa-c-id=\"ivqlg8-mw50ms-jfpra6-bydm68\" data-cel-widget=\"aplus-premium-module-15-text\">\n<div class=\"a-section a-spacing-none premium-aplus premium-aplus-module-15\">\n<div class=\"a-section a-spacing-none\">\n<ul class=\"a-unordered-list a-vertical\">\n<li><span class=\"a-list-item\">M\u00e9thode 1 \u2013 Ouvrez la coque et montez l\u2019interrupteur avec des vis, appuyez la coque avant sur celle arri\u00e8re.<\/span><\/li>\n<li><span class=\"a-list-item\">M\u00e9thode 2 \u2013 Collez le ruban mousse double face 3M au dos de la coque et fixez-la au mur.<\/span><\/li>\n<li><span class=\"a-list-item\"><span class=\"a-text-bold\">Noyau puissant \u2013\u00a0<\/span>Puce puissante int\u00e9gr\u00e9e pour transmettre des signaux sans fil ; aliment\u00e9 par batterie sans aucune connexion filaire.<\/span><\/li>\n<li><span class=\"a-list-item\"><span class=\"a-text-bold\">Contr\u00f4le simultan\u00e9\u00a0<\/span>\u2013 Cette t\u00e9l\u00e9commande murale peut \u00eatre compatible avec les t\u00e9l\u00e9commandes Bl\u00fctezeit ME-GO et contr\u00f4ler l&#039;ouvre-porte avec la t\u00e9l\u00e9commande d&#039;origine en m\u00eame temps.<\/span><\/li>\n<li><span class=\"a-list-item\"><span class=\"a-text-bold\">Avis important<\/span>\u00a0\u2013 Sugg\u00e9rer de l&#039;utiliser UNIQUEMENT sur les ouvre-portes Bl\u00fctezeit ME-GO.<\/span><\/li>\n<\/ul>\n<\/div>\n<\/div>\n<\/div>","protected":false},"excerpt":{"rendered":"<p>Interrupteur de duplication murale sans fil 433 MHz\u00a0: ouvrir\/arr\u00eater\/fermer<\/p>","protected":false},"featured_media":1302,"comment_status":"open","ping_status":"closed","template":"","meta":[],"product_brand":[33],"product_cat":[22,24],"product_tag":[],"class_list":{"0":"post-368","1":"product","2":"type-product","3":"status-publish","4":"has-post-thumbnail","6":"product_brand-blutezeit","7":"product_cat-accessories","8":"product_cat-remote-access-control","10":"first","11":"instock","12":"shipping-taxable","13":"purchasable","14":"product-type-variable"},"yoast_head":"<!-- This site is optimized with the Yoast SEO plugin v26.4 - https:\/\/yoast.com\/wordpress\/plugins\/seo\/ -->\n<title>Wireless Wall Remote A - Bl\u00fctezeit<\/title>\n<meta name=\"robots\" content=\"index, follow, max-snippet:-1, max-image-preview:large, max-video-preview:-1\" \/>\n<link rel=\"canonical\" href=\"https:\/\/www.blutezeit.com\/fr\/produit\/mrc10a-wireless-wall-remote-433mhz-duplicator\/\" \/>\n<meta property=\"og:locale\" content=\"fr_FR\" \/>\n<meta property=\"og:type\" content=\"article\" \/>\n<meta property=\"og:title\" content=\"Wireless Wall Remote A - Bl\u00fctezeit\" \/>\n<meta property=\"og:description\" content=\"433MHz wireless wall-mount duplicator switch: open\/stop\/close\" \/>\n<meta property=\"og:url\" content=\"https:\/\/www.blutezeit.com\/fr\/produit\/mrc10a-wireless-wall-remote-433mhz-duplicator\/\" \/>\n<meta property=\"og:site_name\" content=\"Bl\u00fctezeit\" \/>\n<meta property=\"article:modified_time\" content=\"2026-03-18T08:45:42+00:00\" \/>\n<meta property=\"og:image\" content=\"http:\/\/www.blutezeit.com\/wp-content\/uploads\/2025\/12\/Wall-Mounted-Remote-Control-A-1-scaled-1.jpg\" \/>\n\t<meta property=\"og:image:width\" content=\"2560\" \/>\n\t<meta property=\"og:image:height\" content=\"2560\" \/>\n\t<meta property=\"og:image:type\" content=\"image\/jpeg\" \/>\n<meta name=\"twitter:card\" content=\"summary_large_image\" \/>\n<meta name=\"twitter:label1\" content=\"Dur\u00e9e de lecture estim\u00e9e\" \/>\n\t<meta name=\"twitter:data1\" content=\"3 minutes\" \/>\n<script type=\"application\/ld+json\" class=\"yoast-schema-graph\">{\"@context\":\"https:\/\/schema.org\",\"@graph\":[{\"@type\":\"WebPage\",\"@id\":\"https:\/\/www.blutezeit.com\/product\/mrc10a-wireless-wall-remote-433mhz-duplicator\/\",\"url\":\"https:\/\/www.blutezeit.com\/product\/mrc10a-wireless-wall-remote-433mhz-duplicator\/\",\"name\":\"Wireless Wall Remote A - Bl\u00fctezeit\",\"isPartOf\":{\"@id\":\"https:\/\/www.blutezeit.com\/pt\/#website\"},\"primaryImageOfPage\":{\"@id\":\"https:\/\/www.blutezeit.com\/product\/mrc10a-wireless-wall-remote-433mhz-duplicator\/#primaryimage\"},\"image\":{\"@id\":\"https:\/\/www.blutezeit.com\/product\/mrc10a-wireless-wall-remote-433mhz-duplicator\/#primaryimage\"},\"thumbnailUrl\":\"https:\/\/www.blutezeit.com\/wp-content\/uploads\/2025\/12\/Wall-Mounted-Remote-Control-A-1-scaled-1.jpg\",\"datePublished\":\"2025-07-14T11:49:03+00:00\",\"dateModified\":\"2026-03-18T08:45:42+00:00\",\"breadcrumb\":{\"@id\":\"https:\/\/www.blutezeit.com\/product\/mrc10a-wireless-wall-remote-433mhz-duplicator\/#breadcrumb\"},\"inLanguage\":\"fr-FR\",\"potentialAction\":[{\"@type\":\"ReadAction\",\"target\":[\"https:\/\/www.blutezeit.com\/product\/mrc10a-wireless-wall-remote-433mhz-duplicator\/\"]}]},{\"@type\":\"ImageObject\",\"inLanguage\":\"fr-FR\",\"@id\":\"https:\/\/www.blutezeit.com\/product\/mrc10a-wireless-wall-remote-433mhz-duplicator\/#primaryimage\",\"url\":\"https:\/\/www.blutezeit.com\/wp-content\/uploads\/2025\/12\/Wall-Mounted-Remote-Control-A-1-scaled-1.jpg\",\"contentUrl\":\"https:\/\/www.blutezeit.com\/wp-content\/uploads\/2025\/12\/Wall-Mounted-Remote-Control-A-1-scaled-1.jpg\",\"width\":2560,\"height\":2560},{\"@type\":\"BreadcrumbList\",\"@id\":\"https:\/\/www.blutezeit.com\/product\/mrc10a-wireless-wall-remote-433mhz-duplicator\/#breadcrumb\",\"itemListElement\":[{\"@type\":\"ListItem\",\"position\":1,\"name\":\"\u9996\u9875\",\"item\":\"https:\/\/www.blutezeit.com\/pt\/\"},{\"@type\":\"ListItem\",\"position\":2,\"name\":\"Product\",\"item\":\"https:\/\/www.blutezeit.com\/pt\/shop\/\"},{\"@type\":\"ListItem\",\"position\":3,\"name\":\"Wireless Wall Remote A\"}]},{\"@type\":\"WebSite\",\"@id\":\"https:\/\/www.blutezeit.com\/pt\/#website\",\"url\":\"https:\/\/www.blutezeit.com\/pt\/\",\"name\":\"Bl\u00fctezeit\",\"description\":\"Smart &amp; Solar Gate Opener Systems\",\"potentialAction\":[{\"@type\":\"SearchAction\",\"target\":{\"@type\":\"EntryPoint\",\"urlTemplate\":\"https:\/\/www.blutezeit.com\/pt\/?s={search_term_string}\"},\"query-input\":{\"@type\":\"PropertyValueSpecification\",\"valueRequired\":true,\"valueName\":\"search_term_string\"}}],\"inLanguage\":\"fr-FR\"}]}<\/script>\n<!-- \/ Yoast SEO plugin. -->","yoast_head_json":{"title":"Wireless Wall Remote A - Bl\u00fctezeit","robots":{"index":"index","follow":"follow","max-snippet":"max-snippet:-1","max-image-preview":"max-image-preview:large","max-video-preview":"max-video-preview:-1"},"canonical":"https:\/\/www.blutezeit.com\/fr\/produit\/mrc10a-wireless-wall-remote-433mhz-duplicator\/","og_locale":"fr_FR","og_type":"article","og_title":"Wireless Wall Remote A - Bl\u00fctezeit","og_description":"433MHz wireless wall-mount duplicator switch: open\/stop\/close","og_url":"https:\/\/www.blutezeit.com\/fr\/produit\/mrc10a-wireless-wall-remote-433mhz-duplicator\/","og_site_name":"Bl\u00fctezeit","article_modified_time":"2026-03-18T08:45:42+00:00","og_image":[{"width":2560,"height":2560,"url":"http:\/\/www.blutezeit.com\/wp-content\/uploads\/2025\/12\/Wall-Mounted-Remote-Control-A-1-scaled-1.jpg","type":"image\/jpeg"}],"twitter_card":"summary_large_image","twitter_misc":{"Dur\u00e9e de lecture estim\u00e9e":"3 minutes"},"schema":{"@context":"https:\/\/schema.org","@graph":[{"@type":"WebPage","@id":"https:\/\/www.blutezeit.com\/product\/mrc10a-wireless-wall-remote-433mhz-duplicator\/","url":"https:\/\/www.blutezeit.com\/product\/mrc10a-wireless-wall-remote-433mhz-duplicator\/","name":"Wireless Wall Remote A - Bl\u00fctezeit","isPartOf":{"@id":"https:\/\/www.blutezeit.com\/pt\/#website"},"primaryImageOfPage":{"@id":"https:\/\/www.blutezeit.com\/product\/mrc10a-wireless-wall-remote-433mhz-duplicator\/#primaryimage"},"image":{"@id":"https:\/\/www.blutezeit.com\/product\/mrc10a-wireless-wall-remote-433mhz-duplicator\/#primaryimage"},"thumbnailUrl":"https:\/\/www.blutezeit.com\/wp-content\/uploads\/2025\/12\/Wall-Mounted-Remote-Control-A-1-scaled-1.jpg","datePublished":"2025-07-14T11:49:03+00:00","dateModified":"2026-03-18T08:45:42+00:00","breadcrumb":{"@id":"https:\/\/www.blutezeit.com\/product\/mrc10a-wireless-wall-remote-433mhz-duplicator\/#breadcrumb"},"inLanguage":"fr-FR","potentialAction":[{"@type":"ReadAction","target":["https:\/\/www.blutezeit.com\/product\/mrc10a-wireless-wall-remote-433mhz-duplicator\/"]}]},{"@type":"ImageObject","inLanguage":"fr-FR","@id":"https:\/\/www.blutezeit.com\/product\/mrc10a-wireless-wall-remote-433mhz-duplicator\/#primaryimage","url":"https:\/\/www.blutezeit.com\/wp-content\/uploads\/2025\/12\/Wall-Mounted-Remote-Control-A-1-scaled-1.jpg","contentUrl":"https:\/\/www.blutezeit.com\/wp-content\/uploads\/2025\/12\/Wall-Mounted-Remote-Control-A-1-scaled-1.jpg","width":2560,"height":2560},{"@type":"BreadcrumbList","@id":"https:\/\/www.blutezeit.com\/product\/mrc10a-wireless-wall-remote-433mhz-duplicator\/#breadcrumb","itemListElement":[{"@type":"ListItem","position":1,"name":"\u9996\u9875","item":"https:\/\/www.blutezeit.com\/pt\/"},{"@type":"ListItem","position":2,"name":"Product","item":"https:\/\/www.blutezeit.com\/pt\/shop\/"},{"@type":"ListItem","position":3,"name":"Wireless Wall Remote A"}]},{"@type":"WebSite","@id":"https:\/\/www.blutezeit.com\/pt\/#website","url":"https:\/\/www.blutezeit.com\/pt\/","name":"Fleur","description":"Syst\u00e8mes d&#039;ouverture de portail intelligents et solaires","potentialAction":[{"@type":"SearchAction","target":{"@type":"EntryPoint","urlTemplate":"https:\/\/www.blutezeit.com\/pt\/?s={search_term_string}"},"query-input":{"@type":"PropertyValueSpecification","valueRequired":true,"valueName":"search_term_string"}}],"inLanguage":"fr-FR"}]}},"_links":{"self":[{"href":"https:\/\/www.blutezeit.com\/fr\/wp-json\/wp\/v2\/product\/368","targetHints":{"allow":["GET"]}}],"collection":[{"href":"https:\/\/www.blutezeit.com\/fr\/wp-json\/wp\/v2\/product"}],"about":[{"href":"https:\/\/www.blutezeit.com\/fr\/wp-json\/wp\/v2\/types\/product"}],"replies":[{"embeddable":true,"href":"https:\/\/www.blutezeit.com\/fr\/wp-json\/wp\/v2\/comments?post=368"}],"wp:featuredmedia":[{"embeddable":true,"href":"https:\/\/www.blutezeit.com\/fr\/wp-json\/wp\/v2\/media\/1302"}],"wp:attachment":[{"href":"https:\/\/www.blutezeit.com\/fr\/wp-json\/wp\/v2\/media?parent=368"}],"wp:term":[{"taxonomy":"product_brand","embeddable":true,"href":"https:\/\/www.blutezeit.com\/fr\/wp-json\/wp\/v2\/product_brand?post=368"},{"taxonomy":"product_cat","embeddable":true,"href":"https:\/\/www.blutezeit.com\/fr\/wp-json\/wp\/v2\/product_cat?post=368"},{"taxonomy":"product_tag","embeddable":true,"href":"https:\/\/www.blutezeit.com\/fr\/wp-json\/wp\/v2\/product_tag?post=368"}],"curies":[{"name":"wp","href":"https:\/\/api.w.org\/{rel}","templated":true}]}}