{"id":351,"date":"2025-07-14T08:17:26","date_gmt":"2025-07-14T08:17:26","guid":{"rendered":"https:\/\/www.blutezeit.com\/?post_type=product&#038;p=351"},"modified":"2026-03-09T09:09:00","modified_gmt":"2026-03-09T09:09:00","slug":"mwk10-wireless-keypad-backlight-cover-433mhz","status":"publish","type":"product","link":"https:\/\/www.blutezeit.com\/fr\/produit\/mwk10-wireless-keypad-backlight-cover-433mhz\/","title":{"rendered":"Clavier sans fil r\u00e9tro\u00e9clair\u00e9"},"content":{"rendered":"<div class=\"celwidget aplus-module premium-module-2-fullbackground-image aplus-premium\" data-csa-c-id=\"2u4xlf-jgk7fl-va7qm2-e3lhc8\" data-cel-widget=\"aplus-premium-module-2-fullbackground-image\">\n<div class=\"a-section a-spacing-none premium-aplus premium-aplus-module-2\">\n<h3 class=\"a-text-center aplus-container-3 aplus-h1 a-text-bold\"><strong>Clavier num\u00e9rique sans fil pour ouvre-portes coulissants Bl\u00fctezeit<\/strong><\/h3>\n<div class=\"a-section a-spacing-none premium-background-wrapper\">\n<div class=\"a-section a-spacing-none background-image\"><img decoding=\"async\" class=\"\" src=\"https:\/\/m.media-amazon.com\/images\/S\/aplus-media-library-service-media\/1e18a9c4-ff83-4054-9934-78ce8beb2158.__CR0,0,2928,1200_PT0_SX1464_V1___.jpg\" alt=\"keypad wireless for access system automatic sliding gate opener digit code control security\" data-src=\"https:\/\/m.media-amazon.com\/images\/S\/aplus-media-library-service-media\/1e18a9c4-ff83-4054-9934-78ce8beb2158.__CR0,0,2928,1200_PT0_SX1464_V1___.jpg\" \/><\/div>\n<\/div>\n<div class=\"a-section a-text-center\">\n<h5 class=\"aplus-description aplus-container-3 aplus-p1\"><span class=\"a-text-bold\">Conception sans fil<\/span>\u00a0\u2013 Utilisez uniquement 3 piles AAA sans aucune connexion filaire.\u00a0<span class=\"a-text-bold\">Installation rapide<\/span>\u00a0\u2013 Montage mural possible avec des vis ou collage direct au mur avec du ruban adh\u00e9sif double face 3M.\u00a0<span class=\"a-text-bold\">Duplicateur \u00e0 distance<\/span>\u00a0\u2013 Dupliquer les codes d\u2019autres t\u00e9l\u00e9commandes 433 MHz, il ne prend PAS en charge l\u2019apprentissage des codes des ouvre-portes.<\/h5>\n<\/div>\n<\/div>\n<\/div>\n<div class=\"celwidget aplus-module premium-module-2-fullbackground-image aplus-premium\" data-csa-c-id=\"537u5d-b7s9v4-sqy7ju-fwjh1u\" data-cel-widget=\"aplus-premium-module-2-fullbackground-image\">\n<div class=\"a-section a-spacing-none premium-aplus premium-aplus-module-2\">\n<h3 class=\"a-text-center aplus-container-3 aplus-h1 a-text-bold\"><strong>Install\u00e9 \u00e0 l&#039;acc\u00e8s \u00e0 la porte pour la s\u00e9curit\u00e9<\/strong><\/h3>\n<div class=\"a-section a-spacing-none premium-background-wrapper\">\n<div class=\"a-section a-spacing-none background-image\"><img decoding=\"async\" class=\"\" src=\"https:\/\/m.media-amazon.com\/images\/S\/aplus-media-library-service-media\/7f48f605-98bb-44ba-9656-58724f68412d.__CR0,0,2928,1200_PT0_SX1464_V1___.jpg\" alt=\"keypad for gate access system safety security property wall mount dulplicator remote control\" data-src=\"https:\/\/m.media-amazon.com\/images\/S\/aplus-media-library-service-media\/7f48f605-98bb-44ba-9656-58724f68412d.__CR0,0,2928,1200_PT0_SX1464_V1___.jpg\" \/><\/div>\n<\/div>\n<div class=\"a-section a-text-center\">\n<h5 class=\"aplus-description aplus-container-3 aplus-p1\"><span class=\"a-text-bold\">Large gamme<\/span>\u00a0\u2013 La port\u00e9e de fonctionnement de la t\u00e9l\u00e9commande murale peut atteindre 100 pieds\/30 m dans un espace ouvert.\u00a0<span class=\"a-text-bold\">S\u00e9curit\u00e9 suppl\u00e9mentaire<\/span>\u00a0\u2013 Vous pouvez installer ce clavier sans fil \u00e0 l&#039;entr\u00e9e, \u00e0 la sortie ou des deux c\u00f4t\u00e9s de votre portail pour garantir les acc\u00e8s autoris\u00e9s. Plus d&#039;inqui\u00e9tude si vous oubliez vos t\u00e9l\u00e9commandes ou vos cl\u00e9s.<\/h5>\n<\/div>\n<\/div>\n<\/div>\n<div class=\"celwidget aplus-module premium-module-2-fullbackground-image aplus-premium\" data-csa-c-id=\"f9npp1-a2encb-us87b8-sv3nt1\" data-cel-widget=\"aplus-premium-module-2-fullbackground-image\">\n<div class=\"a-section a-spacing-none premium-aplus premium-aplus-module-2\">\n<h3 class=\"a-text-center aplus-container-3 aplus-h1 a-text-bold\"><strong>Clavier et commandes \u00e0 3 touches sur un seul pav\u00e9<\/strong><\/h3>\n<div class=\"a-section a-spacing-none premium-background-wrapper\">\n<p><img decoding=\"async\" class=\"\" src=\"https:\/\/m.media-amazon.com\/images\/S\/aplus-media-library-service-media\/56a41b68-0de5-4d3e-907d-48ea6adbe1ac.__CR0,0,2928,1200_PT0_SX1464_V1___.jpg\" alt=\"wireless digital keypad control for gate opening and close, entrance exit access system\" data-src=\"https:\/\/m.media-amazon.com\/images\/S\/aplus-media-library-service-media\/56a41b68-0de5-4d3e-907d-48ea6adbe1ac.__CR0,0,2928,1200_PT0_SX1464_V1___.jpg\" \/><\/p>\n<\/div>\n<div class=\"a-section a-text-center\">\n<h5 class=\"aplus-description aplus-container-3 aplus-p1\"><span class=\"a-text-bold\">Facile mais s\u00e9curis\u00e9<\/span>\u00a0\u2013 En saisissant le code pour contr\u00f4ler facilement votre portail, vous pouvez faire correspondre les cl\u00e9s de contr\u00f4le avec les t\u00e9l\u00e9commandes Bl\u00fctezeit d&#039;origine selon vos besoins.\u00a0<span class=\"a-text-bold\">Mode ESC automatique<\/span>\u00a0\u2013 Appuyez sur ESC pour quitter le programme, ou l&#039;appareil quittera automatiquement pour assurer la s\u00e9curit\u00e9 apr\u00e8s 10 secondes s&#039;il n&#039;y a plus d&#039;op\u00e9rations.<\/h5>\n<\/div>\n<\/div>\n<\/div>\n<div class=\"celwidget aplus-module premium-module-2-fullbackground-image aplus-premium\" data-csa-c-id=\"o91n6s-bdy9jn-1a39xm-qypi8r\" data-cel-widget=\"aplus-premium-module-2-fullbackground-image\">\n<div class=\"a-section a-spacing-none premium-aplus premium-aplus-module-2\">\n<h3 class=\"a-text-center aplus-container-3 aplus-h1 a-text-bold\"><strong>Conception unique \u00e9tanche et r\u00e9tro\u00e9clair\u00e9e<\/strong><\/h3>\n<div class=\"a-section a-spacing-none premium-background-wrapper\">\n<div class=\"a-section a-spacing-none background-image\"><img decoding=\"async\" class=\"\" src=\"https:\/\/m.media-amazon.com\/images\/S\/aplus-media-library-service-media\/5e3b3b00-b2fe-4f18-aa64-318817e0e12a.__CR0,0,2928,1200_PT0_SX1464_V1___.jpg\" alt=\"waterproof wireless keypad universal for automatic sliding gate opener access system\" data-src=\"https:\/\/m.media-amazon.com\/images\/S\/aplus-media-library-service-media\/5e3b3b00-b2fe-4f18-aa64-318817e0e12a.__CR0,0,2928,1200_PT0_SX1464_V1___.jpg\" \/><\/div>\n<\/div>\n<div class=\"a-section a-text-center\">\n<h5 class=\"aplus-description aplus-container-3 aplus-p1\"><span class=\"a-text-bold\">\u00c9tanche IPX6<\/span>\u00a0\u2013 Ce clavier est scell\u00e9 avec du silicone de haute qualit\u00e9 r\u00e9sistant \u00e0 l&#039;eau et \u00e0 la poussi\u00e8re, la coque transparente lui donne plus de sens du design et une double protection.\u00a0<span class=\"a-text-bold\">R\u00e9tro\u00e9clairage LED<\/span>\u00a0\u2013 Le r\u00e9tro\u00e9clairage bleu int\u00e9gr\u00e9 permet une grande visibilit\u00e9 la nuit ou dans la zone sombre, ce qui le rend plus haut de gamme.<\/h5>\n<\/div>\n<\/div>\n<\/div>\n<div class=\"celwidget aplus-module premium-module-15-text aplus-premium\" data-csa-c-id=\"kycn1f-s2lppe-lcolz0-ukkplb\" data-cel-widget=\"aplus-premium-module-15-text\">\n<div class=\"a-section a-spacing-none premium-aplus premium-aplus-module-15\">\n<div class=\"a-section a-spacing-none\">\n<h5><strong><span class=\"a-list-item\"><u><span class=\"a-text-bold\">Plus de fonctionnalit\u00e9s :<\/span><\/u><\/span><\/strong><\/h5>\n<ul>\n<li><span class=\"a-list-item\">Noyau puissant \u2013 Puce puissante int\u00e9gr\u00e9e pour transmettre des signaux sans fil ; aliment\u00e9 par 3 piles AAA.<\/span><\/li>\n<li><span class=\"a-list-item\">Contr\u00f4le simultan\u00e9 \u2013 Ce clavier peut \u00eatre compatible avec les t\u00e9l\u00e9commandes Bl\u00fctezeit ME-GO ; il peut \u00eatre utilis\u00e9 avec les t\u00e9l\u00e9commandes d&#039;origine en m\u00eame temps.<\/span><\/li>\n<li><span class=\"a-list-item\">Avis important \u2013 Recommand\u00e9 pour une utilisation UNIQUEMENT avec les ouvre-portails coulissants Bl\u00fctezeit ME-GO. Remplacez les piles si elles sont d\u00e9charg\u00e9es.<\/span><\/li>\n<\/ul>\n<h5><strong><span class=\"a-list-item\"><span class=\"a-text-bold\"><u>Liste de colisage:<\/u><\/span><\/span><\/strong><\/h5>\n<ul>\n<li><span class=\"a-list-item\">1 x clavier (3 piles AAA incluses) ;<\/span><\/li>\n<li><span class=\"a-list-item\">2 x vis et boulons<\/span><\/li>\n<li><span class=\"a-list-item\">1 x ruban adh\u00e9sif double face haute r\u00e9sistance<\/span><\/li>\n<\/ul>\n<\/div>\n<\/div>\n<\/div>","protected":false},"excerpt":{"rendered":"<p>Clavier num\u00e9rique sans fil 433 MHz avec r\u00e9tro\u00e9clairage et couvercle \u00e9tanche<\/p>","protected":false},"featured_media":1297,"comment_status":"open","ping_status":"closed","template":"","meta":[],"product_brand":[33],"product_cat":[22,24],"product_tag":[],"class_list":{"0":"post-351","1":"product","2":"type-product","3":"status-publish","4":"has-post-thumbnail","6":"product_brand-blutezeit","7":"product_cat-accessories","8":"product_cat-remote-access-control","10":"first","11":"instock","12":"shipping-taxable","13":"purchasable","14":"product-type-simple"},"yoast_head":"<!-- This site is optimized with the Yoast SEO plugin v26.4 - https:\/\/yoast.com\/wordpress\/plugins\/seo\/ -->\n<title>Wireless Keypad w\/ Backlight - Bl\u00fctezeit<\/title>\n<meta name=\"robots\" content=\"index, follow, max-snippet:-1, max-image-preview:large, max-video-preview:-1\" \/>\n<link rel=\"canonical\" href=\"https:\/\/www.blutezeit.com\/fr\/produit\/mwk10-wireless-keypad-backlight-cover-433mhz\/\" \/>\n<meta property=\"og:locale\" content=\"fr_FR\" \/>\n<meta property=\"og:type\" content=\"article\" \/>\n<meta property=\"og:title\" content=\"Wireless Keypad w\/ Backlight - Bl\u00fctezeit\" \/>\n<meta property=\"og:description\" content=\"433MHz wireless numeric keypad with backlight and waterproof cover\" \/>\n<meta property=\"og:url\" content=\"https:\/\/www.blutezeit.com\/fr\/produit\/mwk10-wireless-keypad-backlight-cover-433mhz\/\" \/>\n<meta property=\"og:site_name\" content=\"Bl\u00fctezeit\" \/>\n<meta property=\"article:modified_time\" content=\"2026-03-09T09:09:00+00:00\" \/>\n<meta property=\"og:image\" content=\"http:\/\/www.blutezeit.com\/wp-content\/uploads\/2025\/12\/Wireless-Keypad-1pc-1-1.jpg\" \/>\n\t<meta property=\"og:image:width\" content=\"1600\" \/>\n\t<meta property=\"og:image:height\" content=\"1600\" \/>\n\t<meta property=\"og:image:type\" content=\"image\/jpeg\" \/>\n<meta name=\"twitter:card\" content=\"summary_large_image\" \/>\n<meta name=\"twitter:label1\" content=\"Dur\u00e9e de lecture estim\u00e9e\" \/>\n\t<meta name=\"twitter:data1\" content=\"3 minutes\" \/>\n<script type=\"application\/ld+json\" class=\"yoast-schema-graph\">{\"@context\":\"https:\/\/schema.org\",\"@graph\":[{\"@type\":\"WebPage\",\"@id\":\"https:\/\/www.blutezeit.com\/product\/mwk10-wireless-keypad-backlight-cover-433mhz\/\",\"url\":\"https:\/\/www.blutezeit.com\/product\/mwk10-wireless-keypad-backlight-cover-433mhz\/\",\"name\":\"Wireless Keypad w\/ Backlight - Bl\u00fctezeit\",\"isPartOf\":{\"@id\":\"https:\/\/www.blutezeit.com\/pt\/#website\"},\"primaryImageOfPage\":{\"@id\":\"https:\/\/www.blutezeit.com\/product\/mwk10-wireless-keypad-backlight-cover-433mhz\/#primaryimage\"},\"image\":{\"@id\":\"https:\/\/www.blutezeit.com\/product\/mwk10-wireless-keypad-backlight-cover-433mhz\/#primaryimage\"},\"thumbnailUrl\":\"https:\/\/www.blutezeit.com\/wp-content\/uploads\/2025\/12\/Wireless-Keypad-1pc-1-1.jpg\",\"datePublished\":\"2025-07-14T08:17:26+00:00\",\"dateModified\":\"2026-03-09T09:09:00+00:00\",\"breadcrumb\":{\"@id\":\"https:\/\/www.blutezeit.com\/product\/mwk10-wireless-keypad-backlight-cover-433mhz\/#breadcrumb\"},\"inLanguage\":\"fr-FR\",\"potentialAction\":[{\"@type\":\"ReadAction\",\"target\":[\"https:\/\/www.blutezeit.com\/product\/mwk10-wireless-keypad-backlight-cover-433mhz\/\"]}]},{\"@type\":\"ImageObject\",\"inLanguage\":\"fr-FR\",\"@id\":\"https:\/\/www.blutezeit.com\/product\/mwk10-wireless-keypad-backlight-cover-433mhz\/#primaryimage\",\"url\":\"https:\/\/www.blutezeit.com\/wp-content\/uploads\/2025\/12\/Wireless-Keypad-1pc-1-1.jpg\",\"contentUrl\":\"https:\/\/www.blutezeit.com\/wp-content\/uploads\/2025\/12\/Wireless-Keypad-1pc-1-1.jpg\",\"width\":1600,\"height\":1600},{\"@type\":\"BreadcrumbList\",\"@id\":\"https:\/\/www.blutezeit.com\/product\/mwk10-wireless-keypad-backlight-cover-433mhz\/#breadcrumb\",\"itemListElement\":[{\"@type\":\"ListItem\",\"position\":1,\"name\":\"\u9996\u9875\",\"item\":\"https:\/\/www.blutezeit.com\/pt\/\"},{\"@type\":\"ListItem\",\"position\":2,\"name\":\"Product\",\"item\":\"https:\/\/www.blutezeit.com\/pt\/shop\/\"},{\"@type\":\"ListItem\",\"position\":3,\"name\":\"Wireless Keypad w\/ Backlight\"}]},{\"@type\":\"WebSite\",\"@id\":\"https:\/\/www.blutezeit.com\/pt\/#website\",\"url\":\"https:\/\/www.blutezeit.com\/pt\/\",\"name\":\"Bl\u00fctezeit\",\"description\":\"Smart &amp; Solar Gate Opener Systems\",\"potentialAction\":[{\"@type\":\"SearchAction\",\"target\":{\"@type\":\"EntryPoint\",\"urlTemplate\":\"https:\/\/www.blutezeit.com\/pt\/?s={search_term_string}\"},\"query-input\":{\"@type\":\"PropertyValueSpecification\",\"valueRequired\":true,\"valueName\":\"search_term_string\"}}],\"inLanguage\":\"fr-FR\"}]}<\/script>\n<!-- \/ Yoast SEO plugin. -->","yoast_head_json":{"title":"Wireless Keypad w\/ Backlight - Bl\u00fctezeit","robots":{"index":"index","follow":"follow","max-snippet":"max-snippet:-1","max-image-preview":"max-image-preview:large","max-video-preview":"max-video-preview:-1"},"canonical":"https:\/\/www.blutezeit.com\/fr\/produit\/mwk10-wireless-keypad-backlight-cover-433mhz\/","og_locale":"fr_FR","og_type":"article","og_title":"Wireless Keypad w\/ Backlight - Bl\u00fctezeit","og_description":"433MHz wireless numeric keypad with backlight and waterproof cover","og_url":"https:\/\/www.blutezeit.com\/fr\/produit\/mwk10-wireless-keypad-backlight-cover-433mhz\/","og_site_name":"Bl\u00fctezeit","article_modified_time":"2026-03-09T09:09:00+00:00","og_image":[{"width":1600,"height":1600,"url":"http:\/\/www.blutezeit.com\/wp-content\/uploads\/2025\/12\/Wireless-Keypad-1pc-1-1.jpg","type":"image\/jpeg"}],"twitter_card":"summary_large_image","twitter_misc":{"Dur\u00e9e de lecture estim\u00e9e":"3 minutes"},"schema":{"@context":"https:\/\/schema.org","@graph":[{"@type":"WebPage","@id":"https:\/\/www.blutezeit.com\/product\/mwk10-wireless-keypad-backlight-cover-433mhz\/","url":"https:\/\/www.blutezeit.com\/product\/mwk10-wireless-keypad-backlight-cover-433mhz\/","name":"Wireless Keypad w\/ Backlight - Bl\u00fctezeit","isPartOf":{"@id":"https:\/\/www.blutezeit.com\/pt\/#website"},"primaryImageOfPage":{"@id":"https:\/\/www.blutezeit.com\/product\/mwk10-wireless-keypad-backlight-cover-433mhz\/#primaryimage"},"image":{"@id":"https:\/\/www.blutezeit.com\/product\/mwk10-wireless-keypad-backlight-cover-433mhz\/#primaryimage"},"thumbnailUrl":"https:\/\/www.blutezeit.com\/wp-content\/uploads\/2025\/12\/Wireless-Keypad-1pc-1-1.jpg","datePublished":"2025-07-14T08:17:26+00:00","dateModified":"2026-03-09T09:09:00+00:00","breadcrumb":{"@id":"https:\/\/www.blutezeit.com\/product\/mwk10-wireless-keypad-backlight-cover-433mhz\/#breadcrumb"},"inLanguage":"fr-FR","potentialAction":[{"@type":"ReadAction","target":["https:\/\/www.blutezeit.com\/product\/mwk10-wireless-keypad-backlight-cover-433mhz\/"]}]},{"@type":"ImageObject","inLanguage":"fr-FR","@id":"https:\/\/www.blutezeit.com\/product\/mwk10-wireless-keypad-backlight-cover-433mhz\/#primaryimage","url":"https:\/\/www.blutezeit.com\/wp-content\/uploads\/2025\/12\/Wireless-Keypad-1pc-1-1.jpg","contentUrl":"https:\/\/www.blutezeit.com\/wp-content\/uploads\/2025\/12\/Wireless-Keypad-1pc-1-1.jpg","width":1600,"height":1600},{"@type":"BreadcrumbList","@id":"https:\/\/www.blutezeit.com\/product\/mwk10-wireless-keypad-backlight-cover-433mhz\/#breadcrumb","itemListElement":[{"@type":"ListItem","position":1,"name":"\u9996\u9875","item":"https:\/\/www.blutezeit.com\/pt\/"},{"@type":"ListItem","position":2,"name":"Product","item":"https:\/\/www.blutezeit.com\/pt\/shop\/"},{"@type":"ListItem","position":3,"name":"Wireless Keypad w\/ Backlight"}]},{"@type":"WebSite","@id":"https:\/\/www.blutezeit.com\/pt\/#website","url":"https:\/\/www.blutezeit.com\/pt\/","name":"Fleur","description":"Syst\u00e8mes d&#039;ouverture de portail intelligents et solaires","potentialAction":[{"@type":"SearchAction","target":{"@type":"EntryPoint","urlTemplate":"https:\/\/www.blutezeit.com\/pt\/?s={search_term_string}"},"query-input":{"@type":"PropertyValueSpecification","valueRequired":true,"valueName":"search_term_string"}}],"inLanguage":"fr-FR"}]}},"_links":{"self":[{"href":"https:\/\/www.blutezeit.com\/fr\/wp-json\/wp\/v2\/product\/351","targetHints":{"allow":["GET"]}}],"collection":[{"href":"https:\/\/www.blutezeit.com\/fr\/wp-json\/wp\/v2\/product"}],"about":[{"href":"https:\/\/www.blutezeit.com\/fr\/wp-json\/wp\/v2\/types\/product"}],"replies":[{"embeddable":true,"href":"https:\/\/www.blutezeit.com\/fr\/wp-json\/wp\/v2\/comments?post=351"}],"wp:featuredmedia":[{"embeddable":true,"href":"https:\/\/www.blutezeit.com\/fr\/wp-json\/wp\/v2\/media\/1297"}],"wp:attachment":[{"href":"https:\/\/www.blutezeit.com\/fr\/wp-json\/wp\/v2\/media?parent=351"}],"wp:term":[{"taxonomy":"product_brand","embeddable":true,"href":"https:\/\/www.blutezeit.com\/fr\/wp-json\/wp\/v2\/product_brand?post=351"},{"taxonomy":"product_cat","embeddable":true,"href":"https:\/\/www.blutezeit.com\/fr\/wp-json\/wp\/v2\/product_cat?post=351"},{"taxonomy":"product_tag","embeddable":true,"href":"https:\/\/www.blutezeit.com\/fr\/wp-json\/wp\/v2\/product_tag?post=351"}],"curies":[{"name":"wp","href":"https:\/\/api.w.org\/{rel}","templated":true}]}}