{"id":316,"date":"2025-07-12T03:43:13","date_gmt":"2025-07-12T03:43:13","guid":{"rendered":"https:\/\/www.blutezeit.com\/?post_type=product&#038;p=316"},"modified":"2026-03-14T10:32:02","modified_gmt":"2026-03-14T10:32:02","slug":"mpb10d-dc24v-control-board-me-go-600-24bit-32bit","status":"publish","type":"product","link":"https:\/\/www.blutezeit.com\/fr\/produit\/mpb10d-dc24v-control-board-me-go-600-24bit-32bit\/","title":{"rendered":"Carte de contr\u00f4le DC24V (ME-GO-600)"},"content":{"rendered":"<div class=\"celwidget aplus-module premium-module-3-four-column-images aplus-premium\" data-csa-c-id=\"oj5phu-5hqjf8-2wuv7i-jnpvlu\" data-cel-widget=\"aplus-premium-module-3-four-column-images\">\n<div class=\"a-section a-spacing-none premium-aplus premium-aplus-module-3 aplus-container-1\">\n<div class=\"celwidget aplus-module premium-module-3-four-column-images aplus-premium\" data-csa-c-id=\"iqa5mo-rljba2-44l10c-yqo0f6\" data-cel-widget=\"aplus-premium-module-3-four-column-images\">\n<div class=\"a-section a-spacing-none premium-aplus premium-aplus-module-3 aplus-container-1\">\n<h1 class=\"a-text-center premium-module-3-heading aplus-h1 a-text-bold\">Compatible UNIQUEMENT avec les ouvre-portails coulissants Bl\u00fctezeit DC24V<\/h1>\n<div class=\"a-section a-spacing-none premium-aplus-four-column\">\n<div class=\"a-section a-spacing-none premium-aplus-column\">\n<div class=\"a-section a-spacing-none {'column-image'}\"><img decoding=\"async\" class=\"\" src=\"https:\/\/m.media-amazon.com\/images\/S\/aplus-media-library-service-media\/b6f8be7a-571f-42fb-bfef-7fcef256504a.__CR0,0,711,533_PT0_SX300_V1___.jpg\" alt=\"solar power battery wifi app control sliding gate opener automatic driveway motor complete kits\" data-src=\"https:\/\/m.media-amazon.com\/images\/S\/aplus-media-library-service-media\/b6f8be7a-571f-42fb-bfef-7fcef256504a.__CR0,0,711,533_PT0_SX300_V1___.jpg\" \/><\/div>\n<div class=\"a-section a-spacing-none column-heading\">\n<h1 class=\"aplus-h3 a-text-bold\">Ouvre-porte \u00e0 courant continu \u2013 Entra\u00eenement \u00e0 cr\u00e9maill\u00e8re<\/h1>\n<\/div>\n<div class=\"a-section a-spacing-none column-description\">\n<p class=\"aplus-p3\">Mod\u00e8le et ASIN :<\/p>\n<p class=\"aplus-p3\">\n<ul class=\"a-unordered-list a-vertical\">\n<li><span class=\"a-list-item\">Moteur uniquement :\u00a0<span class=\"a-text-bold\">ME-GO-600<\/span>\u00a0(B0CR6C2WL1)<\/span><\/li>\n<li><span class=\"a-list-item\">Moteur + Panneau solaire :\u00a0<span class=\"a-text-bold\">ME-GO-600-S1\u00a0<\/span>(B0D7SJX212)<\/span><\/li>\n<\/ul>\n<p>&nbsp;<\/p>\n<\/div>\n<\/div>\n<div class=\"a-section a-spacing-none premium-aplus-column\">\n<div class=\"a-section a-spacing-none {'column-image'}\"><img decoding=\"async\" class=\"\" src=\"https:\/\/m.media-amazon.com\/images\/S\/aplus-media-library-service-media\/d951e56c-afb5-487c-9728-8e855f55a855.__CR0,0,1075,806_PT0_SX300_V1___.jpg\" alt=\"sliding gate opener automatic driveway motor complete kits solar powered battery backup\" data-src=\"https:\/\/m.media-amazon.com\/images\/S\/aplus-media-library-service-media\/d951e56c-afb5-487c-9728-8e855f55a855.__CR0,0,1075,806_PT0_SX300_V1___.jpg\" \/><\/div>\n<div class=\"a-section a-spacing-none column-heading\">\n<h1 class=\"aplus-h3 a-text-bold\">Ouvre-porte \u00e0 courant continu \u2013 Entra\u00eenement \u00e0 cr\u00e9maill\u00e8re<\/h1>\n<\/div>\n<div class=\"a-section a-spacing-none column-description\">\n<p class=\"aplus-p3\">Mod\u00e8le et ASIN :<\/p>\n<p class=\"aplus-p3\">\n<ul class=\"a-unordered-list a-vertical\">\n<li><span class=\"a-list-item\">Moteur+Racks :\u00a0<span class=\"a-text-bold\">ME-GO-600-R1\u00a0<\/span>(B0CR6DLC1Y)<\/span><\/li>\n<li><span class=\"a-list-item\">Moteur+Racks+<span class=\"a-text-bold\">10 W<\/span>\u00a0Panneau solaire :\u00a0<span class=\"a-text-bold\">ME-GO-600-RS1<\/span>\u00a0(B0DN9ZCM16 )<\/span><\/li>\n<\/ul>\n<p>&nbsp;<\/p>\n<\/div>\n<\/div>\n<div class=\"a-section a-spacing-none premium-aplus-column\">\n<div class=\"a-section a-spacing-none {'column-image'}\"><img decoding=\"async\" class=\"\" src=\"https:\/\/m.media-amazon.com\/images\/S\/aplus-media-library-service-media\/0a464ad2-73ff-48ff-8aa2-fa13d4cc4725.__CR0,0,1075,806_PT0_SX300_V1___.jpg\" alt=\"sliding gate opener automatic driveway motor complete kits solar power battery powered\" data-src=\"https:\/\/m.media-amazon.com\/images\/S\/aplus-media-library-service-media\/0a464ad2-73ff-48ff-8aa2-fa13d4cc4725.__CR0,0,1075,806_PT0_SX300_V1___.jpg\" \/><\/div>\n<div class=\"a-section a-spacing-none column-heading\">\n<h1 class=\"aplus-h3 a-text-bold\">Ouvre-porte \u00e0 courant continu \u2013 Entra\u00eenement \u00e0 cr\u00e9maill\u00e8re<\/h1>\n<\/div>\n<div class=\"a-section a-spacing-none column-description\">\n<p class=\"aplus-p3\">Mod\u00e8le et ASIN :<\/p>\n<p class=\"aplus-p3\">\n<ul class=\"a-unordered-list a-vertical\">\n<li><span class=\"a-list-item\">Moteur+Racks+<span class=\"a-text-bold\">25 W<\/span>\u00a0Panneau solaire :\u00a0<span class=\"a-text-bold\">B0DX27BPRR<\/span><\/span><\/li>\n<\/ul>\n<p>&nbsp;<\/p>\n<\/div>\n<\/div>\n<div class=\"a-section a-spacing-none premium-aplus-column\">\n<div class=\"a-section a-spacing-none {'column-image'}\"><img decoding=\"async\" class=\"\" src=\"https:\/\/m.media-amazon.com\/images\/S\/aplus-media-library-service-media\/58010be0-ea92-4ed8-8689-6162d0fb9197.__CR0,0,1075,806_PT0_SX300_V1___.jpg\" alt=\"chain drive sliding gate opener\" data-src=\"https:\/\/m.media-amazon.com\/images\/S\/aplus-media-library-service-media\/58010be0-ea92-4ed8-8689-6162d0fb9197.__CR0,0,1075,806_PT0_SX300_V1___.jpg\" \/><\/div>\n<div class=\"a-section a-spacing-none column-heading\">\n<h1 class=\"aplus-h3 a-text-bold\">Ouvre-portail \u00e0 courant continu \u2013 Entra\u00eenement par cha\u00eene<\/h1>\n<\/div>\n<div class=\"a-section a-spacing-none column-description\">\n<p class=\"aplus-p3\">Mod\u00e8le et ASIN :<\/p>\n<p class=\"aplus-p3\">\n<ul class=\"a-unordered-list a-vertical\">\n<li><span class=\"a-list-item\">Moteur+Cha\u00eenes :\u00a0<span class=\"a-text-bold\">ME-GO-600-C1\u00a0<\/span>(B0DWXNNDWV)<\/span><\/li>\n<li><span class=\"a-list-item\">Moteur+Cha\u00eenes+<span class=\"a-text-bold\">10 W<\/span>\u00a0Panneau solaire :\u00a0<span class=\"a-text-bold\">ME-GO-600-CS1<\/span>\u00a0(B0DSW3LJX8 )<\/span><\/li>\n<\/ul>\n<p>&nbsp;<\/p>\n<\/div>\n<\/div>\n<\/div>\n<\/div>\n<\/div>\n<div class=\"celwidget aplus-module premium-module-4-two-column-images aplus-premium\" data-csa-c-id=\"1ky1p1-4g1ioi-ee0iz-nqy8p7\" data-cel-widget=\"aplus-premium-module-4-two-column-images\">\n<div class=\"a-section a-spacing-none premium-aplus premium-aplus-module-4 aplus-container-1\">\n<div class=\"a-section a-spacing-none premium-aplus-two-column\">\n<div class=\"a-section a-spacing-none premium-aplus-column\">\n<div class=\"a-section a-spacing-none {'column-image'}\"><img decoding=\"async\" class=\"\" src=\"https:\/\/m.media-amazon.com\/images\/S\/aplus-media-library-service-media\/28104d34-34ed-49dc-ba23-9e6500a9c8d7.__CR0,0,1123,605_PT0_SX650_V1___.jpg\" alt=\"sliding gate opener DC24V PCB 24-bit\" data-src=\"https:\/\/m.media-amazon.com\/images\/S\/aplus-media-library-service-media\/28104d34-34ed-49dc-ba23-9e6500a9c8d7.__CR0,0,1123,605_PT0_SX650_V1___.jpg\" \/><\/div>\n<div class=\"a-section a-spacing-none column-heading\">\n<h1 class=\"aplus-h3 a-text-bold\">Version DC 24 bits<\/h1>\n<\/div>\n<div class=\"a-section a-spacing-none column-description\">\n<p class=\"aplus-p3\">\n<ul class=\"a-unordered-list a-vertical\">\n<li><span class=\"a-list-item\">Le PCB du moteur a\u00a0<span class=\"a-text-bold\">aucune marque<\/span><\/span><\/li>\n<li><span class=\"a-list-item\"><span class=\"a-text-bold\">Argent<\/span>\u00a0sans film bleu<\/span><\/li>\n<\/ul>\n<p>&nbsp;<\/p>\n<\/div>\n<\/div>\n<div class=\"a-section a-spacing-none premium-aplus-column\">\n<div class=\"a-section a-spacing-none {'column-image'}\"><img decoding=\"async\" class=\"\" src=\"https:\/\/m.media-amazon.com\/images\/S\/aplus-media-library-service-media\/727b59db-7e04-4847-a1e5-ee26c45354c3.__CR0,0,1123,605_PT0_SX650_V1___.jpg\" alt=\"sliding gate opener DC24V PCB 32-bit\" data-src=\"https:\/\/m.media-amazon.com\/images\/S\/aplus-media-library-service-media\/727b59db-7e04-4847-a1e5-ee26c45354c3.__CR0,0,1123,605_PT0_SX650_V1___.jpg\" \/><\/div>\n<div class=\"a-section a-spacing-none column-heading\">\n<h1 class=\"aplus-h3 a-text-bold\">Version DC 32 bits<\/h1>\n<\/div>\n<div class=\"a-section a-spacing-none column-description\">\n<p class=\"aplus-p3\">\n<ul class=\"a-unordered-list a-vertical\">\n<li><span class=\"a-list-item\">PCB du moteur marqu\u00e9<span class=\"a-text-bold\">\u00a0\u00ab DC-24V 32 \u00bb<\/span><\/span><\/li>\n<li><span class=\"a-list-item\"><span class=\"a-text-bold\">Bleu\u00a0<\/span>film recouvert<\/span><\/li>\n<\/ul>\n<\/div>\n<\/div>\n<\/div>\n<\/div>\n<\/div>\n<\/div>\n<\/div>","protected":false},"excerpt":{"rendered":"<p>Carte de commande de remplacement 24 V CC pour moteurs de portail coulissant Bl\u00fctezeit ME-GO-600\u00a0; compatible avec les syst\u00e8mes 24\u00a0bits et 32\u00a0bits\u00a0; remplacement de la carte seule<\/p>","protected":false},"featured_media":1290,"comment_status":"open","ping_status":"closed","template":"","meta":[],"product_brand":[33],"product_cat":[22,32],"product_tag":[],"class_list":{"0":"post-316","1":"product","2":"type-product","3":"status-publish","4":"has-post-thumbnail","6":"product_brand-blutezeit","7":"product_cat-accessories","8":"product_cat-spare-parts","10":"first","11":"instock","12":"shipping-taxable","13":"purchasable","14":"product-type-simple"},"yoast_head":"<!-- This site is optimized with the Yoast SEO plugin v26.4 - https:\/\/yoast.com\/wordpress\/plugins\/seo\/ -->\n<title>DC24V Control Board (ME-GO-600) - Bl\u00fctezeit<\/title>\n<meta name=\"robots\" content=\"index, follow, max-snippet:-1, max-image-preview:large, max-video-preview:-1\" \/>\n<link rel=\"canonical\" href=\"https:\/\/www.blutezeit.com\/fr\/produit\/mpb10d-dc24v-control-board-me-go-600-24bit-32bit\/\" \/>\n<meta property=\"og:locale\" content=\"fr_FR\" \/>\n<meta property=\"og:type\" content=\"article\" \/>\n<meta property=\"og:title\" content=\"DC24V Control Board (ME-GO-600) - Bl\u00fctezeit\" \/>\n<meta property=\"og:description\" content=\"Replacement DC24V control board for Bl\u00fctezeit ME-GO-600 sliding gate motors; supports 24-bit \/ 32-bit systems; PCB-only replacement\" \/>\n<meta property=\"og:url\" content=\"https:\/\/www.blutezeit.com\/fr\/produit\/mpb10d-dc24v-control-board-me-go-600-24bit-32bit\/\" \/>\n<meta property=\"og:site_name\" content=\"Bl\u00fctezeit\" \/>\n<meta property=\"article:modified_time\" content=\"2026-03-14T10:32:02+00:00\" \/>\n<meta property=\"og:image\" content=\"http:\/\/www.blutezeit.com\/wp-content\/uploads\/2025\/12\/PCB-for-DC24V-Solar-Sliding-Gate-Openers.jpg\" \/>\n\t<meta property=\"og:image:width\" content=\"1124\" \/>\n\t<meta property=\"og:image:height\" content=\"1124\" \/>\n\t<meta property=\"og:image:type\" content=\"image\/jpeg\" \/>\n<meta name=\"twitter:card\" content=\"summary_large_image\" \/>\n<meta name=\"twitter:label1\" content=\"Dur\u00e9e de lecture estim\u00e9e\" \/>\n\t<meta name=\"twitter:data1\" content=\"2 minutes\" \/>\n<script type=\"application\/ld+json\" class=\"yoast-schema-graph\">{\"@context\":\"https:\/\/schema.org\",\"@graph\":[{\"@type\":\"WebPage\",\"@id\":\"https:\/\/www.blutezeit.com\/product\/mpb10d-dc24v-control-board-me-go-600-24bit-32bit\/\",\"url\":\"https:\/\/www.blutezeit.com\/product\/mpb10d-dc24v-control-board-me-go-600-24bit-32bit\/\",\"name\":\"DC24V Control Board (ME-GO-600) - Bl\u00fctezeit\",\"isPartOf\":{\"@id\":\"https:\/\/www.blutezeit.com\/pt\/#website\"},\"primaryImageOfPage\":{\"@id\":\"https:\/\/www.blutezeit.com\/product\/mpb10d-dc24v-control-board-me-go-600-24bit-32bit\/#primaryimage\"},\"image\":{\"@id\":\"https:\/\/www.blutezeit.com\/product\/mpb10d-dc24v-control-board-me-go-600-24bit-32bit\/#primaryimage\"},\"thumbnailUrl\":\"https:\/\/www.blutezeit.com\/wp-content\/uploads\/2025\/12\/PCB-for-DC24V-Solar-Sliding-Gate-Openers.jpg\",\"datePublished\":\"2025-07-12T03:43:13+00:00\",\"dateModified\":\"2026-03-14T10:32:02+00:00\",\"breadcrumb\":{\"@id\":\"https:\/\/www.blutezeit.com\/product\/mpb10d-dc24v-control-board-me-go-600-24bit-32bit\/#breadcrumb\"},\"inLanguage\":\"fr-FR\",\"potentialAction\":[{\"@type\":\"ReadAction\",\"target\":[\"https:\/\/www.blutezeit.com\/product\/mpb10d-dc24v-control-board-me-go-600-24bit-32bit\/\"]}]},{\"@type\":\"ImageObject\",\"inLanguage\":\"fr-FR\",\"@id\":\"https:\/\/www.blutezeit.com\/product\/mpb10d-dc24v-control-board-me-go-600-24bit-32bit\/#primaryimage\",\"url\":\"https:\/\/www.blutezeit.com\/wp-content\/uploads\/2025\/12\/PCB-for-DC24V-Solar-Sliding-Gate-Openers.jpg\",\"contentUrl\":\"https:\/\/www.blutezeit.com\/wp-content\/uploads\/2025\/12\/PCB-for-DC24V-Solar-Sliding-Gate-Openers.jpg\",\"width\":1124,\"height\":1124},{\"@type\":\"BreadcrumbList\",\"@id\":\"https:\/\/www.blutezeit.com\/product\/mpb10d-dc24v-control-board-me-go-600-24bit-32bit\/#breadcrumb\",\"itemListElement\":[{\"@type\":\"ListItem\",\"position\":1,\"name\":\"\u9996\u9875\",\"item\":\"https:\/\/www.blutezeit.com\/pt\/\"},{\"@type\":\"ListItem\",\"position\":2,\"name\":\"Product\",\"item\":\"https:\/\/www.blutezeit.com\/pt\/shop\/\"},{\"@type\":\"ListItem\",\"position\":3,\"name\":\"DC24V Control Board (ME-GO-600)\"}]},{\"@type\":\"WebSite\",\"@id\":\"https:\/\/www.blutezeit.com\/pt\/#website\",\"url\":\"https:\/\/www.blutezeit.com\/pt\/\",\"name\":\"Bl\u00fctezeit\",\"description\":\"Smart &amp; Solar Gate Opener Systems\",\"potentialAction\":[{\"@type\":\"SearchAction\",\"target\":{\"@type\":\"EntryPoint\",\"urlTemplate\":\"https:\/\/www.blutezeit.com\/pt\/?s={search_term_string}\"},\"query-input\":{\"@type\":\"PropertyValueSpecification\",\"valueRequired\":true,\"valueName\":\"search_term_string\"}}],\"inLanguage\":\"fr-FR\"}]}<\/script>\n<!-- \/ Yoast SEO plugin. -->","yoast_head_json":{"title":"DC24V Control Board (ME-GO-600) - Bl\u00fctezeit","robots":{"index":"index","follow":"follow","max-snippet":"max-snippet:-1","max-image-preview":"max-image-preview:large","max-video-preview":"max-video-preview:-1"},"canonical":"https:\/\/www.blutezeit.com\/fr\/produit\/mpb10d-dc24v-control-board-me-go-600-24bit-32bit\/","og_locale":"fr_FR","og_type":"article","og_title":"DC24V Control Board (ME-GO-600) - Bl\u00fctezeit","og_description":"Replacement DC24V control board for Bl\u00fctezeit ME-GO-600 sliding gate motors; supports 24-bit \/ 32-bit systems; PCB-only replacement","og_url":"https:\/\/www.blutezeit.com\/fr\/produit\/mpb10d-dc24v-control-board-me-go-600-24bit-32bit\/","og_site_name":"Bl\u00fctezeit","article_modified_time":"2026-03-14T10:32:02+00:00","og_image":[{"width":1124,"height":1124,"url":"http:\/\/www.blutezeit.com\/wp-content\/uploads\/2025\/12\/PCB-for-DC24V-Solar-Sliding-Gate-Openers.jpg","type":"image\/jpeg"}],"twitter_card":"summary_large_image","twitter_misc":{"Dur\u00e9e de lecture estim\u00e9e":"2 minutes"},"schema":{"@context":"https:\/\/schema.org","@graph":[{"@type":"WebPage","@id":"https:\/\/www.blutezeit.com\/product\/mpb10d-dc24v-control-board-me-go-600-24bit-32bit\/","url":"https:\/\/www.blutezeit.com\/product\/mpb10d-dc24v-control-board-me-go-600-24bit-32bit\/","name":"DC24V Control Board (ME-GO-600) - Bl\u00fctezeit","isPartOf":{"@id":"https:\/\/www.blutezeit.com\/pt\/#website"},"primaryImageOfPage":{"@id":"https:\/\/www.blutezeit.com\/product\/mpb10d-dc24v-control-board-me-go-600-24bit-32bit\/#primaryimage"},"image":{"@id":"https:\/\/www.blutezeit.com\/product\/mpb10d-dc24v-control-board-me-go-600-24bit-32bit\/#primaryimage"},"thumbnailUrl":"https:\/\/www.blutezeit.com\/wp-content\/uploads\/2025\/12\/PCB-for-DC24V-Solar-Sliding-Gate-Openers.jpg","datePublished":"2025-07-12T03:43:13+00:00","dateModified":"2026-03-14T10:32:02+00:00","breadcrumb":{"@id":"https:\/\/www.blutezeit.com\/product\/mpb10d-dc24v-control-board-me-go-600-24bit-32bit\/#breadcrumb"},"inLanguage":"fr-FR","potentialAction":[{"@type":"ReadAction","target":["https:\/\/www.blutezeit.com\/product\/mpb10d-dc24v-control-board-me-go-600-24bit-32bit\/"]}]},{"@type":"ImageObject","inLanguage":"fr-FR","@id":"https:\/\/www.blutezeit.com\/product\/mpb10d-dc24v-control-board-me-go-600-24bit-32bit\/#primaryimage","url":"https:\/\/www.blutezeit.com\/wp-content\/uploads\/2025\/12\/PCB-for-DC24V-Solar-Sliding-Gate-Openers.jpg","contentUrl":"https:\/\/www.blutezeit.com\/wp-content\/uploads\/2025\/12\/PCB-for-DC24V-Solar-Sliding-Gate-Openers.jpg","width":1124,"height":1124},{"@type":"BreadcrumbList","@id":"https:\/\/www.blutezeit.com\/product\/mpb10d-dc24v-control-board-me-go-600-24bit-32bit\/#breadcrumb","itemListElement":[{"@type":"ListItem","position":1,"name":"\u9996\u9875","item":"https:\/\/www.blutezeit.com\/pt\/"},{"@type":"ListItem","position":2,"name":"Product","item":"https:\/\/www.blutezeit.com\/pt\/shop\/"},{"@type":"ListItem","position":3,"name":"DC24V Control Board (ME-GO-600)"}]},{"@type":"WebSite","@id":"https:\/\/www.blutezeit.com\/pt\/#website","url":"https:\/\/www.blutezeit.com\/pt\/","name":"Fleur","description":"Syst\u00e8mes d&#039;ouverture de portail intelligents et solaires","potentialAction":[{"@type":"SearchAction","target":{"@type":"EntryPoint","urlTemplate":"https:\/\/www.blutezeit.com\/pt\/?s={search_term_string}"},"query-input":{"@type":"PropertyValueSpecification","valueRequired":true,"valueName":"search_term_string"}}],"inLanguage":"fr-FR"}]}},"_links":{"self":[{"href":"https:\/\/www.blutezeit.com\/fr\/wp-json\/wp\/v2\/product\/316","targetHints":{"allow":["GET"]}}],"collection":[{"href":"https:\/\/www.blutezeit.com\/fr\/wp-json\/wp\/v2\/product"}],"about":[{"href":"https:\/\/www.blutezeit.com\/fr\/wp-json\/wp\/v2\/types\/product"}],"replies":[{"embeddable":true,"href":"https:\/\/www.blutezeit.com\/fr\/wp-json\/wp\/v2\/comments?post=316"}],"wp:featuredmedia":[{"embeddable":true,"href":"https:\/\/www.blutezeit.com\/fr\/wp-json\/wp\/v2\/media\/1290"}],"wp:attachment":[{"href":"https:\/\/www.blutezeit.com\/fr\/wp-json\/wp\/v2\/media?parent=316"}],"wp:term":[{"taxonomy":"product_brand","embeddable":true,"href":"https:\/\/www.blutezeit.com\/fr\/wp-json\/wp\/v2\/product_brand?post=316"},{"taxonomy":"product_cat","embeddable":true,"href":"https:\/\/www.blutezeit.com\/fr\/wp-json\/wp\/v2\/product_cat?post=316"},{"taxonomy":"product_tag","embeddable":true,"href":"https:\/\/www.blutezeit.com\/fr\/wp-json\/wp\/v2\/product_tag?post=316"}],"curies":[{"name":"wp","href":"https:\/\/api.w.org\/{rel}","templated":true}]}}