{"id":314,"date":"2025-07-12T03:43:13","date_gmt":"2025-07-12T03:43:13","guid":{"rendered":"https:\/\/www.blutezeit.com\/?post_type=product&#038;p=314"},"modified":"2026-03-18T08:14:56","modified_gmt":"2026-03-18T08:14:56","slug":"ms650-solar-swing-gate-opener-1760lb-dual-arm","status":"publish","type":"product","link":"https:\/\/www.blutezeit.com\/fr\/produit\/ms650-solar-swing-gate-opener-1760lb-dual-arm\/","title":{"rendered":"Ouvre-portail solaire battant MS650 (bras double de 798 kg)"},"content":{"rendered":"<div class=\"celwidget aplus-module premium-module-2-fullbackground-image aplus-premium\" data-csa-c-id=\"q3b97v-9fbiqr-f1gmzy-mzhtvv\" data-cel-widget=\"aplus-premium-module-2-fullbackground-image\">\n<div class=\"a-section a-spacing-none premium-aplus premium-aplus-module-2\">\n<h1 class=\"a-text-center aplus-container-3 aplus-h1 a-text-bold\">Ouvre-porte battant solaire et \u00e0 batterie int\u00e9gr\u00e9 Bl\u00fctezeit MS650<\/h1>\n<div class=\"a-section a-spacing-none premium-background-wrapper\">\n<div class=\"a-section a-spacing-none background-image\"><img decoding=\"async\" class=\"\" src=\"https:\/\/m.media-amazon.com\/images\/S\/aplus-media-library-service-media\/1fef881d-1163-451f-af1a-b6474459a7f8.__CR0,0,1464,600_PT0_SX1464_V1___.jpg\" alt=\"Swing Gate Opener with 25W Solar Panel &amp; Built-in Battery \u2013 All-in-One Solar Solution\" data-src=\"https:\/\/m.media-amazon.com\/images\/S\/aplus-media-library-service-media\/1fef881d-1163-451f-af1a-b6474459a7f8.__CR0,0,1464,600_PT0_SX1464_V1___.jpg\" \/><\/div>\n<\/div>\n<div class=\"a-section a-text-center\"><\/div>\n<\/div>\n<\/div>\n<div class=\"celwidget aplus-module premium-module-2-fullbackground-image aplus-premium\" data-csa-c-id=\"zchvzq-l7j8la-sn9ra1-ja9f4v\" data-cel-widget=\"aplus-premium-module-2-fullbackground-image\">\n<div class=\"a-section a-spacing-none premium-aplus premium-aplus-module-2\">\n<div class=\"a-section a-spacing-none premium-background-wrapper\">\n<div class=\"a-section a-spacing-none background-image\"><img decoding=\"async\" class=\"\" src=\"https:\/\/m.media-amazon.com\/images\/S\/aplus-media-library-service-media\/b8d7921e-6cfd-4ea3-b1b4-d977c3cacd2b.__CR0,0,1464,600_PT0_SX1464_V1___.jpg\" alt=\"All-in-One Swing Gate Opener Kit with Solar Panel and Built-in Lithium Battery Backup\" data-src=\"https:\/\/m.media-amazon.com\/images\/S\/aplus-media-library-service-media\/b8d7921e-6cfd-4ea3-b1b4-d977c3cacd2b.__CR0,0,1464,600_PT0_SX1464_V1___.jpg\" \/><\/div>\n<\/div>\n<div class=\"a-section a-text-center\"><\/div>\n<\/div>\n<\/div>\n<div class=\"celwidget aplus-module premium-module-2-fullbackground-image aplus-premium\" data-csa-c-id=\"2fykpg-kfmt4l-rfs212-yd5z8g\" data-cel-widget=\"aplus-premium-module-2-fullbackground-image\">\n<div class=\"a-section a-spacing-none premium-aplus premium-aplus-module-2\">\n<div class=\"a-section a-spacing-none premium-background-wrapper\">\n<div class=\"a-section a-spacing-none background-image\"><img decoding=\"async\" class=\"\" src=\"https:\/\/m.media-amazon.com\/images\/S\/aplus-media-library-service-media\/07856596-dd41-4b87-9af6-b73884b29e47.__CR0,0,1464,600_PT0_SX1464_V1___.jpg\" alt=\"Integrated Control Box with Solar Power and Built-in Lithium Battery for Easy Installation\" data-src=\"https:\/\/m.media-amazon.com\/images\/S\/aplus-media-library-service-media\/07856596-dd41-4b87-9af6-b73884b29e47.__CR0,0,1464,600_PT0_SX1464_V1___.jpg\" \/><\/div>\n<\/div>\n<\/div>\n<\/div>\n<div class=\"celwidget aplus-module premium-module-13-carousel aplus-premium\" data-csa-c-id=\"ath7r3-domt3u-9o4y3a-s86z1n\" data-cel-widget=\"aplus-premium-module-13-carousel\">\n<div class=\"a-section a-spacing-none premium-aplus premium-aplus-module-13\">\n<h1 class=\"aplus-container-3 aplus-h1 a-text-bold\">Caract\u00e9ristiques principales<\/h1>\n<div class=\"a-section a-spacing-none aplus-carousel-container\">\n<div id=\"premium-aplus-13-carousel-3-id\" class=\"a-begin a-carousel-container a-carousel-display-single a-carousel-transition-slideCircular a-carousel-initialized\" role=\"group\" data-a-carousel-options=\"{&quot;name&quot;:&quot;premium-aplus-13-carousel-3&quot;,&quot;peek_percentage&quot;:0,&quot;minimum_gutter_width&quot;:0,&quot;show_partial_next&quot;:false}\" aria-label=\"Carrousel de contenu en vedette\" aria-roledescription=\"carousel\" data-a-display-strategy=\"single\" data-a-transition-strategy=\"slideCircular\">\n<div class=\"a-row a-carousel-controls a-carousel-row a-carousel-has-buttons a-carousel-overlay-buttons a-carousel-rounded-buttons\">\n<div class=\"a-carousel-row-inner\">\n<div class=\"a-carousel-col a-carousel-center\">\n<div id=\"anonCarousel1\" class=\"a-carousel-viewport\" role=\"group\" aria-roledescription=\"slide\">\n<div id=\"premium-aplus-13-carousel-3-slide-4\">\n<div class=\"a-section a-spacing-none aplus-card-image\"><img decoding=\"async\" src=\"https:\/\/m.media-amazon.com\/images\/S\/aplus-media-library-service-media\/4e83aaf3-28a8-4248-b808-ae4639c28f90.__CR0,0,1464,600_PT0_SX1464_V1___.jpg\" alt=\"Weatherproof IP54 Design \u2013 Durable Swing Gate Operator for Outdoor All-Season Use\" \/><\/div>\n<\/div>\n<div id=\"premium-aplus-13-carousel-3-slide-5\">\n<div class=\"a-section a-spacing-none aplus-card-image\"><img decoding=\"async\" src=\"https:\/\/m.media-amazon.com\/images\/S\/aplus-media-library-service-media\/e889b5bb-b072-417d-b6d6-9bac95e5e054.__CR0,0,1464,600_PT0_SX1464_V1___.jpg\" alt=\"Step-by-Step User Manual \u2013 Easy DIY Installation with Clear Instructions\" \/><\/div>\n<\/div>\n<div id=\"premium-aplus-13-carousel-3-slide-0\">\n<div class=\"a-section a-spacing-none aplus-card-image\"><img decoding=\"async\" src=\"https:\/\/m.media-amazon.com\/images\/S\/aplus-media-library-service-media\/d8186e07-942b-49a3-91b4-dac3ae669a65.__CR0,0,1464,600_PT0_SX1464_V1___.jpg\" alt=\"100W Heavy-Duty Motor \u2013 Supports Up to 1760lb with Dual Arms, Durable Build, Smooth Quiet Operation\" \/><\/div>\n<\/div>\n<div id=\"premium-aplus-13-carousel-3-slide-1\">\n<div class=\"a-section a-spacing-none aplus-card-image\"><img decoding=\"async\" src=\"https:\/\/m.media-amazon.com\/images\/S\/aplus-media-library-service-media\/ff909cb3-25e9-4d0d-b997-ce987ff1ce6a.__CR0,0,1464,600_PT0_SX1464_V1___.jpg\" alt=\"Built-in 6.0Ah Lithium Battery \u2013 Reliable Backup Power, No Extra Installation Needed\" \/><\/div>\n<\/div>\n<div id=\"premium-aplus-13-carousel-3-slide-2\">\n<div class=\"a-section a-spacing-none aplus-card-image\"><img decoding=\"async\" src=\"https:\/\/m.media-amazon.com\/images\/S\/aplus-media-library-service-media\/3c5ad7f2-3617-4af0-9201-c7e36df31910.__CR0,0,1464,600_PT0_SX1464_V1___.jpg\" alt=\"High-Efficiency 35V 25W Solar Panel \u2013 Fast Charging, Stable Outdoor Performance\" \/><\/div>\n<\/div>\n<div id=\"premium-aplus-13-carousel-3-slide-3\">\n<div class=\"a-section a-spacing-none aplus-card-image\"><img decoding=\"async\" src=\"https:\/\/m.media-amazon.com\/images\/S\/aplus-media-library-service-media\/2019a177-629b-4f17-8ba2-4ed2a875b3f0.__CR0,0,1464,600_PT0_SX1464_V1___.jpg\" alt=\"Integrated Manual Key Clutch on Arm \u2013 Unlock Easily for Emergency Gate Access\" \/><\/div>\n<\/div>\n<\/div>\n<\/div>\n<\/div>\n<\/div>\n<\/div>\n<\/div>\n<\/div>\n<\/div>\n<div class=\"celwidget aplus-module premium-module-13-carousel aplus-premium\" data-csa-c-id=\"rfb6ba-ffu9pc-owewwr-qci1k3\" data-cel-widget=\"aplus-premium-module-13-carousel\">\n<div class=\"a-section a-spacing-none premium-aplus premium-aplus-module-13\">\n<h1 class=\"aplus-container-3 aplus-h1 a-text-bold\">Contr\u00f4le intelligent<\/h1>\n<div class=\"a-section a-spacing-none aplus-carousel-container\">\n<div id=\"premium-aplus-13-carousel-4-id\" class=\"a-begin a-carousel-container a-carousel-display-single a-carousel-transition-slideCircular a-carousel-initialized\" role=\"group\" data-a-carousel-options=\"{&quot;name&quot;:&quot;premium-aplus-13-carousel-4&quot;,&quot;peek_percentage&quot;:0,&quot;minimum_gutter_width&quot;:0,&quot;show_partial_next&quot;:false}\" aria-label=\"Carrousel de contenu en vedette\" aria-roledescription=\"carousel\" data-a-display-strategy=\"single\" data-a-transition-strategy=\"slideCircular\">\n<div class=\"a-row a-carousel-controls a-carousel-row a-carousel-has-buttons a-carousel-overlay-buttons a-carousel-rounded-buttons\">\n<div class=\"a-carousel-row-inner\">\n<div class=\"a-carousel-col a-carousel-center\">\n<div id=\"anonCarousel2\" class=\"a-carousel-viewport\" role=\"group\" aria-roledescription=\"slide\">\n<div id=\"premium-aplus-13-carousel-4-slide-4\">\n<div class=\"a-section a-spacing-none aplus-card-image\"><img decoding=\"async\" src=\"https:\/\/m.media-amazon.com\/images\/S\/aplus-media-library-service-media\/db74c524-95ad-421d-8973-e2ea281f476a.__CR0,0,1464,600_PT0_SX1464_V1___.jpg\" alt=\"Flexible Installation \u2013 Supports Both Inward and Outward Mounting for Any Gate Layout\" \/><\/div>\n<\/div>\n<div id=\"premium-aplus-13-carousel-4-slide-5\">\n<div class=\"a-section a-spacing-none aplus-card-image\"><a class=\"a-link-normal\" href=\"https:\/\/www.amazon.com\/dp\/B0FJC74LTM?ref=emc_p_m_13_i\"><img decoding=\"async\" src=\"https:\/\/m.media-amazon.com\/images\/S\/aplus-media-library-service-media\/6e17ec5f-c838-47cb-b7b4-8c0dbebd2846.__CR0,0,1464,600_PT0_SX1464_V1___.jpg\" alt=\"Dual Remotes Included \u2013 100ft Range, Single-Button Cycle or 3-Button Mode Options\" \/><\/a><\/div>\n<\/div>\n<div id=\"premium-aplus-13-carousel-4-slide-0\">\n<div class=\"a-section a-spacing-none aplus-card-image\"><img decoding=\"async\" src=\"https:\/\/m.media-amazon.com\/images\/S\/aplus-media-library-service-media\/4cc85a98-e003-4a14-a5c1-b71c5ec8562c.__CR0,0,1464,600_PT0_SX1464_V1___.jpg\" alt=\"Auto-Close Function \u2013 Adjustable 0\u201399 Seconds for Secure and Convenient Gate Control\" \/><\/div>\n<\/div>\n<div id=\"premium-aplus-13-carousel-4-slide-1\">\n<div class=\"a-section a-spacing-none aplus-card-image\"><img decoding=\"async\" src=\"https:\/\/m.media-amazon.com\/images\/S\/aplus-media-library-service-media\/9a47f1d5-d90d-4dfd-980c-b87ed52227d9.__CR0,0,1464,600_PT0_SX1464_V1___.jpg\" alt=\"Adjustable Opening Angle \u2013 Customize Gate Swing to Fit Different Driveways and Needs\" \/><\/div>\n<\/div>\n<div id=\"premium-aplus-13-carousel-4-slide-2\">\n<div class=\"a-section a-spacing-none aplus-card-image\"><img decoding=\"async\" src=\"https:\/\/m.media-amazon.com\/images\/S\/aplus-media-library-service-media\/bbd72ca5-f15b-4a01-96b4-a84ffdf16c6c.__CR0,0,1464,600_PT0_SX1464_V1___.jpg\" alt=\"Pedestrian Mode Access \u2013 Convenient, Secure Walk-Through for Guests &amp;amp; Family, Easy Gate Operation\" \/><\/div>\n<\/div>\n<div id=\"premium-aplus-13-carousel-4-slide-3\">\n<div class=\"a-section a-spacing-none aplus-card-image\"><img decoding=\"async\" src=\"https:\/\/m.media-amazon.com\/images\/S\/aplus-media-library-service-media\/d8c0bb6d-acaa-42e1-9414-ff9bb4b4032e.__CR0,0,1464,600_PT0_SX1464_V1___.jpg\" alt=\"Intelligent PCB with One-Touch Learning \u2013 Auto-Adjusts Travel Limits, Hassle-Free Setup\" \/><\/div>\n<\/div>\n<\/div>\n<\/div>\n<\/div>\n<\/div>\n<\/div>\n<\/div>\n<\/div>\n<\/div>\n<div class=\"celwidget aplus-module premium-module-13-carousel aplus-premium\" data-csa-c-id=\"k4frfj-mylsvq-k5zvs7-c2u4ri\" data-cel-widget=\"aplus-premium-module-13-carousel\">\n<div class=\"a-section a-spacing-none premium-aplus premium-aplus-module-13\">\n<h1 class=\"aplus-container-3 aplus-h1 a-text-bold\">Sc\u00e9narios d&#039;application multiples<\/h1>\n<div class=\"a-section a-spacing-none aplus-carousel-container\">\n<div id=\"premium-aplus-13-carousel-5-id\" class=\"a-begin a-carousel-container a-carousel-display-single a-carousel-transition-slideCircular a-carousel-initialized\" role=\"group\" data-a-carousel-options=\"{&quot;name&quot;:&quot;premium-aplus-13-carousel-5&quot;,&quot;peek_percentage&quot;:0,&quot;minimum_gutter_width&quot;:0,&quot;show_partial_next&quot;:false}\" aria-label=\"Carrousel de contenu en vedette\" aria-roledescription=\"carousel\" data-a-display-strategy=\"single\" data-a-transition-strategy=\"slideCircular\">\n<div class=\"a-row a-carousel-controls a-carousel-row a-carousel-has-buttons a-carousel-overlay-buttons a-carousel-rounded-buttons\">\n<div class=\"a-carousel-row-inner\">\n<div class=\"a-carousel-col a-carousel-center\">\n<div id=\"anonCarousel3\" class=\"a-carousel-viewport\" role=\"group\" aria-roledescription=\"slide\">\n<div id=\"premium-aplus-13-carousel-5-slide-4\">\n<div class=\"a-section a-spacing-none aplus-card-image\"><img decoding=\"async\" src=\"https:\/\/m.media-amazon.com\/images\/S\/aplus-media-library-service-media\/025d19ba-430b-4828-95e3-41fc723ec78e.__CR0,0,1464,600_PT0_SX1464_V1___.jpg\" alt=\"Durable swing gate opener for farms and ranches, weather resistant for outdoor use\" \/><\/div>\n<\/div>\n<div id=\"premium-aplus-13-carousel-5-slide-5\">\n<div class=\"a-section a-spacing-none aplus-card-image\"><img decoding=\"async\" src=\"https:\/\/m.media-amazon.com\/images\/S\/aplus-media-library-service-media\/a5c55f31-f61b-439c-9929-fc6592b18ace.__CR0,0,1464,600_PT0_SX1464_V1___.jpg\" alt=\"Heavy-duty gate support, handles up to 1760 pounds with smooth and fast operation\" \/><\/div>\n<\/div>\n<div id=\"premium-aplus-13-carousel-5-slide-0\">\n<div class=\"a-section a-spacing-none aplus-card-image\"><img decoding=\"async\" src=\"https:\/\/m.media-amazon.com\/images\/S\/aplus-media-library-service-media\/303595b6-c94d-4729-a965-bc80cf6450b0.__CR0,0,1464,600_PT0_SX1464_V1___.jpg\" alt=\"Dual-arm swing gate opener for home gates, reliable and convenient for residential use\" \/><\/div>\n<\/div>\n<div id=\"premium-aplus-13-carousel-5-slide-1\">\n<div class=\"a-section a-spacing-none aplus-card-image\"><img decoding=\"async\" src=\"https:\/\/m.media-amazon.com\/images\/S\/aplus-media-library-service-media\/38461b13-7808-4377-9848-45eb766ca4d6.__CR0,0,1464,600_PT0_SX1464_V1___.jpg\" alt=\"Off-grid power solution with solar and battery, works during power outage\" \/><\/div>\n<\/div>\n<div id=\"premium-aplus-13-carousel-5-slide-2\">\n<div class=\"a-section a-spacing-none aplus-card-image\"><img decoding=\"async\" src=\"https:\/\/m.media-amazon.com\/images\/S\/aplus-media-library-service-media\/7225f52e-3e47-4196-ba49-64307b107e05.__CR0,0,1464,600_PT0_SX1464_V1___.jpg\" alt=\"Commercial swing gate opener for condominiums, offices, parking lots, and business access control\" \/><\/div>\n<\/div>\n<div id=\"premium-aplus-13-carousel-5-slide-3\">\n<div class=\"a-section a-spacing-none aplus-card-image\"><img decoding=\"async\" src=\"https:\/\/m.media-amazon.com\/images\/S\/aplus-media-library-service-media\/03eef5f3-2b6d-4929-9ac7-e2f9ef0d64fc.__CR0,0,1464,600_PT0_SX1464_V1___.jpg\" alt=\"Pedestrian access mode for guests and family, easy entry for walking users\" \/><\/div>\n<\/div>\n<\/div>\n<\/div>\n<\/div>\n<\/div>\n<\/div>\n<\/div>\n<\/div>\n<\/div>\n<div class=\"celwidget aplus-module premium-module-16-tech-specs aplus-premium\" data-csa-c-id=\"4plujt-avl7nu-ijxnuy-lh63e8\" data-cel-widget=\"aplus-premium-module-16-tech-specs\">\n<div class=\"a-section a-spacing-none aplus-index-6 premium-aplus premium-aplus-module-16 aplus-container-3\">\n<h3 class=\"a-size-extra-large a-spacing-base a-text-center\">Caract\u00e9ristiques<\/h3>\n<div class=\"a-row\">\n<div class=\"a-column a-span6\">\n<table class=\"a-bordered a-horizontal-stripes aplus-tech-spec-table\">\n<tbody>\n<tr>\n<td class=\"a-text-bold\">Taper<\/td>\n<td>Bras double<\/td>\n<\/tr>\n<tr>\n<td class=\"a-text-bold\">Capacit\u00e9<\/td>\n<td>1760 lb (880 lb \/ max. 18 pi de porte par bras)<\/td>\n<\/tr>\n<tr>\n<td class=\"a-text-bold\">Puissance d&#039;entr\u00e9e<\/td>\n<td>CA 110 V\/60 Hz (16 AWG) \/ CC 32-35 V (solaire)<\/td>\n<\/tr>\n<tr>\n<td class=\"a-text-bold\">Puissance de sortie<\/td>\n<td>24 V CC<\/td>\n<\/tr>\n<tr>\n<td class=\"a-text-bold\">Panneau solaire<\/td>\n<td>25 W, 35 V (inclus)<\/td>\n<\/tr>\n<tr>\n<td class=\"a-text-bold\">Type de batterie<\/td>\n<td>Batterie lithium-ion 6,0 Ah int\u00e9gr\u00e9e (bo\u00eetier de commande int\u00e9gr\u00e9)<\/td>\n<\/tr>\n<tr>\n<td class=\"a-text-bold\">Puissance du moteur<\/td>\n<td>100 W<\/td>\n<\/tr>\n<tr>\n<td class=\"a-text-bold\">Vitesse de d\u00e9placement<\/td>\n<td>R\u00e9glable<\/td>\n<\/tr>\n<\/tbody>\n<\/table>\n<\/div>\n<div class=\"a-column a-span6 a-span-last\">\n<table class=\"a-bordered a-horizontal-stripes aplus-tech-spec-table\">\n<tbody>\n<tr>\n<td class=\"a-text-bold\">Fusible<\/td>\n<td>Fusible 10A<\/td>\n<\/tr>\n<tr>\n<td class=\"a-text-bold\">Embrayage manuel<\/td>\n<td>Insertion de cl\u00e9 sur le bras pour un d\u00e9verrouillage facile<\/td>\n<\/tr>\n<tr>\n<td class=\"a-text-bold\">Plage de temp\u00e9rature<\/td>\n<td>-5\u00b0F \u00e0 160\u00b0F<\/td>\n<\/tr>\n<tr>\n<td class=\"a-text-bold\">Indice de protection IP<\/td>\n<td>IP54 (r\u00e9sistant aux intemp\u00e9ries)<\/td>\n<\/tr>\n<tr>\n<td class=\"a-text-bold\">T\u00e9l\u00e9commande<\/td>\n<td>433 MHz, boucle \u00e0 1 bouton et mode \u00e0 3 boutons<\/td>\n<\/tr>\n<tr>\n<td class=\"a-text-bold\">R\u00e9sistance r\u00e9glable<\/td>\n<td>R\u00e9sistance au rebond r\u00e9glable<\/td>\n<\/tr>\n<tr>\n<td class=\"a-text-bold\">Installation<\/td>\n<td>Configuration automatique rapide pour l&#039;ouverture du voyage, facile et simple<\/td>\n<\/tr>\n<\/tbody>\n<\/table>\n<\/div>\n<\/div>\n<\/div>\n<\/div>","protected":false},"excerpt":{"rendered":"<p>Ouvre-portail battant solaire \u00e0 double bras de 1760 lb avec batterie au lithium 24 V int\u00e9gr\u00e9e, panneau solaire 25 W, bo\u00eetier de commande int\u00e9gr\u00e9, r\u00e9glage automatique intelligent et 2 t\u00e9l\u00e9commandes<\/p>","protected":false},"featured_media":855,"comment_status":"open","ping_status":"closed","template":"","meta":[],"product_brand":[33],"product_cat":[20,30],"product_tag":[],"class_list":{"0":"post-314","1":"product","2":"type-product","3":"status-publish","4":"has-post-thumbnail","6":"product_brand-blutezeit","7":"product_cat-gate-openers","8":"product_cat-solar-swing-gate-openers","10":"first","11":"instock","12":"sale","13":"shipping-taxable","14":"purchasable","15":"product-type-simple"},"yoast_head":"<!-- This site is optimized with the Yoast SEO plugin v26.4 - https:\/\/yoast.com\/wordpress\/plugins\/seo\/ -->\n<title>MS650 Solar Swing Gate Opener (1760lb Dual-Arm) - Bl\u00fctezeit<\/title>\n<meta name=\"robots\" content=\"index, follow, max-snippet:-1, max-image-preview:large, max-video-preview:-1\" \/>\n<link rel=\"canonical\" href=\"https:\/\/www.blutezeit.com\/fr\/produit\/ms650-solar-swing-gate-opener-1760lb-dual-arm\/\" \/>\n<meta property=\"og:locale\" content=\"fr_FR\" \/>\n<meta property=\"og:type\" content=\"article\" \/>\n<meta property=\"og:title\" content=\"MS650 Solar Swing Gate Opener (1760lb Dual-Arm) - Bl\u00fctezeit\" \/>\n<meta property=\"og:description\" content=\"1760lb dual-arm solar swing gate opener with built-in 24V lithium battery, 25W solar panel, integrated control box, smart auto-setting &amp; 2 remotes\" \/>\n<meta property=\"og:url\" content=\"https:\/\/www.blutezeit.com\/fr\/produit\/ms650-solar-swing-gate-opener-1760lb-dual-arm\/\" \/>\n<meta property=\"og:site_name\" content=\"Bl\u00fctezeit\" \/>\n<meta property=\"article:modified_time\" content=\"2026-03-18T08:14:56+00:00\" \/>\n<meta property=\"og:image\" content=\"http:\/\/www.blutezeit.com\/wp-content\/uploads\/2025\/09\/MS650-Swing-Gate-Opener-Dual-Arm-1-scaled.jpg\" \/>\n\t<meta property=\"og:image:width\" content=\"2560\" \/>\n\t<meta property=\"og:image:height\" content=\"2560\" \/>\n\t<meta property=\"og:image:type\" content=\"image\/jpeg\" \/>\n<meta name=\"twitter:card\" content=\"summary_large_image\" \/>\n<meta name=\"twitter:label1\" content=\"Dur\u00e9e de lecture estim\u00e9e\" \/>\n\t<meta name=\"twitter:data1\" content=\"5 minutes\" \/>\n<script type=\"application\/ld+json\" class=\"yoast-schema-graph\">{\"@context\":\"https:\/\/schema.org\",\"@graph\":[{\"@type\":\"WebPage\",\"@id\":\"https:\/\/www.blutezeit.com\/product\/ms650-solar-swing-gate-opener-1760lb-dual-arm\/\",\"url\":\"https:\/\/www.blutezeit.com\/product\/ms650-solar-swing-gate-opener-1760lb-dual-arm\/\",\"name\":\"MS650 Solar Swing Gate Opener (1760lb Dual-Arm) - Bl\u00fctezeit\",\"isPartOf\":{\"@id\":\"https:\/\/www.blutezeit.com\/pt\/#website\"},\"primaryImageOfPage\":{\"@id\":\"https:\/\/www.blutezeit.com\/product\/ms650-solar-swing-gate-opener-1760lb-dual-arm\/#primaryimage\"},\"image\":{\"@id\":\"https:\/\/www.blutezeit.com\/product\/ms650-solar-swing-gate-opener-1760lb-dual-arm\/#primaryimage\"},\"thumbnailUrl\":\"https:\/\/www.blutezeit.com\/wp-content\/uploads\/2025\/09\/MS650-Swing-Gate-Opener-Dual-Arm-1-scaled.jpg\",\"datePublished\":\"2025-07-12T03:43:13+00:00\",\"dateModified\":\"2026-03-18T08:14:56+00:00\",\"breadcrumb\":{\"@id\":\"https:\/\/www.blutezeit.com\/product\/ms650-solar-swing-gate-opener-1760lb-dual-arm\/#breadcrumb\"},\"inLanguage\":\"fr-FR\",\"potentialAction\":[{\"@type\":\"ReadAction\",\"target\":[\"https:\/\/www.blutezeit.com\/product\/ms650-solar-swing-gate-opener-1760lb-dual-arm\/\"]}]},{\"@type\":\"ImageObject\",\"inLanguage\":\"fr-FR\",\"@id\":\"https:\/\/www.blutezeit.com\/product\/ms650-solar-swing-gate-opener-1760lb-dual-arm\/#primaryimage\",\"url\":\"https:\/\/www.blutezeit.com\/wp-content\/uploads\/2025\/09\/MS650-Swing-Gate-Opener-Dual-Arm-1-scaled.jpg\",\"contentUrl\":\"https:\/\/www.blutezeit.com\/wp-content\/uploads\/2025\/09\/MS650-Swing-Gate-Opener-Dual-Arm-1-scaled.jpg\",\"width\":2560,\"height\":2560},{\"@type\":\"BreadcrumbList\",\"@id\":\"https:\/\/www.blutezeit.com\/product\/ms650-solar-swing-gate-opener-1760lb-dual-arm\/#breadcrumb\",\"itemListElement\":[{\"@type\":\"ListItem\",\"position\":1,\"name\":\"\u9996\u9875\",\"item\":\"https:\/\/www.blutezeit.com\/pt\/\"},{\"@type\":\"ListItem\",\"position\":2,\"name\":\"Product\",\"item\":\"https:\/\/www.blutezeit.com\/pt\/shop\/\"},{\"@type\":\"ListItem\",\"position\":3,\"name\":\"MS650 Solar Swing Gate Opener (1760lb Dual-Arm)\"}]},{\"@type\":\"WebSite\",\"@id\":\"https:\/\/www.blutezeit.com\/pt\/#website\",\"url\":\"https:\/\/www.blutezeit.com\/pt\/\",\"name\":\"Bl\u00fctezeit\",\"description\":\"Smart &amp; Solar Gate Opener Systems\",\"potentialAction\":[{\"@type\":\"SearchAction\",\"target\":{\"@type\":\"EntryPoint\",\"urlTemplate\":\"https:\/\/www.blutezeit.com\/pt\/?s={search_term_string}\"},\"query-input\":{\"@type\":\"PropertyValueSpecification\",\"valueRequired\":true,\"valueName\":\"search_term_string\"}}],\"inLanguage\":\"fr-FR\"}]}<\/script>\n<!-- \/ Yoast SEO plugin. -->","yoast_head_json":{"title":"MS650 Solar Swing Gate Opener (1760lb Dual-Arm) - Bl\u00fctezeit","robots":{"index":"index","follow":"follow","max-snippet":"max-snippet:-1","max-image-preview":"max-image-preview:large","max-video-preview":"max-video-preview:-1"},"canonical":"https:\/\/www.blutezeit.com\/fr\/produit\/ms650-solar-swing-gate-opener-1760lb-dual-arm\/","og_locale":"fr_FR","og_type":"article","og_title":"MS650 Solar Swing Gate Opener (1760lb Dual-Arm) - Bl\u00fctezeit","og_description":"1760lb dual-arm solar swing gate opener with built-in 24V lithium battery, 25W solar panel, integrated control box, smart auto-setting &amp; 2 remotes","og_url":"https:\/\/www.blutezeit.com\/fr\/produit\/ms650-solar-swing-gate-opener-1760lb-dual-arm\/","og_site_name":"Bl\u00fctezeit","article_modified_time":"2026-03-18T08:14:56+00:00","og_image":[{"width":2560,"height":2560,"url":"http:\/\/www.blutezeit.com\/wp-content\/uploads\/2025\/09\/MS650-Swing-Gate-Opener-Dual-Arm-1-scaled.jpg","type":"image\/jpeg"}],"twitter_card":"summary_large_image","twitter_misc":{"Dur\u00e9e de lecture estim\u00e9e":"5 minutes"},"schema":{"@context":"https:\/\/schema.org","@graph":[{"@type":"WebPage","@id":"https:\/\/www.blutezeit.com\/product\/ms650-solar-swing-gate-opener-1760lb-dual-arm\/","url":"https:\/\/www.blutezeit.com\/product\/ms650-solar-swing-gate-opener-1760lb-dual-arm\/","name":"MS650 Solar Swing Gate Opener (1760lb Dual-Arm) - Bl\u00fctezeit","isPartOf":{"@id":"https:\/\/www.blutezeit.com\/pt\/#website"},"primaryImageOfPage":{"@id":"https:\/\/www.blutezeit.com\/product\/ms650-solar-swing-gate-opener-1760lb-dual-arm\/#primaryimage"},"image":{"@id":"https:\/\/www.blutezeit.com\/product\/ms650-solar-swing-gate-opener-1760lb-dual-arm\/#primaryimage"},"thumbnailUrl":"https:\/\/www.blutezeit.com\/wp-content\/uploads\/2025\/09\/MS650-Swing-Gate-Opener-Dual-Arm-1-scaled.jpg","datePublished":"2025-07-12T03:43:13+00:00","dateModified":"2026-03-18T08:14:56+00:00","breadcrumb":{"@id":"https:\/\/www.blutezeit.com\/product\/ms650-solar-swing-gate-opener-1760lb-dual-arm\/#breadcrumb"},"inLanguage":"fr-FR","potentialAction":[{"@type":"ReadAction","target":["https:\/\/www.blutezeit.com\/product\/ms650-solar-swing-gate-opener-1760lb-dual-arm\/"]}]},{"@type":"ImageObject","inLanguage":"fr-FR","@id":"https:\/\/www.blutezeit.com\/product\/ms650-solar-swing-gate-opener-1760lb-dual-arm\/#primaryimage","url":"https:\/\/www.blutezeit.com\/wp-content\/uploads\/2025\/09\/MS650-Swing-Gate-Opener-Dual-Arm-1-scaled.jpg","contentUrl":"https:\/\/www.blutezeit.com\/wp-content\/uploads\/2025\/09\/MS650-Swing-Gate-Opener-Dual-Arm-1-scaled.jpg","width":2560,"height":2560},{"@type":"BreadcrumbList","@id":"https:\/\/www.blutezeit.com\/product\/ms650-solar-swing-gate-opener-1760lb-dual-arm\/#breadcrumb","itemListElement":[{"@type":"ListItem","position":1,"name":"\u9996\u9875","item":"https:\/\/www.blutezeit.com\/pt\/"},{"@type":"ListItem","position":2,"name":"Product","item":"https:\/\/www.blutezeit.com\/pt\/shop\/"},{"@type":"ListItem","position":3,"name":"MS650 Solar Swing Gate Opener (1760lb Dual-Arm)"}]},{"@type":"WebSite","@id":"https:\/\/www.blutezeit.com\/pt\/#website","url":"https:\/\/www.blutezeit.com\/pt\/","name":"Fleur","description":"Syst\u00e8mes d&#039;ouverture de portail intelligents et solaires","potentialAction":[{"@type":"SearchAction","target":{"@type":"EntryPoint","urlTemplate":"https:\/\/www.blutezeit.com\/pt\/?s={search_term_string}"},"query-input":{"@type":"PropertyValueSpecification","valueRequired":true,"valueName":"search_term_string"}}],"inLanguage":"fr-FR"}]}},"_links":{"self":[{"href":"https:\/\/www.blutezeit.com\/fr\/wp-json\/wp\/v2\/product\/314","targetHints":{"allow":["GET"]}}],"collection":[{"href":"https:\/\/www.blutezeit.com\/fr\/wp-json\/wp\/v2\/product"}],"about":[{"href":"https:\/\/www.blutezeit.com\/fr\/wp-json\/wp\/v2\/types\/product"}],"replies":[{"embeddable":true,"href":"https:\/\/www.blutezeit.com\/fr\/wp-json\/wp\/v2\/comments?post=314"}],"wp:featuredmedia":[{"embeddable":true,"href":"https:\/\/www.blutezeit.com\/fr\/wp-json\/wp\/v2\/media\/855"}],"wp:attachment":[{"href":"https:\/\/www.blutezeit.com\/fr\/wp-json\/wp\/v2\/media?parent=314"}],"wp:term":[{"taxonomy":"product_brand","embeddable":true,"href":"https:\/\/www.blutezeit.com\/fr\/wp-json\/wp\/v2\/product_brand?post=314"},{"taxonomy":"product_cat","embeddable":true,"href":"https:\/\/www.blutezeit.com\/fr\/wp-json\/wp\/v2\/product_cat?post=314"},{"taxonomy":"product_tag","embeddable":true,"href":"https:\/\/www.blutezeit.com\/fr\/wp-json\/wp\/v2\/product_tag?post=314"}],"curies":[{"name":"wp","href":"https:\/\/api.w.org\/{rel}","templated":true}]}}