{"id":311,"date":"2025-07-12T03:43:13","date_gmt":"2025-07-12T03:43:13","guid":{"rendered":"https:\/\/www.blutezeit.com\/?post_type=product&#038;p=311"},"modified":"2025-12-20T07:22:24","modified_gmt":"2025-12-20T07:22:24","slug":"mj-400-sliding-gate-opener-1100lb-chain-drive","status":"publish","type":"product","link":"https:\/\/www.blutezeit.com\/fr\/produit\/mj-400-sliding-gate-opener-1100lb-chain-drive\/","title":{"rendered":"Ouvre-portail coulissant MJ-400 (entra\u00eenement par cha\u00eene)"},"content":{"rendered":"<div class=\"celwidget aplus-module premium-module-2-fullbackground-image aplus-premium\" data-csa-c-id=\"m4ti69-p96k8n-f7gb5o-d9st4n\" data-cel-widget=\"aplus-premium-module-2-fullbackground-image\">\n<div class=\"a-section a-spacing-none premium-aplus premium-aplus-module-2\">\n<h1 class=\"a-text-center aplus-container-3 aplus-h1 a-text-bold\">Bl\u00fctezeit MJ400 \u2013 Ouvre-porte coulissant \u00e0 cha\u00eene de 1100 lb<\/h1>\n<div class=\"a-section a-spacing-none premium-background-wrapper\">\n<div class=\"a-section a-spacing-none background-image\"><img decoding=\"async\" class=\"\" src=\"https:\/\/m.media-amazon.com\/images\/S\/aplus-media-library-service-media\/820a6b02-8e98-4030-b37c-ccb5edc81db3.__CR0,0,1464,600_PT0_SX1464_V1___.jpg\" alt=\"sliding gate opener automatic fence motor remote control operator chain drive\" data-src=\"https:\/\/m.media-amazon.com\/images\/S\/aplus-media-library-service-media\/820a6b02-8e98-4030-b37c-ccb5edc81db3.__CR0,0,1464,600_PT0_SX1464_V1___.jpg\" \/><\/div>\n<\/div>\n<\/div>\n<\/div>\n<div class=\"celwidget aplus-module premium-module-2-fullbackground-image aplus-premium\" data-csa-c-id=\"l0hvon-gbymrj-yecges-s2v5iv\" data-cel-widget=\"aplus-premium-module-2-fullbackground-image\">\n<div class=\"a-section a-spacing-none premium-aplus premium-aplus-module-2\">\n<div class=\"a-section a-spacing-none premium-background-wrapper\">\n<div class=\"a-section a-spacing-none background-image\"><img decoding=\"async\" class=\"\" src=\"https:\/\/m.media-amazon.com\/images\/S\/aplus-media-library-service-media\/ed04f66f-bf4e-407e-b43a-1856e7f40bc7.__CR0,0,1464,600_PT0_SX1464_V1___.jpg\" alt=\"automatic sliding gate opener chain drive motor access system hardware kit\" data-src=\"https:\/\/m.media-amazon.com\/images\/S\/aplus-media-library-service-media\/ed04f66f-bf4e-407e-b43a-1856e7f40bc7.__CR0,0,1464,600_PT0_SX1464_V1___.jpg\" \/><\/div>\n<\/div>\n<div class=\"a-section a-text-center\"><\/div>\n<\/div>\n<\/div>\n<div class=\"celwidget aplus-module premium-module-13-carousel aplus-premium\" data-csa-c-id=\"cirmuh-qwzjxr-c0cm34-36m26c\" data-cel-widget=\"aplus-premium-module-13-carousel\">\n<div class=\"a-section a-spacing-none premium-aplus premium-aplus-module-13\">\n<h1 class=\"aplus-container-3 aplus-h1 a-text-bold\">Con\u00e7u pour la r\u00e9sistance et la stabilit\u00e9<\/h1>\n<div class=\"a-section a-spacing-none aplus-carousel-container\">\n<div id=\"premium-aplus-13-carousel-2-id\" class=\"a-begin a-carousel-container a-carousel-display-single a-carousel-transition-slideCircular a-carousel-initialized\" role=\"group\" data-a-carousel-options=\"{&quot;name&quot;:&quot;premium-aplus-13-carousel-2&quot;,&quot;peek_percentage&quot;:0,&quot;minimum_gutter_width&quot;:0,&quot;show_partial_next&quot;:false}\" aria-label=\"Carrousel de contenu en vedette\" aria-roledescription=\"carousel\" data-a-display-strategy=\"single\" data-a-transition-strategy=\"slideCircular\">\n<div class=\"a-row a-carousel-controls a-carousel-row a-carousel-has-buttons a-carousel-overlay-buttons a-carousel-rounded-buttons\">\n<div class=\"a-carousel-row-inner\">\n<div class=\"a-carousel-col a-carousel-center\">\n<div id=\"anonCarousel3\" class=\"a-carousel-viewport\" role=\"group\" aria-roledescription=\"slide\">\n<div id=\"premium-aplus-13-carousel-2-slide-4\">\n<div class=\"a-section a-spacing-none aplus-card-image\"><a class=\"a-link-normal\" href=\"https:\/\/www.amazon.com\/dp\/B0FCLHL48G?ref=emc_p_m_13_i\"><img decoding=\"async\" src=\"https:\/\/m.media-amazon.com\/images\/S\/aplus-media-library-service-media\/63a0c6ef-cf28-47bb-a2b2-a3cacd5843cc.__CR0,0,1464,600_PT0_SX1464_V1___.jpg\" alt=\"chain driven gate motor easy installation MJ-400\" \/><\/a><\/div>\n<div class=\"a-section a-spacing-none aplus-card-image\"><a class=\"a-link-normal\" href=\"https:\/\/www.amazon.com\/dp\/B0FCLHL48G?ref=emc_p_m_13_i\"><img decoding=\"async\" src=\"https:\/\/m.media-amazon.com\/images\/S\/aplus-media-library-service-media\/668c87a1-cd80-4e05-9209-2b650f8c43ee.__CR0,0,1464,600_PT0_SX1464_V1___.jpg\" alt=\"steel back bracket installation hardware kit for MJ-400 sliding gate opener\" \/><\/a><\/div>\n<div class=\"a-section a-spacing-none aplus-card-image\"><a class=\"a-link-normal\" href=\"https:\/\/www.amazon.com\/dp\/B0FCLHL48G?ref=emc_p_m_13_i\"><img decoding=\"async\" src=\"https:\/\/m.media-amazon.com\/images\/S\/aplus-media-library-service-media\/8b4dac9c-f89d-4b4a-a674-ba548d42ebf5.__CR0,0,1464,600_PT0_SX1464_V1___.jpg\" alt=\"Magnetic Limit Switch for MJ-400 Slide Gate Motor\" \/><\/a><\/div>\n<div class=\"a-section a-spacing-none aplus-card-image\"><a class=\"a-link-normal\" href=\"https:\/\/www.amazon.com\/dp\/B0FCLHL48G?ref=emc_p_m_13_i\"><img decoding=\"async\" src=\"https:\/\/m.media-amazon.com\/images\/S\/aplus-media-library-service-media\/8a968571-f172-4e92-843b-81efaa455324.__CR0,0,1464,600_PT0_SX1464_V1___.jpg\" alt=\"chain drive system with mounting bracket sliding gate opener\" \/><\/a><\/div>\n<div class=\"a-section a-spacing-none aplus-card-image\"><a class=\"a-link-normal\" href=\"https:\/\/www.amazon.com\/dp\/B0FCLHL48G?ref=emc_p_m_13_i\"><img decoding=\"async\" src=\"https:\/\/m.media-amazon.com\/images\/S\/aplus-media-library-service-media\/ecc95927-7c44-4ced-8767-60dd149b2d3e.__CR0,0,1464,600_PT0_SX1464_V1___.jpg\" alt=\"V-bolts for chain drive slide gate motor MJ-400 door opener\" \/><\/a><\/div>\n<\/div>\n<\/div>\n<\/div>\n<\/div>\n<\/div>\n<\/div>\n<\/div>\n<\/div>\n<\/div>\n<div class=\"celwidget aplus-module premium-module-13-carousel aplus-premium\" data-csa-c-id=\"lfwmvu-jjxn29-evq2de-tk42xa\" data-cel-widget=\"aplus-premium-module-13-carousel\">\n<div class=\"a-section a-spacing-none premium-aplus premium-aplus-module-13\">\n<h1 class=\"aplus-container-3 aplus-h1 a-text-bold\">Contr\u00f4le intelligent et s\u00e9curit\u00e9<\/h1>\n<div class=\"a-section a-spacing-none aplus-carousel-container\">\n<div id=\"premium-aplus-13-carousel-3-id\" class=\"a-begin a-carousel-container a-carousel-display-single a-carousel-transition-slideCircular a-carousel-initialized\" role=\"group\" data-a-carousel-options=\"{&quot;name&quot;:&quot;premium-aplus-13-carousel-3&quot;,&quot;peek_percentage&quot;:0,&quot;minimum_gutter_width&quot;:0,&quot;show_partial_next&quot;:false}\" aria-label=\"Carrousel de contenu en vedette\" aria-roledescription=\"carousel\" data-a-display-strategy=\"single\" data-a-transition-strategy=\"slideCircular\">\n<div class=\"a-row a-carousel-controls a-carousel-row a-carousel-has-buttons a-carousel-overlay-buttons a-carousel-rounded-buttons\">\n<div class=\"a-carousel-row-inner\">\n<div class=\"a-carousel-col a-carousel-center\">\n<div id=\"anonCarousel4\" class=\"a-carousel-viewport\" role=\"group\" aria-roledescription=\"slide\">\n<div id=\"premium-aplus-13-carousel-3-slide-4\">\n<div class=\"a-section a-spacing-none aplus-card-image\"><a class=\"a-link-normal\" href=\"https:\/\/www.amazon.com\/dp\/B0FCLHL48G?ref=emc_p_m_13_i\"><img decoding=\"async\" src=\"https:\/\/m.media-amazon.com\/images\/S\/aplus-media-library-service-media\/4f18cc27-9def-458e-859e-1ae29e441186.__CR0,0,1464,600_PT0_SX1464_V1___.jpg\" alt=\"pedestrian mode safety for MJ-400 slide gate opener\" \/><\/a><\/div>\n<\/div>\n<div id=\"premium-aplus-13-carousel-3-slide-5\">\n<div class=\"a-section a-spacing-none aplus-card-image\"><a class=\"a-link-normal\" href=\"https:\/\/www.amazon.com\/dp\/B0FCLHL48G?ref=emc_p_m_13_i\"><img decoding=\"async\" src=\"https:\/\/m.media-amazon.com\/images\/S\/aplus-media-library-service-media\/841f68b3-269e-46ef-a407-8f419aec837d.__CR0,0,1464,600_PT0_SX1464_V1___.jpg\" alt=\"safe moving speed for MJ-400 sliding gate opener chain drive\" \/><\/a><\/div>\n<\/div>\n<div id=\"premium-aplus-13-carousel-3-slide-0\">\n<div class=\"a-section a-spacing-none aplus-card-image\"><a class=\"a-link-normal\" href=\"https:\/\/www.amazon.com\/dp\/B0FCLHL48G?ref=emc_p_m_13_i\"><img decoding=\"async\" src=\"https:\/\/m.media-amazon.com\/images\/S\/aplus-media-library-service-media\/aa6cb637-078e-4dc3-aaed-68f6fe924a23.__CR0,0,1464,600_PT0_SX1464_V1___.jpg\" alt=\"MJ-400 sliding gate opener for residential gates security access system control\" \/><\/a><\/div>\n<\/div>\n<div id=\"premium-aplus-13-carousel-3-slide-1\">\n<div class=\"a-section a-spacing-none aplus-card-image\"><a class=\"a-link-normal\" href=\"https:\/\/www.amazon.com\/dp\/B0FCLHL48G?ref=emc_p_m_13_i\"><img decoding=\"async\" src=\"https:\/\/m.media-amazon.com\/images\/S\/aplus-media-library-service-media\/6f751525-42a4-4538-906f-4d4117b278ef.__CR0,0,1464,600_PT0_SX1464_V1___.jpg\" alt=\"automatic reverse safety protection obstable detective system for MJ-400 fence gate motor\" \/><\/a><\/div>\n<\/div>\n<div id=\"premium-aplus-13-carousel-3-slide-2\">\n<div class=\"a-section a-spacing-none aplus-card-image\"><a class=\"a-link-normal\" href=\"https:\/\/www.amazon.com\/dp\/B0FCLHL48G?ref=emc_p_m_13_i\"><img decoding=\"async\" src=\"https:\/\/m.media-amazon.com\/images\/S\/aplus-media-library-service-media\/ac327aac-07c2-4fc8-a2d7-1d32f9118de8.__CR0,0,1464,600_PT0_SX1464_V1___.jpg\" alt=\"remote control long range 433.92MHz rolling code secure access for MJ-400 sliding gate motor\" \/><\/a><\/div>\n<\/div>\n<div id=\"premium-aplus-13-carousel-3-slide-3\">\n<div class=\"a-section a-spacing-none aplus-card-image\"><a class=\"a-link-normal\" href=\"https:\/\/www.amazon.com\/dp\/B0FCLHL48G?ref=emc_p_m_13_i\"><img decoding=\"async\" src=\"https:\/\/m.media-amazon.com\/images\/S\/aplus-media-library-service-media\/d3462619-4774-481b-8d0e-ec0ad6f607b3.__CR0,0,1464,600_PT0_SX1464_V1___.jpg\" alt=\"safe opening delay timer for MJ-400 automatic sliding gate opener\" \/><\/a><\/div>\n<\/div>\n<\/div>\n<\/div>\n<\/div>\n<\/div>\n<\/div>\n<div class=\"a-section a-spacing-none aplus-pagination-wrapper\">\n<div class=\"aplus-mantle aplus-module\">\n<div class=\"aplus-carousel-nav\">\n<p>&nbsp;<\/p>\n<p><span style=\"font-size: 48px;\">Accessoires complets pour une installation facile<\/span><\/p>\n<\/div>\n<\/div>\n<\/div>\n<\/div>\n<\/div>\n<\/div>\n<div class=\"celwidget aplus-module premium-module-2-fullbackground-image aplus-premium\" data-csa-c-id=\"rwqiu-dd2d9u-6cbpl4-qh35e6\" data-cel-widget=\"aplus-premium-module-2-fullbackground-image\">\n<div class=\"a-section a-spacing-none premium-aplus premium-aplus-module-2\">\n<div class=\"a-section a-spacing-none premium-background-wrapper\">\n<div class=\"a-section a-spacing-none background-image\"><img decoding=\"async\" class=\"\" src=\"https:\/\/m.media-amazon.com\/images\/S\/aplus-media-library-service-media\/7eee752d-d6f8-4ee5-8660-7814a1a3efe6.__CR0,0,1464,600_PT0_SX1464_V1___.jpg\" alt=\"full accessories hardware security system installation kits fence opener\" data-src=\"https:\/\/m.media-amazon.com\/images\/S\/aplus-media-library-service-media\/7eee752d-d6f8-4ee5-8660-7814a1a3efe6.__CR0,0,1464,600_PT0_SX1464_V1___.jpg\" \/><\/div>\n<\/div>\n<\/div>\n<\/div>","protected":false},"excerpt":{"rendered":"<p>Ouvre-portail coulissant \u00e0 cha\u00eene de 1100 lb avec 2 t\u00e9l\u00e9commandes et kit de cha\u00eene de 16,4 pi.<\/p>","protected":false},"featured_media":1263,"comment_status":"open","ping_status":"closed","template":"","meta":[],"product_brand":[33],"product_cat":[82,20],"product_tag":[],"class_list":{"0":"post-311","1":"product","2":"type-product","3":"status-publish","4":"has-post-thumbnail","6":"product_brand-blutezeit","7":"product_cat-ac-sliding-gate-openers","8":"product_cat-gate-openers","10":"first","11":"instock","12":"sale","13":"shipping-taxable","14":"purchasable","15":"product-type-simple"},"yoast_head":"<!-- This site is optimized with the Yoast SEO plugin v26.4 - https:\/\/yoast.com\/wordpress\/plugins\/seo\/ -->\n<title>MJ-400 Sliding Gate Opener (Chain Drive) - Bl\u00fctezeit<\/title>\n<meta name=\"robots\" content=\"index, follow, max-snippet:-1, max-image-preview:large, max-video-preview:-1\" \/>\n<link rel=\"canonical\" href=\"https:\/\/www.blutezeit.com\/fr\/produit\/mj-400-sliding-gate-opener-1100lb-chain-drive\/\" \/>\n<meta property=\"og:locale\" content=\"fr_FR\" \/>\n<meta property=\"og:type\" content=\"article\" \/>\n<meta property=\"og:title\" content=\"MJ-400 Sliding Gate Opener (Chain Drive) - Bl\u00fctezeit\" \/>\n<meta property=\"og:description\" content=\"1100 lb chain-drive sliding gate opener with 2 remotes and 16.4 ft chain kit.\" \/>\n<meta property=\"og:url\" content=\"https:\/\/www.blutezeit.com\/fr\/produit\/mj-400-sliding-gate-opener-1100lb-chain-drive\/\" \/>\n<meta property=\"og:site_name\" content=\"Bl\u00fctezeit\" \/>\n<meta property=\"article:modified_time\" content=\"2025-12-20T07:22:24+00:00\" \/>\n<meta property=\"og:image\" content=\"http:\/\/www.blutezeit.com\/wp-content\/uploads\/2025\/12\/MJ400-Sliding-Gate-Opener-1-scaled-1.jpg\" \/>\n\t<meta property=\"og:image:width\" content=\"2560\" \/>\n\t<meta property=\"og:image:height\" content=\"2560\" \/>\n\t<meta property=\"og:image:type\" content=\"image\/jpeg\" \/>\n<meta name=\"twitter:card\" content=\"summary_large_image\" \/>\n<meta name=\"twitter:label1\" content=\"Dur\u00e9e de lecture estim\u00e9e\" \/>\n\t<meta name=\"twitter:data1\" content=\"4 minutes\" \/>\n<script type=\"application\/ld+json\" class=\"yoast-schema-graph\">{\"@context\":\"https:\/\/schema.org\",\"@graph\":[{\"@type\":\"WebPage\",\"@id\":\"https:\/\/www.blutezeit.com\/product\/mj-400-sliding-gate-opener-1100lb-chain-drive\/\",\"url\":\"https:\/\/www.blutezeit.com\/product\/mj-400-sliding-gate-opener-1100lb-chain-drive\/\",\"name\":\"MJ-400 Sliding Gate Opener (Chain Drive) - Bl\u00fctezeit\",\"isPartOf\":{\"@id\":\"https:\/\/www.blutezeit.com\/pt\/#website\"},\"primaryImageOfPage\":{\"@id\":\"https:\/\/www.blutezeit.com\/product\/mj-400-sliding-gate-opener-1100lb-chain-drive\/#primaryimage\"},\"image\":{\"@id\":\"https:\/\/www.blutezeit.com\/product\/mj-400-sliding-gate-opener-1100lb-chain-drive\/#primaryimage\"},\"thumbnailUrl\":\"https:\/\/www.blutezeit.com\/wp-content\/uploads\/2025\/12\/MJ400-Sliding-Gate-Opener-1-scaled-1.jpg\",\"datePublished\":\"2025-07-12T03:43:13+00:00\",\"dateModified\":\"2025-12-20T07:22:24+00:00\",\"breadcrumb\":{\"@id\":\"https:\/\/www.blutezeit.com\/product\/mj-400-sliding-gate-opener-1100lb-chain-drive\/#breadcrumb\"},\"inLanguage\":\"fr-FR\",\"potentialAction\":[{\"@type\":\"ReadAction\",\"target\":[\"https:\/\/www.blutezeit.com\/product\/mj-400-sliding-gate-opener-1100lb-chain-drive\/\"]}]},{\"@type\":\"ImageObject\",\"inLanguage\":\"fr-FR\",\"@id\":\"https:\/\/www.blutezeit.com\/product\/mj-400-sliding-gate-opener-1100lb-chain-drive\/#primaryimage\",\"url\":\"https:\/\/www.blutezeit.com\/wp-content\/uploads\/2025\/12\/MJ400-Sliding-Gate-Opener-1-scaled-1.jpg\",\"contentUrl\":\"https:\/\/www.blutezeit.com\/wp-content\/uploads\/2025\/12\/MJ400-Sliding-Gate-Opener-1-scaled-1.jpg\",\"width\":2560,\"height\":2560},{\"@type\":\"BreadcrumbList\",\"@id\":\"https:\/\/www.blutezeit.com\/product\/mj-400-sliding-gate-opener-1100lb-chain-drive\/#breadcrumb\",\"itemListElement\":[{\"@type\":\"ListItem\",\"position\":1,\"name\":\"\u9996\u9875\",\"item\":\"https:\/\/www.blutezeit.com\/pt\/\"},{\"@type\":\"ListItem\",\"position\":2,\"name\":\"Product\",\"item\":\"https:\/\/www.blutezeit.com\/pt\/shop\/\"},{\"@type\":\"ListItem\",\"position\":3,\"name\":\"MJ-400 Sliding Gate Opener (Chain Drive)\"}]},{\"@type\":\"WebSite\",\"@id\":\"https:\/\/www.blutezeit.com\/pt\/#website\",\"url\":\"https:\/\/www.blutezeit.com\/pt\/\",\"name\":\"Bl\u00fctezeit\",\"description\":\"Smart &amp; Solar Gate Opener Systems\",\"potentialAction\":[{\"@type\":\"SearchAction\",\"target\":{\"@type\":\"EntryPoint\",\"urlTemplate\":\"https:\/\/www.blutezeit.com\/pt\/?s={search_term_string}\"},\"query-input\":{\"@type\":\"PropertyValueSpecification\",\"valueRequired\":true,\"valueName\":\"search_term_string\"}}],\"inLanguage\":\"fr-FR\"}]}<\/script>\n<!-- \/ Yoast SEO plugin. -->","yoast_head_json":{"title":"MJ-400 Sliding Gate Opener (Chain Drive) - Bl\u00fctezeit","robots":{"index":"index","follow":"follow","max-snippet":"max-snippet:-1","max-image-preview":"max-image-preview:large","max-video-preview":"max-video-preview:-1"},"canonical":"https:\/\/www.blutezeit.com\/fr\/produit\/mj-400-sliding-gate-opener-1100lb-chain-drive\/","og_locale":"fr_FR","og_type":"article","og_title":"MJ-400 Sliding Gate Opener (Chain Drive) - Bl\u00fctezeit","og_description":"1100 lb chain-drive sliding gate opener with 2 remotes and 16.4 ft chain kit.","og_url":"https:\/\/www.blutezeit.com\/fr\/produit\/mj-400-sliding-gate-opener-1100lb-chain-drive\/","og_site_name":"Bl\u00fctezeit","article_modified_time":"2025-12-20T07:22:24+00:00","og_image":[{"width":2560,"height":2560,"url":"http:\/\/www.blutezeit.com\/wp-content\/uploads\/2025\/12\/MJ400-Sliding-Gate-Opener-1-scaled-1.jpg","type":"image\/jpeg"}],"twitter_card":"summary_large_image","twitter_misc":{"Dur\u00e9e de lecture estim\u00e9e":"4 minutes"},"schema":{"@context":"https:\/\/schema.org","@graph":[{"@type":"WebPage","@id":"https:\/\/www.blutezeit.com\/product\/mj-400-sliding-gate-opener-1100lb-chain-drive\/","url":"https:\/\/www.blutezeit.com\/product\/mj-400-sliding-gate-opener-1100lb-chain-drive\/","name":"MJ-400 Sliding Gate Opener (Chain Drive) - Bl\u00fctezeit","isPartOf":{"@id":"https:\/\/www.blutezeit.com\/pt\/#website"},"primaryImageOfPage":{"@id":"https:\/\/www.blutezeit.com\/product\/mj-400-sliding-gate-opener-1100lb-chain-drive\/#primaryimage"},"image":{"@id":"https:\/\/www.blutezeit.com\/product\/mj-400-sliding-gate-opener-1100lb-chain-drive\/#primaryimage"},"thumbnailUrl":"https:\/\/www.blutezeit.com\/wp-content\/uploads\/2025\/12\/MJ400-Sliding-Gate-Opener-1-scaled-1.jpg","datePublished":"2025-07-12T03:43:13+00:00","dateModified":"2025-12-20T07:22:24+00:00","breadcrumb":{"@id":"https:\/\/www.blutezeit.com\/product\/mj-400-sliding-gate-opener-1100lb-chain-drive\/#breadcrumb"},"inLanguage":"fr-FR","potentialAction":[{"@type":"ReadAction","target":["https:\/\/www.blutezeit.com\/product\/mj-400-sliding-gate-opener-1100lb-chain-drive\/"]}]},{"@type":"ImageObject","inLanguage":"fr-FR","@id":"https:\/\/www.blutezeit.com\/product\/mj-400-sliding-gate-opener-1100lb-chain-drive\/#primaryimage","url":"https:\/\/www.blutezeit.com\/wp-content\/uploads\/2025\/12\/MJ400-Sliding-Gate-Opener-1-scaled-1.jpg","contentUrl":"https:\/\/www.blutezeit.com\/wp-content\/uploads\/2025\/12\/MJ400-Sliding-Gate-Opener-1-scaled-1.jpg","width":2560,"height":2560},{"@type":"BreadcrumbList","@id":"https:\/\/www.blutezeit.com\/product\/mj-400-sliding-gate-opener-1100lb-chain-drive\/#breadcrumb","itemListElement":[{"@type":"ListItem","position":1,"name":"\u9996\u9875","item":"https:\/\/www.blutezeit.com\/pt\/"},{"@type":"ListItem","position":2,"name":"Product","item":"https:\/\/www.blutezeit.com\/pt\/shop\/"},{"@type":"ListItem","position":3,"name":"MJ-400 Sliding Gate Opener (Chain Drive)"}]},{"@type":"WebSite","@id":"https:\/\/www.blutezeit.com\/pt\/#website","url":"https:\/\/www.blutezeit.com\/pt\/","name":"Fleur","description":"Syst\u00e8mes d&#039;ouverture de portail intelligents et solaires","potentialAction":[{"@type":"SearchAction","target":{"@type":"EntryPoint","urlTemplate":"https:\/\/www.blutezeit.com\/pt\/?s={search_term_string}"},"query-input":{"@type":"PropertyValueSpecification","valueRequired":true,"valueName":"search_term_string"}}],"inLanguage":"fr-FR"}]}},"_links":{"self":[{"href":"https:\/\/www.blutezeit.com\/fr\/wp-json\/wp\/v2\/product\/311","targetHints":{"allow":["GET"]}}],"collection":[{"href":"https:\/\/www.blutezeit.com\/fr\/wp-json\/wp\/v2\/product"}],"about":[{"href":"https:\/\/www.blutezeit.com\/fr\/wp-json\/wp\/v2\/types\/product"}],"replies":[{"embeddable":true,"href":"https:\/\/www.blutezeit.com\/fr\/wp-json\/wp\/v2\/comments?post=311"}],"wp:featuredmedia":[{"embeddable":true,"href":"https:\/\/www.blutezeit.com\/fr\/wp-json\/wp\/v2\/media\/1263"}],"wp:attachment":[{"href":"https:\/\/www.blutezeit.com\/fr\/wp-json\/wp\/v2\/media?parent=311"}],"wp:term":[{"taxonomy":"product_brand","embeddable":true,"href":"https:\/\/www.blutezeit.com\/fr\/wp-json\/wp\/v2\/product_brand?post=311"},{"taxonomy":"product_cat","embeddable":true,"href":"https:\/\/www.blutezeit.com\/fr\/wp-json\/wp\/v2\/product_cat?post=311"},{"taxonomy":"product_tag","embeddable":true,"href":"https:\/\/www.blutezeit.com\/fr\/wp-json\/wp\/v2\/product_tag?post=311"}],"curies":[{"name":"wp","href":"https:\/\/api.w.org\/{rel}","templated":true}]}}