{"id":310,"date":"2025-07-12T03:43:12","date_gmt":"2025-07-12T03:43:12","guid":{"rendered":"https:\/\/www.blutezeit.com\/?post_type=product&#038;p=310"},"modified":"2026-01-19T11:00:01","modified_gmt":"2026-01-19T11:00:01","slug":"mj-300-sliding-gate-opener-900lb-remote-hardware-kit","status":"publish","type":"product","link":"https:\/\/www.blutezeit.com\/fr\/produit\/mj-300-sliding-gate-opener-900lb-remote-hardware-kit\/","title":{"rendered":"Ouvre-portail coulissant MJ-300 (408 kg, sans cr\u00e9maill\u00e8re)"},"content":{"rendered":"<div class=\"celwidget aplus-module premium-module-2-fullbackground-image aplus-premium\" data-csa-c-id=\"v6glb3-ui1ymo-3hdbdp-sg6w35\">\n<h2 class=\"a-section a-spacing-none premium-aplus premium-aplus-module-2\">Ouvre-portail coulissant Bl\u00fctezeit ME-MJ \u2013 Petite taille, haute efficacit\u00e9 !<\/h2>\n<div class=\"a-section a-spacing-none premium-background-wrapper\">\n<div class=\"a-section a-spacing-none background-image\"><img decoding=\"async\" class=\"\" src=\"https:\/\/m.media-amazon.com\/images\/S\/aplus-media-library-service-media\/b6c2001a-9f64-486a-86b8-e39bbfe8d987.__CR0,0,1464,600_PT0_SX1464_V1___.jpg\" alt=\"sliding gate opener automatic door operator remote control motor rack driven\" data-src=\"https:\/\/m.media-amazon.com\/images\/S\/aplus-media-library-service-media\/b6c2001a-9f64-486a-86b8-e39bbfe8d987.__CR0,0,1464,600_PT0_SX1464_V1___.jpg\" \/><img decoding=\"async\" class=\"\" style=\"font-size: 14px;\" src=\"https:\/\/m.media-amazon.com\/images\/S\/aplus-media-library-service-media\/eb694237-7dcd-43df-bed4-f75e3651112f.__CR0,0,1464,600_PT0_SX1464_V1___.jpg\" alt=\"sliding gate opener rack driven automatic door operator motor\" data-src=\"https:\/\/m.media-amazon.com\/images\/S\/aplus-media-library-service-media\/eb694237-7dcd-43df-bed4-f75e3651112f.__CR0,0,1464,600_PT0_SX1464_V1___.jpg\" \/><\/div>\n<\/div>\n<\/div>\n<div class=\"celwidget aplus-module premium-module-2-fullbackground-image aplus-premium\" data-csa-c-id=\"rz5gwx-3xmlm1-qkggif-kjnsc7\">\n<div class=\"a-section a-spacing-none premium-aplus premium-aplus-module-2\">\n<div class=\"a-section a-text-center\"><span style=\"font-size: 30px;\">Des performances \u00e9lev\u00e9es dans un design \u00e9pur\u00e9<\/span><\/div>\n<\/div>\n<\/div>\n<div class=\"celwidget aplus-module premium-module-2-fullbackground-image aplus-premium\" data-csa-c-id=\"rg02z5-by5edl-ivzy03-mkrp1e\">\n<div class=\"a-section a-spacing-none premium-aplus premium-aplus-module-2\">\n<div class=\"a-section a-spacing-none premium-background-wrapper\">\n<div class=\"a-section a-spacing-none background-image\"><img decoding=\"async\" class=\"\" src=\"https:\/\/m.media-amazon.com\/images\/S\/aplus-media-library-service-media\/2d290c33-c02d-46c6-be84-009a127c1747.__CR0,0,1464,600_PT0_SX1464_V1___.jpg\" alt=\"sliding gate opener rack driven automatic door operator remote control secure system\" data-src=\"https:\/\/m.media-amazon.com\/images\/S\/aplus-media-library-service-media\/2d290c33-c02d-46c6-be84-009a127c1747.__CR0,0,1464,600_PT0_SX1464_V1___.jpg\" \/><\/div>\n<\/div>\n<div class=\"a-section a-text-center\">\n<p class=\"aplus-description aplus-container-3 aplus-p1\"><span class=\"a-text-bold\"><u>Caract\u00e9ristiques:<\/u><\/span>\u00a0Alimentation \u00e9lectrique :\u00a0<span class=\"a-text-bold\">CA 110~120 V<\/span>; Puissance du moteur :\u00a0<span class=\"a-text-bold\">130 W<\/span>; Poids de levage max. :\u00a0<span class=\"a-text-bold\">900 lb<\/span>; Couple de sortie :\u00a0<span class=\"a-text-bold\">12 N.m<\/span>; Vitesse de d\u00e9placement :\u00a0<span class=\"a-text-bold\">40 pi\/min<\/span>; Port\u00e9e de la t\u00e9l\u00e9commande :\u00a0<span class=\"a-text-bold\">\u2265100 pi<\/span>; Fr\u00e9quence:\u00a0<span class=\"a-text-bold\">433,92 MHz<\/span>; Capacit\u00e9 \u00e0 distance :\u00a0<span class=\"a-text-bold\">100 pi\u00e8ces<\/span>\u00a0(2 sont inclus).<\/p>\n<\/div>\n<\/div>\n<\/div>\n<div class=\"celwidget aplus-module premium-module-3-four-column-images aplus-premium\" data-csa-c-id=\"7a5cta-ex7k73-mwcd1i-8is54j\">\n<div class=\"a-section a-spacing-none premium-aplus premium-aplus-module-3 aplus-container-1\">\n<h2 class=\"a-text-center premium-module-3-heading aplus-h1 a-text-bold\">Con\u00e7u pour la commodit\u00e9 et la r\u00e9sistance<\/h2>\n<div class=\"a-section a-spacing-none premium-aplus-four-column\">\n<div class=\"a-section a-spacing-none premium-aplus-column\">\n<div class=\"a-section a-spacing-none {'column-image'}\"><img decoding=\"async\" class=\"\" src=\"https:\/\/m.media-amazon.com\/images\/S\/aplus-media-library-service-media\/b8e5c5c5-3346-4751-af21-d5b18d731e7d.__CR0,0,300,225_PT0_SX300_V1___.jpg\" alt=\"rack driven slide gate opener\" data-src=\"https:\/\/m.media-amazon.com\/images\/S\/aplus-media-library-service-media\/b8e5c5c5-3346-4751-af21-d5b18d731e7d.__CR0,0,300,225_PT0_SX300_V1___.jpg\" \/><\/div>\n<div class=\"a-section a-spacing-none column-heading\">\n<h2 class=\"aplus-h3 a-text-bold\">Compatible avec deux types de rack<\/h2>\n<\/div>\n<div class=\"a-section a-spacing-none column-description\">\n<p class=\"aplus-p3\">Compatible avec\u00a0<span class=\"a-text-bold\">nylon<\/span>\u00a0et\u00a0<span class=\"a-text-bold\">fer galvanis\u00e9<\/span>\u00a0racks, disponibles \u00e0 l&#039;achat s\u00e9par\u00e9.<\/p>\n<\/div>\n<\/div>\n<div class=\"a-section a-spacing-none premium-aplus-column\">\n<div class=\"a-section a-spacing-none {'column-image'}\"><img decoding=\"async\" class=\"\" src=\"https:\/\/m.media-amazon.com\/images\/S\/aplus-media-library-service-media\/8151cc2b-438b-4352-ac39-63b611bc63ab.__CR0,0,300,225_PT0_SX300_V1___.jpg\" alt=\"steel base for sliding gate opener\" data-src=\"https:\/\/m.media-amazon.com\/images\/S\/aplus-media-library-service-media\/8151cc2b-438b-4352-ac39-63b611bc63ab.__CR0,0,300,225_PT0_SX300_V1___.jpg\" \/><\/div>\n<div class=\"a-section a-spacing-none column-heading\">\n<h2 class=\"aplus-h3 a-text-bold\">Base en m\u00e9tal renforc\u00e9<\/h2>\n<\/div>\n<div class=\"a-section a-spacing-none column-description\">\n<p class=\"aplus-p3\">\u00c9paissie et sur\u00e9lev\u00e9e\u00a0<span class=\"a-text-bold\">base en m\u00e9tal<\/span>\u00a0assure la stabilit\u00e9, la durabilit\u00e9 et la r\u00e9sistance \u00e0 la d\u00e9formation.<\/p>\n<\/div>\n<\/div>\n<div class=\"a-section a-spacing-none premium-aplus-column\">\n<div class=\"a-section a-spacing-none {'column-image'}\"><img decoding=\"async\" class=\"\" src=\"https:\/\/m.media-amazon.com\/images\/S\/aplus-media-library-service-media\/efa08402-9ddf-4f99-9431-a5b663425567.__CR0,0,300,225_PT0_SX300_V1___.jpg\" alt=\"manual release key hex clutch\" data-src=\"https:\/\/m.media-amazon.com\/images\/S\/aplus-media-library-service-media\/efa08402-9ddf-4f99-9431-a5b663425567.__CR0,0,300,225_PT0_SX300_V1___.jpg\" \/><\/div>\n<div class=\"a-section a-spacing-none column-heading\">\n<h2 class=\"aplus-h3 a-text-bold\">Outil d&#039;urgence manuel<\/h2>\n<\/div>\n<div class=\"a-section a-spacing-none column-description\">\n<p class=\"aplus-p3\">Comprend un\u00a0<span class=\"a-text-bold\">cl\u00e9 hexagonale pour embrayage manuel<\/span>\u00a0fonctionnement, permettant un d\u00e9placement ais\u00e9 du portail en cas de panne de courant.<\/p>\n<\/div>\n<\/div>\n<div class=\"a-section a-spacing-none premium-aplus-column\">\n<div class=\"a-section a-spacing-none {'column-image'}\"><img decoding=\"async\" class=\"\" src=\"https:\/\/m.media-amazon.com\/images\/S\/aplus-media-library-service-media\/33734312-eab5-498f-9b3f-1dc76a1d4ecc.__CR0,0,300,225_PT0_SX300_V1___.jpg\" alt=\"magnet limit switch\" data-src=\"https:\/\/m.media-amazon.com\/images\/S\/aplus-media-library-service-media\/33734312-eab5-498f-9b3f-1dc76a1d4ecc.__CR0,0,300,225_PT0_SX300_V1___.jpg\" \/><\/div>\n<div class=\"a-section a-spacing-none column-heading\">\n<h2 class=\"aplus-h3 a-text-bold\">Blocs de limite bicolores<\/h2>\n<\/div>\n<div class=\"a-section a-spacing-none column-description\">\n<p class=\"aplus-p3\">Bicolore\u00a0<span class=\"a-text-bold\">blocs de limite magn\u00e9tiques<\/span>\u00a0(BLEU pour OUVERT, ROUGE pour FERM\u00c9) facilitent l&#039;identification et l&#039;installation.<\/p>\n<\/div>\n<\/div>\n<\/div>\n<\/div>\n<\/div>\n<div class=\"celwidget aplus-module premium-module-2-fullbackground-image aplus-premium\" data-csa-c-id=\"xuabo3-8h39px-jsazsx-tlzl2e\">\n<div class=\"a-section a-spacing-none premium-aplus premium-aplus-module-2\">\n<h2 class=\"a-text-center aplus-container-3 aplus-h1 a-text-bold\">Accessoires complets pour une installation facile<\/h2>\n<div class=\"a-section a-spacing-none premium-background-wrapper\">\n<div class=\"a-section a-spacing-none background-image\"><img decoding=\"async\" class=\"\" src=\"https:\/\/m.media-amazon.com\/images\/S\/aplus-media-library-service-media\/7673907d-aa21-4c57-9f80-272f047f1af3.__CR0,0,1464,600_PT0_SX1464_V1___.jpg\" alt=\"full accessories hardware kits installation door opener\" data-src=\"https:\/\/m.media-amazon.com\/images\/S\/aplus-media-library-service-media\/7673907d-aa21-4c57-9f80-272f047f1af3.__CR0,0,1464,600_PT0_SX1464_V1___.jpg\" \/><\/div>\n<\/div>\n<div class=\"a-section a-text-center\">\n<p class=\"aplus-description aplus-container-3 aplus-p1\">1.\u00a0<span class=\"a-text-bold\">\u00c9tag\u00e8res<\/span>\u00a0et\u00a0<span class=\"a-text-bold\">capteurs infrarouges<\/span>\u00a0sont disponibles \u00e0 l&#039;achat selon vos besoins, offrant plus d&#039;options de bricolage. 2. Le\u00a0<span class=\"a-text-bold\">t\u00e9l\u00e9commande<\/span>\u00a0fonctionne sur un\u00a0<span class=\"a-text-bold\">433,92 MHz<\/span>\u00a0fr\u00e9quence et utilise\u00a0<span class=\"a-text-bold\">code tournant\u00a0<\/span>Technologie pour une s\u00e9curit\u00e9 renforc\u00e9e. Veuillez confirmer votre achat avant toute demande.<\/p>\n<\/div>\n<\/div>\n<\/div>\n<div class=\"celwidget aplus-module premium-module-2-fullbackground-image aplus-premium\" data-csa-c-id=\"3l1jul-aauhza-evlxyy-ing8rc\">\n<div class=\"a-section a-spacing-none premium-aplus premium-aplus-module-2\">\n<h2 class=\"a-text-center aplus-container-3 aplus-h1 a-text-bold\">Support avant et apr\u00e8s-vente fiable<\/h2>\n<div class=\"a-section a-spacing-none premium-background-wrapper\">\n<div class=\"a-section a-spacing-none background-image\"><img decoding=\"async\" class=\"\" src=\"https:\/\/m.media-amazon.com\/images\/S\/aplus-media-library-service-media\/0e31f724-534a-4985-b5a6-f6064d737e4f.__CR0,0,1464,600_PT0_SX1464_V1___.jpg\" alt=\"efficient aftersales service sliding gate motor\" data-src=\"https:\/\/m.media-amazon.com\/images\/S\/aplus-media-library-service-media\/0e31f724-534a-4985-b5a6-f6064d737e4f.__CR0,0,1464,600_PT0_SX1464_V1___.jpg\" \/><\/div>\n<\/div>\n<\/div>\n<\/div>","protected":false},"excerpt":{"rendered":"<p>Ouvre-portail coulissant \u00e0 cr\u00e9maill\u00e8re de 900 lb avec 2 t\u00e9l\u00e9commandes et kit de quincaillerie (cr\u00e9maill\u00e8res NON incluses)<\/p>","protected":false},"featured_media":1256,"comment_status":"open","ping_status":"closed","template":"","meta":[],"product_brand":[33],"product_cat":[82,20],"product_tag":[],"class_list":{"0":"post-310","1":"product","2":"type-product","3":"status-publish","4":"has-post-thumbnail","6":"product_brand-blutezeit","7":"product_cat-ac-sliding-gate-openers","8":"product_cat-gate-openers","10":"first","11":"instock","12":"sale","13":"shipping-taxable","14":"purchasable","15":"product-type-simple"},"yoast_head":"<!-- This site is optimized with the Yoast SEO plugin v26.4 - https:\/\/yoast.com\/wordpress\/plugins\/seo\/ -->\n<title>MJ-300 Sliding Gate Opener (900lb, No Racks) - Bl\u00fctezeit<\/title>\n<meta name=\"robots\" content=\"index, follow, max-snippet:-1, max-image-preview:large, max-video-preview:-1\" \/>\n<link rel=\"canonical\" href=\"https:\/\/www.blutezeit.com\/fr\/produit\/mj-300-sliding-gate-opener-900lb-remote-hardware-kit\/\" \/>\n<meta property=\"og:locale\" content=\"fr_FR\" \/>\n<meta property=\"og:type\" content=\"article\" \/>\n<meta property=\"og:title\" content=\"MJ-300 Sliding Gate Opener (900lb, No Racks) - Bl\u00fctezeit\" \/>\n<meta property=\"og:description\" content=\"900lb rack-drive sliding gate opener with 2 remotes and hardware kit (racks NOT included)\" \/>\n<meta property=\"og:url\" content=\"https:\/\/www.blutezeit.com\/fr\/produit\/mj-300-sliding-gate-opener-900lb-remote-hardware-kit\/\" \/>\n<meta property=\"og:site_name\" content=\"Bl\u00fctezeit\" \/>\n<meta property=\"article:modified_time\" content=\"2026-01-19T11:00:01+00:00\" \/>\n<meta property=\"og:image\" content=\"http:\/\/www.blutezeit.com\/wp-content\/uploads\/2025\/12\/Sliding-Gate-Opener-300KG-Main-2-scaled-1.jpg\" \/>\n\t<meta property=\"og:image:width\" content=\"2560\" \/>\n\t<meta property=\"og:image:height\" content=\"2560\" \/>\n\t<meta property=\"og:image:type\" content=\"image\/jpeg\" \/>\n<meta name=\"twitter:card\" content=\"summary_large_image\" \/>\n<meta name=\"twitter:label1\" content=\"Dur\u00e9e de lecture estim\u00e9e\" \/>\n\t<meta name=\"twitter:data1\" content=\"3 minutes\" \/>\n<script type=\"application\/ld+json\" class=\"yoast-schema-graph\">{\"@context\":\"https:\/\/schema.org\",\"@graph\":[{\"@type\":\"WebPage\",\"@id\":\"https:\/\/www.blutezeit.com\/product\/mj-300-sliding-gate-opener-900lb-remote-hardware-kit\/\",\"url\":\"https:\/\/www.blutezeit.com\/product\/mj-300-sliding-gate-opener-900lb-remote-hardware-kit\/\",\"name\":\"MJ-300 Sliding Gate Opener (900lb, No Racks) - Bl\u00fctezeit\",\"isPartOf\":{\"@id\":\"https:\/\/www.blutezeit.com\/pt\/#website\"},\"primaryImageOfPage\":{\"@id\":\"https:\/\/www.blutezeit.com\/product\/mj-300-sliding-gate-opener-900lb-remote-hardware-kit\/#primaryimage\"},\"image\":{\"@id\":\"https:\/\/www.blutezeit.com\/product\/mj-300-sliding-gate-opener-900lb-remote-hardware-kit\/#primaryimage\"},\"thumbnailUrl\":\"https:\/\/www.blutezeit.com\/wp-content\/uploads\/2025\/12\/Sliding-Gate-Opener-300KG-Main-2-scaled-1.jpg\",\"datePublished\":\"2025-07-12T03:43:12+00:00\",\"dateModified\":\"2026-01-19T11:00:01+00:00\",\"breadcrumb\":{\"@id\":\"https:\/\/www.blutezeit.com\/product\/mj-300-sliding-gate-opener-900lb-remote-hardware-kit\/#breadcrumb\"},\"inLanguage\":\"fr-FR\",\"potentialAction\":[{\"@type\":\"ReadAction\",\"target\":[\"https:\/\/www.blutezeit.com\/product\/mj-300-sliding-gate-opener-900lb-remote-hardware-kit\/\"]}]},{\"@type\":\"ImageObject\",\"inLanguage\":\"fr-FR\",\"@id\":\"https:\/\/www.blutezeit.com\/product\/mj-300-sliding-gate-opener-900lb-remote-hardware-kit\/#primaryimage\",\"url\":\"https:\/\/www.blutezeit.com\/wp-content\/uploads\/2025\/12\/Sliding-Gate-Opener-300KG-Main-2-scaled-1.jpg\",\"contentUrl\":\"https:\/\/www.blutezeit.com\/wp-content\/uploads\/2025\/12\/Sliding-Gate-Opener-300KG-Main-2-scaled-1.jpg\",\"width\":2560,\"height\":2560},{\"@type\":\"BreadcrumbList\",\"@id\":\"https:\/\/www.blutezeit.com\/product\/mj-300-sliding-gate-opener-900lb-remote-hardware-kit\/#breadcrumb\",\"itemListElement\":[{\"@type\":\"ListItem\",\"position\":1,\"name\":\"\u9996\u9875\",\"item\":\"https:\/\/www.blutezeit.com\/pt\/\"},{\"@type\":\"ListItem\",\"position\":2,\"name\":\"Product\",\"item\":\"https:\/\/www.blutezeit.com\/pt\/shop\/\"},{\"@type\":\"ListItem\",\"position\":3,\"name\":\"MJ-300 Sliding Gate Opener (900lb, No Racks)\"}]},{\"@type\":\"WebSite\",\"@id\":\"https:\/\/www.blutezeit.com\/pt\/#website\",\"url\":\"https:\/\/www.blutezeit.com\/pt\/\",\"name\":\"Bl\u00fctezeit\",\"description\":\"Smart &amp; Solar Gate Opener Systems\",\"potentialAction\":[{\"@type\":\"SearchAction\",\"target\":{\"@type\":\"EntryPoint\",\"urlTemplate\":\"https:\/\/www.blutezeit.com\/pt\/?s={search_term_string}\"},\"query-input\":{\"@type\":\"PropertyValueSpecification\",\"valueRequired\":true,\"valueName\":\"search_term_string\"}}],\"inLanguage\":\"fr-FR\"}]}<\/script>\n<!-- \/ Yoast SEO plugin. -->","yoast_head_json":{"title":"MJ-300 Sliding Gate Opener (900lb, No Racks) - Bl\u00fctezeit","robots":{"index":"index","follow":"follow","max-snippet":"max-snippet:-1","max-image-preview":"max-image-preview:large","max-video-preview":"max-video-preview:-1"},"canonical":"https:\/\/www.blutezeit.com\/fr\/produit\/mj-300-sliding-gate-opener-900lb-remote-hardware-kit\/","og_locale":"fr_FR","og_type":"article","og_title":"MJ-300 Sliding Gate Opener (900lb, No Racks) - Bl\u00fctezeit","og_description":"900lb rack-drive sliding gate opener with 2 remotes and hardware kit (racks NOT included)","og_url":"https:\/\/www.blutezeit.com\/fr\/produit\/mj-300-sliding-gate-opener-900lb-remote-hardware-kit\/","og_site_name":"Bl\u00fctezeit","article_modified_time":"2026-01-19T11:00:01+00:00","og_image":[{"width":2560,"height":2560,"url":"http:\/\/www.blutezeit.com\/wp-content\/uploads\/2025\/12\/Sliding-Gate-Opener-300KG-Main-2-scaled-1.jpg","type":"image\/jpeg"}],"twitter_card":"summary_large_image","twitter_misc":{"Dur\u00e9e de lecture estim\u00e9e":"3 minutes"},"schema":{"@context":"https:\/\/schema.org","@graph":[{"@type":"WebPage","@id":"https:\/\/www.blutezeit.com\/product\/mj-300-sliding-gate-opener-900lb-remote-hardware-kit\/","url":"https:\/\/www.blutezeit.com\/product\/mj-300-sliding-gate-opener-900lb-remote-hardware-kit\/","name":"MJ-300 Sliding Gate Opener (900lb, No Racks) - Bl\u00fctezeit","isPartOf":{"@id":"https:\/\/www.blutezeit.com\/pt\/#website"},"primaryImageOfPage":{"@id":"https:\/\/www.blutezeit.com\/product\/mj-300-sliding-gate-opener-900lb-remote-hardware-kit\/#primaryimage"},"image":{"@id":"https:\/\/www.blutezeit.com\/product\/mj-300-sliding-gate-opener-900lb-remote-hardware-kit\/#primaryimage"},"thumbnailUrl":"https:\/\/www.blutezeit.com\/wp-content\/uploads\/2025\/12\/Sliding-Gate-Opener-300KG-Main-2-scaled-1.jpg","datePublished":"2025-07-12T03:43:12+00:00","dateModified":"2026-01-19T11:00:01+00:00","breadcrumb":{"@id":"https:\/\/www.blutezeit.com\/product\/mj-300-sliding-gate-opener-900lb-remote-hardware-kit\/#breadcrumb"},"inLanguage":"fr-FR","potentialAction":[{"@type":"ReadAction","target":["https:\/\/www.blutezeit.com\/product\/mj-300-sliding-gate-opener-900lb-remote-hardware-kit\/"]}]},{"@type":"ImageObject","inLanguage":"fr-FR","@id":"https:\/\/www.blutezeit.com\/product\/mj-300-sliding-gate-opener-900lb-remote-hardware-kit\/#primaryimage","url":"https:\/\/www.blutezeit.com\/wp-content\/uploads\/2025\/12\/Sliding-Gate-Opener-300KG-Main-2-scaled-1.jpg","contentUrl":"https:\/\/www.blutezeit.com\/wp-content\/uploads\/2025\/12\/Sliding-Gate-Opener-300KG-Main-2-scaled-1.jpg","width":2560,"height":2560},{"@type":"BreadcrumbList","@id":"https:\/\/www.blutezeit.com\/product\/mj-300-sliding-gate-opener-900lb-remote-hardware-kit\/#breadcrumb","itemListElement":[{"@type":"ListItem","position":1,"name":"\u9996\u9875","item":"https:\/\/www.blutezeit.com\/pt\/"},{"@type":"ListItem","position":2,"name":"Product","item":"https:\/\/www.blutezeit.com\/pt\/shop\/"},{"@type":"ListItem","position":3,"name":"MJ-300 Sliding Gate Opener (900lb, No Racks)"}]},{"@type":"WebSite","@id":"https:\/\/www.blutezeit.com\/pt\/#website","url":"https:\/\/www.blutezeit.com\/pt\/","name":"Fleur","description":"Syst\u00e8mes d&#039;ouverture de portail intelligents et solaires","potentialAction":[{"@type":"SearchAction","target":{"@type":"EntryPoint","urlTemplate":"https:\/\/www.blutezeit.com\/pt\/?s={search_term_string}"},"query-input":{"@type":"PropertyValueSpecification","valueRequired":true,"valueName":"search_term_string"}}],"inLanguage":"fr-FR"}]}},"_links":{"self":[{"href":"https:\/\/www.blutezeit.com\/fr\/wp-json\/wp\/v2\/product\/310","targetHints":{"allow":["GET"]}}],"collection":[{"href":"https:\/\/www.blutezeit.com\/fr\/wp-json\/wp\/v2\/product"}],"about":[{"href":"https:\/\/www.blutezeit.com\/fr\/wp-json\/wp\/v2\/types\/product"}],"replies":[{"embeddable":true,"href":"https:\/\/www.blutezeit.com\/fr\/wp-json\/wp\/v2\/comments?post=310"}],"wp:featuredmedia":[{"embeddable":true,"href":"https:\/\/www.blutezeit.com\/fr\/wp-json\/wp\/v2\/media\/1256"}],"wp:attachment":[{"href":"https:\/\/www.blutezeit.com\/fr\/wp-json\/wp\/v2\/media?parent=310"}],"wp:term":[{"taxonomy":"product_brand","embeddable":true,"href":"https:\/\/www.blutezeit.com\/fr\/wp-json\/wp\/v2\/product_brand?post=310"},{"taxonomy":"product_cat","embeddable":true,"href":"https:\/\/www.blutezeit.com\/fr\/wp-json\/wp\/v2\/product_cat?post=310"},{"taxonomy":"product_tag","embeddable":true,"href":"https:\/\/www.blutezeit.com\/fr\/wp-json\/wp\/v2\/product_tag?post=310"}],"curies":[{"name":"wp","href":"https:\/\/api.w.org\/{rel}","templated":true}]}}