{"id":309,"date":"2025-07-12T03:43:12","date_gmt":"2025-07-12T03:43:12","guid":{"rendered":"https:\/\/www.blutezeit.com\/?post_type=product&#038;p=309"},"modified":"2026-03-18T08:14:12","modified_gmt":"2026-03-18T08:14:12","slug":"mrk6s-steel-gear-rack-20ft-6pcs-heavy-duty-gate","status":"publish","type":"product","link":"https:\/\/www.blutezeit.com\/fr\/produit\/mrk6s-steel-gear-rack-20ft-6pcs-heavy-duty-gate\/","title":{"rendered":"Cr\u00e9maill\u00e8re en acier 19,68 pi (3,28 pi\/pi\u00e8ce, 6 pi\u00e8ces)"},"content":{"rendered":"<div class=\"celwidget aplus-module premium-module-2-fullbackground-image aplus-premium\" data-csa-c-id=\"nimacg-vwd4ix-s8cgoo-ihp9d7\" data-cel-widget=\"aplus-premium-module-2-fullbackground-image\">\n<div class=\"a-section a-spacing-none premium-aplus premium-aplus-module-2\">\n<h1 class=\"a-text-center aplus-container-3 aplus-h1 a-text-bold\">Cr\u00e9maill\u00e8res Bl\u00fctezeit pour ouvre-portail coulissant<\/h1>\n<div class=\"a-section a-spacing-none premium-background-wrapper\">\n<div class=\"a-section a-spacing-none background-image\"><img decoding=\"async\" class=\"\" src=\"https:\/\/m.media-amazon.com\/images\/S\/aplus-media-library-service-media\/5e675483-6af1-490f-af62-c180a9e73c0f.__CR0,0,2000,820_PT0_SX1464_V1___.jpg\" alt=\"steel gear racks for sliding gate opener driveway heavy duty\" data-src=\"https:\/\/m.media-amazon.com\/images\/S\/aplus-media-library-service-media\/5e675483-6af1-490f-af62-c180a9e73c0f.__CR0,0,2000,820_PT0_SX1464_V1___.jpg\" \/><\/div>\n<\/div>\n<div class=\"a-section a-text-center\">\n<p class=\"aplus-description aplus-container-3 aplus-p1\">*\u00a0<span class=\"a-text-bold\">Fabriqu\u00e9 en acier galvanis\u00e9 de haute qualit\u00e9<\/span>\u00a0\u2013 R\u00e9sistant aux intemp\u00e9ries, antirouille et con\u00e7u pour durer.*\u00a0<span class=\"a-text-bold\">Conception pilot\u00e9e par rack<\/span>\u00a0\u2013 Offre un aspect \u00e9pur\u00e9, un mouvement plus fluide et un fonctionnement plus silencieux avec moins d\u2019entretien.*\u00a0<span class=\"a-text-bold\">Soudure requise<\/span>\u00a0\u2013 Les \u00e9crous (inclus) doivent \u00eatre soud\u00e9s au cadre du portail pour une installation s\u00e9curis\u00e9e.<\/p>\n<\/div>\n<\/div>\n<\/div>\n<div class=\"celwidget aplus-module premium-module-16-tech-specs aplus-premium\" data-csa-c-id=\"vmoo8d-y0lksz-59yecw-sijfa8\" data-cel-widget=\"aplus-premium-module-16-tech-specs\">\n<div class=\"a-section a-spacing-none aplus-index-1 premium-aplus premium-aplus-module-16 aplus-container-3\">\n<h3 class=\"a-size-extra-large a-spacing-base a-text-center\">Sp\u00e9cification<\/h3>\n<div class=\"a-row\">\n<div class=\"a-column a-span6\">\n<table class=\"a-bordered a-horizontal-stripes aplus-tech-spec-table\">\n<tbody>\n<tr>\n<td class=\"a-text-bold\">Longueur du rack (chacun)<\/td>\n<td>3,28 pieds (1 m\u00e8tre) par pi\u00e8ce<\/td>\n<\/tr>\n<tr>\n<td class=\"a-text-bold\">Longueur totale du rack<\/td>\n<td>19,7 pieds (6 m\u00e8tres, 6 pi\u00e8ces au total)<\/td>\n<\/tr>\n<tr>\n<td class=\"a-text-bold\">Dimensions<\/td>\n<td>39,37\u2033 x 1,18\u2033 x 0,32\u2033 (1000 x 30 x 8 mm)<\/td>\n<\/tr>\n<tr>\n<td class=\"a-text-bold\">Poids (par rack)<\/td>\n<td>Environ 3,3 lb par pi\u00e8ce<\/td>\n<\/tr>\n<\/tbody>\n<\/table>\n<\/div>\n<div class=\"a-column a-span6 a-span-last\">\n<table class=\"a-bordered a-horizontal-stripes aplus-tech-spec-table\">\n<tbody>\n<tr>\n<td class=\"a-text-bold\">Mat\u00e9riel de montage<\/td>\n<td>18 boulons (3 par section de rack)<\/td>\n<\/tr>\n<tr>\n<td class=\"a-text-bold\">Pas<\/td>\n<td>0,512 pouce \/ 13 mm<\/td>\n<\/tr>\n<tr>\n<td class=\"a-text-bold\">Compatibilit\u00e9<\/td>\n<td>Compatible avec tous les ouvre-portails coulissants Bl\u00fctezeit<\/td>\n<\/tr>\n<tr>\n<td class=\"a-text-bold\">Notes d&#039;installation<\/td>\n<td>Les \u00e9crous doivent \u00eatre soud\u00e9s \u00e0 la porte, et non \u00e0 la cr\u00e9maill\u00e8re elle-m\u00eame.<\/td>\n<\/tr>\n<\/tbody>\n<\/table>\n<\/div>\n<\/div>\n<\/div>\n<\/div>\n<div class=\"celwidget aplus-module premium-module-2-fullbackground-image aplus-premium\" data-csa-c-id=\"r7l7f3-jqnmgn-am7fa8-xw2aee\" data-cel-widget=\"aplus-premium-module-2-fullbackground-image\">\n<div class=\"a-section a-spacing-none premium-aplus premium-aplus-module-2\">\n<h1 class=\"a-text-center aplus-container-3 aplus-h1 a-text-bold\">Acier galvanis\u00e9 massif robuste<\/h1>\n<div class=\"a-section a-spacing-none premium-background-wrapper\">\n<div class=\"a-section a-spacing-none background-image\"><img decoding=\"async\" class=\"\" src=\"https:\/\/m.media-amazon.com\/images\/S\/aplus-media-library-service-media\/b9865b6d-8e25-4557-b138-c4a6edbc7c19.__CR0,0,1464,600_PT0_SX1464_V1___.jpg\" alt=\"sliding gate opener rack drive gear racks solid driveway accessory hardware kit\" data-src=\"https:\/\/m.media-amazon.com\/images\/S\/aplus-media-library-service-media\/b9865b6d-8e25-4557-b138-c4a6edbc7c19.__CR0,0,1464,600_PT0_SX1464_V1___.jpg\" \/><\/div>\n<\/div>\n<div class=\"a-section a-text-center\"><\/div>\n<\/div>\n<\/div>\n<div class=\"celwidget aplus-module premium-module-15-text aplus-premium\" data-csa-c-id=\"uftriz-cxfwjz-ub706d-4s55t3\" data-cel-widget=\"aplus-premium-module-15-text\">\n<div class=\"a-section a-spacing-none premium-aplus premium-aplus-module-15\">\n<div class=\"a-section a-spacing-none premium-aplus-15-heading\">\n<h1 class=\"premium-aplus-15-heading-text a-text-bold\">\u00c9tapes d&#039;installation d&#039;une cr\u00e9maill\u00e8re en acier<\/h1>\n<\/div>\n<div class=\"a-section a-spacing-none\">\n<ol class=\"a-ordered-list a-vertical\">\n<li><span class=\"a-list-item\"><span class=\"a-text-bold\">Alignez pr\u00e9cis\u00e9ment la premi\u00e8re section du rack<\/span>\u00a0Positionnez la premi\u00e8re section de cr\u00e9maill\u00e8re sur le cadre du portail et fixez-la fermement sur le pignon d&#039;entra\u00eenement du moteur. Assurez-vous que les dents du pignon s&#039;engr\u00e8nent parfaitement avec celles de la cr\u00e9maill\u00e8re pour un mouvement fluide et un contact optimal.<\/span><\/li>\n<li><span class=\"a-list-item\"><span class=\"a-text-bold\">Niveler le rack<\/span>\u00a0Utilisez un niveau \u00e0 bulle pour v\u00e9rifier que le rack est parfaitement horizontal.<span class=\"a-text-bold\">\u00a0<\/span><span class=\"a-text-italic\"><span class=\"a-text-bold\">Conseil:\u00a0<\/span>Maintenez un petit jeu (1 \u00e0 2 mm) entre l&#039;engrenage et la cr\u00e9maill\u00e8re pour permettre la dilatation thermique et \u00e9viter les frottements inutiles.<\/span><\/span><\/li>\n<li><span class=\"a-list-item\"><span class=\"a-text-bold\">Test du mouvement manuel<\/span>\u00a0Faites glisser d\u00e9licatement le portail \u00e0 la main le long du rail pour v\u00e9rifier l&#039;absence de points de blocage ou de d\u00e9salignement. La cr\u00e9maill\u00e8re doit se d\u00e9placer librement et rester parfaitement engag\u00e9e dans le pignon d&#039;entra\u00eenement en tout point.<\/span><\/li>\n<li><span class=\"a-list-item\"><span class=\"a-text-bold\">Souder uniquement les \u00e9crous de montage<\/span>.\u00a0<span class=\"a-text-bold\">*<span class=\"a-text-italic\">\u00a0<u>NE PAS souder la cr\u00e9maill\u00e8re directement sur la porte<\/u>\u00a0<\/span>*\u00a0<\/span>Au lieu de cela, soudez le fourni\u00a0<span class=\"a-text-bold\">\u00e9crous de montage (inserts filet\u00e9s)<\/span>\u00a0Fixez la cr\u00e9maill\u00e8re \u00e0 la surface du portail aux points de fixation souhait\u00e9s. Une fois les \u00e9crous fix\u00e9s, utilisez les boulons fournis pour la fixer.<\/span><\/li>\n<li><span class=\"a-list-item\"><span class=\"a-text-bold\">Installer des sections de rack suppl\u00e9mentaires<\/span>\u00a0Alignez la pi\u00e8ce de cr\u00e9maill\u00e8re suivante avec la pr\u00e9c\u00e9dente en alignant parfaitement les dents, sans espace ni chevauchement. R\u00e9p\u00e9tez les \u00e9tapes ci-dessus pour chaque section jusqu&#039;\u00e0 ce que toute la longueur de la grille soit couverte.<\/span><\/li>\n<\/ol>\n<p>&nbsp;<\/p>\n<ul class=\"a-unordered-list a-vertical\">\n<li><span class=\"a-list-item\">Assurez un alignement coh\u00e9rent des dents entre les segments de cr\u00e9maill\u00e8re pour \u00e9viter tout blocage pendant le mouvement de la porte.<\/span><\/li>\n<li><span class=\"a-list-item\">Une fois l&#039;installation termin\u00e9e, testez l&#039;ensemble du syst\u00e8me avec l&#039;ouvre-porte pour garantir un fonctionnement fluide, silencieux et stable.<\/span><\/li>\n<li><span class=\"a-list-item\">Utilisez une peinture antirouille ou un rev\u00eatement protecteur sur les points soud\u00e9s si n\u00e9cessaire pour une durabilit\u00e9 \u00e0 long terme en ext\u00e9rieur.<\/span><\/li>\n<li><span class=\"a-list-item\"><span class=\"a-text-bold\">NE PAS souder les boulons<\/span>\u00a0au support ou au portail. \u00c0 utiliser uniquement pour la fixation.<\/span><\/li>\n<li><span class=\"a-list-item\"><span class=\"a-text-bold\">NE PAS souder deux sections de rack ensemble.<\/span>\u00a0Alignez-les pr\u00e9cis\u00e9ment et boulonnez chacun individuellement.<\/span><\/li>\n<\/ul>\n<\/div>\n<\/div>\n<\/div>","protected":false},"excerpt":{"rendered":"<p>Cr\u00e9maill\u00e8re en acier galvanis\u00e9 de 8 mm, compos\u00e9e de 6 sections de 3,28 pi (19,7 pi au total) avec mat\u00e9riel de montage pour syst\u00e8mes de portails coulissants robustes<\/p>","protected":false},"featured_media":533,"comment_status":"open","ping_status":"closed","template":"","meta":[],"product_brand":[33],"product_cat":[22,31],"product_tag":[],"class_list":{"0":"post-309","1":"product","2":"type-product","3":"status-publish","4":"has-post-thumbnail","6":"product_brand-blutezeit","7":"product_cat-accessories","8":"product_cat-gate-hardware","10":"first","11":"instock","12":"shipping-taxable","13":"purchasable","14":"product-type-simple"},"yoast_head":"<!-- This site is optimized with the Yoast SEO plugin v26.4 - https:\/\/yoast.com\/wordpress\/plugins\/seo\/ -->\n<title>Steel Gear Rack 19.68ft (3.28ft\/pc, 6pcs) - Bl\u00fctezeit<\/title>\n<meta name=\"robots\" content=\"index, follow, max-snippet:-1, max-image-preview:large, max-video-preview:-1\" \/>\n<link rel=\"canonical\" href=\"https:\/\/www.blutezeit.com\/fr\/produit\/mrk6s-steel-gear-rack-20ft-6pcs-heavy-duty-gate\/\" \/>\n<meta property=\"og:locale\" content=\"fr_FR\" \/>\n<meta property=\"og:type\" content=\"article\" \/>\n<meta property=\"og:title\" content=\"Steel Gear Rack 19.68ft (3.28ft\/pc, 6pcs) - Bl\u00fctezeit\" \/>\n<meta property=\"og:description\" content=\"8mm galvanized steel gear rack, 6\u00d73.28ft sections (total 19.7ft) with mounting hardware for heavy-duty sliding gate systems\" \/>\n<meta property=\"og:url\" content=\"https:\/\/www.blutezeit.com\/fr\/produit\/mrk6s-steel-gear-rack-20ft-6pcs-heavy-duty-gate\/\" \/>\n<meta property=\"og:site_name\" content=\"Bl\u00fctezeit\" \/>\n<meta property=\"article:modified_time\" content=\"2026-03-18T08:14:12+00:00\" \/>\n<meta property=\"og:image\" content=\"http:\/\/www.blutezeit.com\/wp-content\/uploads\/2025\/07\/Steel-Gear-Racks-6pcs-for-Sliding-Gate-Opener-1.jpg\" \/>\n\t<meta property=\"og:image:width\" content=\"1500\" \/>\n\t<meta property=\"og:image:height\" content=\"1500\" \/>\n\t<meta property=\"og:image:type\" content=\"image\/jpeg\" \/>\n<meta name=\"twitter:card\" content=\"summary_large_image\" \/>\n<meta name=\"twitter:label1\" content=\"Dur\u00e9e de lecture estim\u00e9e\" \/>\n\t<meta name=\"twitter:data1\" content=\"3 minutes\" \/>\n<script type=\"application\/ld+json\" class=\"yoast-schema-graph\">{\"@context\":\"https:\/\/schema.org\",\"@graph\":[{\"@type\":\"WebPage\",\"@id\":\"https:\/\/www.blutezeit.com\/product\/mrk6s-steel-gear-rack-20ft-6pcs-heavy-duty-gate\/\",\"url\":\"https:\/\/www.blutezeit.com\/product\/mrk6s-steel-gear-rack-20ft-6pcs-heavy-duty-gate\/\",\"name\":\"Steel Gear Rack 19.68ft (3.28ft\/pc, 6pcs) - Bl\u00fctezeit\",\"isPartOf\":{\"@id\":\"https:\/\/www.blutezeit.com\/pt\/#website\"},\"primaryImageOfPage\":{\"@id\":\"https:\/\/www.blutezeit.com\/product\/mrk6s-steel-gear-rack-20ft-6pcs-heavy-duty-gate\/#primaryimage\"},\"image\":{\"@id\":\"https:\/\/www.blutezeit.com\/product\/mrk6s-steel-gear-rack-20ft-6pcs-heavy-duty-gate\/#primaryimage\"},\"thumbnailUrl\":\"https:\/\/www.blutezeit.com\/wp-content\/uploads\/2025\/07\/Steel-Gear-Racks-6pcs-for-Sliding-Gate-Opener-1.jpg\",\"datePublished\":\"2025-07-12T03:43:12+00:00\",\"dateModified\":\"2026-03-18T08:14:12+00:00\",\"breadcrumb\":{\"@id\":\"https:\/\/www.blutezeit.com\/product\/mrk6s-steel-gear-rack-20ft-6pcs-heavy-duty-gate\/#breadcrumb\"},\"inLanguage\":\"fr-FR\",\"potentialAction\":[{\"@type\":\"ReadAction\",\"target\":[\"https:\/\/www.blutezeit.com\/product\/mrk6s-steel-gear-rack-20ft-6pcs-heavy-duty-gate\/\"]}]},{\"@type\":\"ImageObject\",\"inLanguage\":\"fr-FR\",\"@id\":\"https:\/\/www.blutezeit.com\/product\/mrk6s-steel-gear-rack-20ft-6pcs-heavy-duty-gate\/#primaryimage\",\"url\":\"https:\/\/www.blutezeit.com\/wp-content\/uploads\/2025\/07\/Steel-Gear-Racks-6pcs-for-Sliding-Gate-Opener-1.jpg\",\"contentUrl\":\"https:\/\/www.blutezeit.com\/wp-content\/uploads\/2025\/07\/Steel-Gear-Racks-6pcs-for-Sliding-Gate-Opener-1.jpg\",\"width\":1500,\"height\":1500},{\"@type\":\"BreadcrumbList\",\"@id\":\"https:\/\/www.blutezeit.com\/product\/mrk6s-steel-gear-rack-20ft-6pcs-heavy-duty-gate\/#breadcrumb\",\"itemListElement\":[{\"@type\":\"ListItem\",\"position\":1,\"name\":\"\u9996\u9875\",\"item\":\"https:\/\/www.blutezeit.com\/pt\/\"},{\"@type\":\"ListItem\",\"position\":2,\"name\":\"Product\",\"item\":\"https:\/\/www.blutezeit.com\/pt\/shop\/\"},{\"@type\":\"ListItem\",\"position\":3,\"name\":\"Steel Gear Rack 19.68ft (3.28ft\/pc, 6pcs)\"}]},{\"@type\":\"WebSite\",\"@id\":\"https:\/\/www.blutezeit.com\/pt\/#website\",\"url\":\"https:\/\/www.blutezeit.com\/pt\/\",\"name\":\"Bl\u00fctezeit\",\"description\":\"Smart &amp; Solar Gate Opener Systems\",\"potentialAction\":[{\"@type\":\"SearchAction\",\"target\":{\"@type\":\"EntryPoint\",\"urlTemplate\":\"https:\/\/www.blutezeit.com\/pt\/?s={search_term_string}\"},\"query-input\":{\"@type\":\"PropertyValueSpecification\",\"valueRequired\":true,\"valueName\":\"search_term_string\"}}],\"inLanguage\":\"fr-FR\"}]}<\/script>\n<!-- \/ Yoast SEO plugin. -->","yoast_head_json":{"title":"Steel Gear Rack 19.68ft (3.28ft\/pc, 6pcs) - Bl\u00fctezeit","robots":{"index":"index","follow":"follow","max-snippet":"max-snippet:-1","max-image-preview":"max-image-preview:large","max-video-preview":"max-video-preview:-1"},"canonical":"https:\/\/www.blutezeit.com\/fr\/produit\/mrk6s-steel-gear-rack-20ft-6pcs-heavy-duty-gate\/","og_locale":"fr_FR","og_type":"article","og_title":"Steel Gear Rack 19.68ft (3.28ft\/pc, 6pcs) - Bl\u00fctezeit","og_description":"8mm galvanized steel gear rack, 6\u00d73.28ft sections (total 19.7ft) with mounting hardware for heavy-duty sliding gate systems","og_url":"https:\/\/www.blutezeit.com\/fr\/produit\/mrk6s-steel-gear-rack-20ft-6pcs-heavy-duty-gate\/","og_site_name":"Bl\u00fctezeit","article_modified_time":"2026-03-18T08:14:12+00:00","og_image":[{"width":1500,"height":1500,"url":"http:\/\/www.blutezeit.com\/wp-content\/uploads\/2025\/07\/Steel-Gear-Racks-6pcs-for-Sliding-Gate-Opener-1.jpg","type":"image\/jpeg"}],"twitter_card":"summary_large_image","twitter_misc":{"Dur\u00e9e de lecture estim\u00e9e":"3 minutes"},"schema":{"@context":"https:\/\/schema.org","@graph":[{"@type":"WebPage","@id":"https:\/\/www.blutezeit.com\/product\/mrk6s-steel-gear-rack-20ft-6pcs-heavy-duty-gate\/","url":"https:\/\/www.blutezeit.com\/product\/mrk6s-steel-gear-rack-20ft-6pcs-heavy-duty-gate\/","name":"Steel Gear Rack 19.68ft (3.28ft\/pc, 6pcs) - Bl\u00fctezeit","isPartOf":{"@id":"https:\/\/www.blutezeit.com\/pt\/#website"},"primaryImageOfPage":{"@id":"https:\/\/www.blutezeit.com\/product\/mrk6s-steel-gear-rack-20ft-6pcs-heavy-duty-gate\/#primaryimage"},"image":{"@id":"https:\/\/www.blutezeit.com\/product\/mrk6s-steel-gear-rack-20ft-6pcs-heavy-duty-gate\/#primaryimage"},"thumbnailUrl":"https:\/\/www.blutezeit.com\/wp-content\/uploads\/2025\/07\/Steel-Gear-Racks-6pcs-for-Sliding-Gate-Opener-1.jpg","datePublished":"2025-07-12T03:43:12+00:00","dateModified":"2026-03-18T08:14:12+00:00","breadcrumb":{"@id":"https:\/\/www.blutezeit.com\/product\/mrk6s-steel-gear-rack-20ft-6pcs-heavy-duty-gate\/#breadcrumb"},"inLanguage":"fr-FR","potentialAction":[{"@type":"ReadAction","target":["https:\/\/www.blutezeit.com\/product\/mrk6s-steel-gear-rack-20ft-6pcs-heavy-duty-gate\/"]}]},{"@type":"ImageObject","inLanguage":"fr-FR","@id":"https:\/\/www.blutezeit.com\/product\/mrk6s-steel-gear-rack-20ft-6pcs-heavy-duty-gate\/#primaryimage","url":"https:\/\/www.blutezeit.com\/wp-content\/uploads\/2025\/07\/Steel-Gear-Racks-6pcs-for-Sliding-Gate-Opener-1.jpg","contentUrl":"https:\/\/www.blutezeit.com\/wp-content\/uploads\/2025\/07\/Steel-Gear-Racks-6pcs-for-Sliding-Gate-Opener-1.jpg","width":1500,"height":1500},{"@type":"BreadcrumbList","@id":"https:\/\/www.blutezeit.com\/product\/mrk6s-steel-gear-rack-20ft-6pcs-heavy-duty-gate\/#breadcrumb","itemListElement":[{"@type":"ListItem","position":1,"name":"\u9996\u9875","item":"https:\/\/www.blutezeit.com\/pt\/"},{"@type":"ListItem","position":2,"name":"Product","item":"https:\/\/www.blutezeit.com\/pt\/shop\/"},{"@type":"ListItem","position":3,"name":"Steel Gear Rack 19.68ft (3.28ft\/pc, 6pcs)"}]},{"@type":"WebSite","@id":"https:\/\/www.blutezeit.com\/pt\/#website","url":"https:\/\/www.blutezeit.com\/pt\/","name":"Fleur","description":"Syst\u00e8mes d&#039;ouverture de portail intelligents et solaires","potentialAction":[{"@type":"SearchAction","target":{"@type":"EntryPoint","urlTemplate":"https:\/\/www.blutezeit.com\/pt\/?s={search_term_string}"},"query-input":{"@type":"PropertyValueSpecification","valueRequired":true,"valueName":"search_term_string"}}],"inLanguage":"fr-FR"}]}},"_links":{"self":[{"href":"https:\/\/www.blutezeit.com\/fr\/wp-json\/wp\/v2\/product\/309","targetHints":{"allow":["GET"]}}],"collection":[{"href":"https:\/\/www.blutezeit.com\/fr\/wp-json\/wp\/v2\/product"}],"about":[{"href":"https:\/\/www.blutezeit.com\/fr\/wp-json\/wp\/v2\/types\/product"}],"replies":[{"embeddable":true,"href":"https:\/\/www.blutezeit.com\/fr\/wp-json\/wp\/v2\/comments?post=309"}],"wp:featuredmedia":[{"embeddable":true,"href":"https:\/\/www.blutezeit.com\/fr\/wp-json\/wp\/v2\/media\/533"}],"wp:attachment":[{"href":"https:\/\/www.blutezeit.com\/fr\/wp-json\/wp\/v2\/media?parent=309"}],"wp:term":[{"taxonomy":"product_brand","embeddable":true,"href":"https:\/\/www.blutezeit.com\/fr\/wp-json\/wp\/v2\/product_brand?post=309"},{"taxonomy":"product_cat","embeddable":true,"href":"https:\/\/www.blutezeit.com\/fr\/wp-json\/wp\/v2\/product_cat?post=309"},{"taxonomy":"product_tag","embeddable":true,"href":"https:\/\/www.blutezeit.com\/fr\/wp-json\/wp\/v2\/product_tag?post=309"}],"curies":[{"name":"wp","href":"https:\/\/api.w.org\/{rel}","templated":true}]}}