{"id":306,"date":"2025-07-12T03:43:12","date_gmt":"2025-07-12T03:43:12","guid":{"rendered":"https:\/\/www.blutezeit.com\/?post_type=product&#038;p=306"},"modified":"2026-03-09T09:10:53","modified_gmt":"2026-03-09T09:10:53","slug":"mir50-infrared-photocell-safety-beam-sensor-gate-garage","status":"publish","type":"product","link":"https:\/\/www.blutezeit.com\/fr\/produit\/mir50-infrared-photocell-safety-beam-sensor-gate-garage\/","title":{"rendered":"Capteur de faisceau de cellule photo\u00e9lectrique infrarouge"},"content":{"rendered":"<h1 class=\"a-text-center aplus-container-3 aplus-h1 a-text-bold\">Capteur infrarouge Bl\u00fctezeit \u2013 D\u00e9tection automatique de s\u00e9curit\u00e9 pour les syst\u00e8mes d&#039;acc\u00e8s<\/h1>\n<div class=\"a-section a-spacing-none premium-background-wrapper\">\n<div class=\"a-section a-spacing-none background-image\"><img decoding=\"async\" class=\"\" src=\"https:\/\/m.media-amazon.com\/images\/S\/aplus-media-library-service-media\/1ec8acad-1ae7-4600-a1a1-201508b8fcb8.__CR0,0,1464,600_PT0_SX1464_V1___.jpg\" alt=\"Infrared Sensor for Automatic Door Access Control Systems Ideal for Sliding, Swing, and Garage Doors\" data-src=\"https:\/\/m.media-amazon.com\/images\/S\/aplus-media-library-service-media\/1ec8acad-1ae7-4600-a1a1-201508b8fcb8.__CR0,0,1464,600_PT0_SX1464_V1___.jpg\" \/><\/div>\n<\/div>\n<div class=\"a-section a-text-center\">\n<p class=\"aplus-description aplus-container-3 aplus-p1\">Compatible avec toute la gamme d&#039;ouvre-portails coulissants Bl\u00fctezeit, y compris le<span class=\"a-text-bold\">\u00a0Moi-Va<\/span>\u00a0et\u00a0<span class=\"a-text-bold\">Moi-MJ<\/span>\u00a0s\u00e9rie.<\/p>\n<\/div>","protected":false},"excerpt":{"rendered":"<p>Capteur de s\u00e9curit\u00e9 \u00e0 cellule photo\u00e9lectrique infrarouge pour ouvre-portails automatiques battants\/coulissants, portes de garage et syst\u00e8mes de s\u00e9curit\u00e9, int\u00e9rieur\/ext\u00e9rieur<\/p>","protected":false},"featured_media":1571,"comment_status":"open","ping_status":"closed","template":"","meta":[],"product_brand":[33],"product_cat":[22,23],"product_tag":[],"class_list":{"0":"post-306","1":"product","2":"type-product","3":"status-publish","4":"has-post-thumbnail","6":"product_brand-blutezeit","7":"product_cat-accessories","8":"product_cat-safety-vehicle-detection-sensor","10":"first","11":"instock","12":"shipping-taxable","13":"purchasable","14":"product-type-simple"},"yoast_head":"<!-- This site is optimized with the Yoast SEO plugin v26.4 - https:\/\/yoast.com\/wordpress\/plugins\/seo\/ -->\n<title>Infrared Photocell Beam Sensor - Bl\u00fctezeit<\/title>\n<meta name=\"robots\" content=\"index, follow, max-snippet:-1, max-image-preview:large, max-video-preview:-1\" \/>\n<link rel=\"canonical\" href=\"https:\/\/www.blutezeit.com\/fr\/produit\/mir50-infrared-photocell-safety-beam-sensor-gate-garage\/\" \/>\n<meta property=\"og:locale\" content=\"fr_FR\" \/>\n<meta property=\"og:type\" content=\"article\" \/>\n<meta property=\"og:title\" content=\"Infrared Photocell Beam Sensor - Bl\u00fctezeit\" \/>\n<meta property=\"og:description\" content=\"Infrared photocell safety beam sensor for automatic swing\/sliding gate openers, garage doors, and security systems, indoor\/outdoor\" \/>\n<meta property=\"og:url\" content=\"https:\/\/www.blutezeit.com\/fr\/produit\/mir50-infrared-photocell-safety-beam-sensor-gate-garage\/\" \/>\n<meta property=\"og:site_name\" content=\"Bl\u00fctezeit\" \/>\n<meta property=\"article:modified_time\" content=\"2026-03-09T09:10:53+00:00\" \/>\n<meta property=\"og:image\" content=\"http:\/\/www.blutezeit.com\/wp-content\/uploads\/2025\/07\/Infrared-Safety-Beam-Sensor-1-2.jpg\" \/>\n\t<meta property=\"og:image:width\" content=\"1600\" \/>\n\t<meta property=\"og:image:height\" content=\"1600\" \/>\n\t<meta property=\"og:image:type\" content=\"image\/jpeg\" \/>\n<meta name=\"twitter:card\" content=\"summary_large_image\" \/>\n<meta name=\"twitter:label1\" content=\"Dur\u00e9e de lecture estim\u00e9e\" \/>\n\t<meta name=\"twitter:data1\" content=\"1 minute\" \/>\n<script type=\"application\/ld+json\" class=\"yoast-schema-graph\">{\"@context\":\"https:\/\/schema.org\",\"@graph\":[{\"@type\":\"WebPage\",\"@id\":\"https:\/\/www.blutezeit.com\/product\/mir50-infrared-photocell-safety-beam-sensor-gate-garage\/\",\"url\":\"https:\/\/www.blutezeit.com\/product\/mir50-infrared-photocell-safety-beam-sensor-gate-garage\/\",\"name\":\"Infrared Photocell Beam Sensor - Bl\u00fctezeit\",\"isPartOf\":{\"@id\":\"https:\/\/www.blutezeit.com\/pt\/#website\"},\"primaryImageOfPage\":{\"@id\":\"https:\/\/www.blutezeit.com\/product\/mir50-infrared-photocell-safety-beam-sensor-gate-garage\/#primaryimage\"},\"image\":{\"@id\":\"https:\/\/www.blutezeit.com\/product\/mir50-infrared-photocell-safety-beam-sensor-gate-garage\/#primaryimage\"},\"thumbnailUrl\":\"https:\/\/www.blutezeit.com\/wp-content\/uploads\/2025\/07\/Infrared-Safety-Beam-Sensor-1-2.jpg\",\"datePublished\":\"2025-07-12T03:43:12+00:00\",\"dateModified\":\"2026-03-09T09:10:53+00:00\",\"breadcrumb\":{\"@id\":\"https:\/\/www.blutezeit.com\/product\/mir50-infrared-photocell-safety-beam-sensor-gate-garage\/#breadcrumb\"},\"inLanguage\":\"fr-FR\",\"potentialAction\":[{\"@type\":\"ReadAction\",\"target\":[\"https:\/\/www.blutezeit.com\/product\/mir50-infrared-photocell-safety-beam-sensor-gate-garage\/\"]}]},{\"@type\":\"ImageObject\",\"inLanguage\":\"fr-FR\",\"@id\":\"https:\/\/www.blutezeit.com\/product\/mir50-infrared-photocell-safety-beam-sensor-gate-garage\/#primaryimage\",\"url\":\"https:\/\/www.blutezeit.com\/wp-content\/uploads\/2025\/07\/Infrared-Safety-Beam-Sensor-1-2.jpg\",\"contentUrl\":\"https:\/\/www.blutezeit.com\/wp-content\/uploads\/2025\/07\/Infrared-Safety-Beam-Sensor-1-2.jpg\",\"width\":1600,\"height\":1600},{\"@type\":\"BreadcrumbList\",\"@id\":\"https:\/\/www.blutezeit.com\/product\/mir50-infrared-photocell-safety-beam-sensor-gate-garage\/#breadcrumb\",\"itemListElement\":[{\"@type\":\"ListItem\",\"position\":1,\"name\":\"\u9996\u9875\",\"item\":\"https:\/\/www.blutezeit.com\/pt\/\"},{\"@type\":\"ListItem\",\"position\":2,\"name\":\"Product\",\"item\":\"https:\/\/www.blutezeit.com\/pt\/shop\/\"},{\"@type\":\"ListItem\",\"position\":3,\"name\":\"Infrared Photocell Beam Sensor\"}]},{\"@type\":\"WebSite\",\"@id\":\"https:\/\/www.blutezeit.com\/pt\/#website\",\"url\":\"https:\/\/www.blutezeit.com\/pt\/\",\"name\":\"Bl\u00fctezeit\",\"description\":\"Smart &amp; Solar Gate Opener Systems\",\"potentialAction\":[{\"@type\":\"SearchAction\",\"target\":{\"@type\":\"EntryPoint\",\"urlTemplate\":\"https:\/\/www.blutezeit.com\/pt\/?s={search_term_string}\"},\"query-input\":{\"@type\":\"PropertyValueSpecification\",\"valueRequired\":true,\"valueName\":\"search_term_string\"}}],\"inLanguage\":\"fr-FR\"}]}<\/script>\n<!-- \/ Yoast SEO plugin. -->","yoast_head_json":{"title":"Infrared Photocell Beam Sensor - Bl\u00fctezeit","robots":{"index":"index","follow":"follow","max-snippet":"max-snippet:-1","max-image-preview":"max-image-preview:large","max-video-preview":"max-video-preview:-1"},"canonical":"https:\/\/www.blutezeit.com\/fr\/produit\/mir50-infrared-photocell-safety-beam-sensor-gate-garage\/","og_locale":"fr_FR","og_type":"article","og_title":"Infrared Photocell Beam Sensor - Bl\u00fctezeit","og_description":"Infrared photocell safety beam sensor for automatic swing\/sliding gate openers, garage doors, and security systems, indoor\/outdoor","og_url":"https:\/\/www.blutezeit.com\/fr\/produit\/mir50-infrared-photocell-safety-beam-sensor-gate-garage\/","og_site_name":"Bl\u00fctezeit","article_modified_time":"2026-03-09T09:10:53+00:00","og_image":[{"width":1600,"height":1600,"url":"http:\/\/www.blutezeit.com\/wp-content\/uploads\/2025\/07\/Infrared-Safety-Beam-Sensor-1-2.jpg","type":"image\/jpeg"}],"twitter_card":"summary_large_image","twitter_misc":{"Dur\u00e9e de lecture estim\u00e9e":"1 minute"},"schema":{"@context":"https:\/\/schema.org","@graph":[{"@type":"WebPage","@id":"https:\/\/www.blutezeit.com\/product\/mir50-infrared-photocell-safety-beam-sensor-gate-garage\/","url":"https:\/\/www.blutezeit.com\/product\/mir50-infrared-photocell-safety-beam-sensor-gate-garage\/","name":"Infrared Photocell Beam Sensor - Bl\u00fctezeit","isPartOf":{"@id":"https:\/\/www.blutezeit.com\/pt\/#website"},"primaryImageOfPage":{"@id":"https:\/\/www.blutezeit.com\/product\/mir50-infrared-photocell-safety-beam-sensor-gate-garage\/#primaryimage"},"image":{"@id":"https:\/\/www.blutezeit.com\/product\/mir50-infrared-photocell-safety-beam-sensor-gate-garage\/#primaryimage"},"thumbnailUrl":"https:\/\/www.blutezeit.com\/wp-content\/uploads\/2025\/07\/Infrared-Safety-Beam-Sensor-1-2.jpg","datePublished":"2025-07-12T03:43:12+00:00","dateModified":"2026-03-09T09:10:53+00:00","breadcrumb":{"@id":"https:\/\/www.blutezeit.com\/product\/mir50-infrared-photocell-safety-beam-sensor-gate-garage\/#breadcrumb"},"inLanguage":"fr-FR","potentialAction":[{"@type":"ReadAction","target":["https:\/\/www.blutezeit.com\/product\/mir50-infrared-photocell-safety-beam-sensor-gate-garage\/"]}]},{"@type":"ImageObject","inLanguage":"fr-FR","@id":"https:\/\/www.blutezeit.com\/product\/mir50-infrared-photocell-safety-beam-sensor-gate-garage\/#primaryimage","url":"https:\/\/www.blutezeit.com\/wp-content\/uploads\/2025\/07\/Infrared-Safety-Beam-Sensor-1-2.jpg","contentUrl":"https:\/\/www.blutezeit.com\/wp-content\/uploads\/2025\/07\/Infrared-Safety-Beam-Sensor-1-2.jpg","width":1600,"height":1600},{"@type":"BreadcrumbList","@id":"https:\/\/www.blutezeit.com\/product\/mir50-infrared-photocell-safety-beam-sensor-gate-garage\/#breadcrumb","itemListElement":[{"@type":"ListItem","position":1,"name":"\u9996\u9875","item":"https:\/\/www.blutezeit.com\/pt\/"},{"@type":"ListItem","position":2,"name":"Product","item":"https:\/\/www.blutezeit.com\/pt\/shop\/"},{"@type":"ListItem","position":3,"name":"Infrared Photocell Beam Sensor"}]},{"@type":"WebSite","@id":"https:\/\/www.blutezeit.com\/pt\/#website","url":"https:\/\/www.blutezeit.com\/pt\/","name":"Fleur","description":"Syst\u00e8mes d&#039;ouverture de portail intelligents et solaires","potentialAction":[{"@type":"SearchAction","target":{"@type":"EntryPoint","urlTemplate":"https:\/\/www.blutezeit.com\/pt\/?s={search_term_string}"},"query-input":{"@type":"PropertyValueSpecification","valueRequired":true,"valueName":"search_term_string"}}],"inLanguage":"fr-FR"}]}},"_links":{"self":[{"href":"https:\/\/www.blutezeit.com\/fr\/wp-json\/wp\/v2\/product\/306","targetHints":{"allow":["GET"]}}],"collection":[{"href":"https:\/\/www.blutezeit.com\/fr\/wp-json\/wp\/v2\/product"}],"about":[{"href":"https:\/\/www.blutezeit.com\/fr\/wp-json\/wp\/v2\/types\/product"}],"replies":[{"embeddable":true,"href":"https:\/\/www.blutezeit.com\/fr\/wp-json\/wp\/v2\/comments?post=306"}],"wp:featuredmedia":[{"embeddable":true,"href":"https:\/\/www.blutezeit.com\/fr\/wp-json\/wp\/v2\/media\/1571"}],"wp:attachment":[{"href":"https:\/\/www.blutezeit.com\/fr\/wp-json\/wp\/v2\/media?parent=306"}],"wp:term":[{"taxonomy":"product_brand","embeddable":true,"href":"https:\/\/www.blutezeit.com\/fr\/wp-json\/wp\/v2\/product_brand?post=306"},{"taxonomy":"product_cat","embeddable":true,"href":"https:\/\/www.blutezeit.com\/fr\/wp-json\/wp\/v2\/product_cat?post=306"},{"taxonomy":"product_tag","embeddable":true,"href":"https:\/\/www.blutezeit.com\/fr\/wp-json\/wp\/v2\/product_tag?post=306"}],"curies":[{"name":"wp","href":"https:\/\/api.w.org\/{rel}","templated":true}]}}