{"id":1683,"date":"2026-02-12T10:37:58","date_gmt":"2026-02-12T10:37:58","guid":{"rendered":"https:\/\/www.blutezeit.com\/?post_type=product&#038;p=1683"},"modified":"2026-03-09T08:51:48","modified_gmt":"2026-03-09T08:51:48","slug":"mlp20-universal-led-warning-light-ac-dc-alarm-lamp-ip54","status":"publish","type":"product","link":"https:\/\/www.blutezeit.com\/fr\/produit\/mlp20-universal-led-warning-light-ac-dc-alarm-lamp-ip54\/","title":{"rendered":"Voyant clignotant universel 12-265 V CA\/CC"},"content":{"rendered":"<div class=\"celwidget aplus-module premium-module-2-fullbackground-image aplus-premium\">\n<div class=\"a-section a-spacing-none premium-aplus premium-aplus-module-2\">\n<h2 class=\"a-text-center aplus-container-3 aplus-h1 a-text-bold\"><strong>Lampe d&#039;avertissement universelle Bl\u00fctezeit 12-265 V AC\/DC<\/strong><\/h2>\n<\/div>\n<div class=\"a-section a-spacing-none premium-aplus premium-aplus-module-2\">\n<ul>\n<li>Design carr\u00e9 unique \u2013 Ce feu de signalisation LED carr\u00e9 distinctif offre une visibilit\u00e9 \u00e9lev\u00e9e pour une s\u00e9curit\u00e9 accrue, id\u00e9al pour une installation sur les poteaux de portail, les murs ou les toits.<\/li>\n<li>Tension universelle \u2013 Fonctionne avec les syst\u00e8mes AC\/DC 12\u2013265V (4W), ce qui le rend compatible avec une large gamme d&#039;ouvre-portails coulissants et battants r\u00e9sidentiels et industriels.<\/li>\n<li>Large champ d&#039;application \u2013 Id\u00e9al pour les ouvre-portails coulissants et battants, y compris les syst\u00e8mes \u00e0 commande RF\u00a0; signale clairement aux passants le fonctionnement du portail.<\/li>\n<li>Mode clignotant r\u00e9glable \u2013 Le module SW1 int\u00e9gr\u00e9 vous permet de basculer entre un fonctionnement clignotant ou fixe, assurant une signalisation optimale dans tous les environnements.<\/li>\n<li>Durable et r\u00e9sistant aux intemp\u00e9ries \u2013 Indice de protection IP54 pour une utilisation en ext\u00e9rieur, capable de fonctionner \u00e0 des temp\u00e9ratures allant de -4\u00b0F \u00e0 140\u00b0F, r\u00e9sistant \u00e0 la poussi\u00e8re et aux \u00e9claboussures d&#039;eau.<\/li>\n<\/ul>\n<div class=\"a-section a-spacing-none premium-background-wrapper\">\n<div class=\"a-section a-spacing-none background-image\"><img decoding=\"async\" class=\"\" src=\"https:\/\/m.media-amazon.com\/images\/S\/aplus-media-library-service-media\/05d07504-dcc9-42f7-bb9d-2c511b0d3fcf.__CR0,0,1464,600_PT0_SX1464_V1___.jpg\" alt=\"AC\/DC 12-265V Universal Warning Lamp for Gate Openers\" data-src=\"https:\/\/m.media-amazon.com\/images\/S\/aplus-media-library-service-media\/05d07504-dcc9-42f7-bb9d-2c511b0d3fcf.__CR0,0,1464,600_PT0_SX1464_V1___.jpg\" \/><\/div>\n<\/div>\n<div class=\"a-section a-text-center\"><\/div>\n<\/div>\n<\/div>\n<div class=\"celwidget aplus-module premium-module-2-fullbackground-image aplus-premium\">\n<div class=\"a-section a-spacing-none premium-aplus premium-aplus-module-2\">\n<div class=\"a-section a-spacing-none premium-background-wrapper\">\n<div class=\"a-section a-spacing-none background-image\"><img decoding=\"async\" class=\"\" src=\"https:\/\/m.media-amazon.com\/images\/S\/aplus-media-library-service-media\/03c60f45-fee7-4215-a6fd-4d69fa82dd46.__CR0,0,1464,600_PT0_SX1464_V1___.jpg\" alt=\"IP54 Waterproof LED Alarm Light for Gate Opener\" data-src=\"https:\/\/m.media-amazon.com\/images\/S\/aplus-media-library-service-media\/03c60f45-fee7-4215-a6fd-4d69fa82dd46.__CR0,0,1464,600_PT0_SX1464_V1___.jpg\" \/><\/div>\n<\/div>\n<\/div>\n<\/div>","protected":false},"excerpt":{"rendered":"<p>Lampe d&#039;alarme LED clignotante orange haute luminosit\u00e9, \u00e9tanche IP54, 12-240 V AC\/DC, pour ouvre-portails<\/p>","protected":false},"featured_media":1690,"comment_status":"open","ping_status":"closed","template":"","meta":[],"product_brand":[33],"product_cat":[22,23],"product_tag":[],"class_list":{"0":"post-1683","1":"product","2":"type-product","3":"status-publish","4":"has-post-thumbnail","6":"product_brand-blutezeit","7":"product_cat-accessories","8":"product_cat-safety-vehicle-detection-sensor","10":"first","11":"instock","12":"shipping-taxable","13":"purchasable","14":"product-type-simple"},"yoast_head":"<!-- This site is optimized with the Yoast SEO plugin v26.4 - https:\/\/yoast.com\/wordpress\/plugins\/seo\/ -->\n<title>Universal 12-265V AC\/DC Flashing Warning Light - Bl\u00fctezeit<\/title>\n<meta name=\"robots\" content=\"index, follow, max-snippet:-1, max-image-preview:large, max-video-preview:-1\" \/>\n<link rel=\"canonical\" href=\"https:\/\/www.blutezeit.com\/fr\/produit\/mlp20-universal-led-warning-light-ac-dc-alarm-lamp-ip54\/\" \/>\n<meta property=\"og:locale\" content=\"fr_FR\" \/>\n<meta property=\"og:type\" content=\"article\" \/>\n<meta property=\"og:title\" content=\"Universal 12-265V AC\/DC Flashing Warning Light - Bl\u00fctezeit\" \/>\n<meta property=\"og:description\" content=\"IP54 weatherproof 12\u2013240V AC\/DC LED flashing warning light for gate openers, orange signal high-brightness alarm lamp\" \/>\n<meta property=\"og:url\" content=\"https:\/\/www.blutezeit.com\/fr\/produit\/mlp20-universal-led-warning-light-ac-dc-alarm-lamp-ip54\/\" \/>\n<meta property=\"og:site_name\" content=\"Bl\u00fctezeit\" \/>\n<meta property=\"article:modified_time\" content=\"2026-03-09T08:51:48+00:00\" \/>\n<meta property=\"og:image\" content=\"http:\/\/www.blutezeit.com\/wp-content\/uploads\/2026\/02\/Warning-Light-12-265V-AC-DC-1-1-scaled.jpg\" \/>\n\t<meta property=\"og:image:width\" content=\"2560\" \/>\n\t<meta property=\"og:image:height\" content=\"2560\" \/>\n\t<meta property=\"og:image:type\" content=\"image\/jpeg\" \/>\n<meta name=\"twitter:card\" content=\"summary_large_image\" \/>\n<meta name=\"twitter:label1\" content=\"Dur\u00e9e de lecture estim\u00e9e\" \/>\n\t<meta name=\"twitter:data1\" content=\"2 minutes\" \/>\n<script type=\"application\/ld+json\" class=\"yoast-schema-graph\">{\"@context\":\"https:\/\/schema.org\",\"@graph\":[{\"@type\":\"WebPage\",\"@id\":\"https:\/\/www.blutezeit.com\/product\/mlp20-universal-led-warning-light-ac-dc-alarm-lamp-ip54\/\",\"url\":\"https:\/\/www.blutezeit.com\/product\/mlp20-universal-led-warning-light-ac-dc-alarm-lamp-ip54\/\",\"name\":\"Universal 12-265V AC\/DC Flashing Warning Light - Bl\u00fctezeit\",\"isPartOf\":{\"@id\":\"https:\/\/www.blutezeit.com\/pt\/#website\"},\"primaryImageOfPage\":{\"@id\":\"https:\/\/www.blutezeit.com\/product\/mlp20-universal-led-warning-light-ac-dc-alarm-lamp-ip54\/#primaryimage\"},\"image\":{\"@id\":\"https:\/\/www.blutezeit.com\/product\/mlp20-universal-led-warning-light-ac-dc-alarm-lamp-ip54\/#primaryimage\"},\"thumbnailUrl\":\"https:\/\/www.blutezeit.com\/wp-content\/uploads\/2026\/02\/Warning-Light-12-265V-AC-DC-1-1-scaled.jpg\",\"datePublished\":\"2026-02-12T10:37:58+00:00\",\"dateModified\":\"2026-03-09T08:51:48+00:00\",\"breadcrumb\":{\"@id\":\"https:\/\/www.blutezeit.com\/product\/mlp20-universal-led-warning-light-ac-dc-alarm-lamp-ip54\/#breadcrumb\"},\"inLanguage\":\"fr-FR\",\"potentialAction\":[{\"@type\":\"ReadAction\",\"target\":[\"https:\/\/www.blutezeit.com\/product\/mlp20-universal-led-warning-light-ac-dc-alarm-lamp-ip54\/\"]}]},{\"@type\":\"ImageObject\",\"inLanguage\":\"fr-FR\",\"@id\":\"https:\/\/www.blutezeit.com\/product\/mlp20-universal-led-warning-light-ac-dc-alarm-lamp-ip54\/#primaryimage\",\"url\":\"https:\/\/www.blutezeit.com\/wp-content\/uploads\/2026\/02\/Warning-Light-12-265V-AC-DC-1-1-scaled.jpg\",\"contentUrl\":\"https:\/\/www.blutezeit.com\/wp-content\/uploads\/2026\/02\/Warning-Light-12-265V-AC-DC-1-1-scaled.jpg\",\"width\":2560,\"height\":2560},{\"@type\":\"BreadcrumbList\",\"@id\":\"https:\/\/www.blutezeit.com\/product\/mlp20-universal-led-warning-light-ac-dc-alarm-lamp-ip54\/#breadcrumb\",\"itemListElement\":[{\"@type\":\"ListItem\",\"position\":1,\"name\":\"\u9996\u9875\",\"item\":\"https:\/\/www.blutezeit.com\/pt\/\"},{\"@type\":\"ListItem\",\"position\":2,\"name\":\"Product\",\"item\":\"https:\/\/www.blutezeit.com\/pt\/shop\/\"},{\"@type\":\"ListItem\",\"position\":3,\"name\":\"Universal 12-265V AC\/DC Flashing Warning Light\"}]},{\"@type\":\"WebSite\",\"@id\":\"https:\/\/www.blutezeit.com\/pt\/#website\",\"url\":\"https:\/\/www.blutezeit.com\/pt\/\",\"name\":\"Bl\u00fctezeit\",\"description\":\"Smart &amp; Solar Gate Opener Systems\",\"potentialAction\":[{\"@type\":\"SearchAction\",\"target\":{\"@type\":\"EntryPoint\",\"urlTemplate\":\"https:\/\/www.blutezeit.com\/pt\/?s={search_term_string}\"},\"query-input\":{\"@type\":\"PropertyValueSpecification\",\"valueRequired\":true,\"valueName\":\"search_term_string\"}}],\"inLanguage\":\"fr-FR\"}]}<\/script>\n<!-- \/ Yoast SEO plugin. -->","yoast_head_json":{"title":"Universal 12-265V AC\/DC Flashing Warning Light - Bl\u00fctezeit","robots":{"index":"index","follow":"follow","max-snippet":"max-snippet:-1","max-image-preview":"max-image-preview:large","max-video-preview":"max-video-preview:-1"},"canonical":"https:\/\/www.blutezeit.com\/fr\/produit\/mlp20-universal-led-warning-light-ac-dc-alarm-lamp-ip54\/","og_locale":"fr_FR","og_type":"article","og_title":"Universal 12-265V AC\/DC Flashing Warning Light - Bl\u00fctezeit","og_description":"IP54 weatherproof 12\u2013240V AC\/DC LED flashing warning light for gate openers, orange signal high-brightness alarm lamp","og_url":"https:\/\/www.blutezeit.com\/fr\/produit\/mlp20-universal-led-warning-light-ac-dc-alarm-lamp-ip54\/","og_site_name":"Bl\u00fctezeit","article_modified_time":"2026-03-09T08:51:48+00:00","og_image":[{"width":2560,"height":2560,"url":"http:\/\/www.blutezeit.com\/wp-content\/uploads\/2026\/02\/Warning-Light-12-265V-AC-DC-1-1-scaled.jpg","type":"image\/jpeg"}],"twitter_card":"summary_large_image","twitter_misc":{"Dur\u00e9e de lecture estim\u00e9e":"2 minutes"},"schema":{"@context":"https:\/\/schema.org","@graph":[{"@type":"WebPage","@id":"https:\/\/www.blutezeit.com\/product\/mlp20-universal-led-warning-light-ac-dc-alarm-lamp-ip54\/","url":"https:\/\/www.blutezeit.com\/product\/mlp20-universal-led-warning-light-ac-dc-alarm-lamp-ip54\/","name":"Universal 12-265V AC\/DC Flashing Warning Light - Bl\u00fctezeit","isPartOf":{"@id":"https:\/\/www.blutezeit.com\/pt\/#website"},"primaryImageOfPage":{"@id":"https:\/\/www.blutezeit.com\/product\/mlp20-universal-led-warning-light-ac-dc-alarm-lamp-ip54\/#primaryimage"},"image":{"@id":"https:\/\/www.blutezeit.com\/product\/mlp20-universal-led-warning-light-ac-dc-alarm-lamp-ip54\/#primaryimage"},"thumbnailUrl":"https:\/\/www.blutezeit.com\/wp-content\/uploads\/2026\/02\/Warning-Light-12-265V-AC-DC-1-1-scaled.jpg","datePublished":"2026-02-12T10:37:58+00:00","dateModified":"2026-03-09T08:51:48+00:00","breadcrumb":{"@id":"https:\/\/www.blutezeit.com\/product\/mlp20-universal-led-warning-light-ac-dc-alarm-lamp-ip54\/#breadcrumb"},"inLanguage":"fr-FR","potentialAction":[{"@type":"ReadAction","target":["https:\/\/www.blutezeit.com\/product\/mlp20-universal-led-warning-light-ac-dc-alarm-lamp-ip54\/"]}]},{"@type":"ImageObject","inLanguage":"fr-FR","@id":"https:\/\/www.blutezeit.com\/product\/mlp20-universal-led-warning-light-ac-dc-alarm-lamp-ip54\/#primaryimage","url":"https:\/\/www.blutezeit.com\/wp-content\/uploads\/2026\/02\/Warning-Light-12-265V-AC-DC-1-1-scaled.jpg","contentUrl":"https:\/\/www.blutezeit.com\/wp-content\/uploads\/2026\/02\/Warning-Light-12-265V-AC-DC-1-1-scaled.jpg","width":2560,"height":2560},{"@type":"BreadcrumbList","@id":"https:\/\/www.blutezeit.com\/product\/mlp20-universal-led-warning-light-ac-dc-alarm-lamp-ip54\/#breadcrumb","itemListElement":[{"@type":"ListItem","position":1,"name":"\u9996\u9875","item":"https:\/\/www.blutezeit.com\/pt\/"},{"@type":"ListItem","position":2,"name":"Product","item":"https:\/\/www.blutezeit.com\/pt\/shop\/"},{"@type":"ListItem","position":3,"name":"Universal 12-265V AC\/DC Flashing Warning Light"}]},{"@type":"WebSite","@id":"https:\/\/www.blutezeit.com\/pt\/#website","url":"https:\/\/www.blutezeit.com\/pt\/","name":"Fleur","description":"Syst\u00e8mes d&#039;ouverture de portail intelligents et solaires","potentialAction":[{"@type":"SearchAction","target":{"@type":"EntryPoint","urlTemplate":"https:\/\/www.blutezeit.com\/pt\/?s={search_term_string}"},"query-input":{"@type":"PropertyValueSpecification","valueRequired":true,"valueName":"search_term_string"}}],"inLanguage":"fr-FR"}]}},"_links":{"self":[{"href":"https:\/\/www.blutezeit.com\/fr\/wp-json\/wp\/v2\/product\/1683","targetHints":{"allow":["GET"]}}],"collection":[{"href":"https:\/\/www.blutezeit.com\/fr\/wp-json\/wp\/v2\/product"}],"about":[{"href":"https:\/\/www.blutezeit.com\/fr\/wp-json\/wp\/v2\/types\/product"}],"replies":[{"embeddable":true,"href":"https:\/\/www.blutezeit.com\/fr\/wp-json\/wp\/v2\/comments?post=1683"}],"wp:featuredmedia":[{"embeddable":true,"href":"https:\/\/www.blutezeit.com\/fr\/wp-json\/wp\/v2\/media\/1690"}],"wp:attachment":[{"href":"https:\/\/www.blutezeit.com\/fr\/wp-json\/wp\/v2\/media?parent=1683"}],"wp:term":[{"taxonomy":"product_brand","embeddable":true,"href":"https:\/\/www.blutezeit.com\/fr\/wp-json\/wp\/v2\/product_brand?post=1683"},{"taxonomy":"product_cat","embeddable":true,"href":"https:\/\/www.blutezeit.com\/fr\/wp-json\/wp\/v2\/product_cat?post=1683"},{"taxonomy":"product_tag","embeddable":true,"href":"https:\/\/www.blutezeit.com\/fr\/wp-json\/wp\/v2\/product_tag?post=1683"}],"curies":[{"name":"wp","href":"https:\/\/api.w.org\/{rel}","templated":true}]}}