{"id":1626,"date":"2026-01-19T10:24:13","date_gmt":"2026-01-19T10:24:13","guid":{"rendered":"https:\/\/www.blutezeit.com\/?post_type=product&#038;p=1626"},"modified":"2026-03-09T09:01:46","modified_gmt":"2026-03-09T09:01:46","slug":"mky20-clutch-keys-dc-motor-me-go-600","status":"publish","type":"product","link":"https:\/\/www.blutezeit.com\/fr\/produit\/mky20-clutch-keys-dc-motor-me-go-600\/","title":{"rendered":"Cl\u00e9s d&#039;embrayage pour ME-GO-600 (DC)"},"content":{"rendered":"<p>La cl\u00e9 hexagonale pour embrayage de portail Bl\u00fctezeit DC est con\u00e7ue pour un acc\u00e8s manuel rapide et fiable en cas d&#039;indisponibilit\u00e9 du syst\u00e8me automatique. Robuste, cette cl\u00e9 hexagonale permet de d\u00e9sengager facilement l&#039;embrayage du moteur, assurant ainsi une ouverture et une fermeture manuelles fluides de votre portail lors de coupures de courant, de maintenance ou d&#039;entretien du syst\u00e8me.<\/p>\n<ul class=\"a-unordered-list a-vertical a-spacing-mini\">\n<li class=\"a-spacing-mini\"><span class=\"a-list-item\">\ud83d\udd11 Cl\u00e9s de d\u00e9verrouillage d&#039;embrayage (lot de 2)\u00a0: comprend deux cl\u00e9s d&#039;embrayage pour un acc\u00e8s facile et une utilisation manuelle des motorisations de portail coulissant Bl\u00fctezeit s\u00e9rie ME-GO-600. Id\u00e9al pour en conserver une de rechange.<\/span><\/li>\n<li class=\"a-spacing-mini\"><span class=\"a-list-item\">\ud83d\udee0\ufe0f Cl\u00e9 hexagonale et cl\u00e9 Allen incluses \u2013 Fournit les outils n\u00e9cessaires (cl\u00e9 hexagonale et cl\u00e9 Allen) pour un d\u00e9sengagement en douceur du m\u00e9canisme d&#039;embrayage, rendant l&#039;entretien et le d\u00e9verrouillage d&#039;urgence rapides et sans effort.<\/span><\/li>\n<li class=\"a-spacing-mini\"><span class=\"a-list-item\">\u26a1 Compatible uniquement avec les moteurs CC \u2013 Sp\u00e9cialement con\u00e7u pour les ouvre-portails coulissants \u00e0 moteur CC de la s\u00e9rie Bl\u00fctezeit ME-GO-600, assurant un ajustement pr\u00e9cis et un fonctionnement fiable sans modifications.<\/span><\/li>\n<li class=\"a-spacing-mini\"><span class=\"a-list-item\">\ud83c\udfe1 Construction m\u00e9tallique durable \u2013 Fabriqu\u00e9 en m\u00e9tal haute r\u00e9sistance pour r\u00e9sister \u00e0 la flexion, \u00e0 l&#039;usure et \u00e0 la corrosion, assurant une performance durable pour une utilisation fr\u00e9quente dans des environnements r\u00e9sidentiels ou commerciaux l\u00e9gers.<\/span><\/li>\n<li class=\"a-spacing-mini\"><span class=\"a-list-item\">\ud83e\uddf0 Utilisation simple en cas d&#039;urgence et pour la maintenance \u2013 Id\u00e9al en cas de panne de courant, pour l&#039;entretien du syst\u00e8me ou pour une utilisation manuelle si n\u00e9cessaire. Compact, portable et pratique pour les propri\u00e9taires et les gestionnaires immobiliers.<\/span><\/li>\n<\/ul>","protected":false},"excerpt":{"rendered":"<p>Lot de 2 cl\u00e9s hexagonales\/Allen pour ouvre-portails coulissants Bl\u00fctezeit ME-GO-600 DC<\/p>","protected":false},"featured_media":1620,"comment_status":"open","ping_status":"closed","template":"","meta":[],"product_brand":[33],"product_cat":[22,32],"product_tag":[],"class_list":{"0":"post-1626","1":"product","2":"type-product","3":"status-publish","4":"has-post-thumbnail","6":"product_brand-blutezeit","7":"product_cat-accessories","8":"product_cat-spare-parts","10":"first","11":"instock","12":"shipping-taxable","13":"purchasable","14":"product-type-simple"},"yoast_head":"<!-- This site is optimized with the Yoast SEO plugin v26.4 - https:\/\/yoast.com\/wordpress\/plugins\/seo\/ -->\n<title>Clutch Keys for ME-GO-600 (DC) - Bl\u00fctezeit<\/title>\n<meta name=\"robots\" content=\"index, follow, max-snippet:-1, max-image-preview:large, max-video-preview:-1\" \/>\n<link rel=\"canonical\" href=\"https:\/\/www.blutezeit.com\/fr\/produit\/mky20-clutch-keys-dc-motor-me-go-600\/\" \/>\n<meta property=\"og:locale\" content=\"fr_FR\" \/>\n<meta property=\"og:type\" content=\"article\" \/>\n<meta property=\"og:title\" content=\"Clutch Keys for ME-GO-600 (DC) - Bl\u00fctezeit\" \/>\n<meta property=\"og:description\" content=\"2-pack hex\/Allen clutch keys for Bl\u00fctezeit ME-GO-600 DC sliding gate openers\" \/>\n<meta property=\"og:url\" content=\"https:\/\/www.blutezeit.com\/fr\/produit\/mky20-clutch-keys-dc-motor-me-go-600\/\" \/>\n<meta property=\"og:site_name\" content=\"Bl\u00fctezeit\" \/>\n<meta property=\"article:modified_time\" content=\"2026-03-09T09:01:46+00:00\" \/>\n<meta property=\"og:image\" content=\"http:\/\/www.blutezeit.com\/wp-content\/uploads\/2026\/01\/DC-Sliding-Gate-Opener-Manual-Clutch-Keys-1-scaled.jpg\" \/>\n\t<meta property=\"og:image:width\" content=\"2560\" \/>\n\t<meta property=\"og:image:height\" content=\"2560\" \/>\n\t<meta property=\"og:image:type\" content=\"image\/jpeg\" \/>\n<meta name=\"twitter:card\" content=\"summary_large_image\" \/>\n<meta name=\"twitter:label1\" content=\"Dur\u00e9e de lecture estim\u00e9e\" \/>\n\t<meta name=\"twitter:data1\" content=\"2 minutes\" \/>\n<script type=\"application\/ld+json\" class=\"yoast-schema-graph\">{\"@context\":\"https:\/\/schema.org\",\"@graph\":[{\"@type\":\"WebPage\",\"@id\":\"https:\/\/www.blutezeit.com\/product\/mky20-clutch-keys-dc-motor-me-go-600\/\",\"url\":\"https:\/\/www.blutezeit.com\/product\/mky20-clutch-keys-dc-motor-me-go-600\/\",\"name\":\"Clutch Keys for ME-GO-600 (DC) - Bl\u00fctezeit\",\"isPartOf\":{\"@id\":\"https:\/\/www.blutezeit.com\/pt\/#website\"},\"primaryImageOfPage\":{\"@id\":\"https:\/\/www.blutezeit.com\/product\/mky20-clutch-keys-dc-motor-me-go-600\/#primaryimage\"},\"image\":{\"@id\":\"https:\/\/www.blutezeit.com\/product\/mky20-clutch-keys-dc-motor-me-go-600\/#primaryimage\"},\"thumbnailUrl\":\"https:\/\/www.blutezeit.com\/wp-content\/uploads\/2026\/01\/DC-Sliding-Gate-Opener-Manual-Clutch-Keys-1-scaled.jpg\",\"datePublished\":\"2026-01-19T10:24:13+00:00\",\"dateModified\":\"2026-03-09T09:01:46+00:00\",\"breadcrumb\":{\"@id\":\"https:\/\/www.blutezeit.com\/product\/mky20-clutch-keys-dc-motor-me-go-600\/#breadcrumb\"},\"inLanguage\":\"fr-FR\",\"potentialAction\":[{\"@type\":\"ReadAction\",\"target\":[\"https:\/\/www.blutezeit.com\/product\/mky20-clutch-keys-dc-motor-me-go-600\/\"]}]},{\"@type\":\"ImageObject\",\"inLanguage\":\"fr-FR\",\"@id\":\"https:\/\/www.blutezeit.com\/product\/mky20-clutch-keys-dc-motor-me-go-600\/#primaryimage\",\"url\":\"https:\/\/www.blutezeit.com\/wp-content\/uploads\/2026\/01\/DC-Sliding-Gate-Opener-Manual-Clutch-Keys-1-scaled.jpg\",\"contentUrl\":\"https:\/\/www.blutezeit.com\/wp-content\/uploads\/2026\/01\/DC-Sliding-Gate-Opener-Manual-Clutch-Keys-1-scaled.jpg\",\"width\":2560,\"height\":2560},{\"@type\":\"BreadcrumbList\",\"@id\":\"https:\/\/www.blutezeit.com\/product\/mky20-clutch-keys-dc-motor-me-go-600\/#breadcrumb\",\"itemListElement\":[{\"@type\":\"ListItem\",\"position\":1,\"name\":\"\u9996\u9875\",\"item\":\"https:\/\/www.blutezeit.com\/pt\/\"},{\"@type\":\"ListItem\",\"position\":2,\"name\":\"Product\",\"item\":\"https:\/\/www.blutezeit.com\/pt\/shop\/\"},{\"@type\":\"ListItem\",\"position\":3,\"name\":\"Clutch Keys for ME-GO-600 (DC)\"}]},{\"@type\":\"WebSite\",\"@id\":\"https:\/\/www.blutezeit.com\/pt\/#website\",\"url\":\"https:\/\/www.blutezeit.com\/pt\/\",\"name\":\"Bl\u00fctezeit\",\"description\":\"Smart &amp; Solar Gate Opener Systems\",\"potentialAction\":[{\"@type\":\"SearchAction\",\"target\":{\"@type\":\"EntryPoint\",\"urlTemplate\":\"https:\/\/www.blutezeit.com\/pt\/?s={search_term_string}\"},\"query-input\":{\"@type\":\"PropertyValueSpecification\",\"valueRequired\":true,\"valueName\":\"search_term_string\"}}],\"inLanguage\":\"fr-FR\"}]}<\/script>\n<!-- \/ Yoast SEO plugin. -->","yoast_head_json":{"title":"Clutch Keys for ME-GO-600 (DC) - Bl\u00fctezeit","robots":{"index":"index","follow":"follow","max-snippet":"max-snippet:-1","max-image-preview":"max-image-preview:large","max-video-preview":"max-video-preview:-1"},"canonical":"https:\/\/www.blutezeit.com\/fr\/produit\/mky20-clutch-keys-dc-motor-me-go-600\/","og_locale":"fr_FR","og_type":"article","og_title":"Clutch Keys for ME-GO-600 (DC) - Bl\u00fctezeit","og_description":"2-pack hex\/Allen clutch keys for Bl\u00fctezeit ME-GO-600 DC sliding gate openers","og_url":"https:\/\/www.blutezeit.com\/fr\/produit\/mky20-clutch-keys-dc-motor-me-go-600\/","og_site_name":"Bl\u00fctezeit","article_modified_time":"2026-03-09T09:01:46+00:00","og_image":[{"width":2560,"height":2560,"url":"http:\/\/www.blutezeit.com\/wp-content\/uploads\/2026\/01\/DC-Sliding-Gate-Opener-Manual-Clutch-Keys-1-scaled.jpg","type":"image\/jpeg"}],"twitter_card":"summary_large_image","twitter_misc":{"Dur\u00e9e de lecture estim\u00e9e":"2 minutes"},"schema":{"@context":"https:\/\/schema.org","@graph":[{"@type":"WebPage","@id":"https:\/\/www.blutezeit.com\/product\/mky20-clutch-keys-dc-motor-me-go-600\/","url":"https:\/\/www.blutezeit.com\/product\/mky20-clutch-keys-dc-motor-me-go-600\/","name":"Clutch Keys for ME-GO-600 (DC) - Bl\u00fctezeit","isPartOf":{"@id":"https:\/\/www.blutezeit.com\/pt\/#website"},"primaryImageOfPage":{"@id":"https:\/\/www.blutezeit.com\/product\/mky20-clutch-keys-dc-motor-me-go-600\/#primaryimage"},"image":{"@id":"https:\/\/www.blutezeit.com\/product\/mky20-clutch-keys-dc-motor-me-go-600\/#primaryimage"},"thumbnailUrl":"https:\/\/www.blutezeit.com\/wp-content\/uploads\/2026\/01\/DC-Sliding-Gate-Opener-Manual-Clutch-Keys-1-scaled.jpg","datePublished":"2026-01-19T10:24:13+00:00","dateModified":"2026-03-09T09:01:46+00:00","breadcrumb":{"@id":"https:\/\/www.blutezeit.com\/product\/mky20-clutch-keys-dc-motor-me-go-600\/#breadcrumb"},"inLanguage":"fr-FR","potentialAction":[{"@type":"ReadAction","target":["https:\/\/www.blutezeit.com\/product\/mky20-clutch-keys-dc-motor-me-go-600\/"]}]},{"@type":"ImageObject","inLanguage":"fr-FR","@id":"https:\/\/www.blutezeit.com\/product\/mky20-clutch-keys-dc-motor-me-go-600\/#primaryimage","url":"https:\/\/www.blutezeit.com\/wp-content\/uploads\/2026\/01\/DC-Sliding-Gate-Opener-Manual-Clutch-Keys-1-scaled.jpg","contentUrl":"https:\/\/www.blutezeit.com\/wp-content\/uploads\/2026\/01\/DC-Sliding-Gate-Opener-Manual-Clutch-Keys-1-scaled.jpg","width":2560,"height":2560},{"@type":"BreadcrumbList","@id":"https:\/\/www.blutezeit.com\/product\/mky20-clutch-keys-dc-motor-me-go-600\/#breadcrumb","itemListElement":[{"@type":"ListItem","position":1,"name":"\u9996\u9875","item":"https:\/\/www.blutezeit.com\/pt\/"},{"@type":"ListItem","position":2,"name":"Product","item":"https:\/\/www.blutezeit.com\/pt\/shop\/"},{"@type":"ListItem","position":3,"name":"Clutch Keys for ME-GO-600 (DC)"}]},{"@type":"WebSite","@id":"https:\/\/www.blutezeit.com\/pt\/#website","url":"https:\/\/www.blutezeit.com\/pt\/","name":"Fleur","description":"Syst\u00e8mes d&#039;ouverture de portail intelligents et solaires","potentialAction":[{"@type":"SearchAction","target":{"@type":"EntryPoint","urlTemplate":"https:\/\/www.blutezeit.com\/pt\/?s={search_term_string}"},"query-input":{"@type":"PropertyValueSpecification","valueRequired":true,"valueName":"search_term_string"}}],"inLanguage":"fr-FR"}]}},"_links":{"self":[{"href":"https:\/\/www.blutezeit.com\/fr\/wp-json\/wp\/v2\/product\/1626","targetHints":{"allow":["GET"]}}],"collection":[{"href":"https:\/\/www.blutezeit.com\/fr\/wp-json\/wp\/v2\/product"}],"about":[{"href":"https:\/\/www.blutezeit.com\/fr\/wp-json\/wp\/v2\/types\/product"}],"replies":[{"embeddable":true,"href":"https:\/\/www.blutezeit.com\/fr\/wp-json\/wp\/v2\/comments?post=1626"}],"wp:featuredmedia":[{"embeddable":true,"href":"https:\/\/www.blutezeit.com\/fr\/wp-json\/wp\/v2\/media\/1620"}],"wp:attachment":[{"href":"https:\/\/www.blutezeit.com\/fr\/wp-json\/wp\/v2\/media?parent=1626"}],"wp:term":[{"taxonomy":"product_brand","embeddable":true,"href":"https:\/\/www.blutezeit.com\/fr\/wp-json\/wp\/v2\/product_brand?post=1626"},{"taxonomy":"product_cat","embeddable":true,"href":"https:\/\/www.blutezeit.com\/fr\/wp-json\/wp\/v2\/product_cat?post=1626"},{"taxonomy":"product_tag","embeddable":true,"href":"https:\/\/www.blutezeit.com\/fr\/wp-json\/wp\/v2\/product_tag?post=1626"}],"curies":[{"name":"wp","href":"https:\/\/api.w.org\/{rel}","templated":true}]}}