{"id":1591,"date":"2026-01-12T10:16:09","date_gmt":"2026-01-12T10:16:09","guid":{"rendered":"https:\/\/www.blutezeit.com\/?post_type=product&#038;p=1591"},"modified":"2026-03-09T09:02:15","modified_gmt":"2026-03-09T09:02:15","slug":"mtr01-timer-relay-gate-opener","status":"publish","type":"product","link":"https:\/\/www.blutezeit.com\/fr\/produit\/mtr01-timer-relay-gate-opener\/","title":{"rendered":"Relais temporis\u00e9"},"content":{"rendered":"<div class=\"celwidget aplus-module premium-module-2-fullbackground-image aplus-premium\" data-csa-c-id=\"hcpw8n-vshh7n-q7kogs-3cus75\" data-cel-widget=\"aplus-premium-module-2-fullbackground-image\">\n<div class=\"a-section a-spacing-none premium-aplus premium-aplus-module-2\">\n<h3 class=\"a-text-center aplus-container-3 aplus-h1 a-text-bold\">Relais temporis\u00e9 intelligent \u2013 Contr\u00f4le pr\u00e9cis du temps pour les ouvre-portails Bl\u00fctezeit<\/h3>\n<ul class=\"a-unordered-list a-vertical a-spacing-mini\">\n<li class=\"a-spacing-mini\"><span class=\"a-list-item\">[Compatibilit\u00e9 universelle] \u2013 Fonctionne avec tous les moteurs de portail Bl\u00fctezeit et la plupart des syst\u00e8mes de portail CA ou CC d&#039;autres marques. Id\u00e9al pour la programmation automatique de l&#039;ouverture et de la fermeture du portail.<\/span><\/li>\n<li class=\"a-spacing-mini\"><span class=\"a-list-item\">[Sortie relais normalement ouverte unique] \u2013 Relais monocanal (NO) pour un d\u00e9clenchement stable et s\u00e9curis\u00e9. Chaque module contr\u00f4le une action\u00a0; utilisez des temporisateurs s\u00e9par\u00e9s pour la programmation de l\u2019ouverture et de la fermeture si n\u00e9cessaire.<\/span><\/li>\n<li class=\"a-spacing-mini\"><span class=\"a-list-item\">[Programmation horaire personnalisable] \u2013 Prend en charge jusqu&#039;\u00e0 20 groupes de minuterie. Programmez facilement les heures de marche\/arr\u00eat au format 24 heures pour automatiser le fonctionnement du portail selon vos routines quotidiennes ou hebdomadaires.<\/span><\/li>\n<li class=\"a-spacing-mini\"><span class=\"a-list-item\">[Utilisation conviviale] \u2013 Comprend les boutons SET, ENTER et PREVIOUS\/NEXT pour une configuration rapide. Commutation automatique\/manuelle avec voyant lumineux indiquant l&#039;\u00e9tat de fonctionnement en temps r\u00e9el.<\/span><\/li>\n<li class=\"a-spacing-mini\"><span class=\"a-list-item\">[Conception durable et efficace] \u2013 Fonctionne en courant continu de 5 \u00e0 30 V avec une faible consommation. Compact, fiable et facile \u00e0 connecter gr\u00e2ce aux bornes de relais COM\/NO standard pour une int\u00e9gration parfaite \u00e0 votre carte de commande de portail.<\/span><\/li>\n<\/ul>\n<div class=\"a-section a-spacing-none premium-background-wrapper\">\n<div class=\"a-section a-spacing-none background-image\"><img decoding=\"async\" class=\"\" src=\"https:\/\/m.media-amazon.com\/images\/S\/aplus-media-library-service-media\/e3e753ae-4f22-46a8-bfed-50e307bb6c88.__CR0,0,1464,600_PT0_SX1464_V1___.jpg\" alt=\"Time Relay, Timer Control Module for Sliding &amp;amp; Swing Gate Openers\" data-src=\"https:\/\/m.media-amazon.com\/images\/S\/aplus-media-library-service-media\/e3e753ae-4f22-46a8-bfed-50e307bb6c88.__CR0,0,1464,600_PT0_SX1464_V1___.jpg\" \/><\/div>\n<\/div>\n<div class=\"a-section a-text-center\"><\/div>\n<\/div>\n<\/div>\n<div class=\"celwidget aplus-module premium-module-2-fullbackground-image aplus-premium\" data-csa-c-id=\"iw27de-hxi6fk-do5l63-8mnrh9\" data-cel-widget=\"aplus-premium-module-2-fullbackground-image\">\n<div class=\"a-section a-spacing-none premium-aplus premium-aplus-module-2\">\n<div class=\"a-section a-spacing-none premium-background-wrapper\">\n<div class=\"a-section a-spacing-none background-image\"><img decoding=\"async\" class=\"\" src=\"https:\/\/m.media-amazon.com\/images\/S\/aplus-media-library-service-media\/ad054146-717a-4685-abcb-7dbf299b8622.__CR0,0,1464,600_PT0_SX1464_V1___.jpg\" alt=\"Timer Relay Dimension, with 1.5ft Cable\" data-src=\"https:\/\/m.media-amazon.com\/images\/S\/aplus-media-library-service-media\/ad054146-717a-4685-abcb-7dbf299b8622.__CR0,0,1464,600_PT0_SX1464_V1___.jpg\" \/><\/div>\n<\/div>\n<\/div>\n<\/div>","protected":false},"excerpt":{"rendered":"<p>Relais temporis\u00e9 multifonctionnel AC\/DC 5\u201330V avec affichage LED pour ouvre-portails coulissants et battants<\/p>","protected":false},"featured_media":1596,"comment_status":"open","ping_status":"closed","template":"","meta":[],"product_brand":[],"product_cat":[79,22],"product_tag":[],"class_list":{"0":"post-1591","1":"product","2":"type-product","3":"status-publish","4":"has-post-thumbnail","6":"product_cat-smart-module-automation-control","7":"product_cat-accessories","9":"first","10":"instock","11":"shipping-taxable","12":"purchasable","13":"product-type-simple"},"yoast_head":"<!-- This site is optimized with the Yoast SEO plugin v26.4 - https:\/\/yoast.com\/wordpress\/plugins\/seo\/ -->\n<title>Timer Relay - Bl\u00fctezeit<\/title>\n<meta name=\"robots\" content=\"index, follow, max-snippet:-1, max-image-preview:large, max-video-preview:-1\" \/>\n<link rel=\"canonical\" href=\"https:\/\/www.blutezeit.com\/fr\/produit\/mtr01-timer-relay-gate-opener\/\" \/>\n<meta property=\"og:locale\" content=\"fr_FR\" \/>\n<meta property=\"og:type\" content=\"article\" \/>\n<meta property=\"og:title\" content=\"Timer Relay - Bl\u00fctezeit\" \/>\n<meta property=\"og:description\" content=\"AC\/DC 5\u201330V multifunctional timer relay with LED display for sliding &amp; swing gate openers\" \/>\n<meta property=\"og:url\" content=\"https:\/\/www.blutezeit.com\/fr\/produit\/mtr01-timer-relay-gate-opener\/\" \/>\n<meta property=\"og:site_name\" content=\"Bl\u00fctezeit\" \/>\n<meta property=\"article:modified_time\" content=\"2026-03-09T09:02:15+00:00\" \/>\n<meta property=\"og:image\" content=\"http:\/\/www.blutezeit.com\/wp-content\/uploads\/2026\/01\/Time-Relay-for-Gate-Openers-2-1-scaled.jpg\" \/>\n\t<meta property=\"og:image:width\" content=\"2560\" \/>\n\t<meta property=\"og:image:height\" content=\"2560\" \/>\n\t<meta property=\"og:image:type\" content=\"image\/jpeg\" \/>\n<meta name=\"twitter:card\" content=\"summary_large_image\" \/>\n<meta name=\"twitter:label1\" content=\"Dur\u00e9e de lecture estim\u00e9e\" \/>\n\t<meta name=\"twitter:data1\" content=\"2 minutes\" \/>\n<script type=\"application\/ld+json\" class=\"yoast-schema-graph\">{\"@context\":\"https:\/\/schema.org\",\"@graph\":[{\"@type\":\"WebPage\",\"@id\":\"https:\/\/www.blutezeit.com\/product\/mtr01-timer-relay-gate-opener\/\",\"url\":\"https:\/\/www.blutezeit.com\/product\/mtr01-timer-relay-gate-opener\/\",\"name\":\"Timer Relay - Bl\u00fctezeit\",\"isPartOf\":{\"@id\":\"https:\/\/www.blutezeit.com\/pt\/#website\"},\"primaryImageOfPage\":{\"@id\":\"https:\/\/www.blutezeit.com\/product\/mtr01-timer-relay-gate-opener\/#primaryimage\"},\"image\":{\"@id\":\"https:\/\/www.blutezeit.com\/product\/mtr01-timer-relay-gate-opener\/#primaryimage\"},\"thumbnailUrl\":\"https:\/\/www.blutezeit.com\/wp-content\/uploads\/2026\/01\/Time-Relay-for-Gate-Openers-2-1-scaled.jpg\",\"datePublished\":\"2026-01-12T10:16:09+00:00\",\"dateModified\":\"2026-03-09T09:02:15+00:00\",\"breadcrumb\":{\"@id\":\"https:\/\/www.blutezeit.com\/product\/mtr01-timer-relay-gate-opener\/#breadcrumb\"},\"inLanguage\":\"fr-FR\",\"potentialAction\":[{\"@type\":\"ReadAction\",\"target\":[\"https:\/\/www.blutezeit.com\/product\/mtr01-timer-relay-gate-opener\/\"]}]},{\"@type\":\"ImageObject\",\"inLanguage\":\"fr-FR\",\"@id\":\"https:\/\/www.blutezeit.com\/product\/mtr01-timer-relay-gate-opener\/#primaryimage\",\"url\":\"https:\/\/www.blutezeit.com\/wp-content\/uploads\/2026\/01\/Time-Relay-for-Gate-Openers-2-1-scaled.jpg\",\"contentUrl\":\"https:\/\/www.blutezeit.com\/wp-content\/uploads\/2026\/01\/Time-Relay-for-Gate-Openers-2-1-scaled.jpg\",\"width\":2560,\"height\":2560},{\"@type\":\"BreadcrumbList\",\"@id\":\"https:\/\/www.blutezeit.com\/product\/mtr01-timer-relay-gate-opener\/#breadcrumb\",\"itemListElement\":[{\"@type\":\"ListItem\",\"position\":1,\"name\":\"\u9996\u9875\",\"item\":\"https:\/\/www.blutezeit.com\/pt\/\"},{\"@type\":\"ListItem\",\"position\":2,\"name\":\"Product\",\"item\":\"https:\/\/www.blutezeit.com\/pt\/shop\/\"},{\"@type\":\"ListItem\",\"position\":3,\"name\":\"Timer Relay\"}]},{\"@type\":\"WebSite\",\"@id\":\"https:\/\/www.blutezeit.com\/pt\/#website\",\"url\":\"https:\/\/www.blutezeit.com\/pt\/\",\"name\":\"Bl\u00fctezeit\",\"description\":\"Smart &amp; Solar Gate Opener Systems\",\"potentialAction\":[{\"@type\":\"SearchAction\",\"target\":{\"@type\":\"EntryPoint\",\"urlTemplate\":\"https:\/\/www.blutezeit.com\/pt\/?s={search_term_string}\"},\"query-input\":{\"@type\":\"PropertyValueSpecification\",\"valueRequired\":true,\"valueName\":\"search_term_string\"}}],\"inLanguage\":\"fr-FR\"}]}<\/script>\n<!-- \/ Yoast SEO plugin. -->","yoast_head_json":{"title":"Timer Relay - Bl\u00fctezeit","robots":{"index":"index","follow":"follow","max-snippet":"max-snippet:-1","max-image-preview":"max-image-preview:large","max-video-preview":"max-video-preview:-1"},"canonical":"https:\/\/www.blutezeit.com\/fr\/produit\/mtr01-timer-relay-gate-opener\/","og_locale":"fr_FR","og_type":"article","og_title":"Timer Relay - Bl\u00fctezeit","og_description":"AC\/DC 5\u201330V multifunctional timer relay with LED display for sliding &amp; swing gate openers","og_url":"https:\/\/www.blutezeit.com\/fr\/produit\/mtr01-timer-relay-gate-opener\/","og_site_name":"Bl\u00fctezeit","article_modified_time":"2026-03-09T09:02:15+00:00","og_image":[{"width":2560,"height":2560,"url":"http:\/\/www.blutezeit.com\/wp-content\/uploads\/2026\/01\/Time-Relay-for-Gate-Openers-2-1-scaled.jpg","type":"image\/jpeg"}],"twitter_card":"summary_large_image","twitter_misc":{"Dur\u00e9e de lecture estim\u00e9e":"2 minutes"},"schema":{"@context":"https:\/\/schema.org","@graph":[{"@type":"WebPage","@id":"https:\/\/www.blutezeit.com\/product\/mtr01-timer-relay-gate-opener\/","url":"https:\/\/www.blutezeit.com\/product\/mtr01-timer-relay-gate-opener\/","name":"Timer Relay - Bl\u00fctezeit","isPartOf":{"@id":"https:\/\/www.blutezeit.com\/pt\/#website"},"primaryImageOfPage":{"@id":"https:\/\/www.blutezeit.com\/product\/mtr01-timer-relay-gate-opener\/#primaryimage"},"image":{"@id":"https:\/\/www.blutezeit.com\/product\/mtr01-timer-relay-gate-opener\/#primaryimage"},"thumbnailUrl":"https:\/\/www.blutezeit.com\/wp-content\/uploads\/2026\/01\/Time-Relay-for-Gate-Openers-2-1-scaled.jpg","datePublished":"2026-01-12T10:16:09+00:00","dateModified":"2026-03-09T09:02:15+00:00","breadcrumb":{"@id":"https:\/\/www.blutezeit.com\/product\/mtr01-timer-relay-gate-opener\/#breadcrumb"},"inLanguage":"fr-FR","potentialAction":[{"@type":"ReadAction","target":["https:\/\/www.blutezeit.com\/product\/mtr01-timer-relay-gate-opener\/"]}]},{"@type":"ImageObject","inLanguage":"fr-FR","@id":"https:\/\/www.blutezeit.com\/product\/mtr01-timer-relay-gate-opener\/#primaryimage","url":"https:\/\/www.blutezeit.com\/wp-content\/uploads\/2026\/01\/Time-Relay-for-Gate-Openers-2-1-scaled.jpg","contentUrl":"https:\/\/www.blutezeit.com\/wp-content\/uploads\/2026\/01\/Time-Relay-for-Gate-Openers-2-1-scaled.jpg","width":2560,"height":2560},{"@type":"BreadcrumbList","@id":"https:\/\/www.blutezeit.com\/product\/mtr01-timer-relay-gate-opener\/#breadcrumb","itemListElement":[{"@type":"ListItem","position":1,"name":"\u9996\u9875","item":"https:\/\/www.blutezeit.com\/pt\/"},{"@type":"ListItem","position":2,"name":"Product","item":"https:\/\/www.blutezeit.com\/pt\/shop\/"},{"@type":"ListItem","position":3,"name":"Timer Relay"}]},{"@type":"WebSite","@id":"https:\/\/www.blutezeit.com\/pt\/#website","url":"https:\/\/www.blutezeit.com\/pt\/","name":"Fleur","description":"Syst\u00e8mes d&#039;ouverture de portail intelligents et solaires","potentialAction":[{"@type":"SearchAction","target":{"@type":"EntryPoint","urlTemplate":"https:\/\/www.blutezeit.com\/pt\/?s={search_term_string}"},"query-input":{"@type":"PropertyValueSpecification","valueRequired":true,"valueName":"search_term_string"}}],"inLanguage":"fr-FR"}]}},"_links":{"self":[{"href":"https:\/\/www.blutezeit.com\/fr\/wp-json\/wp\/v2\/product\/1591","targetHints":{"allow":["GET"]}}],"collection":[{"href":"https:\/\/www.blutezeit.com\/fr\/wp-json\/wp\/v2\/product"}],"about":[{"href":"https:\/\/www.blutezeit.com\/fr\/wp-json\/wp\/v2\/types\/product"}],"replies":[{"embeddable":true,"href":"https:\/\/www.blutezeit.com\/fr\/wp-json\/wp\/v2\/comments?post=1591"}],"wp:featuredmedia":[{"embeddable":true,"href":"https:\/\/www.blutezeit.com\/fr\/wp-json\/wp\/v2\/media\/1596"}],"wp:attachment":[{"href":"https:\/\/www.blutezeit.com\/fr\/wp-json\/wp\/v2\/media?parent=1591"}],"wp:term":[{"taxonomy":"product_brand","embeddable":true,"href":"https:\/\/www.blutezeit.com\/fr\/wp-json\/wp\/v2\/product_brand?post=1591"},{"taxonomy":"product_cat","embeddable":true,"href":"https:\/\/www.blutezeit.com\/fr\/wp-json\/wp\/v2\/product_cat?post=1591"},{"taxonomy":"product_tag","embeddable":true,"href":"https:\/\/www.blutezeit.com\/fr\/wp-json\/wp\/v2\/product_tag?post=1591"}],"curies":[{"name":"wp","href":"https:\/\/api.w.org\/{rel}","templated":true}]}}