{"id":1520,"date":"2025-12-29T09:48:35","date_gmt":"2025-12-29T09:48:35","guid":{"rendered":"https:\/\/www.blutezeit.com\/?post_type=product&#038;p=1520"},"modified":"2026-01-06T09:24:41","modified_gmt":"2026-01-06T09:24:41","slug":"mcs06p-12in-solar-panel-parallel-cable-ms-swing-gate-opener","status":"publish","type":"product","link":"https:\/\/www.blutezeit.com\/fr\/produit\/mcs06p-12in-solar-panel-parallel-cable-ms-swing-gate-opener\/","title":{"rendered":"C\u00e2ble parall\u00e8le pour panneau solaire 12 pouces pour ouvre-portails battants ME-MS"},"content":{"rendered":"<h5><strong><span class=\"a-text-bold\">Kit adaptateur solaire Bl\u00fctezeit \u2013 C\u00e2ble parall\u00e8le pour ouvre-portail battant ME-MS avec connecteurs \u00e9tanches<\/span><\/strong><\/h5>\n<p><span class=\"a-text-bold\">But<\/span><br \/>\nCon\u00e7u sp\u00e9cifiquement pour le moteur d&#039;ouverture de portail battant ME-MS, ce kit d&#039;adaptation comprend des c\u00e2bles d&#039;alimentation CC \u00e0 double port de 30 cm avec connecteurs \u00e9tanches. Il permet une connexion ais\u00e9e de panneaux solaires auxiliaires ou de modules externes, garantissant ainsi un fonctionnement fiable et r\u00e9sistant aux intemp\u00e9ries pour les installations ext\u00e9rieures.<\/p>\n<p><span class=\"a-text-bold\">Transmission de puissance fiable<\/span><br \/>\nLe c\u00e2blage en cuivre pur et les connecteurs de haute qualit\u00e9 assurent un transfert d&#039;\u00e9nergie stable et efficace. Le kit s&#039;int\u00e8gre parfaitement aux r\u00e9gulateurs solaires pour optimiser l&#039;efficacit\u00e9 de la charge et faciliter l&#039;extension du syst\u00e8me.<\/p>\n<p><span class=\"a-text-bold\">R\u00e9sistant aux intemp\u00e9ries et durable<\/span><br \/>\nCon\u00e7u pour une utilisation ext\u00e9rieure prolong\u00e9e, le kit d&#039;adaptation r\u00e9siste aux conditions difficiles, assurant des performances constantes et une fiabilit\u00e9 durable pour votre syst\u00e8me d&#039;ouverture de portail.<\/p>\n<p><span class=\"a-text-bold\">Conception compacte<\/span><br \/>\nLa longueur du c\u00e2ble de 12 pouces (0,3 m) offre une solution pratique et flexible pour ajouter des panneaux ou des modules solaires sans encombrement excessif de c\u00e2blage.<\/p>\n<p><strong><span class=\"a-text-bold\">\u2705 Sp\u00e9cifications<\/span><\/strong><\/p>\n<ul class=\"a-unordered-list a-vertical\">\n<li><span class=\"a-list-item\"><span class=\"a-text-bold\">Compatibilit\u00e9:<\/span>\u00a0Ouvre-portail battant ME-MS<\/span><\/li>\n<li><span class=\"a-list-item\"><span class=\"a-text-bold\">Longueur du c\u00e2ble :<\/span>\u00a0Faisceau de c\u00e2bles CC \u00e0 double port de 12 pouces (0,3 m\u00e8tre)<\/span><\/li>\n<li><span class=\"a-list-item\"><span class=\"a-text-bold\">Type de connecteur :<\/span>\u00a01 femelle vers 2 m\u00e2les (5,5 mm \u00d7 2,1 mm) avec protection \u00e9tanche<\/span><\/li>\n<li><span class=\"a-list-item\"><span class=\"a-text-bold\">Mat\u00e9riel:<\/span>\u00a0C\u00e2blage en cuivre pur pour une conductivit\u00e9 optimale<\/span><\/li>\n<li><span class=\"a-list-item\"><span class=\"a-text-bold\">R\u00e9sistance aux intemp\u00e9ries :<\/span>\u00a0Imperm\u00e9able et durable pour une utilisation en ext\u00e9rieur<\/span><\/li>\n<li><span class=\"a-list-item\"><span class=\"a-text-bold\">Fonctionnalit\u00e9:<\/span>\u00a0Raccorde les panneaux solaires auxiliaires \u00e0 l&#039;ouvre-portail, am\u00e9liorant ainsi l&#039;efficacit\u00e9 \u00e9nerg\u00e9tique et permettant l&#039;extension du syst\u00e8me.<\/span><\/li>\n<\/ul>","protected":false},"excerpt":{"rendered":"<p>C\u00e2ble parall\u00e8le CC \u00e0 double port de 12 pouces pour le raccordement en parall\u00e8le de panneaux solaires aux ouvre-portails battants Bl\u00fctezeit s\u00e9rie ME-MS<\/p>","protected":false},"featured_media":1522,"comment_status":"open","ping_status":"closed","template":"","meta":[],"product_brand":[33],"product_cat":[80,22],"product_tag":[],"class_list":{"0":"post-1520","1":"product","2":"type-product","3":"status-publish","4":"has-post-thumbnail","6":"product_brand-blutezeit","7":"product_cat-solar-power-supply","8":"product_cat-accessories","10":"first","11":"instock","12":"shipping-taxable","13":"purchasable","14":"product-type-simple"},"yoast_head":"<!-- This site is optimized with the Yoast SEO plugin v26.4 - https:\/\/yoast.com\/wordpress\/plugins\/seo\/ -->\n<title>Solar Panel Parallel Cable 12in for ME-MS Swing Gate Openers - Bl\u00fctezeit<\/title>\n<meta name=\"robots\" content=\"index, follow, max-snippet:-1, max-image-preview:large, max-video-preview:-1\" \/>\n<link rel=\"canonical\" href=\"https:\/\/www.blutezeit.com\/fr\/produit\/mcs06p-12in-solar-panel-parallel-cable-ms-swing-gate-opener\/\" \/>\n<meta property=\"og:locale\" content=\"fr_FR\" \/>\n<meta property=\"og:type\" content=\"article\" \/>\n<meta property=\"og:title\" content=\"Solar Panel Parallel Cable 12in for ME-MS Swing Gate Openers - Bl\u00fctezeit\" \/>\n<meta property=\"og:description\" content=\"12-inch dual-port DC parallel cable for connecting solar panels in parallel to Bl\u00fctezeit ME-MS series swing gate openers\" \/>\n<meta property=\"og:url\" content=\"https:\/\/www.blutezeit.com\/fr\/produit\/mcs06p-12in-solar-panel-parallel-cable-ms-swing-gate-opener\/\" \/>\n<meta property=\"og:site_name\" content=\"Bl\u00fctezeit\" \/>\n<meta property=\"article:modified_time\" content=\"2026-01-06T09:24:41+00:00\" \/>\n<meta property=\"og:image\" content=\"http:\/\/www.blutezeit.com\/wp-content\/uploads\/2025\/12\/Parallel-Cable-for-MS-Swing-Gate-Opener-Solar-Panel-1-scaled.jpg\" \/>\n\t<meta property=\"og:image:width\" content=\"2560\" \/>\n\t<meta property=\"og:image:height\" content=\"2560\" \/>\n\t<meta property=\"og:image:type\" content=\"image\/jpeg\" \/>\n<meta name=\"twitter:card\" content=\"summary_large_image\" \/>\n<meta name=\"twitter:label1\" content=\"Dur\u00e9e de lecture estim\u00e9e\" \/>\n\t<meta name=\"twitter:data1\" content=\"2 minutes\" \/>\n<script type=\"application\/ld+json\" class=\"yoast-schema-graph\">{\"@context\":\"https:\/\/schema.org\",\"@graph\":[{\"@type\":\"WebPage\",\"@id\":\"https:\/\/www.blutezeit.com\/product\/mcs06p-12in-solar-panel-parallel-cable-ms-swing-gate-opener\/\",\"url\":\"https:\/\/www.blutezeit.com\/product\/mcs06p-12in-solar-panel-parallel-cable-ms-swing-gate-opener\/\",\"name\":\"Solar Panel Parallel Cable 12in for ME-MS Swing Gate Openers - Bl\u00fctezeit\",\"isPartOf\":{\"@id\":\"https:\/\/www.blutezeit.com\/pt\/#website\"},\"primaryImageOfPage\":{\"@id\":\"https:\/\/www.blutezeit.com\/product\/mcs06p-12in-solar-panel-parallel-cable-ms-swing-gate-opener\/#primaryimage\"},\"image\":{\"@id\":\"https:\/\/www.blutezeit.com\/product\/mcs06p-12in-solar-panel-parallel-cable-ms-swing-gate-opener\/#primaryimage\"},\"thumbnailUrl\":\"https:\/\/www.blutezeit.com\/wp-content\/uploads\/2025\/12\/Parallel-Cable-for-MS-Swing-Gate-Opener-Solar-Panel-1-scaled.jpg\",\"datePublished\":\"2025-12-29T09:48:35+00:00\",\"dateModified\":\"2026-01-06T09:24:41+00:00\",\"breadcrumb\":{\"@id\":\"https:\/\/www.blutezeit.com\/product\/mcs06p-12in-solar-panel-parallel-cable-ms-swing-gate-opener\/#breadcrumb\"},\"inLanguage\":\"fr-FR\",\"potentialAction\":[{\"@type\":\"ReadAction\",\"target\":[\"https:\/\/www.blutezeit.com\/product\/mcs06p-12in-solar-panel-parallel-cable-ms-swing-gate-opener\/\"]}]},{\"@type\":\"ImageObject\",\"inLanguage\":\"fr-FR\",\"@id\":\"https:\/\/www.blutezeit.com\/product\/mcs06p-12in-solar-panel-parallel-cable-ms-swing-gate-opener\/#primaryimage\",\"url\":\"https:\/\/www.blutezeit.com\/wp-content\/uploads\/2025\/12\/Parallel-Cable-for-MS-Swing-Gate-Opener-Solar-Panel-1-scaled.jpg\",\"contentUrl\":\"https:\/\/www.blutezeit.com\/wp-content\/uploads\/2025\/12\/Parallel-Cable-for-MS-Swing-Gate-Opener-Solar-Panel-1-scaled.jpg\",\"width\":2560,\"height\":2560},{\"@type\":\"BreadcrumbList\",\"@id\":\"https:\/\/www.blutezeit.com\/product\/mcs06p-12in-solar-panel-parallel-cable-ms-swing-gate-opener\/#breadcrumb\",\"itemListElement\":[{\"@type\":\"ListItem\",\"position\":1,\"name\":\"\u9996\u9875\",\"item\":\"https:\/\/www.blutezeit.com\/pt\/\"},{\"@type\":\"ListItem\",\"position\":2,\"name\":\"Product\",\"item\":\"https:\/\/www.blutezeit.com\/pt\/shop\/\"},{\"@type\":\"ListItem\",\"position\":3,\"name\":\"Solar Panel Parallel Cable 12in for ME-MS Swing Gate Openers\"}]},{\"@type\":\"WebSite\",\"@id\":\"https:\/\/www.blutezeit.com\/pt\/#website\",\"url\":\"https:\/\/www.blutezeit.com\/pt\/\",\"name\":\"Bl\u00fctezeit\",\"description\":\"Smart &amp; Solar Gate Opener Systems\",\"potentialAction\":[{\"@type\":\"SearchAction\",\"target\":{\"@type\":\"EntryPoint\",\"urlTemplate\":\"https:\/\/www.blutezeit.com\/pt\/?s={search_term_string}\"},\"query-input\":{\"@type\":\"PropertyValueSpecification\",\"valueRequired\":true,\"valueName\":\"search_term_string\"}}],\"inLanguage\":\"fr-FR\"}]}<\/script>\n<!-- \/ Yoast SEO plugin. -->","yoast_head_json":{"title":"Solar Panel Parallel Cable 12in for ME-MS Swing Gate Openers - Bl\u00fctezeit","robots":{"index":"index","follow":"follow","max-snippet":"max-snippet:-1","max-image-preview":"max-image-preview:large","max-video-preview":"max-video-preview:-1"},"canonical":"https:\/\/www.blutezeit.com\/fr\/produit\/mcs06p-12in-solar-panel-parallel-cable-ms-swing-gate-opener\/","og_locale":"fr_FR","og_type":"article","og_title":"Solar Panel Parallel Cable 12in for ME-MS Swing Gate Openers - Bl\u00fctezeit","og_description":"12-inch dual-port DC parallel cable for connecting solar panels in parallel to Bl\u00fctezeit ME-MS series swing gate openers","og_url":"https:\/\/www.blutezeit.com\/fr\/produit\/mcs06p-12in-solar-panel-parallel-cable-ms-swing-gate-opener\/","og_site_name":"Bl\u00fctezeit","article_modified_time":"2026-01-06T09:24:41+00:00","og_image":[{"width":2560,"height":2560,"url":"http:\/\/www.blutezeit.com\/wp-content\/uploads\/2025\/12\/Parallel-Cable-for-MS-Swing-Gate-Opener-Solar-Panel-1-scaled.jpg","type":"image\/jpeg"}],"twitter_card":"summary_large_image","twitter_misc":{"Dur\u00e9e de lecture estim\u00e9e":"2 minutes"},"schema":{"@context":"https:\/\/schema.org","@graph":[{"@type":"WebPage","@id":"https:\/\/www.blutezeit.com\/product\/mcs06p-12in-solar-panel-parallel-cable-ms-swing-gate-opener\/","url":"https:\/\/www.blutezeit.com\/product\/mcs06p-12in-solar-panel-parallel-cable-ms-swing-gate-opener\/","name":"Solar Panel Parallel Cable 12in for ME-MS Swing Gate Openers - Bl\u00fctezeit","isPartOf":{"@id":"https:\/\/www.blutezeit.com\/pt\/#website"},"primaryImageOfPage":{"@id":"https:\/\/www.blutezeit.com\/product\/mcs06p-12in-solar-panel-parallel-cable-ms-swing-gate-opener\/#primaryimage"},"image":{"@id":"https:\/\/www.blutezeit.com\/product\/mcs06p-12in-solar-panel-parallel-cable-ms-swing-gate-opener\/#primaryimage"},"thumbnailUrl":"https:\/\/www.blutezeit.com\/wp-content\/uploads\/2025\/12\/Parallel-Cable-for-MS-Swing-Gate-Opener-Solar-Panel-1-scaled.jpg","datePublished":"2025-12-29T09:48:35+00:00","dateModified":"2026-01-06T09:24:41+00:00","breadcrumb":{"@id":"https:\/\/www.blutezeit.com\/product\/mcs06p-12in-solar-panel-parallel-cable-ms-swing-gate-opener\/#breadcrumb"},"inLanguage":"fr-FR","potentialAction":[{"@type":"ReadAction","target":["https:\/\/www.blutezeit.com\/product\/mcs06p-12in-solar-panel-parallel-cable-ms-swing-gate-opener\/"]}]},{"@type":"ImageObject","inLanguage":"fr-FR","@id":"https:\/\/www.blutezeit.com\/product\/mcs06p-12in-solar-panel-parallel-cable-ms-swing-gate-opener\/#primaryimage","url":"https:\/\/www.blutezeit.com\/wp-content\/uploads\/2025\/12\/Parallel-Cable-for-MS-Swing-Gate-Opener-Solar-Panel-1-scaled.jpg","contentUrl":"https:\/\/www.blutezeit.com\/wp-content\/uploads\/2025\/12\/Parallel-Cable-for-MS-Swing-Gate-Opener-Solar-Panel-1-scaled.jpg","width":2560,"height":2560},{"@type":"BreadcrumbList","@id":"https:\/\/www.blutezeit.com\/product\/mcs06p-12in-solar-panel-parallel-cable-ms-swing-gate-opener\/#breadcrumb","itemListElement":[{"@type":"ListItem","position":1,"name":"\u9996\u9875","item":"https:\/\/www.blutezeit.com\/pt\/"},{"@type":"ListItem","position":2,"name":"Product","item":"https:\/\/www.blutezeit.com\/pt\/shop\/"},{"@type":"ListItem","position":3,"name":"Solar Panel Parallel Cable 12in for ME-MS Swing Gate Openers"}]},{"@type":"WebSite","@id":"https:\/\/www.blutezeit.com\/pt\/#website","url":"https:\/\/www.blutezeit.com\/pt\/","name":"Fleur","description":"Syst\u00e8mes d&#039;ouverture de portail intelligents et solaires","potentialAction":[{"@type":"SearchAction","target":{"@type":"EntryPoint","urlTemplate":"https:\/\/www.blutezeit.com\/pt\/?s={search_term_string}"},"query-input":{"@type":"PropertyValueSpecification","valueRequired":true,"valueName":"search_term_string"}}],"inLanguage":"fr-FR"}]}},"_links":{"self":[{"href":"https:\/\/www.blutezeit.com\/fr\/wp-json\/wp\/v2\/product\/1520","targetHints":{"allow":["GET"]}}],"collection":[{"href":"https:\/\/www.blutezeit.com\/fr\/wp-json\/wp\/v2\/product"}],"about":[{"href":"https:\/\/www.blutezeit.com\/fr\/wp-json\/wp\/v2\/types\/product"}],"replies":[{"embeddable":true,"href":"https:\/\/www.blutezeit.com\/fr\/wp-json\/wp\/v2\/comments?post=1520"}],"wp:featuredmedia":[{"embeddable":true,"href":"https:\/\/www.blutezeit.com\/fr\/wp-json\/wp\/v2\/media\/1522"}],"wp:attachment":[{"href":"https:\/\/www.blutezeit.com\/fr\/wp-json\/wp\/v2\/media?parent=1520"}],"wp:term":[{"taxonomy":"product_brand","embeddable":true,"href":"https:\/\/www.blutezeit.com\/fr\/wp-json\/wp\/v2\/product_brand?post=1520"},{"taxonomy":"product_cat","embeddable":true,"href":"https:\/\/www.blutezeit.com\/fr\/wp-json\/wp\/v2\/product_cat?post=1520"},{"taxonomy":"product_tag","embeddable":true,"href":"https:\/\/www.blutezeit.com\/fr\/wp-json\/wp\/v2\/product_tag?post=1520"}],"curies":[{"name":"wp","href":"https:\/\/api.w.org\/{rel}","templated":true}]}}