{"id":1469,"date":"2025-12-08T10:45:21","date_gmt":"2025-12-08T10:45:21","guid":{"rendered":"https:\/\/www.blutezeit.com\/?post_type=product&#038;p=1469"},"modified":"2026-03-09T09:01:23","modified_gmt":"2026-03-09T09:01:23","slug":"mwk20-wired-keypad-metal-ip67-rfid-pin","status":"publish","type":"product","link":"https:\/\/www.blutezeit.com\/fr\/produit\/mwk20-wired-keypad-metal-ip67-rfid-pin\/","title":{"rendered":"Clavier filaire (RFID + code PIN, IP67)"},"content":{"rendered":"<div class=\"celwidget aplus-module premium-module-2-fullbackground-image aplus-premium\" data-csa-c-id=\"f0jigs-gl6v33-ao8lsn-n0ncf2\" data-cel-widget=\"aplus-premium-module-2-fullbackground-image\">\n<div class=\"celwidget aplus-module premium-module-2-fullbackground-image aplus-premium\" data-csa-c-id=\"8kyy9c-ru9r3y-9g6ez2-x3dqql\" data-cel-widget=\"aplus-premium-module-2-fullbackground-image\">\n<div class=\"a-section a-spacing-none premium-aplus premium-aplus-module-2\">\n<div class=\"celwidget aplus-module premium-module-2-fullbackground-image aplus-premium\" data-csa-c-id=\"8kyy9c-ru9r3y-9g6ez2-x3dqql\" data-cel-widget=\"aplus-premium-module-2-fullbackground-image\">\n<div class=\"a-section a-spacing-none premium-aplus premium-aplus-module-2\">\n<div class=\"celwidget aplus-module premium-module-2-fullbackground-image aplus-premium\" data-csa-c-id=\"8kyy9c-ru9r3y-9g6ez2-x3dqql\" data-cel-widget=\"aplus-premium-module-2-fullbackground-image\">\n<div class=\"a-section a-spacing-none premium-aplus premium-aplus-module-2\">\n<h3 class=\"a-text-center aplus-container-3 aplus-h1 a-text-bold\"><strong>Syst\u00e8me de contr\u00f4le d&#039;acc\u00e8s \u00e0 clavier filaire \u00e9tanche Bl\u00fctezeit IP67<\/strong><\/h3>\n<div class=\"a-section a-spacing-none premium-background-wrapper\">\n<div class=\"a-section a-spacing-none background-image\"><img decoding=\"async\" class=\"\" src=\"https:\/\/m.media-amazon.com\/images\/S\/aplus-media-library-service-media\/fbbfc2dd-1bd7-472a-a033-eb264d1f016a.__CR0,0,1464,600_PT0_SX1464_V1___.jpg\" alt=\"Wired keypad for gate openers, secure PIN entry, compatible with sliding and swing gates\" data-src=\"https:\/\/m.media-amazon.com\/images\/S\/aplus-media-library-service-media\/fbbfc2dd-1bd7-472a-a033-eb264d1f016a.__CR0,0,1464,600_PT0_SX1464_V1___.jpg\" \/><\/div>\n<\/div>\n<div><\/div>\n<div class=\"a-section a-text-center\"><strong style=\"font-size: 25px;\">Acc\u00e8s multifonction, s\u00e9curis\u00e9 et ergonomique, c\u00e2ble de 5 m (16,5 pi)<\/strong><\/div>\n<\/div>\n<\/div>\n<div class=\"celwidget aplus-module premium-module-2-fullbackground-image aplus-premium\" data-csa-c-id=\"6lxf9j-w949ug-7brylu-7r1gk6\" data-cel-widget=\"aplus-premium-module-2-fullbackground-image\">\n<div class=\"a-section a-spacing-none premium-aplus premium-aplus-module-2\">\n<div class=\"a-section a-spacing-none premium-background-wrapper\">\n<div class=\"a-section a-spacing-none background-image\"><img decoding=\"async\" class=\"\" src=\"https:\/\/m.media-amazon.com\/images\/S\/aplus-media-library-service-media\/504693ee-240d-4c93-9cc9-bd2b60e4709c.__CR0,0,1464,600_PT0_SX1464_V1___.jpg\" alt=\"Metal keypad with IP67 rating, LED backlight, supports RFID and password for 2000 users\" data-src=\"https:\/\/m.media-amazon.com\/images\/S\/aplus-media-library-service-media\/504693ee-240d-4c93-9cc9-bd2b60e4709c.__CR0,0,1464,600_PT0_SX1464_V1___.jpg\" \/><\/div>\n<\/div>\n<div><\/div>\n<div class=\"a-section a-text-center\"><strong style=\"font-size: 25px;\">Clavier d&#039;acc\u00e8s s\u00e9rie Bl\u00fctezeit<\/strong><\/div>\n<\/div>\n<\/div>\n<div class=\"celwidget aplus-module premium-module-2-fullbackground-image aplus-premium\" data-csa-c-id=\"z88phc-5uh9nj-othxeu-w7k7f2\" data-cel-widget=\"aplus-premium-module-2-fullbackground-image\">\n<div class=\"a-section a-spacing-none premium-aplus premium-aplus-module-2\">\n<div class=\"a-section a-spacing-none premium-background-wrapper\">\n<div class=\"a-section a-spacing-none background-image\"><img decoding=\"async\" class=\"\" src=\"https:\/\/m.media-amazon.com\/images\/S\/aplus-media-library-service-media\/e68e7ae2-07d9-4f2a-a5b0-d5bd0cfc89e0.__CR0,0,1464,600_PT0_SX1464_V1___.jpg\" alt=\"RFID keypad includes 2 cards, writable back, supports additional card pairing for gate control\" data-src=\"https:\/\/m.media-amazon.com\/images\/S\/aplus-media-library-service-media\/e68e7ae2-07d9-4f2a-a5b0-d5bd0cfc89e0.__CR0,0,1464,600_PT0_SX1464_V1___.jpg\" \/><\/div>\n<\/div>\n<div class=\"a-section a-text-center\"><img decoding=\"async\" class=\"\" src=\"https:\/\/m.media-amazon.com\/images\/S\/aplus-media-library-service-media\/65efca00-5663-46e1-aa69-55f25c8f915b.__CR0,0,1464,600_PT0_SX1464_V1___.jpg\" alt=\"16.5ft extension cable for wired keypad, keyless access entry system, sliding gate opener motors\" data-src=\"https:\/\/m.media-amazon.com\/images\/S\/aplus-media-library-service-media\/65efca00-5663-46e1-aa69-55f25c8f915b.__CR0,0,1464,600_PT0_SX1464_V1___.jpg\" \/><\/div>\n<\/div>\n<\/div>\n<div class=\"celwidget aplus-module premium-module-2-fullbackground-image aplus-premium\" data-csa-c-id=\"5l1dvx-o9s7zk-ldhwir-mt41v5\" data-cel-widget=\"aplus-premium-module-2-fullbackground-image\">\n<div class=\"a-section a-spacing-none premium-aplus premium-aplus-module-2\">\n<h3><strong>Compatible avec toutes les gammes d&#039;ouvre-portails Bl\u00fctezeit<\/strong><\/h3>\n<\/div>\n<\/div>\n<div class=\"celwidget aplus-module premium-module-2-fullbackground-image aplus-premium\" data-csa-c-id=\"6mos1a-tb3u06-48e1ur-64nti5\" data-cel-widget=\"aplus-premium-module-2-fullbackground-image\">\n<div class=\"a-section a-spacing-none premium-aplus premium-aplus-module-2\">\n<div class=\"a-section a-spacing-none premium-background-wrapper\">\n<div class=\"a-section a-spacing-none background-image\"><img decoding=\"async\" class=\"\" src=\"https:\/\/m.media-amazon.com\/images\/S\/aplus-media-library-service-media\/5cfd45a0-5a1c-4ce7-9f8d-05dd25dd825e.__CR0,0,1464,600_PT0_SX1464_V1___.jpg\" alt=\"Compatible with ME-GO and ME-BG gate opener models, check interface protocol before pairing\" data-src=\"https:\/\/m.media-amazon.com\/images\/S\/aplus-media-library-service-media\/5cfd45a0-5a1c-4ce7-9f8d-05dd25dd825e.__CR0,0,1464,600_PT0_SX1464_V1___.jpg\" \/><\/div>\n<\/div>\n<\/div>\n<\/div>\n<div class=\"celwidget aplus-module premium-module-2-fullbackground-image aplus-premium\" data-csa-c-id=\"6mos1a-tb3u06-48e1ur-64nti5\" data-cel-widget=\"aplus-premium-module-2-fullbackground-image\">\n<div class=\"a-section a-spacing-none premium-aplus premium-aplus-module-2\">\n<div class=\"a-section a-spacing-none premium-background-wrapper\">\n<div class=\"a-section a-spacing-none background-image\"><\/div>\n<\/div>\n<\/div>\n<\/div>\n<\/div>\n<\/div>\n<\/div>\n<\/div>\n<\/div>\n<div class=\"celwidget aplus-module premium-module-2-fullbackground-image aplus-premium\" data-csa-c-id=\"xnbt4h-jc24hg-r1obie-lag1ci\" data-cel-widget=\"aplus-premium-module-2-fullbackground-image\">\n<div class=\"a-section a-spacing-none premium-aplus premium-aplus-module-2\">\n<div class=\"a-section a-text-center\"><\/div>\n<\/div>\n<\/div>\n<div class=\"celwidget aplus-module premium-module-16-tech-specs aplus-premium\" data-csa-c-id=\"y9v8d-w8qg07-p5vnml-90n5k5\" data-cel-widget=\"aplus-premium-module-16-tech-specs\">\n<div class=\"a-section a-spacing-none aplus-index-5 premium-aplus premium-aplus-module-16 aplus-container-3\">\n<p><!-- ===================== SPECIFICATION SECTION ===================== --><\/p>\n<h3 class=\"a-size-large a-spacing-base a-text-center\">Sp\u00e9cification<\/h3>\n<div class=\"a-row a-spacing-top-medium\">\n<table class=\"a-bordered a-horizontal-stripes aplus-tech-spec-table\" style=\"width: 100%;\">\n<tbody>\n<tr>\n<td class=\"a-text-bold\">Dimensions du produit<\/td>\n<td>3\u2033 (L) x 4-3\/4\u2033 (H) x 1\u2033 (P)<\/td>\n<\/tr>\n<tr>\n<td class=\"a-text-bold\">Distance entre les trous de fixation<\/td>\n<td>R\u00e9glable entre 2-5\/8\u2033 et 3-1\/4\u2033<\/td>\n<\/tr>\n<tr>\n<td class=\"a-text-bold\">Tension de fonctionnement<\/td>\n<td>12 V CC<\/td>\n<\/tr>\n<tr>\n<td class=\"a-text-bold\">Courant de veille<\/td>\n<td>\u226430 mA<\/td>\n<\/tr>\n<tr>\n<td class=\"a-text-bold\">Temps de recherche<\/td>\n<td>&lt;0,1 s apr\u00e8s la lecture de la carte<\/td>\n<\/tr>\n<tr>\n<td class=\"a-text-bold\">Distance de lecture des cartes<\/td>\n<td>0,8\u2033 ~ 2,0\u2033 (2\u20135 cm)<\/td>\n<\/tr>\n<tr>\n<td class=\"a-text-bold\">Capacit\u00e9<\/td>\n<td>2000 utilisateurs<\/td>\n<\/tr>\n<tr>\n<td class=\"a-text-bold\">Temp\u00e9rature<\/td>\n<td>-40 \u00b0F ~ 140 \u00b0F<\/td>\n<\/tr>\n<tr>\n<td class=\"a-text-bold\">Indice d&#039;\u00e9tanch\u00e9it\u00e9<\/td>\n<td>IP67<\/td>\n<\/tr>\n<tr>\n<td class=\"a-text-bold\">Charge de sortie de verrouillage<\/td>\n<td>\u22643A<\/td>\n<\/tr>\n<tr>\n<td class=\"a-text-bold\">Temps de relais de porte<\/td>\n<td>0\u201399 secondes<\/td>\n<\/tr>\n<tr>\n<td class=\"a-text-bold\">Interface Wiegand<\/td>\n<td>Entr\u00e9e et sortie WG26 \/ WG34<\/td>\n<\/tr>\n<tr>\n<td class=\"a-text-bold\">Voies d&#039;acc\u00e8s<\/td>\n<td>Carte \/ Code PIN \/ Carte + Code PIN<\/td>\n<\/tr>\n<\/tbody>\n<\/table>\n<\/div>\n<p><!-- ===================== COMPARISON SECTION ===================== --><\/p>\n<p><span style=\"font-size: 25px; font-weight: 600; display: block; text-align: center;\">Clavier d&#039;acc\u00e8s s\u00e9rie Bl\u00fctezeit<\/span><\/p>\n<div class=\"celwidget aplus-module premium-module-6-three-column-comparison aplus-premium\">\n<div class=\"a-section a-spacing-none premium-aplus premium-aplus-module-6 aplus-container-1\">\n<div class=\"a-section a-spacing-none comparison-container\">\n<table class=\"a-normal\" style=\"width: 100%;\">\n<tbody><!-- Header Images & Titles --><\/p>\n<tr class=\"comparison-heading-row\">\n<th class=\"a-align-bottom\">\n<div class=\"a-text-center\"><img decoding=\"async\" src=\"https:\/\/m.media-amazon.com\/images\/S\/aplus-media-library-service-media\/d3f37463-968f-4cf4-bf71-9dcdf9e90999.__CR0,0,300,225_PT0_SX300_V1___.jpg\" \/><\/div>\n<p class=\"a-text-center a-text-bold aplus-p2\">Clavier sans fil MWK-10<\/p>\n<\/th>\n<th class=\"a-align-bottom\">\n<div class=\"a-text-center\"><img decoding=\"async\" src=\"https:\/\/m.media-amazon.com\/images\/S\/aplus-media-library-service-media\/1654e0a4-a751-45c2-8068-2dddc475f77c.__CR0,0,300,225_PT0_SX300_V1___.jpg\" \/><\/div>\n<p class=\"a-text-center a-text-bold aplus-p2\">Clavier sans fil MWK-30<\/p>\n<\/th>\n<th class=\"a-align-bottom\">\n<div class=\"a-text-center\"><img decoding=\"async\" src=\"https:\/\/m.media-amazon.com\/images\/S\/aplus-media-library-service-media\/bf7fc2f1-a712-4191-8c23-aa202337608a.__CR0,0,300,225_PT0_SX300_V1___.jpg\" \/><\/div>\n<p class=\"a-text-center a-text-bold aplus-p2\">Clavier filaire MWK-20<\/p>\n<\/th>\n<\/tr>\n<p><!-- Comparison Rows --><\/p>\n<tr>\n<td class=\"comparison-column\">\n<p class=\"aplus-p3\">duplicateur sans fil<\/p>\n<\/td>\n<td class=\"comparison-column\">\n<p class=\"aplus-p3\">duplicateur sans fil<\/p>\n<\/td>\n<td class=\"comparison-column\">\n<p class=\"aplus-p3\">Clavier filaire<\/p>\n<\/td>\n<\/tr>\n<tr>\n<td class=\"comparison-column\">\n<p class=\"aplus-p3\">IP54 (avec couvercle \u00e9tanche)<\/p>\n<\/td>\n<td class=\"comparison-column\">\n<p class=\"aplus-p3\">IP54 (avec couvercle \u00e9tanche)<\/p>\n<\/td>\n<td class=\"comparison-column\">\n<p class=\"aplus-p3\">IP67 (enti\u00e8rement \u00e9tanche)<\/p>\n<\/td>\n<\/tr>\n<tr>\n<td class=\"comparison-column\">\n<p class=\"aplus-p3\">Clavier r\u00e9tro\u00e9clair\u00e9 + indicateur LED<\/p>\n<\/td>\n<td class=\"comparison-column\">\n<p class=\"aplus-p3\">Indicateur LED<\/p>\n<\/td>\n<td class=\"comparison-column\">\n<p class=\"aplus-p3\">Indicateur LED<\/p>\n<\/td>\n<\/tr>\n<tr>\n<td class=\"comparison-column\">\n<p class=\"aplus-p3\">code PIN unique<\/p>\n<\/td>\n<td class=\"comparison-column\">\n<p class=\"aplus-p3\">code PIN unique<\/p>\n<\/td>\n<td class=\"comparison-column\">\n<p class=\"aplus-p3\">Jusqu&#039;\u00e0 2000 utilisateurs<\/p>\n<\/td>\n<\/tr>\n<tr>\n<td class=\"comparison-column\">\n<p class=\"aplus-p3\">N\u00e9cessite un appariement avec la t\u00e9l\u00e9commande d&#039;origine du portail<\/p>\n<\/td>\n<td class=\"comparison-column\">\n<p class=\"aplus-p3\">N\u00e9cessite un appariement avec la t\u00e9l\u00e9commande d&#039;origine du portail<\/p>\n<\/td>\n<td class=\"comparison-column\">\n<p class=\"aplus-p3\">Modes Carte \/ Code PIN \/ Carte + Code PIN<\/p>\n<\/td>\n<\/tr>\n<\/tbody>\n<\/table>\n<\/div>\n<\/div>\n<\/div>\n<\/div>\n<\/div>","protected":false},"excerpt":{"rendered":"<p>Clavier filaire m\u00e9tallique IP67, incluant des cartes RFID et un c\u00e2ble de 5 m, supportant 2\u00a0000 utilisateurs<\/p>","protected":false},"featured_media":685,"comment_status":"open","ping_status":"closed","template":"","meta":[],"product_brand":[33],"product_cat":[22,24],"product_tag":[],"class_list":{"0":"post-1469","1":"product","2":"type-product","3":"status-publish","4":"has-post-thumbnail","6":"product_brand-blutezeit","7":"product_cat-accessories","8":"product_cat-remote-access-control","10":"first","11":"instock","12":"shipping-taxable","13":"purchasable","14":"product-type-simple"},"yoast_head":"<!-- This site is optimized with the Yoast SEO plugin v26.4 - https:\/\/yoast.com\/wordpress\/plugins\/seo\/ -->\n<title>Wired Keypad (RFID + PIN, IP67) - Bl\u00fctezeit<\/title>\n<meta name=\"robots\" content=\"index, follow, max-snippet:-1, max-image-preview:large, max-video-preview:-1\" \/>\n<link rel=\"canonical\" href=\"https:\/\/www.blutezeit.com\/fr\/produit\/mwk20-wired-keypad-metal-ip67-rfid-pin\/\" \/>\n<meta property=\"og:locale\" content=\"fr_FR\" \/>\n<meta property=\"og:type\" content=\"article\" \/>\n<meta property=\"og:title\" content=\"Wired Keypad (RFID + PIN, IP67) - Bl\u00fctezeit\" \/>\n<meta property=\"og:description\" content=\"IP67 metal wired keypad, includes RFID cards &amp; 16.4ft cable, supports 2000 users\" \/>\n<meta property=\"og:url\" content=\"https:\/\/www.blutezeit.com\/fr\/produit\/mwk20-wired-keypad-metal-ip67-rfid-pin\/\" \/>\n<meta property=\"og:site_name\" content=\"Bl\u00fctezeit\" \/>\n<meta property=\"article:modified_time\" content=\"2026-03-09T09:01:23+00:00\" \/>\n<meta property=\"og:image\" content=\"http:\/\/www.blutezeit.com\/wp-content\/uploads\/2025\/08\/Wired-Keypad-for-Gate-Openers-with-Card-1-scaled.jpg\" \/>\n\t<meta property=\"og:image:width\" content=\"2560\" \/>\n\t<meta property=\"og:image:height\" content=\"2560\" \/>\n\t<meta property=\"og:image:type\" content=\"image\/jpeg\" \/>\n<meta name=\"twitter:card\" content=\"summary_large_image\" \/>\n<meta name=\"twitter:label1\" content=\"Dur\u00e9e de lecture estim\u00e9e\" \/>\n\t<meta name=\"twitter:data1\" content=\"3 minutes\" \/>\n<script type=\"application\/ld+json\" class=\"yoast-schema-graph\">{\"@context\":\"https:\/\/schema.org\",\"@graph\":[{\"@type\":\"WebPage\",\"@id\":\"https:\/\/www.blutezeit.com\/product\/mwk20-wired-keypad-metal-ip67-rfid-pin\/\",\"url\":\"https:\/\/www.blutezeit.com\/product\/mwk20-wired-keypad-metal-ip67-rfid-pin\/\",\"name\":\"Wired Keypad (RFID + PIN, IP67) - Bl\u00fctezeit\",\"isPartOf\":{\"@id\":\"https:\/\/www.blutezeit.com\/pt\/#website\"},\"primaryImageOfPage\":{\"@id\":\"https:\/\/www.blutezeit.com\/product\/mwk20-wired-keypad-metal-ip67-rfid-pin\/#primaryimage\"},\"image\":{\"@id\":\"https:\/\/www.blutezeit.com\/product\/mwk20-wired-keypad-metal-ip67-rfid-pin\/#primaryimage\"},\"thumbnailUrl\":\"https:\/\/www.blutezeit.com\/wp-content\/uploads\/2025\/08\/Wired-Keypad-for-Gate-Openers-with-Card-1-scaled.jpg\",\"datePublished\":\"2025-12-08T10:45:21+00:00\",\"dateModified\":\"2026-03-09T09:01:23+00:00\",\"breadcrumb\":{\"@id\":\"https:\/\/www.blutezeit.com\/product\/mwk20-wired-keypad-metal-ip67-rfid-pin\/#breadcrumb\"},\"inLanguage\":\"fr-FR\",\"potentialAction\":[{\"@type\":\"ReadAction\",\"target\":[\"https:\/\/www.blutezeit.com\/product\/mwk20-wired-keypad-metal-ip67-rfid-pin\/\"]}]},{\"@type\":\"ImageObject\",\"inLanguage\":\"fr-FR\",\"@id\":\"https:\/\/www.blutezeit.com\/product\/mwk20-wired-keypad-metal-ip67-rfid-pin\/#primaryimage\",\"url\":\"https:\/\/www.blutezeit.com\/wp-content\/uploads\/2025\/08\/Wired-Keypad-for-Gate-Openers-with-Card-1-scaled.jpg\",\"contentUrl\":\"https:\/\/www.blutezeit.com\/wp-content\/uploads\/2025\/08\/Wired-Keypad-for-Gate-Openers-with-Card-1-scaled.jpg\",\"width\":2560,\"height\":2560},{\"@type\":\"BreadcrumbList\",\"@id\":\"https:\/\/www.blutezeit.com\/product\/mwk20-wired-keypad-metal-ip67-rfid-pin\/#breadcrumb\",\"itemListElement\":[{\"@type\":\"ListItem\",\"position\":1,\"name\":\"\u9996\u9875\",\"item\":\"https:\/\/www.blutezeit.com\/pt\/\"},{\"@type\":\"ListItem\",\"position\":2,\"name\":\"Product\",\"item\":\"https:\/\/www.blutezeit.com\/pt\/shop\/\"},{\"@type\":\"ListItem\",\"position\":3,\"name\":\"Wired Keypad (RFID + PIN, IP67)\"}]},{\"@type\":\"WebSite\",\"@id\":\"https:\/\/www.blutezeit.com\/pt\/#website\",\"url\":\"https:\/\/www.blutezeit.com\/pt\/\",\"name\":\"Bl\u00fctezeit\",\"description\":\"Smart &amp; Solar Gate Opener Systems\",\"potentialAction\":[{\"@type\":\"SearchAction\",\"target\":{\"@type\":\"EntryPoint\",\"urlTemplate\":\"https:\/\/www.blutezeit.com\/pt\/?s={search_term_string}\"},\"query-input\":{\"@type\":\"PropertyValueSpecification\",\"valueRequired\":true,\"valueName\":\"search_term_string\"}}],\"inLanguage\":\"fr-FR\"}]}<\/script>\n<!-- \/ Yoast SEO plugin. -->","yoast_head_json":{"title":"Wired Keypad (RFID + PIN, IP67) - Bl\u00fctezeit","robots":{"index":"index","follow":"follow","max-snippet":"max-snippet:-1","max-image-preview":"max-image-preview:large","max-video-preview":"max-video-preview:-1"},"canonical":"https:\/\/www.blutezeit.com\/fr\/produit\/mwk20-wired-keypad-metal-ip67-rfid-pin\/","og_locale":"fr_FR","og_type":"article","og_title":"Wired Keypad (RFID + PIN, IP67) - Bl\u00fctezeit","og_description":"IP67 metal wired keypad, includes RFID cards &amp; 16.4ft cable, supports 2000 users","og_url":"https:\/\/www.blutezeit.com\/fr\/produit\/mwk20-wired-keypad-metal-ip67-rfid-pin\/","og_site_name":"Bl\u00fctezeit","article_modified_time":"2026-03-09T09:01:23+00:00","og_image":[{"width":2560,"height":2560,"url":"http:\/\/www.blutezeit.com\/wp-content\/uploads\/2025\/08\/Wired-Keypad-for-Gate-Openers-with-Card-1-scaled.jpg","type":"image\/jpeg"}],"twitter_card":"summary_large_image","twitter_misc":{"Dur\u00e9e de lecture estim\u00e9e":"3 minutes"},"schema":{"@context":"https:\/\/schema.org","@graph":[{"@type":"WebPage","@id":"https:\/\/www.blutezeit.com\/product\/mwk20-wired-keypad-metal-ip67-rfid-pin\/","url":"https:\/\/www.blutezeit.com\/product\/mwk20-wired-keypad-metal-ip67-rfid-pin\/","name":"Wired Keypad (RFID + PIN, IP67) - Bl\u00fctezeit","isPartOf":{"@id":"https:\/\/www.blutezeit.com\/pt\/#website"},"primaryImageOfPage":{"@id":"https:\/\/www.blutezeit.com\/product\/mwk20-wired-keypad-metal-ip67-rfid-pin\/#primaryimage"},"image":{"@id":"https:\/\/www.blutezeit.com\/product\/mwk20-wired-keypad-metal-ip67-rfid-pin\/#primaryimage"},"thumbnailUrl":"https:\/\/www.blutezeit.com\/wp-content\/uploads\/2025\/08\/Wired-Keypad-for-Gate-Openers-with-Card-1-scaled.jpg","datePublished":"2025-12-08T10:45:21+00:00","dateModified":"2026-03-09T09:01:23+00:00","breadcrumb":{"@id":"https:\/\/www.blutezeit.com\/product\/mwk20-wired-keypad-metal-ip67-rfid-pin\/#breadcrumb"},"inLanguage":"fr-FR","potentialAction":[{"@type":"ReadAction","target":["https:\/\/www.blutezeit.com\/product\/mwk20-wired-keypad-metal-ip67-rfid-pin\/"]}]},{"@type":"ImageObject","inLanguage":"fr-FR","@id":"https:\/\/www.blutezeit.com\/product\/mwk20-wired-keypad-metal-ip67-rfid-pin\/#primaryimage","url":"https:\/\/www.blutezeit.com\/wp-content\/uploads\/2025\/08\/Wired-Keypad-for-Gate-Openers-with-Card-1-scaled.jpg","contentUrl":"https:\/\/www.blutezeit.com\/wp-content\/uploads\/2025\/08\/Wired-Keypad-for-Gate-Openers-with-Card-1-scaled.jpg","width":2560,"height":2560},{"@type":"BreadcrumbList","@id":"https:\/\/www.blutezeit.com\/product\/mwk20-wired-keypad-metal-ip67-rfid-pin\/#breadcrumb","itemListElement":[{"@type":"ListItem","position":1,"name":"\u9996\u9875","item":"https:\/\/www.blutezeit.com\/pt\/"},{"@type":"ListItem","position":2,"name":"Product","item":"https:\/\/www.blutezeit.com\/pt\/shop\/"},{"@type":"ListItem","position":3,"name":"Wired Keypad (RFID + PIN, IP67)"}]},{"@type":"WebSite","@id":"https:\/\/www.blutezeit.com\/pt\/#website","url":"https:\/\/www.blutezeit.com\/pt\/","name":"Fleur","description":"Syst\u00e8mes d&#039;ouverture de portail intelligents et solaires","potentialAction":[{"@type":"SearchAction","target":{"@type":"EntryPoint","urlTemplate":"https:\/\/www.blutezeit.com\/pt\/?s={search_term_string}"},"query-input":{"@type":"PropertyValueSpecification","valueRequired":true,"valueName":"search_term_string"}}],"inLanguage":"fr-FR"}]}},"_links":{"self":[{"href":"https:\/\/www.blutezeit.com\/fr\/wp-json\/wp\/v2\/product\/1469","targetHints":{"allow":["GET"]}}],"collection":[{"href":"https:\/\/www.blutezeit.com\/fr\/wp-json\/wp\/v2\/product"}],"about":[{"href":"https:\/\/www.blutezeit.com\/fr\/wp-json\/wp\/v2\/types\/product"}],"replies":[{"embeddable":true,"href":"https:\/\/www.blutezeit.com\/fr\/wp-json\/wp\/v2\/comments?post=1469"}],"wp:featuredmedia":[{"embeddable":true,"href":"https:\/\/www.blutezeit.com\/fr\/wp-json\/wp\/v2\/media\/685"}],"wp:attachment":[{"href":"https:\/\/www.blutezeit.com\/fr\/wp-json\/wp\/v2\/media?parent=1469"}],"wp:term":[{"taxonomy":"product_brand","embeddable":true,"href":"https:\/\/www.blutezeit.com\/fr\/wp-json\/wp\/v2\/product_brand?post=1469"},{"taxonomy":"product_cat","embeddable":true,"href":"https:\/\/www.blutezeit.com\/fr\/wp-json\/wp\/v2\/product_cat?post=1469"},{"taxonomy":"product_tag","embeddable":true,"href":"https:\/\/www.blutezeit.com\/fr\/wp-json\/wp\/v2\/product_tag?post=1469"}],"curies":[{"name":"wp","href":"https:\/\/api.w.org\/{rel}","templated":true}]}}