{"id":1087,"date":"2025-11-17T17:08:28","date_gmt":"2025-11-17T17:08:28","guid":{"rendered":"https:\/\/www.blutezeit.com\/?post_type=product&#038;p=1087"},"modified":"2026-03-18T05:17:39","modified_gmt":"2026-03-18T05:17:39","slug":"mrc04-4-button-remote-me-go-me-bg-me-ms-433mhz","status":"publish","type":"product","link":"https:\/\/www.blutezeit.com\/fr\/produit\/mrc04-4-button-remote-me-go-me-bg-me-ms-433mhz\/","title":{"rendered":"T\u00e9l\u00e9commande \u00e0 4 boutons pour les s\u00e9ries GO\/BG\/MS"},"content":{"rendered":"<div class=\"celwidget aplus-module premium-module-2-fullbackground-image aplus-premium\" data-csa-c-id=\"oom7iy-lr7jal-30v6ew-kpk7hh\">\n<div class=\"a-section a-spacing-none premium-aplus premium-aplus-module-2\">\n<h4 class=\"a-text-center aplus-container-3 aplus-h1 a-text-bold\">T\u00e9l\u00e9commande porte-cl\u00e9s Bl\u00fctezeit 433 MHz \u00e0 4 boutons \u2013 Compacte, fiable et facile \u00e0 programmer<\/h4>\n<div class=\"a-section a-spacing-none premium-background-wrapper\">\n<div class=\"a-section a-spacing-none background-image\"><img decoding=\"async\" class=\"\" src=\"https:\/\/m.media-amazon.com\/images\/S\/aplus-media-library-service-media\/2456816c-8527-4488-a26c-2bc014b5e826.__CR0,0,1464,600_PT0_SX1464_V1___.jpg\" alt=\"remote control automatic sliding gate opener rolling driveway door motor open system close\" data-src=\"https:\/\/m.media-amazon.com\/images\/S\/aplus-media-library-service-media\/2456816c-8527-4488-a26c-2bc014b5e826.__CR0,0,1464,600_PT0_SX1464_V1___.jpg\" \/><\/div>\n<\/div>\n<h4 class=\"a-section a-text-center\">Compatible avec les ouvre-portails Bl\u00fctezeit<\/h4>\n<\/div>\n<\/div>\n<div class=\"celwidget aplus-module premium-module-2-fullbackground-image aplus-premium\" data-csa-c-id=\"8vsu9t-mzy8he-mbo7r8-chcwpu\">\n<div class=\"a-section a-spacing-none premium-aplus premium-aplus-module-2\">\n<div class=\"a-section a-spacing-none premium-background-wrapper\">\n<div class=\"a-section a-spacing-none background-image\"><img decoding=\"async\" class=\"\" src=\"https:\/\/m.media-amazon.com\/images\/S\/aplus-media-library-service-media\/046732b5-53ae-4542-99dd-7bc30b6f4cb4.__CR0,0,1464,600_PT0_SX1464_V1___.jpg\" alt=\"remote control automatic sliding gate opener rolling driveway door motor open system close\" data-src=\"https:\/\/m.media-amazon.com\/images\/S\/aplus-media-library-service-media\/046732b5-53ae-4542-99dd-7bc30b6f4cb4.__CR0,0,1464,600_PT0_SX1464_V1___.jpg\" \/><\/div>\n<\/div>\n<\/div>\n<\/div>","protected":false},"excerpt":{"rendered":"<p>T\u00e9l\u00e9commande porte-cl\u00e9s \u00e0 4 boutons compatible avec les moteurs de portail ME-GO, ME-BG et ME-MS<\/p>","protected":false},"featured_media":1085,"comment_status":"open","ping_status":"closed","template":"","meta":[],"product_brand":[33],"product_cat":[22,24],"product_tag":[],"class_list":{"0":"post-1087","1":"product","2":"type-product","3":"status-publish","4":"has-post-thumbnail","6":"product_brand-blutezeit","7":"product_cat-accessories","8":"product_cat-remote-access-control","10":"first","11":"instock","12":"shipping-taxable","13":"purchasable","14":"product-type-simple"},"yoast_head":"<!-- This site is optimized with the Yoast SEO plugin v26.4 - https:\/\/yoast.com\/wordpress\/plugins\/seo\/ -->\n<title>4-Button Remote for GO\/BG\/MS Series - Bl\u00fctezeit<\/title>\n<meta name=\"robots\" content=\"index, follow, max-snippet:-1, max-image-preview:large, max-video-preview:-1\" \/>\n<link rel=\"canonical\" href=\"https:\/\/www.blutezeit.com\/fr\/produit\/mrc04-4-button-remote-me-go-me-bg-me-ms-433mhz\/\" \/>\n<meta property=\"og:locale\" content=\"fr_FR\" \/>\n<meta property=\"og:type\" content=\"article\" \/>\n<meta property=\"og:title\" content=\"4-Button Remote for GO\/BG\/MS Series - Bl\u00fctezeit\" \/>\n<meta property=\"og:description\" content=\"4-button keychain remote compatible with ME-GO, ME-BG &amp; ME-MS gate motors\" \/>\n<meta property=\"og:url\" content=\"https:\/\/www.blutezeit.com\/fr\/produit\/mrc04-4-button-remote-me-go-me-bg-me-ms-433mhz\/\" \/>\n<meta property=\"og:site_name\" content=\"Bl\u00fctezeit\" \/>\n<meta property=\"article:modified_time\" content=\"2026-03-18T05:17:39+00:00\" \/>\n<meta property=\"og:image\" content=\"http:\/\/www.blutezeit.com\/wp-content\/uploads\/2025\/11\/Remote-Control-433MHz-Duplicator-for-Sliding-Swing-Gate-Openers-1.jpg\" \/>\n\t<meta property=\"og:image:width\" content=\"1600\" \/>\n\t<meta property=\"og:image:height\" content=\"1600\" \/>\n\t<meta property=\"og:image:type\" content=\"image\/jpeg\" \/>\n<meta name=\"twitter:card\" content=\"summary_large_image\" \/>\n<meta name=\"twitter:label1\" content=\"Dur\u00e9e de lecture estim\u00e9e\" \/>\n\t<meta name=\"twitter:data1\" content=\"1 minute\" \/>\n<script type=\"application\/ld+json\" class=\"yoast-schema-graph\">{\"@context\":\"https:\/\/schema.org\",\"@graph\":[{\"@type\":\"WebPage\",\"@id\":\"https:\/\/www.blutezeit.com\/product\/mrc04-4-button-remote-me-go-me-bg-me-ms-433mhz\/\",\"url\":\"https:\/\/www.blutezeit.com\/product\/mrc04-4-button-remote-me-go-me-bg-me-ms-433mhz\/\",\"name\":\"4-Button Remote for GO\/BG\/MS Series - Bl\u00fctezeit\",\"isPartOf\":{\"@id\":\"https:\/\/www.blutezeit.com\/pt\/#website\"},\"primaryImageOfPage\":{\"@id\":\"https:\/\/www.blutezeit.com\/product\/mrc04-4-button-remote-me-go-me-bg-me-ms-433mhz\/#primaryimage\"},\"image\":{\"@id\":\"https:\/\/www.blutezeit.com\/product\/mrc04-4-button-remote-me-go-me-bg-me-ms-433mhz\/#primaryimage\"},\"thumbnailUrl\":\"https:\/\/www.blutezeit.com\/wp-content\/uploads\/2025\/11\/Remote-Control-433MHz-Duplicator-for-Sliding-Swing-Gate-Openers-1.jpg\",\"datePublished\":\"2025-11-17T17:08:28+00:00\",\"dateModified\":\"2026-03-18T05:17:39+00:00\",\"breadcrumb\":{\"@id\":\"https:\/\/www.blutezeit.com\/product\/mrc04-4-button-remote-me-go-me-bg-me-ms-433mhz\/#breadcrumb\"},\"inLanguage\":\"fr-FR\",\"potentialAction\":[{\"@type\":\"ReadAction\",\"target\":[\"https:\/\/www.blutezeit.com\/product\/mrc04-4-button-remote-me-go-me-bg-me-ms-433mhz\/\"]}]},{\"@type\":\"ImageObject\",\"inLanguage\":\"fr-FR\",\"@id\":\"https:\/\/www.blutezeit.com\/product\/mrc04-4-button-remote-me-go-me-bg-me-ms-433mhz\/#primaryimage\",\"url\":\"https:\/\/www.blutezeit.com\/wp-content\/uploads\/2025\/11\/Remote-Control-433MHz-Duplicator-for-Sliding-Swing-Gate-Openers-1.jpg\",\"contentUrl\":\"https:\/\/www.blutezeit.com\/wp-content\/uploads\/2025\/11\/Remote-Control-433MHz-Duplicator-for-Sliding-Swing-Gate-Openers-1.jpg\",\"width\":1600,\"height\":1600},{\"@type\":\"BreadcrumbList\",\"@id\":\"https:\/\/www.blutezeit.com\/product\/mrc04-4-button-remote-me-go-me-bg-me-ms-433mhz\/#breadcrumb\",\"itemListElement\":[{\"@type\":\"ListItem\",\"position\":1,\"name\":\"\u9996\u9875\",\"item\":\"https:\/\/www.blutezeit.com\/pt\/\"},{\"@type\":\"ListItem\",\"position\":2,\"name\":\"Product\",\"item\":\"https:\/\/www.blutezeit.com\/pt\/shop\/\"},{\"@type\":\"ListItem\",\"position\":3,\"name\":\"4-Button Remote for GO\/BG\/MS Series\"}]},{\"@type\":\"WebSite\",\"@id\":\"https:\/\/www.blutezeit.com\/pt\/#website\",\"url\":\"https:\/\/www.blutezeit.com\/pt\/\",\"name\":\"Bl\u00fctezeit\",\"description\":\"Smart &amp; Solar Gate Opener Systems\",\"potentialAction\":[{\"@type\":\"SearchAction\",\"target\":{\"@type\":\"EntryPoint\",\"urlTemplate\":\"https:\/\/www.blutezeit.com\/pt\/?s={search_term_string}\"},\"query-input\":{\"@type\":\"PropertyValueSpecification\",\"valueRequired\":true,\"valueName\":\"search_term_string\"}}],\"inLanguage\":\"fr-FR\"}]}<\/script>\n<!-- \/ Yoast SEO plugin. -->","yoast_head_json":{"title":"4-Button Remote for GO\/BG\/MS Series - Bl\u00fctezeit","robots":{"index":"index","follow":"follow","max-snippet":"max-snippet:-1","max-image-preview":"max-image-preview:large","max-video-preview":"max-video-preview:-1"},"canonical":"https:\/\/www.blutezeit.com\/fr\/produit\/mrc04-4-button-remote-me-go-me-bg-me-ms-433mhz\/","og_locale":"fr_FR","og_type":"article","og_title":"4-Button Remote for GO\/BG\/MS Series - Bl\u00fctezeit","og_description":"4-button keychain remote compatible with ME-GO, ME-BG &amp; ME-MS gate motors","og_url":"https:\/\/www.blutezeit.com\/fr\/produit\/mrc04-4-button-remote-me-go-me-bg-me-ms-433mhz\/","og_site_name":"Bl\u00fctezeit","article_modified_time":"2026-03-18T05:17:39+00:00","og_image":[{"width":1600,"height":1600,"url":"http:\/\/www.blutezeit.com\/wp-content\/uploads\/2025\/11\/Remote-Control-433MHz-Duplicator-for-Sliding-Swing-Gate-Openers-1.jpg","type":"image\/jpeg"}],"twitter_card":"summary_large_image","twitter_misc":{"Dur\u00e9e de lecture estim\u00e9e":"1 minute"},"schema":{"@context":"https:\/\/schema.org","@graph":[{"@type":"WebPage","@id":"https:\/\/www.blutezeit.com\/product\/mrc04-4-button-remote-me-go-me-bg-me-ms-433mhz\/","url":"https:\/\/www.blutezeit.com\/product\/mrc04-4-button-remote-me-go-me-bg-me-ms-433mhz\/","name":"4-Button Remote for GO\/BG\/MS Series - Bl\u00fctezeit","isPartOf":{"@id":"https:\/\/www.blutezeit.com\/pt\/#website"},"primaryImageOfPage":{"@id":"https:\/\/www.blutezeit.com\/product\/mrc04-4-button-remote-me-go-me-bg-me-ms-433mhz\/#primaryimage"},"image":{"@id":"https:\/\/www.blutezeit.com\/product\/mrc04-4-button-remote-me-go-me-bg-me-ms-433mhz\/#primaryimage"},"thumbnailUrl":"https:\/\/www.blutezeit.com\/wp-content\/uploads\/2025\/11\/Remote-Control-433MHz-Duplicator-for-Sliding-Swing-Gate-Openers-1.jpg","datePublished":"2025-11-17T17:08:28+00:00","dateModified":"2026-03-18T05:17:39+00:00","breadcrumb":{"@id":"https:\/\/www.blutezeit.com\/product\/mrc04-4-button-remote-me-go-me-bg-me-ms-433mhz\/#breadcrumb"},"inLanguage":"fr-FR","potentialAction":[{"@type":"ReadAction","target":["https:\/\/www.blutezeit.com\/product\/mrc04-4-button-remote-me-go-me-bg-me-ms-433mhz\/"]}]},{"@type":"ImageObject","inLanguage":"fr-FR","@id":"https:\/\/www.blutezeit.com\/product\/mrc04-4-button-remote-me-go-me-bg-me-ms-433mhz\/#primaryimage","url":"https:\/\/www.blutezeit.com\/wp-content\/uploads\/2025\/11\/Remote-Control-433MHz-Duplicator-for-Sliding-Swing-Gate-Openers-1.jpg","contentUrl":"https:\/\/www.blutezeit.com\/wp-content\/uploads\/2025\/11\/Remote-Control-433MHz-Duplicator-for-Sliding-Swing-Gate-Openers-1.jpg","width":1600,"height":1600},{"@type":"BreadcrumbList","@id":"https:\/\/www.blutezeit.com\/product\/mrc04-4-button-remote-me-go-me-bg-me-ms-433mhz\/#breadcrumb","itemListElement":[{"@type":"ListItem","position":1,"name":"\u9996\u9875","item":"https:\/\/www.blutezeit.com\/pt\/"},{"@type":"ListItem","position":2,"name":"Product","item":"https:\/\/www.blutezeit.com\/pt\/shop\/"},{"@type":"ListItem","position":3,"name":"4-Button Remote for GO\/BG\/MS Series"}]},{"@type":"WebSite","@id":"https:\/\/www.blutezeit.com\/pt\/#website","url":"https:\/\/www.blutezeit.com\/pt\/","name":"Fleur","description":"Syst\u00e8mes d&#039;ouverture de portail intelligents et solaires","potentialAction":[{"@type":"SearchAction","target":{"@type":"EntryPoint","urlTemplate":"https:\/\/www.blutezeit.com\/pt\/?s={search_term_string}"},"query-input":{"@type":"PropertyValueSpecification","valueRequired":true,"valueName":"search_term_string"}}],"inLanguage":"fr-FR"}]}},"_links":{"self":[{"href":"https:\/\/www.blutezeit.com\/fr\/wp-json\/wp\/v2\/product\/1087","targetHints":{"allow":["GET"]}}],"collection":[{"href":"https:\/\/www.blutezeit.com\/fr\/wp-json\/wp\/v2\/product"}],"about":[{"href":"https:\/\/www.blutezeit.com\/fr\/wp-json\/wp\/v2\/types\/product"}],"replies":[{"embeddable":true,"href":"https:\/\/www.blutezeit.com\/fr\/wp-json\/wp\/v2\/comments?post=1087"}],"wp:featuredmedia":[{"embeddable":true,"href":"https:\/\/www.blutezeit.com\/fr\/wp-json\/wp\/v2\/media\/1085"}],"wp:attachment":[{"href":"https:\/\/www.blutezeit.com\/fr\/wp-json\/wp\/v2\/media?parent=1087"}],"wp:term":[{"taxonomy":"product_brand","embeddable":true,"href":"https:\/\/www.blutezeit.com\/fr\/wp-json\/wp\/v2\/product_brand?post=1087"},{"taxonomy":"product_cat","embeddable":true,"href":"https:\/\/www.blutezeit.com\/fr\/wp-json\/wp\/v2\/product_cat?post=1087"},{"taxonomy":"product_tag","embeddable":true,"href":"https:\/\/www.blutezeit.com\/fr\/wp-json\/wp\/v2\/product_tag?post=1087"}],"curies":[{"name":"wp","href":"https:\/\/api.w.org\/{rel}","templated":true}]}}