{"id":1061,"date":"2025-11-17T03:33:57","date_gmt":"2025-11-17T03:33:57","guid":{"rendered":"https:\/\/www.blutezeit.com\/?post_type=product&#038;p=1061"},"modified":"2026-03-18T05:23:19","modified_gmt":"2026-03-18T05:23:19","slug":"mwf20-wifi-module-ms-series-smart-home","status":"publish","type":"product","link":"https:\/\/www.blutezeit.com\/fr\/produit\/mwf20-wifi-module-ms-series-smart-home\/","title":{"rendered":"Module WiFi pour la s\u00e9rie MS"},"content":{"rendered":"<ul class=\"a-unordered-list a-vertical a-spacing-mini\">\n<li class=\"a-spacing-mini\"><span class=\"a-list-item\">\ud83d\udcf1 Contr\u00f4le intelligent via Wi-Fi gr\u00e2ce \u00e0 l&#039;application eWeLink\u00a0: pilotez \u00e0 distance votre ouvre-portail battant s\u00e9rie MS gr\u00e2ce \u00e0 l&#039;application eWeLink. Compatible avec Alexa, Google Home, IFTTT et autres assistants vocaux. Remarque\u00a0: l&#039;interface de l&#039;application permet uniquement de contr\u00f4ler le cycle d&#039;ouverture\/arr\u00eat\/fermeture et n&#039;affiche pas la position du portail en temps r\u00e9el.<\/span><\/li>\n<li class=\"a-spacing-mini\"><span class=\"a-list-item\">\ud83d\udcf1 Connexion filaire stable pour des performances fiables \u2013 Le module Wi-Fi se connecte directement au bo\u00eetier de commande via des bornes filaires, garantissant une r\u00e9ponse rapide, un fonctionnement s\u00e9curis\u00e9 et une latence minimale. Id\u00e9al pour les longues all\u00e9es et pour permettre \u00e0 la famille ou aux invit\u00e9s d&#039;acc\u00e9der \u00e0 distance au r\u00e9seau.<\/span><\/li>\n<li class=\"a-spacing-mini\"><span class=\"a-list-item\">\ud83d\udcf1 Con\u00e7u pour les motorisations de portail MS600 et MS650 \u2013 MS600\u00a0: Canal 1 = cycle \u00e0 un seul bouton\u00a0; Canal 2 = inactif. MS650\u00a0: Canal 1 = cycle \u00e0 un seul bouton\u00a0; Canal 2 = mode pi\u00e9ton (un seul vantail). Si n\u00e9cessaire, vous pouvez basculer le syst\u00e8me en mode \u201c\u00a0Ouverture uniquement \/ Fermeture uniquement\u00a0\u201d en modifiant la logique de fonctionnement (oL) du bo\u00eetier de commande sur le mode Ouverture-Fermeture (OC).<\/span><\/li>\n<li class=\"a-spacing-mini\"><span class=\"a-list-item\">\ud83d\udcf1 Wi-Fi 2,4 GHz uniquement (pas de compatibilit\u00e9 5 GHz) \u2013 Fonctionne exclusivement sur les r\u00e9seaux 2,4 GHz. La plupart des routeurs domestiques diffusent les deux bandes\u00a0; connectez votre t\u00e9l\u00e9phone \u00e0 la bande 2,4 GHz lors du jumelage. Con\u00e7u principalement pour la s\u00e9rie MS, mais \u00e9galement compatible avec de nombreux ouvre-portails AC\/DC tiers utilisant un d\u00e9clencheur \u00e0 contact sec.<\/span><\/li>\n<li class=\"a-spacing-mini\"><span class=\"a-list-item\">\ud83d\udcf1 Mise \u00e0 niveau intelligente pour les syst\u00e8mes de portail MS\u00a0: ajoute une application et un contr\u00f4le vocal pratiques aux ouvre-portes MS et autres op\u00e9rateurs de portail compatibles. Une installation simple, filaire et basse tension permet d\u2019automatiser votre all\u00e9e en toute s\u00e9curit\u00e9.<\/span><\/li>\n<\/ul>\n<div class=\"celwidget aplus-module premium-module-2-fullbackground-image aplus-premium\" data-csa-c-id=\"da3epj-6orrsb-n08ku-r4tvyr\" data-cel-widget=\"aplus-premium-module-2-fullbackground-image\">\n<div class=\"a-section a-spacing-none premium-aplus premium-aplus-module-2\">\n<h2 class=\"a-text-center aplus-container-3 aplus-h1 a-text-bold\">Module WiFi intelligent \u2013 Acc\u00e8s \u00e0 distance et automatisation via application<\/h2>\n<div class=\"a-section a-spacing-none premium-background-wrapper\">\n<div class=\"a-section a-spacing-none background-image\"><img decoding=\"async\" class=\"\" src=\"https:\/\/m.media-amazon.com\/images\/S\/aplus-media-library-service-media\/14adc6cf-9315-494e-a05d-d2296f7c65eb.__CR0,0,1464,600_PT0_SX1464_V1___.jpg\" alt=\"Smart WiFi Module for MS600\/MS650 Swing Gate Openers \u2013 App Control &amp;amp;amp; Remote Access\" data-src=\"https:\/\/m.media-amazon.com\/images\/S\/aplus-media-library-service-media\/14adc6cf-9315-494e-a05d-d2296f7c65eb.__CR0,0,1464,600_PT0_SX1464_V1___.jpg\" \/><\/div>\n<\/div>\n<div class=\"a-section a-text-center\"><\/div>\n<\/div>\n<\/div>\n<div class=\"celwidget aplus-module premium-module-2-fullbackground-image aplus-premium\" data-csa-c-id=\"pgfu6e-4lfyz9-qo102-lfo58g\" data-cel-widget=\"aplus-premium-module-2-fullbackground-image\">\n<div class=\"a-section a-spacing-none premium-aplus premium-aplus-module-2\">\n<h2 class=\"a-text-center aplus-container-3 aplus-h1 a-text-bold\">Compatible avec les ouvre-portails battants MS600\/MS650<\/h2>\n<div class=\"a-section a-spacing-none premium-background-wrapper\">\n<div class=\"a-section a-spacing-none background-image\"><img decoding=\"async\" class=\"\" src=\"https:\/\/m.media-amazon.com\/images\/S\/aplus-media-library-service-media\/ae8689f6-2fe9-49a7-ab9f-ba976d11bf9b.__CR0,0,1464,600_PT0_SX1464_V1___.jpg\" alt=\"Smart WiFi Module for MS Series Swing Gate Openers (MS600\/MS650) \u2013 App-Based Remote Control\" data-src=\"https:\/\/m.media-amazon.com\/images\/S\/aplus-media-library-service-media\/ae8689f6-2fe9-49a7-ab9f-ba976d11bf9b.__CR0,0,1464,600_PT0_SX1464_V1___.jpg\" \/><\/div>\n<\/div>\n<\/div>\n<\/div>","protected":false},"excerpt":{"rendered":"<p>Module WiFi pour ouvre-portails battants MS, compatible avec Alexa\/Google\/Siri<\/p>","protected":false},"featured_media":1065,"comment_status":"open","ping_status":"closed","template":"","meta":[],"product_brand":[33],"product_cat":[79,22],"product_tag":[],"class_list":{"0":"post-1061","1":"product","2":"type-product","3":"status-publish","4":"has-post-thumbnail","6":"product_brand-blutezeit","7":"product_cat-smart-module-automation-control","8":"product_cat-accessories","10":"first","11":"instock","12":"shipping-taxable","13":"purchasable","14":"product-type-simple"},"yoast_head":"<!-- This site is optimized with the Yoast SEO plugin v26.4 - https:\/\/yoast.com\/wordpress\/plugins\/seo\/ -->\n<title>WiFi Module for MS Series - Bl\u00fctezeit<\/title>\n<meta name=\"robots\" content=\"index, follow, max-snippet:-1, max-image-preview:large, max-video-preview:-1\" \/>\n<link rel=\"canonical\" href=\"https:\/\/www.blutezeit.com\/fr\/produit\/mwf20-wifi-module-ms-series-smart-home\/\" \/>\n<meta property=\"og:locale\" content=\"fr_FR\" \/>\n<meta property=\"og:type\" content=\"article\" \/>\n<meta property=\"og:title\" content=\"WiFi Module for MS Series - Bl\u00fctezeit\" \/>\n<meta property=\"og:description\" content=\"WiFi module for MS swing gate openers, supports Alexa\/Google\/Siri\" \/>\n<meta property=\"og:url\" content=\"https:\/\/www.blutezeit.com\/fr\/produit\/mwf20-wifi-module-ms-series-smart-home\/\" \/>\n<meta property=\"og:site_name\" content=\"Bl\u00fctezeit\" \/>\n<meta property=\"article:modified_time\" content=\"2026-03-18T05:23:19+00:00\" \/>\n<meta property=\"og:image\" content=\"http:\/\/www.blutezeit.com\/wp-content\/uploads\/2025\/11\/WiFi-Module-for-MS-Swing-Gate-Openers-1-scaled.jpg\" \/>\n\t<meta property=\"og:image:width\" content=\"2560\" \/>\n\t<meta property=\"og:image:height\" content=\"2560\" \/>\n\t<meta property=\"og:image:type\" content=\"image\/jpeg\" \/>\n<meta name=\"twitter:card\" content=\"summary_large_image\" \/>\n<meta name=\"twitter:label1\" content=\"Dur\u00e9e de lecture estim\u00e9e\" \/>\n\t<meta name=\"twitter:data1\" content=\"2 minutes\" \/>\n<script type=\"application\/ld+json\" class=\"yoast-schema-graph\">{\"@context\":\"https:\/\/schema.org\",\"@graph\":[{\"@type\":\"WebPage\",\"@id\":\"https:\/\/www.blutezeit.com\/product\/mwf20-wifi-module-ms-series-smart-home\/\",\"url\":\"https:\/\/www.blutezeit.com\/product\/mwf20-wifi-module-ms-series-smart-home\/\",\"name\":\"WiFi Module for MS Series - Bl\u00fctezeit\",\"isPartOf\":{\"@id\":\"https:\/\/www.blutezeit.com\/pt\/#website\"},\"primaryImageOfPage\":{\"@id\":\"https:\/\/www.blutezeit.com\/product\/mwf20-wifi-module-ms-series-smart-home\/#primaryimage\"},\"image\":{\"@id\":\"https:\/\/www.blutezeit.com\/product\/mwf20-wifi-module-ms-series-smart-home\/#primaryimage\"},\"thumbnailUrl\":\"https:\/\/www.blutezeit.com\/wp-content\/uploads\/2025\/11\/WiFi-Module-for-MS-Swing-Gate-Openers-1-scaled.jpg\",\"datePublished\":\"2025-11-17T03:33:57+00:00\",\"dateModified\":\"2026-03-18T05:23:19+00:00\",\"breadcrumb\":{\"@id\":\"https:\/\/www.blutezeit.com\/product\/mwf20-wifi-module-ms-series-smart-home\/#breadcrumb\"},\"inLanguage\":\"fr-FR\",\"potentialAction\":[{\"@type\":\"ReadAction\",\"target\":[\"https:\/\/www.blutezeit.com\/product\/mwf20-wifi-module-ms-series-smart-home\/\"]}]},{\"@type\":\"ImageObject\",\"inLanguage\":\"fr-FR\",\"@id\":\"https:\/\/www.blutezeit.com\/product\/mwf20-wifi-module-ms-series-smart-home\/#primaryimage\",\"url\":\"https:\/\/www.blutezeit.com\/wp-content\/uploads\/2025\/11\/WiFi-Module-for-MS-Swing-Gate-Openers-1-scaled.jpg\",\"contentUrl\":\"https:\/\/www.blutezeit.com\/wp-content\/uploads\/2025\/11\/WiFi-Module-for-MS-Swing-Gate-Openers-1-scaled.jpg\",\"width\":2560,\"height\":2560},{\"@type\":\"BreadcrumbList\",\"@id\":\"https:\/\/www.blutezeit.com\/product\/mwf20-wifi-module-ms-series-smart-home\/#breadcrumb\",\"itemListElement\":[{\"@type\":\"ListItem\",\"position\":1,\"name\":\"\u9996\u9875\",\"item\":\"https:\/\/www.blutezeit.com\/pt\/\"},{\"@type\":\"ListItem\",\"position\":2,\"name\":\"Product\",\"item\":\"https:\/\/www.blutezeit.com\/pt\/shop\/\"},{\"@type\":\"ListItem\",\"position\":3,\"name\":\"WiFi Module for MS Series\"}]},{\"@type\":\"WebSite\",\"@id\":\"https:\/\/www.blutezeit.com\/pt\/#website\",\"url\":\"https:\/\/www.blutezeit.com\/pt\/\",\"name\":\"Bl\u00fctezeit\",\"description\":\"Smart &amp; Solar Gate Opener Systems\",\"potentialAction\":[{\"@type\":\"SearchAction\",\"target\":{\"@type\":\"EntryPoint\",\"urlTemplate\":\"https:\/\/www.blutezeit.com\/pt\/?s={search_term_string}\"},\"query-input\":{\"@type\":\"PropertyValueSpecification\",\"valueRequired\":true,\"valueName\":\"search_term_string\"}}],\"inLanguage\":\"fr-FR\"}]}<\/script>\n<!-- \/ Yoast SEO plugin. -->","yoast_head_json":{"title":"WiFi Module for MS Series - Bl\u00fctezeit","robots":{"index":"index","follow":"follow","max-snippet":"max-snippet:-1","max-image-preview":"max-image-preview:large","max-video-preview":"max-video-preview:-1"},"canonical":"https:\/\/www.blutezeit.com\/fr\/produit\/mwf20-wifi-module-ms-series-smart-home\/","og_locale":"fr_FR","og_type":"article","og_title":"WiFi Module for MS Series - Bl\u00fctezeit","og_description":"WiFi module for MS swing gate openers, supports Alexa\/Google\/Siri","og_url":"https:\/\/www.blutezeit.com\/fr\/produit\/mwf20-wifi-module-ms-series-smart-home\/","og_site_name":"Bl\u00fctezeit","article_modified_time":"2026-03-18T05:23:19+00:00","og_image":[{"width":2560,"height":2560,"url":"http:\/\/www.blutezeit.com\/wp-content\/uploads\/2025\/11\/WiFi-Module-for-MS-Swing-Gate-Openers-1-scaled.jpg","type":"image\/jpeg"}],"twitter_card":"summary_large_image","twitter_misc":{"Dur\u00e9e de lecture estim\u00e9e":"2 minutes"},"schema":{"@context":"https:\/\/schema.org","@graph":[{"@type":"WebPage","@id":"https:\/\/www.blutezeit.com\/product\/mwf20-wifi-module-ms-series-smart-home\/","url":"https:\/\/www.blutezeit.com\/product\/mwf20-wifi-module-ms-series-smart-home\/","name":"WiFi Module for MS Series - Bl\u00fctezeit","isPartOf":{"@id":"https:\/\/www.blutezeit.com\/pt\/#website"},"primaryImageOfPage":{"@id":"https:\/\/www.blutezeit.com\/product\/mwf20-wifi-module-ms-series-smart-home\/#primaryimage"},"image":{"@id":"https:\/\/www.blutezeit.com\/product\/mwf20-wifi-module-ms-series-smart-home\/#primaryimage"},"thumbnailUrl":"https:\/\/www.blutezeit.com\/wp-content\/uploads\/2025\/11\/WiFi-Module-for-MS-Swing-Gate-Openers-1-scaled.jpg","datePublished":"2025-11-17T03:33:57+00:00","dateModified":"2026-03-18T05:23:19+00:00","breadcrumb":{"@id":"https:\/\/www.blutezeit.com\/product\/mwf20-wifi-module-ms-series-smart-home\/#breadcrumb"},"inLanguage":"fr-FR","potentialAction":[{"@type":"ReadAction","target":["https:\/\/www.blutezeit.com\/product\/mwf20-wifi-module-ms-series-smart-home\/"]}]},{"@type":"ImageObject","inLanguage":"fr-FR","@id":"https:\/\/www.blutezeit.com\/product\/mwf20-wifi-module-ms-series-smart-home\/#primaryimage","url":"https:\/\/www.blutezeit.com\/wp-content\/uploads\/2025\/11\/WiFi-Module-for-MS-Swing-Gate-Openers-1-scaled.jpg","contentUrl":"https:\/\/www.blutezeit.com\/wp-content\/uploads\/2025\/11\/WiFi-Module-for-MS-Swing-Gate-Openers-1-scaled.jpg","width":2560,"height":2560},{"@type":"BreadcrumbList","@id":"https:\/\/www.blutezeit.com\/product\/mwf20-wifi-module-ms-series-smart-home\/#breadcrumb","itemListElement":[{"@type":"ListItem","position":1,"name":"\u9996\u9875","item":"https:\/\/www.blutezeit.com\/pt\/"},{"@type":"ListItem","position":2,"name":"Product","item":"https:\/\/www.blutezeit.com\/pt\/shop\/"},{"@type":"ListItem","position":3,"name":"WiFi Module for MS Series"}]},{"@type":"WebSite","@id":"https:\/\/www.blutezeit.com\/pt\/#website","url":"https:\/\/www.blutezeit.com\/pt\/","name":"Fleur","description":"Syst\u00e8mes d&#039;ouverture de portail intelligents et solaires","potentialAction":[{"@type":"SearchAction","target":{"@type":"EntryPoint","urlTemplate":"https:\/\/www.blutezeit.com\/pt\/?s={search_term_string}"},"query-input":{"@type":"PropertyValueSpecification","valueRequired":true,"valueName":"search_term_string"}}],"inLanguage":"fr-FR"}]}},"_links":{"self":[{"href":"https:\/\/www.blutezeit.com\/fr\/wp-json\/wp\/v2\/product\/1061","targetHints":{"allow":["GET"]}}],"collection":[{"href":"https:\/\/www.blutezeit.com\/fr\/wp-json\/wp\/v2\/product"}],"about":[{"href":"https:\/\/www.blutezeit.com\/fr\/wp-json\/wp\/v2\/types\/product"}],"replies":[{"embeddable":true,"href":"https:\/\/www.blutezeit.com\/fr\/wp-json\/wp\/v2\/comments?post=1061"}],"wp:featuredmedia":[{"embeddable":true,"href":"https:\/\/www.blutezeit.com\/fr\/wp-json\/wp\/v2\/media\/1065"}],"wp:attachment":[{"href":"https:\/\/www.blutezeit.com\/fr\/wp-json\/wp\/v2\/media?parent=1061"}],"wp:term":[{"taxonomy":"product_brand","embeddable":true,"href":"https:\/\/www.blutezeit.com\/fr\/wp-json\/wp\/v2\/product_brand?post=1061"},{"taxonomy":"product_cat","embeddable":true,"href":"https:\/\/www.blutezeit.com\/fr\/wp-json\/wp\/v2\/product_cat?post=1061"},{"taxonomy":"product_tag","embeddable":true,"href":"https:\/\/www.blutezeit.com\/fr\/wp-json\/wp\/v2\/product_tag?post=1061"}],"curies":[{"name":"wp","href":"https:\/\/api.w.org\/{rel}","templated":true}]}}