{"id":28,"date":"2024-11-20T14:04:03","date_gmt":"2024-11-20T14:04:03","guid":{"rendered":"https:\/\/www.blutezeit.com\/index.php\/cart\/"},"modified":"2024-11-20T14:04:03","modified_gmt":"2024-11-20T14:04:03","slug":"cart","status":"publish","type":"page","link":"https:\/\/www.blutezeit.com\/fr\/cart\/","title":{"rendered":"Panier"},"content":{"rendered":"<div data-block-name=\"woocommerce\/cart\" class=\"wp-block-woocommerce-cart alignwide is-loading\">\n<div data-block-name=\"woocommerce\/filled-cart-block\" class=\"wp-block-woocommerce-filled-cart-block\">\n<div data-block-name=\"woocommerce\/cart-items-block\" class=\"wp-block-woocommerce-cart-items-block\">\n<div data-block-name=\"woocommerce\/cart-line-items-block\" class=\"wp-block-woocommerce-cart-line-items-block\"><\/div>\n\n\n\n<div data-block-name=\"woocommerce\/cart-cross-sells-block\" class=\"wp-block-woocommerce-cart-cross-sells-block\">\n<h2 class=\"wp-block-heading has-large-font-size\">Vous pourriez \u00eatre int\u00e9ress\u00e9 par\u2026<\/h2>\n\n\n\n<div data-block-name=\"woocommerce\/cart-cross-sells-products-block\" class=\"wp-block-woocommerce-cart-cross-sells-products-block\"><\/div>\n<\/div>\n<\/div>\n\n\n\n<div data-block-name=\"woocommerce\/cart-totals-block\" class=\"wp-block-woocommerce-cart-totals-block\">\n<div data-block-name=\"woocommerce\/cart-order-summary-block\" class=\"wp-block-woocommerce-cart-order-summary-block\">\n<div data-block-name=\"woocommerce\/cart-order-summary-heading-block\" class=\"wp-block-woocommerce-cart-order-summary-heading-block\"><\/div><div data-block-name=\"woocommerce\/cart-order-summary-coupon-form-block\" class=\"wp-block-woocommerce-cart-order-summary-coupon-form-block\"><\/div><div data-block-name=\"woocommerce\/cart-order-summary-totals-block\" class=\"wp-block-woocommerce-cart-order-summary-totals-block\">\n<div data-block-name=\"woocommerce\/cart-order-summary-subtotal-block\" class=\"wp-block-woocommerce-cart-order-summary-subtotal-block\"><\/div>\n<div data-block-name=\"woocommerce\/cart-order-summary-discount-block\" class=\"wp-block-woocommerce-cart-order-summary-discount-block\"><\/div>\n<div data-block-name=\"woocommerce\/cart-order-summary-fee-block\" class=\"wp-block-woocommerce-cart-order-summary-fee-block\"><\/div>\n<div data-block-name=\"woocommerce\/cart-order-summary-shipping-block\" class=\"wp-block-woocommerce-cart-order-summary-shipping-block\"><\/div>\n<div data-block-name=\"woocommerce\/cart-order-summary-taxes-block\" class=\"wp-block-woocommerce-cart-order-summary-taxes-block\"><\/div><\/div>\n<\/div>\n\n\n\n<div data-block-name=\"woocommerce-paypal-payments\/cart-paylater-messages\" data-pp-placement=\"cart\" data-pp-style-layout=\"text\" data-pp-style-logo-position=\"left\" data-pp-style-logo-type=\"inline\" data-pp-style-text-color=\"black\" data-pp-style-text-size=\"12\" id=\"ppcp-cart-paylater-messages\" class=\"ppcp-messages\" data-partner-attribution-id=\"Woo_PPCP\"><\/div><div data-block-name=\"woocommerce\/cart-express-payment-block\" class=\"wp-block-woocommerce-cart-express-payment-block\"><\/div>\n\n\n\n<div data-block-name=\"woocommerce\/proceed-to-checkout-block\" class=\"wp-block-woocommerce-proceed-to-checkout-block\"><\/div>\n<div id=\"ppcp-recaptcha-v2-container\" style=\"margin:20px 0;\"><\/div>\n\n\n<div data-block-name=\"woocommerce\/cart-accepted-payment-methods-block\" class=\"wp-block-woocommerce-cart-accepted-payment-methods-block\"><\/div>\n<\/div>\n<\/div>\n\n\n\n<div data-block-name=\"woocommerce\/empty-cart-block\" class=\"wp-block-woocommerce-empty-cart-block\">\n<h2 class=\"wp-block-heading has-text-align-center with-empty-cart-icon wc-block-cart__empty-cart__title\">Votre panier est actuellement vide !<\/h2>\n\n\n\n<hr class=\"wp-block-separator has-alpha-channel-opacity is-style-dots\"\/>\n\n\n\n<h2 class=\"wp-block-heading has-text-align-center\">Nouveau en magasin<\/h2>\n\n\n<div data-block-name=\"woocommerce\/product-new\" data-columns=\"4\" data-rows=\"1\" class=\"wc-block-grid wp-block-product-new wp-block-woocommerce-product-new wc-block-product-new has-4-columns\"><ul class=\"wc-block-grid__products\"><li class=\"wc-block-grid__product\">\n\t\t\t\t<a href=\"https:\/\/www.blutezeit.com\/fr\/produit\/mkp21-gooseneck-pedestal-keypad-stand-white\/\" class=\"wc-block-grid__product-link\">\n\t\t\t\t\t<div class=\"wc-block-grid__product-onsale\">\n\t\t\t<span aria-hidden=\"true\" data-no-translation=\"\" data-trp-gettext=\"\">Promo<\/span>\n\t\t\t<span class=\"screen-reader-text\" data-no-translation=\"\" data-trp-gettext=\"\">Produit en promotion<\/span>\n\t\t<\/div>\n\t\t\t\t\t<div class=\"wc-block-grid__product-image\"><img loading=\"lazy\" decoding=\"async\" width=\"800\" height=\"800\" src=\"https:\/\/www.blutezeit.com\/wp-content\/uploads\/2026\/03\/Keypad-Post-for-Gate-Opener-Access-System-White-1-800x800.jpg\" class=\"attachment-woocommerce_thumbnail size-woocommerce_thumbnail\" alt=\"Pedestal Keypad Post (White)\" srcset=\"https:\/\/www.blutezeit.com\/wp-content\/uploads\/2026\/03\/Keypad-Post-for-Gate-Opener-Access-System-White-1-800x800.jpg 800w, https:\/\/www.blutezeit.com\/wp-content\/uploads\/2026\/03\/Keypad-Post-for-Gate-Opener-Access-System-White-1-500x500.jpg 500w, https:\/\/www.blutezeit.com\/wp-content\/uploads\/2026\/03\/Keypad-Post-for-Gate-Opener-Access-System-White-1-300x300.jpg 300w, https:\/\/www.blutezeit.com\/wp-content\/uploads\/2026\/03\/Keypad-Post-for-Gate-Opener-Access-System-White-1-768x768.jpg 768w, https:\/\/www.blutezeit.com\/wp-content\/uploads\/2026\/03\/Keypad-Post-for-Gate-Opener-Access-System-White-1-12x12.jpg 12w, https:\/\/www.blutezeit.com\/wp-content\/uploads\/2026\/03\/Keypad-Post-for-Gate-Opener-Access-System-White-1-150x150.jpg 150w, https:\/\/www.blutezeit.com\/wp-content\/uploads\/2026\/03\/Keypad-Post-for-Gate-Opener-Access-System-White-1-75x75.jpg 75w, https:\/\/www.blutezeit.com\/wp-content\/uploads\/2026\/03\/Keypad-Post-for-Gate-Opener-Access-System-White-1-480x480.jpg 480w\" sizes=\"auto, (max-width:767px) 480px, (max-width:800px) 100vw, 800px\" \/><\/div>\n\t\t\t\t\t<div class=\"wc-block-grid__product-title\">Poteau \u00e0 clavier sur pied (blanc)<\/div>\n\t\t\t\t<\/a>\n\t\t\t\t<div class=\"wc-block-grid__product-price price\"><del aria-hidden=\"true\"><span class=\"woocommerce-Price-amount amount\"><span class=\"woocommerce-Price-currencySymbol\">$<\/span>89.99<\/span><\/del> <span class=\"screen-reader-text\" data-no-translation=\"\" data-trp-gettext=\"\">Le prix initial \u00e9tait\u00a0: $89.99.<\/span><ins aria-hidden=\"true\"><span class=\"woocommerce-Price-amount amount\"><span class=\"woocommerce-Price-currencySymbol\">$<\/span>69.99<\/span><\/ins><span class=\"screen-reader-text\" data-no-translation=\"\" data-trp-gettext=\"\">Le prix actuel est\u00a0: $69.99.<\/span><\/div>\n\t\t\t\t\n\t\t\t\t<div class=\"wp-block-button wc-block-grid__product-add-to-cart\"><a href=\"\/fr\/wp-json\/wp\/v2\/pages\/28?add-to-cart=1939\" aria-label=\"Ajouter au panier\u00a0: \u201cPedestal Keypad Post (White)\u201d\" data-quantity=\"1\" data-product_id=\"1939\" data-product_sku=\"MKP21\" data-price=\"69.99\" rel=\"nofollow\" class=\"wp-block-button__link  add_to_cart_button ajax_add_to_cart\" data-no-translation=\"\" data-trp-gettext=\"\" data-no-translation-aria-label=\"\">Ajouter au panier<\/a><\/div>\n\t\t\t<\/li><li class=\"wc-block-grid__product\">\n\t\t\t\t<a href=\"https:\/\/www.blutezeit.com\/fr\/produit\/mkp20-gooseneck-pedestal-keypad-stand-black\/\" class=\"wc-block-grid__product-link\">\n\t\t\t\t\t<div class=\"wc-block-grid__product-onsale\">\n\t\t\t<span aria-hidden=\"true\" data-no-translation=\"\" data-trp-gettext=\"\">Promo<\/span>\n\t\t\t<span class=\"screen-reader-text\" data-no-translation=\"\" data-trp-gettext=\"\">Produit en promotion<\/span>\n\t\t<\/div>\n\t\t\t\t\t<div class=\"wc-block-grid__product-image\"><img loading=\"lazy\" decoding=\"async\" width=\"800\" height=\"800\" src=\"https:\/\/www.blutezeit.com\/wp-content\/uploads\/2026\/03\/Keypad-Post-for-Gate-Opener-Access-System-Black-1-800x800.jpg\" class=\"attachment-woocommerce_thumbnail size-woocommerce_thumbnail\" alt=\"Pedestal Keypad Post (Black)\" srcset=\"https:\/\/www.blutezeit.com\/wp-content\/uploads\/2026\/03\/Keypad-Post-for-Gate-Opener-Access-System-Black-1-800x800.jpg 800w, https:\/\/www.blutezeit.com\/wp-content\/uploads\/2026\/03\/Keypad-Post-for-Gate-Opener-Access-System-Black-1-500x500.jpg 500w, https:\/\/www.blutezeit.com\/wp-content\/uploads\/2026\/03\/Keypad-Post-for-Gate-Opener-Access-System-Black-1-300x300.jpg 300w, https:\/\/www.blutezeit.com\/wp-content\/uploads\/2026\/03\/Keypad-Post-for-Gate-Opener-Access-System-Black-1-768x768.jpg 768w, https:\/\/www.blutezeit.com\/wp-content\/uploads\/2026\/03\/Keypad-Post-for-Gate-Opener-Access-System-Black-1-12x12.jpg 12w, https:\/\/www.blutezeit.com\/wp-content\/uploads\/2026\/03\/Keypad-Post-for-Gate-Opener-Access-System-Black-1-150x150.jpg 150w, https:\/\/www.blutezeit.com\/wp-content\/uploads\/2026\/03\/Keypad-Post-for-Gate-Opener-Access-System-Black-1-75x75.jpg 75w, https:\/\/www.blutezeit.com\/wp-content\/uploads\/2026\/03\/Keypad-Post-for-Gate-Opener-Access-System-Black-1-480x480.jpg 480w\" sizes=\"auto, (max-width:767px) 480px, (max-width:800px) 100vw, 800px\" \/><\/div>\n\t\t\t\t\t<div class=\"wc-block-grid__product-title\">Poteau \u00e0 clavier sur pied (noir)<\/div>\n\t\t\t\t<\/a>\n\t\t\t\t<div class=\"wc-block-grid__product-price price\"><del aria-hidden=\"true\"><span class=\"woocommerce-Price-amount amount\"><span class=\"woocommerce-Price-currencySymbol\">$<\/span>89.99<\/span><\/del> <span class=\"screen-reader-text\" data-no-translation=\"\" data-trp-gettext=\"\">Le prix initial \u00e9tait\u00a0: $89.99.<\/span><ins aria-hidden=\"true\"><span class=\"woocommerce-Price-amount amount\"><span class=\"woocommerce-Price-currencySymbol\">$<\/span>69.99<\/span><\/ins><span class=\"screen-reader-text\" data-no-translation=\"\" data-trp-gettext=\"\">Le prix actuel est\u00a0: $69.99.<\/span><\/div>\n\t\t\t\t\n\t\t\t\t<div class=\"wp-block-button wc-block-grid__product-add-to-cart\"><a href=\"\/fr\/wp-json\/wp\/v2\/pages\/28?add-to-cart=1938\" aria-label=\"Ajouter au panier\u00a0: \u201cPedestal Keypad Post (Black)\u201d\" data-quantity=\"1\" data-product_id=\"1938\" data-product_sku=\"MKP20\" data-price=\"69.99\" rel=\"nofollow\" class=\"wp-block-button__link  add_to_cart_button ajax_add_to_cart\" data-no-translation=\"\" data-trp-gettext=\"\" data-no-translation-aria-label=\"\">Ajouter au panier<\/a><\/div>\n\t\t\t<\/li><li class=\"wc-block-grid__product\">\n\t\t\t\t<a href=\"https:\/\/www.blutezeit.com\/fr\/produit\/mgw8-8in-rolling-gate-wheel\/\" class=\"wc-block-grid__product-link\">\n\t\t\t\t\t\n\t\t\t\t\t<div class=\"wc-block-grid__product-image\"><img loading=\"lazy\" decoding=\"async\" width=\"800\" height=\"800\" src=\"https:\/\/www.blutezeit.com\/wp-content\/uploads\/2025\/08\/Rolling-Gate-Wheel-8-inch-1-pack-1-800x800.jpg\" class=\"attachment-woocommerce_thumbnail size-woocommerce_thumbnail\" alt=\"8&quot; Rolling Gate Wheel\" srcset=\"https:\/\/www.blutezeit.com\/wp-content\/uploads\/2025\/08\/Rolling-Gate-Wheel-8-inch-1-pack-1-800x800.jpg 800w, https:\/\/www.blutezeit.com\/wp-content\/uploads\/2025\/08\/Rolling-Gate-Wheel-8-inch-1-pack-1-500x500.jpg 500w, https:\/\/www.blutezeit.com\/wp-content\/uploads\/2025\/08\/Rolling-Gate-Wheel-8-inch-1-pack-1-300x300.jpg 300w, https:\/\/www.blutezeit.com\/wp-content\/uploads\/2025\/08\/Rolling-Gate-Wheel-8-inch-1-pack-1-768x768.jpg 768w, https:\/\/www.blutezeit.com\/wp-content\/uploads\/2025\/08\/Rolling-Gate-Wheel-8-inch-1-pack-1-12x12.jpg 12w, https:\/\/www.blutezeit.com\/wp-content\/uploads\/2025\/08\/Rolling-Gate-Wheel-8-inch-1-pack-1-150x150.jpg 150w, https:\/\/www.blutezeit.com\/wp-content\/uploads\/2025\/08\/Rolling-Gate-Wheel-8-inch-1-pack-1-75x75.jpg 75w, https:\/\/www.blutezeit.com\/wp-content\/uploads\/2025\/08\/Rolling-Gate-Wheel-8-inch-1-pack-1-480x480.jpg 480w\" sizes=\"auto, (max-width:767px) 480px, (max-width:800px) 100vw, 800px\" \/><\/div>\n\t\t\t\t\t<div class=\"wc-block-grid__product-title\">Roue de portail roulant de 8 pouces<\/div>\n\t\t\t\t<\/a>\n\t\t\t\t<div class=\"wc-block-grid__product-price price\"><span class=\"woocommerce-Price-amount amount\" aria-hidden=\"true\"><span class=\"woocommerce-Price-currencySymbol\">$<\/span>57.99<\/span> <span aria-hidden=\"true\">\u00a0\u2013\u00a0<\/span> <span class=\"woocommerce-Price-amount amount\" aria-hidden=\"true\"><span class=\"woocommerce-Price-currencySymbol\">$<\/span>107.99<\/span><span class=\"screen-reader-text\" data-no-translation=\"\" data-trp-gettext=\"\">Plage de prix\u00a0: $57.99 \u00e0 $107.99<\/span><\/div>\n\t\t\t\t\n\t\t\t\t<div class=\"wp-block-button wc-block-grid__product-add-to-cart\"><a href=\"https:\/\/www.blutezeit.com\/fr\/produit\/mgw8-8in-rolling-gate-wheel\/\" aria-label=\"S\u00e9lectionner les options pour \u201c8&quot; Rolling Gate Wheel\u201d\" data-quantity=\"1\" data-product_id=\"1918\" data-product_sku=\"MGW8\" data-price=\"57.99\" rel=\"nofollow\" class=\"wp-block-button__link  add_to_cart_button\" data-no-translation=\"\" data-trp-gettext=\"\" data-no-translation-aria-label=\"\">Choix des options<\/a><\/div>\n\t\t\t<\/li><li class=\"wc-block-grid__product\">\n\t\t\t\t<a href=\"https:\/\/www.blutezeit.com\/fr\/produit\/mgw6-6in-rolling-gate-wheel\/\" class=\"wc-block-grid__product-link\">\n\t\t\t\t\t\n\t\t\t\t\t<div class=\"wc-block-grid__product-image\"><img loading=\"lazy\" decoding=\"async\" width=\"800\" height=\"800\" src=\"https:\/\/www.blutezeit.com\/wp-content\/uploads\/2025\/08\/Rolling-Gate-Wheel-6-inch-1-pack-1-800x800.jpg\" class=\"attachment-woocommerce_thumbnail size-woocommerce_thumbnail\" alt=\"6&quot; Rolling Gate Wheel\" srcset=\"https:\/\/www.blutezeit.com\/wp-content\/uploads\/2025\/08\/Rolling-Gate-Wheel-6-inch-1-pack-1-800x800.jpg 800w, https:\/\/www.blutezeit.com\/wp-content\/uploads\/2025\/08\/Rolling-Gate-Wheel-6-inch-1-pack-1-500x500.jpg 500w, https:\/\/www.blutezeit.com\/wp-content\/uploads\/2025\/08\/Rolling-Gate-Wheel-6-inch-1-pack-1-300x300.jpg 300w, https:\/\/www.blutezeit.com\/wp-content\/uploads\/2025\/08\/Rolling-Gate-Wheel-6-inch-1-pack-1-768x768.jpg 768w, https:\/\/www.blutezeit.com\/wp-content\/uploads\/2025\/08\/Rolling-Gate-Wheel-6-inch-1-pack-1-12x12.jpg 12w, https:\/\/www.blutezeit.com\/wp-content\/uploads\/2025\/08\/Rolling-Gate-Wheel-6-inch-1-pack-1-150x150.jpg 150w, https:\/\/www.blutezeit.com\/wp-content\/uploads\/2025\/08\/Rolling-Gate-Wheel-6-inch-1-pack-1-75x75.jpg 75w, https:\/\/www.blutezeit.com\/wp-content\/uploads\/2025\/08\/Rolling-Gate-Wheel-6-inch-1-pack-1-480x480.jpg 480w\" sizes=\"auto, (max-width:767px) 480px, (max-width:800px) 100vw, 800px\" \/><\/div>\n\t\t\t\t\t<div class=\"wc-block-grid__product-title\">Roue de portail roulant de 6 pouces<\/div>\n\t\t\t\t<\/a>\n\t\t\t\t<div class=\"wc-block-grid__product-price price\"><span class=\"woocommerce-Price-amount amount\" aria-hidden=\"true\"><span class=\"woocommerce-Price-currencySymbol\">$<\/span>46.99<\/span> <span aria-hidden=\"true\">\u00a0\u2013\u00a0<\/span> <span class=\"woocommerce-Price-amount amount\" aria-hidden=\"true\"><span class=\"woocommerce-Price-currencySymbol\">$<\/span>84.99<\/span><span class=\"screen-reader-text\" data-no-translation=\"\" data-trp-gettext=\"\">Plage de prix\u00a0: $46.99 \u00e0 $84.99<\/span><\/div>\n\t\t\t\t\n\t\t\t\t<div class=\"wp-block-button wc-block-grid__product-add-to-cart\"><a href=\"https:\/\/www.blutezeit.com\/fr\/produit\/mgw6-6in-rolling-gate-wheel\/\" aria-label=\"S\u00e9lectionner les options pour \u201c6&quot; Rolling Gate Wheel\u201d\" data-quantity=\"1\" data-product_id=\"1915\" data-product_sku=\"\" data-price=\"46.99\" rel=\"nofollow\" class=\"wp-block-button__link  add_to_cart_button\" data-no-translation=\"\" data-trp-gettext=\"\" data-no-translation-aria-label=\"\">Choix des options<\/a><\/div>\n\t\t\t<\/li><\/ul><\/div><\/div>\n<\/div>","protected":false},"excerpt":{"rendered":"","protected":false},"author":1,"featured_media":0,"parent":0,"menu_order":0,"comment_status":"open","ping_status":"closed","template":"","meta":{"footnotes":""},"class_list":["post-28","page","type-page","status-publish","hentry"],"yoast_head":"<!-- This site is optimized with the Yoast SEO plugin v26.4 - https:\/\/yoast.com\/wordpress\/plugins\/seo\/ -->\n<title>Cart - Bl\u00fctezeit<\/title>\n<meta name=\"robots\" content=\"index, follow, max-snippet:-1, max-image-preview:large, max-video-preview:-1\" \/>\n<link rel=\"canonical\" href=\"https:\/\/www.blutezeit.com\/fr\/cart\/\" \/>\n<meta property=\"og:locale\" content=\"fr_FR\" \/>\n<meta property=\"og:type\" content=\"article\" \/>\n<meta property=\"og:title\" content=\"Cart - Bl\u00fctezeit\" \/>\n<meta property=\"og:url\" content=\"https:\/\/www.blutezeit.com\/fr\/cart\/\" \/>\n<meta property=\"og:site_name\" content=\"Bl\u00fctezeit\" \/>\n<meta name=\"twitter:card\" content=\"summary_large_image\" \/>\n<script type=\"application\/ld+json\" class=\"yoast-schema-graph\">{\"@context\":\"https:\/\/schema.org\",\"@graph\":[{\"@type\":\"WebPage\",\"@id\":\"https:\/\/www.blutezeit.com\/cart\/\",\"url\":\"https:\/\/www.blutezeit.com\/cart\/\",\"name\":\"Cart - Bl\u00fctezeit\",\"isPartOf\":{\"@id\":\"https:\/\/www.blutezeit.com\/pt\/#website\"},\"datePublished\":\"2024-11-20T14:04:03+00:00\",\"breadcrumb\":{\"@id\":\"https:\/\/www.blutezeit.com\/cart\/#breadcrumb\"},\"inLanguage\":\"fr-FR\",\"potentialAction\":[{\"@type\":\"ReadAction\",\"target\":[\"https:\/\/www.blutezeit.com\/cart\/\"]}]},{\"@type\":\"BreadcrumbList\",\"@id\":\"https:\/\/www.blutezeit.com\/cart\/#breadcrumb\",\"itemListElement\":[{\"@type\":\"ListItem\",\"position\":1,\"name\":\"\u9996\u9875\",\"item\":\"https:\/\/www.blutezeit.com\/pt\/\"},{\"@type\":\"ListItem\",\"position\":2,\"name\":\"Cart\"}]},{\"@type\":\"WebSite\",\"@id\":\"https:\/\/www.blutezeit.com\/pt\/#website\",\"url\":\"https:\/\/www.blutezeit.com\/pt\/\",\"name\":\"Bl\u00fctezeit\",\"description\":\"Smart &amp; Solar Gate Opener Systems\",\"potentialAction\":[{\"@type\":\"SearchAction\",\"target\":{\"@type\":\"EntryPoint\",\"urlTemplate\":\"https:\/\/www.blutezeit.com\/pt\/?s={search_term_string}\"},\"query-input\":{\"@type\":\"PropertyValueSpecification\",\"valueRequired\":true,\"valueName\":\"search_term_string\"}}],\"inLanguage\":\"fr-FR\"}]}<\/script>\n<!-- \/ Yoast SEO plugin. -->","yoast_head_json":{"title":"Cart - Bl\u00fctezeit","robots":{"index":"index","follow":"follow","max-snippet":"max-snippet:-1","max-image-preview":"max-image-preview:large","max-video-preview":"max-video-preview:-1"},"canonical":"https:\/\/www.blutezeit.com\/fr\/cart\/","og_locale":"fr_FR","og_type":"article","og_title":"Cart - Bl\u00fctezeit","og_url":"https:\/\/www.blutezeit.com\/fr\/cart\/","og_site_name":"Bl\u00fctezeit","twitter_card":"summary_large_image","schema":{"@context":"https:\/\/schema.org","@graph":[{"@type":"WebPage","@id":"https:\/\/www.blutezeit.com\/cart\/","url":"https:\/\/www.blutezeit.com\/cart\/","name":"Cart - Bl\u00fctezeit","isPartOf":{"@id":"https:\/\/www.blutezeit.com\/pt\/#website"},"datePublished":"2024-11-20T14:04:03+00:00","breadcrumb":{"@id":"https:\/\/www.blutezeit.com\/cart\/#breadcrumb"},"inLanguage":"fr-FR","potentialAction":[{"@type":"ReadAction","target":["https:\/\/www.blutezeit.com\/cart\/"]}]},{"@type":"BreadcrumbList","@id":"https:\/\/www.blutezeit.com\/cart\/#breadcrumb","itemListElement":[{"@type":"ListItem","position":1,"name":"\u9996\u9875","item":"https:\/\/www.blutezeit.com\/pt\/"},{"@type":"ListItem","position":2,"name":"Cart"}]},{"@type":"WebSite","@id":"https:\/\/www.blutezeit.com\/pt\/#website","url":"https:\/\/www.blutezeit.com\/pt\/","name":"Fleur","description":"Syst\u00e8mes d&#039;ouverture de portail intelligents et solaires","potentialAction":[{"@type":"SearchAction","target":{"@type":"EntryPoint","urlTemplate":"https:\/\/www.blutezeit.com\/pt\/?s={search_term_string}"},"query-input":{"@type":"PropertyValueSpecification","valueRequired":true,"valueName":"search_term_string"}}],"inLanguage":"fr-FR"}]}},"_links":{"self":[{"href":"https:\/\/www.blutezeit.com\/fr\/wp-json\/wp\/v2\/pages\/28","targetHints":{"allow":["GET"]}}],"collection":[{"href":"https:\/\/www.blutezeit.com\/fr\/wp-json\/wp\/v2\/pages"}],"about":[{"href":"https:\/\/www.blutezeit.com\/fr\/wp-json\/wp\/v2\/types\/page"}],"author":[{"embeddable":true,"href":"https:\/\/www.blutezeit.com\/fr\/wp-json\/wp\/v2\/users\/1"}],"replies":[{"embeddable":true,"href":"https:\/\/www.blutezeit.com\/fr\/wp-json\/wp\/v2\/comments?post=28"}],"version-history":[{"count":1,"href":"https:\/\/www.blutezeit.com\/fr\/wp-json\/wp\/v2\/pages\/28\/revisions"}],"predecessor-version":[{"id":824,"href":"https:\/\/www.blutezeit.com\/fr\/wp-json\/wp\/v2\/pages\/28\/revisions\/824"}],"wp:attachment":[{"href":"https:\/\/www.blutezeit.com\/fr\/wp-json\/wp\/v2\/media?parent=28"}],"curies":[{"name":"wp","href":"https:\/\/api.w.org\/{rel}","templated":true}]}}