{"id":586,"date":"2025-07-21T15:38:58","date_gmt":"2025-07-21T15:38:58","guid":{"rendered":"https:\/\/www.blutezeit.com\/?post_type=product&#038;p=586"},"modified":"2026-03-09T09:07:56","modified_gmt":"2026-03-09T09:07:56","slug":"mbd60-battery-level-display-dc24v-gate-opener","status":"publish","type":"product","link":"https:\/\/www.blutezeit.com\/es\/producto\/mbd60-battery-level-display-dc24v-gate-opener\/","title":{"rendered":"Indicador de nivel de bater\u00eda"},"content":{"rendered":"<h2><span class=\"a-text-bold\">Indicador de nivel de bater\u00eda Bl\u00fctezeit para abridor de portones solar de CC ME-GO-600<\/span><\/h2>\n<h6><span class=\"a-text-bold\">\ud83d\udcca Monitoreo de bater\u00eda en tiempo real<\/span><br \/>\nCuenta con una pantalla LCD clara que muestra el voltaje de la bater\u00eda y el porcentaje de carga restante, lo que le permite monitorear el estado de la energ\u00eda de un vistazo.<\/h6>\n<p><span class=\"a-text-bold\">Dise\u00f1o resistente al agua IP65<\/span><br \/>\nConstruido de manera duradera para uso en exteriores, el medidor se puede instalar fuera del gabinete del abridor de puerta con un ojal impermeable para el enrutamiento de cables, lo que hace que las verificaciones de la bater\u00eda sean convenientes sin abrir la unidad.<\/p>\n<p><span class=\"a-text-bold\">\u26a1 F\u00e1cil instalaci\u00f3n<\/span><br \/>\nSimplemente conecte los cables rojo y negro a los terminales de la bater\u00eda en la PCB del abridor de puerta ME-GO-600 para una configuraci\u00f3n r\u00e1pida.<\/p>\n<p><span class=\"a-text-bold\">\u26a0\ufe0f Instrucciones de uso<\/span><br \/>\nUtilice \u00fanicamente el bot\u00f3n de encendido debajo de la pantalla para encender o apagar el medidor. Evite presionar el bot\u00f3n &quot;SET&quot; para evitar modificar la configuraci\u00f3n de f\u00e1brica.<\/p>\n<p><span class=\"a-text-bold\">\ud83d\udca1 Consejo para ahorrar energ\u00eda<\/span><br \/>\nSi no est\u00e1 utilizando el control WiFi, se recomienda quitar manualmente el m\u00f3dulo WiFi de la PCB para ahorrar energ\u00eda de la bater\u00eda.<\/p>\n<p>Este medidor de nivel de bater\u00eda es un accesorio esencial para realizar un seguimiento del estado de energ\u00eda de su abridor de puerta y garantizar una carga oportuna para un funcionamiento ininterrumpido.<\/p>","protected":false},"excerpt":{"rendered":"<p>Indicador de nivel de bater\u00eda DC24V resistente al agua para sistemas de apertura de puertas corredizas solares ME-GO-600<\/p>","protected":false},"featured_media":1577,"comment_status":"open","ping_status":"closed","template":"","meta":[],"product_brand":[33],"product_cat":[80,22],"product_tag":[],"class_list":{"0":"post-586","1":"product","2":"type-product","3":"status-publish","4":"has-post-thumbnail","6":"product_brand-blutezeit","7":"product_cat-solar-power-supply","8":"product_cat-accessories","10":"first","11":"instock","12":"shipping-taxable","13":"purchasable","14":"product-type-simple"},"yoast_head":"<!-- This site is optimized with the Yoast SEO plugin v26.4 - https:\/\/yoast.com\/wordpress\/plugins\/seo\/ -->\n<title>Battery Level Display - Bl\u00fctezeit<\/title>\n<meta name=\"robots\" content=\"index, follow, max-snippet:-1, max-image-preview:large, max-video-preview:-1\" \/>\n<link rel=\"canonical\" href=\"https:\/\/www.blutezeit.com\/es\/producto\/mbd60-battery-level-display-dc24v-gate-opener\/\" \/>\n<meta property=\"og:locale\" content=\"es_ES\" \/>\n<meta property=\"og:type\" content=\"article\" \/>\n<meta property=\"og:title\" content=\"Battery Level Display - Bl\u00fctezeit\" \/>\n<meta property=\"og:description\" content=\"Waterproof DC24V battery level display for ME-GO-600 solar sliding gate opener systems\" \/>\n<meta property=\"og:url\" content=\"https:\/\/www.blutezeit.com\/es\/producto\/mbd60-battery-level-display-dc24v-gate-opener\/\" \/>\n<meta property=\"og:site_name\" content=\"Bl\u00fctezeit\" \/>\n<meta property=\"article:modified_time\" content=\"2026-03-09T09:07:56+00:00\" \/>\n<meta property=\"og:image\" content=\"http:\/\/www.blutezeit.com\/wp-content\/uploads\/2025\/07\/Battery-Display-for-Solar-Gate-Openers-1-1.jpg\" \/>\n\t<meta property=\"og:image:width\" content=\"1600\" \/>\n\t<meta property=\"og:image:height\" content=\"1600\" \/>\n\t<meta property=\"og:image:type\" content=\"image\/jpeg\" \/>\n<meta name=\"twitter:card\" content=\"summary_large_image\" \/>\n<meta name=\"twitter:label1\" content=\"Tiempo de lectura\" \/>\n\t<meta name=\"twitter:data1\" content=\"1 minuto\" \/>\n<script type=\"application\/ld+json\" class=\"yoast-schema-graph\">{\"@context\":\"https:\/\/schema.org\",\"@graph\":[{\"@type\":\"WebPage\",\"@id\":\"https:\/\/www.blutezeit.com\/product\/mbd60-battery-level-display-dc24v-gate-opener\/\",\"url\":\"https:\/\/www.blutezeit.com\/product\/mbd60-battery-level-display-dc24v-gate-opener\/\",\"name\":\"Battery Level Display - Bl\u00fctezeit\",\"isPartOf\":{\"@id\":\"https:\/\/www.blutezeit.com\/pt\/#website\"},\"primaryImageOfPage\":{\"@id\":\"https:\/\/www.blutezeit.com\/product\/mbd60-battery-level-display-dc24v-gate-opener\/#primaryimage\"},\"image\":{\"@id\":\"https:\/\/www.blutezeit.com\/product\/mbd60-battery-level-display-dc24v-gate-opener\/#primaryimage\"},\"thumbnailUrl\":\"https:\/\/www.blutezeit.com\/wp-content\/uploads\/2025\/07\/Battery-Display-for-Solar-Gate-Openers-1-1.jpg\",\"datePublished\":\"2025-07-21T15:38:58+00:00\",\"dateModified\":\"2026-03-09T09:07:56+00:00\",\"breadcrumb\":{\"@id\":\"https:\/\/www.blutezeit.com\/product\/mbd60-battery-level-display-dc24v-gate-opener\/#breadcrumb\"},\"inLanguage\":\"es\",\"potentialAction\":[{\"@type\":\"ReadAction\",\"target\":[\"https:\/\/www.blutezeit.com\/product\/mbd60-battery-level-display-dc24v-gate-opener\/\"]}]},{\"@type\":\"ImageObject\",\"inLanguage\":\"es\",\"@id\":\"https:\/\/www.blutezeit.com\/product\/mbd60-battery-level-display-dc24v-gate-opener\/#primaryimage\",\"url\":\"https:\/\/www.blutezeit.com\/wp-content\/uploads\/2025\/07\/Battery-Display-for-Solar-Gate-Openers-1-1.jpg\",\"contentUrl\":\"https:\/\/www.blutezeit.com\/wp-content\/uploads\/2025\/07\/Battery-Display-for-Solar-Gate-Openers-1-1.jpg\",\"width\":1600,\"height\":1600},{\"@type\":\"BreadcrumbList\",\"@id\":\"https:\/\/www.blutezeit.com\/product\/mbd60-battery-level-display-dc24v-gate-opener\/#breadcrumb\",\"itemListElement\":[{\"@type\":\"ListItem\",\"position\":1,\"name\":\"\u9996\u9875\",\"item\":\"https:\/\/www.blutezeit.com\/pt\/\"},{\"@type\":\"ListItem\",\"position\":2,\"name\":\"Product\",\"item\":\"https:\/\/www.blutezeit.com\/pt\/shop\/\"},{\"@type\":\"ListItem\",\"position\":3,\"name\":\"Battery Level Display\"}]},{\"@type\":\"WebSite\",\"@id\":\"https:\/\/www.blutezeit.com\/pt\/#website\",\"url\":\"https:\/\/www.blutezeit.com\/pt\/\",\"name\":\"Bl\u00fctezeit\",\"description\":\"Smart &amp; Solar Gate Opener Systems\",\"potentialAction\":[{\"@type\":\"SearchAction\",\"target\":{\"@type\":\"EntryPoint\",\"urlTemplate\":\"https:\/\/www.blutezeit.com\/pt\/?s={search_term_string}\"},\"query-input\":{\"@type\":\"PropertyValueSpecification\",\"valueRequired\":true,\"valueName\":\"search_term_string\"}}],\"inLanguage\":\"es\"}]}<\/script>\n<!-- \/ Yoast SEO plugin. -->","yoast_head_json":{"title":"Battery Level Display - Bl\u00fctezeit","robots":{"index":"index","follow":"follow","max-snippet":"max-snippet:-1","max-image-preview":"max-image-preview:large","max-video-preview":"max-video-preview:-1"},"canonical":"https:\/\/www.blutezeit.com\/es\/producto\/mbd60-battery-level-display-dc24v-gate-opener\/","og_locale":"es_ES","og_type":"article","og_title":"Battery Level Display - Bl\u00fctezeit","og_description":"Waterproof DC24V battery level display for ME-GO-600 solar sliding gate opener systems","og_url":"https:\/\/www.blutezeit.com\/es\/producto\/mbd60-battery-level-display-dc24v-gate-opener\/","og_site_name":"Bl\u00fctezeit","article_modified_time":"2026-03-09T09:07:56+00:00","og_image":[{"width":1600,"height":1600,"url":"http:\/\/www.blutezeit.com\/wp-content\/uploads\/2025\/07\/Battery-Display-for-Solar-Gate-Openers-1-1.jpg","type":"image\/jpeg"}],"twitter_card":"summary_large_image","twitter_misc":{"Tiempo de lectura":"1 minuto"},"schema":{"@context":"https:\/\/schema.org","@graph":[{"@type":"WebPage","@id":"https:\/\/www.blutezeit.com\/product\/mbd60-battery-level-display-dc24v-gate-opener\/","url":"https:\/\/www.blutezeit.com\/product\/mbd60-battery-level-display-dc24v-gate-opener\/","name":"Battery Level Display - Bl\u00fctezeit","isPartOf":{"@id":"https:\/\/www.blutezeit.com\/pt\/#website"},"primaryImageOfPage":{"@id":"https:\/\/www.blutezeit.com\/product\/mbd60-battery-level-display-dc24v-gate-opener\/#primaryimage"},"image":{"@id":"https:\/\/www.blutezeit.com\/product\/mbd60-battery-level-display-dc24v-gate-opener\/#primaryimage"},"thumbnailUrl":"https:\/\/www.blutezeit.com\/wp-content\/uploads\/2025\/07\/Battery-Display-for-Solar-Gate-Openers-1-1.jpg","datePublished":"2025-07-21T15:38:58+00:00","dateModified":"2026-03-09T09:07:56+00:00","breadcrumb":{"@id":"https:\/\/www.blutezeit.com\/product\/mbd60-battery-level-display-dc24v-gate-opener\/#breadcrumb"},"inLanguage":"es","potentialAction":[{"@type":"ReadAction","target":["https:\/\/www.blutezeit.com\/product\/mbd60-battery-level-display-dc24v-gate-opener\/"]}]},{"@type":"ImageObject","inLanguage":"es","@id":"https:\/\/www.blutezeit.com\/product\/mbd60-battery-level-display-dc24v-gate-opener\/#primaryimage","url":"https:\/\/www.blutezeit.com\/wp-content\/uploads\/2025\/07\/Battery-Display-for-Solar-Gate-Openers-1-1.jpg","contentUrl":"https:\/\/www.blutezeit.com\/wp-content\/uploads\/2025\/07\/Battery-Display-for-Solar-Gate-Openers-1-1.jpg","width":1600,"height":1600},{"@type":"BreadcrumbList","@id":"https:\/\/www.blutezeit.com\/product\/mbd60-battery-level-display-dc24v-gate-opener\/#breadcrumb","itemListElement":[{"@type":"ListItem","position":1,"name":"\u9996\u9875","item":"https:\/\/www.blutezeit.com\/pt\/"},{"@type":"ListItem","position":2,"name":"Product","item":"https:\/\/www.blutezeit.com\/pt\/shop\/"},{"@type":"ListItem","position":3,"name":"Battery Level Display"}]},{"@type":"WebSite","@id":"https:\/\/www.blutezeit.com\/pt\/#website","url":"https:\/\/www.blutezeit.com\/pt\/","name":"Tiempo de floraci\u00f3n","description":"Sistemas de apertura de puertas inteligentes y solares","potentialAction":[{"@type":"SearchAction","target":{"@type":"EntryPoint","urlTemplate":"https:\/\/www.blutezeit.com\/pt\/?s={search_term_string}"},"query-input":{"@type":"PropertyValueSpecification","valueRequired":true,"valueName":"search_term_string"}}],"inLanguage":"es"}]}},"_links":{"self":[{"href":"https:\/\/www.blutezeit.com\/es\/wp-json\/wp\/v2\/product\/586","targetHints":{"allow":["GET"]}}],"collection":[{"href":"https:\/\/www.blutezeit.com\/es\/wp-json\/wp\/v2\/product"}],"about":[{"href":"https:\/\/www.blutezeit.com\/es\/wp-json\/wp\/v2\/types\/product"}],"replies":[{"embeddable":true,"href":"https:\/\/www.blutezeit.com\/es\/wp-json\/wp\/v2\/comments?post=586"}],"wp:featuredmedia":[{"embeddable":true,"href":"https:\/\/www.blutezeit.com\/es\/wp-json\/wp\/v2\/media\/1577"}],"wp:attachment":[{"href":"https:\/\/www.blutezeit.com\/es\/wp-json\/wp\/v2\/media?parent=586"}],"wp:term":[{"taxonomy":"product_brand","embeddable":true,"href":"https:\/\/www.blutezeit.com\/es\/wp-json\/wp\/v2\/product_brand?post=586"},{"taxonomy":"product_cat","embeddable":true,"href":"https:\/\/www.blutezeit.com\/es\/wp-json\/wp\/v2\/product_cat?post=586"},{"taxonomy":"product_tag","embeddable":true,"href":"https:\/\/www.blutezeit.com\/es\/wp-json\/wp\/v2\/product_tag?post=586"}],"curies":[{"name":"wp","href":"https:\/\/api.w.org\/{rel}","templated":true}]}}