{"id":574,"date":"2025-07-21T15:29:45","date_gmt":"2025-07-21T15:29:45","guid":{"rendered":"https:\/\/www.blutezeit.com\/?post_type=product&#038;p=574"},"modified":"2026-03-09T09:08:04","modified_gmt":"2026-03-09T09:08:04","slug":"mcg-solar-panel-extension-cable-me-go-600","status":"publish","type":"product","link":"https:\/\/www.blutezeit.com\/es\/producto\/mcg-solar-panel-extension-cable-me-go-600\/","title":{"rendered":"Cable de extensi\u00f3n para panel solar para abridores de portones corredizos ME-GO-600"},"content":{"rendered":"<h4><span class=\"a-text-bold\">Kit de expansi\u00f3n del sistema de apertura de puertas correderas solares Bl\u00fctezeit para ME-GO-600<\/span><\/h4>\n<p><strong>\u2699\ufe0f Prop\u00f3sito<\/strong><br \/>\nExtiende la longitud del cable de conexi\u00f3n de su panel solar, lo que le permite colocar los paneles solares m\u00e1s arriba o m\u00e1s lejos para una exposici\u00f3n \u00f3ptima a la luz solar.<\/p>\n<p><strong>Transmisi\u00f3n de potencia confiable<\/strong><br \/>\nCuenta con conectores de alta calidad y cableado de cobre puro para garantizar una transferencia de energ\u00eda eficiente y estable entre sus paneles solares y el motor de compuerta ME-GO-600.<\/p>\n<p><strong>Resistente a la intemperie y duradero<\/strong><br \/>\nConstruido para soportar condiciones exteriores, proporcionando un rendimiento constante en diversos entornos clim\u00e1ticos.<\/p>\n<p><strong>\ud83d\udccf Longitud conveniente<\/strong><br \/>\nOfrece opciones de instalaci\u00f3n flexibles, lo que le brinda m\u00e1s opciones de ubicaci\u00f3n para maximizar la eficiencia del panel solar.<\/p>\n<p><strong>\ud83d\udccb Especificaciones<\/strong><br \/>\n\u2013 Compatibilidad: Motor de apertura de puerta corrediza ME-GO-600<br \/>\n\u2013 Longitud del cable: <strong>6,6 pies \/ 17 pies \/ 33 pies \/ 66 pies<\/strong><br \/>\n\u2013 Tipo de conector: Arn\u00e9s de enlace de CC de dos puertos (5,5 mm x 2,1 mm), conectores macho\/hembra a prueba de agua<br \/>\n\u2013 Material: Cableado de cobre puro para alta conductividad.<br \/>\n\u2013 Resistencia a la intemperie: Dise\u00f1ado para uso en exteriores.<\/p>\n<p>Este kit de expansi\u00f3n es ideal para ampliar el cableado de su panel solar para lograr un mejor acceso a la luz solar y mejorar el rendimiento de carga solar de su abridor de puerta.<\/p>","protected":false},"excerpt":{"rendered":"<p>Cable de extensi\u00f3n de CC de dos puertos para la conexi\u00f3n del panel solar al abridor de puerta corrediza ME-GO-600<\/p>","protected":false},"featured_media":1578,"comment_status":"open","ping_status":"closed","template":"","meta":[],"product_brand":[33],"product_cat":[80,22],"product_tag":[],"class_list":{"0":"post-574","1":"product","2":"type-product","3":"status-publish","4":"has-post-thumbnail","6":"product_brand-blutezeit","7":"product_cat-solar-power-supply","8":"product_cat-accessories","10":"first","11":"instock","12":"shipping-taxable","13":"purchasable","14":"product-type-variable"},"yoast_head":"<!-- This site is optimized with the Yoast SEO plugin v26.4 - https:\/\/yoast.com\/wordpress\/plugins\/seo\/ -->\n<title>Solar Panel Extension Cable for ME-GO-600 Sliding Gate Openers - Bl\u00fctezeit<\/title>\n<meta name=\"robots\" content=\"index, follow, max-snippet:-1, max-image-preview:large, max-video-preview:-1\" \/>\n<link rel=\"canonical\" href=\"https:\/\/www.blutezeit.com\/es\/producto\/mcg-solar-panel-extension-cable-me-go-600\/\" \/>\n<meta property=\"og:locale\" content=\"es_ES\" \/>\n<meta property=\"og:type\" content=\"article\" \/>\n<meta property=\"og:title\" content=\"Solar Panel Extension Cable for ME-GO-600 Sliding Gate Openers - Bl\u00fctezeit\" \/>\n<meta property=\"og:description\" content=\"Dual-port DC extension cable for solar panel connection to ME-GO-600 sliding gate opener\" \/>\n<meta property=\"og:url\" content=\"https:\/\/www.blutezeit.com\/es\/producto\/mcg-solar-panel-extension-cable-me-go-600\/\" \/>\n<meta property=\"og:site_name\" content=\"Bl\u00fctezeit\" \/>\n<meta property=\"article:modified_time\" content=\"2026-03-09T09:08:04+00:00\" \/>\n<meta property=\"og:image\" content=\"http:\/\/www.blutezeit.com\/wp-content\/uploads\/2025\/07\/6.6ft-Extension-Cable-for-Solar-Panel-1-1.jpg\" \/>\n\t<meta property=\"og:image:width\" content=\"1600\" \/>\n\t<meta property=\"og:image:height\" content=\"1600\" \/>\n\t<meta property=\"og:image:type\" content=\"image\/jpeg\" \/>\n<meta name=\"twitter:card\" content=\"summary_large_image\" \/>\n<meta name=\"twitter:label1\" content=\"Tiempo de lectura\" \/>\n\t<meta name=\"twitter:data1\" content=\"1 minuto\" \/>\n<script type=\"application\/ld+json\" class=\"yoast-schema-graph\">{\"@context\":\"https:\/\/schema.org\",\"@graph\":[{\"@type\":\"WebPage\",\"@id\":\"https:\/\/www.blutezeit.com\/product\/mcg-solar-panel-extension-cable-me-go-600\/\",\"url\":\"https:\/\/www.blutezeit.com\/product\/mcg-solar-panel-extension-cable-me-go-600\/\",\"name\":\"Solar Panel Extension Cable for ME-GO-600 Sliding Gate Openers - Bl\u00fctezeit\",\"isPartOf\":{\"@id\":\"https:\/\/www.blutezeit.com\/pt\/#website\"},\"primaryImageOfPage\":{\"@id\":\"https:\/\/www.blutezeit.com\/product\/mcg-solar-panel-extension-cable-me-go-600\/#primaryimage\"},\"image\":{\"@id\":\"https:\/\/www.blutezeit.com\/product\/mcg-solar-panel-extension-cable-me-go-600\/#primaryimage\"},\"thumbnailUrl\":\"https:\/\/www.blutezeit.com\/wp-content\/uploads\/2025\/07\/6.6ft-Extension-Cable-for-Solar-Panel-1-1.jpg\",\"datePublished\":\"2025-07-21T15:29:45+00:00\",\"dateModified\":\"2026-03-09T09:08:04+00:00\",\"breadcrumb\":{\"@id\":\"https:\/\/www.blutezeit.com\/product\/mcg-solar-panel-extension-cable-me-go-600\/#breadcrumb\"},\"inLanguage\":\"es\",\"potentialAction\":[{\"@type\":\"ReadAction\",\"target\":[\"https:\/\/www.blutezeit.com\/product\/mcg-solar-panel-extension-cable-me-go-600\/\"]}]},{\"@type\":\"ImageObject\",\"inLanguage\":\"es\",\"@id\":\"https:\/\/www.blutezeit.com\/product\/mcg-solar-panel-extension-cable-me-go-600\/#primaryimage\",\"url\":\"https:\/\/www.blutezeit.com\/wp-content\/uploads\/2025\/07\/6.6ft-Extension-Cable-for-Solar-Panel-1-1.jpg\",\"contentUrl\":\"https:\/\/www.blutezeit.com\/wp-content\/uploads\/2025\/07\/6.6ft-Extension-Cable-for-Solar-Panel-1-1.jpg\",\"width\":1600,\"height\":1600},{\"@type\":\"BreadcrumbList\",\"@id\":\"https:\/\/www.blutezeit.com\/product\/mcg-solar-panel-extension-cable-me-go-600\/#breadcrumb\",\"itemListElement\":[{\"@type\":\"ListItem\",\"position\":1,\"name\":\"\u9996\u9875\",\"item\":\"https:\/\/www.blutezeit.com\/pt\/\"},{\"@type\":\"ListItem\",\"position\":2,\"name\":\"Product\",\"item\":\"https:\/\/www.blutezeit.com\/pt\/shop\/\"},{\"@type\":\"ListItem\",\"position\":3,\"name\":\"Solar Panel Extension Cable for ME-GO-600 Sliding Gate Openers\"}]},{\"@type\":\"WebSite\",\"@id\":\"https:\/\/www.blutezeit.com\/pt\/#website\",\"url\":\"https:\/\/www.blutezeit.com\/pt\/\",\"name\":\"Bl\u00fctezeit\",\"description\":\"Smart &amp; Solar Gate Opener Systems\",\"potentialAction\":[{\"@type\":\"SearchAction\",\"target\":{\"@type\":\"EntryPoint\",\"urlTemplate\":\"https:\/\/www.blutezeit.com\/pt\/?s={search_term_string}\"},\"query-input\":{\"@type\":\"PropertyValueSpecification\",\"valueRequired\":true,\"valueName\":\"search_term_string\"}}],\"inLanguage\":\"es\"}]}<\/script>\n<!-- \/ Yoast SEO plugin. -->","yoast_head_json":{"title":"Solar Panel Extension Cable for ME-GO-600 Sliding Gate Openers - Bl\u00fctezeit","robots":{"index":"index","follow":"follow","max-snippet":"max-snippet:-1","max-image-preview":"max-image-preview:large","max-video-preview":"max-video-preview:-1"},"canonical":"https:\/\/www.blutezeit.com\/es\/producto\/mcg-solar-panel-extension-cable-me-go-600\/","og_locale":"es_ES","og_type":"article","og_title":"Solar Panel Extension Cable for ME-GO-600 Sliding Gate Openers - Bl\u00fctezeit","og_description":"Dual-port DC extension cable for solar panel connection to ME-GO-600 sliding gate opener","og_url":"https:\/\/www.blutezeit.com\/es\/producto\/mcg-solar-panel-extension-cable-me-go-600\/","og_site_name":"Bl\u00fctezeit","article_modified_time":"2026-03-09T09:08:04+00:00","og_image":[{"width":1600,"height":1600,"url":"http:\/\/www.blutezeit.com\/wp-content\/uploads\/2025\/07\/6.6ft-Extension-Cable-for-Solar-Panel-1-1.jpg","type":"image\/jpeg"}],"twitter_card":"summary_large_image","twitter_misc":{"Tiempo de lectura":"1 minuto"},"schema":{"@context":"https:\/\/schema.org","@graph":[{"@type":"WebPage","@id":"https:\/\/www.blutezeit.com\/product\/mcg-solar-panel-extension-cable-me-go-600\/","url":"https:\/\/www.blutezeit.com\/product\/mcg-solar-panel-extension-cable-me-go-600\/","name":"Solar Panel Extension Cable for ME-GO-600 Sliding Gate Openers - Bl\u00fctezeit","isPartOf":{"@id":"https:\/\/www.blutezeit.com\/pt\/#website"},"primaryImageOfPage":{"@id":"https:\/\/www.blutezeit.com\/product\/mcg-solar-panel-extension-cable-me-go-600\/#primaryimage"},"image":{"@id":"https:\/\/www.blutezeit.com\/product\/mcg-solar-panel-extension-cable-me-go-600\/#primaryimage"},"thumbnailUrl":"https:\/\/www.blutezeit.com\/wp-content\/uploads\/2025\/07\/6.6ft-Extension-Cable-for-Solar-Panel-1-1.jpg","datePublished":"2025-07-21T15:29:45+00:00","dateModified":"2026-03-09T09:08:04+00:00","breadcrumb":{"@id":"https:\/\/www.blutezeit.com\/product\/mcg-solar-panel-extension-cable-me-go-600\/#breadcrumb"},"inLanguage":"es","potentialAction":[{"@type":"ReadAction","target":["https:\/\/www.blutezeit.com\/product\/mcg-solar-panel-extension-cable-me-go-600\/"]}]},{"@type":"ImageObject","inLanguage":"es","@id":"https:\/\/www.blutezeit.com\/product\/mcg-solar-panel-extension-cable-me-go-600\/#primaryimage","url":"https:\/\/www.blutezeit.com\/wp-content\/uploads\/2025\/07\/6.6ft-Extension-Cable-for-Solar-Panel-1-1.jpg","contentUrl":"https:\/\/www.blutezeit.com\/wp-content\/uploads\/2025\/07\/6.6ft-Extension-Cable-for-Solar-Panel-1-1.jpg","width":1600,"height":1600},{"@type":"BreadcrumbList","@id":"https:\/\/www.blutezeit.com\/product\/mcg-solar-panel-extension-cable-me-go-600\/#breadcrumb","itemListElement":[{"@type":"ListItem","position":1,"name":"\u9996\u9875","item":"https:\/\/www.blutezeit.com\/pt\/"},{"@type":"ListItem","position":2,"name":"Product","item":"https:\/\/www.blutezeit.com\/pt\/shop\/"},{"@type":"ListItem","position":3,"name":"Solar Panel Extension Cable for ME-GO-600 Sliding Gate Openers"}]},{"@type":"WebSite","@id":"https:\/\/www.blutezeit.com\/pt\/#website","url":"https:\/\/www.blutezeit.com\/pt\/","name":"Tiempo de floraci\u00f3n","description":"Sistemas de apertura de puertas inteligentes y solares","potentialAction":[{"@type":"SearchAction","target":{"@type":"EntryPoint","urlTemplate":"https:\/\/www.blutezeit.com\/pt\/?s={search_term_string}"},"query-input":{"@type":"PropertyValueSpecification","valueRequired":true,"valueName":"search_term_string"}}],"inLanguage":"es"}]}},"_links":{"self":[{"href":"https:\/\/www.blutezeit.com\/es\/wp-json\/wp\/v2\/product\/574","targetHints":{"allow":["GET"]}}],"collection":[{"href":"https:\/\/www.blutezeit.com\/es\/wp-json\/wp\/v2\/product"}],"about":[{"href":"https:\/\/www.blutezeit.com\/es\/wp-json\/wp\/v2\/types\/product"}],"replies":[{"embeddable":true,"href":"https:\/\/www.blutezeit.com\/es\/wp-json\/wp\/v2\/comments?post=574"}],"wp:featuredmedia":[{"embeddable":true,"href":"https:\/\/www.blutezeit.com\/es\/wp-json\/wp\/v2\/media\/1578"}],"wp:attachment":[{"href":"https:\/\/www.blutezeit.com\/es\/wp-json\/wp\/v2\/media?parent=574"}],"wp:term":[{"taxonomy":"product_brand","embeddable":true,"href":"https:\/\/www.blutezeit.com\/es\/wp-json\/wp\/v2\/product_brand?post=574"},{"taxonomy":"product_cat","embeddable":true,"href":"https:\/\/www.blutezeit.com\/es\/wp-json\/wp\/v2\/product_cat?post=574"},{"taxonomy":"product_tag","embeddable":true,"href":"https:\/\/www.blutezeit.com\/es\/wp-json\/wp\/v2\/product_tag?post=574"}],"curies":[{"name":"wp","href":"https:\/\/api.w.org\/{rel}","templated":true}]}}