{"id":564,"date":"2025-07-21T15:24:39","date_gmt":"2025-07-21T15:24:39","guid":{"rendered":"https:\/\/www.blutezeit.com\/?post_type=product&#038;p=564"},"modified":"2026-01-09T12:51:25","modified_gmt":"2026-01-09T12:51:25","slug":"mpg02-2ft-solar-panel-parallel-cable-me-go-600","status":"publish","type":"product","link":"https:\/\/www.blutezeit.com\/es\/producto\/mpg02-2ft-solar-panel-parallel-cable-me-go-600\/","title":{"rendered":"Cable paralelo para panel solar de 2,3 pies para abridores de portones corredizos ME-GO-600"},"content":{"rendered":"<p><span class=\"a-text-bold\"><img loading=\"lazy\" decoding=\"async\" class=\"aligncenter size-full wp-image-573\" src=\"http:\/\/www.blutezeit.com\/wp-content\/uploads\/2025\/07\/A-Parallel-Cable-for-Solar-Panels.jpg\" alt=\"\" width=\"1464\" height=\"600\" srcset=\"https:\/\/www.blutezeit.com\/wp-content\/uploads\/2025\/07\/A-Parallel-Cable-for-Solar-Panels.jpg 1464w, https:\/\/www.blutezeit.com\/wp-content\/uploads\/2025\/07\/A-Parallel-Cable-for-Solar-Panels-500x205.jpg 500w, https:\/\/www.blutezeit.com\/wp-content\/uploads\/2025\/07\/A-Parallel-Cable-for-Solar-Panels-1200x492.jpg 1200w, https:\/\/www.blutezeit.com\/wp-content\/uploads\/2025\/07\/A-Parallel-Cable-for-Solar-Panels-300x123.jpg 300w, https:\/\/www.blutezeit.com\/wp-content\/uploads\/2025\/07\/A-Parallel-Cable-for-Solar-Panels-768x315.jpg 768w, https:\/\/www.blutezeit.com\/wp-content\/uploads\/2025\/07\/A-Parallel-Cable-for-Solar-Panels-18x7.jpg 18w, https:\/\/www.blutezeit.com\/wp-content\/uploads\/2025\/07\/A-Parallel-Cable-for-Solar-Panels-150x61.jpg 150w, https:\/\/www.blutezeit.com\/wp-content\/uploads\/2025\/07\/A-Parallel-Cable-for-Solar-Panels-480x197.jpg 480w, https:\/\/www.blutezeit.com\/wp-content\/uploads\/2025\/07\/A-Parallel-Cable-for-Solar-Panels-800x328.jpg 800w\" sizes=\"auto, (max-width:767px) 480px, (max-width:1464px) 100vw, 1464px\" \/>Kit adaptador para sistema de apertura de portones corredizos con energ\u00eda solar Bl\u00fctezeit<\/span>\u00a0Est\u00e1 dise\u00f1ado espec\u00edficamente para el\u00a0<span class=\"a-text-bold\">Sistema de motor de apertura de puerta corredera ME-GO-600<\/span>Este arn\u00e9s de enlace de CC de doble puerto de 2.3 pies garantiza una integraci\u00f3n perfecta entre el motor y los paneles solares u otros m\u00f3dulos externos. Dise\u00f1ado para ofrecer una transmisi\u00f3n de energ\u00eda confiable y ampliar las capacidades de su sistema, este kit mejora la funcionalidad y la durabilidad de su abridor de portones.<\/p>\n<p>Ideal para quienes desean actualizar su sistema o integrar paneles solares adicionales, el\u00a0<span class=\"a-text-bold\">Kit adaptador Bl\u00fctezeit<\/span>\u00a0Ofrece una conexi\u00f3n fluida con controladores solares, lo que garantiza un rendimiento \u00f3ptimo. Con este kit adaptador, puede mejorar la eficiencia de su sistema de apertura de portones y aprovechar al m\u00e1ximo la integraci\u00f3n de la energ\u00eda solar.<\/p>\n<p><strong><span class=\"a-text-bold\">\u2705 Especificaciones:<\/span><\/strong><br \/>\n<span class=\"a-text-bold\">Compatibilidad:<\/span>\u00a0Dise\u00f1ado espec\u00edficamente para el sistema de motor de apertura de puerta corrediza ME-GO-600.<br \/>\n<span class=\"a-text-bold\">Longitud del cable:<\/span>\u00a0Arn\u00e9s de enlace de CC de doble puerto de 2,3 pies (0,7 metros).<br \/>\n<span class=\"a-text-bold\">Tipo de conector:<\/span>\u00a01 hembra a 2 machos (conectores de 5,5 mm x 2,1 mm).<br \/>\n<span class=\"a-text-bold\">Material:<\/span>\u00a0Cableado de cobre puro para una conductividad \u00f3ptima y eficiencia energ\u00e9tica.<br \/>\n<span class=\"a-text-bold\">Funcionalidad:<\/span>\u00a0Dise\u00f1ado para integrar paneles solares con sistemas de apertura de puertas, mejorando la eficiencia energ\u00e9tica y permitiendo la expansi\u00f3n del sistema.<br \/>\n<span class=\"a-text-bold\">Resistencia a la intemperie:<\/span>\u00a0Dise\u00f1ado para soportar entornos exteriores, garantizando un rendimiento confiable en diversas condiciones clim\u00e1ticas.<\/p>","protected":false},"excerpt":{"rendered":"<p>Cable paralelo de CC de dos puertos de 2,3 pies (5,5 \u00d7 2,1 mm) para conectar paneles solares en paralelo a los abridores de puertas corredizas Bl\u00fctezeit ME-GO-600; conectores macho\/hembra a prueba de agua<\/p>","protected":false},"featured_media":1579,"comment_status":"open","ping_status":"closed","template":"","meta":[],"product_brand":[33],"product_cat":[80,22],"product_tag":[],"class_list":{"0":"post-564","1":"product","2":"type-product","3":"status-publish","4":"has-post-thumbnail","6":"product_brand-blutezeit","7":"product_cat-solar-power-supply","8":"product_cat-accessories","10":"first","11":"instock","12":"shipping-taxable","13":"purchasable","14":"product-type-simple"},"yoast_head":"<!-- This site is optimized with the Yoast SEO plugin v26.4 - https:\/\/yoast.com\/wordpress\/plugins\/seo\/ -->\n<title>Solar Panel Parallel Cable 2.3ft for ME-GO-600 Sliding Gate Openers - Bl\u00fctezeit<\/title>\n<meta name=\"robots\" content=\"index, follow, max-snippet:-1, max-image-preview:large, max-video-preview:-1\" \/>\n<link rel=\"canonical\" href=\"https:\/\/www.blutezeit.com\/es\/producto\/mpg02-2ft-solar-panel-parallel-cable-me-go-600\/\" \/>\n<meta property=\"og:locale\" content=\"es_ES\" \/>\n<meta property=\"og:type\" content=\"article\" \/>\n<meta property=\"og:title\" content=\"Solar Panel Parallel Cable 2.3ft for ME-GO-600 Sliding Gate Openers - Bl\u00fctezeit\" \/>\n<meta property=\"og:description\" content=\"2.3ft dual-port DC parallel cable (5.5\u00d72.1mm) for connecting solar panels in parallel to Bl\u00fctezeit ME-GO-600 sliding gate openers; waterproof male\/female connectors\" \/>\n<meta property=\"og:url\" content=\"https:\/\/www.blutezeit.com\/es\/producto\/mpg02-2ft-solar-panel-parallel-cable-me-go-600\/\" \/>\n<meta property=\"og:site_name\" content=\"Bl\u00fctezeit\" \/>\n<meta property=\"article:modified_time\" content=\"2026-01-09T12:51:25+00:00\" \/>\n<meta property=\"og:image\" content=\"http:\/\/www.blutezeit.com\/wp-content\/uploads\/2025\/07\/Parallel-Cable-for-Solar-Panels-1-1.jpg\" \/>\n\t<meta property=\"og:image:width\" content=\"1600\" \/>\n\t<meta property=\"og:image:height\" content=\"1600\" \/>\n\t<meta property=\"og:image:type\" content=\"image\/jpeg\" \/>\n<meta name=\"twitter:card\" content=\"summary_large_image\" \/>\n<meta name=\"twitter:label1\" content=\"Tiempo de lectura\" \/>\n\t<meta name=\"twitter:data1\" content=\"2 minutos\" \/>\n<script type=\"application\/ld+json\" class=\"yoast-schema-graph\">{\"@context\":\"https:\/\/schema.org\",\"@graph\":[{\"@type\":\"WebPage\",\"@id\":\"https:\/\/www.blutezeit.com\/product\/mpg02-2ft-solar-panel-parallel-cable-me-go-600\/\",\"url\":\"https:\/\/www.blutezeit.com\/product\/mpg02-2ft-solar-panel-parallel-cable-me-go-600\/\",\"name\":\"Solar Panel Parallel Cable 2.3ft for ME-GO-600 Sliding Gate Openers - Bl\u00fctezeit\",\"isPartOf\":{\"@id\":\"https:\/\/www.blutezeit.com\/pt\/#website\"},\"primaryImageOfPage\":{\"@id\":\"https:\/\/www.blutezeit.com\/product\/mpg02-2ft-solar-panel-parallel-cable-me-go-600\/#primaryimage\"},\"image\":{\"@id\":\"https:\/\/www.blutezeit.com\/product\/mpg02-2ft-solar-panel-parallel-cable-me-go-600\/#primaryimage\"},\"thumbnailUrl\":\"https:\/\/www.blutezeit.com\/wp-content\/uploads\/2025\/07\/Parallel-Cable-for-Solar-Panels-1-1.jpg\",\"datePublished\":\"2025-07-21T15:24:39+00:00\",\"dateModified\":\"2026-01-09T12:51:25+00:00\",\"breadcrumb\":{\"@id\":\"https:\/\/www.blutezeit.com\/product\/mpg02-2ft-solar-panel-parallel-cable-me-go-600\/#breadcrumb\"},\"inLanguage\":\"es\",\"potentialAction\":[{\"@type\":\"ReadAction\",\"target\":[\"https:\/\/www.blutezeit.com\/product\/mpg02-2ft-solar-panel-parallel-cable-me-go-600\/\"]}]},{\"@type\":\"ImageObject\",\"inLanguage\":\"es\",\"@id\":\"https:\/\/www.blutezeit.com\/product\/mpg02-2ft-solar-panel-parallel-cable-me-go-600\/#primaryimage\",\"url\":\"https:\/\/www.blutezeit.com\/wp-content\/uploads\/2025\/07\/Parallel-Cable-for-Solar-Panels-1-1.jpg\",\"contentUrl\":\"https:\/\/www.blutezeit.com\/wp-content\/uploads\/2025\/07\/Parallel-Cable-for-Solar-Panels-1-1.jpg\",\"width\":1600,\"height\":1600},{\"@type\":\"BreadcrumbList\",\"@id\":\"https:\/\/www.blutezeit.com\/product\/mpg02-2ft-solar-panel-parallel-cable-me-go-600\/#breadcrumb\",\"itemListElement\":[{\"@type\":\"ListItem\",\"position\":1,\"name\":\"\u9996\u9875\",\"item\":\"https:\/\/www.blutezeit.com\/pt\/\"},{\"@type\":\"ListItem\",\"position\":2,\"name\":\"Product\",\"item\":\"https:\/\/www.blutezeit.com\/pt\/shop\/\"},{\"@type\":\"ListItem\",\"position\":3,\"name\":\"Solar Panel Parallel Cable 2.3ft for ME-GO-600 Sliding Gate Openers\"}]},{\"@type\":\"WebSite\",\"@id\":\"https:\/\/www.blutezeit.com\/pt\/#website\",\"url\":\"https:\/\/www.blutezeit.com\/pt\/\",\"name\":\"Bl\u00fctezeit\",\"description\":\"Smart &amp; Solar Gate Opener Systems\",\"potentialAction\":[{\"@type\":\"SearchAction\",\"target\":{\"@type\":\"EntryPoint\",\"urlTemplate\":\"https:\/\/www.blutezeit.com\/pt\/?s={search_term_string}\"},\"query-input\":{\"@type\":\"PropertyValueSpecification\",\"valueRequired\":true,\"valueName\":\"search_term_string\"}}],\"inLanguage\":\"es\"}]}<\/script>\n<!-- \/ Yoast SEO plugin. -->","yoast_head_json":{"title":"Solar Panel Parallel Cable 2.3ft for ME-GO-600 Sliding Gate Openers - Bl\u00fctezeit","robots":{"index":"index","follow":"follow","max-snippet":"max-snippet:-1","max-image-preview":"max-image-preview:large","max-video-preview":"max-video-preview:-1"},"canonical":"https:\/\/www.blutezeit.com\/es\/producto\/mpg02-2ft-solar-panel-parallel-cable-me-go-600\/","og_locale":"es_ES","og_type":"article","og_title":"Solar Panel Parallel Cable 2.3ft for ME-GO-600 Sliding Gate Openers - Bl\u00fctezeit","og_description":"2.3ft dual-port DC parallel cable (5.5\u00d72.1mm) for connecting solar panels in parallel to Bl\u00fctezeit ME-GO-600 sliding gate openers; waterproof male\/female connectors","og_url":"https:\/\/www.blutezeit.com\/es\/producto\/mpg02-2ft-solar-panel-parallel-cable-me-go-600\/","og_site_name":"Bl\u00fctezeit","article_modified_time":"2026-01-09T12:51:25+00:00","og_image":[{"width":1600,"height":1600,"url":"http:\/\/www.blutezeit.com\/wp-content\/uploads\/2025\/07\/Parallel-Cable-for-Solar-Panels-1-1.jpg","type":"image\/jpeg"}],"twitter_card":"summary_large_image","twitter_misc":{"Tiempo de lectura":"2 minutos"},"schema":{"@context":"https:\/\/schema.org","@graph":[{"@type":"WebPage","@id":"https:\/\/www.blutezeit.com\/product\/mpg02-2ft-solar-panel-parallel-cable-me-go-600\/","url":"https:\/\/www.blutezeit.com\/product\/mpg02-2ft-solar-panel-parallel-cable-me-go-600\/","name":"Solar Panel Parallel Cable 2.3ft for ME-GO-600 Sliding Gate Openers - Bl\u00fctezeit","isPartOf":{"@id":"https:\/\/www.blutezeit.com\/pt\/#website"},"primaryImageOfPage":{"@id":"https:\/\/www.blutezeit.com\/product\/mpg02-2ft-solar-panel-parallel-cable-me-go-600\/#primaryimage"},"image":{"@id":"https:\/\/www.blutezeit.com\/product\/mpg02-2ft-solar-panel-parallel-cable-me-go-600\/#primaryimage"},"thumbnailUrl":"https:\/\/www.blutezeit.com\/wp-content\/uploads\/2025\/07\/Parallel-Cable-for-Solar-Panels-1-1.jpg","datePublished":"2025-07-21T15:24:39+00:00","dateModified":"2026-01-09T12:51:25+00:00","breadcrumb":{"@id":"https:\/\/www.blutezeit.com\/product\/mpg02-2ft-solar-panel-parallel-cable-me-go-600\/#breadcrumb"},"inLanguage":"es","potentialAction":[{"@type":"ReadAction","target":["https:\/\/www.blutezeit.com\/product\/mpg02-2ft-solar-panel-parallel-cable-me-go-600\/"]}]},{"@type":"ImageObject","inLanguage":"es","@id":"https:\/\/www.blutezeit.com\/product\/mpg02-2ft-solar-panel-parallel-cable-me-go-600\/#primaryimage","url":"https:\/\/www.blutezeit.com\/wp-content\/uploads\/2025\/07\/Parallel-Cable-for-Solar-Panels-1-1.jpg","contentUrl":"https:\/\/www.blutezeit.com\/wp-content\/uploads\/2025\/07\/Parallel-Cable-for-Solar-Panels-1-1.jpg","width":1600,"height":1600},{"@type":"BreadcrumbList","@id":"https:\/\/www.blutezeit.com\/product\/mpg02-2ft-solar-panel-parallel-cable-me-go-600\/#breadcrumb","itemListElement":[{"@type":"ListItem","position":1,"name":"\u9996\u9875","item":"https:\/\/www.blutezeit.com\/pt\/"},{"@type":"ListItem","position":2,"name":"Product","item":"https:\/\/www.blutezeit.com\/pt\/shop\/"},{"@type":"ListItem","position":3,"name":"Solar Panel Parallel Cable 2.3ft for ME-GO-600 Sliding Gate Openers"}]},{"@type":"WebSite","@id":"https:\/\/www.blutezeit.com\/pt\/#website","url":"https:\/\/www.blutezeit.com\/pt\/","name":"Tiempo de floraci\u00f3n","description":"Sistemas de apertura de puertas inteligentes y solares","potentialAction":[{"@type":"SearchAction","target":{"@type":"EntryPoint","urlTemplate":"https:\/\/www.blutezeit.com\/pt\/?s={search_term_string}"},"query-input":{"@type":"PropertyValueSpecification","valueRequired":true,"valueName":"search_term_string"}}],"inLanguage":"es"}]}},"_links":{"self":[{"href":"https:\/\/www.blutezeit.com\/es\/wp-json\/wp\/v2\/product\/564","targetHints":{"allow":["GET"]}}],"collection":[{"href":"https:\/\/www.blutezeit.com\/es\/wp-json\/wp\/v2\/product"}],"about":[{"href":"https:\/\/www.blutezeit.com\/es\/wp-json\/wp\/v2\/types\/product"}],"replies":[{"embeddable":true,"href":"https:\/\/www.blutezeit.com\/es\/wp-json\/wp\/v2\/comments?post=564"}],"wp:featuredmedia":[{"embeddable":true,"href":"https:\/\/www.blutezeit.com\/es\/wp-json\/wp\/v2\/media\/1579"}],"wp:attachment":[{"href":"https:\/\/www.blutezeit.com\/es\/wp-json\/wp\/v2\/media?parent=564"}],"wp:term":[{"taxonomy":"product_brand","embeddable":true,"href":"https:\/\/www.blutezeit.com\/es\/wp-json\/wp\/v2\/product_brand?post=564"},{"taxonomy":"product_cat","embeddable":true,"href":"https:\/\/www.blutezeit.com\/es\/wp-json\/wp\/v2\/product_cat?post=564"},{"taxonomy":"product_tag","embeddable":true,"href":"https:\/\/www.blutezeit.com\/es\/wp-json\/wp\/v2\/product_tag?post=564"}],"curies":[{"name":"wp","href":"https:\/\/api.w.org\/{rel}","templated":true}]}}