{"id":351,"date":"2025-07-14T08:17:26","date_gmt":"2025-07-14T08:17:26","guid":{"rendered":"https:\/\/www.blutezeit.com\/?post_type=product&#038;p=351"},"modified":"2026-03-09T09:09:00","modified_gmt":"2026-03-09T09:09:00","slug":"mwk10-wireless-keypad-backlight-cover-433mhz","status":"publish","type":"product","link":"https:\/\/www.blutezeit.com\/es\/producto\/mwk10-wireless-keypad-backlight-cover-433mhz\/","title":{"rendered":"Teclado inal\u00e1mbrico con retroiluminaci\u00f3n"},"content":{"rendered":"<div class=\"celwidget aplus-module premium-module-2-fullbackground-image aplus-premium\" data-csa-c-id=\"2u4xlf-jgk7fl-va7qm2-e3lhc8\" data-cel-widget=\"aplus-premium-module-2-fullbackground-image\">\n<div class=\"a-section a-spacing-none premium-aplus premium-aplus-module-2\">\n<h3 class=\"a-text-center aplus-container-3 aplus-h1 a-text-bold\"><strong>Teclado digital inal\u00e1mbrico para abridores de puertas correderas Bl\u00fctezeit<\/strong><\/h3>\n<div class=\"a-section a-spacing-none premium-background-wrapper\">\n<div class=\"a-section a-spacing-none background-image\"><img decoding=\"async\" class=\"\" src=\"https:\/\/m.media-amazon.com\/images\/S\/aplus-media-library-service-media\/1e18a9c4-ff83-4054-9934-78ce8beb2158.__CR0,0,2928,1200_PT0_SX1464_V1___.jpg\" alt=\"keypad wireless for access system automatic sliding gate opener digit code control security\" data-src=\"https:\/\/m.media-amazon.com\/images\/S\/aplus-media-library-service-media\/1e18a9c4-ff83-4054-9934-78ce8beb2158.__CR0,0,2928,1200_PT0_SX1464_V1___.jpg\" \/><\/div>\n<\/div>\n<div class=\"a-section a-text-center\">\n<h5 class=\"aplus-description aplus-container-3 aplus-p1\"><span class=\"a-text-bold\">Dise\u00f1o inal\u00e1mbrico<\/span>\u00a0\u2013 Utilice \u00fanicamente 3 pilas AAA sin ninguna conexi\u00f3n de cable.\u00a0<span class=\"a-text-bold\">Instalaci\u00f3n r\u00e1pida<\/span>\u00a0\u2013 Se puede montar en la pared con tornillos o pegarlo directamente a la pared con cinta adhesiva de doble cara 3M.\u00a0<span class=\"a-text-bold\">Duplicadora remota<\/span>\u00a0\u2013 C\u00f3digos duplicados de otros controles remotos de 433 MHz, NO admite el aprendizaje de c\u00f3digos de abridores de portones.<\/h5>\n<\/div>\n<\/div>\n<\/div>\n<div class=\"celwidget aplus-module premium-module-2-fullbackground-image aplus-premium\" data-csa-c-id=\"537u5d-b7s9v4-sqy7ju-fwjh1u\" data-cel-widget=\"aplus-premium-module-2-fullbackground-image\">\n<div class=\"a-section a-spacing-none premium-aplus premium-aplus-module-2\">\n<h3 class=\"a-text-center aplus-container-3 aplus-h1 a-text-bold\"><strong>Instalado en el acceso a la puerta para mayor seguridad<\/strong><\/h3>\n<div class=\"a-section a-spacing-none premium-background-wrapper\">\n<div class=\"a-section a-spacing-none background-image\"><img decoding=\"async\" class=\"\" src=\"https:\/\/m.media-amazon.com\/images\/S\/aplus-media-library-service-media\/7f48f605-98bb-44ba-9656-58724f68412d.__CR0,0,2928,1200_PT0_SX1464_V1___.jpg\" alt=\"keypad for gate access system safety security property wall mount dulplicator remote control\" data-src=\"https:\/\/m.media-amazon.com\/images\/S\/aplus-media-library-service-media\/7f48f605-98bb-44ba-9656-58724f68412d.__CR0,0,2928,1200_PT0_SX1464_V1___.jpg\" \/><\/div>\n<\/div>\n<div class=\"a-section a-text-center\">\n<h5 class=\"aplus-description aplus-container-3 aplus-p1\"><span class=\"a-text-bold\">Amplia gama<\/span>\u00a0\u2013 El rango de trabajo del control remoto de pared puede alcanzar los 100 pies\/30 m en espacios abiertos.\u00a0<span class=\"a-text-bold\">Seguridad adicional<\/span>\u00a0Puede agregar este teclado inal\u00e1mbrico en la entrada, la salida o en ambos lados de sus portones para garantizar visitas autorizadas. Olv\u00eddese de las preocupaciones si olvida traer controles remotos o llaves.<\/h5>\n<\/div>\n<\/div>\n<\/div>\n<div class=\"celwidget aplus-module premium-module-2-fullbackground-image aplus-premium\" data-csa-c-id=\"f9npp1-a2encb-us87b8-sv3nt1\" data-cel-widget=\"aplus-premium-module-2-fullbackground-image\">\n<div class=\"a-section a-spacing-none premium-aplus premium-aplus-module-2\">\n<h3 class=\"a-text-center aplus-container-3 aplus-h1 a-text-bold\"><strong>Teclado m\u00e1s controles de 3 teclas en un solo panel<\/strong><\/h3>\n<div class=\"a-section a-spacing-none premium-background-wrapper\">\n<p><img decoding=\"async\" class=\"\" src=\"https:\/\/m.media-amazon.com\/images\/S\/aplus-media-library-service-media\/56a41b68-0de5-4d3e-907d-48ea6adbe1ac.__CR0,0,2928,1200_PT0_SX1464_V1___.jpg\" alt=\"wireless digital keypad control for gate opening and close, entrance exit access system\" data-src=\"https:\/\/m.media-amazon.com\/images\/S\/aplus-media-library-service-media\/56a41b68-0de5-4d3e-907d-48ea6adbe1ac.__CR0,0,2928,1200_PT0_SX1464_V1___.jpg\" \/><\/p>\n<\/div>\n<div class=\"a-section a-text-center\">\n<h5 class=\"aplus-description aplus-container-3 aplus-p1\"><span class=\"a-text-bold\">F\u00e1cil pero seguro<\/span>\u00a0\u2013 Ingresando el c\u00f3digo para controlar tu puerta f\u00e1cilmente, puedes hacer coincidir las llaves de control con los controles remotos Bl\u00fctezeit originales seg\u00fan tus necesidades.\u00a0<span class=\"a-text-bold\">Modo ESC autom\u00e1tico<\/span>\u00a0\u2013 Presione ESC para salir del programa, o el dispositivo saldr\u00e1 autom\u00e1ticamente para garantizar la seguridad despu\u00e9s de 10 segundos si no hay m\u00e1s operaciones.<\/h5>\n<\/div>\n<\/div>\n<\/div>\n<div class=\"celwidget aplus-module premium-module-2-fullbackground-image aplus-premium\" data-csa-c-id=\"o91n6s-bdy9jn-1a39xm-qypi8r\" data-cel-widget=\"aplus-premium-module-2-fullbackground-image\">\n<div class=\"a-section a-spacing-none premium-aplus premium-aplus-module-2\">\n<h3 class=\"a-text-center aplus-container-3 aplus-h1 a-text-bold\"><strong>Dise\u00f1o \u00fanico resistente al agua y retroiluminado<\/strong><\/h3>\n<div class=\"a-section a-spacing-none premium-background-wrapper\">\n<div class=\"a-section a-spacing-none background-image\"><img decoding=\"async\" class=\"\" src=\"https:\/\/m.media-amazon.com\/images\/S\/aplus-media-library-service-media\/5e3b3b00-b2fe-4f18-aa64-318817e0e12a.__CR0,0,2928,1200_PT0_SX1464_V1___.jpg\" alt=\"waterproof wireless keypad universal for automatic sliding gate opener access system\" data-src=\"https:\/\/m.media-amazon.com\/images\/S\/aplus-media-library-service-media\/5e3b3b00-b2fe-4f18-aa64-318817e0e12a.__CR0,0,2928,1200_PT0_SX1464_V1___.jpg\" \/><\/div>\n<\/div>\n<div class=\"a-section a-text-center\">\n<h5 class=\"aplus-description aplus-container-3 aplus-p1\"><span class=\"a-text-bold\">Resistente al agua IPX6<\/span>\u00a0\u2013 Este teclado est\u00e1 sellado con silicona de alta calidad que es resistente al agua y al polvo, la carcasa transparente le da m\u00e1s sensaci\u00f3n de dise\u00f1o y una doble protecci\u00f3n.\u00a0<span class=\"a-text-bold\">Retroiluminaci\u00f3n LED<\/span>\u00a0\u2013 La luz de fondo azul incorporada permite una alta visibilidad en la noche o en \u00e1reas oscuras, lo que lo hace m\u00e1s premium.<\/h5>\n<\/div>\n<\/div>\n<\/div>\n<div class=\"celwidget aplus-module premium-module-15-text aplus-premium\" data-csa-c-id=\"kycn1f-s2lppe-lcolz0-ukkplb\" data-cel-widget=\"aplus-premium-module-15-text\">\n<div class=\"a-section a-spacing-none premium-aplus premium-aplus-module-15\">\n<div class=\"a-section a-spacing-none\">\n<h5><strong><span class=\"a-list-item\"><u><span class=\"a-text-bold\">M\u00e1s funciones:<\/span><\/u><\/span><\/strong><\/h5>\n<ul>\n<li><span class=\"a-list-item\">N\u00facleo potente: chip potente incorporado para transmitir se\u00f1ales inal\u00e1mbricas; funciona con 3 pilas AAA.<\/span><\/li>\n<li><span class=\"a-list-item\">Control simult\u00e1neo: este teclado puede combinarse con los controles remotos Bl\u00fctezeit ME-GO; se puede utilizar con los controles remotos originales al mismo tiempo.<\/span><\/li>\n<li><span class=\"a-list-item\">Aviso importante: Se recomienda su uso exclusivo con abridores de puertas corredizas Bl\u00fctezeit ME-GO. Cambie las pilas internas si se agota la bater\u00eda.<\/span><\/li>\n<\/ul>\n<h5><strong><span class=\"a-list-item\"><span class=\"a-text-bold\"><u>Lista de embalaje:<\/u><\/span><\/span><\/strong><\/h5>\n<ul>\n<li><span class=\"a-list-item\">1 x teclado (3 pilas AAA incluidas);<\/span><\/li>\n<li><span class=\"a-list-item\">2 tornillos y pernos<\/span><\/li>\n<li><span class=\"a-list-item\">1 x Cinta adhesiva de doble cara de alta resistencia<\/span><\/li>\n<\/ul>\n<\/div>\n<\/div>\n<\/div>","protected":false},"excerpt":{"rendered":"<p>Teclado num\u00e9rico inal\u00e1mbrico de 433 MHz con retroiluminaci\u00f3n y cubierta impermeable<\/p>","protected":false},"featured_media":1297,"comment_status":"open","ping_status":"closed","template":"","meta":[],"product_brand":[33],"product_cat":[22,24],"product_tag":[],"class_list":{"0":"post-351","1":"product","2":"type-product","3":"status-publish","4":"has-post-thumbnail","6":"product_brand-blutezeit","7":"product_cat-accessories","8":"product_cat-remote-access-control","10":"first","11":"instock","12":"shipping-taxable","13":"purchasable","14":"product-type-simple"},"yoast_head":"<!-- This site is optimized with the Yoast SEO plugin v26.4 - https:\/\/yoast.com\/wordpress\/plugins\/seo\/ -->\n<title>Wireless Keypad w\/ Backlight - Bl\u00fctezeit<\/title>\n<meta name=\"robots\" content=\"index, follow, max-snippet:-1, max-image-preview:large, max-video-preview:-1\" \/>\n<link rel=\"canonical\" href=\"https:\/\/www.blutezeit.com\/es\/producto\/mwk10-wireless-keypad-backlight-cover-433mhz\/\" \/>\n<meta property=\"og:locale\" content=\"es_ES\" \/>\n<meta property=\"og:type\" content=\"article\" \/>\n<meta property=\"og:title\" content=\"Wireless Keypad w\/ Backlight - Bl\u00fctezeit\" \/>\n<meta property=\"og:description\" content=\"433MHz wireless numeric keypad with backlight and waterproof cover\" \/>\n<meta property=\"og:url\" content=\"https:\/\/www.blutezeit.com\/es\/producto\/mwk10-wireless-keypad-backlight-cover-433mhz\/\" \/>\n<meta property=\"og:site_name\" content=\"Bl\u00fctezeit\" \/>\n<meta property=\"article:modified_time\" content=\"2026-03-09T09:09:00+00:00\" \/>\n<meta property=\"og:image\" content=\"http:\/\/www.blutezeit.com\/wp-content\/uploads\/2025\/12\/Wireless-Keypad-1pc-1-1.jpg\" \/>\n\t<meta property=\"og:image:width\" content=\"1600\" \/>\n\t<meta property=\"og:image:height\" content=\"1600\" \/>\n\t<meta property=\"og:image:type\" content=\"image\/jpeg\" \/>\n<meta name=\"twitter:card\" content=\"summary_large_image\" \/>\n<meta name=\"twitter:label1\" content=\"Tiempo de lectura\" \/>\n\t<meta name=\"twitter:data1\" content=\"3 minutos\" \/>\n<script type=\"application\/ld+json\" class=\"yoast-schema-graph\">{\"@context\":\"https:\/\/schema.org\",\"@graph\":[{\"@type\":\"WebPage\",\"@id\":\"https:\/\/www.blutezeit.com\/product\/mwk10-wireless-keypad-backlight-cover-433mhz\/\",\"url\":\"https:\/\/www.blutezeit.com\/product\/mwk10-wireless-keypad-backlight-cover-433mhz\/\",\"name\":\"Wireless Keypad w\/ Backlight - Bl\u00fctezeit\",\"isPartOf\":{\"@id\":\"https:\/\/www.blutezeit.com\/pt\/#website\"},\"primaryImageOfPage\":{\"@id\":\"https:\/\/www.blutezeit.com\/product\/mwk10-wireless-keypad-backlight-cover-433mhz\/#primaryimage\"},\"image\":{\"@id\":\"https:\/\/www.blutezeit.com\/product\/mwk10-wireless-keypad-backlight-cover-433mhz\/#primaryimage\"},\"thumbnailUrl\":\"https:\/\/www.blutezeit.com\/wp-content\/uploads\/2025\/12\/Wireless-Keypad-1pc-1-1.jpg\",\"datePublished\":\"2025-07-14T08:17:26+00:00\",\"dateModified\":\"2026-03-09T09:09:00+00:00\",\"breadcrumb\":{\"@id\":\"https:\/\/www.blutezeit.com\/product\/mwk10-wireless-keypad-backlight-cover-433mhz\/#breadcrumb\"},\"inLanguage\":\"es\",\"potentialAction\":[{\"@type\":\"ReadAction\",\"target\":[\"https:\/\/www.blutezeit.com\/product\/mwk10-wireless-keypad-backlight-cover-433mhz\/\"]}]},{\"@type\":\"ImageObject\",\"inLanguage\":\"es\",\"@id\":\"https:\/\/www.blutezeit.com\/product\/mwk10-wireless-keypad-backlight-cover-433mhz\/#primaryimage\",\"url\":\"https:\/\/www.blutezeit.com\/wp-content\/uploads\/2025\/12\/Wireless-Keypad-1pc-1-1.jpg\",\"contentUrl\":\"https:\/\/www.blutezeit.com\/wp-content\/uploads\/2025\/12\/Wireless-Keypad-1pc-1-1.jpg\",\"width\":1600,\"height\":1600},{\"@type\":\"BreadcrumbList\",\"@id\":\"https:\/\/www.blutezeit.com\/product\/mwk10-wireless-keypad-backlight-cover-433mhz\/#breadcrumb\",\"itemListElement\":[{\"@type\":\"ListItem\",\"position\":1,\"name\":\"\u9996\u9875\",\"item\":\"https:\/\/www.blutezeit.com\/pt\/\"},{\"@type\":\"ListItem\",\"position\":2,\"name\":\"Product\",\"item\":\"https:\/\/www.blutezeit.com\/pt\/shop\/\"},{\"@type\":\"ListItem\",\"position\":3,\"name\":\"Wireless Keypad w\/ Backlight\"}]},{\"@type\":\"WebSite\",\"@id\":\"https:\/\/www.blutezeit.com\/pt\/#website\",\"url\":\"https:\/\/www.blutezeit.com\/pt\/\",\"name\":\"Bl\u00fctezeit\",\"description\":\"Smart &amp; Solar Gate Opener Systems\",\"potentialAction\":[{\"@type\":\"SearchAction\",\"target\":{\"@type\":\"EntryPoint\",\"urlTemplate\":\"https:\/\/www.blutezeit.com\/pt\/?s={search_term_string}\"},\"query-input\":{\"@type\":\"PropertyValueSpecification\",\"valueRequired\":true,\"valueName\":\"search_term_string\"}}],\"inLanguage\":\"es\"}]}<\/script>\n<!-- \/ Yoast SEO plugin. -->","yoast_head_json":{"title":"Wireless Keypad w\/ Backlight - Bl\u00fctezeit","robots":{"index":"index","follow":"follow","max-snippet":"max-snippet:-1","max-image-preview":"max-image-preview:large","max-video-preview":"max-video-preview:-1"},"canonical":"https:\/\/www.blutezeit.com\/es\/producto\/mwk10-wireless-keypad-backlight-cover-433mhz\/","og_locale":"es_ES","og_type":"article","og_title":"Wireless Keypad w\/ Backlight - Bl\u00fctezeit","og_description":"433MHz wireless numeric keypad with backlight and waterproof cover","og_url":"https:\/\/www.blutezeit.com\/es\/producto\/mwk10-wireless-keypad-backlight-cover-433mhz\/","og_site_name":"Bl\u00fctezeit","article_modified_time":"2026-03-09T09:09:00+00:00","og_image":[{"width":1600,"height":1600,"url":"http:\/\/www.blutezeit.com\/wp-content\/uploads\/2025\/12\/Wireless-Keypad-1pc-1-1.jpg","type":"image\/jpeg"}],"twitter_card":"summary_large_image","twitter_misc":{"Tiempo de lectura":"3 minutos"},"schema":{"@context":"https:\/\/schema.org","@graph":[{"@type":"WebPage","@id":"https:\/\/www.blutezeit.com\/product\/mwk10-wireless-keypad-backlight-cover-433mhz\/","url":"https:\/\/www.blutezeit.com\/product\/mwk10-wireless-keypad-backlight-cover-433mhz\/","name":"Wireless Keypad w\/ Backlight - Bl\u00fctezeit","isPartOf":{"@id":"https:\/\/www.blutezeit.com\/pt\/#website"},"primaryImageOfPage":{"@id":"https:\/\/www.blutezeit.com\/product\/mwk10-wireless-keypad-backlight-cover-433mhz\/#primaryimage"},"image":{"@id":"https:\/\/www.blutezeit.com\/product\/mwk10-wireless-keypad-backlight-cover-433mhz\/#primaryimage"},"thumbnailUrl":"https:\/\/www.blutezeit.com\/wp-content\/uploads\/2025\/12\/Wireless-Keypad-1pc-1-1.jpg","datePublished":"2025-07-14T08:17:26+00:00","dateModified":"2026-03-09T09:09:00+00:00","breadcrumb":{"@id":"https:\/\/www.blutezeit.com\/product\/mwk10-wireless-keypad-backlight-cover-433mhz\/#breadcrumb"},"inLanguage":"es","potentialAction":[{"@type":"ReadAction","target":["https:\/\/www.blutezeit.com\/product\/mwk10-wireless-keypad-backlight-cover-433mhz\/"]}]},{"@type":"ImageObject","inLanguage":"es","@id":"https:\/\/www.blutezeit.com\/product\/mwk10-wireless-keypad-backlight-cover-433mhz\/#primaryimage","url":"https:\/\/www.blutezeit.com\/wp-content\/uploads\/2025\/12\/Wireless-Keypad-1pc-1-1.jpg","contentUrl":"https:\/\/www.blutezeit.com\/wp-content\/uploads\/2025\/12\/Wireless-Keypad-1pc-1-1.jpg","width":1600,"height":1600},{"@type":"BreadcrumbList","@id":"https:\/\/www.blutezeit.com\/product\/mwk10-wireless-keypad-backlight-cover-433mhz\/#breadcrumb","itemListElement":[{"@type":"ListItem","position":1,"name":"\u9996\u9875","item":"https:\/\/www.blutezeit.com\/pt\/"},{"@type":"ListItem","position":2,"name":"Product","item":"https:\/\/www.blutezeit.com\/pt\/shop\/"},{"@type":"ListItem","position":3,"name":"Wireless Keypad w\/ Backlight"}]},{"@type":"WebSite","@id":"https:\/\/www.blutezeit.com\/pt\/#website","url":"https:\/\/www.blutezeit.com\/pt\/","name":"Tiempo de floraci\u00f3n","description":"Sistemas de apertura de puertas inteligentes y solares","potentialAction":[{"@type":"SearchAction","target":{"@type":"EntryPoint","urlTemplate":"https:\/\/www.blutezeit.com\/pt\/?s={search_term_string}"},"query-input":{"@type":"PropertyValueSpecification","valueRequired":true,"valueName":"search_term_string"}}],"inLanguage":"es"}]}},"_links":{"self":[{"href":"https:\/\/www.blutezeit.com\/es\/wp-json\/wp\/v2\/product\/351","targetHints":{"allow":["GET"]}}],"collection":[{"href":"https:\/\/www.blutezeit.com\/es\/wp-json\/wp\/v2\/product"}],"about":[{"href":"https:\/\/www.blutezeit.com\/es\/wp-json\/wp\/v2\/types\/product"}],"replies":[{"embeddable":true,"href":"https:\/\/www.blutezeit.com\/es\/wp-json\/wp\/v2\/comments?post=351"}],"wp:featuredmedia":[{"embeddable":true,"href":"https:\/\/www.blutezeit.com\/es\/wp-json\/wp\/v2\/media\/1297"}],"wp:attachment":[{"href":"https:\/\/www.blutezeit.com\/es\/wp-json\/wp\/v2\/media?parent=351"}],"wp:term":[{"taxonomy":"product_brand","embeddable":true,"href":"https:\/\/www.blutezeit.com\/es\/wp-json\/wp\/v2\/product_brand?post=351"},{"taxonomy":"product_cat","embeddable":true,"href":"https:\/\/www.blutezeit.com\/es\/wp-json\/wp\/v2\/product_cat?post=351"},{"taxonomy":"product_tag","embeddable":true,"href":"https:\/\/www.blutezeit.com\/es\/wp-json\/wp\/v2\/product_tag?post=351"}],"curies":[{"name":"wp","href":"https:\/\/api.w.org\/{rel}","templated":true}]}}