{"id":317,"date":"2025-07-12T03:43:14","date_gmt":"2025-07-12T03:43:14","guid":{"rendered":"https:\/\/www.blutezeit.com\/?post_type=product&#038;p=317"},"modified":"2026-03-09T09:09:07","modified_gmt":"2026-03-09T09:09:07","slug":"mwf10-wifi-module-me-go-smart-control","status":"publish","type":"product","link":"https:\/\/www.blutezeit.com\/es\/producto\/mwf10-wifi-module-me-go-smart-control\/","title":{"rendered":"M\u00f3dulo WiFi para ME-GO"},"content":{"rendered":"<div class=\"celwidget aplus-module premium-module-2-fullbackground-image aplus-premium\" data-csa-c-id=\"urx2d4-b7lq37-bgkmo-79eusm\">\n<div class=\"a-section a-spacing-none premium-aplus premium-aplus-module-2\">\n<h1 class=\"a-text-center aplus-container-3 aplus-h1 a-text-bold\">M\u00f3dulo WiFi: Control inteligente mediante app para abridores de puertas correderas Bl\u00fctezeit ME-GO<\/h1>\n<div class=\"a-section a-spacing-none premium-background-wrapper\">\n<div class=\"a-section a-spacing-none background-image\"><img decoding=\"async\" class=\"\" src=\"https:\/\/m.media-amazon.com\/images\/S\/aplus-media-library-service-media\/a5f01661-0181-4d89-b7a2-106bc9a28f3d.__CR0,0,1464,600_PT0_SX1464_V1___.jpg\" alt=\"wifi module wireless smart switch phone app control sliding gate opener\" data-src=\"https:\/\/m.media-amazon.com\/images\/S\/aplus-media-library-service-media\/a5f01661-0181-4d89-b7a2-106bc9a28f3d.__CR0,0,1464,600_PT0_SX1464_V1___.jpg\" \/><\/div>\n<\/div>\n<div class=\"a-section a-text-center\"><\/div>\n<\/div>\n<\/div>\n<div class=\"celwidget aplus-module premium-module-2-fullbackground-image aplus-premium\" data-csa-c-id=\"wwoy56-11xlnk-hn0ygc-42nbz9\">\n<div class=\"a-section a-spacing-none premium-aplus premium-aplus-module-2\">\n<div class=\"a-section a-spacing-none premium-background-wrapper\">\n<div class=\"a-section a-spacing-none background-image\"><img decoding=\"async\" class=\"\" src=\"https:\/\/m.media-amazon.com\/images\/S\/aplus-media-library-service-media\/d4e69722-99a2-437d-b053-35bec0aa81ae.__CR0,0,1464,600_PT0_SX1464_V1___.jpg\" alt=\"wifi module wireless smart switch phone app control\" data-src=\"https:\/\/m.media-amazon.com\/images\/S\/aplus-media-library-service-media\/d4e69722-99a2-437d-b053-35bec0aa81ae.__CR0,0,1464,600_PT0_SX1464_V1___.jpg\" \/><\/div>\n<\/div>\n<div class=\"a-section a-text-center\"><\/div>\n<\/div>\n<\/div>\n<div class=\"celwidget aplus-module premium-module-2-fullbackground-image aplus-premium\" data-csa-c-id=\"n12b0b-ygi150-62c2vg-orbrdv\">\n<div class=\"a-section a-spacing-none premium-aplus premium-aplus-module-2\">\n<div class=\"a-section a-spacing-none premium-background-wrapper\">\n<div class=\"a-section a-spacing-none background-image\"><img decoding=\"async\" class=\"\" src=\"https:\/\/m.media-amazon.com\/images\/S\/aplus-media-library-service-media\/18ac550e-d5f2-4a8b-963c-17292c4af494.__CR0,0,1464,600_PT0_SX1464_V1___.jpg\" alt=\"wifi module wireless smart switch phone app control gate openers\" data-src=\"https:\/\/m.media-amazon.com\/images\/S\/aplus-media-library-service-media\/18ac550e-d5f2-4a8b-963c-17292c4af494.__CR0,0,1464,600_PT0_SX1464_V1___.jpg\" \/><\/div>\n<\/div>\n<div class=\"a-section a-text-center\"><\/div>\n<\/div>\n<\/div>\n<div class=\"celwidget aplus-module premium-module-15-text aplus-premium\" data-csa-c-id=\"qvxe1l-a93fwa-schubh-hfc26h\">\n<div class=\"a-section a-spacing-none premium-aplus premium-aplus-module-15\">\n<div class=\"a-section a-spacing-none premium-aplus-15-heading\">\n<h1 class=\"premium-aplus-15-heading-text a-text-bold\">Nota de compatibilidad: informaci\u00f3n importante para su m\u00f3dulo WiFi<\/h1>\n<\/div>\n<div class=\"a-section a-spacing-none\">\n<p class=\"description\">Este m\u00f3dulo WiFi est\u00e1 dise\u00f1ado para usarse con nuestro\u00a0<span class=\"a-text-bold\">Serie ME-GO<\/span>\u00a0Abridores de puertas corredizas de CA (los modelos de 24 V CC ya incluyen este m\u00f3dulo). Compatible \u00fanicamente con motores adquiridos.\u00a0<span class=\"a-text-bold\">desde marzo de 2024<\/span>, como\u00a0<span class=\"a-text-bold\">Los modelos anteriores tienen una versi\u00f3n de PCB diferente.<\/span>\u00a0Si compr\u00f3 su abridor antes de marzo de 2024, por favor\u00a0<span class=\"a-text-bold\">Cons\u00faltenos para recibir el m\u00f3dulo WiFi correcto<\/span>\u00a0para su versi\u00f3n de PCB espec\u00edfica.<\/p>\n<\/div>\n<\/div>\n<\/div>","protected":false},"excerpt":{"rendered":"<p>M\u00f3dulo WiFi inteligente para abridor de puerta corredera ME-GO, control mediante aplicaci\u00f3n eWeLink<\/p>","protected":false},"featured_media":1291,"comment_status":"open","ping_status":"closed","template":"","meta":[],"product_brand":[33],"product_cat":[79,22],"product_tag":[],"class_list":{"0":"post-317","1":"product","2":"type-product","3":"status-publish","4":"has-post-thumbnail","6":"product_brand-blutezeit","7":"product_cat-smart-module-automation-control","8":"product_cat-accessories","10":"first","11":"instock","12":"shipping-taxable","13":"purchasable","14":"product-type-simple"},"yoast_head":"<!-- This site is optimized with the Yoast SEO plugin v26.4 - https:\/\/yoast.com\/wordpress\/plugins\/seo\/ -->\n<title>WiFi Module for ME-GO - Bl\u00fctezeit<\/title>\n<meta name=\"robots\" content=\"index, follow, max-snippet:-1, max-image-preview:large, max-video-preview:-1\" \/>\n<link rel=\"canonical\" href=\"https:\/\/www.blutezeit.com\/es\/producto\/mwf10-wifi-module-me-go-smart-control\/\" \/>\n<meta property=\"og:locale\" content=\"es_ES\" \/>\n<meta property=\"og:type\" content=\"article\" \/>\n<meta property=\"og:title\" content=\"WiFi Module for ME-GO - Bl\u00fctezeit\" \/>\n<meta property=\"og:description\" content=\"Smart WiFi module for ME-GO sliding gate opener, eWeLink app control\" \/>\n<meta property=\"og:url\" content=\"https:\/\/www.blutezeit.com\/es\/producto\/mwf10-wifi-module-me-go-smart-control\/\" \/>\n<meta property=\"og:site_name\" content=\"Bl\u00fctezeit\" \/>\n<meta property=\"article:modified_time\" content=\"2026-03-09T09:09:07+00:00\" \/>\n<meta property=\"og:image\" content=\"http:\/\/www.blutezeit.com\/wp-content\/uploads\/2025\/12\/WiFi-Module-1.jpg\" \/>\n\t<meta property=\"og:image:width\" content=\"1500\" \/>\n\t<meta property=\"og:image:height\" content=\"1500\" \/>\n\t<meta property=\"og:image:type\" content=\"image\/jpeg\" \/>\n<meta name=\"twitter:card\" content=\"summary_large_image\" \/>\n<meta name=\"twitter:label1\" content=\"Tiempo de lectura\" \/>\n\t<meta name=\"twitter:data1\" content=\"2 minutos\" \/>\n<script type=\"application\/ld+json\" class=\"yoast-schema-graph\">{\"@context\":\"https:\/\/schema.org\",\"@graph\":[{\"@type\":\"WebPage\",\"@id\":\"https:\/\/www.blutezeit.com\/product\/mwf10-wifi-module-me-go-smart-control\/\",\"url\":\"https:\/\/www.blutezeit.com\/product\/mwf10-wifi-module-me-go-smart-control\/\",\"name\":\"WiFi Module for ME-GO - Bl\u00fctezeit\",\"isPartOf\":{\"@id\":\"https:\/\/www.blutezeit.com\/pt\/#website\"},\"primaryImageOfPage\":{\"@id\":\"https:\/\/www.blutezeit.com\/product\/mwf10-wifi-module-me-go-smart-control\/#primaryimage\"},\"image\":{\"@id\":\"https:\/\/www.blutezeit.com\/product\/mwf10-wifi-module-me-go-smart-control\/#primaryimage\"},\"thumbnailUrl\":\"https:\/\/www.blutezeit.com\/wp-content\/uploads\/2025\/12\/WiFi-Module-1.jpg\",\"datePublished\":\"2025-07-12T03:43:14+00:00\",\"dateModified\":\"2026-03-09T09:09:07+00:00\",\"breadcrumb\":{\"@id\":\"https:\/\/www.blutezeit.com\/product\/mwf10-wifi-module-me-go-smart-control\/#breadcrumb\"},\"inLanguage\":\"es\",\"potentialAction\":[{\"@type\":\"ReadAction\",\"target\":[\"https:\/\/www.blutezeit.com\/product\/mwf10-wifi-module-me-go-smart-control\/\"]}]},{\"@type\":\"ImageObject\",\"inLanguage\":\"es\",\"@id\":\"https:\/\/www.blutezeit.com\/product\/mwf10-wifi-module-me-go-smart-control\/#primaryimage\",\"url\":\"https:\/\/www.blutezeit.com\/wp-content\/uploads\/2025\/12\/WiFi-Module-1.jpg\",\"contentUrl\":\"https:\/\/www.blutezeit.com\/wp-content\/uploads\/2025\/12\/WiFi-Module-1.jpg\",\"width\":1500,\"height\":1500},{\"@type\":\"BreadcrumbList\",\"@id\":\"https:\/\/www.blutezeit.com\/product\/mwf10-wifi-module-me-go-smart-control\/#breadcrumb\",\"itemListElement\":[{\"@type\":\"ListItem\",\"position\":1,\"name\":\"\u9996\u9875\",\"item\":\"https:\/\/www.blutezeit.com\/pt\/\"},{\"@type\":\"ListItem\",\"position\":2,\"name\":\"Product\",\"item\":\"https:\/\/www.blutezeit.com\/pt\/shop\/\"},{\"@type\":\"ListItem\",\"position\":3,\"name\":\"WiFi Module for ME-GO\"}]},{\"@type\":\"WebSite\",\"@id\":\"https:\/\/www.blutezeit.com\/pt\/#website\",\"url\":\"https:\/\/www.blutezeit.com\/pt\/\",\"name\":\"Bl\u00fctezeit\",\"description\":\"Smart &amp; Solar Gate Opener Systems\",\"potentialAction\":[{\"@type\":\"SearchAction\",\"target\":{\"@type\":\"EntryPoint\",\"urlTemplate\":\"https:\/\/www.blutezeit.com\/pt\/?s={search_term_string}\"},\"query-input\":{\"@type\":\"PropertyValueSpecification\",\"valueRequired\":true,\"valueName\":\"search_term_string\"}}],\"inLanguage\":\"es\"}]}<\/script>\n<!-- \/ Yoast SEO plugin. -->","yoast_head_json":{"title":"WiFi Module for ME-GO - Bl\u00fctezeit","robots":{"index":"index","follow":"follow","max-snippet":"max-snippet:-1","max-image-preview":"max-image-preview:large","max-video-preview":"max-video-preview:-1"},"canonical":"https:\/\/www.blutezeit.com\/es\/producto\/mwf10-wifi-module-me-go-smart-control\/","og_locale":"es_ES","og_type":"article","og_title":"WiFi Module for ME-GO - Bl\u00fctezeit","og_description":"Smart WiFi module for ME-GO sliding gate opener, eWeLink app control","og_url":"https:\/\/www.blutezeit.com\/es\/producto\/mwf10-wifi-module-me-go-smart-control\/","og_site_name":"Bl\u00fctezeit","article_modified_time":"2026-03-09T09:09:07+00:00","og_image":[{"width":1500,"height":1500,"url":"http:\/\/www.blutezeit.com\/wp-content\/uploads\/2025\/12\/WiFi-Module-1.jpg","type":"image\/jpeg"}],"twitter_card":"summary_large_image","twitter_misc":{"Tiempo de lectura":"2 minutos"},"schema":{"@context":"https:\/\/schema.org","@graph":[{"@type":"WebPage","@id":"https:\/\/www.blutezeit.com\/product\/mwf10-wifi-module-me-go-smart-control\/","url":"https:\/\/www.blutezeit.com\/product\/mwf10-wifi-module-me-go-smart-control\/","name":"WiFi Module for ME-GO - Bl\u00fctezeit","isPartOf":{"@id":"https:\/\/www.blutezeit.com\/pt\/#website"},"primaryImageOfPage":{"@id":"https:\/\/www.blutezeit.com\/product\/mwf10-wifi-module-me-go-smart-control\/#primaryimage"},"image":{"@id":"https:\/\/www.blutezeit.com\/product\/mwf10-wifi-module-me-go-smart-control\/#primaryimage"},"thumbnailUrl":"https:\/\/www.blutezeit.com\/wp-content\/uploads\/2025\/12\/WiFi-Module-1.jpg","datePublished":"2025-07-12T03:43:14+00:00","dateModified":"2026-03-09T09:09:07+00:00","breadcrumb":{"@id":"https:\/\/www.blutezeit.com\/product\/mwf10-wifi-module-me-go-smart-control\/#breadcrumb"},"inLanguage":"es","potentialAction":[{"@type":"ReadAction","target":["https:\/\/www.blutezeit.com\/product\/mwf10-wifi-module-me-go-smart-control\/"]}]},{"@type":"ImageObject","inLanguage":"es","@id":"https:\/\/www.blutezeit.com\/product\/mwf10-wifi-module-me-go-smart-control\/#primaryimage","url":"https:\/\/www.blutezeit.com\/wp-content\/uploads\/2025\/12\/WiFi-Module-1.jpg","contentUrl":"https:\/\/www.blutezeit.com\/wp-content\/uploads\/2025\/12\/WiFi-Module-1.jpg","width":1500,"height":1500},{"@type":"BreadcrumbList","@id":"https:\/\/www.blutezeit.com\/product\/mwf10-wifi-module-me-go-smart-control\/#breadcrumb","itemListElement":[{"@type":"ListItem","position":1,"name":"\u9996\u9875","item":"https:\/\/www.blutezeit.com\/pt\/"},{"@type":"ListItem","position":2,"name":"Product","item":"https:\/\/www.blutezeit.com\/pt\/shop\/"},{"@type":"ListItem","position":3,"name":"WiFi Module for ME-GO"}]},{"@type":"WebSite","@id":"https:\/\/www.blutezeit.com\/pt\/#website","url":"https:\/\/www.blutezeit.com\/pt\/","name":"Tiempo de floraci\u00f3n","description":"Sistemas de apertura de puertas inteligentes y solares","potentialAction":[{"@type":"SearchAction","target":{"@type":"EntryPoint","urlTemplate":"https:\/\/www.blutezeit.com\/pt\/?s={search_term_string}"},"query-input":{"@type":"PropertyValueSpecification","valueRequired":true,"valueName":"search_term_string"}}],"inLanguage":"es"}]}},"_links":{"self":[{"href":"https:\/\/www.blutezeit.com\/es\/wp-json\/wp\/v2\/product\/317","targetHints":{"allow":["GET"]}}],"collection":[{"href":"https:\/\/www.blutezeit.com\/es\/wp-json\/wp\/v2\/product"}],"about":[{"href":"https:\/\/www.blutezeit.com\/es\/wp-json\/wp\/v2\/types\/product"}],"replies":[{"embeddable":true,"href":"https:\/\/www.blutezeit.com\/es\/wp-json\/wp\/v2\/comments?post=317"}],"wp:featuredmedia":[{"embeddable":true,"href":"https:\/\/www.blutezeit.com\/es\/wp-json\/wp\/v2\/media\/1291"}],"wp:attachment":[{"href":"https:\/\/www.blutezeit.com\/es\/wp-json\/wp\/v2\/media?parent=317"}],"wp:term":[{"taxonomy":"product_brand","embeddable":true,"href":"https:\/\/www.blutezeit.com\/es\/wp-json\/wp\/v2\/product_brand?post=317"},{"taxonomy":"product_cat","embeddable":true,"href":"https:\/\/www.blutezeit.com\/es\/wp-json\/wp\/v2\/product_cat?post=317"},{"taxonomy":"product_tag","embeddable":true,"href":"https:\/\/www.blutezeit.com\/es\/wp-json\/wp\/v2\/product_tag?post=317"}],"curies":[{"name":"wp","href":"https:\/\/api.w.org\/{rel}","templated":true}]}}