{"id":310,"date":"2025-07-12T03:43:12","date_gmt":"2025-07-12T03:43:12","guid":{"rendered":"https:\/\/www.blutezeit.com\/?post_type=product&#038;p=310"},"modified":"2026-01-19T11:00:01","modified_gmt":"2026-01-19T11:00:01","slug":"mj-300-sliding-gate-opener-900lb-remote-hardware-kit","status":"publish","type":"product","link":"https:\/\/www.blutezeit.com\/es\/producto\/mj-300-sliding-gate-opener-900lb-remote-hardware-kit\/","title":{"rendered":"Abridor de puerta corrediza MJ-300 (407 kg, sin bastidores)"},"content":{"rendered":"<div class=\"celwidget aplus-module premium-module-2-fullbackground-image aplus-premium\" data-csa-c-id=\"v6glb3-ui1ymo-3hdbdp-sg6w35\">\n<h2 class=\"a-section a-spacing-none premium-aplus premium-aplus-module-2\">Abridor de puerta corrediza Bl\u00fctezeit ME-MJ: \u00a1tama\u00f1o peque\u00f1o, alta eficiencia!<\/h2>\n<div class=\"a-section a-spacing-none premium-background-wrapper\">\n<div class=\"a-section a-spacing-none background-image\"><img decoding=\"async\" class=\"\" src=\"https:\/\/m.media-amazon.com\/images\/S\/aplus-media-library-service-media\/b6c2001a-9f64-486a-86b8-e39bbfe8d987.__CR0,0,1464,600_PT0_SX1464_V1___.jpg\" alt=\"sliding gate opener automatic door operator remote control motor rack driven\" data-src=\"https:\/\/m.media-amazon.com\/images\/S\/aplus-media-library-service-media\/b6c2001a-9f64-486a-86b8-e39bbfe8d987.__CR0,0,1464,600_PT0_SX1464_V1___.jpg\" \/><img decoding=\"async\" class=\"\" style=\"font-size: 14px;\" src=\"https:\/\/m.media-amazon.com\/images\/S\/aplus-media-library-service-media\/eb694237-7dcd-43df-bed4-f75e3651112f.__CR0,0,1464,600_PT0_SX1464_V1___.jpg\" alt=\"sliding gate opener rack driven automatic door operator motor\" data-src=\"https:\/\/m.media-amazon.com\/images\/S\/aplus-media-library-service-media\/eb694237-7dcd-43df-bed4-f75e3651112f.__CR0,0,1464,600_PT0_SX1464_V1___.jpg\" \/><\/div>\n<\/div>\n<\/div>\n<div class=\"celwidget aplus-module premium-module-2-fullbackground-image aplus-premium\" data-csa-c-id=\"rz5gwx-3xmlm1-qkggif-kjnsc7\">\n<div class=\"a-section a-spacing-none premium-aplus premium-aplus-module-2\">\n<div class=\"a-section a-text-center\"><span style=\"font-size: 30px;\">Alto rendimiento en un dise\u00f1o optimizado<\/span><\/div>\n<\/div>\n<\/div>\n<div class=\"celwidget aplus-module premium-module-2-fullbackground-image aplus-premium\" data-csa-c-id=\"rg02z5-by5edl-ivzy03-mkrp1e\">\n<div class=\"a-section a-spacing-none premium-aplus premium-aplus-module-2\">\n<div class=\"a-section a-spacing-none premium-background-wrapper\">\n<div class=\"a-section a-spacing-none background-image\"><img decoding=\"async\" class=\"\" src=\"https:\/\/m.media-amazon.com\/images\/S\/aplus-media-library-service-media\/2d290c33-c02d-46c6-be84-009a127c1747.__CR0,0,1464,600_PT0_SX1464_V1___.jpg\" alt=\"sliding gate opener rack driven automatic door operator remote control secure system\" data-src=\"https:\/\/m.media-amazon.com\/images\/S\/aplus-media-library-service-media\/2d290c33-c02d-46c6-be84-009a127c1747.__CR0,0,1464,600_PT0_SX1464_V1___.jpg\" \/><\/div>\n<\/div>\n<div class=\"a-section a-text-center\">\n<p class=\"aplus-description aplus-container-3 aplus-p1\"><span class=\"a-text-bold\"><u>Presupuesto:<\/u><\/span>\u00a0Fuente de alimentaci\u00f3n:\u00a0<span class=\"a-text-bold\">CA 110 ~ 120 V<\/span>;Potencia del motor:\u00a0<span class=\"a-text-bold\">130 W<\/span>; Peso m\u00e1ximo de elevaci\u00f3n:\u00a0<span class=\"a-text-bold\">900 libras<\/span>; Par de salida:\u00a0<span class=\"a-text-bold\">12 N.m<\/span>;Velocidad de movimiento:\u00a0<span class=\"a-text-bold\">40 pies\/min<\/span>; Alcance del control remoto:\u00a0<span class=\"a-text-bold\">\u2265100 pies<\/span>; Frecuencia:\u00a0<span class=\"a-text-bold\">433,92 MHz<\/span>; Capacidad remota:\u00a0<span class=\"a-text-bold\">100 piezas<\/span>\u00a0(2 estan incluidos).<\/p>\n<\/div>\n<\/div>\n<\/div>\n<div class=\"celwidget aplus-module premium-module-3-four-column-images aplus-premium\" data-csa-c-id=\"7a5cta-ex7k73-mwcd1i-8is54j\">\n<div class=\"a-section a-spacing-none premium-aplus premium-aplus-module-3 aplus-container-1\">\n<h2 class=\"a-text-center premium-module-3-heading aplus-h1 a-text-bold\">Dise\u00f1ado para mayor comodidad y resistencia<\/h2>\n<div class=\"a-section a-spacing-none premium-aplus-four-column\">\n<div class=\"a-section a-spacing-none premium-aplus-column\">\n<div class=\"a-section a-spacing-none {'column-image'}\"><img decoding=\"async\" class=\"\" src=\"https:\/\/m.media-amazon.com\/images\/S\/aplus-media-library-service-media\/b8e5c5c5-3346-4751-af21-d5b18d731e7d.__CR0,0,300,225_PT0_SX300_V1___.jpg\" alt=\"rack driven slide gate opener\" data-src=\"https:\/\/m.media-amazon.com\/images\/S\/aplus-media-library-service-media\/b8e5c5c5-3346-4751-af21-d5b18d731e7d.__CR0,0,300,225_PT0_SX300_V1___.jpg\" \/><\/div>\n<div class=\"a-section a-spacing-none column-heading\">\n<h2 class=\"aplus-h3 a-text-bold\">Compatible con dos tipos de rack<\/h2>\n<\/div>\n<div class=\"a-section a-spacing-none column-description\">\n<p class=\"aplus-p3\">Compatible con\u00a0<span class=\"a-text-bold\">nylon<\/span>\u00a0y\u00a0<span class=\"a-text-bold\">hierro galvanizado<\/span>\u00a0Bastidores, disponibles para compra por separado.<\/p>\n<\/div>\n<\/div>\n<div class=\"a-section a-spacing-none premium-aplus-column\">\n<div class=\"a-section a-spacing-none {'column-image'}\"><img decoding=\"async\" class=\"\" src=\"https:\/\/m.media-amazon.com\/images\/S\/aplus-media-library-service-media\/8151cc2b-438b-4352-ac39-63b611bc63ab.__CR0,0,300,225_PT0_SX300_V1___.jpg\" alt=\"steel base for sliding gate opener\" data-src=\"https:\/\/m.media-amazon.com\/images\/S\/aplus-media-library-service-media\/8151cc2b-438b-4352-ac39-63b611bc63ab.__CR0,0,300,225_PT0_SX300_V1___.jpg\" \/><\/div>\n<div class=\"a-section a-spacing-none column-heading\">\n<h2 class=\"aplus-h3 a-text-bold\">Base de metal reforzada<\/h2>\n<\/div>\n<div class=\"a-section a-spacing-none column-description\">\n<p class=\"aplus-p3\">Engrosado y elevado\u00a0<span class=\"a-text-bold\">base de metal<\/span>\u00a0garantiza estabilidad, durabilidad y resistencia a la deformaci\u00f3n.<\/p>\n<\/div>\n<\/div>\n<div class=\"a-section a-spacing-none premium-aplus-column\">\n<div class=\"a-section a-spacing-none {'column-image'}\"><img decoding=\"async\" class=\"\" src=\"https:\/\/m.media-amazon.com\/images\/S\/aplus-media-library-service-media\/efa08402-9ddf-4f99-9431-a5b663425567.__CR0,0,300,225_PT0_SX300_V1___.jpg\" alt=\"manual release key hex clutch\" data-src=\"https:\/\/m.media-amazon.com\/images\/S\/aplus-media-library-service-media\/efa08402-9ddf-4f99-9431-a5b663425567.__CR0,0,300,225_PT0_SX300_V1___.jpg\" \/><\/div>\n<div class=\"a-section a-spacing-none column-heading\">\n<h2 class=\"aplus-h3 a-text-bold\">Herramienta manual de emergencia<\/h2>\n<\/div>\n<div class=\"a-section a-spacing-none column-description\">\n<p class=\"aplus-p3\">Incluye un\u00a0<span class=\"a-text-bold\">llave hexagonal para embrague manual<\/span>\u00a0Operaci\u00f3n, permitiendo un f\u00e1cil movimiento de la puerta durante cortes de energ\u00eda.<\/p>\n<\/div>\n<\/div>\n<div class=\"a-section a-spacing-none premium-aplus-column\">\n<div class=\"a-section a-spacing-none {'column-image'}\"><img decoding=\"async\" class=\"\" src=\"https:\/\/m.media-amazon.com\/images\/S\/aplus-media-library-service-media\/33734312-eab5-498f-9b3f-1dc76a1d4ecc.__CR0,0,300,225_PT0_SX300_V1___.jpg\" alt=\"magnet limit switch\" data-src=\"https:\/\/m.media-amazon.com\/images\/S\/aplus-media-library-service-media\/33734312-eab5-498f-9b3f-1dc76a1d4ecc.__CR0,0,300,225_PT0_SX300_V1___.jpg\" \/><\/div>\n<div class=\"a-section a-spacing-none column-heading\">\n<h2 class=\"aplus-h3 a-text-bold\">Bloques de l\u00edmite de dos colores<\/h2>\n<\/div>\n<div class=\"a-section a-spacing-none column-description\">\n<p class=\"aplus-p3\">Dos colores\u00a0<span class=\"a-text-bold\">bloques de l\u00edmite magn\u00e9ticos<\/span>\u00a0(AZUL para ABRIR, ROJO para CERRAR) facilitan su identificaci\u00f3n e instalaci\u00f3n.<\/p>\n<\/div>\n<\/div>\n<\/div>\n<\/div>\n<\/div>\n<div class=\"celwidget aplus-module premium-module-2-fullbackground-image aplus-premium\" data-csa-c-id=\"xuabo3-8h39px-jsazsx-tlzl2e\">\n<div class=\"a-section a-spacing-none premium-aplus premium-aplus-module-2\">\n<h2 class=\"a-text-center aplus-container-3 aplus-h1 a-text-bold\">Accesorios completos para una f\u00e1cil instalaci\u00f3n<\/h2>\n<div class=\"a-section a-spacing-none premium-background-wrapper\">\n<div class=\"a-section a-spacing-none background-image\"><img decoding=\"async\" class=\"\" src=\"https:\/\/m.media-amazon.com\/images\/S\/aplus-media-library-service-media\/7673907d-aa21-4c57-9f80-272f047f1af3.__CR0,0,1464,600_PT0_SX1464_V1___.jpg\" alt=\"full accessories hardware kits installation door opener\" data-src=\"https:\/\/m.media-amazon.com\/images\/S\/aplus-media-library-service-media\/7673907d-aa21-4c57-9f80-272f047f1af3.__CR0,0,1464,600_PT0_SX1464_V1___.jpg\" \/><\/div>\n<\/div>\n<div class=\"a-section a-text-center\">\n<p class=\"aplus-description aplus-container-3 aplus-p1\">1.\u00a0<span class=\"a-text-bold\">Bastidores<\/span>\u00a0y\u00a0<span class=\"a-text-bold\">sensores infrarrojos<\/span>\u00a0est\u00e1n disponibles para comprar seg\u00fan sus necesidades, ofreciendo m\u00e1s opciones de bricolaje. 2. El\u00a0<span class=\"a-text-bold\">remoto<\/span>\u00a0opera en un\u00a0<span class=\"a-text-bold\">433,92 MHz<\/span>\u00a0frecuencia y utiliza\u00a0<span class=\"a-text-bold\">c\u00f3digo rodante\u00a0<\/span>Tecnolog\u00eda para mayor seguridad. Confirme su compra antes de realizar su consulta.<\/p>\n<\/div>\n<\/div>\n<\/div>\n<div class=\"celwidget aplus-module premium-module-2-fullbackground-image aplus-premium\" data-csa-c-id=\"3l1jul-aauhza-evlxyy-ing8rc\">\n<div class=\"a-section a-spacing-none premium-aplus premium-aplus-module-2\">\n<h2 class=\"a-text-center aplus-container-3 aplus-h1 a-text-bold\">Soporte confiable de pre y posventa<\/h2>\n<div class=\"a-section a-spacing-none premium-background-wrapper\">\n<div class=\"a-section a-spacing-none background-image\"><img decoding=\"async\" class=\"\" src=\"https:\/\/m.media-amazon.com\/images\/S\/aplus-media-library-service-media\/0e31f724-534a-4985-b5a6-f6064d737e4f.__CR0,0,1464,600_PT0_SX1464_V1___.jpg\" alt=\"efficient aftersales service sliding gate motor\" data-src=\"https:\/\/m.media-amazon.com\/images\/S\/aplus-media-library-service-media\/0e31f724-534a-4985-b5a6-f6064d737e4f.__CR0,0,1464,600_PT0_SX1464_V1___.jpg\" \/><\/div>\n<\/div>\n<\/div>\n<\/div>","protected":false},"excerpt":{"rendered":"<p>Abridor de puerta corrediza con accionamiento por cremallera de 900 lb con 2 controles remotos y kit de herrajes (no incluye cremalleras)<\/p>","protected":false},"featured_media":1256,"comment_status":"open","ping_status":"closed","template":"","meta":[],"product_brand":[33],"product_cat":[82,20],"product_tag":[],"class_list":{"0":"post-310","1":"product","2":"type-product","3":"status-publish","4":"has-post-thumbnail","6":"product_brand-blutezeit","7":"product_cat-ac-sliding-gate-openers","8":"product_cat-gate-openers","10":"first","11":"instock","12":"sale","13":"shipping-taxable","14":"purchasable","15":"product-type-simple"},"yoast_head":"<!-- This site is optimized with the Yoast SEO plugin v26.4 - https:\/\/yoast.com\/wordpress\/plugins\/seo\/ -->\n<title>MJ-300 Sliding Gate Opener (900lb, No Racks) - Bl\u00fctezeit<\/title>\n<meta name=\"robots\" content=\"index, follow, max-snippet:-1, max-image-preview:large, max-video-preview:-1\" \/>\n<link rel=\"canonical\" href=\"https:\/\/www.blutezeit.com\/es\/producto\/mj-300-sliding-gate-opener-900lb-remote-hardware-kit\/\" \/>\n<meta property=\"og:locale\" content=\"es_ES\" \/>\n<meta property=\"og:type\" content=\"article\" \/>\n<meta property=\"og:title\" content=\"MJ-300 Sliding Gate Opener (900lb, No Racks) - Bl\u00fctezeit\" \/>\n<meta property=\"og:description\" content=\"900lb rack-drive sliding gate opener with 2 remotes and hardware kit (racks NOT included)\" \/>\n<meta property=\"og:url\" content=\"https:\/\/www.blutezeit.com\/es\/producto\/mj-300-sliding-gate-opener-900lb-remote-hardware-kit\/\" \/>\n<meta property=\"og:site_name\" content=\"Bl\u00fctezeit\" \/>\n<meta property=\"article:modified_time\" content=\"2026-01-19T11:00:01+00:00\" \/>\n<meta property=\"og:image\" content=\"http:\/\/www.blutezeit.com\/wp-content\/uploads\/2025\/12\/Sliding-Gate-Opener-300KG-Main-2-scaled-1.jpg\" \/>\n\t<meta property=\"og:image:width\" content=\"2560\" \/>\n\t<meta property=\"og:image:height\" content=\"2560\" \/>\n\t<meta property=\"og:image:type\" content=\"image\/jpeg\" \/>\n<meta name=\"twitter:card\" content=\"summary_large_image\" \/>\n<meta name=\"twitter:label1\" content=\"Tiempo de lectura\" \/>\n\t<meta name=\"twitter:data1\" content=\"3 minutos\" \/>\n<script type=\"application\/ld+json\" class=\"yoast-schema-graph\">{\"@context\":\"https:\/\/schema.org\",\"@graph\":[{\"@type\":\"WebPage\",\"@id\":\"https:\/\/www.blutezeit.com\/product\/mj-300-sliding-gate-opener-900lb-remote-hardware-kit\/\",\"url\":\"https:\/\/www.blutezeit.com\/product\/mj-300-sliding-gate-opener-900lb-remote-hardware-kit\/\",\"name\":\"MJ-300 Sliding Gate Opener (900lb, No Racks) - Bl\u00fctezeit\",\"isPartOf\":{\"@id\":\"https:\/\/www.blutezeit.com\/pt\/#website\"},\"primaryImageOfPage\":{\"@id\":\"https:\/\/www.blutezeit.com\/product\/mj-300-sliding-gate-opener-900lb-remote-hardware-kit\/#primaryimage\"},\"image\":{\"@id\":\"https:\/\/www.blutezeit.com\/product\/mj-300-sliding-gate-opener-900lb-remote-hardware-kit\/#primaryimage\"},\"thumbnailUrl\":\"https:\/\/www.blutezeit.com\/wp-content\/uploads\/2025\/12\/Sliding-Gate-Opener-300KG-Main-2-scaled-1.jpg\",\"datePublished\":\"2025-07-12T03:43:12+00:00\",\"dateModified\":\"2026-01-19T11:00:01+00:00\",\"breadcrumb\":{\"@id\":\"https:\/\/www.blutezeit.com\/product\/mj-300-sliding-gate-opener-900lb-remote-hardware-kit\/#breadcrumb\"},\"inLanguage\":\"es\",\"potentialAction\":[{\"@type\":\"ReadAction\",\"target\":[\"https:\/\/www.blutezeit.com\/product\/mj-300-sliding-gate-opener-900lb-remote-hardware-kit\/\"]}]},{\"@type\":\"ImageObject\",\"inLanguage\":\"es\",\"@id\":\"https:\/\/www.blutezeit.com\/product\/mj-300-sliding-gate-opener-900lb-remote-hardware-kit\/#primaryimage\",\"url\":\"https:\/\/www.blutezeit.com\/wp-content\/uploads\/2025\/12\/Sliding-Gate-Opener-300KG-Main-2-scaled-1.jpg\",\"contentUrl\":\"https:\/\/www.blutezeit.com\/wp-content\/uploads\/2025\/12\/Sliding-Gate-Opener-300KG-Main-2-scaled-1.jpg\",\"width\":2560,\"height\":2560},{\"@type\":\"BreadcrumbList\",\"@id\":\"https:\/\/www.blutezeit.com\/product\/mj-300-sliding-gate-opener-900lb-remote-hardware-kit\/#breadcrumb\",\"itemListElement\":[{\"@type\":\"ListItem\",\"position\":1,\"name\":\"\u9996\u9875\",\"item\":\"https:\/\/www.blutezeit.com\/pt\/\"},{\"@type\":\"ListItem\",\"position\":2,\"name\":\"Product\",\"item\":\"https:\/\/www.blutezeit.com\/pt\/shop\/\"},{\"@type\":\"ListItem\",\"position\":3,\"name\":\"MJ-300 Sliding Gate Opener (900lb, No Racks)\"}]},{\"@type\":\"WebSite\",\"@id\":\"https:\/\/www.blutezeit.com\/pt\/#website\",\"url\":\"https:\/\/www.blutezeit.com\/pt\/\",\"name\":\"Bl\u00fctezeit\",\"description\":\"Smart &amp; Solar Gate Opener Systems\",\"potentialAction\":[{\"@type\":\"SearchAction\",\"target\":{\"@type\":\"EntryPoint\",\"urlTemplate\":\"https:\/\/www.blutezeit.com\/pt\/?s={search_term_string}\"},\"query-input\":{\"@type\":\"PropertyValueSpecification\",\"valueRequired\":true,\"valueName\":\"search_term_string\"}}],\"inLanguage\":\"es\"}]}<\/script>\n<!-- \/ Yoast SEO plugin. -->","yoast_head_json":{"title":"MJ-300 Sliding Gate Opener (900lb, No Racks) - Bl\u00fctezeit","robots":{"index":"index","follow":"follow","max-snippet":"max-snippet:-1","max-image-preview":"max-image-preview:large","max-video-preview":"max-video-preview:-1"},"canonical":"https:\/\/www.blutezeit.com\/es\/producto\/mj-300-sliding-gate-opener-900lb-remote-hardware-kit\/","og_locale":"es_ES","og_type":"article","og_title":"MJ-300 Sliding Gate Opener (900lb, No Racks) - Bl\u00fctezeit","og_description":"900lb rack-drive sliding gate opener with 2 remotes and hardware kit (racks NOT included)","og_url":"https:\/\/www.blutezeit.com\/es\/producto\/mj-300-sliding-gate-opener-900lb-remote-hardware-kit\/","og_site_name":"Bl\u00fctezeit","article_modified_time":"2026-01-19T11:00:01+00:00","og_image":[{"width":2560,"height":2560,"url":"http:\/\/www.blutezeit.com\/wp-content\/uploads\/2025\/12\/Sliding-Gate-Opener-300KG-Main-2-scaled-1.jpg","type":"image\/jpeg"}],"twitter_card":"summary_large_image","twitter_misc":{"Tiempo de lectura":"3 minutos"},"schema":{"@context":"https:\/\/schema.org","@graph":[{"@type":"WebPage","@id":"https:\/\/www.blutezeit.com\/product\/mj-300-sliding-gate-opener-900lb-remote-hardware-kit\/","url":"https:\/\/www.blutezeit.com\/product\/mj-300-sliding-gate-opener-900lb-remote-hardware-kit\/","name":"MJ-300 Sliding Gate Opener (900lb, No Racks) - Bl\u00fctezeit","isPartOf":{"@id":"https:\/\/www.blutezeit.com\/pt\/#website"},"primaryImageOfPage":{"@id":"https:\/\/www.blutezeit.com\/product\/mj-300-sliding-gate-opener-900lb-remote-hardware-kit\/#primaryimage"},"image":{"@id":"https:\/\/www.blutezeit.com\/product\/mj-300-sliding-gate-opener-900lb-remote-hardware-kit\/#primaryimage"},"thumbnailUrl":"https:\/\/www.blutezeit.com\/wp-content\/uploads\/2025\/12\/Sliding-Gate-Opener-300KG-Main-2-scaled-1.jpg","datePublished":"2025-07-12T03:43:12+00:00","dateModified":"2026-01-19T11:00:01+00:00","breadcrumb":{"@id":"https:\/\/www.blutezeit.com\/product\/mj-300-sliding-gate-opener-900lb-remote-hardware-kit\/#breadcrumb"},"inLanguage":"es","potentialAction":[{"@type":"ReadAction","target":["https:\/\/www.blutezeit.com\/product\/mj-300-sliding-gate-opener-900lb-remote-hardware-kit\/"]}]},{"@type":"ImageObject","inLanguage":"es","@id":"https:\/\/www.blutezeit.com\/product\/mj-300-sliding-gate-opener-900lb-remote-hardware-kit\/#primaryimage","url":"https:\/\/www.blutezeit.com\/wp-content\/uploads\/2025\/12\/Sliding-Gate-Opener-300KG-Main-2-scaled-1.jpg","contentUrl":"https:\/\/www.blutezeit.com\/wp-content\/uploads\/2025\/12\/Sliding-Gate-Opener-300KG-Main-2-scaled-1.jpg","width":2560,"height":2560},{"@type":"BreadcrumbList","@id":"https:\/\/www.blutezeit.com\/product\/mj-300-sliding-gate-opener-900lb-remote-hardware-kit\/#breadcrumb","itemListElement":[{"@type":"ListItem","position":1,"name":"\u9996\u9875","item":"https:\/\/www.blutezeit.com\/pt\/"},{"@type":"ListItem","position":2,"name":"Product","item":"https:\/\/www.blutezeit.com\/pt\/shop\/"},{"@type":"ListItem","position":3,"name":"MJ-300 Sliding Gate Opener (900lb, No Racks)"}]},{"@type":"WebSite","@id":"https:\/\/www.blutezeit.com\/pt\/#website","url":"https:\/\/www.blutezeit.com\/pt\/","name":"Tiempo de floraci\u00f3n","description":"Sistemas de apertura de puertas inteligentes y solares","potentialAction":[{"@type":"SearchAction","target":{"@type":"EntryPoint","urlTemplate":"https:\/\/www.blutezeit.com\/pt\/?s={search_term_string}"},"query-input":{"@type":"PropertyValueSpecification","valueRequired":true,"valueName":"search_term_string"}}],"inLanguage":"es"}]}},"_links":{"self":[{"href":"https:\/\/www.blutezeit.com\/es\/wp-json\/wp\/v2\/product\/310","targetHints":{"allow":["GET"]}}],"collection":[{"href":"https:\/\/www.blutezeit.com\/es\/wp-json\/wp\/v2\/product"}],"about":[{"href":"https:\/\/www.blutezeit.com\/es\/wp-json\/wp\/v2\/types\/product"}],"replies":[{"embeddable":true,"href":"https:\/\/www.blutezeit.com\/es\/wp-json\/wp\/v2\/comments?post=310"}],"wp:featuredmedia":[{"embeddable":true,"href":"https:\/\/www.blutezeit.com\/es\/wp-json\/wp\/v2\/media\/1256"}],"wp:attachment":[{"href":"https:\/\/www.blutezeit.com\/es\/wp-json\/wp\/v2\/media?parent=310"}],"wp:term":[{"taxonomy":"product_brand","embeddable":true,"href":"https:\/\/www.blutezeit.com\/es\/wp-json\/wp\/v2\/product_brand?post=310"},{"taxonomy":"product_cat","embeddable":true,"href":"https:\/\/www.blutezeit.com\/es\/wp-json\/wp\/v2\/product_cat?post=310"},{"taxonomy":"product_tag","embeddable":true,"href":"https:\/\/www.blutezeit.com\/es\/wp-json\/wp\/v2\/product_tag?post=310"}],"curies":[{"name":"wp","href":"https:\/\/api.w.org\/{rel}","templated":true}]}}