{"id":309,"date":"2025-07-12T03:43:12","date_gmt":"2025-07-12T03:43:12","guid":{"rendered":"https:\/\/www.blutezeit.com\/?post_type=product&#038;p=309"},"modified":"2026-03-18T08:14:12","modified_gmt":"2026-03-18T08:14:12","slug":"mrk6s-steel-gear-rack-20ft-6pcs-heavy-duty-gate","status":"publish","type":"product","link":"https:\/\/www.blutezeit.com\/es\/producto\/mrk6s-steel-gear-rack-20ft-6pcs-heavy-duty-gate\/","title":{"rendered":"Cremallera de acero de 5,9 m (1 m\/unidad, 6 unidades)"},"content":{"rendered":"<div class=\"celwidget aplus-module premium-module-2-fullbackground-image aplus-premium\" data-csa-c-id=\"nimacg-vwd4ix-s8cgoo-ihp9d7\" data-cel-widget=\"aplus-premium-module-2-fullbackground-image\">\n<div class=\"a-section a-spacing-none premium-aplus premium-aplus-module-2\">\n<h1 class=\"a-text-center aplus-container-3 aplus-h1 a-text-bold\">Cremalleras Bl\u00fctezeit para abridores de puertas correderas<\/h1>\n<div class=\"a-section a-spacing-none premium-background-wrapper\">\n<div class=\"a-section a-spacing-none background-image\"><img decoding=\"async\" class=\"\" src=\"https:\/\/m.media-amazon.com\/images\/S\/aplus-media-library-service-media\/5e675483-6af1-490f-af62-c180a9e73c0f.__CR0,0,2000,820_PT0_SX1464_V1___.jpg\" alt=\"steel gear racks for sliding gate opener driveway heavy duty\" data-src=\"https:\/\/m.media-amazon.com\/images\/S\/aplus-media-library-service-media\/5e675483-6af1-490f-af62-c180a9e73c0f.__CR0,0,2000,820_PT0_SX1464_V1___.jpg\" \/><\/div>\n<\/div>\n<div class=\"a-section a-text-center\">\n<p class=\"aplus-description aplus-container-3 aplus-p1\">*\u00a0<span class=\"a-text-bold\">Fabricado en acero galvanizado de alta calidad<\/span>\u00a0\u2013 Resistente a la intemperie, a prueba de \u00f3xido y construido para durar. *\u00a0<span class=\"a-text-bold\">Dise\u00f1o impulsado por bastidor<\/span>\u00a0\u2013 Proporciona una apariencia limpia, un movimiento m\u00e1s suave y un funcionamiento m\u00e1s silencioso con menos mantenimiento. *\u00a0<span class=\"a-text-bold\">Se requiere soldadura<\/span>\u00a0\u2013 Las tuercas (incluidas) deben soldarse al marco de la puerta para una instalaci\u00f3n segura.<\/p>\n<\/div>\n<\/div>\n<\/div>\n<div class=\"celwidget aplus-module premium-module-16-tech-specs aplus-premium\" data-csa-c-id=\"vmoo8d-y0lksz-59yecw-sijfa8\" data-cel-widget=\"aplus-premium-module-16-tech-specs\">\n<div class=\"a-section a-spacing-none aplus-index-1 premium-aplus premium-aplus-module-16 aplus-container-3\">\n<h3 class=\"a-size-extra-large a-spacing-base a-text-center\">Especificaci\u00f3n<\/h3>\n<div class=\"a-row\">\n<div class=\"a-column a-span6\">\n<table class=\"a-bordered a-horizontal-stripes aplus-tech-spec-table\">\n<tbody>\n<tr>\n<td class=\"a-text-bold\">Longitud del rack (cada uno)<\/td>\n<td>3,28 pies (1 metro) por pieza<\/td>\n<\/tr>\n<tr>\n<td class=\"a-text-bold\">Longitud total del bastidor<\/td>\n<td>19,7 pies (6 metros, 6 piezas en total)<\/td>\n<\/tr>\n<tr>\n<td class=\"a-text-bold\">Dimensiones<\/td>\n<td>39,37\u2033 x 1,18\u2033 x 0,32\u2033 (1000 x 30 x 8 mm)<\/td>\n<\/tr>\n<tr>\n<td class=\"a-text-bold\">Peso (por rack)<\/td>\n<td>Aprox. 3,3 libras por pieza<\/td>\n<\/tr>\n<\/tbody>\n<\/table>\n<\/div>\n<div class=\"a-column a-span6 a-span-last\">\n<table class=\"a-bordered a-horizontal-stripes aplus-tech-spec-table\">\n<tbody>\n<tr>\n<td class=\"a-text-bold\">Herrajes de montaje<\/td>\n<td>18 pernos (3 por secci\u00f3n del bastidor)<\/td>\n<\/tr>\n<tr>\n<td class=\"a-text-bold\">Paso<\/td>\n<td>0,512 pulgadas \/ 13 mm<\/td>\n<\/tr>\n<tr>\n<td class=\"a-text-bold\">Compatibilidad<\/td>\n<td>Compatible con todos los abridores de puertas correderas Bl\u00fctezeit<\/td>\n<\/tr>\n<tr>\n<td class=\"a-text-bold\">Notas de instalaci\u00f3n<\/td>\n<td>Las tuercas se deben soldar a la puerta, no a la cremallera en s\u00ed.<\/td>\n<\/tr>\n<\/tbody>\n<\/table>\n<\/div>\n<\/div>\n<\/div>\n<\/div>\n<div class=\"celwidget aplus-module premium-module-2-fullbackground-image aplus-premium\" data-csa-c-id=\"r7l7f3-jqnmgn-am7fa8-xw2aee\" data-cel-widget=\"aplus-premium-module-2-fullbackground-image\">\n<div class=\"a-section a-spacing-none premium-aplus premium-aplus-module-2\">\n<h1 class=\"a-text-center aplus-container-3 aplus-h1 a-text-bold\">Acero galvanizado s\u00f3lido de alta resistencia<\/h1>\n<div class=\"a-section a-spacing-none premium-background-wrapper\">\n<div class=\"a-section a-spacing-none background-image\"><img decoding=\"async\" class=\"\" src=\"https:\/\/m.media-amazon.com\/images\/S\/aplus-media-library-service-media\/b9865b6d-8e25-4557-b138-c4a6edbc7c19.__CR0,0,1464,600_PT0_SX1464_V1___.jpg\" alt=\"sliding gate opener rack drive gear racks solid driveway accessory hardware kit\" data-src=\"https:\/\/m.media-amazon.com\/images\/S\/aplus-media-library-service-media\/b9865b6d-8e25-4557-b138-c4a6edbc7c19.__CR0,0,1464,600_PT0_SX1464_V1___.jpg\" \/><\/div>\n<\/div>\n<div class=\"a-section a-text-center\"><\/div>\n<\/div>\n<\/div>\n<div class=\"celwidget aplus-module premium-module-15-text aplus-premium\" data-csa-c-id=\"uftriz-cxfwjz-ub706d-4s55t3\" data-cel-widget=\"aplus-premium-module-15-text\">\n<div class=\"a-section a-spacing-none premium-aplus premium-aplus-module-15\">\n<div class=\"a-section a-spacing-none premium-aplus-15-heading\">\n<h1 class=\"premium-aplus-15-heading-text a-text-bold\">Pasos para la instalaci\u00f3n de una cremallera de acero<\/h1>\n<\/div>\n<div class=\"a-section a-spacing-none\">\n<ol class=\"a-ordered-list a-vertical\">\n<li><span class=\"a-list-item\"><span class=\"a-text-bold\">Alinee la primera secci\u00f3n del bastidor con precisi\u00f3n<\/span>\u00a0Coloque la primera secci\u00f3n de la cremallera en el marco de la puerta y aj\u00fastela firmemente al engranaje impulsor del motor. Aseg\u00farese de que los dientes del engranaje engranen completamente con los de la cremallera para un movimiento suave y un contacto \u00f3ptimo.<\/span><\/li>\n<li><span class=\"a-list-item\"><span class=\"a-text-bold\">Nivelar el rack<\/span>\u00a0Utilice un nivel de burbuja para confirmar que el estante est\u00e9 perfectamente horizontal.<span class=\"a-text-bold\">\u00a0<\/span><span class=\"a-text-italic\"><span class=\"a-text-bold\">Consejo:\u00a0<\/span>Mantenga un peque\u00f1o espacio libre (1\u20132 mm) entre el engranaje y la cremallera para permitir la expansi\u00f3n t\u00e9rmica y evitar una fricci\u00f3n innecesaria.<\/span><\/span><\/li>\n<li><span class=\"a-list-item\"><span class=\"a-text-bold\">Prueba de movimiento manual<\/span>\u00a0Deslice suavemente la puerta a mano por el riel para comprobar si hay puntos de atascamiento o desalineaci\u00f3n. La cremallera debe moverse libremente y permanecer completamente acoplada al engranaje de transmisi\u00f3n en todo momento.<\/span><\/li>\n<li><span class=\"a-list-item\"><span class=\"a-text-bold\">Suelde \u00fanicamente las tuercas de montaje<\/span>.\u00a0<span class=\"a-text-bold\">*<span class=\"a-text-italic\">\u00a0<u>NO suelde el bastidor directamente a la puerta<\/u>\u00a0<\/span>*\u00a0<\/span>En su lugar, suelde el cable suministrado.\u00a0<span class=\"a-text-bold\">tuercas de montaje (insertos roscados)<\/span>\u00a0A la superficie de la puerta en los puntos de fijaci\u00f3n deseados. Una vez fijadas las tuercas, utilice los pernos incluidos para fijar la cremallera.<\/span><\/li>\n<li><span class=\"a-list-item\"><span class=\"a-text-bold\">Instalar secciones de rack adicionales<\/span>\u00a0Alinee la siguiente pieza de la cremallera con la anterior haciendo coincidir los dientes con precisi\u00f3n, sin dejar huecos ni solapamientos. Repita los pasos anteriores para cada secci\u00f3n hasta cubrir toda la longitud de la compuerta.<\/span><\/li>\n<\/ol>\n<p>&nbsp;<\/p>\n<ul class=\"a-unordered-list a-vertical\">\n<li><span class=\"a-list-item\">Aseg\u00farese de que haya una alineaci\u00f3n uniforme de los dientes entre los segmentos del bastidor para evitar atascos durante el movimiento de la puerta.<\/span><\/li>\n<li><span class=\"a-list-item\">Una vez completada la instalaci\u00f3n, pruebe todo el sistema con el abridor de puerta para garantizar un funcionamiento suave, silencioso y estable.<\/span><\/li>\n<li><span class=\"a-list-item\">Utilice pintura antioxidante o una capa protectora en los puntos soldados si es necesario para una mayor durabilidad en exteriores a largo plazo.<\/span><\/li>\n<li><span class=\"a-list-item\"><span class=\"a-text-bold\">NO soldar los pernos<\/span>\u00a0Al bastidor o a la puerta. \u00daselos solo para sujetarlos.<\/span><\/li>\n<li><span class=\"a-list-item\"><span class=\"a-text-bold\">NO suelde dos secciones de bastidor juntas.<\/span>\u00a0Alin\u00e9elos con precisi\u00f3n y atorn\u00edllelos individualmente.<\/span><\/li>\n<\/ul>\n<\/div>\n<\/div>\n<\/div>","protected":false},"excerpt":{"rendered":"<p>Cremallera de acero galvanizado de 8 mm, secciones de 6 \u00d7 3,28 pies (total 19,7 pies) con herrajes de montaje para sistemas de puertas corredizas de alta resistencia<\/p>","protected":false},"featured_media":533,"comment_status":"open","ping_status":"closed","template":"","meta":[],"product_brand":[33],"product_cat":[22,31],"product_tag":[],"class_list":{"0":"post-309","1":"product","2":"type-product","3":"status-publish","4":"has-post-thumbnail","6":"product_brand-blutezeit","7":"product_cat-accessories","8":"product_cat-gate-hardware","10":"first","11":"instock","12":"shipping-taxable","13":"purchasable","14":"product-type-simple"},"yoast_head":"<!-- This site is optimized with the Yoast SEO plugin v26.4 - https:\/\/yoast.com\/wordpress\/plugins\/seo\/ -->\n<title>Steel Gear Rack 19.68ft (3.28ft\/pc, 6pcs) - Bl\u00fctezeit<\/title>\n<meta name=\"robots\" content=\"index, follow, max-snippet:-1, max-image-preview:large, max-video-preview:-1\" \/>\n<link rel=\"canonical\" href=\"https:\/\/www.blutezeit.com\/es\/producto\/mrk6s-steel-gear-rack-20ft-6pcs-heavy-duty-gate\/\" \/>\n<meta property=\"og:locale\" content=\"es_ES\" \/>\n<meta property=\"og:type\" content=\"article\" \/>\n<meta property=\"og:title\" content=\"Steel Gear Rack 19.68ft (3.28ft\/pc, 6pcs) - Bl\u00fctezeit\" \/>\n<meta property=\"og:description\" content=\"8mm galvanized steel gear rack, 6\u00d73.28ft sections (total 19.7ft) with mounting hardware for heavy-duty sliding gate systems\" \/>\n<meta property=\"og:url\" content=\"https:\/\/www.blutezeit.com\/es\/producto\/mrk6s-steel-gear-rack-20ft-6pcs-heavy-duty-gate\/\" \/>\n<meta property=\"og:site_name\" content=\"Bl\u00fctezeit\" \/>\n<meta property=\"article:modified_time\" content=\"2026-03-18T08:14:12+00:00\" \/>\n<meta property=\"og:image\" content=\"http:\/\/www.blutezeit.com\/wp-content\/uploads\/2025\/07\/Steel-Gear-Racks-6pcs-for-Sliding-Gate-Opener-1.jpg\" \/>\n\t<meta property=\"og:image:width\" content=\"1500\" \/>\n\t<meta property=\"og:image:height\" content=\"1500\" \/>\n\t<meta property=\"og:image:type\" content=\"image\/jpeg\" \/>\n<meta name=\"twitter:card\" content=\"summary_large_image\" \/>\n<meta name=\"twitter:label1\" content=\"Tiempo de lectura\" \/>\n\t<meta name=\"twitter:data1\" content=\"3 minutos\" \/>\n<script type=\"application\/ld+json\" class=\"yoast-schema-graph\">{\"@context\":\"https:\/\/schema.org\",\"@graph\":[{\"@type\":\"WebPage\",\"@id\":\"https:\/\/www.blutezeit.com\/product\/mrk6s-steel-gear-rack-20ft-6pcs-heavy-duty-gate\/\",\"url\":\"https:\/\/www.blutezeit.com\/product\/mrk6s-steel-gear-rack-20ft-6pcs-heavy-duty-gate\/\",\"name\":\"Steel Gear Rack 19.68ft (3.28ft\/pc, 6pcs) - Bl\u00fctezeit\",\"isPartOf\":{\"@id\":\"https:\/\/www.blutezeit.com\/pt\/#website\"},\"primaryImageOfPage\":{\"@id\":\"https:\/\/www.blutezeit.com\/product\/mrk6s-steel-gear-rack-20ft-6pcs-heavy-duty-gate\/#primaryimage\"},\"image\":{\"@id\":\"https:\/\/www.blutezeit.com\/product\/mrk6s-steel-gear-rack-20ft-6pcs-heavy-duty-gate\/#primaryimage\"},\"thumbnailUrl\":\"https:\/\/www.blutezeit.com\/wp-content\/uploads\/2025\/07\/Steel-Gear-Racks-6pcs-for-Sliding-Gate-Opener-1.jpg\",\"datePublished\":\"2025-07-12T03:43:12+00:00\",\"dateModified\":\"2026-03-18T08:14:12+00:00\",\"breadcrumb\":{\"@id\":\"https:\/\/www.blutezeit.com\/product\/mrk6s-steel-gear-rack-20ft-6pcs-heavy-duty-gate\/#breadcrumb\"},\"inLanguage\":\"es\",\"potentialAction\":[{\"@type\":\"ReadAction\",\"target\":[\"https:\/\/www.blutezeit.com\/product\/mrk6s-steel-gear-rack-20ft-6pcs-heavy-duty-gate\/\"]}]},{\"@type\":\"ImageObject\",\"inLanguage\":\"es\",\"@id\":\"https:\/\/www.blutezeit.com\/product\/mrk6s-steel-gear-rack-20ft-6pcs-heavy-duty-gate\/#primaryimage\",\"url\":\"https:\/\/www.blutezeit.com\/wp-content\/uploads\/2025\/07\/Steel-Gear-Racks-6pcs-for-Sliding-Gate-Opener-1.jpg\",\"contentUrl\":\"https:\/\/www.blutezeit.com\/wp-content\/uploads\/2025\/07\/Steel-Gear-Racks-6pcs-for-Sliding-Gate-Opener-1.jpg\",\"width\":1500,\"height\":1500},{\"@type\":\"BreadcrumbList\",\"@id\":\"https:\/\/www.blutezeit.com\/product\/mrk6s-steel-gear-rack-20ft-6pcs-heavy-duty-gate\/#breadcrumb\",\"itemListElement\":[{\"@type\":\"ListItem\",\"position\":1,\"name\":\"\u9996\u9875\",\"item\":\"https:\/\/www.blutezeit.com\/pt\/\"},{\"@type\":\"ListItem\",\"position\":2,\"name\":\"Product\",\"item\":\"https:\/\/www.blutezeit.com\/pt\/shop\/\"},{\"@type\":\"ListItem\",\"position\":3,\"name\":\"Steel Gear Rack 19.68ft (3.28ft\/pc, 6pcs)\"}]},{\"@type\":\"WebSite\",\"@id\":\"https:\/\/www.blutezeit.com\/pt\/#website\",\"url\":\"https:\/\/www.blutezeit.com\/pt\/\",\"name\":\"Bl\u00fctezeit\",\"description\":\"Smart &amp; Solar Gate Opener Systems\",\"potentialAction\":[{\"@type\":\"SearchAction\",\"target\":{\"@type\":\"EntryPoint\",\"urlTemplate\":\"https:\/\/www.blutezeit.com\/pt\/?s={search_term_string}\"},\"query-input\":{\"@type\":\"PropertyValueSpecification\",\"valueRequired\":true,\"valueName\":\"search_term_string\"}}],\"inLanguage\":\"es\"}]}<\/script>\n<!-- \/ Yoast SEO plugin. -->","yoast_head_json":{"title":"Steel Gear Rack 19.68ft (3.28ft\/pc, 6pcs) - Bl\u00fctezeit","robots":{"index":"index","follow":"follow","max-snippet":"max-snippet:-1","max-image-preview":"max-image-preview:large","max-video-preview":"max-video-preview:-1"},"canonical":"https:\/\/www.blutezeit.com\/es\/producto\/mrk6s-steel-gear-rack-20ft-6pcs-heavy-duty-gate\/","og_locale":"es_ES","og_type":"article","og_title":"Steel Gear Rack 19.68ft (3.28ft\/pc, 6pcs) - Bl\u00fctezeit","og_description":"8mm galvanized steel gear rack, 6\u00d73.28ft sections (total 19.7ft) with mounting hardware for heavy-duty sliding gate systems","og_url":"https:\/\/www.blutezeit.com\/es\/producto\/mrk6s-steel-gear-rack-20ft-6pcs-heavy-duty-gate\/","og_site_name":"Bl\u00fctezeit","article_modified_time":"2026-03-18T08:14:12+00:00","og_image":[{"width":1500,"height":1500,"url":"http:\/\/www.blutezeit.com\/wp-content\/uploads\/2025\/07\/Steel-Gear-Racks-6pcs-for-Sliding-Gate-Opener-1.jpg","type":"image\/jpeg"}],"twitter_card":"summary_large_image","twitter_misc":{"Tiempo de lectura":"3 minutos"},"schema":{"@context":"https:\/\/schema.org","@graph":[{"@type":"WebPage","@id":"https:\/\/www.blutezeit.com\/product\/mrk6s-steel-gear-rack-20ft-6pcs-heavy-duty-gate\/","url":"https:\/\/www.blutezeit.com\/product\/mrk6s-steel-gear-rack-20ft-6pcs-heavy-duty-gate\/","name":"Steel Gear Rack 19.68ft (3.28ft\/pc, 6pcs) - Bl\u00fctezeit","isPartOf":{"@id":"https:\/\/www.blutezeit.com\/pt\/#website"},"primaryImageOfPage":{"@id":"https:\/\/www.blutezeit.com\/product\/mrk6s-steel-gear-rack-20ft-6pcs-heavy-duty-gate\/#primaryimage"},"image":{"@id":"https:\/\/www.blutezeit.com\/product\/mrk6s-steel-gear-rack-20ft-6pcs-heavy-duty-gate\/#primaryimage"},"thumbnailUrl":"https:\/\/www.blutezeit.com\/wp-content\/uploads\/2025\/07\/Steel-Gear-Racks-6pcs-for-Sliding-Gate-Opener-1.jpg","datePublished":"2025-07-12T03:43:12+00:00","dateModified":"2026-03-18T08:14:12+00:00","breadcrumb":{"@id":"https:\/\/www.blutezeit.com\/product\/mrk6s-steel-gear-rack-20ft-6pcs-heavy-duty-gate\/#breadcrumb"},"inLanguage":"es","potentialAction":[{"@type":"ReadAction","target":["https:\/\/www.blutezeit.com\/product\/mrk6s-steel-gear-rack-20ft-6pcs-heavy-duty-gate\/"]}]},{"@type":"ImageObject","inLanguage":"es","@id":"https:\/\/www.blutezeit.com\/product\/mrk6s-steel-gear-rack-20ft-6pcs-heavy-duty-gate\/#primaryimage","url":"https:\/\/www.blutezeit.com\/wp-content\/uploads\/2025\/07\/Steel-Gear-Racks-6pcs-for-Sliding-Gate-Opener-1.jpg","contentUrl":"https:\/\/www.blutezeit.com\/wp-content\/uploads\/2025\/07\/Steel-Gear-Racks-6pcs-for-Sliding-Gate-Opener-1.jpg","width":1500,"height":1500},{"@type":"BreadcrumbList","@id":"https:\/\/www.blutezeit.com\/product\/mrk6s-steel-gear-rack-20ft-6pcs-heavy-duty-gate\/#breadcrumb","itemListElement":[{"@type":"ListItem","position":1,"name":"\u9996\u9875","item":"https:\/\/www.blutezeit.com\/pt\/"},{"@type":"ListItem","position":2,"name":"Product","item":"https:\/\/www.blutezeit.com\/pt\/shop\/"},{"@type":"ListItem","position":3,"name":"Steel Gear Rack 19.68ft (3.28ft\/pc, 6pcs)"}]},{"@type":"WebSite","@id":"https:\/\/www.blutezeit.com\/pt\/#website","url":"https:\/\/www.blutezeit.com\/pt\/","name":"Tiempo de floraci\u00f3n","description":"Sistemas de apertura de puertas inteligentes y solares","potentialAction":[{"@type":"SearchAction","target":{"@type":"EntryPoint","urlTemplate":"https:\/\/www.blutezeit.com\/pt\/?s={search_term_string}"},"query-input":{"@type":"PropertyValueSpecification","valueRequired":true,"valueName":"search_term_string"}}],"inLanguage":"es"}]}},"_links":{"self":[{"href":"https:\/\/www.blutezeit.com\/es\/wp-json\/wp\/v2\/product\/309","targetHints":{"allow":["GET"]}}],"collection":[{"href":"https:\/\/www.blutezeit.com\/es\/wp-json\/wp\/v2\/product"}],"about":[{"href":"https:\/\/www.blutezeit.com\/es\/wp-json\/wp\/v2\/types\/product"}],"replies":[{"embeddable":true,"href":"https:\/\/www.blutezeit.com\/es\/wp-json\/wp\/v2\/comments?post=309"}],"wp:featuredmedia":[{"embeddable":true,"href":"https:\/\/www.blutezeit.com\/es\/wp-json\/wp\/v2\/media\/533"}],"wp:attachment":[{"href":"https:\/\/www.blutezeit.com\/es\/wp-json\/wp\/v2\/media?parent=309"}],"wp:term":[{"taxonomy":"product_brand","embeddable":true,"href":"https:\/\/www.blutezeit.com\/es\/wp-json\/wp\/v2\/product_brand?post=309"},{"taxonomy":"product_cat","embeddable":true,"href":"https:\/\/www.blutezeit.com\/es\/wp-json\/wp\/v2\/product_cat?post=309"},{"taxonomy":"product_tag","embeddable":true,"href":"https:\/\/www.blutezeit.com\/es\/wp-json\/wp\/v2\/product_tag?post=309"}],"curies":[{"name":"wp","href":"https:\/\/api.w.org\/{rel}","templated":true}]}}