{"id":306,"date":"2025-07-12T03:43:12","date_gmt":"2025-07-12T03:43:12","guid":{"rendered":"https:\/\/www.blutezeit.com\/?post_type=product&#038;p=306"},"modified":"2026-03-09T09:10:53","modified_gmt":"2026-03-09T09:10:53","slug":"mir50-infrared-photocell-safety-beam-sensor-gate-garage","status":"publish","type":"product","link":"https:\/\/www.blutezeit.com\/es\/producto\/mir50-infrared-photocell-safety-beam-sensor-gate-garage\/","title":{"rendered":"Sensor de haz de fotoc\u00e9lula infrarroja"},"content":{"rendered":"<h1 class=\"a-text-center aplus-container-3 aplus-h1 a-text-bold\">Sensor infrarrojo Bl\u00fctezeit: detecci\u00f3n autom\u00e1tica de seguridad para sistemas de acceso<\/h1>\n<div class=\"a-section a-spacing-none premium-background-wrapper\">\n<div class=\"a-section a-spacing-none background-image\"><img decoding=\"async\" class=\"\" src=\"https:\/\/m.media-amazon.com\/images\/S\/aplus-media-library-service-media\/1ec8acad-1ae7-4600-a1a1-201508b8fcb8.__CR0,0,1464,600_PT0_SX1464_V1___.jpg\" alt=\"Infrared Sensor for Automatic Door Access Control Systems Ideal for Sliding, Swing, and Garage Doors\" data-src=\"https:\/\/m.media-amazon.com\/images\/S\/aplus-media-library-service-media\/1ec8acad-1ae7-4600-a1a1-201508b8fcb8.__CR0,0,1464,600_PT0_SX1464_V1___.jpg\" \/><\/div>\n<\/div>\n<div class=\"a-section a-text-center\">\n<p class=\"aplus-description aplus-container-3 aplus-p1\">Compatible con toda la gama de abridores de puertas correderas Bl\u00fctezeit, incluido el<span class=\"a-text-bold\">\u00a0ME VOY<\/span>\u00a0y\u00a0<span class=\"a-text-bold\">ME-MJ<\/span>\u00a0serie.<\/p>\n<\/div>","protected":false},"excerpt":{"rendered":"<p>Sensor de haz de seguridad con fotoc\u00e9lula infrarroja para abridores autom\u00e1ticos de puertas batientes\/corredizas, puertas de garaje y sistemas de seguridad, para interiores y exteriores.<\/p>","protected":false},"featured_media":1571,"comment_status":"open","ping_status":"closed","template":"","meta":[],"product_brand":[33],"product_cat":[22,23],"product_tag":[],"class_list":{"0":"post-306","1":"product","2":"type-product","3":"status-publish","4":"has-post-thumbnail","6":"product_brand-blutezeit","7":"product_cat-accessories","8":"product_cat-safety-vehicle-detection-sensor","10":"first","11":"instock","12":"shipping-taxable","13":"purchasable","14":"product-type-simple"},"yoast_head":"<!-- This site is optimized with the Yoast SEO plugin v26.4 - https:\/\/yoast.com\/wordpress\/plugins\/seo\/ -->\n<title>Infrared Photocell Beam Sensor - Bl\u00fctezeit<\/title>\n<meta name=\"robots\" content=\"index, follow, max-snippet:-1, max-image-preview:large, max-video-preview:-1\" \/>\n<link rel=\"canonical\" href=\"https:\/\/www.blutezeit.com\/es\/producto\/mir50-infrared-photocell-safety-beam-sensor-gate-garage\/\" \/>\n<meta property=\"og:locale\" content=\"es_ES\" \/>\n<meta property=\"og:type\" content=\"article\" \/>\n<meta property=\"og:title\" content=\"Infrared Photocell Beam Sensor - Bl\u00fctezeit\" \/>\n<meta property=\"og:description\" content=\"Infrared photocell safety beam sensor for automatic swing\/sliding gate openers, garage doors, and security systems, indoor\/outdoor\" \/>\n<meta property=\"og:url\" content=\"https:\/\/www.blutezeit.com\/es\/producto\/mir50-infrared-photocell-safety-beam-sensor-gate-garage\/\" \/>\n<meta property=\"og:site_name\" content=\"Bl\u00fctezeit\" \/>\n<meta property=\"article:modified_time\" content=\"2026-03-09T09:10:53+00:00\" \/>\n<meta property=\"og:image\" content=\"http:\/\/www.blutezeit.com\/wp-content\/uploads\/2025\/07\/Infrared-Safety-Beam-Sensor-1-2.jpg\" \/>\n\t<meta property=\"og:image:width\" content=\"1600\" \/>\n\t<meta property=\"og:image:height\" content=\"1600\" \/>\n\t<meta property=\"og:image:type\" content=\"image\/jpeg\" \/>\n<meta name=\"twitter:card\" content=\"summary_large_image\" \/>\n<meta name=\"twitter:label1\" content=\"Tiempo de lectura\" \/>\n\t<meta name=\"twitter:data1\" content=\"1 minuto\" \/>\n<script type=\"application\/ld+json\" class=\"yoast-schema-graph\">{\"@context\":\"https:\/\/schema.org\",\"@graph\":[{\"@type\":\"WebPage\",\"@id\":\"https:\/\/www.blutezeit.com\/product\/mir50-infrared-photocell-safety-beam-sensor-gate-garage\/\",\"url\":\"https:\/\/www.blutezeit.com\/product\/mir50-infrared-photocell-safety-beam-sensor-gate-garage\/\",\"name\":\"Infrared Photocell Beam Sensor - Bl\u00fctezeit\",\"isPartOf\":{\"@id\":\"https:\/\/www.blutezeit.com\/pt\/#website\"},\"primaryImageOfPage\":{\"@id\":\"https:\/\/www.blutezeit.com\/product\/mir50-infrared-photocell-safety-beam-sensor-gate-garage\/#primaryimage\"},\"image\":{\"@id\":\"https:\/\/www.blutezeit.com\/product\/mir50-infrared-photocell-safety-beam-sensor-gate-garage\/#primaryimage\"},\"thumbnailUrl\":\"https:\/\/www.blutezeit.com\/wp-content\/uploads\/2025\/07\/Infrared-Safety-Beam-Sensor-1-2.jpg\",\"datePublished\":\"2025-07-12T03:43:12+00:00\",\"dateModified\":\"2026-03-09T09:10:53+00:00\",\"breadcrumb\":{\"@id\":\"https:\/\/www.blutezeit.com\/product\/mir50-infrared-photocell-safety-beam-sensor-gate-garage\/#breadcrumb\"},\"inLanguage\":\"es\",\"potentialAction\":[{\"@type\":\"ReadAction\",\"target\":[\"https:\/\/www.blutezeit.com\/product\/mir50-infrared-photocell-safety-beam-sensor-gate-garage\/\"]}]},{\"@type\":\"ImageObject\",\"inLanguage\":\"es\",\"@id\":\"https:\/\/www.blutezeit.com\/product\/mir50-infrared-photocell-safety-beam-sensor-gate-garage\/#primaryimage\",\"url\":\"https:\/\/www.blutezeit.com\/wp-content\/uploads\/2025\/07\/Infrared-Safety-Beam-Sensor-1-2.jpg\",\"contentUrl\":\"https:\/\/www.blutezeit.com\/wp-content\/uploads\/2025\/07\/Infrared-Safety-Beam-Sensor-1-2.jpg\",\"width\":1600,\"height\":1600},{\"@type\":\"BreadcrumbList\",\"@id\":\"https:\/\/www.blutezeit.com\/product\/mir50-infrared-photocell-safety-beam-sensor-gate-garage\/#breadcrumb\",\"itemListElement\":[{\"@type\":\"ListItem\",\"position\":1,\"name\":\"\u9996\u9875\",\"item\":\"https:\/\/www.blutezeit.com\/pt\/\"},{\"@type\":\"ListItem\",\"position\":2,\"name\":\"Product\",\"item\":\"https:\/\/www.blutezeit.com\/pt\/shop\/\"},{\"@type\":\"ListItem\",\"position\":3,\"name\":\"Infrared Photocell Beam Sensor\"}]},{\"@type\":\"WebSite\",\"@id\":\"https:\/\/www.blutezeit.com\/pt\/#website\",\"url\":\"https:\/\/www.blutezeit.com\/pt\/\",\"name\":\"Bl\u00fctezeit\",\"description\":\"Smart &amp; Solar Gate Opener Systems\",\"potentialAction\":[{\"@type\":\"SearchAction\",\"target\":{\"@type\":\"EntryPoint\",\"urlTemplate\":\"https:\/\/www.blutezeit.com\/pt\/?s={search_term_string}\"},\"query-input\":{\"@type\":\"PropertyValueSpecification\",\"valueRequired\":true,\"valueName\":\"search_term_string\"}}],\"inLanguage\":\"es\"}]}<\/script>\n<!-- \/ Yoast SEO plugin. -->","yoast_head_json":{"title":"Infrared Photocell Beam Sensor - Bl\u00fctezeit","robots":{"index":"index","follow":"follow","max-snippet":"max-snippet:-1","max-image-preview":"max-image-preview:large","max-video-preview":"max-video-preview:-1"},"canonical":"https:\/\/www.blutezeit.com\/es\/producto\/mir50-infrared-photocell-safety-beam-sensor-gate-garage\/","og_locale":"es_ES","og_type":"article","og_title":"Infrared Photocell Beam Sensor - Bl\u00fctezeit","og_description":"Infrared photocell safety beam sensor for automatic swing\/sliding gate openers, garage doors, and security systems, indoor\/outdoor","og_url":"https:\/\/www.blutezeit.com\/es\/producto\/mir50-infrared-photocell-safety-beam-sensor-gate-garage\/","og_site_name":"Bl\u00fctezeit","article_modified_time":"2026-03-09T09:10:53+00:00","og_image":[{"width":1600,"height":1600,"url":"http:\/\/www.blutezeit.com\/wp-content\/uploads\/2025\/07\/Infrared-Safety-Beam-Sensor-1-2.jpg","type":"image\/jpeg"}],"twitter_card":"summary_large_image","twitter_misc":{"Tiempo de lectura":"1 minuto"},"schema":{"@context":"https:\/\/schema.org","@graph":[{"@type":"WebPage","@id":"https:\/\/www.blutezeit.com\/product\/mir50-infrared-photocell-safety-beam-sensor-gate-garage\/","url":"https:\/\/www.blutezeit.com\/product\/mir50-infrared-photocell-safety-beam-sensor-gate-garage\/","name":"Infrared Photocell Beam Sensor - Bl\u00fctezeit","isPartOf":{"@id":"https:\/\/www.blutezeit.com\/pt\/#website"},"primaryImageOfPage":{"@id":"https:\/\/www.blutezeit.com\/product\/mir50-infrared-photocell-safety-beam-sensor-gate-garage\/#primaryimage"},"image":{"@id":"https:\/\/www.blutezeit.com\/product\/mir50-infrared-photocell-safety-beam-sensor-gate-garage\/#primaryimage"},"thumbnailUrl":"https:\/\/www.blutezeit.com\/wp-content\/uploads\/2025\/07\/Infrared-Safety-Beam-Sensor-1-2.jpg","datePublished":"2025-07-12T03:43:12+00:00","dateModified":"2026-03-09T09:10:53+00:00","breadcrumb":{"@id":"https:\/\/www.blutezeit.com\/product\/mir50-infrared-photocell-safety-beam-sensor-gate-garage\/#breadcrumb"},"inLanguage":"es","potentialAction":[{"@type":"ReadAction","target":["https:\/\/www.blutezeit.com\/product\/mir50-infrared-photocell-safety-beam-sensor-gate-garage\/"]}]},{"@type":"ImageObject","inLanguage":"es","@id":"https:\/\/www.blutezeit.com\/product\/mir50-infrared-photocell-safety-beam-sensor-gate-garage\/#primaryimage","url":"https:\/\/www.blutezeit.com\/wp-content\/uploads\/2025\/07\/Infrared-Safety-Beam-Sensor-1-2.jpg","contentUrl":"https:\/\/www.blutezeit.com\/wp-content\/uploads\/2025\/07\/Infrared-Safety-Beam-Sensor-1-2.jpg","width":1600,"height":1600},{"@type":"BreadcrumbList","@id":"https:\/\/www.blutezeit.com\/product\/mir50-infrared-photocell-safety-beam-sensor-gate-garage\/#breadcrumb","itemListElement":[{"@type":"ListItem","position":1,"name":"\u9996\u9875","item":"https:\/\/www.blutezeit.com\/pt\/"},{"@type":"ListItem","position":2,"name":"Product","item":"https:\/\/www.blutezeit.com\/pt\/shop\/"},{"@type":"ListItem","position":3,"name":"Infrared Photocell Beam Sensor"}]},{"@type":"WebSite","@id":"https:\/\/www.blutezeit.com\/pt\/#website","url":"https:\/\/www.blutezeit.com\/pt\/","name":"Tiempo de floraci\u00f3n","description":"Sistemas de apertura de puertas inteligentes y solares","potentialAction":[{"@type":"SearchAction","target":{"@type":"EntryPoint","urlTemplate":"https:\/\/www.blutezeit.com\/pt\/?s={search_term_string}"},"query-input":{"@type":"PropertyValueSpecification","valueRequired":true,"valueName":"search_term_string"}}],"inLanguage":"es"}]}},"_links":{"self":[{"href":"https:\/\/www.blutezeit.com\/es\/wp-json\/wp\/v2\/product\/306","targetHints":{"allow":["GET"]}}],"collection":[{"href":"https:\/\/www.blutezeit.com\/es\/wp-json\/wp\/v2\/product"}],"about":[{"href":"https:\/\/www.blutezeit.com\/es\/wp-json\/wp\/v2\/types\/product"}],"replies":[{"embeddable":true,"href":"https:\/\/www.blutezeit.com\/es\/wp-json\/wp\/v2\/comments?post=306"}],"wp:featuredmedia":[{"embeddable":true,"href":"https:\/\/www.blutezeit.com\/es\/wp-json\/wp\/v2\/media\/1571"}],"wp:attachment":[{"href":"https:\/\/www.blutezeit.com\/es\/wp-json\/wp\/v2\/media?parent=306"}],"wp:term":[{"taxonomy":"product_brand","embeddable":true,"href":"https:\/\/www.blutezeit.com\/es\/wp-json\/wp\/v2\/product_brand?post=306"},{"taxonomy":"product_cat","embeddable":true,"href":"https:\/\/www.blutezeit.com\/es\/wp-json\/wp\/v2\/product_cat?post=306"},{"taxonomy":"product_tag","embeddable":true,"href":"https:\/\/www.blutezeit.com\/es\/wp-json\/wp\/v2\/product_tag?post=306"}],"curies":[{"name":"wp","href":"https:\/\/api.w.org\/{rel}","templated":true}]}}