{"id":1628,"date":"2026-01-19T10:44:11","date_gmt":"2026-01-19T10:44:11","guid":{"rendered":"https:\/\/www.blutezeit.com\/?post_type=product&#038;p=1628"},"modified":"2026-03-16T09:18:11","modified_gmt":"2026-03-16T09:18:11","slug":"mj-300s-sliding-gate-opener-900lb-steel-racks","status":"publish","type":"product","link":"https:\/\/www.blutezeit.com\/es\/producto\/mj-300s-sliding-gate-opener-900lb-steel-racks\/","title":{"rendered":"Abridor de portones corredizos MJ-300 (estanter\u00edas de acero)"},"content":{"rendered":"<div class=\"celwidget aplus-module premium-module-2-fullbackground-image aplus-premium\" data-csa-c-id=\"v6glb3-ui1ymo-3hdbdp-sg6w35\">\n<div class=\"a-section a-spacing-none premium-aplus premium-aplus-module-2\">\n<h2 class=\"a-text-center aplus-container-3 aplus-h1 a-text-bold\">Abridor de puerta corrediza Bl\u00fctezeit ME-MJ: \u00a1tama\u00f1o peque\u00f1o, alta eficiencia!<\/h2>\n<div class=\"a-section a-spacing-none premium-background-wrapper\">\n<div class=\"a-section a-spacing-none background-image\"><img decoding=\"async\" class=\"\" src=\"https:\/\/m.media-amazon.com\/images\/S\/aplus-media-library-service-media\/b6c2001a-9f64-486a-86b8-e39bbfe8d987.__CR0,0,1464,600_PT0_SX1464_V1___.jpg\" alt=\"sliding gate opener automatic door operator remote control motor rack driven\" data-src=\"https:\/\/m.media-amazon.com\/images\/S\/aplus-media-library-service-media\/b6c2001a-9f64-486a-86b8-e39bbfe8d987.__CR0,0,1464,600_PT0_SX1464_V1___.jpg\" \/><\/div>\n<\/div>\n<\/div>\n<\/div>\n<div class=\"celwidget aplus-module premium-module-2-fullbackground-image aplus-premium\" data-csa-c-id=\"rz5gwx-3xmlm1-qkggif-kjnsc7\">\n<div class=\"a-section a-spacing-none premium-aplus premium-aplus-module-2\">\n<div class=\"a-section a-spacing-none premium-background-wrapper\">\n<div class=\"a-section a-spacing-none background-image\"><img decoding=\"async\" class=\"\" src=\"https:\/\/m.media-amazon.com\/images\/S\/aplus-media-library-service-media\/eb694237-7dcd-43df-bed4-f75e3651112f.__CR0,0,1464,600_PT0_SX1464_V1___.jpg\" alt=\"sliding gate opener rack driven automatic door operator motor\" data-src=\"https:\/\/m.media-amazon.com\/images\/S\/aplus-media-library-service-media\/eb694237-7dcd-43df-bed4-f75e3651112f.__CR0,0,1464,600_PT0_SX1464_V1___.jpg\" \/><\/div>\n<\/div>\n<div><\/div>\n<div class=\"a-section a-text-center\"><span style=\"font-size: 30px;\">Alto rendimiento en un dise\u00f1o optimizado<\/span><\/div>\n<\/div>\n<\/div>\n<div class=\"celwidget aplus-module premium-module-2-fullbackground-image aplus-premium\" data-csa-c-id=\"rg02z5-by5edl-ivzy03-mkrp1e\">\n<div class=\"a-section a-spacing-none premium-aplus premium-aplus-module-2\">\n<div class=\"a-section a-spacing-none premium-background-wrapper\">\n<div class=\"a-section a-spacing-none background-image\"><img decoding=\"async\" class=\"\" src=\"https:\/\/m.media-amazon.com\/images\/S\/aplus-media-library-service-media\/2d290c33-c02d-46c6-be84-009a127c1747.__CR0,0,1464,600_PT0_SX1464_V1___.jpg\" alt=\"sliding gate opener rack driven automatic door operator remote control secure system\" data-src=\"https:\/\/m.media-amazon.com\/images\/S\/aplus-media-library-service-media\/2d290c33-c02d-46c6-be84-009a127c1747.__CR0,0,1464,600_PT0_SX1464_V1___.jpg\" \/><\/div>\n<\/div>\n<div class=\"a-section a-text-center\">\n<p class=\"aplus-description aplus-container-3 aplus-p1\"><span class=\"a-text-bold\"><u>Presupuesto:<\/u><\/span>\u00a0Fuente de alimentaci\u00f3n:\u00a0<span class=\"a-text-bold\">CA 110 ~ 120 V<\/span>;Potencia del motor:\u00a0<span class=\"a-text-bold\">130 W<\/span>; Peso m\u00e1ximo de elevaci\u00f3n:\u00a0<span class=\"a-text-bold\">900 libras<\/span>; Par de salida:\u00a0<span class=\"a-text-bold\">12 N.m<\/span>;Velocidad de movimiento:\u00a0<span class=\"a-text-bold\">40 pies\/min<\/span>; Alcance del control remoto:\u00a0<span class=\"a-text-bold\">\u2265100 pies<\/span>; Frecuencia:\u00a0<span class=\"a-text-bold\">433,92 MHz<\/span>; Capacidad remota:\u00a0<span class=\"a-text-bold\">100 piezas<\/span>\u00a0(2 estan incluidos).<\/p>\n<\/div>\n<\/div>\n<\/div>\n<div class=\"celwidget aplus-module premium-module-3-four-column-images aplus-premium\" data-csa-c-id=\"7a5cta-ex7k73-mwcd1i-8is54j\">\n<div class=\"a-section a-spacing-none premium-aplus premium-aplus-module-3 aplus-container-1\">\n<h2 class=\"a-text-center premium-module-3-heading aplus-h1 a-text-bold\">Dise\u00f1ado para mayor comodidad y resistencia<\/h2>\n<div class=\"a-section a-spacing-none premium-aplus-four-column\">\n<div class=\"a-section a-spacing-none premium-aplus-column\">\n<div class=\"a-section a-spacing-none {'column-image'}\"><img decoding=\"async\" class=\"\" src=\"https:\/\/m.media-amazon.com\/images\/S\/aplus-media-library-service-media\/b8e5c5c5-3346-4751-af21-d5b18d731e7d.__CR0,0,300,225_PT0_SX300_V1___.jpg\" alt=\"rack driven slide gate opener\" data-src=\"https:\/\/m.media-amazon.com\/images\/S\/aplus-media-library-service-media\/b8e5c5c5-3346-4751-af21-d5b18d731e7d.__CR0,0,300,225_PT0_SX300_V1___.jpg\" \/><\/div>\n<div class=\"a-section a-spacing-none column-heading\">\n<h2 class=\"aplus-h3 a-text-bold\">Compatible con dos tipos de rack<\/h2>\n<\/div>\n<div class=\"a-section a-spacing-none column-description\">\n<p class=\"aplus-p3\">Compatible con\u00a0<span class=\"a-text-bold\">nylon<\/span>\u00a0y\u00a0<span class=\"a-text-bold\">hierro galvanizado<\/span>\u00a0Bastidores, disponibles para compra por separado.<\/p>\n<\/div>\n<\/div>\n<div class=\"a-section a-spacing-none premium-aplus-column\">\n<div class=\"a-section a-spacing-none {'column-image'}\"><img decoding=\"async\" class=\"\" src=\"https:\/\/m.media-amazon.com\/images\/S\/aplus-media-library-service-media\/8151cc2b-438b-4352-ac39-63b611bc63ab.__CR0,0,300,225_PT0_SX300_V1___.jpg\" alt=\"steel base for sliding gate opener\" data-src=\"https:\/\/m.media-amazon.com\/images\/S\/aplus-media-library-service-media\/8151cc2b-438b-4352-ac39-63b611bc63ab.__CR0,0,300,225_PT0_SX300_V1___.jpg\" \/><\/div>\n<div class=\"a-section a-spacing-none column-heading\">\n<h2 class=\"aplus-h3 a-text-bold\">Base de metal reforzada<\/h2>\n<\/div>\n<div class=\"a-section a-spacing-none column-description\">\n<p class=\"aplus-p3\">Engrosado y elevado\u00a0<span class=\"a-text-bold\">base de metal<\/span>\u00a0garantiza estabilidad, durabilidad y resistencia a la deformaci\u00f3n.<\/p>\n<\/div>\n<\/div>\n<div class=\"a-section a-spacing-none premium-aplus-column\">\n<div class=\"a-section a-spacing-none {'column-image'}\"><img decoding=\"async\" class=\"\" src=\"https:\/\/m.media-amazon.com\/images\/S\/aplus-media-library-service-media\/efa08402-9ddf-4f99-9431-a5b663425567.__CR0,0,300,225_PT0_SX300_V1___.jpg\" alt=\"manual release key hex clutch\" data-src=\"https:\/\/m.media-amazon.com\/images\/S\/aplus-media-library-service-media\/efa08402-9ddf-4f99-9431-a5b663425567.__CR0,0,300,225_PT0_SX300_V1___.jpg\" \/><\/div>\n<div class=\"a-section a-spacing-none column-heading\">\n<h2 class=\"aplus-h3 a-text-bold\">Herramienta manual de emergencia<\/h2>\n<\/div>\n<div class=\"a-section a-spacing-none column-description\">\n<p class=\"aplus-p3\">Incluye un\u00a0<span class=\"a-text-bold\">llave hexagonal para embrague manual<\/span>\u00a0Operaci\u00f3n, permitiendo un f\u00e1cil movimiento de la puerta durante cortes de energ\u00eda.<\/p>\n<\/div>\n<\/div>\n<div class=\"a-section a-spacing-none premium-aplus-column\">\n<div class=\"a-section a-spacing-none {'column-image'}\"><img decoding=\"async\" class=\"\" src=\"https:\/\/m.media-amazon.com\/images\/S\/aplus-media-library-service-media\/33734312-eab5-498f-9b3f-1dc76a1d4ecc.__CR0,0,300,225_PT0_SX300_V1___.jpg\" alt=\"magnet limit switch\" data-src=\"https:\/\/m.media-amazon.com\/images\/S\/aplus-media-library-service-media\/33734312-eab5-498f-9b3f-1dc76a1d4ecc.__CR0,0,300,225_PT0_SX300_V1___.jpg\" \/><\/div>\n<div class=\"a-section a-spacing-none column-heading\">\n<h2 class=\"aplus-h3 a-text-bold\">Bloques de l\u00edmite de dos colores<\/h2>\n<\/div>\n<div class=\"a-section a-spacing-none column-description\">\n<p class=\"aplus-p3\">Dos colores\u00a0<span class=\"a-text-bold\">bloques de l\u00edmite magn\u00e9ticos<\/span>\u00a0(AZUL para ABRIR, ROJO para CERRAR) facilitan su identificaci\u00f3n e instalaci\u00f3n.<\/p>\n<\/div>\n<\/div>\n<\/div>\n<\/div>\n<\/div>\n<div class=\"celwidget aplus-module premium-module-2-fullbackground-image aplus-premium\" data-csa-c-id=\"xuabo3-8h39px-jsazsx-tlzl2e\">\n<div class=\"a-section a-spacing-none premium-aplus premium-aplus-module-2\">\n<h2 class=\"a-text-center aplus-container-3 aplus-h1 a-text-bold\">Accesorios completos para una f\u00e1cil instalaci\u00f3n<\/h2>\n<div class=\"a-section a-spacing-none premium-background-wrapper\">\n<div class=\"a-section a-spacing-none background-image\"><img decoding=\"async\" class=\"\" src=\"https:\/\/m.media-amazon.com\/images\/S\/aplus-media-library-service-media\/7673907d-aa21-4c57-9f80-272f047f1af3.__CR0,0,1464,600_PT0_SX1464_V1___.jpg\" alt=\"full accessories hardware kits installation door opener\" data-src=\"https:\/\/m.media-amazon.com\/images\/S\/aplus-media-library-service-media\/7673907d-aa21-4c57-9f80-272f047f1af3.__CR0,0,1464,600_PT0_SX1464_V1___.jpg\" \/><\/div>\n<div><img decoding=\"async\" class=\"\" src=\"https:\/\/m.media-amazon.com\/images\/S\/aplus-media-library-service-media\/f0d61ed5-2650-46d4-81b4-b88dceed43e0.__CR0,0,1464,600_PT0_SX1464_V1___.jpg\" alt=\"steel gear racks for sliding gate opener driveway heavy duty\" data-src=\"https:\/\/m.media-amazon.com\/images\/S\/aplus-media-library-service-media\/f0d61ed5-2650-46d4-81b4-b88dceed43e0.__CR0,0,1464,600_PT0_SX1464_V1___.jpg\" \/><\/div>\n<div>\n<div class=\"celwidget aplus-module premium-module-2-fullbackground-image aplus-premium\" data-csa-c-id=\"ckvvia-2nqe5d-5iv3ou-ke8wx3\" data-cel-widget=\"aplus-premium-module-2-fullbackground-image\">\n<div class=\"a-section a-spacing-none premium-aplus premium-aplus-module-2\">\n<div class=\"a-section a-text-center\">\n<p class=\"aplus-description aplus-container-3 aplus-p1\">*\u00a0<span class=\"a-text-bold\">Fabricado en acero galvanizado de alta calidad<\/span>\u00a0\u2013 Resistente a la intemperie, a prueba de \u00f3xido y construido para durar. *\u00a0<span class=\"a-text-bold\">Dise\u00f1o impulsado por bastidor<\/span>\u00a0\u2013 Proporciona una apariencia limpia, un movimiento m\u00e1s suave y un funcionamiento m\u00e1s silencioso con menos mantenimiento. *\u00a0<span class=\"a-text-bold\">Se requiere soldadura<\/span>\u00a0\u2013 Las tuercas (incluidas) deben soldarse al marco de la puerta para una instalaci\u00f3n segura.<\/p>\n<\/div>\n<\/div>\n<\/div>\n<div class=\"celwidget aplus-module premium-module-16-tech-specs aplus-premium\" data-csa-c-id=\"x1igd6-y3jngq-ld1rb1-c0jykl\" data-cel-widget=\"aplus-premium-module-16-tech-specs\">\n<div class=\"a-section a-spacing-none aplus-index-1 premium-aplus premium-aplus-module-16 aplus-container-3\">\n<h3 class=\"a-size-extra-large a-spacing-base a-text-center\">Especificaci\u00f3n<\/h3>\n<div class=\"a-row\">\n<div class=\"a-column a-span6\">\n<table class=\"a-bordered a-horizontal-stripes aplus-tech-spec-table\" style=\"height: 128px;\" width=\"512\">\n<tbody>\n<tr>\n<td class=\"a-text-bold\">Longitud del rack (cada uno)<\/td>\n<td>3,28 pies (1 metro) por pieza<\/td>\n<\/tr>\n<tr>\n<td class=\"a-text-bold\">Longitud total del bastidor<\/td>\n<td>13,12 pies (4 metros, 4 piezas en total)<\/td>\n<\/tr>\n<tr>\n<td class=\"a-text-bold\">Dimensiones<\/td>\n<td>39,37\u2033 x 1,18\u2033 x 0,32\u2033 (1000 x 30 x 8 mm)<\/td>\n<\/tr>\n<tr>\n<td class=\"a-text-bold\">Peso (por rack)<\/td>\n<td>Aprox. 3,3 libras por pieza<\/td>\n<\/tr>\n<\/tbody>\n<\/table>\n<\/div>\n<div class=\"a-section a-spacing-none premium-aplus-15-heading\">\n<h2 class=\"premium-aplus-15-heading-text a-text-bold\">Pasos para la instalaci\u00f3n de una cremallera de acero<\/h2>\n<\/div>\n<div class=\"a-section a-spacing-none\">\n<ol class=\"a-ordered-list a-vertical\">\n<li><span class=\"a-list-item\"><span class=\"a-text-bold\">Alinee la primera secci\u00f3n del bastidor con precisi\u00f3n<\/span>\u00a0Coloque la primera secci\u00f3n de la cremallera en el marco de la puerta y aj\u00fastela firmemente al engranaje impulsor del motor. Aseg\u00farese de que los dientes del engranaje engranen completamente con los de la cremallera para un movimiento suave y un contacto \u00f3ptimo.<\/span><\/li>\n<li><span class=\"a-list-item\"><span class=\"a-text-bold\">Nivelar el rack<\/span>\u00a0Utilice un nivel de burbuja para confirmar que el estante est\u00e9 perfectamente horizontal.<span class=\"a-text-bold\">\u00a0<\/span><span class=\"a-text-italic\"><span class=\"a-text-bold\">Consejo:\u00a0<\/span>Mantenga un peque\u00f1o espacio libre (1\u20132 mm) entre el engranaje y la cremallera para permitir la expansi\u00f3n t\u00e9rmica y evitar una fricci\u00f3n innecesaria.<\/span><\/span><\/li>\n<li><span class=\"a-list-item\"><span class=\"a-text-bold\">Prueba de movimiento manual<\/span>\u00a0Deslice suavemente la puerta a mano por el riel para comprobar si hay puntos de atascamiento o desalineaci\u00f3n. La cremallera debe moverse libremente y permanecer completamente acoplada al engranaje de transmisi\u00f3n en todo momento.<\/span><\/li>\n<li><span class=\"a-list-item\"><span class=\"a-text-bold\">Suelde \u00fanicamente las tuercas de montaje<\/span>.\u00a0<span class=\"a-text-bold\">*<span class=\"a-text-italic\">\u00a0<u>NO suelde el bastidor directamente a la puerta<\/u>\u00a0<\/span>*\u00a0<\/span>En su lugar, suelde el cable suministrado.\u00a0<span class=\"a-text-bold\">tuercas de montaje (insertos roscados)<\/span>\u00a0A la superficie de la puerta en los puntos de fijaci\u00f3n deseados. Una vez fijadas las tuercas, utilice los pernos incluidos para fijar la cremallera.<\/span><\/li>\n<li><span class=\"a-list-item\"><span class=\"a-text-bold\">Instalar secciones de rack adicionales<\/span>\u00a0Alinee la siguiente pieza de la cremallera con la anterior haciendo coincidir los dientes con precisi\u00f3n, sin dejar huecos ni solapamientos. Repita los pasos anteriores para cada secci\u00f3n hasta cubrir toda la longitud de la compuerta.<\/span><\/li>\n<\/ol>\n<ul class=\"a-unordered-list a-vertical\">\n<li><span class=\"a-list-item\">Aseg\u00farese de que haya una alineaci\u00f3n uniforme de los dientes entre los segmentos del bastidor para evitar atascos durante el movimiento de la puerta.<\/span><\/li>\n<li><span class=\"a-list-item\">Una vez completada la instalaci\u00f3n, pruebe todo el sistema con el abridor de puerta para garantizar un funcionamiento suave, silencioso y estable.<\/span><\/li>\n<li><span class=\"a-list-item\">Utilice pintura antioxidante o una capa protectora en los puntos soldados si es necesario para una mayor durabilidad en exteriores a largo plazo.<\/span><\/li>\n<li><span class=\"a-list-item\"><span class=\"a-text-bold\">NO soldar los pernos<\/span>\u00a0Al bastidor o a la puerta. \u00daselos solo para sujetarlos.<\/span><\/li>\n<li><span class=\"a-list-item\"><span class=\"a-text-bold\">NO suelde dos secciones de bastidor juntas.<\/span>\u00a0Alin\u00e9elos con precisi\u00f3n y atorn\u00edllelos individualmente.<\/span><\/li>\n<\/ul>\n<\/div>\n<\/div>\n<div class=\"a-row\"><\/div>\n<\/div>\n<\/div>\n<\/div>\n<\/div>\n<div class=\"a-section a-text-center\">\n<p class=\"aplus-description aplus-container-3 aplus-p1\"><span style=\"font-size: 30px;\">Soporte confiable de pre y posventa<\/span><\/p>\n<\/div>\n<\/div>\n<\/div>\n<div class=\"celwidget aplus-module premium-module-2-fullbackground-image aplus-premium\" data-csa-c-id=\"3l1jul-aauhza-evlxyy-ing8rc\">\n<div class=\"a-section a-spacing-none premium-aplus premium-aplus-module-2\">\n<div class=\"a-section a-spacing-none premium-background-wrapper\">\n<div class=\"a-section a-spacing-none background-image\"><img decoding=\"async\" class=\"\" src=\"https:\/\/m.media-amazon.com\/images\/S\/aplus-media-library-service-media\/0e31f724-534a-4985-b5a6-f6064d737e4f.__CR0,0,1464,600_PT0_SX1464_V1___.jpg\" alt=\"efficient aftersales service sliding gate motor\" data-src=\"https:\/\/m.media-amazon.com\/images\/S\/aplus-media-library-service-media\/0e31f724-534a-4985-b5a6-f6064d737e4f.__CR0,0,1464,600_PT0_SX1464_V1___.jpg\" \/><\/div>\n<\/div>\n<\/div>\n<\/div>","protected":false},"excerpt":{"rendered":"<p>Abridor de puerta corrediza con transmisi\u00f3n por cremallera de 900 lb con 2 controles remotos y cremalleras de acero de 13,12 pies<\/p>","protected":false},"featured_media":1629,"comment_status":"open","ping_status":"closed","template":"","meta":[],"product_brand":[33],"product_cat":[82,20],"product_tag":[],"class_list":{"0":"post-1628","1":"product","2":"type-product","3":"status-publish","4":"has-post-thumbnail","6":"product_brand-blutezeit","7":"product_cat-ac-sliding-gate-openers","8":"product_cat-gate-openers","10":"first","11":"instock","12":"shipping-taxable","13":"purchasable","14":"product-type-simple"},"yoast_head":"<!-- This site is optimized with the Yoast SEO plugin v26.4 - https:\/\/yoast.com\/wordpress\/plugins\/seo\/ -->\n<title>MJ-300 Sliding Gate Opener (Steel Racks) - Bl\u00fctezeit<\/title>\n<meta name=\"robots\" content=\"index, follow, max-snippet:-1, max-image-preview:large, max-video-preview:-1\" \/>\n<link rel=\"canonical\" href=\"https:\/\/www.blutezeit.com\/es\/producto\/mj-300s-sliding-gate-opener-900lb-steel-racks\/\" \/>\n<meta property=\"og:locale\" content=\"es_ES\" \/>\n<meta property=\"og:type\" content=\"article\" \/>\n<meta property=\"og:title\" content=\"MJ-300 Sliding Gate Opener (Steel Racks) - Bl\u00fctezeit\" \/>\n<meta property=\"og:description\" content=\"900lb rack-drive sliding gate opener with 2 remotes and 13.12ft steel racks\" \/>\n<meta property=\"og:url\" content=\"https:\/\/www.blutezeit.com\/es\/producto\/mj-300s-sliding-gate-opener-900lb-steel-racks\/\" \/>\n<meta property=\"og:site_name\" content=\"Bl\u00fctezeit\" \/>\n<meta property=\"article:modified_time\" content=\"2026-03-16T09:18:11+00:00\" \/>\n<meta property=\"og:image\" content=\"http:\/\/www.blutezeit.com\/wp-content\/uploads\/2026\/01\/MJ-300-Sliding-Gate-OpenerSteel-Racks-scaled.jpg\" \/>\n\t<meta property=\"og:image:width\" content=\"2560\" \/>\n\t<meta property=\"og:image:height\" content=\"2560\" \/>\n\t<meta property=\"og:image:type\" content=\"image\/jpeg\" \/>\n<meta name=\"twitter:card\" content=\"summary_large_image\" \/>\n<meta name=\"twitter:label1\" content=\"Tiempo de lectura\" \/>\n\t<meta name=\"twitter:data1\" content=\"5 minutos\" \/>\n<script type=\"application\/ld+json\" class=\"yoast-schema-graph\">{\"@context\":\"https:\/\/schema.org\",\"@graph\":[{\"@type\":\"WebPage\",\"@id\":\"https:\/\/www.blutezeit.com\/product\/mj-300s-sliding-gate-opener-900lb-steel-racks\/\",\"url\":\"https:\/\/www.blutezeit.com\/product\/mj-300s-sliding-gate-opener-900lb-steel-racks\/\",\"name\":\"MJ-300 Sliding Gate Opener (Steel Racks) - Bl\u00fctezeit\",\"isPartOf\":{\"@id\":\"https:\/\/www.blutezeit.com\/pt\/#website\"},\"primaryImageOfPage\":{\"@id\":\"https:\/\/www.blutezeit.com\/product\/mj-300s-sliding-gate-opener-900lb-steel-racks\/#primaryimage\"},\"image\":{\"@id\":\"https:\/\/www.blutezeit.com\/product\/mj-300s-sliding-gate-opener-900lb-steel-racks\/#primaryimage\"},\"thumbnailUrl\":\"https:\/\/www.blutezeit.com\/wp-content\/uploads\/2026\/01\/MJ-300-Sliding-Gate-OpenerSteel-Racks-scaled.jpg\",\"datePublished\":\"2026-01-19T10:44:11+00:00\",\"dateModified\":\"2026-03-16T09:18:11+00:00\",\"breadcrumb\":{\"@id\":\"https:\/\/www.blutezeit.com\/product\/mj-300s-sliding-gate-opener-900lb-steel-racks\/#breadcrumb\"},\"inLanguage\":\"es\",\"potentialAction\":[{\"@type\":\"ReadAction\",\"target\":[\"https:\/\/www.blutezeit.com\/product\/mj-300s-sliding-gate-opener-900lb-steel-racks\/\"]}]},{\"@type\":\"ImageObject\",\"inLanguage\":\"es\",\"@id\":\"https:\/\/www.blutezeit.com\/product\/mj-300s-sliding-gate-opener-900lb-steel-racks\/#primaryimage\",\"url\":\"https:\/\/www.blutezeit.com\/wp-content\/uploads\/2026\/01\/MJ-300-Sliding-Gate-OpenerSteel-Racks-scaled.jpg\",\"contentUrl\":\"https:\/\/www.blutezeit.com\/wp-content\/uploads\/2026\/01\/MJ-300-Sliding-Gate-OpenerSteel-Racks-scaled.jpg\",\"width\":2560,\"height\":2560},{\"@type\":\"BreadcrumbList\",\"@id\":\"https:\/\/www.blutezeit.com\/product\/mj-300s-sliding-gate-opener-900lb-steel-racks\/#breadcrumb\",\"itemListElement\":[{\"@type\":\"ListItem\",\"position\":1,\"name\":\"\u9996\u9875\",\"item\":\"https:\/\/www.blutezeit.com\/pt\/\"},{\"@type\":\"ListItem\",\"position\":2,\"name\":\"Product\",\"item\":\"https:\/\/www.blutezeit.com\/pt\/shop\/\"},{\"@type\":\"ListItem\",\"position\":3,\"name\":\"MJ-300 Sliding Gate Opener (Steel Racks)\"}]},{\"@type\":\"WebSite\",\"@id\":\"https:\/\/www.blutezeit.com\/pt\/#website\",\"url\":\"https:\/\/www.blutezeit.com\/pt\/\",\"name\":\"Bl\u00fctezeit\",\"description\":\"Smart &amp; Solar Gate Opener Systems\",\"potentialAction\":[{\"@type\":\"SearchAction\",\"target\":{\"@type\":\"EntryPoint\",\"urlTemplate\":\"https:\/\/www.blutezeit.com\/pt\/?s={search_term_string}\"},\"query-input\":{\"@type\":\"PropertyValueSpecification\",\"valueRequired\":true,\"valueName\":\"search_term_string\"}}],\"inLanguage\":\"es\"}]}<\/script>\n<!-- \/ Yoast SEO plugin. -->","yoast_head_json":{"title":"MJ-300 Sliding Gate Opener (Steel Racks) - Bl\u00fctezeit","robots":{"index":"index","follow":"follow","max-snippet":"max-snippet:-1","max-image-preview":"max-image-preview:large","max-video-preview":"max-video-preview:-1"},"canonical":"https:\/\/www.blutezeit.com\/es\/producto\/mj-300s-sliding-gate-opener-900lb-steel-racks\/","og_locale":"es_ES","og_type":"article","og_title":"MJ-300 Sliding Gate Opener (Steel Racks) - Bl\u00fctezeit","og_description":"900lb rack-drive sliding gate opener with 2 remotes and 13.12ft steel racks","og_url":"https:\/\/www.blutezeit.com\/es\/producto\/mj-300s-sliding-gate-opener-900lb-steel-racks\/","og_site_name":"Bl\u00fctezeit","article_modified_time":"2026-03-16T09:18:11+00:00","og_image":[{"width":2560,"height":2560,"url":"http:\/\/www.blutezeit.com\/wp-content\/uploads\/2026\/01\/MJ-300-Sliding-Gate-OpenerSteel-Racks-scaled.jpg","type":"image\/jpeg"}],"twitter_card":"summary_large_image","twitter_misc":{"Tiempo de lectura":"5 minutos"},"schema":{"@context":"https:\/\/schema.org","@graph":[{"@type":"WebPage","@id":"https:\/\/www.blutezeit.com\/product\/mj-300s-sliding-gate-opener-900lb-steel-racks\/","url":"https:\/\/www.blutezeit.com\/product\/mj-300s-sliding-gate-opener-900lb-steel-racks\/","name":"MJ-300 Sliding Gate Opener (Steel Racks) - Bl\u00fctezeit","isPartOf":{"@id":"https:\/\/www.blutezeit.com\/pt\/#website"},"primaryImageOfPage":{"@id":"https:\/\/www.blutezeit.com\/product\/mj-300s-sliding-gate-opener-900lb-steel-racks\/#primaryimage"},"image":{"@id":"https:\/\/www.blutezeit.com\/product\/mj-300s-sliding-gate-opener-900lb-steel-racks\/#primaryimage"},"thumbnailUrl":"https:\/\/www.blutezeit.com\/wp-content\/uploads\/2026\/01\/MJ-300-Sliding-Gate-OpenerSteel-Racks-scaled.jpg","datePublished":"2026-01-19T10:44:11+00:00","dateModified":"2026-03-16T09:18:11+00:00","breadcrumb":{"@id":"https:\/\/www.blutezeit.com\/product\/mj-300s-sliding-gate-opener-900lb-steel-racks\/#breadcrumb"},"inLanguage":"es","potentialAction":[{"@type":"ReadAction","target":["https:\/\/www.blutezeit.com\/product\/mj-300s-sliding-gate-opener-900lb-steel-racks\/"]}]},{"@type":"ImageObject","inLanguage":"es","@id":"https:\/\/www.blutezeit.com\/product\/mj-300s-sliding-gate-opener-900lb-steel-racks\/#primaryimage","url":"https:\/\/www.blutezeit.com\/wp-content\/uploads\/2026\/01\/MJ-300-Sliding-Gate-OpenerSteel-Racks-scaled.jpg","contentUrl":"https:\/\/www.blutezeit.com\/wp-content\/uploads\/2026\/01\/MJ-300-Sliding-Gate-OpenerSteel-Racks-scaled.jpg","width":2560,"height":2560},{"@type":"BreadcrumbList","@id":"https:\/\/www.blutezeit.com\/product\/mj-300s-sliding-gate-opener-900lb-steel-racks\/#breadcrumb","itemListElement":[{"@type":"ListItem","position":1,"name":"\u9996\u9875","item":"https:\/\/www.blutezeit.com\/pt\/"},{"@type":"ListItem","position":2,"name":"Product","item":"https:\/\/www.blutezeit.com\/pt\/shop\/"},{"@type":"ListItem","position":3,"name":"MJ-300 Sliding Gate Opener (Steel Racks)"}]},{"@type":"WebSite","@id":"https:\/\/www.blutezeit.com\/pt\/#website","url":"https:\/\/www.blutezeit.com\/pt\/","name":"Tiempo de floraci\u00f3n","description":"Sistemas de apertura de puertas inteligentes y solares","potentialAction":[{"@type":"SearchAction","target":{"@type":"EntryPoint","urlTemplate":"https:\/\/www.blutezeit.com\/pt\/?s={search_term_string}"},"query-input":{"@type":"PropertyValueSpecification","valueRequired":true,"valueName":"search_term_string"}}],"inLanguage":"es"}]}},"_links":{"self":[{"href":"https:\/\/www.blutezeit.com\/es\/wp-json\/wp\/v2\/product\/1628","targetHints":{"allow":["GET"]}}],"collection":[{"href":"https:\/\/www.blutezeit.com\/es\/wp-json\/wp\/v2\/product"}],"about":[{"href":"https:\/\/www.blutezeit.com\/es\/wp-json\/wp\/v2\/types\/product"}],"replies":[{"embeddable":true,"href":"https:\/\/www.blutezeit.com\/es\/wp-json\/wp\/v2\/comments?post=1628"}],"wp:featuredmedia":[{"embeddable":true,"href":"https:\/\/www.blutezeit.com\/es\/wp-json\/wp\/v2\/media\/1629"}],"wp:attachment":[{"href":"https:\/\/www.blutezeit.com\/es\/wp-json\/wp\/v2\/media?parent=1628"}],"wp:term":[{"taxonomy":"product_brand","embeddable":true,"href":"https:\/\/www.blutezeit.com\/es\/wp-json\/wp\/v2\/product_brand?post=1628"},{"taxonomy":"product_cat","embeddable":true,"href":"https:\/\/www.blutezeit.com\/es\/wp-json\/wp\/v2\/product_cat?post=1628"},{"taxonomy":"product_tag","embeddable":true,"href":"https:\/\/www.blutezeit.com\/es\/wp-json\/wp\/v2\/product_tag?post=1628"}],"curies":[{"name":"wp","href":"https:\/\/api.w.org\/{rel}","templated":true}]}}