{"id":1626,"date":"2026-01-19T10:24:13","date_gmt":"2026-01-19T10:24:13","guid":{"rendered":"https:\/\/www.blutezeit.com\/?post_type=product&#038;p=1626"},"modified":"2026-03-09T09:01:46","modified_gmt":"2026-03-09T09:01:46","slug":"mky20-clutch-keys-dc-motor-me-go-600","status":"publish","type":"product","link":"https:\/\/www.blutezeit.com\/es\/producto\/mky20-clutch-keys-dc-motor-me-go-600\/","title":{"rendered":"Llaves de embrague para ME-GO-600 (DC)"},"content":{"rendered":"<p>La llave hexagonal para embrague de abridor de portones Bl\u00fctezeit DC est\u00e1 dise\u00f1ada para proporcionar un acceso manual r\u00e1pido y fiable cuando el funcionamiento autom\u00e1tico no est\u00e1 disponible. Esta resistente llave hexagonal permite desacoplar f\u00e1cilmente el embrague del motor, lo que permite una apertura y cierre manual y suave del port\u00f3n durante cortes de electricidad, mantenimiento o servicio del sistema.<\/p>\n<ul class=\"a-unordered-list a-vertical a-spacing-mini\">\n<li class=\"a-spacing-mini\"><span class=\"a-list-item\">\ud83d\udd11 Paquete de 2 llaves de liberaci\u00f3n del embrague: Incluye dos llaves de liberaci\u00f3n para facilitar el acceso y el manejo manual de los abridores de portones corredizos Bl\u00fctezeit serie ME-GO-600. Ideal para tener una de repuesto.<\/span><\/li>\n<li class=\"a-spacing-mini\"><span class=\"a-list-item\">Llave hexagonal y llave Allen incluidas: proporciona las herramientas de llave hexagonal y Allen necesarias para un desacoplamiento suave del mecanismo del embrague, lo que hace que el mantenimiento y la liberaci\u00f3n de emergencia sean r\u00e1pidos y sin esfuerzo.<\/span><\/li>\n<li class=\"a-spacing-mini\"><span class=\"a-list-item\">\u26a1 Compatible solo con motores de CC: dise\u00f1ado espec\u00edficamente para abridores de puertas corredizas con motor de CC de la serie Bl\u00fctezeit ME-GO-600, lo que garantiza un ajuste preciso y un funcionamiento confiable sin modificaciones.<\/span><\/li>\n<li class=\"a-spacing-mini\"><span class=\"a-list-item\">Construcci\u00f3n de metal duradera: hecha de metal de alta resistencia para resistir la flexi\u00f3n, el desgaste y la corrosi\u00f3n, lo que garantiza un rendimiento duradero para uso frecuente en entornos residenciales o comerciales ligeros.<\/span><\/li>\n<li class=\"a-spacing-mini\"><span class=\"a-list-item\">F\u00e1cil de usar en emergencias y mantenimiento: perfecto para cortes de energ\u00eda, mantenimiento del sistema o uso manual cuando sea necesario. Compacto, port\u00e1til y pr\u00e1ctico para propietarios o administradores de propiedades.<\/span><\/li>\n<\/ul>","protected":false},"excerpt":{"rendered":"<p>Juego de 2 llaves Allen\/hexagonales para abridores de puertas corredizas Bl\u00fctezeit ME-GO-600 DC<\/p>","protected":false},"featured_media":1620,"comment_status":"open","ping_status":"closed","template":"","meta":[],"product_brand":[33],"product_cat":[22,32],"product_tag":[],"class_list":{"0":"post-1626","1":"product","2":"type-product","3":"status-publish","4":"has-post-thumbnail","6":"product_brand-blutezeit","7":"product_cat-accessories","8":"product_cat-spare-parts","10":"first","11":"instock","12":"shipping-taxable","13":"purchasable","14":"product-type-simple"},"yoast_head":"<!-- This site is optimized with the Yoast SEO plugin v26.4 - https:\/\/yoast.com\/wordpress\/plugins\/seo\/ -->\n<title>Clutch Keys for ME-GO-600 (DC) - Bl\u00fctezeit<\/title>\n<meta name=\"robots\" content=\"index, follow, max-snippet:-1, max-image-preview:large, max-video-preview:-1\" \/>\n<link rel=\"canonical\" href=\"https:\/\/www.blutezeit.com\/es\/producto\/mky20-clutch-keys-dc-motor-me-go-600\/\" \/>\n<meta property=\"og:locale\" content=\"es_ES\" \/>\n<meta property=\"og:type\" content=\"article\" \/>\n<meta property=\"og:title\" content=\"Clutch Keys for ME-GO-600 (DC) - Bl\u00fctezeit\" \/>\n<meta property=\"og:description\" content=\"2-pack hex\/Allen clutch keys for Bl\u00fctezeit ME-GO-600 DC sliding gate openers\" \/>\n<meta property=\"og:url\" content=\"https:\/\/www.blutezeit.com\/es\/producto\/mky20-clutch-keys-dc-motor-me-go-600\/\" \/>\n<meta property=\"og:site_name\" content=\"Bl\u00fctezeit\" \/>\n<meta property=\"article:modified_time\" content=\"2026-03-09T09:01:46+00:00\" \/>\n<meta property=\"og:image\" content=\"http:\/\/www.blutezeit.com\/wp-content\/uploads\/2026\/01\/DC-Sliding-Gate-Opener-Manual-Clutch-Keys-1-scaled.jpg\" \/>\n\t<meta property=\"og:image:width\" content=\"2560\" \/>\n\t<meta property=\"og:image:height\" content=\"2560\" \/>\n\t<meta property=\"og:image:type\" content=\"image\/jpeg\" \/>\n<meta name=\"twitter:card\" content=\"summary_large_image\" \/>\n<meta name=\"twitter:label1\" content=\"Tiempo de lectura\" \/>\n\t<meta name=\"twitter:data1\" content=\"2 minutos\" \/>\n<script type=\"application\/ld+json\" class=\"yoast-schema-graph\">{\"@context\":\"https:\/\/schema.org\",\"@graph\":[{\"@type\":\"WebPage\",\"@id\":\"https:\/\/www.blutezeit.com\/product\/mky20-clutch-keys-dc-motor-me-go-600\/\",\"url\":\"https:\/\/www.blutezeit.com\/product\/mky20-clutch-keys-dc-motor-me-go-600\/\",\"name\":\"Clutch Keys for ME-GO-600 (DC) - Bl\u00fctezeit\",\"isPartOf\":{\"@id\":\"https:\/\/www.blutezeit.com\/pt\/#website\"},\"primaryImageOfPage\":{\"@id\":\"https:\/\/www.blutezeit.com\/product\/mky20-clutch-keys-dc-motor-me-go-600\/#primaryimage\"},\"image\":{\"@id\":\"https:\/\/www.blutezeit.com\/product\/mky20-clutch-keys-dc-motor-me-go-600\/#primaryimage\"},\"thumbnailUrl\":\"https:\/\/www.blutezeit.com\/wp-content\/uploads\/2026\/01\/DC-Sliding-Gate-Opener-Manual-Clutch-Keys-1-scaled.jpg\",\"datePublished\":\"2026-01-19T10:24:13+00:00\",\"dateModified\":\"2026-03-09T09:01:46+00:00\",\"breadcrumb\":{\"@id\":\"https:\/\/www.blutezeit.com\/product\/mky20-clutch-keys-dc-motor-me-go-600\/#breadcrumb\"},\"inLanguage\":\"es\",\"potentialAction\":[{\"@type\":\"ReadAction\",\"target\":[\"https:\/\/www.blutezeit.com\/product\/mky20-clutch-keys-dc-motor-me-go-600\/\"]}]},{\"@type\":\"ImageObject\",\"inLanguage\":\"es\",\"@id\":\"https:\/\/www.blutezeit.com\/product\/mky20-clutch-keys-dc-motor-me-go-600\/#primaryimage\",\"url\":\"https:\/\/www.blutezeit.com\/wp-content\/uploads\/2026\/01\/DC-Sliding-Gate-Opener-Manual-Clutch-Keys-1-scaled.jpg\",\"contentUrl\":\"https:\/\/www.blutezeit.com\/wp-content\/uploads\/2026\/01\/DC-Sliding-Gate-Opener-Manual-Clutch-Keys-1-scaled.jpg\",\"width\":2560,\"height\":2560},{\"@type\":\"BreadcrumbList\",\"@id\":\"https:\/\/www.blutezeit.com\/product\/mky20-clutch-keys-dc-motor-me-go-600\/#breadcrumb\",\"itemListElement\":[{\"@type\":\"ListItem\",\"position\":1,\"name\":\"\u9996\u9875\",\"item\":\"https:\/\/www.blutezeit.com\/pt\/\"},{\"@type\":\"ListItem\",\"position\":2,\"name\":\"Product\",\"item\":\"https:\/\/www.blutezeit.com\/pt\/shop\/\"},{\"@type\":\"ListItem\",\"position\":3,\"name\":\"Clutch Keys for ME-GO-600 (DC)\"}]},{\"@type\":\"WebSite\",\"@id\":\"https:\/\/www.blutezeit.com\/pt\/#website\",\"url\":\"https:\/\/www.blutezeit.com\/pt\/\",\"name\":\"Bl\u00fctezeit\",\"description\":\"Smart &amp; Solar Gate Opener Systems\",\"potentialAction\":[{\"@type\":\"SearchAction\",\"target\":{\"@type\":\"EntryPoint\",\"urlTemplate\":\"https:\/\/www.blutezeit.com\/pt\/?s={search_term_string}\"},\"query-input\":{\"@type\":\"PropertyValueSpecification\",\"valueRequired\":true,\"valueName\":\"search_term_string\"}}],\"inLanguage\":\"es\"}]}<\/script>\n<!-- \/ Yoast SEO plugin. -->","yoast_head_json":{"title":"Clutch Keys for ME-GO-600 (DC) - Bl\u00fctezeit","robots":{"index":"index","follow":"follow","max-snippet":"max-snippet:-1","max-image-preview":"max-image-preview:large","max-video-preview":"max-video-preview:-1"},"canonical":"https:\/\/www.blutezeit.com\/es\/producto\/mky20-clutch-keys-dc-motor-me-go-600\/","og_locale":"es_ES","og_type":"article","og_title":"Clutch Keys for ME-GO-600 (DC) - Bl\u00fctezeit","og_description":"2-pack hex\/Allen clutch keys for Bl\u00fctezeit ME-GO-600 DC sliding gate openers","og_url":"https:\/\/www.blutezeit.com\/es\/producto\/mky20-clutch-keys-dc-motor-me-go-600\/","og_site_name":"Bl\u00fctezeit","article_modified_time":"2026-03-09T09:01:46+00:00","og_image":[{"width":2560,"height":2560,"url":"http:\/\/www.blutezeit.com\/wp-content\/uploads\/2026\/01\/DC-Sliding-Gate-Opener-Manual-Clutch-Keys-1-scaled.jpg","type":"image\/jpeg"}],"twitter_card":"summary_large_image","twitter_misc":{"Tiempo de lectura":"2 minutos"},"schema":{"@context":"https:\/\/schema.org","@graph":[{"@type":"WebPage","@id":"https:\/\/www.blutezeit.com\/product\/mky20-clutch-keys-dc-motor-me-go-600\/","url":"https:\/\/www.blutezeit.com\/product\/mky20-clutch-keys-dc-motor-me-go-600\/","name":"Clutch Keys for ME-GO-600 (DC) - Bl\u00fctezeit","isPartOf":{"@id":"https:\/\/www.blutezeit.com\/pt\/#website"},"primaryImageOfPage":{"@id":"https:\/\/www.blutezeit.com\/product\/mky20-clutch-keys-dc-motor-me-go-600\/#primaryimage"},"image":{"@id":"https:\/\/www.blutezeit.com\/product\/mky20-clutch-keys-dc-motor-me-go-600\/#primaryimage"},"thumbnailUrl":"https:\/\/www.blutezeit.com\/wp-content\/uploads\/2026\/01\/DC-Sliding-Gate-Opener-Manual-Clutch-Keys-1-scaled.jpg","datePublished":"2026-01-19T10:24:13+00:00","dateModified":"2026-03-09T09:01:46+00:00","breadcrumb":{"@id":"https:\/\/www.blutezeit.com\/product\/mky20-clutch-keys-dc-motor-me-go-600\/#breadcrumb"},"inLanguage":"es","potentialAction":[{"@type":"ReadAction","target":["https:\/\/www.blutezeit.com\/product\/mky20-clutch-keys-dc-motor-me-go-600\/"]}]},{"@type":"ImageObject","inLanguage":"es","@id":"https:\/\/www.blutezeit.com\/product\/mky20-clutch-keys-dc-motor-me-go-600\/#primaryimage","url":"https:\/\/www.blutezeit.com\/wp-content\/uploads\/2026\/01\/DC-Sliding-Gate-Opener-Manual-Clutch-Keys-1-scaled.jpg","contentUrl":"https:\/\/www.blutezeit.com\/wp-content\/uploads\/2026\/01\/DC-Sliding-Gate-Opener-Manual-Clutch-Keys-1-scaled.jpg","width":2560,"height":2560},{"@type":"BreadcrumbList","@id":"https:\/\/www.blutezeit.com\/product\/mky20-clutch-keys-dc-motor-me-go-600\/#breadcrumb","itemListElement":[{"@type":"ListItem","position":1,"name":"\u9996\u9875","item":"https:\/\/www.blutezeit.com\/pt\/"},{"@type":"ListItem","position":2,"name":"Product","item":"https:\/\/www.blutezeit.com\/pt\/shop\/"},{"@type":"ListItem","position":3,"name":"Clutch Keys for ME-GO-600 (DC)"}]},{"@type":"WebSite","@id":"https:\/\/www.blutezeit.com\/pt\/#website","url":"https:\/\/www.blutezeit.com\/pt\/","name":"Tiempo de floraci\u00f3n","description":"Sistemas de apertura de puertas inteligentes y solares","potentialAction":[{"@type":"SearchAction","target":{"@type":"EntryPoint","urlTemplate":"https:\/\/www.blutezeit.com\/pt\/?s={search_term_string}"},"query-input":{"@type":"PropertyValueSpecification","valueRequired":true,"valueName":"search_term_string"}}],"inLanguage":"es"}]}},"_links":{"self":[{"href":"https:\/\/www.blutezeit.com\/es\/wp-json\/wp\/v2\/product\/1626","targetHints":{"allow":["GET"]}}],"collection":[{"href":"https:\/\/www.blutezeit.com\/es\/wp-json\/wp\/v2\/product"}],"about":[{"href":"https:\/\/www.blutezeit.com\/es\/wp-json\/wp\/v2\/types\/product"}],"replies":[{"embeddable":true,"href":"https:\/\/www.blutezeit.com\/es\/wp-json\/wp\/v2\/comments?post=1626"}],"wp:featuredmedia":[{"embeddable":true,"href":"https:\/\/www.blutezeit.com\/es\/wp-json\/wp\/v2\/media\/1620"}],"wp:attachment":[{"href":"https:\/\/www.blutezeit.com\/es\/wp-json\/wp\/v2\/media?parent=1626"}],"wp:term":[{"taxonomy":"product_brand","embeddable":true,"href":"https:\/\/www.blutezeit.com\/es\/wp-json\/wp\/v2\/product_brand?post=1626"},{"taxonomy":"product_cat","embeddable":true,"href":"https:\/\/www.blutezeit.com\/es\/wp-json\/wp\/v2\/product_cat?post=1626"},{"taxonomy":"product_tag","embeddable":true,"href":"https:\/\/www.blutezeit.com\/es\/wp-json\/wp\/v2\/product_tag?post=1626"}],"curies":[{"name":"wp","href":"https:\/\/api.w.org\/{rel}","templated":true}]}}