{"id":1546,"date":"2026-01-06T09:22:00","date_gmt":"2026-01-06T09:22:00","guid":{"rendered":"https:\/\/www.blutezeit.com\/?post_type=product&#038;p=1546"},"modified":"2026-01-07T10:54:49","modified_gmt":"2026-01-07T10:54:49","slug":"mcs17l-solar-panel-extension-cord-17ft-ms-swing-gate-opener","status":"publish","type":"product","link":"https:\/\/www.blutezeit.com\/es\/producto\/mcs17l-solar-panel-extension-cord-17ft-ms-swing-gate-opener\/","title":{"rendered":"Cable de extensi\u00f3n para panel solar de 5,2 m (17 pies) para abridores de puertas batientes ME-MS"},"content":{"rendered":"<h4><strong><span class=\"a-text-bold\">Kit de extensi\u00f3n solar Bl\u00fctezeit: abridor de portones batientes ME-MS con conectores impermeables<\/span><\/strong><\/h4>\n<p><strong><span class=\"a-text-bold\">Objetivo<\/span><\/strong><br \/>\nDise\u00f1ado espec\u00edficamente para el motor de apertura de port\u00f3n batiente ME-MS, este kit de extensi\u00f3n incluye un cable de extensi\u00f3n de CC de 5,2 m con conectores impermeables (hembra a macho). Permite una colocaci\u00f3n flexible de paneles solares al ampliar la distancia de conexi\u00f3n, lo que garantiza la m\u00e1xima exposici\u00f3n a la luz solar y una mayor eficiencia de carga.<\/p>\n<p><strong><span class=\"a-text-bold\">Transmisi\u00f3n de potencia confiable<\/span><\/strong><br \/>\nEl cableado de cobre puro y los conectores de alta calidad garantizan una transferencia de energ\u00eda estable y eficiente. El kit se integra a la perfecci\u00f3n con los controladores solares para mantener un rendimiento constante en su sistema de apertura de portones con energ\u00eda solar.<\/p>\n<p><strong><span class=\"a-text-bold\">Resistente a la intemperie y duradero<\/span><\/strong><br \/>\nDise\u00f1ado para uso en exteriores a largo plazo, el cable de extensi\u00f3n soporta condiciones clim\u00e1ticas adversas y al mismo tiempo mantiene una conectividad confiable y un funcionamiento seguro.<\/p>\n<p><strong><span class=\"a-text-bold\">Longitud conveniente<\/span><\/strong><br \/>\nLa longitud del cable de 17 pies (5,2 m) ofrece una mayor flexibilidad para la ubicaci\u00f3n de los paneles solares, lo que reduce los l\u00edmites de instalaci\u00f3n y mejora la eficiencia energ\u00e9tica general.<\/p>\n<p><strong><span class=\"a-text-bold\">\u2705 Especificaciones<\/span><\/strong><\/p>\n<ul class=\"a-unordered-list a-vertical\">\n<li><span class=\"a-list-item\"><span class=\"a-text-bold\">Compatibilidad:<\/span>\u00a0Abridor de puerta batiente ME-MS<\/span><\/li>\n<li><span class=\"a-list-item\"><span class=\"a-text-bold\">Longitud del cable:<\/span>\u00a017 pies (5,2 metros)<\/span><\/li>\n<li><span class=\"a-list-item\"><span class=\"a-text-bold\">Tipo de conector:<\/span>\u00a01 enchufe de CC hembra a 1 macho (5,5 mm \u00d7 2,1 mm) con protecci\u00f3n impermeable<\/span><\/li>\n<li><span class=\"a-list-item\"><span class=\"a-text-bold\">Material:<\/span>\u00a0Cableado de cobre puro para alta conductividad.<\/span><\/li>\n<li><span class=\"a-list-item\"><span class=\"a-text-bold\">Resistencia a la intemperie:<\/span>\u00a0Impermeable y duradero para uso en exteriores.<\/span><\/li>\n<li><span class=\"a-list-item\"><span class=\"a-text-bold\">Funcionalidad:<\/span>\u00a0Extiende el cableado del panel solar para una ubicaci\u00f3n \u00f3ptima y una carga eficiente.<\/span><\/li>\n<\/ul>","protected":false},"excerpt":{"rendered":"<p>Cable de extensi\u00f3n de enlace de CC de 17 pies con conectores impermeables para sistemas de apertura de portones batientes ME-MS<\/p>","protected":false},"featured_media":1551,"comment_status":"open","ping_status":"closed","template":"","meta":[],"product_brand":[33],"product_cat":[80,22],"product_tag":[],"class_list":{"0":"post-1546","1":"product","2":"type-product","3":"status-publish","4":"has-post-thumbnail","6":"product_brand-blutezeit","7":"product_cat-solar-power-supply","8":"product_cat-accessories","10":"first","11":"instock","12":"shipping-taxable","13":"purchasable","14":"product-type-simple"},"yoast_head":"<!-- This site is optimized with the Yoast SEO plugin v26.4 - https:\/\/yoast.com\/wordpress\/plugins\/seo\/ -->\n<title>Solar Panel Extension Cord 17ft for ME-MS Swing Gate Openers - Bl\u00fctezeit<\/title>\n<meta name=\"robots\" content=\"index, follow, max-snippet:-1, max-image-preview:large, max-video-preview:-1\" \/>\n<link rel=\"canonical\" href=\"https:\/\/www.blutezeit.com\/es\/producto\/mcs17l-solar-panel-extension-cord-17ft-ms-swing-gate-opener\/\" \/>\n<meta property=\"og:locale\" content=\"es_ES\" \/>\n<meta property=\"og:type\" content=\"article\" \/>\n<meta property=\"og:title\" content=\"Solar Panel Extension Cord 17ft for ME-MS Swing Gate Openers - Bl\u00fctezeit\" \/>\n<meta property=\"og:description\" content=\"17ft DC link extension cable with waterproof connectors for ME-MS swing gate opener systems\" \/>\n<meta property=\"og:url\" content=\"https:\/\/www.blutezeit.com\/es\/producto\/mcs17l-solar-panel-extension-cord-17ft-ms-swing-gate-opener\/\" \/>\n<meta property=\"og:site_name\" content=\"Bl\u00fctezeit\" \/>\n<meta property=\"article:modified_time\" content=\"2026-01-07T10:54:49+00:00\" \/>\n<meta property=\"og:image\" content=\"http:\/\/www.blutezeit.com\/wp-content\/uploads\/2026\/01\/Extension-Cable-for-MS-Swing-Gate-Opener-Solar-Panel-1-scaled.jpg\" \/>\n\t<meta property=\"og:image:width\" content=\"2560\" \/>\n\t<meta property=\"og:image:height\" content=\"2560\" \/>\n\t<meta property=\"og:image:type\" content=\"image\/jpeg\" \/>\n<meta name=\"twitter:card\" content=\"summary_large_image\" \/>\n<meta name=\"twitter:label1\" content=\"Tiempo de lectura\" \/>\n\t<meta name=\"twitter:data1\" content=\"1 minuto\" \/>\n<script type=\"application\/ld+json\" class=\"yoast-schema-graph\">{\"@context\":\"https:\/\/schema.org\",\"@graph\":[{\"@type\":\"WebPage\",\"@id\":\"https:\/\/www.blutezeit.com\/product\/mcs17l-solar-panel-extension-cord-17ft-ms-swing-gate-opener\/\",\"url\":\"https:\/\/www.blutezeit.com\/product\/mcs17l-solar-panel-extension-cord-17ft-ms-swing-gate-opener\/\",\"name\":\"Solar Panel Extension Cord 17ft for ME-MS Swing Gate Openers - Bl\u00fctezeit\",\"isPartOf\":{\"@id\":\"https:\/\/www.blutezeit.com\/pt\/#website\"},\"primaryImageOfPage\":{\"@id\":\"https:\/\/www.blutezeit.com\/product\/mcs17l-solar-panel-extension-cord-17ft-ms-swing-gate-opener\/#primaryimage\"},\"image\":{\"@id\":\"https:\/\/www.blutezeit.com\/product\/mcs17l-solar-panel-extension-cord-17ft-ms-swing-gate-opener\/#primaryimage\"},\"thumbnailUrl\":\"https:\/\/www.blutezeit.com\/wp-content\/uploads\/2026\/01\/Extension-Cable-for-MS-Swing-Gate-Opener-Solar-Panel-1-scaled.jpg\",\"datePublished\":\"2026-01-06T09:22:00+00:00\",\"dateModified\":\"2026-01-07T10:54:49+00:00\",\"breadcrumb\":{\"@id\":\"https:\/\/www.blutezeit.com\/product\/mcs17l-solar-panel-extension-cord-17ft-ms-swing-gate-opener\/#breadcrumb\"},\"inLanguage\":\"es\",\"potentialAction\":[{\"@type\":\"ReadAction\",\"target\":[\"https:\/\/www.blutezeit.com\/product\/mcs17l-solar-panel-extension-cord-17ft-ms-swing-gate-opener\/\"]}]},{\"@type\":\"ImageObject\",\"inLanguage\":\"es\",\"@id\":\"https:\/\/www.blutezeit.com\/product\/mcs17l-solar-panel-extension-cord-17ft-ms-swing-gate-opener\/#primaryimage\",\"url\":\"https:\/\/www.blutezeit.com\/wp-content\/uploads\/2026\/01\/Extension-Cable-for-MS-Swing-Gate-Opener-Solar-Panel-1-scaled.jpg\",\"contentUrl\":\"https:\/\/www.blutezeit.com\/wp-content\/uploads\/2026\/01\/Extension-Cable-for-MS-Swing-Gate-Opener-Solar-Panel-1-scaled.jpg\",\"width\":2560,\"height\":2560},{\"@type\":\"BreadcrumbList\",\"@id\":\"https:\/\/www.blutezeit.com\/product\/mcs17l-solar-panel-extension-cord-17ft-ms-swing-gate-opener\/#breadcrumb\",\"itemListElement\":[{\"@type\":\"ListItem\",\"position\":1,\"name\":\"\u9996\u9875\",\"item\":\"https:\/\/www.blutezeit.com\/pt\/\"},{\"@type\":\"ListItem\",\"position\":2,\"name\":\"Product\",\"item\":\"https:\/\/www.blutezeit.com\/pt\/shop\/\"},{\"@type\":\"ListItem\",\"position\":3,\"name\":\"Solar Panel Extension Cord 17ft for ME-MS Swing Gate Openers\"}]},{\"@type\":\"WebSite\",\"@id\":\"https:\/\/www.blutezeit.com\/pt\/#website\",\"url\":\"https:\/\/www.blutezeit.com\/pt\/\",\"name\":\"Bl\u00fctezeit\",\"description\":\"Smart &amp; Solar Gate Opener Systems\",\"potentialAction\":[{\"@type\":\"SearchAction\",\"target\":{\"@type\":\"EntryPoint\",\"urlTemplate\":\"https:\/\/www.blutezeit.com\/pt\/?s={search_term_string}\"},\"query-input\":{\"@type\":\"PropertyValueSpecification\",\"valueRequired\":true,\"valueName\":\"search_term_string\"}}],\"inLanguage\":\"es\"}]}<\/script>\n<!-- \/ Yoast SEO plugin. -->","yoast_head_json":{"title":"Solar Panel Extension Cord 17ft for ME-MS Swing Gate Openers - Bl\u00fctezeit","robots":{"index":"index","follow":"follow","max-snippet":"max-snippet:-1","max-image-preview":"max-image-preview:large","max-video-preview":"max-video-preview:-1"},"canonical":"https:\/\/www.blutezeit.com\/es\/producto\/mcs17l-solar-panel-extension-cord-17ft-ms-swing-gate-opener\/","og_locale":"es_ES","og_type":"article","og_title":"Solar Panel Extension Cord 17ft for ME-MS Swing Gate Openers - Bl\u00fctezeit","og_description":"17ft DC link extension cable with waterproof connectors for ME-MS swing gate opener systems","og_url":"https:\/\/www.blutezeit.com\/es\/producto\/mcs17l-solar-panel-extension-cord-17ft-ms-swing-gate-opener\/","og_site_name":"Bl\u00fctezeit","article_modified_time":"2026-01-07T10:54:49+00:00","og_image":[{"width":2560,"height":2560,"url":"http:\/\/www.blutezeit.com\/wp-content\/uploads\/2026\/01\/Extension-Cable-for-MS-Swing-Gate-Opener-Solar-Panel-1-scaled.jpg","type":"image\/jpeg"}],"twitter_card":"summary_large_image","twitter_misc":{"Tiempo de lectura":"1 minuto"},"schema":{"@context":"https:\/\/schema.org","@graph":[{"@type":"WebPage","@id":"https:\/\/www.blutezeit.com\/product\/mcs17l-solar-panel-extension-cord-17ft-ms-swing-gate-opener\/","url":"https:\/\/www.blutezeit.com\/product\/mcs17l-solar-panel-extension-cord-17ft-ms-swing-gate-opener\/","name":"Solar Panel Extension Cord 17ft for ME-MS Swing Gate Openers - Bl\u00fctezeit","isPartOf":{"@id":"https:\/\/www.blutezeit.com\/pt\/#website"},"primaryImageOfPage":{"@id":"https:\/\/www.blutezeit.com\/product\/mcs17l-solar-panel-extension-cord-17ft-ms-swing-gate-opener\/#primaryimage"},"image":{"@id":"https:\/\/www.blutezeit.com\/product\/mcs17l-solar-panel-extension-cord-17ft-ms-swing-gate-opener\/#primaryimage"},"thumbnailUrl":"https:\/\/www.blutezeit.com\/wp-content\/uploads\/2026\/01\/Extension-Cable-for-MS-Swing-Gate-Opener-Solar-Panel-1-scaled.jpg","datePublished":"2026-01-06T09:22:00+00:00","dateModified":"2026-01-07T10:54:49+00:00","breadcrumb":{"@id":"https:\/\/www.blutezeit.com\/product\/mcs17l-solar-panel-extension-cord-17ft-ms-swing-gate-opener\/#breadcrumb"},"inLanguage":"es","potentialAction":[{"@type":"ReadAction","target":["https:\/\/www.blutezeit.com\/product\/mcs17l-solar-panel-extension-cord-17ft-ms-swing-gate-opener\/"]}]},{"@type":"ImageObject","inLanguage":"es","@id":"https:\/\/www.blutezeit.com\/product\/mcs17l-solar-panel-extension-cord-17ft-ms-swing-gate-opener\/#primaryimage","url":"https:\/\/www.blutezeit.com\/wp-content\/uploads\/2026\/01\/Extension-Cable-for-MS-Swing-Gate-Opener-Solar-Panel-1-scaled.jpg","contentUrl":"https:\/\/www.blutezeit.com\/wp-content\/uploads\/2026\/01\/Extension-Cable-for-MS-Swing-Gate-Opener-Solar-Panel-1-scaled.jpg","width":2560,"height":2560},{"@type":"BreadcrumbList","@id":"https:\/\/www.blutezeit.com\/product\/mcs17l-solar-panel-extension-cord-17ft-ms-swing-gate-opener\/#breadcrumb","itemListElement":[{"@type":"ListItem","position":1,"name":"\u9996\u9875","item":"https:\/\/www.blutezeit.com\/pt\/"},{"@type":"ListItem","position":2,"name":"Product","item":"https:\/\/www.blutezeit.com\/pt\/shop\/"},{"@type":"ListItem","position":3,"name":"Solar Panel Extension Cord 17ft for ME-MS Swing Gate Openers"}]},{"@type":"WebSite","@id":"https:\/\/www.blutezeit.com\/pt\/#website","url":"https:\/\/www.blutezeit.com\/pt\/","name":"Tiempo de floraci\u00f3n","description":"Sistemas de apertura de puertas inteligentes y solares","potentialAction":[{"@type":"SearchAction","target":{"@type":"EntryPoint","urlTemplate":"https:\/\/www.blutezeit.com\/pt\/?s={search_term_string}"},"query-input":{"@type":"PropertyValueSpecification","valueRequired":true,"valueName":"search_term_string"}}],"inLanguage":"es"}]}},"_links":{"self":[{"href":"https:\/\/www.blutezeit.com\/es\/wp-json\/wp\/v2\/product\/1546","targetHints":{"allow":["GET"]}}],"collection":[{"href":"https:\/\/www.blutezeit.com\/es\/wp-json\/wp\/v2\/product"}],"about":[{"href":"https:\/\/www.blutezeit.com\/es\/wp-json\/wp\/v2\/types\/product"}],"replies":[{"embeddable":true,"href":"https:\/\/www.blutezeit.com\/es\/wp-json\/wp\/v2\/comments?post=1546"}],"wp:featuredmedia":[{"embeddable":true,"href":"https:\/\/www.blutezeit.com\/es\/wp-json\/wp\/v2\/media\/1551"}],"wp:attachment":[{"href":"https:\/\/www.blutezeit.com\/es\/wp-json\/wp\/v2\/media?parent=1546"}],"wp:term":[{"taxonomy":"product_brand","embeddable":true,"href":"https:\/\/www.blutezeit.com\/es\/wp-json\/wp\/v2\/product_brand?post=1546"},{"taxonomy":"product_cat","embeddable":true,"href":"https:\/\/www.blutezeit.com\/es\/wp-json\/wp\/v2\/product_cat?post=1546"},{"taxonomy":"product_tag","embeddable":true,"href":"https:\/\/www.blutezeit.com\/es\/wp-json\/wp\/v2\/product_tag?post=1546"}],"curies":[{"name":"wp","href":"https:\/\/api.w.org\/{rel}","templated":true}]}}