{"id":586,"date":"2025-07-21T15:38:58","date_gmt":"2025-07-21T15:38:58","guid":{"rendered":"https:\/\/www.blutezeit.com\/?post_type=product&#038;p=586"},"modified":"2026-03-09T09:07:56","modified_gmt":"2026-03-09T09:07:56","slug":"mbd60-battery-level-display-dc24v-gate-opener","status":"publish","type":"product","link":"https:\/\/www.blutezeit.com\/de\/produkt\/mbd60-battery-level-display-dc24v-gate-opener\/","title":{"rendered":"Akkuladestandsanzeige"},"content":{"rendered":"<h2><span class=\"a-text-bold\">Bl\u00fctezeit Batteriestandsanzeige Meter f\u00fcr ME-GO-600 DC Solar Tor\u00f6ffner<\/span><\/h2>\n<h6><span class=\"a-text-bold\">\ud83d\udcca Echtzeit-Batterie\u00fcberwachung<\/span><br \/>\nVerf\u00fcgt \u00fcber einen \u00fcbersichtlichen LCD-Bildschirm, der die Batteriespannung und den verbleibenden Ladezustand in Prozent anzeigt, sodass Sie den Ladezustand auf einen Blick \u00fcberwachen k\u00f6nnen.<\/h6>\n<p><span class=\"a-text-bold\">\ud83d\udca7 IP65 Wasserdichtes Design<\/span><br \/>\nDas Messger\u00e4t ist robust f\u00fcr den Einsatz im Freien konstruiert und kann mit einer wasserdichten T\u00fclle zur Kabelf\u00fchrung au\u00dferhalb des Geh\u00e4uses des Tor\u00f6ffners installiert werden. Dadurch ist eine bequeme Batteriepr\u00fcfung m\u00f6glich, ohne das Ger\u00e4t \u00f6ffnen zu m\u00fcssen.<\/p>\n<p><span class=\"a-text-bold\">\u26a1 Einfache Installation<\/span><br \/>\nZur schnellen Einrichtung schlie\u00dfen Sie einfach die roten und schwarzen Kabel an die Batterieklemmen auf der Platine des ME-GO-600-Tor\u00f6ffners an.<\/p>\n<p><span class=\"a-text-bold\">\u26a0\ufe0f Benutzerhinweise<\/span><br \/>\nSchalten Sie das Messger\u00e4t ausschlie\u00dflich mit der Ein-\/Aus-Taste unter dem Display ein. Vermeiden Sie das Dr\u00fccken der \u201eSET\u201c-Taste, um die Werkseinstellungen nicht zu ver\u00e4ndern.<\/p>\n<p><span class=\"a-text-bold\">\ud83d\udca1 Energiespartipp<\/span><br \/>\nWenn Sie die WLAN-Steuerung nicht verwenden, wird empfohlen, das WLAN-Modul manuell von der Leiterplatte zu entfernen, um Batteriestrom zu sparen.<\/p>\n<p>Diese Batteriestandsanzeige ist ein unverzichtbares Zubeh\u00f6r, um den Ladezustand Ihres Tor\u00f6ffners im Auge zu behalten und ein rechtzeitiges Aufladen f\u00fcr einen unterbrechungsfreien Betrieb sicherzustellen.<\/p>","protected":false},"excerpt":{"rendered":"<p>Wasserdichte DC24V-Batteriestandsanzeige f\u00fcr ME-GO-600 Solar-Schiebetor\u00f6ffner-Systeme<\/p>","protected":false},"featured_media":1577,"comment_status":"open","ping_status":"closed","template":"","meta":[],"product_brand":[33],"product_cat":[80,22],"product_tag":[],"class_list":{"0":"post-586","1":"product","2":"type-product","3":"status-publish","4":"has-post-thumbnail","6":"product_brand-blutezeit","7":"product_cat-solar-power-supply","8":"product_cat-accessories","10":"first","11":"instock","12":"shipping-taxable","13":"purchasable","14":"product-type-simple"},"yoast_head":"<!-- This site is optimized with the Yoast SEO plugin v26.4 - https:\/\/yoast.com\/wordpress\/plugins\/seo\/ -->\n<title>Battery Level Display - Bl\u00fctezeit<\/title>\n<meta name=\"robots\" content=\"index, follow, max-snippet:-1, max-image-preview:large, max-video-preview:-1\" \/>\n<link rel=\"canonical\" href=\"https:\/\/www.blutezeit.com\/de\/produkt\/mbd60-battery-level-display-dc24v-gate-opener\/\" \/>\n<meta property=\"og:locale\" content=\"de_DE\" \/>\n<meta property=\"og:type\" content=\"article\" \/>\n<meta property=\"og:title\" content=\"Battery Level Display - Bl\u00fctezeit\" \/>\n<meta property=\"og:description\" content=\"Waterproof DC24V battery level display for ME-GO-600 solar sliding gate opener systems\" \/>\n<meta property=\"og:url\" content=\"https:\/\/www.blutezeit.com\/de\/produkt\/mbd60-battery-level-display-dc24v-gate-opener\/\" \/>\n<meta property=\"og:site_name\" content=\"Bl\u00fctezeit\" \/>\n<meta property=\"article:modified_time\" content=\"2026-03-09T09:07:56+00:00\" \/>\n<meta property=\"og:image\" content=\"http:\/\/www.blutezeit.com\/wp-content\/uploads\/2025\/07\/Battery-Display-for-Solar-Gate-Openers-1-1.jpg\" \/>\n\t<meta property=\"og:image:width\" content=\"1600\" \/>\n\t<meta property=\"og:image:height\" content=\"1600\" \/>\n\t<meta property=\"og:image:type\" content=\"image\/jpeg\" \/>\n<meta name=\"twitter:card\" content=\"summary_large_image\" \/>\n<meta name=\"twitter:label1\" content=\"Gesch\u00e4tzte Lesezeit\" \/>\n\t<meta name=\"twitter:data1\" content=\"1\u00a0Minute\" \/>\n<script type=\"application\/ld+json\" class=\"yoast-schema-graph\">{\"@context\":\"https:\/\/schema.org\",\"@graph\":[{\"@type\":\"WebPage\",\"@id\":\"https:\/\/www.blutezeit.com\/product\/mbd60-battery-level-display-dc24v-gate-opener\/\",\"url\":\"https:\/\/www.blutezeit.com\/product\/mbd60-battery-level-display-dc24v-gate-opener\/\",\"name\":\"Battery Level Display - Bl\u00fctezeit\",\"isPartOf\":{\"@id\":\"https:\/\/www.blutezeit.com\/pt\/#website\"},\"primaryImageOfPage\":{\"@id\":\"https:\/\/www.blutezeit.com\/product\/mbd60-battery-level-display-dc24v-gate-opener\/#primaryimage\"},\"image\":{\"@id\":\"https:\/\/www.blutezeit.com\/product\/mbd60-battery-level-display-dc24v-gate-opener\/#primaryimage\"},\"thumbnailUrl\":\"https:\/\/www.blutezeit.com\/wp-content\/uploads\/2025\/07\/Battery-Display-for-Solar-Gate-Openers-1-1.jpg\",\"datePublished\":\"2025-07-21T15:38:58+00:00\",\"dateModified\":\"2026-03-09T09:07:56+00:00\",\"breadcrumb\":{\"@id\":\"https:\/\/www.blutezeit.com\/product\/mbd60-battery-level-display-dc24v-gate-opener\/#breadcrumb\"},\"inLanguage\":\"de\",\"potentialAction\":[{\"@type\":\"ReadAction\",\"target\":[\"https:\/\/www.blutezeit.com\/product\/mbd60-battery-level-display-dc24v-gate-opener\/\"]}]},{\"@type\":\"ImageObject\",\"inLanguage\":\"de\",\"@id\":\"https:\/\/www.blutezeit.com\/product\/mbd60-battery-level-display-dc24v-gate-opener\/#primaryimage\",\"url\":\"https:\/\/www.blutezeit.com\/wp-content\/uploads\/2025\/07\/Battery-Display-for-Solar-Gate-Openers-1-1.jpg\",\"contentUrl\":\"https:\/\/www.blutezeit.com\/wp-content\/uploads\/2025\/07\/Battery-Display-for-Solar-Gate-Openers-1-1.jpg\",\"width\":1600,\"height\":1600},{\"@type\":\"BreadcrumbList\",\"@id\":\"https:\/\/www.blutezeit.com\/product\/mbd60-battery-level-display-dc24v-gate-opener\/#breadcrumb\",\"itemListElement\":[{\"@type\":\"ListItem\",\"position\":1,\"name\":\"\u9996\u9875\",\"item\":\"https:\/\/www.blutezeit.com\/pt\/\"},{\"@type\":\"ListItem\",\"position\":2,\"name\":\"Product\",\"item\":\"https:\/\/www.blutezeit.com\/pt\/shop\/\"},{\"@type\":\"ListItem\",\"position\":3,\"name\":\"Battery Level Display\"}]},{\"@type\":\"WebSite\",\"@id\":\"https:\/\/www.blutezeit.com\/pt\/#website\",\"url\":\"https:\/\/www.blutezeit.com\/pt\/\",\"name\":\"Bl\u00fctezeit\",\"description\":\"Smart &amp; Solar Gate Opener Systems\",\"potentialAction\":[{\"@type\":\"SearchAction\",\"target\":{\"@type\":\"EntryPoint\",\"urlTemplate\":\"https:\/\/www.blutezeit.com\/pt\/?s={search_term_string}\"},\"query-input\":{\"@type\":\"PropertyValueSpecification\",\"valueRequired\":true,\"valueName\":\"search_term_string\"}}],\"inLanguage\":\"de\"}]}<\/script>\n<!-- \/ Yoast SEO plugin. -->","yoast_head_json":{"title":"Battery Level Display - Bl\u00fctezeit","robots":{"index":"index","follow":"follow","max-snippet":"max-snippet:-1","max-image-preview":"max-image-preview:large","max-video-preview":"max-video-preview:-1"},"canonical":"https:\/\/www.blutezeit.com\/de\/produkt\/mbd60-battery-level-display-dc24v-gate-opener\/","og_locale":"de_DE","og_type":"article","og_title":"Battery Level Display - Bl\u00fctezeit","og_description":"Waterproof DC24V battery level display for ME-GO-600 solar sliding gate opener systems","og_url":"https:\/\/www.blutezeit.com\/de\/produkt\/mbd60-battery-level-display-dc24v-gate-opener\/","og_site_name":"Bl\u00fctezeit","article_modified_time":"2026-03-09T09:07:56+00:00","og_image":[{"width":1600,"height":1600,"url":"http:\/\/www.blutezeit.com\/wp-content\/uploads\/2025\/07\/Battery-Display-for-Solar-Gate-Openers-1-1.jpg","type":"image\/jpeg"}],"twitter_card":"summary_large_image","twitter_misc":{"Gesch\u00e4tzte Lesezeit":"1\u00a0Minute"},"schema":{"@context":"https:\/\/schema.org","@graph":[{"@type":"WebPage","@id":"https:\/\/www.blutezeit.com\/product\/mbd60-battery-level-display-dc24v-gate-opener\/","url":"https:\/\/www.blutezeit.com\/product\/mbd60-battery-level-display-dc24v-gate-opener\/","name":"Battery Level Display - Bl\u00fctezeit","isPartOf":{"@id":"https:\/\/www.blutezeit.com\/pt\/#website"},"primaryImageOfPage":{"@id":"https:\/\/www.blutezeit.com\/product\/mbd60-battery-level-display-dc24v-gate-opener\/#primaryimage"},"image":{"@id":"https:\/\/www.blutezeit.com\/product\/mbd60-battery-level-display-dc24v-gate-opener\/#primaryimage"},"thumbnailUrl":"https:\/\/www.blutezeit.com\/wp-content\/uploads\/2025\/07\/Battery-Display-for-Solar-Gate-Openers-1-1.jpg","datePublished":"2025-07-21T15:38:58+00:00","dateModified":"2026-03-09T09:07:56+00:00","breadcrumb":{"@id":"https:\/\/www.blutezeit.com\/product\/mbd60-battery-level-display-dc24v-gate-opener\/#breadcrumb"},"inLanguage":"de","potentialAction":[{"@type":"ReadAction","target":["https:\/\/www.blutezeit.com\/product\/mbd60-battery-level-display-dc24v-gate-opener\/"]}]},{"@type":"ImageObject","inLanguage":"de","@id":"https:\/\/www.blutezeit.com\/product\/mbd60-battery-level-display-dc24v-gate-opener\/#primaryimage","url":"https:\/\/www.blutezeit.com\/wp-content\/uploads\/2025\/07\/Battery-Display-for-Solar-Gate-Openers-1-1.jpg","contentUrl":"https:\/\/www.blutezeit.com\/wp-content\/uploads\/2025\/07\/Battery-Display-for-Solar-Gate-Openers-1-1.jpg","width":1600,"height":1600},{"@type":"BreadcrumbList","@id":"https:\/\/www.blutezeit.com\/product\/mbd60-battery-level-display-dc24v-gate-opener\/#breadcrumb","itemListElement":[{"@type":"ListItem","position":1,"name":"\u9996\u9875","item":"https:\/\/www.blutezeit.com\/pt\/"},{"@type":"ListItem","position":2,"name":"Product","item":"https:\/\/www.blutezeit.com\/pt\/shop\/"},{"@type":"ListItem","position":3,"name":"Battery Level Display"}]},{"@type":"WebSite","@id":"https:\/\/www.blutezeit.com\/pt\/#website","url":"https:\/\/www.blutezeit.com\/pt\/","name":"Bl\u00fctezeit","description":"Intelligente und solare Tor\u00f6ffnersysteme","potentialAction":[{"@type":"SearchAction","target":{"@type":"EntryPoint","urlTemplate":"https:\/\/www.blutezeit.com\/pt\/?s={search_term_string}"},"query-input":{"@type":"PropertyValueSpecification","valueRequired":true,"valueName":"search_term_string"}}],"inLanguage":"de"}]}},"_links":{"self":[{"href":"https:\/\/www.blutezeit.com\/de\/wp-json\/wp\/v2\/product\/586","targetHints":{"allow":["GET"]}}],"collection":[{"href":"https:\/\/www.blutezeit.com\/de\/wp-json\/wp\/v2\/product"}],"about":[{"href":"https:\/\/www.blutezeit.com\/de\/wp-json\/wp\/v2\/types\/product"}],"replies":[{"embeddable":true,"href":"https:\/\/www.blutezeit.com\/de\/wp-json\/wp\/v2\/comments?post=586"}],"wp:featuredmedia":[{"embeddable":true,"href":"https:\/\/www.blutezeit.com\/de\/wp-json\/wp\/v2\/media\/1577"}],"wp:attachment":[{"href":"https:\/\/www.blutezeit.com\/de\/wp-json\/wp\/v2\/media?parent=586"}],"wp:term":[{"taxonomy":"product_brand","embeddable":true,"href":"https:\/\/www.blutezeit.com\/de\/wp-json\/wp\/v2\/product_brand?post=586"},{"taxonomy":"product_cat","embeddable":true,"href":"https:\/\/www.blutezeit.com\/de\/wp-json\/wp\/v2\/product_cat?post=586"},{"taxonomy":"product_tag","embeddable":true,"href":"https:\/\/www.blutezeit.com\/de\/wp-json\/wp\/v2\/product_tag?post=586"}],"curies":[{"name":"wp","href":"https:\/\/api.w.org\/{rel}","templated":true}]}}