{"id":574,"date":"2025-07-21T15:29:45","date_gmt":"2025-07-21T15:29:45","guid":{"rendered":"https:\/\/www.blutezeit.com\/?post_type=product&#038;p=574"},"modified":"2026-03-09T09:08:04","modified_gmt":"2026-03-09T09:08:04","slug":"mcg-solar-panel-extension-cable-me-go-600","status":"publish","type":"product","link":"https:\/\/www.blutezeit.com\/de\/produkt\/mcg-solar-panel-extension-cable-me-go-600\/","title":{"rendered":"Verl\u00e4ngerungskabel f\u00fcr Solarmodule f\u00fcr ME-GO-600 Schiebetor\u00f6ffner"},"content":{"rendered":"<h4><span class=\"a-text-bold\">Bl\u00fctezeit Solar-Schiebetorantrieb-System Erweiterungsset f\u00fcr ME-GO-600<\/span><\/h4>\n<p><strong>\u2699\ufe0f Zweck<\/strong><br \/>\nVerl\u00e4ngert die Kabell\u00e4nge Ihres Solarmodulanschlusses, sodass Sie die Solarmodule f\u00fcr eine optimale Sonneneinstrahlung h\u00f6her oder weiter entfernt positionieren k\u00f6nnen.<\/p>\n<p><strong>\ud83d\udd0c Zuverl\u00e4ssige Kraft\u00fcbertragung<\/strong><br \/>\nVerf\u00fcgt \u00fcber hochwertige Anschl\u00fcsse und reine Kupferkabel, um eine effiziente und stabile Energie\u00fcbertragung zwischen Ihren Solarmodulen und dem ME-GO-600-Tormotor zu gew\u00e4hrleisten.<\/p>\n<p><strong>\ud83c\udf24\ufe0f Wetterfest und langlebig<\/strong><br \/>\nKonstruiert, um den Bedingungen im Freien standzuhalten und eine gleichbleibende Leistung bei unterschiedlichen Wetterbedingungen zu gew\u00e4hrleisten.<\/p>\n<p><strong>\ud83d\udccf Praktische L\u00e4nge<\/strong><br \/>\nBietet flexible Installationsm\u00f6glichkeiten und erm\u00f6glicht Ihnen so eine gr\u00f6\u00dfere Auswahl an Standorten, um die Effizienz der Solarmodule zu maximieren.<\/p>\n<p><strong>\ud83d\udccb Spezifikationen<\/strong><br \/>\n\u2013 Kompatibilit\u00e4t: ME-GO-600 Schiebetorantriebsmotor<br \/>\n\u2013 Kabell\u00e4nge: <strong>6,6 Fu\u00df \/ 17 Fu\u00df \/ 33 Fu\u00df \/ 66 Fu\u00df<\/strong><br \/>\n\u2013 Anschlusstyp: DC-Link-Kabelbaum mit zwei Anschl\u00fcssen (5,5 mm x 2,1 mm), wasserdichte Stecker\/Buchsen<br \/>\n\u2013 Material: Reine Kupferverdrahtung f\u00fcr hohe Leitf\u00e4higkeit<br \/>\n\u2013 Wetterbest\u00e4ndigkeit: F\u00fcr den Einsatz im Freien konzipiert<\/p>\n<p>Dieses Erweiterungskit eignet sich ideal zum Erweitern der Verkabelung Ihres Solarmoduls, um einen besseren Zugang zum Sonnenlicht zu erreichen und die Solarladeleistung Ihres Tor\u00f6ffners zu verbessern.<\/p>","protected":false},"excerpt":{"rendered":"<p>DC-Verl\u00e4ngerungskabel mit zwei Anschl\u00fcssen f\u00fcr den Anschluss eines Solarmoduls an den Schiebetor\u00f6ffner ME-GO-600<\/p>","protected":false},"featured_media":1578,"comment_status":"open","ping_status":"closed","template":"","meta":[],"product_brand":[33],"product_cat":[80,22],"product_tag":[],"class_list":{"0":"post-574","1":"product","2":"type-product","3":"status-publish","4":"has-post-thumbnail","6":"product_brand-blutezeit","7":"product_cat-solar-power-supply","8":"product_cat-accessories","10":"first","11":"instock","12":"shipping-taxable","13":"purchasable","14":"product-type-variable"},"yoast_head":"<!-- This site is optimized with the Yoast SEO plugin v26.4 - https:\/\/yoast.com\/wordpress\/plugins\/seo\/ -->\n<title>Solar Panel Extension Cable for ME-GO-600 Sliding Gate Openers - Bl\u00fctezeit<\/title>\n<meta name=\"robots\" content=\"index, follow, max-snippet:-1, max-image-preview:large, max-video-preview:-1\" \/>\n<link rel=\"canonical\" href=\"https:\/\/www.blutezeit.com\/de\/produkt\/mcg-solar-panel-extension-cable-me-go-600\/\" \/>\n<meta property=\"og:locale\" content=\"de_DE\" \/>\n<meta property=\"og:type\" content=\"article\" \/>\n<meta property=\"og:title\" content=\"Solar Panel Extension Cable for ME-GO-600 Sliding Gate Openers - Bl\u00fctezeit\" \/>\n<meta property=\"og:description\" content=\"Dual-port DC extension cable for solar panel connection to ME-GO-600 sliding gate opener\" \/>\n<meta property=\"og:url\" content=\"https:\/\/www.blutezeit.com\/de\/produkt\/mcg-solar-panel-extension-cable-me-go-600\/\" \/>\n<meta property=\"og:site_name\" content=\"Bl\u00fctezeit\" \/>\n<meta property=\"article:modified_time\" content=\"2026-03-09T09:08:04+00:00\" \/>\n<meta property=\"og:image\" content=\"http:\/\/www.blutezeit.com\/wp-content\/uploads\/2025\/07\/6.6ft-Extension-Cable-for-Solar-Panel-1-1.jpg\" \/>\n\t<meta property=\"og:image:width\" content=\"1600\" \/>\n\t<meta property=\"og:image:height\" content=\"1600\" \/>\n\t<meta property=\"og:image:type\" content=\"image\/jpeg\" \/>\n<meta name=\"twitter:card\" content=\"summary_large_image\" \/>\n<meta name=\"twitter:label1\" content=\"Gesch\u00e4tzte Lesezeit\" \/>\n\t<meta name=\"twitter:data1\" content=\"1\u00a0Minute\" \/>\n<script type=\"application\/ld+json\" class=\"yoast-schema-graph\">{\"@context\":\"https:\/\/schema.org\",\"@graph\":[{\"@type\":\"WebPage\",\"@id\":\"https:\/\/www.blutezeit.com\/product\/mcg-solar-panel-extension-cable-me-go-600\/\",\"url\":\"https:\/\/www.blutezeit.com\/product\/mcg-solar-panel-extension-cable-me-go-600\/\",\"name\":\"Solar Panel Extension Cable for ME-GO-600 Sliding Gate Openers - Bl\u00fctezeit\",\"isPartOf\":{\"@id\":\"https:\/\/www.blutezeit.com\/pt\/#website\"},\"primaryImageOfPage\":{\"@id\":\"https:\/\/www.blutezeit.com\/product\/mcg-solar-panel-extension-cable-me-go-600\/#primaryimage\"},\"image\":{\"@id\":\"https:\/\/www.blutezeit.com\/product\/mcg-solar-panel-extension-cable-me-go-600\/#primaryimage\"},\"thumbnailUrl\":\"https:\/\/www.blutezeit.com\/wp-content\/uploads\/2025\/07\/6.6ft-Extension-Cable-for-Solar-Panel-1-1.jpg\",\"datePublished\":\"2025-07-21T15:29:45+00:00\",\"dateModified\":\"2026-03-09T09:08:04+00:00\",\"breadcrumb\":{\"@id\":\"https:\/\/www.blutezeit.com\/product\/mcg-solar-panel-extension-cable-me-go-600\/#breadcrumb\"},\"inLanguage\":\"de\",\"potentialAction\":[{\"@type\":\"ReadAction\",\"target\":[\"https:\/\/www.blutezeit.com\/product\/mcg-solar-panel-extension-cable-me-go-600\/\"]}]},{\"@type\":\"ImageObject\",\"inLanguage\":\"de\",\"@id\":\"https:\/\/www.blutezeit.com\/product\/mcg-solar-panel-extension-cable-me-go-600\/#primaryimage\",\"url\":\"https:\/\/www.blutezeit.com\/wp-content\/uploads\/2025\/07\/6.6ft-Extension-Cable-for-Solar-Panel-1-1.jpg\",\"contentUrl\":\"https:\/\/www.blutezeit.com\/wp-content\/uploads\/2025\/07\/6.6ft-Extension-Cable-for-Solar-Panel-1-1.jpg\",\"width\":1600,\"height\":1600},{\"@type\":\"BreadcrumbList\",\"@id\":\"https:\/\/www.blutezeit.com\/product\/mcg-solar-panel-extension-cable-me-go-600\/#breadcrumb\",\"itemListElement\":[{\"@type\":\"ListItem\",\"position\":1,\"name\":\"\u9996\u9875\",\"item\":\"https:\/\/www.blutezeit.com\/pt\/\"},{\"@type\":\"ListItem\",\"position\":2,\"name\":\"Product\",\"item\":\"https:\/\/www.blutezeit.com\/pt\/shop\/\"},{\"@type\":\"ListItem\",\"position\":3,\"name\":\"Solar Panel Extension Cable for ME-GO-600 Sliding Gate Openers\"}]},{\"@type\":\"WebSite\",\"@id\":\"https:\/\/www.blutezeit.com\/pt\/#website\",\"url\":\"https:\/\/www.blutezeit.com\/pt\/\",\"name\":\"Bl\u00fctezeit\",\"description\":\"Smart &amp; Solar Gate Opener Systems\",\"potentialAction\":[{\"@type\":\"SearchAction\",\"target\":{\"@type\":\"EntryPoint\",\"urlTemplate\":\"https:\/\/www.blutezeit.com\/pt\/?s={search_term_string}\"},\"query-input\":{\"@type\":\"PropertyValueSpecification\",\"valueRequired\":true,\"valueName\":\"search_term_string\"}}],\"inLanguage\":\"de\"}]}<\/script>\n<!-- \/ Yoast SEO plugin. -->","yoast_head_json":{"title":"Solar Panel Extension Cable for ME-GO-600 Sliding Gate Openers - Bl\u00fctezeit","robots":{"index":"index","follow":"follow","max-snippet":"max-snippet:-1","max-image-preview":"max-image-preview:large","max-video-preview":"max-video-preview:-1"},"canonical":"https:\/\/www.blutezeit.com\/de\/produkt\/mcg-solar-panel-extension-cable-me-go-600\/","og_locale":"de_DE","og_type":"article","og_title":"Solar Panel Extension Cable for ME-GO-600 Sliding Gate Openers - Bl\u00fctezeit","og_description":"Dual-port DC extension cable for solar panel connection to ME-GO-600 sliding gate opener","og_url":"https:\/\/www.blutezeit.com\/de\/produkt\/mcg-solar-panel-extension-cable-me-go-600\/","og_site_name":"Bl\u00fctezeit","article_modified_time":"2026-03-09T09:08:04+00:00","og_image":[{"width":1600,"height":1600,"url":"http:\/\/www.blutezeit.com\/wp-content\/uploads\/2025\/07\/6.6ft-Extension-Cable-for-Solar-Panel-1-1.jpg","type":"image\/jpeg"}],"twitter_card":"summary_large_image","twitter_misc":{"Gesch\u00e4tzte Lesezeit":"1\u00a0Minute"},"schema":{"@context":"https:\/\/schema.org","@graph":[{"@type":"WebPage","@id":"https:\/\/www.blutezeit.com\/product\/mcg-solar-panel-extension-cable-me-go-600\/","url":"https:\/\/www.blutezeit.com\/product\/mcg-solar-panel-extension-cable-me-go-600\/","name":"Solar Panel Extension Cable for ME-GO-600 Sliding Gate Openers - Bl\u00fctezeit","isPartOf":{"@id":"https:\/\/www.blutezeit.com\/pt\/#website"},"primaryImageOfPage":{"@id":"https:\/\/www.blutezeit.com\/product\/mcg-solar-panel-extension-cable-me-go-600\/#primaryimage"},"image":{"@id":"https:\/\/www.blutezeit.com\/product\/mcg-solar-panel-extension-cable-me-go-600\/#primaryimage"},"thumbnailUrl":"https:\/\/www.blutezeit.com\/wp-content\/uploads\/2025\/07\/6.6ft-Extension-Cable-for-Solar-Panel-1-1.jpg","datePublished":"2025-07-21T15:29:45+00:00","dateModified":"2026-03-09T09:08:04+00:00","breadcrumb":{"@id":"https:\/\/www.blutezeit.com\/product\/mcg-solar-panel-extension-cable-me-go-600\/#breadcrumb"},"inLanguage":"de","potentialAction":[{"@type":"ReadAction","target":["https:\/\/www.blutezeit.com\/product\/mcg-solar-panel-extension-cable-me-go-600\/"]}]},{"@type":"ImageObject","inLanguage":"de","@id":"https:\/\/www.blutezeit.com\/product\/mcg-solar-panel-extension-cable-me-go-600\/#primaryimage","url":"https:\/\/www.blutezeit.com\/wp-content\/uploads\/2025\/07\/6.6ft-Extension-Cable-for-Solar-Panel-1-1.jpg","contentUrl":"https:\/\/www.blutezeit.com\/wp-content\/uploads\/2025\/07\/6.6ft-Extension-Cable-for-Solar-Panel-1-1.jpg","width":1600,"height":1600},{"@type":"BreadcrumbList","@id":"https:\/\/www.blutezeit.com\/product\/mcg-solar-panel-extension-cable-me-go-600\/#breadcrumb","itemListElement":[{"@type":"ListItem","position":1,"name":"\u9996\u9875","item":"https:\/\/www.blutezeit.com\/pt\/"},{"@type":"ListItem","position":2,"name":"Product","item":"https:\/\/www.blutezeit.com\/pt\/shop\/"},{"@type":"ListItem","position":3,"name":"Solar Panel Extension Cable for ME-GO-600 Sliding Gate Openers"}]},{"@type":"WebSite","@id":"https:\/\/www.blutezeit.com\/pt\/#website","url":"https:\/\/www.blutezeit.com\/pt\/","name":"Bl\u00fctezeit","description":"Intelligente und solare Tor\u00f6ffnersysteme","potentialAction":[{"@type":"SearchAction","target":{"@type":"EntryPoint","urlTemplate":"https:\/\/www.blutezeit.com\/pt\/?s={search_term_string}"},"query-input":{"@type":"PropertyValueSpecification","valueRequired":true,"valueName":"search_term_string"}}],"inLanguage":"de"}]}},"_links":{"self":[{"href":"https:\/\/www.blutezeit.com\/de\/wp-json\/wp\/v2\/product\/574","targetHints":{"allow":["GET"]}}],"collection":[{"href":"https:\/\/www.blutezeit.com\/de\/wp-json\/wp\/v2\/product"}],"about":[{"href":"https:\/\/www.blutezeit.com\/de\/wp-json\/wp\/v2\/types\/product"}],"replies":[{"embeddable":true,"href":"https:\/\/www.blutezeit.com\/de\/wp-json\/wp\/v2\/comments?post=574"}],"wp:featuredmedia":[{"embeddable":true,"href":"https:\/\/www.blutezeit.com\/de\/wp-json\/wp\/v2\/media\/1578"}],"wp:attachment":[{"href":"https:\/\/www.blutezeit.com\/de\/wp-json\/wp\/v2\/media?parent=574"}],"wp:term":[{"taxonomy":"product_brand","embeddable":true,"href":"https:\/\/www.blutezeit.com\/de\/wp-json\/wp\/v2\/product_brand?post=574"},{"taxonomy":"product_cat","embeddable":true,"href":"https:\/\/www.blutezeit.com\/de\/wp-json\/wp\/v2\/product_cat?post=574"},{"taxonomy":"product_tag","embeddable":true,"href":"https:\/\/www.blutezeit.com\/de\/wp-json\/wp\/v2\/product_tag?post=574"}],"curies":[{"name":"wp","href":"https:\/\/api.w.org\/{rel}","templated":true}]}}