{"id":564,"date":"2025-07-21T15:24:39","date_gmt":"2025-07-21T15:24:39","guid":{"rendered":"https:\/\/www.blutezeit.com\/?post_type=product&#038;p=564"},"modified":"2026-01-09T12:51:25","modified_gmt":"2026-01-09T12:51:25","slug":"mpg02-2ft-solar-panel-parallel-cable-me-go-600","status":"publish","type":"product","link":"https:\/\/www.blutezeit.com\/de\/produkt\/mpg02-2ft-solar-panel-parallel-cable-me-go-600\/","title":{"rendered":"Parallelkabel f\u00fcr Solarmodule, 2,3 Fu\u00df lang, f\u00fcr ME-GO-600 Schiebetor\u00f6ffner"},"content":{"rendered":"<p><span class=\"a-text-bold\"><img loading=\"lazy\" decoding=\"async\" class=\"aligncenter size-full wp-image-573\" src=\"http:\/\/www.blutezeit.com\/wp-content\/uploads\/2025\/07\/A-Parallel-Cable-for-Solar-Panels.jpg\" alt=\"\" width=\"1464\" height=\"600\" srcset=\"https:\/\/www.blutezeit.com\/wp-content\/uploads\/2025\/07\/A-Parallel-Cable-for-Solar-Panels.jpg 1464w, https:\/\/www.blutezeit.com\/wp-content\/uploads\/2025\/07\/A-Parallel-Cable-for-Solar-Panels-500x205.jpg 500w, https:\/\/www.blutezeit.com\/wp-content\/uploads\/2025\/07\/A-Parallel-Cable-for-Solar-Panels-1200x492.jpg 1200w, https:\/\/www.blutezeit.com\/wp-content\/uploads\/2025\/07\/A-Parallel-Cable-for-Solar-Panels-300x123.jpg 300w, https:\/\/www.blutezeit.com\/wp-content\/uploads\/2025\/07\/A-Parallel-Cable-for-Solar-Panels-768x315.jpg 768w, https:\/\/www.blutezeit.com\/wp-content\/uploads\/2025\/07\/A-Parallel-Cable-for-Solar-Panels-18x7.jpg 18w, https:\/\/www.blutezeit.com\/wp-content\/uploads\/2025\/07\/A-Parallel-Cable-for-Solar-Panels-150x61.jpg 150w, https:\/\/www.blutezeit.com\/wp-content\/uploads\/2025\/07\/A-Parallel-Cable-for-Solar-Panels-480x197.jpg 480w, https:\/\/www.blutezeit.com\/wp-content\/uploads\/2025\/07\/A-Parallel-Cable-for-Solar-Panels-800x328.jpg 800w\" sizes=\"auto, (max-width:767px) 480px, (max-width:1464px) 100vw, 1464px\" \/>Das Bl\u00fctezeit Solar-Schiebetorantriebssystem Adapter-Kit<\/span>\u00a0ist speziell konzipiert f\u00fcr die\u00a0<span class=\"a-text-bold\">Schiebetorantriebssystem ME-GO-600<\/span>Dieses 70 cm lange Dual-Port-DC-Link-Kabel gew\u00e4hrleistet die nahtlose Integration von Motor und Solarmodulen oder anderen externen Modulen. Dieses Kit sorgt f\u00fcr eine zuverl\u00e4ssige Strom\u00fcbertragung und erweitert die Leistungsf\u00e4higkeit Ihres Systems. Es verbessert die Funktionalit\u00e4t und Langlebigkeit Ihres Tor\u00f6ffners.<\/p>\n<p>Ideal f\u00fcr alle, die ihr System aufr\u00fcsten oder zus\u00e4tzliche Solarmodule integrieren m\u00f6chten.\u00a0<span class=\"a-text-bold\">Bl\u00fctezeit Adapter Kit<\/span>\u00a0Bietet eine reibungslose Verbindung mit Solarreglern und sorgt so f\u00fcr optimale Leistung. Mit diesem Adapterkit steigern Sie die Effizienz Ihres Tor\u00f6ffnersystems und nutzen die Vorteile der Solarstromintegration optimal.<\/p>\n<p><strong><span class=\"a-text-bold\">\u2705 Spezifikationen:<\/span><\/strong><br \/>\n<span class=\"a-text-bold\">Kompatibilit\u00e4t:<\/span>\u00a0Speziell f\u00fcr das Schiebetor\u00f6ffner-Motorsystem ME-GO-600 entwickelt.<br \/>\n<span class=\"a-text-bold\">Kabell\u00e4nge:<\/span>\u00a00,7 Meter (2,3 Fu\u00df) langer DC-Link-Kabelbaum mit zwei Anschl\u00fcssen.<br \/>\n<span class=\"a-text-bold\">Steckertyp:<\/span>\u00a01 Buchse auf 2 Stecker (5,5 mm x 2,1 mm Anschl\u00fcsse).<br \/>\n<span class=\"a-text-bold\">Material:<\/span>\u00a0Reine Kupferverkabelung f\u00fcr optimale Leitf\u00e4higkeit und Energieeffizienz.<br \/>\n<span class=\"a-text-bold\">Funktionalit\u00e4t:<\/span>\u00a0Entwickelt f\u00fcr die Integration von Solarmodulen in Tor\u00f6ffnersysteme, um die Energieeffizienz zu verbessern und eine Systemerweiterung zu erm\u00f6glichen.<br \/>\n<span class=\"a-text-bold\">Wetterbest\u00e4ndigkeit:<\/span>\u00a0Konstruiert f\u00fcr den Au\u00dfenbereich und gew\u00e4hrleistet eine zuverl\u00e4ssige Leistung bei unterschiedlichen Wetterbedingungen.<\/p>","protected":false},"excerpt":{"rendered":"<p>2,3 Fu\u00df langes DC-Parallelkabel mit zwei Anschl\u00fcssen (5,5 \u00d7 2,1 mm) zum Parallelschalten von Solarmodulen an Bl\u00fctezeit ME-GO-600 Schiebetor\u00f6ffner; wasserdichte Stecker\/Buchsen<\/p>","protected":false},"featured_media":1579,"comment_status":"open","ping_status":"closed","template":"","meta":[],"product_brand":[33],"product_cat":[80,22],"product_tag":[],"class_list":{"0":"post-564","1":"product","2":"type-product","3":"status-publish","4":"has-post-thumbnail","6":"product_brand-blutezeit","7":"product_cat-solar-power-supply","8":"product_cat-accessories","10":"first","11":"instock","12":"shipping-taxable","13":"purchasable","14":"product-type-simple"},"yoast_head":"<!-- This site is optimized with the Yoast SEO plugin v26.4 - https:\/\/yoast.com\/wordpress\/plugins\/seo\/ -->\n<title>Solar Panel Parallel Cable 2.3ft for ME-GO-600 Sliding Gate Openers - Bl\u00fctezeit<\/title>\n<meta name=\"robots\" content=\"index, follow, max-snippet:-1, max-image-preview:large, max-video-preview:-1\" \/>\n<link rel=\"canonical\" href=\"https:\/\/www.blutezeit.com\/de\/produkt\/mpg02-2ft-solar-panel-parallel-cable-me-go-600\/\" \/>\n<meta property=\"og:locale\" content=\"de_DE\" \/>\n<meta property=\"og:type\" content=\"article\" \/>\n<meta property=\"og:title\" content=\"Solar Panel Parallel Cable 2.3ft for ME-GO-600 Sliding Gate Openers - Bl\u00fctezeit\" \/>\n<meta property=\"og:description\" content=\"2.3ft dual-port DC parallel cable (5.5\u00d72.1mm) for connecting solar panels in parallel to Bl\u00fctezeit ME-GO-600 sliding gate openers; waterproof male\/female connectors\" \/>\n<meta property=\"og:url\" content=\"https:\/\/www.blutezeit.com\/de\/produkt\/mpg02-2ft-solar-panel-parallel-cable-me-go-600\/\" \/>\n<meta property=\"og:site_name\" content=\"Bl\u00fctezeit\" \/>\n<meta property=\"article:modified_time\" content=\"2026-01-09T12:51:25+00:00\" \/>\n<meta property=\"og:image\" content=\"http:\/\/www.blutezeit.com\/wp-content\/uploads\/2025\/07\/Parallel-Cable-for-Solar-Panels-1-1.jpg\" \/>\n\t<meta property=\"og:image:width\" content=\"1600\" \/>\n\t<meta property=\"og:image:height\" content=\"1600\" \/>\n\t<meta property=\"og:image:type\" content=\"image\/jpeg\" \/>\n<meta name=\"twitter:card\" content=\"summary_large_image\" \/>\n<meta name=\"twitter:label1\" content=\"Gesch\u00e4tzte Lesezeit\" \/>\n\t<meta name=\"twitter:data1\" content=\"2\u00a0Minuten\" \/>\n<script type=\"application\/ld+json\" class=\"yoast-schema-graph\">{\"@context\":\"https:\/\/schema.org\",\"@graph\":[{\"@type\":\"WebPage\",\"@id\":\"https:\/\/www.blutezeit.com\/product\/mpg02-2ft-solar-panel-parallel-cable-me-go-600\/\",\"url\":\"https:\/\/www.blutezeit.com\/product\/mpg02-2ft-solar-panel-parallel-cable-me-go-600\/\",\"name\":\"Solar Panel Parallel Cable 2.3ft for ME-GO-600 Sliding Gate Openers - Bl\u00fctezeit\",\"isPartOf\":{\"@id\":\"https:\/\/www.blutezeit.com\/pt\/#website\"},\"primaryImageOfPage\":{\"@id\":\"https:\/\/www.blutezeit.com\/product\/mpg02-2ft-solar-panel-parallel-cable-me-go-600\/#primaryimage\"},\"image\":{\"@id\":\"https:\/\/www.blutezeit.com\/product\/mpg02-2ft-solar-panel-parallel-cable-me-go-600\/#primaryimage\"},\"thumbnailUrl\":\"https:\/\/www.blutezeit.com\/wp-content\/uploads\/2025\/07\/Parallel-Cable-for-Solar-Panels-1-1.jpg\",\"datePublished\":\"2025-07-21T15:24:39+00:00\",\"dateModified\":\"2026-01-09T12:51:25+00:00\",\"breadcrumb\":{\"@id\":\"https:\/\/www.blutezeit.com\/product\/mpg02-2ft-solar-panel-parallel-cable-me-go-600\/#breadcrumb\"},\"inLanguage\":\"de\",\"potentialAction\":[{\"@type\":\"ReadAction\",\"target\":[\"https:\/\/www.blutezeit.com\/product\/mpg02-2ft-solar-panel-parallel-cable-me-go-600\/\"]}]},{\"@type\":\"ImageObject\",\"inLanguage\":\"de\",\"@id\":\"https:\/\/www.blutezeit.com\/product\/mpg02-2ft-solar-panel-parallel-cable-me-go-600\/#primaryimage\",\"url\":\"https:\/\/www.blutezeit.com\/wp-content\/uploads\/2025\/07\/Parallel-Cable-for-Solar-Panels-1-1.jpg\",\"contentUrl\":\"https:\/\/www.blutezeit.com\/wp-content\/uploads\/2025\/07\/Parallel-Cable-for-Solar-Panels-1-1.jpg\",\"width\":1600,\"height\":1600},{\"@type\":\"BreadcrumbList\",\"@id\":\"https:\/\/www.blutezeit.com\/product\/mpg02-2ft-solar-panel-parallel-cable-me-go-600\/#breadcrumb\",\"itemListElement\":[{\"@type\":\"ListItem\",\"position\":1,\"name\":\"\u9996\u9875\",\"item\":\"https:\/\/www.blutezeit.com\/pt\/\"},{\"@type\":\"ListItem\",\"position\":2,\"name\":\"Product\",\"item\":\"https:\/\/www.blutezeit.com\/pt\/shop\/\"},{\"@type\":\"ListItem\",\"position\":3,\"name\":\"Solar Panel Parallel Cable 2.3ft for ME-GO-600 Sliding Gate Openers\"}]},{\"@type\":\"WebSite\",\"@id\":\"https:\/\/www.blutezeit.com\/pt\/#website\",\"url\":\"https:\/\/www.blutezeit.com\/pt\/\",\"name\":\"Bl\u00fctezeit\",\"description\":\"Smart &amp; Solar Gate Opener Systems\",\"potentialAction\":[{\"@type\":\"SearchAction\",\"target\":{\"@type\":\"EntryPoint\",\"urlTemplate\":\"https:\/\/www.blutezeit.com\/pt\/?s={search_term_string}\"},\"query-input\":{\"@type\":\"PropertyValueSpecification\",\"valueRequired\":true,\"valueName\":\"search_term_string\"}}],\"inLanguage\":\"de\"}]}<\/script>\n<!-- \/ Yoast SEO plugin. -->","yoast_head_json":{"title":"Solar Panel Parallel Cable 2.3ft for ME-GO-600 Sliding Gate Openers - Bl\u00fctezeit","robots":{"index":"index","follow":"follow","max-snippet":"max-snippet:-1","max-image-preview":"max-image-preview:large","max-video-preview":"max-video-preview:-1"},"canonical":"https:\/\/www.blutezeit.com\/de\/produkt\/mpg02-2ft-solar-panel-parallel-cable-me-go-600\/","og_locale":"de_DE","og_type":"article","og_title":"Solar Panel Parallel Cable 2.3ft for ME-GO-600 Sliding Gate Openers - Bl\u00fctezeit","og_description":"2.3ft dual-port DC parallel cable (5.5\u00d72.1mm) for connecting solar panels in parallel to Bl\u00fctezeit ME-GO-600 sliding gate openers; waterproof male\/female connectors","og_url":"https:\/\/www.blutezeit.com\/de\/produkt\/mpg02-2ft-solar-panel-parallel-cable-me-go-600\/","og_site_name":"Bl\u00fctezeit","article_modified_time":"2026-01-09T12:51:25+00:00","og_image":[{"width":1600,"height":1600,"url":"http:\/\/www.blutezeit.com\/wp-content\/uploads\/2025\/07\/Parallel-Cable-for-Solar-Panels-1-1.jpg","type":"image\/jpeg"}],"twitter_card":"summary_large_image","twitter_misc":{"Gesch\u00e4tzte Lesezeit":"2\u00a0Minuten"},"schema":{"@context":"https:\/\/schema.org","@graph":[{"@type":"WebPage","@id":"https:\/\/www.blutezeit.com\/product\/mpg02-2ft-solar-panel-parallel-cable-me-go-600\/","url":"https:\/\/www.blutezeit.com\/product\/mpg02-2ft-solar-panel-parallel-cable-me-go-600\/","name":"Solar Panel Parallel Cable 2.3ft for ME-GO-600 Sliding Gate Openers - Bl\u00fctezeit","isPartOf":{"@id":"https:\/\/www.blutezeit.com\/pt\/#website"},"primaryImageOfPage":{"@id":"https:\/\/www.blutezeit.com\/product\/mpg02-2ft-solar-panel-parallel-cable-me-go-600\/#primaryimage"},"image":{"@id":"https:\/\/www.blutezeit.com\/product\/mpg02-2ft-solar-panel-parallel-cable-me-go-600\/#primaryimage"},"thumbnailUrl":"https:\/\/www.blutezeit.com\/wp-content\/uploads\/2025\/07\/Parallel-Cable-for-Solar-Panels-1-1.jpg","datePublished":"2025-07-21T15:24:39+00:00","dateModified":"2026-01-09T12:51:25+00:00","breadcrumb":{"@id":"https:\/\/www.blutezeit.com\/product\/mpg02-2ft-solar-panel-parallel-cable-me-go-600\/#breadcrumb"},"inLanguage":"de","potentialAction":[{"@type":"ReadAction","target":["https:\/\/www.blutezeit.com\/product\/mpg02-2ft-solar-panel-parallel-cable-me-go-600\/"]}]},{"@type":"ImageObject","inLanguage":"de","@id":"https:\/\/www.blutezeit.com\/product\/mpg02-2ft-solar-panel-parallel-cable-me-go-600\/#primaryimage","url":"https:\/\/www.blutezeit.com\/wp-content\/uploads\/2025\/07\/Parallel-Cable-for-Solar-Panels-1-1.jpg","contentUrl":"https:\/\/www.blutezeit.com\/wp-content\/uploads\/2025\/07\/Parallel-Cable-for-Solar-Panels-1-1.jpg","width":1600,"height":1600},{"@type":"BreadcrumbList","@id":"https:\/\/www.blutezeit.com\/product\/mpg02-2ft-solar-panel-parallel-cable-me-go-600\/#breadcrumb","itemListElement":[{"@type":"ListItem","position":1,"name":"\u9996\u9875","item":"https:\/\/www.blutezeit.com\/pt\/"},{"@type":"ListItem","position":2,"name":"Product","item":"https:\/\/www.blutezeit.com\/pt\/shop\/"},{"@type":"ListItem","position":3,"name":"Solar Panel Parallel Cable 2.3ft for ME-GO-600 Sliding Gate Openers"}]},{"@type":"WebSite","@id":"https:\/\/www.blutezeit.com\/pt\/#website","url":"https:\/\/www.blutezeit.com\/pt\/","name":"Bl\u00fctezeit","description":"Intelligente und solare Tor\u00f6ffnersysteme","potentialAction":[{"@type":"SearchAction","target":{"@type":"EntryPoint","urlTemplate":"https:\/\/www.blutezeit.com\/pt\/?s={search_term_string}"},"query-input":{"@type":"PropertyValueSpecification","valueRequired":true,"valueName":"search_term_string"}}],"inLanguage":"de"}]}},"_links":{"self":[{"href":"https:\/\/www.blutezeit.com\/de\/wp-json\/wp\/v2\/product\/564","targetHints":{"allow":["GET"]}}],"collection":[{"href":"https:\/\/www.blutezeit.com\/de\/wp-json\/wp\/v2\/product"}],"about":[{"href":"https:\/\/www.blutezeit.com\/de\/wp-json\/wp\/v2\/types\/product"}],"replies":[{"embeddable":true,"href":"https:\/\/www.blutezeit.com\/de\/wp-json\/wp\/v2\/comments?post=564"}],"wp:featuredmedia":[{"embeddable":true,"href":"https:\/\/www.blutezeit.com\/de\/wp-json\/wp\/v2\/media\/1579"}],"wp:attachment":[{"href":"https:\/\/www.blutezeit.com\/de\/wp-json\/wp\/v2\/media?parent=564"}],"wp:term":[{"taxonomy":"product_brand","embeddable":true,"href":"https:\/\/www.blutezeit.com\/de\/wp-json\/wp\/v2\/product_brand?post=564"},{"taxonomy":"product_cat","embeddable":true,"href":"https:\/\/www.blutezeit.com\/de\/wp-json\/wp\/v2\/product_cat?post=564"},{"taxonomy":"product_tag","embeddable":true,"href":"https:\/\/www.blutezeit.com\/de\/wp-json\/wp\/v2\/product_tag?post=564"}],"curies":[{"name":"wp","href":"https:\/\/api.w.org\/{rel}","templated":true}]}}