{"id":544,"date":"2025-07-21T15:04:03","date_gmt":"2025-07-21T15:04:03","guid":{"rendered":"https:\/\/www.blutezeit.com\/?post_type=product&#038;p=544"},"modified":"2026-03-09T09:08:35","modified_gmt":"2026-03-09T09:08:35","slug":"mrk4n-nylon-gear-rack-4pcs-metal-insert-sliding-gate","status":"publish","type":"product","link":"https:\/\/www.blutezeit.com\/de\/produkt\/mrk4n-nylon-gear-rack-4pcs-metal-insert-sliding-gate\/","title":{"rendered":"Zahnstange aus Nylon (4 St\u00fcck)"},"content":{"rendered":"<div class=\"celwidget aplus-module premium-module-2-fullbackground-image aplus-premium\" data-csa-c-id=\"sq9lar-c86ez8-vgkarv-8ewj2g\" data-cel-widget=\"aplus-premium-module-2-fullbackground-image\">\n<div class=\"a-section a-spacing-none premium-aplus premium-aplus-module-2\">\n<h1 class=\"a-text-center aplus-container-3 aplus-h1 a-text-bold\">4er-Pack Nylon-Zahnstangen f\u00fcr Bl\u00fctezeit Schiebetorantriebe<\/h1>\n<div class=\"a-section a-spacing-none premium-background-wrapper\">\n<div class=\"a-section a-spacing-none background-image\"><img decoding=\"async\" class=\"\" src=\"https:\/\/m.media-amazon.com\/images\/S\/aplus-media-library-service-media\/580d0eb1-e9c5-4eb8-b49b-c2bea69b0395.__CR0,0,1464,600_PT0_SX1464_V1___.jpg\" alt=\"sliding gate opener automatic driveway rail nylon gear rack sliding gate hardware sliding gate track\" data-src=\"https:\/\/m.media-amazon.com\/images\/S\/aplus-media-library-service-media\/580d0eb1-e9c5-4eb8-b49b-c2bea69b0395.__CR0,0,1464,600_PT0_SX1464_V1___.jpg\" \/><\/div>\n<\/div>\n<div class=\"a-section a-text-center\">\n<p class=\"aplus-description aplus-container-3 aplus-p1\"><span class=\"a-text-bold\">Hochwertiges Material<\/span>: Hergestellt aus strapazierf\u00e4higem, wetterbest\u00e4ndigem und rostfreiem Nylonmaterial.\u00a0<span class=\"a-text-bold\">Reibungsloser und leiser Betrieb<\/span>: Bietet nahtlose und rauschfreie Leistung.\u00a0<span class=\"a-text-bold\">Kompatibilit\u00e4t<\/span>: Kompatibel mit allen Schiebetorantrieben der Serien ME-GO und ME-MJ von Bl\u00fctezeit.<\/p>\n<\/div>\n<\/div>\n<\/div>\n<div class=\"celwidget aplus-module premium-module-15-text aplus-premium\" data-csa-c-id=\"fw6ze6-80vzp5-7ch9j3-usg9ps\" data-cel-widget=\"aplus-premium-module-15-text\">\n<div class=\"a-section a-spacing-none premium-aplus premium-aplus-module-15\">\n<div class=\"a-section a-spacing-none premium-aplus-15-heading\">\n<h1 class=\"premium-aplus-15-heading-text a-text-bold\">Spezifikation &amp; Paket<\/h1>\n<\/div>\n<div class=\"a-section a-spacing-none\">\n<p class=\"description\"><span class=\"a-text-bold\">Spezifikation &amp; Paket<\/span><\/p>\n<p class=\"description\">Technische Daten<\/p>\n<p class=\"description\">\u2013 Gestelle: 4 St\u00fcck x 3,3 Fu\u00df (insgesamt 13,12 Fu\u00df \/ 4 m)<\/p>\n<p class=\"description\">\u2013 Material: Nylon<\/p>\n<p class=\"description\">\u2013 Gr\u00f6\u00dfe: 39,37 x 1,02 x 0,76 Zoll (1000 x 26 x 20 mm)<\/p>\n<p class=\"description\"><span class=\"a-text-bold\">Paketlisten<\/span><\/p>\n<p class=\"description\">\u2013 4 St\u00fcck x 3,3 Fu\u00df Zahnstange<\/p>\n<p class=\"description\">\u2013 16 St\u00fcck x Montagezubeh\u00f6r (je 4 St\u00fcck)<\/p>\n<p class=\"description\"><span class=\"a-text-bold\">HINWEIS: Tor\u00f6ffner ist NICHT im Lieferumfang enthalten<\/span><\/p>\n<\/div>\n<\/div>\n<\/div>","protected":false},"excerpt":{"rendered":"<p>Hochleistungsf\u00e4hige, verst\u00e4rkte Nylon-Zahnstange mit Metalleinsatz, 4-teilig, Gesamtl\u00e4nge 13,12 Fu\u00df, inklusive Montagematerial f\u00fcr alle Schiebetor\u00f6ffner<\/p>","protected":false},"featured_media":1572,"comment_status":"open","ping_status":"closed","template":"","meta":[],"product_brand":[33],"product_cat":[22,31],"product_tag":[],"class_list":{"0":"post-544","1":"product","2":"type-product","3":"status-publish","4":"has-post-thumbnail","6":"product_brand-blutezeit","7":"product_cat-accessories","8":"product_cat-gate-hardware","10":"first","11":"instock","12":"shipping-taxable","13":"purchasable","14":"product-type-simple"},"yoast_head":"<!-- This site is optimized with the Yoast SEO plugin v26.4 - https:\/\/yoast.com\/wordpress\/plugins\/seo\/ -->\n<title>Nylon Gear Rack (4pcs) - Bl\u00fctezeit<\/title>\n<meta name=\"robots\" content=\"index, follow, max-snippet:-1, max-image-preview:large, max-video-preview:-1\" \/>\n<link rel=\"canonical\" href=\"https:\/\/www.blutezeit.com\/de\/produkt\/mrk4n-nylon-gear-rack-4pcs-metal-insert-sliding-gate\/\" \/>\n<meta property=\"og:locale\" content=\"de_DE\" \/>\n<meta property=\"og:type\" content=\"article\" \/>\n<meta property=\"og:title\" content=\"Nylon Gear Rack (4pcs) - Bl\u00fctezeit\" \/>\n<meta property=\"og:description\" content=\"Heavy-duty reinforced nylon gear rack with metal insert, 4pcs total length 13.12ft, includes mounting hardware for all sliding gate openers\" \/>\n<meta property=\"og:url\" content=\"https:\/\/www.blutezeit.com\/de\/produkt\/mrk4n-nylon-gear-rack-4pcs-metal-insert-sliding-gate\/\" \/>\n<meta property=\"og:site_name\" content=\"Bl\u00fctezeit\" \/>\n<meta property=\"article:modified_time\" content=\"2026-03-09T09:08:35+00:00\" \/>\n<meta property=\"og:image\" content=\"http:\/\/www.blutezeit.com\/wp-content\/uploads\/2025\/07\/Nylon-Gear-Racks-4pcs-for-Sliding-Gate-Opener-1-1.jpg\" \/>\n\t<meta property=\"og:image:width\" content=\"1600\" \/>\n\t<meta property=\"og:image:height\" content=\"1600\" \/>\n\t<meta property=\"og:image:type\" content=\"image\/jpeg\" \/>\n<meta name=\"twitter:card\" content=\"summary_large_image\" \/>\n<meta name=\"twitter:label1\" content=\"Gesch\u00e4tzte Lesezeit\" \/>\n\t<meta name=\"twitter:data1\" content=\"1\u00a0Minute\" \/>\n<script type=\"application\/ld+json\" class=\"yoast-schema-graph\">{\"@context\":\"https:\/\/schema.org\",\"@graph\":[{\"@type\":\"WebPage\",\"@id\":\"https:\/\/www.blutezeit.com\/product\/mrk4n-nylon-gear-rack-4pcs-metal-insert-sliding-gate\/\",\"url\":\"https:\/\/www.blutezeit.com\/product\/mrk4n-nylon-gear-rack-4pcs-metal-insert-sliding-gate\/\",\"name\":\"Nylon Gear Rack (4pcs) - Bl\u00fctezeit\",\"isPartOf\":{\"@id\":\"https:\/\/www.blutezeit.com\/pt\/#website\"},\"primaryImageOfPage\":{\"@id\":\"https:\/\/www.blutezeit.com\/product\/mrk4n-nylon-gear-rack-4pcs-metal-insert-sliding-gate\/#primaryimage\"},\"image\":{\"@id\":\"https:\/\/www.blutezeit.com\/product\/mrk4n-nylon-gear-rack-4pcs-metal-insert-sliding-gate\/#primaryimage\"},\"thumbnailUrl\":\"https:\/\/www.blutezeit.com\/wp-content\/uploads\/2025\/07\/Nylon-Gear-Racks-4pcs-for-Sliding-Gate-Opener-1-1.jpg\",\"datePublished\":\"2025-07-21T15:04:03+00:00\",\"dateModified\":\"2026-03-09T09:08:35+00:00\",\"breadcrumb\":{\"@id\":\"https:\/\/www.blutezeit.com\/product\/mrk4n-nylon-gear-rack-4pcs-metal-insert-sliding-gate\/#breadcrumb\"},\"inLanguage\":\"de\",\"potentialAction\":[{\"@type\":\"ReadAction\",\"target\":[\"https:\/\/www.blutezeit.com\/product\/mrk4n-nylon-gear-rack-4pcs-metal-insert-sliding-gate\/\"]}]},{\"@type\":\"ImageObject\",\"inLanguage\":\"de\",\"@id\":\"https:\/\/www.blutezeit.com\/product\/mrk4n-nylon-gear-rack-4pcs-metal-insert-sliding-gate\/#primaryimage\",\"url\":\"https:\/\/www.blutezeit.com\/wp-content\/uploads\/2025\/07\/Nylon-Gear-Racks-4pcs-for-Sliding-Gate-Opener-1-1.jpg\",\"contentUrl\":\"https:\/\/www.blutezeit.com\/wp-content\/uploads\/2025\/07\/Nylon-Gear-Racks-4pcs-for-Sliding-Gate-Opener-1-1.jpg\",\"width\":1600,\"height\":1600},{\"@type\":\"BreadcrumbList\",\"@id\":\"https:\/\/www.blutezeit.com\/product\/mrk4n-nylon-gear-rack-4pcs-metal-insert-sliding-gate\/#breadcrumb\",\"itemListElement\":[{\"@type\":\"ListItem\",\"position\":1,\"name\":\"\u9996\u9875\",\"item\":\"https:\/\/www.blutezeit.com\/pt\/\"},{\"@type\":\"ListItem\",\"position\":2,\"name\":\"Product\",\"item\":\"https:\/\/www.blutezeit.com\/pt\/shop\/\"},{\"@type\":\"ListItem\",\"position\":3,\"name\":\"Nylon Gear Rack (4pcs)\"}]},{\"@type\":\"WebSite\",\"@id\":\"https:\/\/www.blutezeit.com\/pt\/#website\",\"url\":\"https:\/\/www.blutezeit.com\/pt\/\",\"name\":\"Bl\u00fctezeit\",\"description\":\"Smart &amp; Solar Gate Opener Systems\",\"potentialAction\":[{\"@type\":\"SearchAction\",\"target\":{\"@type\":\"EntryPoint\",\"urlTemplate\":\"https:\/\/www.blutezeit.com\/pt\/?s={search_term_string}\"},\"query-input\":{\"@type\":\"PropertyValueSpecification\",\"valueRequired\":true,\"valueName\":\"search_term_string\"}}],\"inLanguage\":\"de\"}]}<\/script>\n<!-- \/ Yoast SEO plugin. -->","yoast_head_json":{"title":"Nylon Gear Rack (4pcs) - Bl\u00fctezeit","robots":{"index":"index","follow":"follow","max-snippet":"max-snippet:-1","max-image-preview":"max-image-preview:large","max-video-preview":"max-video-preview:-1"},"canonical":"https:\/\/www.blutezeit.com\/de\/produkt\/mrk4n-nylon-gear-rack-4pcs-metal-insert-sliding-gate\/","og_locale":"de_DE","og_type":"article","og_title":"Nylon Gear Rack (4pcs) - Bl\u00fctezeit","og_description":"Heavy-duty reinforced nylon gear rack with metal insert, 4pcs total length 13.12ft, includes mounting hardware for all sliding gate openers","og_url":"https:\/\/www.blutezeit.com\/de\/produkt\/mrk4n-nylon-gear-rack-4pcs-metal-insert-sliding-gate\/","og_site_name":"Bl\u00fctezeit","article_modified_time":"2026-03-09T09:08:35+00:00","og_image":[{"width":1600,"height":1600,"url":"http:\/\/www.blutezeit.com\/wp-content\/uploads\/2025\/07\/Nylon-Gear-Racks-4pcs-for-Sliding-Gate-Opener-1-1.jpg","type":"image\/jpeg"}],"twitter_card":"summary_large_image","twitter_misc":{"Gesch\u00e4tzte Lesezeit":"1\u00a0Minute"},"schema":{"@context":"https:\/\/schema.org","@graph":[{"@type":"WebPage","@id":"https:\/\/www.blutezeit.com\/product\/mrk4n-nylon-gear-rack-4pcs-metal-insert-sliding-gate\/","url":"https:\/\/www.blutezeit.com\/product\/mrk4n-nylon-gear-rack-4pcs-metal-insert-sliding-gate\/","name":"Nylon Gear Rack (4pcs) - Bl\u00fctezeit","isPartOf":{"@id":"https:\/\/www.blutezeit.com\/pt\/#website"},"primaryImageOfPage":{"@id":"https:\/\/www.blutezeit.com\/product\/mrk4n-nylon-gear-rack-4pcs-metal-insert-sliding-gate\/#primaryimage"},"image":{"@id":"https:\/\/www.blutezeit.com\/product\/mrk4n-nylon-gear-rack-4pcs-metal-insert-sliding-gate\/#primaryimage"},"thumbnailUrl":"https:\/\/www.blutezeit.com\/wp-content\/uploads\/2025\/07\/Nylon-Gear-Racks-4pcs-for-Sliding-Gate-Opener-1-1.jpg","datePublished":"2025-07-21T15:04:03+00:00","dateModified":"2026-03-09T09:08:35+00:00","breadcrumb":{"@id":"https:\/\/www.blutezeit.com\/product\/mrk4n-nylon-gear-rack-4pcs-metal-insert-sliding-gate\/#breadcrumb"},"inLanguage":"de","potentialAction":[{"@type":"ReadAction","target":["https:\/\/www.blutezeit.com\/product\/mrk4n-nylon-gear-rack-4pcs-metal-insert-sliding-gate\/"]}]},{"@type":"ImageObject","inLanguage":"de","@id":"https:\/\/www.blutezeit.com\/product\/mrk4n-nylon-gear-rack-4pcs-metal-insert-sliding-gate\/#primaryimage","url":"https:\/\/www.blutezeit.com\/wp-content\/uploads\/2025\/07\/Nylon-Gear-Racks-4pcs-for-Sliding-Gate-Opener-1-1.jpg","contentUrl":"https:\/\/www.blutezeit.com\/wp-content\/uploads\/2025\/07\/Nylon-Gear-Racks-4pcs-for-Sliding-Gate-Opener-1-1.jpg","width":1600,"height":1600},{"@type":"BreadcrumbList","@id":"https:\/\/www.blutezeit.com\/product\/mrk4n-nylon-gear-rack-4pcs-metal-insert-sliding-gate\/#breadcrumb","itemListElement":[{"@type":"ListItem","position":1,"name":"\u9996\u9875","item":"https:\/\/www.blutezeit.com\/pt\/"},{"@type":"ListItem","position":2,"name":"Product","item":"https:\/\/www.blutezeit.com\/pt\/shop\/"},{"@type":"ListItem","position":3,"name":"Nylon Gear Rack (4pcs)"}]},{"@type":"WebSite","@id":"https:\/\/www.blutezeit.com\/pt\/#website","url":"https:\/\/www.blutezeit.com\/pt\/","name":"Bl\u00fctezeit","description":"Intelligente und solare Tor\u00f6ffnersysteme","potentialAction":[{"@type":"SearchAction","target":{"@type":"EntryPoint","urlTemplate":"https:\/\/www.blutezeit.com\/pt\/?s={search_term_string}"},"query-input":{"@type":"PropertyValueSpecification","valueRequired":true,"valueName":"search_term_string"}}],"inLanguage":"de"}]}},"_links":{"self":[{"href":"https:\/\/www.blutezeit.com\/de\/wp-json\/wp\/v2\/product\/544","targetHints":{"allow":["GET"]}}],"collection":[{"href":"https:\/\/www.blutezeit.com\/de\/wp-json\/wp\/v2\/product"}],"about":[{"href":"https:\/\/www.blutezeit.com\/de\/wp-json\/wp\/v2\/types\/product"}],"replies":[{"embeddable":true,"href":"https:\/\/www.blutezeit.com\/de\/wp-json\/wp\/v2\/comments?post=544"}],"wp:featuredmedia":[{"embeddable":true,"href":"https:\/\/www.blutezeit.com\/de\/wp-json\/wp\/v2\/media\/1572"}],"wp:attachment":[{"href":"https:\/\/www.blutezeit.com\/de\/wp-json\/wp\/v2\/media?parent=544"}],"wp:term":[{"taxonomy":"product_brand","embeddable":true,"href":"https:\/\/www.blutezeit.com\/de\/wp-json\/wp\/v2\/product_brand?post=544"},{"taxonomy":"product_cat","embeddable":true,"href":"https:\/\/www.blutezeit.com\/de\/wp-json\/wp\/v2\/product_cat?post=544"},{"taxonomy":"product_tag","embeddable":true,"href":"https:\/\/www.blutezeit.com\/de\/wp-json\/wp\/v2\/product_tag?post=544"}],"curies":[{"name":"wp","href":"https:\/\/api.w.org\/{rel}","templated":true}]}}