{"id":351,"date":"2025-07-14T08:17:26","date_gmt":"2025-07-14T08:17:26","guid":{"rendered":"https:\/\/www.blutezeit.com\/?post_type=product&#038;p=351"},"modified":"2026-03-09T09:09:00","modified_gmt":"2026-03-09T09:09:00","slug":"mwk10-wireless-keypad-backlight-cover-433mhz","status":"publish","type":"product","link":"https:\/\/www.blutezeit.com\/de\/produkt\/mwk10-wireless-keypad-backlight-cover-433mhz\/","title":{"rendered":"Kabellose Tastatur mit Hintergrundbeleuchtung"},"content":{"rendered":"<div class=\"celwidget aplus-module premium-module-2-fullbackground-image aplus-premium\" data-csa-c-id=\"2u4xlf-jgk7fl-va7qm2-e3lhc8\" data-cel-widget=\"aplus-premium-module-2-fullbackground-image\">\n<div class=\"a-section a-spacing-none premium-aplus premium-aplus-module-2\">\n<h3 class=\"a-text-center aplus-container-3 aplus-h1 a-text-bold\"><strong>Drahtloses digitales Tastenfeld f\u00fcr Bl\u00fctezeit Schiebetorantriebe<\/strong><\/h3>\n<div class=\"a-section a-spacing-none premium-background-wrapper\">\n<div class=\"a-section a-spacing-none background-image\"><img decoding=\"async\" class=\"\" src=\"https:\/\/m.media-amazon.com\/images\/S\/aplus-media-library-service-media\/1e18a9c4-ff83-4054-9934-78ce8beb2158.__CR0,0,2928,1200_PT0_SX1464_V1___.jpg\" alt=\"keypad wireless for access system automatic sliding gate opener digit code control security\" data-src=\"https:\/\/m.media-amazon.com\/images\/S\/aplus-media-library-service-media\/1e18a9c4-ff83-4054-9934-78ce8beb2158.__CR0,0,2928,1200_PT0_SX1464_V1___.jpg\" \/><\/div>\n<\/div>\n<div class=\"a-section a-text-center\">\n<h5 class=\"aplus-description aplus-container-3 aplus-p1\"><span class=\"a-text-bold\">Kabelloses Design<\/span>\u00a0\u2013 Verwenden Sie nur 3 AAA-Batterien ohne Kabelverbindung.\u00a0<span class=\"a-text-bold\">Schnelle Installation<\/span>\u00a0\u2013 Mit Schrauben an der Wand montierbar oder direkt mit doppelseitigem 3M-Klebeband an die Wand kleben.\u00a0<span class=\"a-text-bold\">Remote-Duplikator<\/span>\u00a0\u2013 Doppelte Codes von anderen 433-MHz-Fernbedienungen. Das Erlernen von Codes von Tor\u00f6ffnern wird NICHT unterst\u00fctzt.<\/h5>\n<\/div>\n<\/div>\n<\/div>\n<div class=\"celwidget aplus-module premium-module-2-fullbackground-image aplus-premium\" data-csa-c-id=\"537u5d-b7s9v4-sqy7ju-fwjh1u\" data-cel-widget=\"aplus-premium-module-2-fullbackground-image\">\n<div class=\"a-section a-spacing-none premium-aplus premium-aplus-module-2\">\n<h3 class=\"a-text-center aplus-container-3 aplus-h1 a-text-bold\"><strong>Zur Sicherheit am Gate-Zugang installiert<\/strong><\/h3>\n<div class=\"a-section a-spacing-none premium-background-wrapper\">\n<div class=\"a-section a-spacing-none background-image\"><img decoding=\"async\" class=\"\" src=\"https:\/\/m.media-amazon.com\/images\/S\/aplus-media-library-service-media\/7f48f605-98bb-44ba-9656-58724f68412d.__CR0,0,2928,1200_PT0_SX1464_V1___.jpg\" alt=\"keypad for gate access system safety security property wall mount dulplicator remote control\" data-src=\"https:\/\/m.media-amazon.com\/images\/S\/aplus-media-library-service-media\/7f48f605-98bb-44ba-9656-58724f68412d.__CR0,0,2928,1200_PT0_SX1464_V1___.jpg\" \/><\/div>\n<\/div>\n<div class=\"a-section a-text-center\">\n<h5 class=\"aplus-description aplus-container-3 aplus-p1\"><span class=\"a-text-bold\">Gro\u00dfe Auswahl<\/span>\u00a0\u2013 Die Reichweite der Wandfernbedienung kann im freien Raum 100 Fu\u00df\/30 m erreichen.\u00a0<span class=\"a-text-bold\">Zus\u00e4tzliche Sicherheit<\/span>\u00a0\u2013 Sie k\u00f6nnen dieses kabellose Tastenfeld am Eingang, Ausgang oder an beiden Seiten Ihrer Tore anbringen, um autorisierte Besuche zu gew\u00e4hrleisten. Keine Sorge, wenn Sie Fernbedienungen oder Schl\u00fcssel vergessen.<\/h5>\n<\/div>\n<\/div>\n<\/div>\n<div class=\"celwidget aplus-module premium-module-2-fullbackground-image aplus-premium\" data-csa-c-id=\"f9npp1-a2encb-us87b8-sv3nt1\" data-cel-widget=\"aplus-premium-module-2-fullbackground-image\">\n<div class=\"a-section a-spacing-none premium-aplus premium-aplus-module-2\">\n<h3 class=\"a-text-center aplus-container-3 aplus-h1 a-text-bold\"><strong>Tastatur plus 3-Tasten-Steuerung in einem Pad<\/strong><\/h3>\n<div class=\"a-section a-spacing-none premium-background-wrapper\">\n<p><img decoding=\"async\" class=\"\" src=\"https:\/\/m.media-amazon.com\/images\/S\/aplus-media-library-service-media\/56a41b68-0de5-4d3e-907d-48ea6adbe1ac.__CR0,0,2928,1200_PT0_SX1464_V1___.jpg\" alt=\"wireless digital keypad control for gate opening and close, entrance exit access system\" data-src=\"https:\/\/m.media-amazon.com\/images\/S\/aplus-media-library-service-media\/56a41b68-0de5-4d3e-907d-48ea6adbe1ac.__CR0,0,2928,1200_PT0_SX1464_V1___.jpg\" \/><\/p>\n<\/div>\n<div class=\"a-section a-text-center\">\n<h5 class=\"aplus-description aplus-container-3 aplus-p1\"><span class=\"a-text-bold\">Einfach und doch sicher<\/span>\u00a0\u2013 Durch die Eingabe eines Codes k\u00f6nnen Sie Ihr Tor ganz einfach steuern. Sie k\u00f6nnen die Steuertasten Ihren Bed\u00fcrfnissen entsprechend mit den Original-Bl\u00fctezeit-Fernbedienungen abgleichen.\u00a0<span class=\"a-text-bold\">Auto-ESC-Modus<\/span>\u00a0\u2013 Dr\u00fccken Sie ESC, um das Programm zu beenden. Andernfalls wird das Ger\u00e4t aus Sicherheitsgr\u00fcnden nach 10 Sekunden automatisch beendet, wenn keine weiteren Vorg\u00e4nge ausgef\u00fchrt werden.<\/h5>\n<\/div>\n<\/div>\n<\/div>\n<div class=\"celwidget aplus-module premium-module-2-fullbackground-image aplus-premium\" data-csa-c-id=\"o91n6s-bdy9jn-1a39xm-qypi8r\" data-cel-widget=\"aplus-premium-module-2-fullbackground-image\">\n<div class=\"a-section a-spacing-none premium-aplus premium-aplus-module-2\">\n<h3 class=\"a-text-center aplus-container-3 aplus-h1 a-text-bold\"><strong>Wasserdicht + Hintergrundbeleuchtung Einzigartiges Design<\/strong><\/h3>\n<div class=\"a-section a-spacing-none premium-background-wrapper\">\n<div class=\"a-section a-spacing-none background-image\"><img decoding=\"async\" class=\"\" src=\"https:\/\/m.media-amazon.com\/images\/S\/aplus-media-library-service-media\/5e3b3b00-b2fe-4f18-aa64-318817e0e12a.__CR0,0,2928,1200_PT0_SX1464_V1___.jpg\" alt=\"waterproof wireless keypad universal for automatic sliding gate opener access system\" data-src=\"https:\/\/m.media-amazon.com\/images\/S\/aplus-media-library-service-media\/5e3b3b00-b2fe-4f18-aa64-318817e0e12a.__CR0,0,2928,1200_PT0_SX1464_V1___.jpg\" \/><\/div>\n<\/div>\n<div class=\"a-section a-text-center\">\n<h5 class=\"aplus-description aplus-container-3 aplus-p1\"><span class=\"a-text-bold\">Wasserdicht IPX6<\/span>\u00a0\u2013 Dieses Tastenfeld ist mit hochwertigem Silikon versiegelt, das wasser- und staubabweisend ist. Die transparente H\u00fclle verleiht ihm mehr Design und bietet doppelten Schutz.\u00a0<span class=\"a-text-bold\">LED-Hintergrundbeleuchtung<\/span>\u00a0\u2013 Die integrierte blaue Hintergrundbeleuchtung erm\u00f6glicht eine hohe Sichtbarkeit bei Nacht oder in dunklen Bereichen und macht es noch hochwertiger.<\/h5>\n<\/div>\n<\/div>\n<\/div>\n<div class=\"celwidget aplus-module premium-module-15-text aplus-premium\" data-csa-c-id=\"kycn1f-s2lppe-lcolz0-ukkplb\" data-cel-widget=\"aplus-premium-module-15-text\">\n<div class=\"a-section a-spacing-none premium-aplus premium-aplus-module-15\">\n<div class=\"a-section a-spacing-none\">\n<h5><strong><span class=\"a-list-item\"><u><span class=\"a-text-bold\">Weitere Funktionen:<\/span><\/u><\/span><\/strong><\/h5>\n<ul>\n<li><span class=\"a-list-item\">Leistungsstarker Kern \u2013 Eingebauter leistungsstarker Chip zur \u00dcbertragung drahtloser Signale; Stromversorgung \u00fcber 3 AAA-Batterien.<\/span><\/li>\n<li><span class=\"a-list-item\">Simultane Steuerung \u2013 Dieses Tastenfeld ist mit den ME-GO-Fernbedienungen von Bl\u00fctezeit kompatibel und kann gleichzeitig mit den Originalfernbedienungen verwendet werden.<\/span><\/li>\n<li><span class=\"a-list-item\">Wichtiger Hinweis \u2013 NUR zur Verwendung mit Bl\u00fctezeit ME-GO Schiebetorantrieben. Wechseln Sie die Batterien im Inneren, wenn sie leer sind.<\/span><\/li>\n<\/ul>\n<h5><strong><span class=\"a-list-item\"><span class=\"a-text-bold\"><u>Packliste:<\/u><\/span><\/span><\/strong><\/h5>\n<ul>\n<li><span class=\"a-list-item\">1 x Tastatur (3 AAA-Batterien im Lieferumfang enthalten);<\/span><\/li>\n<li><span class=\"a-list-item\">2 x Schrauben und Bolzen<\/span><\/li>\n<li><span class=\"a-list-item\">1 x hochfestes doppelseitiges Klebeband<\/span><\/li>\n<\/ul>\n<\/div>\n<\/div>\n<\/div>","protected":false},"excerpt":{"rendered":"<p>Drahtloses 433-MHz-Ziffernfeld mit Hintergrundbeleuchtung und wasserdichter Abdeckung<\/p>","protected":false},"featured_media":1297,"comment_status":"open","ping_status":"closed","template":"","meta":[],"product_brand":[33],"product_cat":[22,24],"product_tag":[],"class_list":{"0":"post-351","1":"product","2":"type-product","3":"status-publish","4":"has-post-thumbnail","6":"product_brand-blutezeit","7":"product_cat-accessories","8":"product_cat-remote-access-control","10":"first","11":"instock","12":"shipping-taxable","13":"purchasable","14":"product-type-simple"},"yoast_head":"<!-- This site is optimized with the Yoast SEO plugin v26.4 - https:\/\/yoast.com\/wordpress\/plugins\/seo\/ -->\n<title>Wireless Keypad w\/ Backlight - Bl\u00fctezeit<\/title>\n<meta name=\"robots\" content=\"index, follow, max-snippet:-1, max-image-preview:large, max-video-preview:-1\" \/>\n<link rel=\"canonical\" href=\"https:\/\/www.blutezeit.com\/de\/produkt\/mwk10-wireless-keypad-backlight-cover-433mhz\/\" \/>\n<meta property=\"og:locale\" content=\"de_DE\" \/>\n<meta property=\"og:type\" content=\"article\" \/>\n<meta property=\"og:title\" content=\"Wireless Keypad w\/ Backlight - Bl\u00fctezeit\" \/>\n<meta property=\"og:description\" content=\"433MHz wireless numeric keypad with backlight and waterproof cover\" \/>\n<meta property=\"og:url\" content=\"https:\/\/www.blutezeit.com\/de\/produkt\/mwk10-wireless-keypad-backlight-cover-433mhz\/\" \/>\n<meta property=\"og:site_name\" content=\"Bl\u00fctezeit\" \/>\n<meta property=\"article:modified_time\" content=\"2026-03-09T09:09:00+00:00\" \/>\n<meta property=\"og:image\" content=\"http:\/\/www.blutezeit.com\/wp-content\/uploads\/2025\/12\/Wireless-Keypad-1pc-1-1.jpg\" \/>\n\t<meta property=\"og:image:width\" content=\"1600\" \/>\n\t<meta property=\"og:image:height\" content=\"1600\" \/>\n\t<meta property=\"og:image:type\" content=\"image\/jpeg\" \/>\n<meta name=\"twitter:card\" content=\"summary_large_image\" \/>\n<meta name=\"twitter:label1\" content=\"Gesch\u00e4tzte Lesezeit\" \/>\n\t<meta name=\"twitter:data1\" content=\"3\u00a0Minuten\" \/>\n<script type=\"application\/ld+json\" class=\"yoast-schema-graph\">{\"@context\":\"https:\/\/schema.org\",\"@graph\":[{\"@type\":\"WebPage\",\"@id\":\"https:\/\/www.blutezeit.com\/product\/mwk10-wireless-keypad-backlight-cover-433mhz\/\",\"url\":\"https:\/\/www.blutezeit.com\/product\/mwk10-wireless-keypad-backlight-cover-433mhz\/\",\"name\":\"Wireless Keypad w\/ Backlight - Bl\u00fctezeit\",\"isPartOf\":{\"@id\":\"https:\/\/www.blutezeit.com\/pt\/#website\"},\"primaryImageOfPage\":{\"@id\":\"https:\/\/www.blutezeit.com\/product\/mwk10-wireless-keypad-backlight-cover-433mhz\/#primaryimage\"},\"image\":{\"@id\":\"https:\/\/www.blutezeit.com\/product\/mwk10-wireless-keypad-backlight-cover-433mhz\/#primaryimage\"},\"thumbnailUrl\":\"https:\/\/www.blutezeit.com\/wp-content\/uploads\/2025\/12\/Wireless-Keypad-1pc-1-1.jpg\",\"datePublished\":\"2025-07-14T08:17:26+00:00\",\"dateModified\":\"2026-03-09T09:09:00+00:00\",\"breadcrumb\":{\"@id\":\"https:\/\/www.blutezeit.com\/product\/mwk10-wireless-keypad-backlight-cover-433mhz\/#breadcrumb\"},\"inLanguage\":\"de\",\"potentialAction\":[{\"@type\":\"ReadAction\",\"target\":[\"https:\/\/www.blutezeit.com\/product\/mwk10-wireless-keypad-backlight-cover-433mhz\/\"]}]},{\"@type\":\"ImageObject\",\"inLanguage\":\"de\",\"@id\":\"https:\/\/www.blutezeit.com\/product\/mwk10-wireless-keypad-backlight-cover-433mhz\/#primaryimage\",\"url\":\"https:\/\/www.blutezeit.com\/wp-content\/uploads\/2025\/12\/Wireless-Keypad-1pc-1-1.jpg\",\"contentUrl\":\"https:\/\/www.blutezeit.com\/wp-content\/uploads\/2025\/12\/Wireless-Keypad-1pc-1-1.jpg\",\"width\":1600,\"height\":1600},{\"@type\":\"BreadcrumbList\",\"@id\":\"https:\/\/www.blutezeit.com\/product\/mwk10-wireless-keypad-backlight-cover-433mhz\/#breadcrumb\",\"itemListElement\":[{\"@type\":\"ListItem\",\"position\":1,\"name\":\"\u9996\u9875\",\"item\":\"https:\/\/www.blutezeit.com\/pt\/\"},{\"@type\":\"ListItem\",\"position\":2,\"name\":\"Product\",\"item\":\"https:\/\/www.blutezeit.com\/pt\/shop\/\"},{\"@type\":\"ListItem\",\"position\":3,\"name\":\"Wireless Keypad w\/ Backlight\"}]},{\"@type\":\"WebSite\",\"@id\":\"https:\/\/www.blutezeit.com\/pt\/#website\",\"url\":\"https:\/\/www.blutezeit.com\/pt\/\",\"name\":\"Bl\u00fctezeit\",\"description\":\"Smart &amp; Solar Gate Opener Systems\",\"potentialAction\":[{\"@type\":\"SearchAction\",\"target\":{\"@type\":\"EntryPoint\",\"urlTemplate\":\"https:\/\/www.blutezeit.com\/pt\/?s={search_term_string}\"},\"query-input\":{\"@type\":\"PropertyValueSpecification\",\"valueRequired\":true,\"valueName\":\"search_term_string\"}}],\"inLanguage\":\"de\"}]}<\/script>\n<!-- \/ Yoast SEO plugin. -->","yoast_head_json":{"title":"Wireless Keypad w\/ Backlight - Bl\u00fctezeit","robots":{"index":"index","follow":"follow","max-snippet":"max-snippet:-1","max-image-preview":"max-image-preview:large","max-video-preview":"max-video-preview:-1"},"canonical":"https:\/\/www.blutezeit.com\/de\/produkt\/mwk10-wireless-keypad-backlight-cover-433mhz\/","og_locale":"de_DE","og_type":"article","og_title":"Wireless Keypad w\/ Backlight - Bl\u00fctezeit","og_description":"433MHz wireless numeric keypad with backlight and waterproof cover","og_url":"https:\/\/www.blutezeit.com\/de\/produkt\/mwk10-wireless-keypad-backlight-cover-433mhz\/","og_site_name":"Bl\u00fctezeit","article_modified_time":"2026-03-09T09:09:00+00:00","og_image":[{"width":1600,"height":1600,"url":"http:\/\/www.blutezeit.com\/wp-content\/uploads\/2025\/12\/Wireless-Keypad-1pc-1-1.jpg","type":"image\/jpeg"}],"twitter_card":"summary_large_image","twitter_misc":{"Gesch\u00e4tzte Lesezeit":"3\u00a0Minuten"},"schema":{"@context":"https:\/\/schema.org","@graph":[{"@type":"WebPage","@id":"https:\/\/www.blutezeit.com\/product\/mwk10-wireless-keypad-backlight-cover-433mhz\/","url":"https:\/\/www.blutezeit.com\/product\/mwk10-wireless-keypad-backlight-cover-433mhz\/","name":"Wireless Keypad w\/ Backlight - Bl\u00fctezeit","isPartOf":{"@id":"https:\/\/www.blutezeit.com\/pt\/#website"},"primaryImageOfPage":{"@id":"https:\/\/www.blutezeit.com\/product\/mwk10-wireless-keypad-backlight-cover-433mhz\/#primaryimage"},"image":{"@id":"https:\/\/www.blutezeit.com\/product\/mwk10-wireless-keypad-backlight-cover-433mhz\/#primaryimage"},"thumbnailUrl":"https:\/\/www.blutezeit.com\/wp-content\/uploads\/2025\/12\/Wireless-Keypad-1pc-1-1.jpg","datePublished":"2025-07-14T08:17:26+00:00","dateModified":"2026-03-09T09:09:00+00:00","breadcrumb":{"@id":"https:\/\/www.blutezeit.com\/product\/mwk10-wireless-keypad-backlight-cover-433mhz\/#breadcrumb"},"inLanguage":"de","potentialAction":[{"@type":"ReadAction","target":["https:\/\/www.blutezeit.com\/product\/mwk10-wireless-keypad-backlight-cover-433mhz\/"]}]},{"@type":"ImageObject","inLanguage":"de","@id":"https:\/\/www.blutezeit.com\/product\/mwk10-wireless-keypad-backlight-cover-433mhz\/#primaryimage","url":"https:\/\/www.blutezeit.com\/wp-content\/uploads\/2025\/12\/Wireless-Keypad-1pc-1-1.jpg","contentUrl":"https:\/\/www.blutezeit.com\/wp-content\/uploads\/2025\/12\/Wireless-Keypad-1pc-1-1.jpg","width":1600,"height":1600},{"@type":"BreadcrumbList","@id":"https:\/\/www.blutezeit.com\/product\/mwk10-wireless-keypad-backlight-cover-433mhz\/#breadcrumb","itemListElement":[{"@type":"ListItem","position":1,"name":"\u9996\u9875","item":"https:\/\/www.blutezeit.com\/pt\/"},{"@type":"ListItem","position":2,"name":"Product","item":"https:\/\/www.blutezeit.com\/pt\/shop\/"},{"@type":"ListItem","position":3,"name":"Wireless Keypad w\/ Backlight"}]},{"@type":"WebSite","@id":"https:\/\/www.blutezeit.com\/pt\/#website","url":"https:\/\/www.blutezeit.com\/pt\/","name":"Bl\u00fctezeit","description":"Intelligente und solare Tor\u00f6ffnersysteme","potentialAction":[{"@type":"SearchAction","target":{"@type":"EntryPoint","urlTemplate":"https:\/\/www.blutezeit.com\/pt\/?s={search_term_string}"},"query-input":{"@type":"PropertyValueSpecification","valueRequired":true,"valueName":"search_term_string"}}],"inLanguage":"de"}]}},"_links":{"self":[{"href":"https:\/\/www.blutezeit.com\/de\/wp-json\/wp\/v2\/product\/351","targetHints":{"allow":["GET"]}}],"collection":[{"href":"https:\/\/www.blutezeit.com\/de\/wp-json\/wp\/v2\/product"}],"about":[{"href":"https:\/\/www.blutezeit.com\/de\/wp-json\/wp\/v2\/types\/product"}],"replies":[{"embeddable":true,"href":"https:\/\/www.blutezeit.com\/de\/wp-json\/wp\/v2\/comments?post=351"}],"wp:featuredmedia":[{"embeddable":true,"href":"https:\/\/www.blutezeit.com\/de\/wp-json\/wp\/v2\/media\/1297"}],"wp:attachment":[{"href":"https:\/\/www.blutezeit.com\/de\/wp-json\/wp\/v2\/media?parent=351"}],"wp:term":[{"taxonomy":"product_brand","embeddable":true,"href":"https:\/\/www.blutezeit.com\/de\/wp-json\/wp\/v2\/product_brand?post=351"},{"taxonomy":"product_cat","embeddable":true,"href":"https:\/\/www.blutezeit.com\/de\/wp-json\/wp\/v2\/product_cat?post=351"},{"taxonomy":"product_tag","embeddable":true,"href":"https:\/\/www.blutezeit.com\/de\/wp-json\/wp\/v2\/product_tag?post=351"}],"curies":[{"name":"wp","href":"https:\/\/api.w.org\/{rel}","templated":true}]}}