{"id":309,"date":"2025-07-12T03:43:12","date_gmt":"2025-07-12T03:43:12","guid":{"rendered":"https:\/\/www.blutezeit.com\/?post_type=product&#038;p=309"},"modified":"2026-03-18T08:14:12","modified_gmt":"2026-03-18T08:14:12","slug":"mrk6s-steel-gear-rack-20ft-6pcs-heavy-duty-gate","status":"publish","type":"product","link":"https:\/\/www.blutezeit.com\/de\/produkt\/mrk6s-steel-gear-rack-20ft-6pcs-heavy-duty-gate\/","title":{"rendered":"Zahnstange aus Stahl 19,68 Fu\u00df (3,28 Fu\u00df\/St\u00fcck, 6 St\u00fcck)"},"content":{"rendered":"<div class=\"celwidget aplus-module premium-module-2-fullbackground-image aplus-premium\" data-csa-c-id=\"nimacg-vwd4ix-s8cgoo-ihp9d7\" data-cel-widget=\"aplus-premium-module-2-fullbackground-image\">\n<div class=\"a-section a-spacing-none premium-aplus premium-aplus-module-2\">\n<h1 class=\"a-text-center aplus-container-3 aplus-h1 a-text-bold\">Bl\u00fctezeit Zahnstangen f\u00fcr Schiebetorantriebe<\/h1>\n<div class=\"a-section a-spacing-none premium-background-wrapper\">\n<div class=\"a-section a-spacing-none background-image\"><img decoding=\"async\" class=\"\" src=\"https:\/\/m.media-amazon.com\/images\/S\/aplus-media-library-service-media\/5e675483-6af1-490f-af62-c180a9e73c0f.__CR0,0,2000,820_PT0_SX1464_V1___.jpg\" alt=\"steel gear racks for sliding gate opener driveway heavy duty\" data-src=\"https:\/\/m.media-amazon.com\/images\/S\/aplus-media-library-service-media\/5e675483-6af1-490f-af62-c180a9e73c0f.__CR0,0,2000,820_PT0_SX1464_V1___.jpg\" \/><\/div>\n<\/div>\n<div class=\"a-section a-text-center\">\n<p class=\"aplus-description aplus-container-3 aplus-p1\">*\u00a0<span class=\"a-text-bold\">Hergestellt aus hochwertigem verzinktem Stahl<\/span>\u00a0\u2013 Wetterbest\u00e4ndig, rostfrei und langlebig. *\u00a0<span class=\"a-text-bold\">Rack-gesteuertes Design<\/span>\u00a0\u2013 Sorgt f\u00fcr ein sauberes Aussehen, sanftere Bewegungen und einen leiseren Betrieb bei weniger Wartung. *\u00a0<span class=\"a-text-bold\">Schwei\u00dfen erforderlich<\/span>\u00a0\u2013 F\u00fcr eine sichere Montage m\u00fcssen Muttern (im Lieferumfang enthalten) an den Torrahmen geschwei\u00dft werden.<\/p>\n<\/div>\n<\/div>\n<\/div>\n<div class=\"celwidget aplus-module premium-module-16-tech-specs aplus-premium\" data-csa-c-id=\"vmoo8d-y0lksz-59yecw-sijfa8\" data-cel-widget=\"aplus-premium-module-16-tech-specs\">\n<div class=\"a-section a-spacing-none aplus-index-1 premium-aplus premium-aplus-module-16 aplus-container-3\">\n<h3 class=\"a-size-extra-large a-spacing-base a-text-center\">Spezifikation<\/h3>\n<div class=\"a-row\">\n<div class=\"a-column a-span6\">\n<table class=\"a-bordered a-horizontal-stripes aplus-tech-spec-table\">\n<tbody>\n<tr>\n<td class=\"a-text-bold\">Rackl\u00e4nge (jeweils)<\/td>\n<td>1 Meter pro St\u00fcck<\/td>\n<\/tr>\n<tr>\n<td class=\"a-text-bold\">Gesamtl\u00e4nge des Racks<\/td>\n<td>19,7 Fu\u00df (6 Meter, insgesamt 6 St\u00fcck)<\/td>\n<\/tr>\n<tr>\n<td class=\"a-text-bold\">Ma\u00dfe<\/td>\n<td>39,37\u2033 x 1,18\u2033 x 0,32\u2033 (1000 x 30 x 8 mm)<\/td>\n<\/tr>\n<tr>\n<td class=\"a-text-bold\">Gewicht (pro Rack)<\/td>\n<td>Ca. 1,5 kg pro St\u00fcck<\/td>\n<\/tr>\n<\/tbody>\n<\/table>\n<\/div>\n<div class=\"a-column a-span6 a-span-last\">\n<table class=\"a-bordered a-horizontal-stripes aplus-tech-spec-table\">\n<tbody>\n<tr>\n<td class=\"a-text-bold\">Montagezubeh\u00f6r<\/td>\n<td>18 Schrauben (3 pro Rackabschnitt)<\/td>\n<\/tr>\n<tr>\n<td class=\"a-text-bold\">Tonh\u00f6he<\/td>\n<td>0,512 Zoll \/ 13 mm<\/td>\n<\/tr>\n<tr>\n<td class=\"a-text-bold\">Kompatibilit\u00e4t<\/td>\n<td>Kompatibel mit allen Bl\u00fctezeit Schiebetorantrieben<\/td>\n<\/tr>\n<tr>\n<td class=\"a-text-bold\">Installationshinweise<\/td>\n<td>Die Muttern m\u00fcssen an das Tor geschwei\u00dft werden, nicht an die Zahnstange selbst.<\/td>\n<\/tr>\n<\/tbody>\n<\/table>\n<\/div>\n<\/div>\n<\/div>\n<\/div>\n<div class=\"celwidget aplus-module premium-module-2-fullbackground-image aplus-premium\" data-csa-c-id=\"r7l7f3-jqnmgn-am7fa8-xw2aee\" data-cel-widget=\"aplus-premium-module-2-fullbackground-image\">\n<div class=\"a-section a-spacing-none premium-aplus premium-aplus-module-2\">\n<h1 class=\"a-text-center aplus-container-3 aplus-h1 a-text-bold\">Robuster, massiver verzinkter Stahl<\/h1>\n<div class=\"a-section a-spacing-none premium-background-wrapper\">\n<div class=\"a-section a-spacing-none background-image\"><img decoding=\"async\" class=\"\" src=\"https:\/\/m.media-amazon.com\/images\/S\/aplus-media-library-service-media\/b9865b6d-8e25-4557-b138-c4a6edbc7c19.__CR0,0,1464,600_PT0_SX1464_V1___.jpg\" alt=\"sliding gate opener rack drive gear racks solid driveway accessory hardware kit\" data-src=\"https:\/\/m.media-amazon.com\/images\/S\/aplus-media-library-service-media\/b9865b6d-8e25-4557-b138-c4a6edbc7c19.__CR0,0,1464,600_PT0_SX1464_V1___.jpg\" \/><\/div>\n<\/div>\n<div class=\"a-section a-text-center\"><\/div>\n<\/div>\n<\/div>\n<div class=\"celwidget aplus-module premium-module-15-text aplus-premium\" data-csa-c-id=\"uftriz-cxfwjz-ub706d-4s55t3\" data-cel-widget=\"aplus-premium-module-15-text\">\n<div class=\"a-section a-spacing-none premium-aplus premium-aplus-module-15\">\n<div class=\"a-section a-spacing-none premium-aplus-15-heading\">\n<h1 class=\"premium-aplus-15-heading-text a-text-bold\">Schritte zur Installation einer Zahnstange aus Stahl<\/h1>\n<\/div>\n<div class=\"a-section a-spacing-none\">\n<ol class=\"a-ordered-list a-vertical\">\n<li><span class=\"a-list-item\"><span class=\"a-text-bold\">Ersten Rackabschnitt pr\u00e4zise ausrichten<\/span>\u00a0Positionieren Sie den ersten Zahnstangenabschnitt am Torrahmen und setzen Sie ihn fest auf das Antriebszahnrad des Motors. Stellen Sie sicher, dass die Z\u00e4hne des Zahnrads vollst\u00e4ndig in die Z\u00e4hne der Zahnstange eingreifen, um eine reibungslose Bewegung und optimalen Kontakt zu gew\u00e4hrleisten.<\/span><\/li>\n<li><span class=\"a-list-item\"><span class=\"a-text-bold\">Richten Sie das Rack aus<\/span>\u00a0Verwenden Sie eine Wasserwaage, um sicherzustellen, dass das Gestell vollkommen waagerecht steht.<span class=\"a-text-bold\">\u00a0<\/span><span class=\"a-text-italic\"><span class=\"a-text-bold\">Tipp:\u00a0<\/span>Halten Sie zwischen Zahnrad und Zahnstange einen kleinen Abstand (1\u20132 mm) ein, um W\u00e4rmeausdehnung zu erm\u00f6glichen und unn\u00f6tige Reibung zu vermeiden.<\/span><\/span><\/li>\n<li><span class=\"a-list-item\"><span class=\"a-text-bold\">Testen Sie die manuelle Bewegung<\/span>\u00a0Schieben Sie das Tor vorsichtig mit der Hand entlang der Schiene, um festzustellen, ob es klemmt oder nicht richtig ausgerichtet ist. Die Zahnstange sollte sich frei bewegen und jederzeit fest mit dem Antriebszahnrad verbunden sein.<\/span><\/li>\n<li><span class=\"a-list-item\"><span class=\"a-text-bold\">Nur die Befestigungsmuttern anschwei\u00dfen<\/span>.\u00a0<span class=\"a-text-bold\">*<span class=\"a-text-italic\">\u00a0<u>Schwei\u00dfen Sie das Gestell NICHT direkt an das Tor<\/u>\u00a0<\/span>*\u00a0<\/span>Schwei\u00dfen Sie stattdessen die mitgelieferte\u00a0<span class=\"a-text-bold\">Befestigungsmuttern (Gewindeeins\u00e4tze)<\/span>\u00a0An den gew\u00fcnschten Befestigungspunkten an der Toroberfl\u00e4che befestigen. Sobald die Muttern festgezogen sind, befestigen Sie das Gestell mit den mitgelieferten Schrauben.<\/span><\/li>\n<li><span class=\"a-list-item\"><span class=\"a-text-bold\">Installieren zus\u00e4tzlicher Rackabschnitte<\/span>\u00a0Richten Sie das n\u00e4chste Zahnstangenst\u00fcck so aus, dass die Z\u00e4hne genau aufeinander passen \u2013 ohne L\u00fccken oder \u00dcberlappungen. Wiederholen Sie die obigen Schritte f\u00fcr jeden Abschnitt, bis die gesamte Torl\u00e4nge abgedeckt ist.<\/span><\/li>\n<\/ol>\n<p>&nbsp;<\/p>\n<ul class=\"a-unordered-list a-vertical\">\n<li><span class=\"a-list-item\">Sorgen Sie f\u00fcr eine gleichm\u00e4\u00dfige Zahnausrichtung zwischen den Zahnstangensegmenten, um ein Verklemmen w\u00e4hrend der Torbewegung zu vermeiden.<\/span><\/li>\n<li><span class=\"a-list-item\">Testen Sie nach Abschluss der Installation das gesamte System mit dem Tor\u00f6ffner, um einen reibungslosen, leisen und stabilen Betrieb sicherzustellen.<\/span><\/li>\n<li><span class=\"a-list-item\">Verwenden Sie bei Bedarf Rostschutzfarbe oder eine Schutzbeschichtung an den Schwei\u00dfpunkten, um eine langfristige Haltbarkeit im Au\u00dfenbereich zu gew\u00e4hrleisten.<\/span><\/li>\n<li><span class=\"a-list-item\"><span class=\"a-text-bold\">Die Bolzen NICHT schwei\u00dfen<\/span>\u00a0am Gep\u00e4cktr\u00e4ger oder Tor. Verwenden Sie sie nur zur Befestigung.<\/span><\/li>\n<li><span class=\"a-list-item\"><span class=\"a-text-bold\">Schwei\u00dfen Sie NICHT zwei Rackabschnitte zusammen.<\/span>\u00a0Richten Sie diese exakt aus und verschrauben Sie sie einzeln.<\/span><\/li>\n<\/ul>\n<\/div>\n<\/div>\n<\/div>","protected":false},"excerpt":{"rendered":"<p>Zahnstange aus 8 mm starkem, verzinktem Stahl, 6 x 3,28 Fu\u00df lange Abschnitte (insgesamt 19,7 Fu\u00df) mit Befestigungsmaterial f\u00fcr Schwerlast-Schiebetorsysteme<\/p>","protected":false},"featured_media":533,"comment_status":"open","ping_status":"closed","template":"","meta":[],"product_brand":[33],"product_cat":[22,31],"product_tag":[],"class_list":{"0":"post-309","1":"product","2":"type-product","3":"status-publish","4":"has-post-thumbnail","6":"product_brand-blutezeit","7":"product_cat-accessories","8":"product_cat-gate-hardware","10":"first","11":"instock","12":"shipping-taxable","13":"purchasable","14":"product-type-simple"},"yoast_head":"<!-- This site is optimized with the Yoast SEO plugin v26.4 - https:\/\/yoast.com\/wordpress\/plugins\/seo\/ -->\n<title>Steel Gear Rack 19.68ft (3.28ft\/pc, 6pcs) - Bl\u00fctezeit<\/title>\n<meta name=\"robots\" content=\"index, follow, max-snippet:-1, max-image-preview:large, max-video-preview:-1\" \/>\n<link rel=\"canonical\" href=\"https:\/\/www.blutezeit.com\/de\/produkt\/mrk6s-steel-gear-rack-20ft-6pcs-heavy-duty-gate\/\" \/>\n<meta property=\"og:locale\" content=\"de_DE\" \/>\n<meta property=\"og:type\" content=\"article\" \/>\n<meta property=\"og:title\" content=\"Steel Gear Rack 19.68ft (3.28ft\/pc, 6pcs) - Bl\u00fctezeit\" \/>\n<meta property=\"og:description\" content=\"8mm galvanized steel gear rack, 6\u00d73.28ft sections (total 19.7ft) with mounting hardware for heavy-duty sliding gate systems\" \/>\n<meta property=\"og:url\" content=\"https:\/\/www.blutezeit.com\/de\/produkt\/mrk6s-steel-gear-rack-20ft-6pcs-heavy-duty-gate\/\" \/>\n<meta property=\"og:site_name\" content=\"Bl\u00fctezeit\" \/>\n<meta property=\"article:modified_time\" content=\"2026-03-18T08:14:12+00:00\" \/>\n<meta property=\"og:image\" content=\"http:\/\/www.blutezeit.com\/wp-content\/uploads\/2025\/07\/Steel-Gear-Racks-6pcs-for-Sliding-Gate-Opener-1.jpg\" \/>\n\t<meta property=\"og:image:width\" content=\"1500\" \/>\n\t<meta property=\"og:image:height\" content=\"1500\" \/>\n\t<meta property=\"og:image:type\" content=\"image\/jpeg\" \/>\n<meta name=\"twitter:card\" content=\"summary_large_image\" \/>\n<meta name=\"twitter:label1\" content=\"Gesch\u00e4tzte Lesezeit\" \/>\n\t<meta name=\"twitter:data1\" content=\"3\u00a0Minuten\" \/>\n<script type=\"application\/ld+json\" class=\"yoast-schema-graph\">{\"@context\":\"https:\/\/schema.org\",\"@graph\":[{\"@type\":\"WebPage\",\"@id\":\"https:\/\/www.blutezeit.com\/product\/mrk6s-steel-gear-rack-20ft-6pcs-heavy-duty-gate\/\",\"url\":\"https:\/\/www.blutezeit.com\/product\/mrk6s-steel-gear-rack-20ft-6pcs-heavy-duty-gate\/\",\"name\":\"Steel Gear Rack 19.68ft (3.28ft\/pc, 6pcs) - Bl\u00fctezeit\",\"isPartOf\":{\"@id\":\"https:\/\/www.blutezeit.com\/pt\/#website\"},\"primaryImageOfPage\":{\"@id\":\"https:\/\/www.blutezeit.com\/product\/mrk6s-steel-gear-rack-20ft-6pcs-heavy-duty-gate\/#primaryimage\"},\"image\":{\"@id\":\"https:\/\/www.blutezeit.com\/product\/mrk6s-steel-gear-rack-20ft-6pcs-heavy-duty-gate\/#primaryimage\"},\"thumbnailUrl\":\"https:\/\/www.blutezeit.com\/wp-content\/uploads\/2025\/07\/Steel-Gear-Racks-6pcs-for-Sliding-Gate-Opener-1.jpg\",\"datePublished\":\"2025-07-12T03:43:12+00:00\",\"dateModified\":\"2026-03-18T08:14:12+00:00\",\"breadcrumb\":{\"@id\":\"https:\/\/www.blutezeit.com\/product\/mrk6s-steel-gear-rack-20ft-6pcs-heavy-duty-gate\/#breadcrumb\"},\"inLanguage\":\"de\",\"potentialAction\":[{\"@type\":\"ReadAction\",\"target\":[\"https:\/\/www.blutezeit.com\/product\/mrk6s-steel-gear-rack-20ft-6pcs-heavy-duty-gate\/\"]}]},{\"@type\":\"ImageObject\",\"inLanguage\":\"de\",\"@id\":\"https:\/\/www.blutezeit.com\/product\/mrk6s-steel-gear-rack-20ft-6pcs-heavy-duty-gate\/#primaryimage\",\"url\":\"https:\/\/www.blutezeit.com\/wp-content\/uploads\/2025\/07\/Steel-Gear-Racks-6pcs-for-Sliding-Gate-Opener-1.jpg\",\"contentUrl\":\"https:\/\/www.blutezeit.com\/wp-content\/uploads\/2025\/07\/Steel-Gear-Racks-6pcs-for-Sliding-Gate-Opener-1.jpg\",\"width\":1500,\"height\":1500},{\"@type\":\"BreadcrumbList\",\"@id\":\"https:\/\/www.blutezeit.com\/product\/mrk6s-steel-gear-rack-20ft-6pcs-heavy-duty-gate\/#breadcrumb\",\"itemListElement\":[{\"@type\":\"ListItem\",\"position\":1,\"name\":\"\u9996\u9875\",\"item\":\"https:\/\/www.blutezeit.com\/pt\/\"},{\"@type\":\"ListItem\",\"position\":2,\"name\":\"Product\",\"item\":\"https:\/\/www.blutezeit.com\/pt\/shop\/\"},{\"@type\":\"ListItem\",\"position\":3,\"name\":\"Steel Gear Rack 19.68ft (3.28ft\/pc, 6pcs)\"}]},{\"@type\":\"WebSite\",\"@id\":\"https:\/\/www.blutezeit.com\/pt\/#website\",\"url\":\"https:\/\/www.blutezeit.com\/pt\/\",\"name\":\"Bl\u00fctezeit\",\"description\":\"Smart &amp; Solar Gate Opener Systems\",\"potentialAction\":[{\"@type\":\"SearchAction\",\"target\":{\"@type\":\"EntryPoint\",\"urlTemplate\":\"https:\/\/www.blutezeit.com\/pt\/?s={search_term_string}\"},\"query-input\":{\"@type\":\"PropertyValueSpecification\",\"valueRequired\":true,\"valueName\":\"search_term_string\"}}],\"inLanguage\":\"de\"}]}<\/script>\n<!-- \/ Yoast SEO plugin. -->","yoast_head_json":{"title":"Steel Gear Rack 19.68ft (3.28ft\/pc, 6pcs) - Bl\u00fctezeit","robots":{"index":"index","follow":"follow","max-snippet":"max-snippet:-1","max-image-preview":"max-image-preview:large","max-video-preview":"max-video-preview:-1"},"canonical":"https:\/\/www.blutezeit.com\/de\/produkt\/mrk6s-steel-gear-rack-20ft-6pcs-heavy-duty-gate\/","og_locale":"de_DE","og_type":"article","og_title":"Steel Gear Rack 19.68ft (3.28ft\/pc, 6pcs) - Bl\u00fctezeit","og_description":"8mm galvanized steel gear rack, 6\u00d73.28ft sections (total 19.7ft) with mounting hardware for heavy-duty sliding gate systems","og_url":"https:\/\/www.blutezeit.com\/de\/produkt\/mrk6s-steel-gear-rack-20ft-6pcs-heavy-duty-gate\/","og_site_name":"Bl\u00fctezeit","article_modified_time":"2026-03-18T08:14:12+00:00","og_image":[{"width":1500,"height":1500,"url":"http:\/\/www.blutezeit.com\/wp-content\/uploads\/2025\/07\/Steel-Gear-Racks-6pcs-for-Sliding-Gate-Opener-1.jpg","type":"image\/jpeg"}],"twitter_card":"summary_large_image","twitter_misc":{"Gesch\u00e4tzte Lesezeit":"3\u00a0Minuten"},"schema":{"@context":"https:\/\/schema.org","@graph":[{"@type":"WebPage","@id":"https:\/\/www.blutezeit.com\/product\/mrk6s-steel-gear-rack-20ft-6pcs-heavy-duty-gate\/","url":"https:\/\/www.blutezeit.com\/product\/mrk6s-steel-gear-rack-20ft-6pcs-heavy-duty-gate\/","name":"Steel Gear Rack 19.68ft (3.28ft\/pc, 6pcs) - Bl\u00fctezeit","isPartOf":{"@id":"https:\/\/www.blutezeit.com\/pt\/#website"},"primaryImageOfPage":{"@id":"https:\/\/www.blutezeit.com\/product\/mrk6s-steel-gear-rack-20ft-6pcs-heavy-duty-gate\/#primaryimage"},"image":{"@id":"https:\/\/www.blutezeit.com\/product\/mrk6s-steel-gear-rack-20ft-6pcs-heavy-duty-gate\/#primaryimage"},"thumbnailUrl":"https:\/\/www.blutezeit.com\/wp-content\/uploads\/2025\/07\/Steel-Gear-Racks-6pcs-for-Sliding-Gate-Opener-1.jpg","datePublished":"2025-07-12T03:43:12+00:00","dateModified":"2026-03-18T08:14:12+00:00","breadcrumb":{"@id":"https:\/\/www.blutezeit.com\/product\/mrk6s-steel-gear-rack-20ft-6pcs-heavy-duty-gate\/#breadcrumb"},"inLanguage":"de","potentialAction":[{"@type":"ReadAction","target":["https:\/\/www.blutezeit.com\/product\/mrk6s-steel-gear-rack-20ft-6pcs-heavy-duty-gate\/"]}]},{"@type":"ImageObject","inLanguage":"de","@id":"https:\/\/www.blutezeit.com\/product\/mrk6s-steel-gear-rack-20ft-6pcs-heavy-duty-gate\/#primaryimage","url":"https:\/\/www.blutezeit.com\/wp-content\/uploads\/2025\/07\/Steel-Gear-Racks-6pcs-for-Sliding-Gate-Opener-1.jpg","contentUrl":"https:\/\/www.blutezeit.com\/wp-content\/uploads\/2025\/07\/Steel-Gear-Racks-6pcs-for-Sliding-Gate-Opener-1.jpg","width":1500,"height":1500},{"@type":"BreadcrumbList","@id":"https:\/\/www.blutezeit.com\/product\/mrk6s-steel-gear-rack-20ft-6pcs-heavy-duty-gate\/#breadcrumb","itemListElement":[{"@type":"ListItem","position":1,"name":"\u9996\u9875","item":"https:\/\/www.blutezeit.com\/pt\/"},{"@type":"ListItem","position":2,"name":"Product","item":"https:\/\/www.blutezeit.com\/pt\/shop\/"},{"@type":"ListItem","position":3,"name":"Steel Gear Rack 19.68ft (3.28ft\/pc, 6pcs)"}]},{"@type":"WebSite","@id":"https:\/\/www.blutezeit.com\/pt\/#website","url":"https:\/\/www.blutezeit.com\/pt\/","name":"Bl\u00fctezeit","description":"Intelligente und solare Tor\u00f6ffnersysteme","potentialAction":[{"@type":"SearchAction","target":{"@type":"EntryPoint","urlTemplate":"https:\/\/www.blutezeit.com\/pt\/?s={search_term_string}"},"query-input":{"@type":"PropertyValueSpecification","valueRequired":true,"valueName":"search_term_string"}}],"inLanguage":"de"}]}},"_links":{"self":[{"href":"https:\/\/www.blutezeit.com\/de\/wp-json\/wp\/v2\/product\/309","targetHints":{"allow":["GET"]}}],"collection":[{"href":"https:\/\/www.blutezeit.com\/de\/wp-json\/wp\/v2\/product"}],"about":[{"href":"https:\/\/www.blutezeit.com\/de\/wp-json\/wp\/v2\/types\/product"}],"replies":[{"embeddable":true,"href":"https:\/\/www.blutezeit.com\/de\/wp-json\/wp\/v2\/comments?post=309"}],"wp:featuredmedia":[{"embeddable":true,"href":"https:\/\/www.blutezeit.com\/de\/wp-json\/wp\/v2\/media\/533"}],"wp:attachment":[{"href":"https:\/\/www.blutezeit.com\/de\/wp-json\/wp\/v2\/media?parent=309"}],"wp:term":[{"taxonomy":"product_brand","embeddable":true,"href":"https:\/\/www.blutezeit.com\/de\/wp-json\/wp\/v2\/product_brand?post=309"},{"taxonomy":"product_cat","embeddable":true,"href":"https:\/\/www.blutezeit.com\/de\/wp-json\/wp\/v2\/product_cat?post=309"},{"taxonomy":"product_tag","embeddable":true,"href":"https:\/\/www.blutezeit.com\/de\/wp-json\/wp\/v2\/product_tag?post=309"}],"curies":[{"name":"wp","href":"https:\/\/api.w.org\/{rel}","templated":true}]}}