{"id":304,"date":"2025-07-12T03:43:11","date_gmt":"2025-07-12T03:43:11","guid":{"rendered":"https:\/\/www.blutezeit.com\/?post_type=product&#038;p=304"},"modified":"2026-04-08T04:15:38","modified_gmt":"2026-04-08T04:15:38","slug":"mpr13-retro-reflective-photoelectric-sensor-13ft","status":"publish","type":"product","link":"https:\/\/www.blutezeit.com\/de\/produkt\/mpr13-retro-reflective-photoelectric-sensor-13ft\/","title":{"rendered":"13 Fu\u00df (ca. 4 m) langer retroreflektierender Lichtschrankensensor"},"content":{"rendered":"<div class=\"celwidget aplus-module premium-module-2-fullbackground-image aplus-premium\" data-csa-c-id=\"lkc4ve-m4bg7c-la634y-hxq1ko\" data-cel-widget=\"aplus-premium-module-2-fullbackground-image\">\n<div class=\"a-section a-spacing-none premium-aplus premium-aplus-module-2\">\n<h1 class=\"a-text-center aplus-container-3 aplus-h1 a-text-bold\">Bl\u00fctezeit 13ft retroreflektierender Strahlsensor<\/h1>\n<div class=\"a-section a-spacing-none premium-background-wrapper\">\n<div class=\"a-section a-spacing-none background-image\"><img decoding=\"async\" class=\"\" src=\"https:\/\/m.media-amazon.com\/images\/S\/aplus-media-library-service-media\/94613eaf-f11e-4999-96e4-9d8b7714cb97.__CR0,0,1464,600_PT0_SX1464_V1___.jpg\" alt=\"Safety Photocell Infrared Beam Sensor Photoelectric Detector Automatic Sliding Gate Openers\" data-src=\"https:\/\/m.media-amazon.com\/images\/S\/aplus-media-library-service-media\/94613eaf-f11e-4999-96e4-9d8b7714cb97.__CR0,0,1464,600_PT0_SX1464_V1___.jpg\" \/><\/div>\n<\/div>\n<div class=\"a-section a-text-center\">\n<p class=\"aplus-description aplus-container-3 aplus-p1\">Der ME-R4M1-Sensor eignet sich ideal f\u00fcr kompakte Einfahrten, Garageneinfahrten oder Haustore und bietet eine zuverl\u00e4ssige Sicherheitserkennung bis zu 3,9 m. Sein retroreflektierendes Design ben\u00f6tigt nur auf einer Seite Strom, was die Verkabelung vereinfacht und die Installation beschleunigt.<\/p>\n<\/div>\n<\/div>\n<\/div>\n<div class=\"celwidget aplus-module premium-module-2-fullbackground-image aplus-premium\" data-csa-c-id=\"qxth3v-wclpp1-ruvggt-e3bx6l\" data-cel-widget=\"aplus-premium-module-2-fullbackground-image\">\n<div class=\"a-section a-spacing-none premium-aplus premium-aplus-module-2\">\n<div class=\"a-section a-spacing-none premium-background-wrapper\">\n<div class=\"a-section a-spacing-none background-image\"><img decoding=\"async\" class=\"\" src=\"https:\/\/m.media-amazon.com\/images\/S\/aplus-media-library-service-media\/ce83e47b-4058-4353-a665-ef99014c2b3b.__CR0,0,1464,600_PT0_SX1464_V1___.jpg\" alt=\"Safety Photocell Infrared Beam Sensor Photoelectric Detector Automatic Sliding Gate Openers\" data-src=\"https:\/\/m.media-amazon.com\/images\/S\/aplus-media-library-service-media\/ce83e47b-4058-4353-a665-ef99014c2b3b.__CR0,0,1464,600_PT0_SX1464_V1___.jpg\" \/><\/div>\n<\/div>\n<\/div>\n<\/div>","protected":false},"excerpt":{"rendered":"<p>13 Fu\u00df (ca. 4 m) langer, retroreflektierender, wandmontierter Lichtschrankensensor f\u00fcr Schiebe- und Drehtorantriebe, f\u00fcr den Innen- und Au\u00dfenbereich, kompatibel mit Bl\u00fctezeit-Motoren<\/p>","protected":false},"featured_media":1219,"comment_status":"open","ping_status":"closed","template":"","meta":[],"product_brand":[33],"product_cat":[22,23],"product_tag":[],"class_list":{"0":"post-304","1":"product","2":"type-product","3":"status-publish","4":"has-post-thumbnail","6":"product_brand-blutezeit","7":"product_cat-accessories","8":"product_cat-safety-vehicle-detection-sensor","10":"first","11":"instock","12":"sale","13":"shipping-taxable","14":"purchasable","15":"product-type-simple"},"yoast_head":"<!-- This site is optimized with the Yoast SEO plugin v26.4 - https:\/\/yoast.com\/wordpress\/plugins\/seo\/ -->\n<title>13ft Retro-Reflective Beam Sensor - Bl\u00fctezeit<\/title>\n<meta name=\"robots\" content=\"index, follow, max-snippet:-1, max-image-preview:large, max-video-preview:-1\" \/>\n<link rel=\"canonical\" href=\"https:\/\/www.blutezeit.com\/de\/produkt\/mpr13-retro-reflective-photoelectric-sensor-13ft\/\" \/>\n<meta property=\"og:locale\" content=\"de_DE\" \/>\n<meta property=\"og:type\" content=\"article\" \/>\n<meta property=\"og:title\" content=\"13ft Retro-Reflective Beam Sensor - Bl\u00fctezeit\" \/>\n<meta property=\"og:description\" content=\"13ft retro-reflective wall-mounted photoelectric beam sensor for sliding &amp; swing gate openers, indoor\/outdoor, compatible with Bl\u00fctezeit motors\" \/>\n<meta property=\"og:url\" content=\"https:\/\/www.blutezeit.com\/de\/produkt\/mpr13-retro-reflective-photoelectric-sensor-13ft\/\" \/>\n<meta property=\"og:site_name\" content=\"Bl\u00fctezeit\" \/>\n<meta property=\"article:modified_time\" content=\"2026-04-08T04:15:38+00:00\" \/>\n<meta property=\"og:image\" content=\"https:\/\/www.blutezeit.com\/wp-content\/uploads\/2025\/12\/13ft-Retro-Reflective-Photoelectric-Beam-Sensor-1-scaled-1.jpg\" \/>\n\t<meta property=\"og:image:width\" content=\"2560\" \/>\n\t<meta property=\"og:image:height\" content=\"2560\" \/>\n\t<meta property=\"og:image:type\" content=\"image\/jpeg\" \/>\n<meta name=\"twitter:card\" content=\"summary_large_image\" \/>\n<meta name=\"twitter:label1\" content=\"Gesch\u00e4tzte Lesezeit\" \/>\n\t<meta name=\"twitter:data1\" content=\"1\u00a0Minute\" \/>\n<script type=\"application\/ld+json\" class=\"yoast-schema-graph\">{\"@context\":\"https:\/\/schema.org\",\"@graph\":[{\"@type\":\"WebPage\",\"@id\":\"https:\/\/www.blutezeit.com\/product\/mpr13-retro-reflective-photoelectric-sensor-13ft\/\",\"url\":\"https:\/\/www.blutezeit.com\/product\/mpr13-retro-reflective-photoelectric-sensor-13ft\/\",\"name\":\"13ft Retro-Reflective Beam Sensor - Bl\u00fctezeit\",\"isPartOf\":{\"@id\":\"https:\/\/www.blutezeit.com\/pt\/#website\"},\"primaryImageOfPage\":{\"@id\":\"https:\/\/www.blutezeit.com\/product\/mpr13-retro-reflective-photoelectric-sensor-13ft\/#primaryimage\"},\"image\":{\"@id\":\"https:\/\/www.blutezeit.com\/product\/mpr13-retro-reflective-photoelectric-sensor-13ft\/#primaryimage\"},\"thumbnailUrl\":\"https:\/\/www.blutezeit.com\/wp-content\/uploads\/2025\/12\/13ft-Retro-Reflective-Photoelectric-Beam-Sensor-1-scaled-1.jpg\",\"datePublished\":\"2025-07-12T03:43:11+00:00\",\"dateModified\":\"2026-04-08T04:15:38+00:00\",\"breadcrumb\":{\"@id\":\"https:\/\/www.blutezeit.com\/product\/mpr13-retro-reflective-photoelectric-sensor-13ft\/#breadcrumb\"},\"inLanguage\":\"de\",\"potentialAction\":[{\"@type\":\"ReadAction\",\"target\":[\"https:\/\/www.blutezeit.com\/product\/mpr13-retro-reflective-photoelectric-sensor-13ft\/\"]}]},{\"@type\":\"ImageObject\",\"inLanguage\":\"de\",\"@id\":\"https:\/\/www.blutezeit.com\/product\/mpr13-retro-reflective-photoelectric-sensor-13ft\/#primaryimage\",\"url\":\"https:\/\/www.blutezeit.com\/wp-content\/uploads\/2025\/12\/13ft-Retro-Reflective-Photoelectric-Beam-Sensor-1-scaled-1.jpg\",\"contentUrl\":\"https:\/\/www.blutezeit.com\/wp-content\/uploads\/2025\/12\/13ft-Retro-Reflective-Photoelectric-Beam-Sensor-1-scaled-1.jpg\",\"width\":2560,\"height\":2560},{\"@type\":\"BreadcrumbList\",\"@id\":\"https:\/\/www.blutezeit.com\/product\/mpr13-retro-reflective-photoelectric-sensor-13ft\/#breadcrumb\",\"itemListElement\":[{\"@type\":\"ListItem\",\"position\":1,\"name\":\"\u9996\u9875\",\"item\":\"https:\/\/www.blutezeit.com\/pt\/\"},{\"@type\":\"ListItem\",\"position\":2,\"name\":\"Product\",\"item\":\"https:\/\/www.blutezeit.com\/pt\/shop\/\"},{\"@type\":\"ListItem\",\"position\":3,\"name\":\"13ft Retro-Reflective Beam Sensor\"}]},{\"@type\":\"WebSite\",\"@id\":\"https:\/\/www.blutezeit.com\/pt\/#website\",\"url\":\"https:\/\/www.blutezeit.com\/pt\/\",\"name\":\"Bl\u00fctezeit\",\"description\":\"Smart &amp; Solar Gate Opener Systems\",\"potentialAction\":[{\"@type\":\"SearchAction\",\"target\":{\"@type\":\"EntryPoint\",\"urlTemplate\":\"https:\/\/www.blutezeit.com\/pt\/?s={search_term_string}\"},\"query-input\":{\"@type\":\"PropertyValueSpecification\",\"valueRequired\":true,\"valueName\":\"search_term_string\"}}],\"inLanguage\":\"de\"}]}<\/script>\n<!-- \/ Yoast SEO plugin. -->","yoast_head_json":{"title":"13ft Retro-Reflective Beam Sensor - Bl\u00fctezeit","robots":{"index":"index","follow":"follow","max-snippet":"max-snippet:-1","max-image-preview":"max-image-preview:large","max-video-preview":"max-video-preview:-1"},"canonical":"https:\/\/www.blutezeit.com\/de\/produkt\/mpr13-retro-reflective-photoelectric-sensor-13ft\/","og_locale":"de_DE","og_type":"article","og_title":"13ft Retro-Reflective Beam Sensor - Bl\u00fctezeit","og_description":"13ft retro-reflective wall-mounted photoelectric beam sensor for sliding & swing gate openers, indoor\/outdoor, compatible with Bl\u00fctezeit motors","og_url":"https:\/\/www.blutezeit.com\/de\/produkt\/mpr13-retro-reflective-photoelectric-sensor-13ft\/","og_site_name":"Bl\u00fctezeit","article_modified_time":"2026-04-08T04:15:38+00:00","og_image":[{"width":2560,"height":2560,"url":"https:\/\/www.blutezeit.com\/wp-content\/uploads\/2025\/12\/13ft-Retro-Reflective-Photoelectric-Beam-Sensor-1-scaled-1.jpg","type":"image\/jpeg"}],"twitter_card":"summary_large_image","twitter_misc":{"Gesch\u00e4tzte Lesezeit":"1\u00a0Minute"},"schema":{"@context":"https:\/\/schema.org","@graph":[{"@type":"WebPage","@id":"https:\/\/www.blutezeit.com\/product\/mpr13-retro-reflective-photoelectric-sensor-13ft\/","url":"https:\/\/www.blutezeit.com\/product\/mpr13-retro-reflective-photoelectric-sensor-13ft\/","name":"13ft Retro-Reflective Beam Sensor - Bl\u00fctezeit","isPartOf":{"@id":"https:\/\/www.blutezeit.com\/pt\/#website"},"primaryImageOfPage":{"@id":"https:\/\/www.blutezeit.com\/product\/mpr13-retro-reflective-photoelectric-sensor-13ft\/#primaryimage"},"image":{"@id":"https:\/\/www.blutezeit.com\/product\/mpr13-retro-reflective-photoelectric-sensor-13ft\/#primaryimage"},"thumbnailUrl":"https:\/\/www.blutezeit.com\/wp-content\/uploads\/2025\/12\/13ft-Retro-Reflective-Photoelectric-Beam-Sensor-1-scaled-1.jpg","datePublished":"2025-07-12T03:43:11+00:00","dateModified":"2026-04-08T04:15:38+00:00","breadcrumb":{"@id":"https:\/\/www.blutezeit.com\/product\/mpr13-retro-reflective-photoelectric-sensor-13ft\/#breadcrumb"},"inLanguage":"de","potentialAction":[{"@type":"ReadAction","target":["https:\/\/www.blutezeit.com\/product\/mpr13-retro-reflective-photoelectric-sensor-13ft\/"]}]},{"@type":"ImageObject","inLanguage":"de","@id":"https:\/\/www.blutezeit.com\/product\/mpr13-retro-reflective-photoelectric-sensor-13ft\/#primaryimage","url":"https:\/\/www.blutezeit.com\/wp-content\/uploads\/2025\/12\/13ft-Retro-Reflective-Photoelectric-Beam-Sensor-1-scaled-1.jpg","contentUrl":"https:\/\/www.blutezeit.com\/wp-content\/uploads\/2025\/12\/13ft-Retro-Reflective-Photoelectric-Beam-Sensor-1-scaled-1.jpg","width":2560,"height":2560},{"@type":"BreadcrumbList","@id":"https:\/\/www.blutezeit.com\/product\/mpr13-retro-reflective-photoelectric-sensor-13ft\/#breadcrumb","itemListElement":[{"@type":"ListItem","position":1,"name":"\u9996\u9875","item":"https:\/\/www.blutezeit.com\/pt\/"},{"@type":"ListItem","position":2,"name":"Product","item":"https:\/\/www.blutezeit.com\/pt\/shop\/"},{"@type":"ListItem","position":3,"name":"13ft Retro-Reflective Beam Sensor"}]},{"@type":"WebSite","@id":"https:\/\/www.blutezeit.com\/pt\/#website","url":"https:\/\/www.blutezeit.com\/pt\/","name":"Bl\u00fctezeit","description":"Intelligente und solare Tor\u00f6ffnersysteme","potentialAction":[{"@type":"SearchAction","target":{"@type":"EntryPoint","urlTemplate":"https:\/\/www.blutezeit.com\/pt\/?s={search_term_string}"},"query-input":{"@type":"PropertyValueSpecification","valueRequired":true,"valueName":"search_term_string"}}],"inLanguage":"de"}]}},"_links":{"self":[{"href":"https:\/\/www.blutezeit.com\/de\/wp-json\/wp\/v2\/product\/304","targetHints":{"allow":["GET"]}}],"collection":[{"href":"https:\/\/www.blutezeit.com\/de\/wp-json\/wp\/v2\/product"}],"about":[{"href":"https:\/\/www.blutezeit.com\/de\/wp-json\/wp\/v2\/types\/product"}],"replies":[{"embeddable":true,"href":"https:\/\/www.blutezeit.com\/de\/wp-json\/wp\/v2\/comments?post=304"}],"wp:featuredmedia":[{"embeddable":true,"href":"https:\/\/www.blutezeit.com\/de\/wp-json\/wp\/v2\/media\/1219"}],"wp:attachment":[{"href":"https:\/\/www.blutezeit.com\/de\/wp-json\/wp\/v2\/media?parent=304"}],"wp:term":[{"taxonomy":"product_brand","embeddable":true,"href":"https:\/\/www.blutezeit.com\/de\/wp-json\/wp\/v2\/product_brand?post=304"},{"taxonomy":"product_cat","embeddable":true,"href":"https:\/\/www.blutezeit.com\/de\/wp-json\/wp\/v2\/product_cat?post=304"},{"taxonomy":"product_tag","embeddable":true,"href":"https:\/\/www.blutezeit.com\/de\/wp-json\/wp\/v2\/product_tag?post=304"}],"curies":[{"name":"wp","href":"https:\/\/api.w.org\/{rel}","templated":true}]}}