{"id":303,"date":"2025-07-12T03:43:11","date_gmt":"2025-07-12T03:43:11","guid":{"rendered":"https:\/\/www.blutezeit.com\/?post_type=product&#038;p=303"},"modified":"2026-04-08T04:16:26","modified_gmt":"2026-04-08T04:16:26","slug":"msp25-solar-panel-dc-35v-35w","status":"publish","type":"product","link":"https:\/\/www.blutezeit.com\/de\/produkt\/msp25-solar-panel-dc-35v-35w\/","title":{"rendered":"25-W-Solarpanel-Set"},"content":{"rendered":"<div class=\"celwidget aplus-module premium-module-2-fullbackground-image aplus-premium\" data-csa-c-id=\"p39qa9-rlvh8o-4das2c-vctyyl\" data-cel-widget=\"aplus-premium-module-2-fullbackground-image\">\n<div class=\"a-section a-spacing-none premium-aplus premium-aplus-module-2\">\n<h1 class=\"a-text-center aplus-container-3 aplus-h1 a-text-bold\">25W Solarpanel f\u00fcr Bl\u00fctezeit ME-GO-600 Schiebetorantriebe<\/h1>\n<div class=\"a-section a-spacing-none premium-background-wrapper\">\n<div class=\"a-section a-spacing-none background-image\"><img decoding=\"async\" class=\"\" src=\"https:\/\/m.media-amazon.com\/images\/S\/aplus-media-library-service-media\/2d8b6141-d366-458a-ae8f-c0f17714e74a.__CR0,0,1464,600_PT0_SX1464_V1___.jpg\" alt=\"solar power panel for sliding gate opener\" data-src=\"https:\/\/m.media-amazon.com\/images\/S\/aplus-media-library-service-media\/2d8b6141-d366-458a-ae8f-c0f17714e74a.__CR0,0,1464,600_PT0_SX1464_V1___.jpg\" \/><\/div>\n<\/div>\n<div class=\"a-section a-text-center\"><\/div>\n<\/div>\n<\/div>\n<div class=\"celwidget aplus-module premium-module-2-fullbackground-image aplus-premium\" data-csa-c-id=\"f47yj7-hk75de-skp1pd-143o3h\" data-cel-widget=\"aplus-premium-module-2-fullbackground-image\">\n<div class=\"a-section a-spacing-none premium-aplus premium-aplus-module-2\">\n<h1 class=\"a-text-center aplus-container-3 aplus-h1 a-text-bold\">Hohe Solareffizienz<\/h1>\n<div class=\"a-section a-spacing-none premium-background-wrapper\">\n<div class=\"a-section a-spacing-none background-image\"><img decoding=\"async\" class=\"\" src=\"https:\/\/m.media-amazon.com\/images\/S\/aplus-media-library-service-media\/e0b3152d-d034-440d-8d50-214079d4bcb5.__CR0,0,1464,600_PT0_SX1464_V1___.jpg\" alt=\"35V 25W solar power panel for sliding gate opener waterproof high efficiency\" data-src=\"https:\/\/m.media-amazon.com\/images\/S\/aplus-media-library-service-media\/e0b3152d-d034-440d-8d50-214079d4bcb5.__CR0,0,1464,600_PT0_SX1464_V1___.jpg\" \/><\/div>\n<\/div>\n<div class=\"a-section a-text-center\">\n<p class=\"aplus-description aplus-container-3 aplus-p1\">Dieses 35V 25W Solarmodul ist speziell f\u00fcr\u00a0<span class=\"a-text-bold\">Bl\u00fctezeit Schiebetorantriebe Serie ME-GO-600<\/span>, bietet effiziente und zuverl\u00e4ssige Leistung. Wenn Sie eine schnellere Aufladung des eingebauten Akkus und eine verbesserte Betriebsleistung w\u00fcnschen, ist diese verbesserte Version die ideale Wahl.<\/p>\n<\/div>\n<\/div>\n<\/div>\n<div class=\"celwidget aplus-module premium-module-2-fullbackground-image aplus-premium\" data-csa-c-id=\"hjchj1-czube3-t8wyj-syecmu\" data-cel-widget=\"aplus-premium-module-2-fullbackground-image\">\n<div class=\"a-section a-spacing-none premium-aplus premium-aplus-module-2\">\n<h1 class=\"a-text-center aplus-container-3 aplus-h1 a-text-bold\">Sonneneinstrahlung in den USA<\/h1>\n<div class=\"a-section a-spacing-none premium-background-wrapper\">\n<div class=\"a-section a-spacing-none background-image\"><img decoding=\"async\" class=\"\" src=\"https:\/\/m.media-amazon.com\/images\/S\/aplus-media-library-service-media\/e272b13a-e49d-4856-a4a2-10bf9f3229e7.__CR0,0,1464,600_PT0_SX1464_V1___.jpg\" alt=\"solar panel powered charger kit for DC 24V sliding gate opener\" data-src=\"https:\/\/m.media-amazon.com\/images\/S\/aplus-media-library-service-media\/e272b13a-e49d-4856-a4a2-10bf9f3229e7.__CR0,0,1464,600_PT0_SX1464_V1___.jpg\" \/><\/div>\n<\/div>\n<\/div>\n<\/div>","protected":false},"excerpt":{"rendered":"<p>Hocheffizientes 35-V-25-W-Solarpanel mit Halterung, Plug-and-Play-f\u00e4hig f\u00fcr den Schiebetor\u00f6ffner ME-GO-600<\/p>","protected":false},"featured_media":1575,"comment_status":"open","ping_status":"closed","template":"","meta":[],"product_brand":[33],"product_cat":[80,22],"product_tag":[],"class_list":{"0":"post-303","1":"product","2":"type-product","3":"status-publish","4":"has-post-thumbnail","6":"product_brand-blutezeit","7":"product_cat-solar-power-supply","8":"product_cat-accessories","10":"first","11":"instock","12":"shipping-taxable","13":"purchasable","14":"product-type-simple"},"yoast_head":"<!-- This site is optimized with the Yoast SEO plugin v26.4 - https:\/\/yoast.com\/wordpress\/plugins\/seo\/ -->\n<title>25W Solar Panel Kit - Bl\u00fctezeit<\/title>\n<meta name=\"robots\" content=\"index, follow, max-snippet:-1, max-image-preview:large, max-video-preview:-1\" \/>\n<link rel=\"canonical\" href=\"https:\/\/www.blutezeit.com\/de\/produkt\/msp25-solar-panel-dc-35v-35w\/\" \/>\n<meta property=\"og:locale\" content=\"de_DE\" \/>\n<meta property=\"og:type\" content=\"article\" \/>\n<meta property=\"og:title\" content=\"25W Solar Panel Kit - Bl\u00fctezeit\" \/>\n<meta property=\"og:description\" content=\"DC35V 25W high-efficiency solar charging panel with mount, plug-and-play for ME-GO-600 sliding gate opener\" \/>\n<meta property=\"og:url\" content=\"https:\/\/www.blutezeit.com\/de\/produkt\/msp25-solar-panel-dc-35v-35w\/\" \/>\n<meta property=\"og:site_name\" content=\"Bl\u00fctezeit\" \/>\n<meta property=\"article:modified_time\" content=\"2026-04-08T04:16:26+00:00\" \/>\n<meta property=\"og:image\" content=\"https:\/\/www.blutezeit.com\/wp-content\/uploads\/2025\/07\/25W-Solar-Panel-for-DC-Gate-Openers-1-1.jpg\" \/>\n\t<meta property=\"og:image:width\" content=\"1600\" \/>\n\t<meta property=\"og:image:height\" content=\"1600\" \/>\n\t<meta property=\"og:image:type\" content=\"image\/jpeg\" \/>\n<meta name=\"twitter:card\" content=\"summary_large_image\" \/>\n<meta name=\"twitter:label1\" content=\"Gesch\u00e4tzte Lesezeit\" \/>\n\t<meta name=\"twitter:data1\" content=\"2\u00a0Minuten\" \/>\n<script type=\"application\/ld+json\" class=\"yoast-schema-graph\">{\"@context\":\"https:\/\/schema.org\",\"@graph\":[{\"@type\":\"WebPage\",\"@id\":\"https:\/\/www.blutezeit.com\/product\/msp25-solar-panel-dc-35v-35w\/\",\"url\":\"https:\/\/www.blutezeit.com\/product\/msp25-solar-panel-dc-35v-35w\/\",\"name\":\"25W Solar Panel Kit - Bl\u00fctezeit\",\"isPartOf\":{\"@id\":\"https:\/\/www.blutezeit.com\/pt\/#website\"},\"primaryImageOfPage\":{\"@id\":\"https:\/\/www.blutezeit.com\/product\/msp25-solar-panel-dc-35v-35w\/#primaryimage\"},\"image\":{\"@id\":\"https:\/\/www.blutezeit.com\/product\/msp25-solar-panel-dc-35v-35w\/#primaryimage\"},\"thumbnailUrl\":\"https:\/\/www.blutezeit.com\/wp-content\/uploads\/2025\/07\/25W-Solar-Panel-for-DC-Gate-Openers-1-1.jpg\",\"datePublished\":\"2025-07-12T03:43:11+00:00\",\"dateModified\":\"2026-04-08T04:16:26+00:00\",\"breadcrumb\":{\"@id\":\"https:\/\/www.blutezeit.com\/product\/msp25-solar-panel-dc-35v-35w\/#breadcrumb\"},\"inLanguage\":\"de\",\"potentialAction\":[{\"@type\":\"ReadAction\",\"target\":[\"https:\/\/www.blutezeit.com\/product\/msp25-solar-panel-dc-35v-35w\/\"]}]},{\"@type\":\"ImageObject\",\"inLanguage\":\"de\",\"@id\":\"https:\/\/www.blutezeit.com\/product\/msp25-solar-panel-dc-35v-35w\/#primaryimage\",\"url\":\"https:\/\/www.blutezeit.com\/wp-content\/uploads\/2025\/07\/25W-Solar-Panel-for-DC-Gate-Openers-1-1.jpg\",\"contentUrl\":\"https:\/\/www.blutezeit.com\/wp-content\/uploads\/2025\/07\/25W-Solar-Panel-for-DC-Gate-Openers-1-1.jpg\",\"width\":1600,\"height\":1600},{\"@type\":\"BreadcrumbList\",\"@id\":\"https:\/\/www.blutezeit.com\/product\/msp25-solar-panel-dc-35v-35w\/#breadcrumb\",\"itemListElement\":[{\"@type\":\"ListItem\",\"position\":1,\"name\":\"\u9996\u9875\",\"item\":\"https:\/\/www.blutezeit.com\/pt\/\"},{\"@type\":\"ListItem\",\"position\":2,\"name\":\"Product\",\"item\":\"https:\/\/www.blutezeit.com\/pt\/shop\/\"},{\"@type\":\"ListItem\",\"position\":3,\"name\":\"25W Solar Panel Kit\"}]},{\"@type\":\"WebSite\",\"@id\":\"https:\/\/www.blutezeit.com\/pt\/#website\",\"url\":\"https:\/\/www.blutezeit.com\/pt\/\",\"name\":\"Bl\u00fctezeit\",\"description\":\"Smart &amp; Solar Gate Opener Systems\",\"potentialAction\":[{\"@type\":\"SearchAction\",\"target\":{\"@type\":\"EntryPoint\",\"urlTemplate\":\"https:\/\/www.blutezeit.com\/pt\/?s={search_term_string}\"},\"query-input\":{\"@type\":\"PropertyValueSpecification\",\"valueRequired\":true,\"valueName\":\"search_term_string\"}}],\"inLanguage\":\"de\"}]}<\/script>\n<!-- \/ Yoast SEO plugin. -->","yoast_head_json":{"title":"25W Solar Panel Kit - Bl\u00fctezeit","robots":{"index":"index","follow":"follow","max-snippet":"max-snippet:-1","max-image-preview":"max-image-preview:large","max-video-preview":"max-video-preview:-1"},"canonical":"https:\/\/www.blutezeit.com\/de\/produkt\/msp25-solar-panel-dc-35v-35w\/","og_locale":"de_DE","og_type":"article","og_title":"25W Solar Panel Kit - Bl\u00fctezeit","og_description":"DC35V 25W high-efficiency solar charging panel with mount, plug-and-play for ME-GO-600 sliding gate opener","og_url":"https:\/\/www.blutezeit.com\/de\/produkt\/msp25-solar-panel-dc-35v-35w\/","og_site_name":"Bl\u00fctezeit","article_modified_time":"2026-04-08T04:16:26+00:00","og_image":[{"width":1600,"height":1600,"url":"https:\/\/www.blutezeit.com\/wp-content\/uploads\/2025\/07\/25W-Solar-Panel-for-DC-Gate-Openers-1-1.jpg","type":"image\/jpeg"}],"twitter_card":"summary_large_image","twitter_misc":{"Gesch\u00e4tzte Lesezeit":"2\u00a0Minuten"},"schema":{"@context":"https:\/\/schema.org","@graph":[{"@type":"WebPage","@id":"https:\/\/www.blutezeit.com\/product\/msp25-solar-panel-dc-35v-35w\/","url":"https:\/\/www.blutezeit.com\/product\/msp25-solar-panel-dc-35v-35w\/","name":"25W Solar Panel Kit - Bl\u00fctezeit","isPartOf":{"@id":"https:\/\/www.blutezeit.com\/pt\/#website"},"primaryImageOfPage":{"@id":"https:\/\/www.blutezeit.com\/product\/msp25-solar-panel-dc-35v-35w\/#primaryimage"},"image":{"@id":"https:\/\/www.blutezeit.com\/product\/msp25-solar-panel-dc-35v-35w\/#primaryimage"},"thumbnailUrl":"https:\/\/www.blutezeit.com\/wp-content\/uploads\/2025\/07\/25W-Solar-Panel-for-DC-Gate-Openers-1-1.jpg","datePublished":"2025-07-12T03:43:11+00:00","dateModified":"2026-04-08T04:16:26+00:00","breadcrumb":{"@id":"https:\/\/www.blutezeit.com\/product\/msp25-solar-panel-dc-35v-35w\/#breadcrumb"},"inLanguage":"de","potentialAction":[{"@type":"ReadAction","target":["https:\/\/www.blutezeit.com\/product\/msp25-solar-panel-dc-35v-35w\/"]}]},{"@type":"ImageObject","inLanguage":"de","@id":"https:\/\/www.blutezeit.com\/product\/msp25-solar-panel-dc-35v-35w\/#primaryimage","url":"https:\/\/www.blutezeit.com\/wp-content\/uploads\/2025\/07\/25W-Solar-Panel-for-DC-Gate-Openers-1-1.jpg","contentUrl":"https:\/\/www.blutezeit.com\/wp-content\/uploads\/2025\/07\/25W-Solar-Panel-for-DC-Gate-Openers-1-1.jpg","width":1600,"height":1600},{"@type":"BreadcrumbList","@id":"https:\/\/www.blutezeit.com\/product\/msp25-solar-panel-dc-35v-35w\/#breadcrumb","itemListElement":[{"@type":"ListItem","position":1,"name":"\u9996\u9875","item":"https:\/\/www.blutezeit.com\/pt\/"},{"@type":"ListItem","position":2,"name":"Product","item":"https:\/\/www.blutezeit.com\/pt\/shop\/"},{"@type":"ListItem","position":3,"name":"25W Solar Panel Kit"}]},{"@type":"WebSite","@id":"https:\/\/www.blutezeit.com\/pt\/#website","url":"https:\/\/www.blutezeit.com\/pt\/","name":"Bl\u00fctezeit","description":"Intelligente und solare Tor\u00f6ffnersysteme","potentialAction":[{"@type":"SearchAction","target":{"@type":"EntryPoint","urlTemplate":"https:\/\/www.blutezeit.com\/pt\/?s={search_term_string}"},"query-input":{"@type":"PropertyValueSpecification","valueRequired":true,"valueName":"search_term_string"}}],"inLanguage":"de"}]}},"_links":{"self":[{"href":"https:\/\/www.blutezeit.com\/de\/wp-json\/wp\/v2\/product\/303","targetHints":{"allow":["GET"]}}],"collection":[{"href":"https:\/\/www.blutezeit.com\/de\/wp-json\/wp\/v2\/product"}],"about":[{"href":"https:\/\/www.blutezeit.com\/de\/wp-json\/wp\/v2\/types\/product"}],"replies":[{"embeddable":true,"href":"https:\/\/www.blutezeit.com\/de\/wp-json\/wp\/v2\/comments?post=303"}],"wp:featuredmedia":[{"embeddable":true,"href":"https:\/\/www.blutezeit.com\/de\/wp-json\/wp\/v2\/media\/1575"}],"wp:attachment":[{"href":"https:\/\/www.blutezeit.com\/de\/wp-json\/wp\/v2\/media?parent=303"}],"wp:term":[{"taxonomy":"product_brand","embeddable":true,"href":"https:\/\/www.blutezeit.com\/de\/wp-json\/wp\/v2\/product_brand?post=303"},{"taxonomy":"product_cat","embeddable":true,"href":"https:\/\/www.blutezeit.com\/de\/wp-json\/wp\/v2\/product_cat?post=303"},{"taxonomy":"product_tag","embeddable":true,"href":"https:\/\/www.blutezeit.com\/de\/wp-json\/wp\/v2\/product_tag?post=303"}],"curies":[{"name":"wp","href":"https:\/\/api.w.org\/{rel}","templated":true}]}}