{"id":299,"date":"2025-07-12T03:43:11","date_gmt":"2025-07-12T03:43:11","guid":{"rendered":"https:\/\/www.blutezeit.com\/?post_type=product&#038;p=299"},"modified":"2026-04-08T04:16:47","modified_gmt":"2026-04-08T04:16:47","slug":"mrc32-original-remote-32-bit-me-go-me-bg-433mhz","status":"publish","type":"product","link":"https:\/\/www.blutezeit.com\/de\/produkt\/mrc32-original-remote-32-bit-me-go-me-bg-433mhz\/","title":{"rendered":"4-Tasten-Fernbedienung f\u00fcr GO\/BG (32-Bit, 2 St\u00fcck)"},"content":{"rendered":"<div class=\"celwidget aplus-module premium-module-2-fullbackground-image aplus-premium\" data-csa-c-id=\"c52w9l-yzxj4g-2wcz7k-xieu56\" data-cel-widget=\"aplus-premium-module-2-fullbackground-image\">\n<div class=\"a-section a-spacing-none premium-aplus premium-aplus-module-2\">\n<h1 class=\"a-text-center aplus-container-3 aplus-h1 a-text-bold\">433MHz Fernbedienung 32-Bit f\u00fcr Bl\u00fctezeit Schiebetorantriebe<\/h1>\n<div class=\"a-section a-spacing-none premium-background-wrapper\">\n<div class=\"a-section a-spacing-none background-image\"><img decoding=\"async\" class=\"\" src=\"https:\/\/m.media-amazon.com\/images\/S\/aplus-media-library-service-media\/8b882ae9-997c-4149-8c08-b554d09b9f82.__CR0,0,1464,600_PT0_SX1464_V1___.jpg\" alt=\"Remote Control 4-Key for Bl\u00fctezeit Automatic Sliding Gate Opener Hardware Accessory\" data-src=\"https:\/\/m.media-amazon.com\/images\/S\/aplus-media-library-service-media\/8b882ae9-997c-4149-8c08-b554d09b9f82.__CR0,0,1464,600_PT0_SX1464_V1___.jpg\" \/><\/div>\n<\/div>\n<div class=\"a-section a-text-center\"><\/div>\n<\/div>\n<\/div>\n<div class=\"celwidget aplus-module premium-module-4-two-column-images aplus-premium\" data-csa-c-id=\"qck2w9-gvcdvb-nr66b4-24o1r1\" data-cel-widget=\"aplus-premium-module-4-two-column-images\">\n<div class=\"a-section a-spacing-none premium-aplus premium-aplus-module-4 aplus-container-1\">\n<h1 class=\"a-text-center premium-module-4-heading aplus-h1 a-text-bold\">Best\u00e4tigen Sie vor dem Kauf Ihre Tor\u00f6ffnerversion<\/h1>\n<div class=\"a-section a-spacing-none premium-aplus-two-column\">\n<div class=\"a-section a-spacing-none premium-aplus-column\">\n<div class=\"a-section a-spacing-none {'column-image'}\"><img decoding=\"async\" class=\"\" src=\"https:\/\/m.media-amazon.com\/images\/S\/aplus-media-library-service-media\/0b9060fa-9d8b-46c5-b7fc-79440d7b4260.__CR0,0,1279,689_PT0_SX650_V1___.jpg\" alt=\"remote controls sliding gate opener\" data-src=\"https:\/\/m.media-amazon.com\/images\/S\/aplus-media-library-service-media\/0b9060fa-9d8b-46c5-b7fc-79440d7b4260.__CR0,0,1279,689_PT0_SX650_V1___.jpg\" \/><\/div>\n<div class=\"a-section a-spacing-none column-heading\">\n<h1 class=\"aplus-h3 a-text-bold\">24-Bit-Fernbedienung<\/h1>\n<\/div>\n<div class=\"a-section a-spacing-none column-description\">\n<p class=\"aplus-p3\">\n<ul class=\"a-unordered-list a-vertical\">\n<li><span class=\"a-list-item\">Nur die Motorplatine ist markiert\u00a0<span class=\"a-text-bold\">\u201e110 V\u201c\u00a0<\/span>oder<span class=\"a-text-bold\">\u00a0\u201eDC24V\u201c<\/span><\/span><\/li>\n<li><span class=\"a-list-item\"><span class=\"a-text-bold\">Silber\u00a0<\/span>ohne<span class=\"a-text-bold\">\u00a0<\/span>blauer Film<\/span><\/li>\n<\/ul>\n<p>&nbsp;<\/p>\n<\/div>\n<\/div>\n<div class=\"a-section a-spacing-none premium-aplus-column\">\n<div class=\"a-section a-spacing-none {'column-image'}\"><img decoding=\"async\" class=\"\" src=\"https:\/\/m.media-amazon.com\/images\/S\/aplus-media-library-service-media\/5ed10cb0-6984-4585-9706-f0448b92b06b.__CR0,0,1278,688_PT0_SX650_V1___.jpg\" alt=\"remote controls sliding gate opener\" data-src=\"https:\/\/m.media-amazon.com\/images\/S\/aplus-media-library-service-media\/5ed10cb0-6984-4585-9706-f0448b92b06b.__CR0,0,1278,688_PT0_SX650_V1___.jpg\" \/><\/div>\n<div class=\"a-section a-spacing-none column-heading\">\n<h1 class=\"aplus-h3 a-text-bold\">32-Bit-Fernbedienung<\/h1>\n<\/div>\n<div class=\"a-section a-spacing-none column-description\">\n<p class=\"aplus-p3\">\n<ul class=\"a-unordered-list a-vertical\">\n<li><span class=\"a-list-item\">Motorplatine markiert<span class=\"a-text-bold\">\u00a0\u201e110V 32\u201c oder \u201eDC24V 32\u201c<\/span><\/span><\/li>\n<li><span class=\"a-list-item\"><span class=\"a-text-bold\">Blau<\/span>\u00a0Film bedeckt<\/span><\/li>\n<\/ul>\n<\/div>\n<\/div>\n<\/div>\n<\/div>\n<\/div>","protected":false},"excerpt":{"rendered":"<p>Originale 32-Bit-Fernbedienung f\u00fcr ME-GO- und ME-BG-Schiebetor\u00f6ffner, 433 MHz, 2 St\u00fcck<\/p>","protected":false},"featured_media":1195,"comment_status":"open","ping_status":"closed","template":"","meta":[],"product_brand":[33],"product_cat":[22,24],"product_tag":[],"class_list":{"0":"post-299","1":"product","2":"type-product","3":"status-publish","4":"has-post-thumbnail","6":"product_brand-blutezeit","7":"product_cat-accessories","8":"product_cat-remote-access-control","10":"first","11":"instock","12":"shipping-taxable","13":"purchasable","14":"product-type-simple"},"yoast_head":"<!-- This site is optimized with the Yoast SEO plugin v26.4 - https:\/\/yoast.com\/wordpress\/plugins\/seo\/ -->\n<title>4-Button Remote for GO\/BG (32-bit, 2pcs) - Bl\u00fctezeit<\/title>\n<meta name=\"robots\" content=\"index, follow, max-snippet:-1, max-image-preview:large, max-video-preview:-1\" \/>\n<link rel=\"canonical\" href=\"https:\/\/www.blutezeit.com\/de\/produkt\/mrc32-original-remote-32-bit-me-go-me-bg-433mhz\/\" \/>\n<meta property=\"og:locale\" content=\"de_DE\" \/>\n<meta property=\"og:type\" content=\"article\" \/>\n<meta property=\"og:title\" content=\"4-Button Remote for GO\/BG (32-bit, 2pcs) - Bl\u00fctezeit\" \/>\n<meta property=\"og:description\" content=\"32-bit original remote for ME-GO &amp; ME-BG sliding gate openers, 433MHz, 2pcs\" \/>\n<meta property=\"og:url\" content=\"https:\/\/www.blutezeit.com\/de\/produkt\/mrc32-original-remote-32-bit-me-go-me-bg-433mhz\/\" \/>\n<meta property=\"og:site_name\" content=\"Bl\u00fctezeit\" \/>\n<meta property=\"article:modified_time\" content=\"2026-04-08T04:16:47+00:00\" \/>\n<meta property=\"og:image\" content=\"https:\/\/www.blutezeit.com\/wp-content\/uploads\/2025\/12\/4-Key-Remote-Control-433MHz-32-bit-2pcs-1-1.jpg\" \/>\n\t<meta property=\"og:image:width\" content=\"1600\" \/>\n\t<meta property=\"og:image:height\" content=\"1600\" \/>\n\t<meta property=\"og:image:type\" content=\"image\/jpeg\" \/>\n<meta name=\"twitter:card\" content=\"summary_large_image\" \/>\n<meta name=\"twitter:label1\" content=\"Gesch\u00e4tzte Lesezeit\" \/>\n\t<meta name=\"twitter:data1\" content=\"1\u00a0Minute\" \/>\n<script type=\"application\/ld+json\" class=\"yoast-schema-graph\">{\"@context\":\"https:\/\/schema.org\",\"@graph\":[{\"@type\":\"WebPage\",\"@id\":\"https:\/\/www.blutezeit.com\/product\/mrc32-original-remote-32-bit-me-go-me-bg-433mhz\/\",\"url\":\"https:\/\/www.blutezeit.com\/product\/mrc32-original-remote-32-bit-me-go-me-bg-433mhz\/\",\"name\":\"4-Button Remote for GO\/BG (32-bit, 2pcs) - Bl\u00fctezeit\",\"isPartOf\":{\"@id\":\"https:\/\/www.blutezeit.com\/pt\/#website\"},\"primaryImageOfPage\":{\"@id\":\"https:\/\/www.blutezeit.com\/product\/mrc32-original-remote-32-bit-me-go-me-bg-433mhz\/#primaryimage\"},\"image\":{\"@id\":\"https:\/\/www.blutezeit.com\/product\/mrc32-original-remote-32-bit-me-go-me-bg-433mhz\/#primaryimage\"},\"thumbnailUrl\":\"https:\/\/www.blutezeit.com\/wp-content\/uploads\/2025\/12\/4-Key-Remote-Control-433MHz-32-bit-2pcs-1-1.jpg\",\"datePublished\":\"2025-07-12T03:43:11+00:00\",\"dateModified\":\"2026-04-08T04:16:47+00:00\",\"breadcrumb\":{\"@id\":\"https:\/\/www.blutezeit.com\/product\/mrc32-original-remote-32-bit-me-go-me-bg-433mhz\/#breadcrumb\"},\"inLanguage\":\"de\",\"potentialAction\":[{\"@type\":\"ReadAction\",\"target\":[\"https:\/\/www.blutezeit.com\/product\/mrc32-original-remote-32-bit-me-go-me-bg-433mhz\/\"]}]},{\"@type\":\"ImageObject\",\"inLanguage\":\"de\",\"@id\":\"https:\/\/www.blutezeit.com\/product\/mrc32-original-remote-32-bit-me-go-me-bg-433mhz\/#primaryimage\",\"url\":\"https:\/\/www.blutezeit.com\/wp-content\/uploads\/2025\/12\/4-Key-Remote-Control-433MHz-32-bit-2pcs-1-1.jpg\",\"contentUrl\":\"https:\/\/www.blutezeit.com\/wp-content\/uploads\/2025\/12\/4-Key-Remote-Control-433MHz-32-bit-2pcs-1-1.jpg\",\"width\":1600,\"height\":1600},{\"@type\":\"BreadcrumbList\",\"@id\":\"https:\/\/www.blutezeit.com\/product\/mrc32-original-remote-32-bit-me-go-me-bg-433mhz\/#breadcrumb\",\"itemListElement\":[{\"@type\":\"ListItem\",\"position\":1,\"name\":\"\u9996\u9875\",\"item\":\"https:\/\/www.blutezeit.com\/pt\/\"},{\"@type\":\"ListItem\",\"position\":2,\"name\":\"Product\",\"item\":\"https:\/\/www.blutezeit.com\/pt\/shop\/\"},{\"@type\":\"ListItem\",\"position\":3,\"name\":\"4-Button Remote for GO\/BG (32-bit, 2pcs)\"}]},{\"@type\":\"WebSite\",\"@id\":\"https:\/\/www.blutezeit.com\/pt\/#website\",\"url\":\"https:\/\/www.blutezeit.com\/pt\/\",\"name\":\"Bl\u00fctezeit\",\"description\":\"Smart &amp; Solar Gate Opener Systems\",\"potentialAction\":[{\"@type\":\"SearchAction\",\"target\":{\"@type\":\"EntryPoint\",\"urlTemplate\":\"https:\/\/www.blutezeit.com\/pt\/?s={search_term_string}\"},\"query-input\":{\"@type\":\"PropertyValueSpecification\",\"valueRequired\":true,\"valueName\":\"search_term_string\"}}],\"inLanguage\":\"de\"}]}<\/script>\n<!-- \/ Yoast SEO plugin. -->","yoast_head_json":{"title":"4-Button Remote for GO\/BG (32-bit, 2pcs) - Bl\u00fctezeit","robots":{"index":"index","follow":"follow","max-snippet":"max-snippet:-1","max-image-preview":"max-image-preview:large","max-video-preview":"max-video-preview:-1"},"canonical":"https:\/\/www.blutezeit.com\/de\/produkt\/mrc32-original-remote-32-bit-me-go-me-bg-433mhz\/","og_locale":"de_DE","og_type":"article","og_title":"4-Button Remote for GO\/BG (32-bit, 2pcs) - Bl\u00fctezeit","og_description":"32-bit original remote for ME-GO & ME-BG sliding gate openers, 433MHz, 2pcs","og_url":"https:\/\/www.blutezeit.com\/de\/produkt\/mrc32-original-remote-32-bit-me-go-me-bg-433mhz\/","og_site_name":"Bl\u00fctezeit","article_modified_time":"2026-04-08T04:16:47+00:00","og_image":[{"width":1600,"height":1600,"url":"https:\/\/www.blutezeit.com\/wp-content\/uploads\/2025\/12\/4-Key-Remote-Control-433MHz-32-bit-2pcs-1-1.jpg","type":"image\/jpeg"}],"twitter_card":"summary_large_image","twitter_misc":{"Gesch\u00e4tzte Lesezeit":"1\u00a0Minute"},"schema":{"@context":"https:\/\/schema.org","@graph":[{"@type":"WebPage","@id":"https:\/\/www.blutezeit.com\/product\/mrc32-original-remote-32-bit-me-go-me-bg-433mhz\/","url":"https:\/\/www.blutezeit.com\/product\/mrc32-original-remote-32-bit-me-go-me-bg-433mhz\/","name":"4-Button Remote for GO\/BG (32-bit, 2pcs) - Bl\u00fctezeit","isPartOf":{"@id":"https:\/\/www.blutezeit.com\/pt\/#website"},"primaryImageOfPage":{"@id":"https:\/\/www.blutezeit.com\/product\/mrc32-original-remote-32-bit-me-go-me-bg-433mhz\/#primaryimage"},"image":{"@id":"https:\/\/www.blutezeit.com\/product\/mrc32-original-remote-32-bit-me-go-me-bg-433mhz\/#primaryimage"},"thumbnailUrl":"https:\/\/www.blutezeit.com\/wp-content\/uploads\/2025\/12\/4-Key-Remote-Control-433MHz-32-bit-2pcs-1-1.jpg","datePublished":"2025-07-12T03:43:11+00:00","dateModified":"2026-04-08T04:16:47+00:00","breadcrumb":{"@id":"https:\/\/www.blutezeit.com\/product\/mrc32-original-remote-32-bit-me-go-me-bg-433mhz\/#breadcrumb"},"inLanguage":"de","potentialAction":[{"@type":"ReadAction","target":["https:\/\/www.blutezeit.com\/product\/mrc32-original-remote-32-bit-me-go-me-bg-433mhz\/"]}]},{"@type":"ImageObject","inLanguage":"de","@id":"https:\/\/www.blutezeit.com\/product\/mrc32-original-remote-32-bit-me-go-me-bg-433mhz\/#primaryimage","url":"https:\/\/www.blutezeit.com\/wp-content\/uploads\/2025\/12\/4-Key-Remote-Control-433MHz-32-bit-2pcs-1-1.jpg","contentUrl":"https:\/\/www.blutezeit.com\/wp-content\/uploads\/2025\/12\/4-Key-Remote-Control-433MHz-32-bit-2pcs-1-1.jpg","width":1600,"height":1600},{"@type":"BreadcrumbList","@id":"https:\/\/www.blutezeit.com\/product\/mrc32-original-remote-32-bit-me-go-me-bg-433mhz\/#breadcrumb","itemListElement":[{"@type":"ListItem","position":1,"name":"\u9996\u9875","item":"https:\/\/www.blutezeit.com\/pt\/"},{"@type":"ListItem","position":2,"name":"Product","item":"https:\/\/www.blutezeit.com\/pt\/shop\/"},{"@type":"ListItem","position":3,"name":"4-Button Remote for GO\/BG (32-bit, 2pcs)"}]},{"@type":"WebSite","@id":"https:\/\/www.blutezeit.com\/pt\/#website","url":"https:\/\/www.blutezeit.com\/pt\/","name":"Bl\u00fctezeit","description":"Intelligente und solare Tor\u00f6ffnersysteme","potentialAction":[{"@type":"SearchAction","target":{"@type":"EntryPoint","urlTemplate":"https:\/\/www.blutezeit.com\/pt\/?s={search_term_string}"},"query-input":{"@type":"PropertyValueSpecification","valueRequired":true,"valueName":"search_term_string"}}],"inLanguage":"de"}]}},"_links":{"self":[{"href":"https:\/\/www.blutezeit.com\/de\/wp-json\/wp\/v2\/product\/299","targetHints":{"allow":["GET"]}}],"collection":[{"href":"https:\/\/www.blutezeit.com\/de\/wp-json\/wp\/v2\/product"}],"about":[{"href":"https:\/\/www.blutezeit.com\/de\/wp-json\/wp\/v2\/types\/product"}],"replies":[{"embeddable":true,"href":"https:\/\/www.blutezeit.com\/de\/wp-json\/wp\/v2\/comments?post=299"}],"wp:featuredmedia":[{"embeddable":true,"href":"https:\/\/www.blutezeit.com\/de\/wp-json\/wp\/v2\/media\/1195"}],"wp:attachment":[{"href":"https:\/\/www.blutezeit.com\/de\/wp-json\/wp\/v2\/media?parent=299"}],"wp:term":[{"taxonomy":"product_brand","embeddable":true,"href":"https:\/\/www.blutezeit.com\/de\/wp-json\/wp\/v2\/product_brand?post=299"},{"taxonomy":"product_cat","embeddable":true,"href":"https:\/\/www.blutezeit.com\/de\/wp-json\/wp\/v2\/product_cat?post=299"},{"taxonomy":"product_tag","embeddable":true,"href":"https:\/\/www.blutezeit.com\/de\/wp-json\/wp\/v2\/product_tag?post=299"}],"curies":[{"name":"wp","href":"https:\/\/api.w.org\/{rel}","templated":true}]}}