{"id":1683,"date":"2026-02-12T10:37:58","date_gmt":"2026-02-12T10:37:58","guid":{"rendered":"https:\/\/www.blutezeit.com\/?post_type=product&#038;p=1683"},"modified":"2026-03-09T08:51:48","modified_gmt":"2026-03-09T08:51:48","slug":"mlp20-universal-led-warning-light-ac-dc-alarm-lamp-ip54","status":"publish","type":"product","link":"https:\/\/www.blutezeit.com\/de\/produkt\/mlp20-universal-led-warning-light-ac-dc-alarm-lamp-ip54\/","title":{"rendered":"Universelle 12-265V AC\/DC Blinkwarnleuchte"},"content":{"rendered":"<div class=\"celwidget aplus-module premium-module-2-fullbackground-image aplus-premium\">\n<div class=\"a-section a-spacing-none premium-aplus premium-aplus-module-2\">\n<h2 class=\"a-text-center aplus-container-3 aplus-h1 a-text-bold\"><strong>Bl\u00fctezeit 12-265V AC\/DC Universal-Warnlampe<\/strong><\/h2>\n<\/div>\n<div class=\"a-section a-spacing-none premium-aplus premium-aplus-module-2\">\n<ul>\n<li>Einzigartiges quadratisches Design \u2013 Die markante quadratische LED-Warnleuchte sorgt f\u00fcr hohe Sichtbarkeit und damit f\u00fcr mehr Sicherheit und eignet sich ideal f\u00fcr die Montage an Torpfosten, Mauern oder auf D\u00e4chern.<\/li>\n<li>Universelle Spannung \u2013 Funktioniert mit 12\u2013265V AC\/DC-Systemen (4W) und ist somit mit einer Vielzahl von Schiebe- und Drehtorantrieben f\u00fcr Wohn- und Industriegeb\u00e4ude kompatibel.<\/li>\n<li>Breites Anwendungsspektrum \u2013 Ideal f\u00fcr Schiebe- und Drehtorantriebe, einschlie\u00dflich funkgesteuerter Systeme; signalisiert Passanten deutlich die Torbet\u00e4tigung.<\/li>\n<li>Einstellbarer Blinkmodus \u2013 Das integrierte SW1-Modul erm\u00f6glicht das Umschalten zwischen Blink- und Dauerlichtbetrieb und gew\u00e4hrleistet so eine optimale Signalisierung in jeder Umgebung.<\/li>\n<li>Langlebig und wetterfest \u2013 Schutzart IP54 f\u00fcr den Au\u00dfeneinsatz, betriebsf\u00e4hig bei Temperaturen von -4\u00b0F bis 140\u00b0F, best\u00e4ndig gegen Staub und Spritzwasser.<\/li>\n<\/ul>\n<div class=\"a-section a-spacing-none premium-background-wrapper\">\n<div class=\"a-section a-spacing-none background-image\"><img decoding=\"async\" class=\"\" src=\"https:\/\/m.media-amazon.com\/images\/S\/aplus-media-library-service-media\/05d07504-dcc9-42f7-bb9d-2c511b0d3fcf.__CR0,0,1464,600_PT0_SX1464_V1___.jpg\" alt=\"AC\/DC 12-265V Universal Warning Lamp for Gate Openers\" data-src=\"https:\/\/m.media-amazon.com\/images\/S\/aplus-media-library-service-media\/05d07504-dcc9-42f7-bb9d-2c511b0d3fcf.__CR0,0,1464,600_PT0_SX1464_V1___.jpg\" \/><\/div>\n<\/div>\n<div class=\"a-section a-text-center\"><\/div>\n<\/div>\n<\/div>\n<div class=\"celwidget aplus-module premium-module-2-fullbackground-image aplus-premium\">\n<div class=\"a-section a-spacing-none premium-aplus premium-aplus-module-2\">\n<div class=\"a-section a-spacing-none premium-background-wrapper\">\n<div class=\"a-section a-spacing-none background-image\"><img decoding=\"async\" class=\"\" src=\"https:\/\/m.media-amazon.com\/images\/S\/aplus-media-library-service-media\/03c60f45-fee7-4215-a6fd-4d69fa82dd46.__CR0,0,1464,600_PT0_SX1464_V1___.jpg\" alt=\"IP54 Waterproof LED Alarm Light for Gate Opener\" data-src=\"https:\/\/m.media-amazon.com\/images\/S\/aplus-media-library-service-media\/03c60f45-fee7-4215-a6fd-4d69fa82dd46.__CR0,0,1464,600_PT0_SX1464_V1___.jpg\" \/><\/div>\n<\/div>\n<\/div>\n<\/div>","protected":false},"excerpt":{"rendered":"<p>IP54 wetterfeste 12\u2013240V AC\/DC LED-Blinkwarnleuchte f\u00fcr Torantriebe, orangefarbene, helle Alarmleuchte<\/p>","protected":false},"featured_media":1690,"comment_status":"open","ping_status":"closed","template":"","meta":[],"product_brand":[33],"product_cat":[22,23],"product_tag":[],"class_list":{"0":"post-1683","1":"product","2":"type-product","3":"status-publish","4":"has-post-thumbnail","6":"product_brand-blutezeit","7":"product_cat-accessories","8":"product_cat-safety-vehicle-detection-sensor","10":"first","11":"instock","12":"shipping-taxable","13":"purchasable","14":"product-type-simple"},"yoast_head":"<!-- This site is optimized with the Yoast SEO plugin v26.4 - https:\/\/yoast.com\/wordpress\/plugins\/seo\/ -->\n<title>Universal 12-265V AC\/DC Flashing Warning Light - Bl\u00fctezeit<\/title>\n<meta name=\"robots\" content=\"index, follow, max-snippet:-1, max-image-preview:large, max-video-preview:-1\" \/>\n<link rel=\"canonical\" href=\"https:\/\/www.blutezeit.com\/de\/produkt\/mlp20-universal-led-warning-light-ac-dc-alarm-lamp-ip54\/\" \/>\n<meta property=\"og:locale\" content=\"de_DE\" \/>\n<meta property=\"og:type\" content=\"article\" \/>\n<meta property=\"og:title\" content=\"Universal 12-265V AC\/DC Flashing Warning Light - Bl\u00fctezeit\" \/>\n<meta property=\"og:description\" content=\"IP54 weatherproof 12\u2013240V AC\/DC LED flashing warning light for gate openers, orange signal high-brightness alarm lamp\" \/>\n<meta property=\"og:url\" content=\"https:\/\/www.blutezeit.com\/de\/produkt\/mlp20-universal-led-warning-light-ac-dc-alarm-lamp-ip54\/\" \/>\n<meta property=\"og:site_name\" content=\"Bl\u00fctezeit\" \/>\n<meta property=\"article:modified_time\" content=\"2026-03-09T08:51:48+00:00\" \/>\n<meta property=\"og:image\" content=\"http:\/\/www.blutezeit.com\/wp-content\/uploads\/2026\/02\/Warning-Light-12-265V-AC-DC-1-1-scaled.jpg\" \/>\n\t<meta property=\"og:image:width\" content=\"2560\" \/>\n\t<meta property=\"og:image:height\" content=\"2560\" \/>\n\t<meta property=\"og:image:type\" content=\"image\/jpeg\" \/>\n<meta name=\"twitter:card\" content=\"summary_large_image\" \/>\n<meta name=\"twitter:label1\" content=\"Gesch\u00e4tzte Lesezeit\" \/>\n\t<meta name=\"twitter:data1\" content=\"2\u00a0Minuten\" \/>\n<script type=\"application\/ld+json\" class=\"yoast-schema-graph\">{\"@context\":\"https:\/\/schema.org\",\"@graph\":[{\"@type\":\"WebPage\",\"@id\":\"https:\/\/www.blutezeit.com\/product\/mlp20-universal-led-warning-light-ac-dc-alarm-lamp-ip54\/\",\"url\":\"https:\/\/www.blutezeit.com\/product\/mlp20-universal-led-warning-light-ac-dc-alarm-lamp-ip54\/\",\"name\":\"Universal 12-265V AC\/DC Flashing Warning Light - Bl\u00fctezeit\",\"isPartOf\":{\"@id\":\"https:\/\/www.blutezeit.com\/pt\/#website\"},\"primaryImageOfPage\":{\"@id\":\"https:\/\/www.blutezeit.com\/product\/mlp20-universal-led-warning-light-ac-dc-alarm-lamp-ip54\/#primaryimage\"},\"image\":{\"@id\":\"https:\/\/www.blutezeit.com\/product\/mlp20-universal-led-warning-light-ac-dc-alarm-lamp-ip54\/#primaryimage\"},\"thumbnailUrl\":\"https:\/\/www.blutezeit.com\/wp-content\/uploads\/2026\/02\/Warning-Light-12-265V-AC-DC-1-1-scaled.jpg\",\"datePublished\":\"2026-02-12T10:37:58+00:00\",\"dateModified\":\"2026-03-09T08:51:48+00:00\",\"breadcrumb\":{\"@id\":\"https:\/\/www.blutezeit.com\/product\/mlp20-universal-led-warning-light-ac-dc-alarm-lamp-ip54\/#breadcrumb\"},\"inLanguage\":\"de\",\"potentialAction\":[{\"@type\":\"ReadAction\",\"target\":[\"https:\/\/www.blutezeit.com\/product\/mlp20-universal-led-warning-light-ac-dc-alarm-lamp-ip54\/\"]}]},{\"@type\":\"ImageObject\",\"inLanguage\":\"de\",\"@id\":\"https:\/\/www.blutezeit.com\/product\/mlp20-universal-led-warning-light-ac-dc-alarm-lamp-ip54\/#primaryimage\",\"url\":\"https:\/\/www.blutezeit.com\/wp-content\/uploads\/2026\/02\/Warning-Light-12-265V-AC-DC-1-1-scaled.jpg\",\"contentUrl\":\"https:\/\/www.blutezeit.com\/wp-content\/uploads\/2026\/02\/Warning-Light-12-265V-AC-DC-1-1-scaled.jpg\",\"width\":2560,\"height\":2560},{\"@type\":\"BreadcrumbList\",\"@id\":\"https:\/\/www.blutezeit.com\/product\/mlp20-universal-led-warning-light-ac-dc-alarm-lamp-ip54\/#breadcrumb\",\"itemListElement\":[{\"@type\":\"ListItem\",\"position\":1,\"name\":\"\u9996\u9875\",\"item\":\"https:\/\/www.blutezeit.com\/pt\/\"},{\"@type\":\"ListItem\",\"position\":2,\"name\":\"Product\",\"item\":\"https:\/\/www.blutezeit.com\/pt\/shop\/\"},{\"@type\":\"ListItem\",\"position\":3,\"name\":\"Universal 12-265V AC\/DC Flashing Warning Light\"}]},{\"@type\":\"WebSite\",\"@id\":\"https:\/\/www.blutezeit.com\/pt\/#website\",\"url\":\"https:\/\/www.blutezeit.com\/pt\/\",\"name\":\"Bl\u00fctezeit\",\"description\":\"Smart &amp; Solar Gate Opener Systems\",\"potentialAction\":[{\"@type\":\"SearchAction\",\"target\":{\"@type\":\"EntryPoint\",\"urlTemplate\":\"https:\/\/www.blutezeit.com\/pt\/?s={search_term_string}\"},\"query-input\":{\"@type\":\"PropertyValueSpecification\",\"valueRequired\":true,\"valueName\":\"search_term_string\"}}],\"inLanguage\":\"de\"}]}<\/script>\n<!-- \/ Yoast SEO plugin. -->","yoast_head_json":{"title":"Universal 12-265V AC\/DC Flashing Warning Light - Bl\u00fctezeit","robots":{"index":"index","follow":"follow","max-snippet":"max-snippet:-1","max-image-preview":"max-image-preview:large","max-video-preview":"max-video-preview:-1"},"canonical":"https:\/\/www.blutezeit.com\/de\/produkt\/mlp20-universal-led-warning-light-ac-dc-alarm-lamp-ip54\/","og_locale":"de_DE","og_type":"article","og_title":"Universal 12-265V AC\/DC Flashing Warning Light - Bl\u00fctezeit","og_description":"IP54 weatherproof 12\u2013240V AC\/DC LED flashing warning light for gate openers, orange signal high-brightness alarm lamp","og_url":"https:\/\/www.blutezeit.com\/de\/produkt\/mlp20-universal-led-warning-light-ac-dc-alarm-lamp-ip54\/","og_site_name":"Bl\u00fctezeit","article_modified_time":"2026-03-09T08:51:48+00:00","og_image":[{"width":2560,"height":2560,"url":"http:\/\/www.blutezeit.com\/wp-content\/uploads\/2026\/02\/Warning-Light-12-265V-AC-DC-1-1-scaled.jpg","type":"image\/jpeg"}],"twitter_card":"summary_large_image","twitter_misc":{"Gesch\u00e4tzte Lesezeit":"2\u00a0Minuten"},"schema":{"@context":"https:\/\/schema.org","@graph":[{"@type":"WebPage","@id":"https:\/\/www.blutezeit.com\/product\/mlp20-universal-led-warning-light-ac-dc-alarm-lamp-ip54\/","url":"https:\/\/www.blutezeit.com\/product\/mlp20-universal-led-warning-light-ac-dc-alarm-lamp-ip54\/","name":"Universal 12-265V AC\/DC Flashing Warning Light - Bl\u00fctezeit","isPartOf":{"@id":"https:\/\/www.blutezeit.com\/pt\/#website"},"primaryImageOfPage":{"@id":"https:\/\/www.blutezeit.com\/product\/mlp20-universal-led-warning-light-ac-dc-alarm-lamp-ip54\/#primaryimage"},"image":{"@id":"https:\/\/www.blutezeit.com\/product\/mlp20-universal-led-warning-light-ac-dc-alarm-lamp-ip54\/#primaryimage"},"thumbnailUrl":"https:\/\/www.blutezeit.com\/wp-content\/uploads\/2026\/02\/Warning-Light-12-265V-AC-DC-1-1-scaled.jpg","datePublished":"2026-02-12T10:37:58+00:00","dateModified":"2026-03-09T08:51:48+00:00","breadcrumb":{"@id":"https:\/\/www.blutezeit.com\/product\/mlp20-universal-led-warning-light-ac-dc-alarm-lamp-ip54\/#breadcrumb"},"inLanguage":"de","potentialAction":[{"@type":"ReadAction","target":["https:\/\/www.blutezeit.com\/product\/mlp20-universal-led-warning-light-ac-dc-alarm-lamp-ip54\/"]}]},{"@type":"ImageObject","inLanguage":"de","@id":"https:\/\/www.blutezeit.com\/product\/mlp20-universal-led-warning-light-ac-dc-alarm-lamp-ip54\/#primaryimage","url":"https:\/\/www.blutezeit.com\/wp-content\/uploads\/2026\/02\/Warning-Light-12-265V-AC-DC-1-1-scaled.jpg","contentUrl":"https:\/\/www.blutezeit.com\/wp-content\/uploads\/2026\/02\/Warning-Light-12-265V-AC-DC-1-1-scaled.jpg","width":2560,"height":2560},{"@type":"BreadcrumbList","@id":"https:\/\/www.blutezeit.com\/product\/mlp20-universal-led-warning-light-ac-dc-alarm-lamp-ip54\/#breadcrumb","itemListElement":[{"@type":"ListItem","position":1,"name":"\u9996\u9875","item":"https:\/\/www.blutezeit.com\/pt\/"},{"@type":"ListItem","position":2,"name":"Product","item":"https:\/\/www.blutezeit.com\/pt\/shop\/"},{"@type":"ListItem","position":3,"name":"Universal 12-265V AC\/DC Flashing Warning Light"}]},{"@type":"WebSite","@id":"https:\/\/www.blutezeit.com\/pt\/#website","url":"https:\/\/www.blutezeit.com\/pt\/","name":"Bl\u00fctezeit","description":"Intelligente und solare Tor\u00f6ffnersysteme","potentialAction":[{"@type":"SearchAction","target":{"@type":"EntryPoint","urlTemplate":"https:\/\/www.blutezeit.com\/pt\/?s={search_term_string}"},"query-input":{"@type":"PropertyValueSpecification","valueRequired":true,"valueName":"search_term_string"}}],"inLanguage":"de"}]}},"_links":{"self":[{"href":"https:\/\/www.blutezeit.com\/de\/wp-json\/wp\/v2\/product\/1683","targetHints":{"allow":["GET"]}}],"collection":[{"href":"https:\/\/www.blutezeit.com\/de\/wp-json\/wp\/v2\/product"}],"about":[{"href":"https:\/\/www.blutezeit.com\/de\/wp-json\/wp\/v2\/types\/product"}],"replies":[{"embeddable":true,"href":"https:\/\/www.blutezeit.com\/de\/wp-json\/wp\/v2\/comments?post=1683"}],"wp:featuredmedia":[{"embeddable":true,"href":"https:\/\/www.blutezeit.com\/de\/wp-json\/wp\/v2\/media\/1690"}],"wp:attachment":[{"href":"https:\/\/www.blutezeit.com\/de\/wp-json\/wp\/v2\/media?parent=1683"}],"wp:term":[{"taxonomy":"product_brand","embeddable":true,"href":"https:\/\/www.blutezeit.com\/de\/wp-json\/wp\/v2\/product_brand?post=1683"},{"taxonomy":"product_cat","embeddable":true,"href":"https:\/\/www.blutezeit.com\/de\/wp-json\/wp\/v2\/product_cat?post=1683"},{"taxonomy":"product_tag","embeddable":true,"href":"https:\/\/www.blutezeit.com\/de\/wp-json\/wp\/v2\/product_tag?post=1683"}],"curies":[{"name":"wp","href":"https:\/\/api.w.org\/{rel}","templated":true}]}}