{"id":1632,"date":"2026-01-19T11:07:58","date_gmt":"2026-01-19T11:07:58","guid":{"rendered":"https:\/\/www.blutezeit.com\/?post_type=product&#038;p=1632"},"modified":"2026-03-16T09:17:56","modified_gmt":"2026-03-16T09:17:56","slug":"mj-300n-ir50-sliding-gate-opener-remote-nylon-rack-ir-sensor","status":"publish","type":"product","link":"https:\/\/www.blutezeit.com\/de\/produkt\/mj-300n-ir50-sliding-gate-opener-remote-nylon-rack-ir-sensor\/","title":{"rendered":"MJ-300 Schiebetor\u00f6ffner (Nylon-Zahnstange + IR-Sensor)"},"content":{"rendered":"<div class=\"celwidget aplus-module premium-module-2-fullbackground-image aplus-premium\" data-csa-c-id=\"v6glb3-ui1ymo-3hdbdp-sg6w35\">\n<div class=\"a-section a-spacing-none premium-aplus premium-aplus-module-2\">\n<h2 class=\"a-text-center aplus-container-3 aplus-h1 a-text-bold\">Bl\u00fctezeit ME-MJ Schiebetorantrieb \u2013 Kleine Gr\u00f6\u00dfe, hohe Effizienz!<\/h2>\n<div class=\"a-section a-spacing-none premium-background-wrapper\">\n<div class=\"a-section a-spacing-none background-image\"><img decoding=\"async\" class=\"\" src=\"https:\/\/m.media-amazon.com\/images\/S\/aplus-media-library-service-media\/b6c2001a-9f64-486a-86b8-e39bbfe8d987.__CR0,0,1464,600_PT0_SX1464_V1___.jpg\" alt=\"sliding gate opener automatic door operator remote control motor rack driven\" data-src=\"https:\/\/m.media-amazon.com\/images\/S\/aplus-media-library-service-media\/b6c2001a-9f64-486a-86b8-e39bbfe8d987.__CR0,0,1464,600_PT0_SX1464_V1___.jpg\" \/><\/div>\n<\/div>\n<\/div>\n<\/div>\n<div class=\"celwidget aplus-module premium-module-2-fullbackground-image aplus-premium\" data-csa-c-id=\"rz5gwx-3xmlm1-qkggif-kjnsc7\">\n<div class=\"a-section a-spacing-none premium-aplus premium-aplus-module-2\">\n<div class=\"a-section a-spacing-none premium-background-wrapper\">\n<div class=\"a-section a-spacing-none background-image\"><img decoding=\"async\" class=\"\" src=\"https:\/\/m.media-amazon.com\/images\/S\/aplus-media-library-service-media\/eb694237-7dcd-43df-bed4-f75e3651112f.__CR0,0,1464,600_PT0_SX1464_V1___.jpg\" alt=\"sliding gate opener rack driven automatic door operator motor\" data-src=\"https:\/\/m.media-amazon.com\/images\/S\/aplus-media-library-service-media\/eb694237-7dcd-43df-bed4-f75e3651112f.__CR0,0,1464,600_PT0_SX1464_V1___.jpg\" \/><\/div>\n<\/div>\n<div><\/div>\n<div class=\"a-section a-text-center\"><span style=\"font-size: 30px;\">Starke Leistung in einem optimierten Design<\/span><\/div>\n<\/div>\n<\/div>\n<div class=\"celwidget aplus-module premium-module-2-fullbackground-image aplus-premium\" data-csa-c-id=\"rg02z5-by5edl-ivzy03-mkrp1e\">\n<div class=\"a-section a-spacing-none premium-aplus premium-aplus-module-2\">\n<div class=\"a-section a-spacing-none premium-background-wrapper\">\n<div class=\"a-section a-spacing-none background-image\"><img decoding=\"async\" class=\"\" src=\"https:\/\/m.media-amazon.com\/images\/S\/aplus-media-library-service-media\/2d290c33-c02d-46c6-be84-009a127c1747.__CR0,0,1464,600_PT0_SX1464_V1___.jpg\" alt=\"sliding gate opener rack driven automatic door operator remote control secure system\" data-src=\"https:\/\/m.media-amazon.com\/images\/S\/aplus-media-library-service-media\/2d290c33-c02d-46c6-be84-009a127c1747.__CR0,0,1464,600_PT0_SX1464_V1___.jpg\" \/><\/div>\n<\/div>\n<div class=\"a-section a-text-center\">\n<p class=\"aplus-description aplus-container-3 aplus-p1\"><span class=\"a-text-bold\"><u>Spezifikationen:<\/u><\/span>\u00a0Stromversorgung:\u00a0<span class=\"a-text-bold\">Wechselstrom 110\u2013120 V<\/span>; Motorleistung:\u00a0<span class=\"a-text-bold\">130 W<\/span>; Max. Hubgewicht:\u00a0<span class=\"a-text-bold\">900 Pfund<\/span>; Ausgangsdrehmoment:\u00a0<span class=\"a-text-bold\">12 Nm<\/span>; Bewegungsgeschwindigkeit:\u00a0<span class=\"a-text-bold\">40 Fu\u00df\/min<\/span>; Reichweite der Fernbedienung:\u00a0<span class=\"a-text-bold\">\u2265100 Fu\u00df<\/span>; Frequenz:\u00a0<span class=\"a-text-bold\">433,92 MHz<\/span>; Remote-F\u00e4higkeit:\u00a0<span class=\"a-text-bold\">100 St\u00fcck<\/span>\u00a0(2 sind im Lieferumfang enthalten).<\/p>\n<\/div>\n<\/div>\n<\/div>\n<div class=\"celwidget aplus-module premium-module-3-four-column-images aplus-premium\" data-csa-c-id=\"7a5cta-ex7k73-mwcd1i-8is54j\">\n<div class=\"a-section a-spacing-none premium-aplus premium-aplus-module-3 aplus-container-1\">\n<h2 class=\"a-text-center premium-module-3-heading aplus-h1 a-text-bold\">Gebaut f\u00fcr Komfort und St\u00e4rke<\/h2>\n<div class=\"a-section a-spacing-none premium-aplus-four-column\">\n<div class=\"a-section a-spacing-none premium-aplus-column\">\n<div class=\"a-section a-spacing-none {'column-image'}\"><img decoding=\"async\" class=\"\" src=\"https:\/\/m.media-amazon.com\/images\/S\/aplus-media-library-service-media\/b8e5c5c5-3346-4751-af21-d5b18d731e7d.__CR0,0,300,225_PT0_SX300_V1___.jpg\" alt=\"rack driven slide gate opener\" data-src=\"https:\/\/m.media-amazon.com\/images\/S\/aplus-media-library-service-media\/b8e5c5c5-3346-4751-af21-d5b18d731e7d.__CR0,0,300,225_PT0_SX300_V1___.jpg\" \/><\/div>\n<div class=\"a-section a-spacing-none column-heading\">\n<h2 class=\"aplus-h3 a-text-bold\">Kompatibel mit zwei Racktypen<\/h2>\n<\/div>\n<div class=\"a-section a-spacing-none column-description\">\n<p class=\"aplus-p3\">Kompatibel mit\u00a0<span class=\"a-text-bold\">Nylon<\/span>\u00a0Und\u00a0<span class=\"a-text-bold\">verzinktes Eisen<\/span>\u00a0Racks, separat erh\u00e4ltlich.<\/p>\n<\/div>\n<\/div>\n<div class=\"a-section a-spacing-none premium-aplus-column\">\n<div class=\"a-section a-spacing-none {'column-image'}\"><img decoding=\"async\" class=\"\" src=\"https:\/\/m.media-amazon.com\/images\/S\/aplus-media-library-service-media\/8151cc2b-438b-4352-ac39-63b611bc63ab.__CR0,0,300,225_PT0_SX300_V1___.jpg\" alt=\"steel base for sliding gate opener\" data-src=\"https:\/\/m.media-amazon.com\/images\/S\/aplus-media-library-service-media\/8151cc2b-438b-4352-ac39-63b611bc63ab.__CR0,0,300,225_PT0_SX300_V1___.jpg\" \/><\/div>\n<div class=\"a-section a-spacing-none column-heading\">\n<h2 class=\"aplus-h3 a-text-bold\">Verst\u00e4rkte Metallbasis<\/h2>\n<\/div>\n<div class=\"a-section a-spacing-none column-description\">\n<p class=\"aplus-p3\">Verdickt und erh\u00f6ht\u00a0<span class=\"a-text-bold\">Metallbasis<\/span>\u00a0sorgt f\u00fcr Stabilit\u00e4t, Haltbarkeit und Widerstandsf\u00e4higkeit gegen Verformung.<\/p>\n<\/div>\n<\/div>\n<div class=\"a-section a-spacing-none premium-aplus-column\">\n<div class=\"a-section a-spacing-none {'column-image'}\"><img decoding=\"async\" class=\"\" src=\"https:\/\/m.media-amazon.com\/images\/S\/aplus-media-library-service-media\/efa08402-9ddf-4f99-9431-a5b663425567.__CR0,0,300,225_PT0_SX300_V1___.jpg\" alt=\"manual release key hex clutch\" data-src=\"https:\/\/m.media-amazon.com\/images\/S\/aplus-media-library-service-media\/efa08402-9ddf-4f99-9431-a5b663425567.__CR0,0,300,225_PT0_SX300_V1___.jpg\" \/><\/div>\n<div class=\"a-section a-spacing-none column-heading\">\n<h2 class=\"aplus-h3 a-text-bold\">Manuelles Notfalltool<\/h2>\n<\/div>\n<div class=\"a-section a-spacing-none column-description\">\n<p class=\"aplus-p3\">Enth\u00e4lt eine\u00a0<span class=\"a-text-bold\">Sechskantschl\u00fcssel f\u00fcr manuelle Kupplung<\/span>\u00a0Betrieb, der eine einfache Torbewegung bei Stromausf\u00e4llen erm\u00f6glicht.<\/p>\n<\/div>\n<\/div>\n<div class=\"a-section a-spacing-none premium-aplus-column\">\n<div class=\"a-section a-spacing-none {'column-image'}\"><img decoding=\"async\" class=\"\" src=\"https:\/\/m.media-amazon.com\/images\/S\/aplus-media-library-service-media\/33734312-eab5-498f-9b3f-1dc76a1d4ecc.__CR0,0,300,225_PT0_SX300_V1___.jpg\" alt=\"magnet limit switch\" data-src=\"https:\/\/m.media-amazon.com\/images\/S\/aplus-media-library-service-media\/33734312-eab5-498f-9b3f-1dc76a1d4ecc.__CR0,0,300,225_PT0_SX300_V1___.jpg\" \/><\/div>\n<div class=\"a-section a-spacing-none column-heading\">\n<h2 class=\"aplus-h3 a-text-bold\">Zweifarbige Begrenzungsbl\u00f6cke<\/h2>\n<\/div>\n<div class=\"a-section a-spacing-none column-description\">\n<p class=\"aplus-p3\">Zweifarbig\u00a0<span class=\"a-text-bold\">magnetische Begrenzungsbl\u00f6cke<\/span>\u00a0(BLAU f\u00fcr \u00d6FFNEN, ROT f\u00fcr GESCHLOSSEN) erleichtern die Identifizierung und Installation.<\/p>\n<\/div>\n<\/div>\n<\/div>\n<\/div>\n<\/div>\n<div class=\"celwidget aplus-module premium-module-2-fullbackground-image aplus-premium\" data-csa-c-id=\"xuabo3-8h39px-jsazsx-tlzl2e\">\n<div class=\"a-section a-spacing-none premium-aplus premium-aplus-module-2\">\n<h2 class=\"a-text-center aplus-container-3 aplus-h1 a-text-bold\">Komplettes Zubeh\u00f6r f\u00fcr eine einfache Installation<\/h2>\n<div class=\"a-section a-spacing-none premium-background-wrapper\">\n<div class=\"a-section a-spacing-none background-image\"><img decoding=\"async\" class=\"\" src=\"https:\/\/m.media-amazon.com\/images\/S\/aplus-media-library-service-media\/7673907d-aa21-4c57-9f80-272f047f1af3.__CR0,0,1464,600_PT0_SX1464_V1___.jpg\" alt=\"full accessories hardware kits installation door opener\" data-src=\"https:\/\/m.media-amazon.com\/images\/S\/aplus-media-library-service-media\/7673907d-aa21-4c57-9f80-272f047f1af3.__CR0,0,1464,600_PT0_SX1464_V1___.jpg\" \/><\/div>\n<div>\n<div class=\"celwidget aplus-module premium-module-2-fullbackground-image aplus-premium\" data-csa-c-id=\"blrii8-8jr62c-rsguah-vh0wly\">\n<div class=\"a-section a-spacing-none premium-aplus premium-aplus-module-2\">\n<div class=\"a-section a-spacing-none premium-background-wrapper\">\n<div class=\"a-section a-spacing-none background-image\"><img decoding=\"async\" class=\"\" src=\"https:\/\/m.media-amazon.com\/images\/S\/aplus-media-library-service-media\/580d0eb1-e9c5-4eb8-b49b-c2bea69b0395.__CR0,0,1464,600_PT0_SX1464_V1___.jpg\" alt=\"sliding gate opener automatic driveway rail nylon gear rack sliding gate hardware sliding gate track\" data-src=\"https:\/\/m.media-amazon.com\/images\/S\/aplus-media-library-service-media\/580d0eb1-e9c5-4eb8-b49b-c2bea69b0395.__CR0,0,1464,600_PT0_SX1464_V1___.jpg\" \/><\/div>\n<\/div>\n<div class=\"a-section a-text-center\">\n<p class=\"aplus-description aplus-container-3 aplus-p1\"><img decoding=\"async\" class=\"\" src=\"https:\/\/m.media-amazon.com\/images\/S\/aplus-media-library-service-media\/1ec8acad-1ae7-4600-a1a1-201508b8fcb8.__CR0,0,1464,600_PT0_SX1464_V1___.jpg\" alt=\"Infrared Sensor for Automatic Door Access Control Systems Ideal for Sliding, Swing, and Garage Doors\" data-src=\"https:\/\/m.media-amazon.com\/images\/S\/aplus-media-library-service-media\/1ec8acad-1ae7-4600-a1a1-201508b8fcb8.__CR0,0,1464,600_PT0_SX1464_V1___.jpg\" \/><\/p>\n<p><span style=\"font-size: 30px;\">Zuverl\u00e4ssiger Pre- und After-Sales-Support<\/span><\/p>\n<\/div>\n<\/div>\n<\/div>\n<\/div>\n<\/div>\n<\/div>\n<\/div>\n<div class=\"celwidget aplus-module premium-module-2-fullbackground-image aplus-premium\" data-csa-c-id=\"3l1jul-aauhza-evlxyy-ing8rc\">\n<div class=\"a-section a-spacing-none premium-aplus premium-aplus-module-2\">\n<div class=\"a-section a-spacing-none premium-background-wrapper\">\n<div class=\"a-section a-spacing-none background-image\"><img decoding=\"async\" class=\"\" src=\"https:\/\/m.media-amazon.com\/images\/S\/aplus-media-library-service-media\/0e31f724-534a-4985-b5a6-f6064d737e4f.__CR0,0,1464,600_PT0_SX1464_V1___.jpg\" alt=\"efficient aftersales service sliding gate motor\" data-src=\"https:\/\/m.media-amazon.com\/images\/S\/aplus-media-library-service-media\/0e31f724-534a-4985-b5a6-f6064d737e4f.__CR0,0,1464,600_PT0_SX1464_V1___.jpg\" \/><\/div>\n<\/div>\n<\/div>\n<\/div>","protected":false},"excerpt":{"rendered":"<p>900 Pfund (ca. 408 kg) Zahnstangen-Schiebetor\u00f6ffner mit 2 Fernbedienungen, 13,12 Fu\u00df (ca. 4 m) langen Nylon-Zahnstangen und Infrarotsensor<\/p>","protected":false},"featured_media":1633,"comment_status":"open","ping_status":"closed","template":"","meta":[],"product_brand":[33],"product_cat":[82,20],"product_tag":[],"class_list":{"0":"post-1632","1":"product","2":"type-product","3":"status-publish","4":"has-post-thumbnail","6":"product_brand-blutezeit","7":"product_cat-ac-sliding-gate-openers","8":"product_cat-gate-openers","10":"first","11":"instock","12":"shipping-taxable","13":"purchasable","14":"product-type-simple"},"yoast_head":"<!-- This site is optimized with the Yoast SEO plugin v26.4 - https:\/\/yoast.com\/wordpress\/plugins\/seo\/ -->\n<title>MJ-300 Sliding Gate Opener (Nylon Rack + IR Sensor) - Bl\u00fctezeit<\/title>\n<meta name=\"robots\" content=\"index, follow, max-snippet:-1, max-image-preview:large, max-video-preview:-1\" \/>\n<link rel=\"canonical\" href=\"https:\/\/www.blutezeit.com\/de\/produkt\/mj-300n-ir50-sliding-gate-opener-remote-nylon-rack-ir-sensor\/\" \/>\n<meta property=\"og:locale\" content=\"de_DE\" \/>\n<meta property=\"og:type\" content=\"article\" \/>\n<meta property=\"og:title\" content=\"MJ-300 Sliding Gate Opener (Nylon Rack + IR Sensor) - Bl\u00fctezeit\" \/>\n<meta property=\"og:description\" content=\"900lb rack-drive sliding gate opener with 2 remotes, 13.12ft nylon racks and infrared sensor\" \/>\n<meta property=\"og:url\" content=\"https:\/\/www.blutezeit.com\/de\/produkt\/mj-300n-ir50-sliding-gate-opener-remote-nylon-rack-ir-sensor\/\" \/>\n<meta property=\"og:site_name\" content=\"Bl\u00fctezeit\" \/>\n<meta property=\"article:modified_time\" content=\"2026-03-16T09:17:56+00:00\" \/>\n<meta property=\"og:image\" content=\"http:\/\/www.blutezeit.com\/wp-content\/uploads\/2026\/01\/MJ-300-Sliding-Gate-OpenerNylon-RacksIR-Sensor.jpg\" \/>\n\t<meta property=\"og:image:width\" content=\"1500\" \/>\n\t<meta property=\"og:image:height\" content=\"1500\" \/>\n\t<meta property=\"og:image:type\" content=\"image\/jpeg\" \/>\n<meta name=\"twitter:card\" content=\"summary_large_image\" \/>\n<meta name=\"twitter:label1\" content=\"Gesch\u00e4tzte Lesezeit\" \/>\n\t<meta name=\"twitter:data1\" content=\"3\u00a0Minuten\" \/>\n<script type=\"application\/ld+json\" class=\"yoast-schema-graph\">{\"@context\":\"https:\/\/schema.org\",\"@graph\":[{\"@type\":\"WebPage\",\"@id\":\"https:\/\/www.blutezeit.com\/product\/mj-300n-ir50-sliding-gate-opener-remote-nylon-rack-ir-sensor\/\",\"url\":\"https:\/\/www.blutezeit.com\/product\/mj-300n-ir50-sliding-gate-opener-remote-nylon-rack-ir-sensor\/\",\"name\":\"MJ-300 Sliding Gate Opener (Nylon Rack + IR Sensor) - Bl\u00fctezeit\",\"isPartOf\":{\"@id\":\"https:\/\/www.blutezeit.com\/pt\/#website\"},\"primaryImageOfPage\":{\"@id\":\"https:\/\/www.blutezeit.com\/product\/mj-300n-ir50-sliding-gate-opener-remote-nylon-rack-ir-sensor\/#primaryimage\"},\"image\":{\"@id\":\"https:\/\/www.blutezeit.com\/product\/mj-300n-ir50-sliding-gate-opener-remote-nylon-rack-ir-sensor\/#primaryimage\"},\"thumbnailUrl\":\"https:\/\/www.blutezeit.com\/wp-content\/uploads\/2026\/01\/MJ-300-Sliding-Gate-OpenerNylon-RacksIR-Sensor.jpg\",\"datePublished\":\"2026-01-19T11:07:58+00:00\",\"dateModified\":\"2026-03-16T09:17:56+00:00\",\"breadcrumb\":{\"@id\":\"https:\/\/www.blutezeit.com\/product\/mj-300n-ir50-sliding-gate-opener-remote-nylon-rack-ir-sensor\/#breadcrumb\"},\"inLanguage\":\"de\",\"potentialAction\":[{\"@type\":\"ReadAction\",\"target\":[\"https:\/\/www.blutezeit.com\/product\/mj-300n-ir50-sliding-gate-opener-remote-nylon-rack-ir-sensor\/\"]}]},{\"@type\":\"ImageObject\",\"inLanguage\":\"de\",\"@id\":\"https:\/\/www.blutezeit.com\/product\/mj-300n-ir50-sliding-gate-opener-remote-nylon-rack-ir-sensor\/#primaryimage\",\"url\":\"https:\/\/www.blutezeit.com\/wp-content\/uploads\/2026\/01\/MJ-300-Sliding-Gate-OpenerNylon-RacksIR-Sensor.jpg\",\"contentUrl\":\"https:\/\/www.blutezeit.com\/wp-content\/uploads\/2026\/01\/MJ-300-Sliding-Gate-OpenerNylon-RacksIR-Sensor.jpg\",\"width\":1500,\"height\":1500},{\"@type\":\"BreadcrumbList\",\"@id\":\"https:\/\/www.blutezeit.com\/product\/mj-300n-ir50-sliding-gate-opener-remote-nylon-rack-ir-sensor\/#breadcrumb\",\"itemListElement\":[{\"@type\":\"ListItem\",\"position\":1,\"name\":\"\u9996\u9875\",\"item\":\"https:\/\/www.blutezeit.com\/pt\/\"},{\"@type\":\"ListItem\",\"position\":2,\"name\":\"Product\",\"item\":\"https:\/\/www.blutezeit.com\/pt\/shop\/\"},{\"@type\":\"ListItem\",\"position\":3,\"name\":\"MJ-300 Sliding Gate Opener (Nylon Rack + IR Sensor)\"}]},{\"@type\":\"WebSite\",\"@id\":\"https:\/\/www.blutezeit.com\/pt\/#website\",\"url\":\"https:\/\/www.blutezeit.com\/pt\/\",\"name\":\"Bl\u00fctezeit\",\"description\":\"Smart &amp; Solar Gate Opener Systems\",\"potentialAction\":[{\"@type\":\"SearchAction\",\"target\":{\"@type\":\"EntryPoint\",\"urlTemplate\":\"https:\/\/www.blutezeit.com\/pt\/?s={search_term_string}\"},\"query-input\":{\"@type\":\"PropertyValueSpecification\",\"valueRequired\":true,\"valueName\":\"search_term_string\"}}],\"inLanguage\":\"de\"}]}<\/script>\n<!-- \/ Yoast SEO plugin. -->","yoast_head_json":{"title":"MJ-300 Sliding Gate Opener (Nylon Rack + IR Sensor) - Bl\u00fctezeit","robots":{"index":"index","follow":"follow","max-snippet":"max-snippet:-1","max-image-preview":"max-image-preview:large","max-video-preview":"max-video-preview:-1"},"canonical":"https:\/\/www.blutezeit.com\/de\/produkt\/mj-300n-ir50-sliding-gate-opener-remote-nylon-rack-ir-sensor\/","og_locale":"de_DE","og_type":"article","og_title":"MJ-300 Sliding Gate Opener (Nylon Rack + IR Sensor) - Bl\u00fctezeit","og_description":"900lb rack-drive sliding gate opener with 2 remotes, 13.12ft nylon racks and infrared sensor","og_url":"https:\/\/www.blutezeit.com\/de\/produkt\/mj-300n-ir50-sliding-gate-opener-remote-nylon-rack-ir-sensor\/","og_site_name":"Bl\u00fctezeit","article_modified_time":"2026-03-16T09:17:56+00:00","og_image":[{"width":1500,"height":1500,"url":"http:\/\/www.blutezeit.com\/wp-content\/uploads\/2026\/01\/MJ-300-Sliding-Gate-OpenerNylon-RacksIR-Sensor.jpg","type":"image\/jpeg"}],"twitter_card":"summary_large_image","twitter_misc":{"Gesch\u00e4tzte Lesezeit":"3\u00a0Minuten"},"schema":{"@context":"https:\/\/schema.org","@graph":[{"@type":"WebPage","@id":"https:\/\/www.blutezeit.com\/product\/mj-300n-ir50-sliding-gate-opener-remote-nylon-rack-ir-sensor\/","url":"https:\/\/www.blutezeit.com\/product\/mj-300n-ir50-sliding-gate-opener-remote-nylon-rack-ir-sensor\/","name":"MJ-300 Sliding Gate Opener (Nylon Rack + IR Sensor) - Bl\u00fctezeit","isPartOf":{"@id":"https:\/\/www.blutezeit.com\/pt\/#website"},"primaryImageOfPage":{"@id":"https:\/\/www.blutezeit.com\/product\/mj-300n-ir50-sliding-gate-opener-remote-nylon-rack-ir-sensor\/#primaryimage"},"image":{"@id":"https:\/\/www.blutezeit.com\/product\/mj-300n-ir50-sliding-gate-opener-remote-nylon-rack-ir-sensor\/#primaryimage"},"thumbnailUrl":"https:\/\/www.blutezeit.com\/wp-content\/uploads\/2026\/01\/MJ-300-Sliding-Gate-OpenerNylon-RacksIR-Sensor.jpg","datePublished":"2026-01-19T11:07:58+00:00","dateModified":"2026-03-16T09:17:56+00:00","breadcrumb":{"@id":"https:\/\/www.blutezeit.com\/product\/mj-300n-ir50-sliding-gate-opener-remote-nylon-rack-ir-sensor\/#breadcrumb"},"inLanguage":"de","potentialAction":[{"@type":"ReadAction","target":["https:\/\/www.blutezeit.com\/product\/mj-300n-ir50-sliding-gate-opener-remote-nylon-rack-ir-sensor\/"]}]},{"@type":"ImageObject","inLanguage":"de","@id":"https:\/\/www.blutezeit.com\/product\/mj-300n-ir50-sliding-gate-opener-remote-nylon-rack-ir-sensor\/#primaryimage","url":"https:\/\/www.blutezeit.com\/wp-content\/uploads\/2026\/01\/MJ-300-Sliding-Gate-OpenerNylon-RacksIR-Sensor.jpg","contentUrl":"https:\/\/www.blutezeit.com\/wp-content\/uploads\/2026\/01\/MJ-300-Sliding-Gate-OpenerNylon-RacksIR-Sensor.jpg","width":1500,"height":1500},{"@type":"BreadcrumbList","@id":"https:\/\/www.blutezeit.com\/product\/mj-300n-ir50-sliding-gate-opener-remote-nylon-rack-ir-sensor\/#breadcrumb","itemListElement":[{"@type":"ListItem","position":1,"name":"\u9996\u9875","item":"https:\/\/www.blutezeit.com\/pt\/"},{"@type":"ListItem","position":2,"name":"Product","item":"https:\/\/www.blutezeit.com\/pt\/shop\/"},{"@type":"ListItem","position":3,"name":"MJ-300 Sliding Gate Opener (Nylon Rack + IR Sensor)"}]},{"@type":"WebSite","@id":"https:\/\/www.blutezeit.com\/pt\/#website","url":"https:\/\/www.blutezeit.com\/pt\/","name":"Bl\u00fctezeit","description":"Intelligente und solare Tor\u00f6ffnersysteme","potentialAction":[{"@type":"SearchAction","target":{"@type":"EntryPoint","urlTemplate":"https:\/\/www.blutezeit.com\/pt\/?s={search_term_string}"},"query-input":{"@type":"PropertyValueSpecification","valueRequired":true,"valueName":"search_term_string"}}],"inLanguage":"de"}]}},"_links":{"self":[{"href":"https:\/\/www.blutezeit.com\/de\/wp-json\/wp\/v2\/product\/1632","targetHints":{"allow":["GET"]}}],"collection":[{"href":"https:\/\/www.blutezeit.com\/de\/wp-json\/wp\/v2\/product"}],"about":[{"href":"https:\/\/www.blutezeit.com\/de\/wp-json\/wp\/v2\/types\/product"}],"replies":[{"embeddable":true,"href":"https:\/\/www.blutezeit.com\/de\/wp-json\/wp\/v2\/comments?post=1632"}],"wp:featuredmedia":[{"embeddable":true,"href":"https:\/\/www.blutezeit.com\/de\/wp-json\/wp\/v2\/media\/1633"}],"wp:attachment":[{"href":"https:\/\/www.blutezeit.com\/de\/wp-json\/wp\/v2\/media?parent=1632"}],"wp:term":[{"taxonomy":"product_brand","embeddable":true,"href":"https:\/\/www.blutezeit.com\/de\/wp-json\/wp\/v2\/product_brand?post=1632"},{"taxonomy":"product_cat","embeddable":true,"href":"https:\/\/www.blutezeit.com\/de\/wp-json\/wp\/v2\/product_cat?post=1632"},{"taxonomy":"product_tag","embeddable":true,"href":"https:\/\/www.blutezeit.com\/de\/wp-json\/wp\/v2\/product_tag?post=1632"}],"curies":[{"name":"wp","href":"https:\/\/api.w.org\/{rel}","templated":true}]}}