{"id":1628,"date":"2026-01-19T10:44:11","date_gmt":"2026-01-19T10:44:11","guid":{"rendered":"https:\/\/www.blutezeit.com\/?post_type=product&#038;p=1628"},"modified":"2026-03-16T09:18:11","modified_gmt":"2026-03-16T09:18:11","slug":"mj-300s-sliding-gate-opener-900lb-steel-racks","status":"publish","type":"product","link":"https:\/\/www.blutezeit.com\/de\/produkt\/mj-300s-sliding-gate-opener-900lb-steel-racks\/","title":{"rendered":"MJ-300 Schiebetor\u00f6ffner (Stahlgestelle)"},"content":{"rendered":"<div class=\"celwidget aplus-module premium-module-2-fullbackground-image aplus-premium\" data-csa-c-id=\"v6glb3-ui1ymo-3hdbdp-sg6w35\">\n<div class=\"a-section a-spacing-none premium-aplus premium-aplus-module-2\">\n<h2 class=\"a-text-center aplus-container-3 aplus-h1 a-text-bold\">Bl\u00fctezeit ME-MJ Schiebetorantrieb \u2013 Kleine Gr\u00f6\u00dfe, hohe Effizienz!<\/h2>\n<div class=\"a-section a-spacing-none premium-background-wrapper\">\n<div class=\"a-section a-spacing-none background-image\"><img decoding=\"async\" class=\"\" src=\"https:\/\/m.media-amazon.com\/images\/S\/aplus-media-library-service-media\/b6c2001a-9f64-486a-86b8-e39bbfe8d987.__CR0,0,1464,600_PT0_SX1464_V1___.jpg\" alt=\"sliding gate opener automatic door operator remote control motor rack driven\" data-src=\"https:\/\/m.media-amazon.com\/images\/S\/aplus-media-library-service-media\/b6c2001a-9f64-486a-86b8-e39bbfe8d987.__CR0,0,1464,600_PT0_SX1464_V1___.jpg\" \/><\/div>\n<\/div>\n<\/div>\n<\/div>\n<div class=\"celwidget aplus-module premium-module-2-fullbackground-image aplus-premium\" data-csa-c-id=\"rz5gwx-3xmlm1-qkggif-kjnsc7\">\n<div class=\"a-section a-spacing-none premium-aplus premium-aplus-module-2\">\n<div class=\"a-section a-spacing-none premium-background-wrapper\">\n<div class=\"a-section a-spacing-none background-image\"><img decoding=\"async\" class=\"\" src=\"https:\/\/m.media-amazon.com\/images\/S\/aplus-media-library-service-media\/eb694237-7dcd-43df-bed4-f75e3651112f.__CR0,0,1464,600_PT0_SX1464_V1___.jpg\" alt=\"sliding gate opener rack driven automatic door operator motor\" data-src=\"https:\/\/m.media-amazon.com\/images\/S\/aplus-media-library-service-media\/eb694237-7dcd-43df-bed4-f75e3651112f.__CR0,0,1464,600_PT0_SX1464_V1___.jpg\" \/><\/div>\n<\/div>\n<div><\/div>\n<div class=\"a-section a-text-center\"><span style=\"font-size: 30px;\">Starke Leistung in einem optimierten Design<\/span><\/div>\n<\/div>\n<\/div>\n<div class=\"celwidget aplus-module premium-module-2-fullbackground-image aplus-premium\" data-csa-c-id=\"rg02z5-by5edl-ivzy03-mkrp1e\">\n<div class=\"a-section a-spacing-none premium-aplus premium-aplus-module-2\">\n<div class=\"a-section a-spacing-none premium-background-wrapper\">\n<div class=\"a-section a-spacing-none background-image\"><img decoding=\"async\" class=\"\" src=\"https:\/\/m.media-amazon.com\/images\/S\/aplus-media-library-service-media\/2d290c33-c02d-46c6-be84-009a127c1747.__CR0,0,1464,600_PT0_SX1464_V1___.jpg\" alt=\"sliding gate opener rack driven automatic door operator remote control secure system\" data-src=\"https:\/\/m.media-amazon.com\/images\/S\/aplus-media-library-service-media\/2d290c33-c02d-46c6-be84-009a127c1747.__CR0,0,1464,600_PT0_SX1464_V1___.jpg\" \/><\/div>\n<\/div>\n<div class=\"a-section a-text-center\">\n<p class=\"aplus-description aplus-container-3 aplus-p1\"><span class=\"a-text-bold\"><u>Spezifikationen:<\/u><\/span>\u00a0Stromversorgung:\u00a0<span class=\"a-text-bold\">Wechselstrom 110\u2013120 V<\/span>; Motorleistung:\u00a0<span class=\"a-text-bold\">130 W<\/span>; Max. Hubgewicht:\u00a0<span class=\"a-text-bold\">900 Pfund<\/span>; Ausgangsdrehmoment:\u00a0<span class=\"a-text-bold\">12 Nm<\/span>; Bewegungsgeschwindigkeit:\u00a0<span class=\"a-text-bold\">40 Fu\u00df\/min<\/span>; Reichweite der Fernbedienung:\u00a0<span class=\"a-text-bold\">\u2265100 Fu\u00df<\/span>; Frequenz:\u00a0<span class=\"a-text-bold\">433,92 MHz<\/span>; Remote-F\u00e4higkeit:\u00a0<span class=\"a-text-bold\">100 St\u00fcck<\/span>\u00a0(2 sind im Lieferumfang enthalten).<\/p>\n<\/div>\n<\/div>\n<\/div>\n<div class=\"celwidget aplus-module premium-module-3-four-column-images aplus-premium\" data-csa-c-id=\"7a5cta-ex7k73-mwcd1i-8is54j\">\n<div class=\"a-section a-spacing-none premium-aplus premium-aplus-module-3 aplus-container-1\">\n<h2 class=\"a-text-center premium-module-3-heading aplus-h1 a-text-bold\">Gebaut f\u00fcr Komfort und St\u00e4rke<\/h2>\n<div class=\"a-section a-spacing-none premium-aplus-four-column\">\n<div class=\"a-section a-spacing-none premium-aplus-column\">\n<div class=\"a-section a-spacing-none {'column-image'}\"><img decoding=\"async\" class=\"\" src=\"https:\/\/m.media-amazon.com\/images\/S\/aplus-media-library-service-media\/b8e5c5c5-3346-4751-af21-d5b18d731e7d.__CR0,0,300,225_PT0_SX300_V1___.jpg\" alt=\"rack driven slide gate opener\" data-src=\"https:\/\/m.media-amazon.com\/images\/S\/aplus-media-library-service-media\/b8e5c5c5-3346-4751-af21-d5b18d731e7d.__CR0,0,300,225_PT0_SX300_V1___.jpg\" \/><\/div>\n<div class=\"a-section a-spacing-none column-heading\">\n<h2 class=\"aplus-h3 a-text-bold\">Kompatibel mit zwei Racktypen<\/h2>\n<\/div>\n<div class=\"a-section a-spacing-none column-description\">\n<p class=\"aplus-p3\">Kompatibel mit\u00a0<span class=\"a-text-bold\">Nylon<\/span>\u00a0Und\u00a0<span class=\"a-text-bold\">verzinktes Eisen<\/span>\u00a0Racks, separat erh\u00e4ltlich.<\/p>\n<\/div>\n<\/div>\n<div class=\"a-section a-spacing-none premium-aplus-column\">\n<div class=\"a-section a-spacing-none {'column-image'}\"><img decoding=\"async\" class=\"\" src=\"https:\/\/m.media-amazon.com\/images\/S\/aplus-media-library-service-media\/8151cc2b-438b-4352-ac39-63b611bc63ab.__CR0,0,300,225_PT0_SX300_V1___.jpg\" alt=\"steel base for sliding gate opener\" data-src=\"https:\/\/m.media-amazon.com\/images\/S\/aplus-media-library-service-media\/8151cc2b-438b-4352-ac39-63b611bc63ab.__CR0,0,300,225_PT0_SX300_V1___.jpg\" \/><\/div>\n<div class=\"a-section a-spacing-none column-heading\">\n<h2 class=\"aplus-h3 a-text-bold\">Verst\u00e4rkte Metallbasis<\/h2>\n<\/div>\n<div class=\"a-section a-spacing-none column-description\">\n<p class=\"aplus-p3\">Verdickt und erh\u00f6ht\u00a0<span class=\"a-text-bold\">Metallbasis<\/span>\u00a0sorgt f\u00fcr Stabilit\u00e4t, Haltbarkeit und Widerstandsf\u00e4higkeit gegen Verformung.<\/p>\n<\/div>\n<\/div>\n<div class=\"a-section a-spacing-none premium-aplus-column\">\n<div class=\"a-section a-spacing-none {'column-image'}\"><img decoding=\"async\" class=\"\" src=\"https:\/\/m.media-amazon.com\/images\/S\/aplus-media-library-service-media\/efa08402-9ddf-4f99-9431-a5b663425567.__CR0,0,300,225_PT0_SX300_V1___.jpg\" alt=\"manual release key hex clutch\" data-src=\"https:\/\/m.media-amazon.com\/images\/S\/aplus-media-library-service-media\/efa08402-9ddf-4f99-9431-a5b663425567.__CR0,0,300,225_PT0_SX300_V1___.jpg\" \/><\/div>\n<div class=\"a-section a-spacing-none column-heading\">\n<h2 class=\"aplus-h3 a-text-bold\">Manuelles Notfalltool<\/h2>\n<\/div>\n<div class=\"a-section a-spacing-none column-description\">\n<p class=\"aplus-p3\">Enth\u00e4lt eine\u00a0<span class=\"a-text-bold\">Sechskantschl\u00fcssel f\u00fcr manuelle Kupplung<\/span>\u00a0Betrieb, der eine einfache Torbewegung bei Stromausf\u00e4llen erm\u00f6glicht.<\/p>\n<\/div>\n<\/div>\n<div class=\"a-section a-spacing-none premium-aplus-column\">\n<div class=\"a-section a-spacing-none {'column-image'}\"><img decoding=\"async\" class=\"\" src=\"https:\/\/m.media-amazon.com\/images\/S\/aplus-media-library-service-media\/33734312-eab5-498f-9b3f-1dc76a1d4ecc.__CR0,0,300,225_PT0_SX300_V1___.jpg\" alt=\"magnet limit switch\" data-src=\"https:\/\/m.media-amazon.com\/images\/S\/aplus-media-library-service-media\/33734312-eab5-498f-9b3f-1dc76a1d4ecc.__CR0,0,300,225_PT0_SX300_V1___.jpg\" \/><\/div>\n<div class=\"a-section a-spacing-none column-heading\">\n<h2 class=\"aplus-h3 a-text-bold\">Zweifarbige Begrenzungsbl\u00f6cke<\/h2>\n<\/div>\n<div class=\"a-section a-spacing-none column-description\">\n<p class=\"aplus-p3\">Zweifarbig\u00a0<span class=\"a-text-bold\">magnetische Begrenzungsbl\u00f6cke<\/span>\u00a0(BLAU f\u00fcr \u00d6FFNEN, ROT f\u00fcr GESCHLOSSEN) erleichtern die Identifizierung und Installation.<\/p>\n<\/div>\n<\/div>\n<\/div>\n<\/div>\n<\/div>\n<div class=\"celwidget aplus-module premium-module-2-fullbackground-image aplus-premium\" data-csa-c-id=\"xuabo3-8h39px-jsazsx-tlzl2e\">\n<div class=\"a-section a-spacing-none premium-aplus premium-aplus-module-2\">\n<h2 class=\"a-text-center aplus-container-3 aplus-h1 a-text-bold\">Komplettes Zubeh\u00f6r f\u00fcr eine einfache Installation<\/h2>\n<div class=\"a-section a-spacing-none premium-background-wrapper\">\n<div class=\"a-section a-spacing-none background-image\"><img decoding=\"async\" class=\"\" src=\"https:\/\/m.media-amazon.com\/images\/S\/aplus-media-library-service-media\/7673907d-aa21-4c57-9f80-272f047f1af3.__CR0,0,1464,600_PT0_SX1464_V1___.jpg\" alt=\"full accessories hardware kits installation door opener\" data-src=\"https:\/\/m.media-amazon.com\/images\/S\/aplus-media-library-service-media\/7673907d-aa21-4c57-9f80-272f047f1af3.__CR0,0,1464,600_PT0_SX1464_V1___.jpg\" \/><\/div>\n<div><img decoding=\"async\" class=\"\" src=\"https:\/\/m.media-amazon.com\/images\/S\/aplus-media-library-service-media\/f0d61ed5-2650-46d4-81b4-b88dceed43e0.__CR0,0,1464,600_PT0_SX1464_V1___.jpg\" alt=\"steel gear racks for sliding gate opener driveway heavy duty\" data-src=\"https:\/\/m.media-amazon.com\/images\/S\/aplus-media-library-service-media\/f0d61ed5-2650-46d4-81b4-b88dceed43e0.__CR0,0,1464,600_PT0_SX1464_V1___.jpg\" \/><\/div>\n<div>\n<div class=\"celwidget aplus-module premium-module-2-fullbackground-image aplus-premium\" data-csa-c-id=\"ckvvia-2nqe5d-5iv3ou-ke8wx3\" data-cel-widget=\"aplus-premium-module-2-fullbackground-image\">\n<div class=\"a-section a-spacing-none premium-aplus premium-aplus-module-2\">\n<div class=\"a-section a-text-center\">\n<p class=\"aplus-description aplus-container-3 aplus-p1\">*\u00a0<span class=\"a-text-bold\">Hergestellt aus hochwertigem verzinktem Stahl<\/span>\u00a0\u2013 Wetterbest\u00e4ndig, rostfrei und langlebig. *\u00a0<span class=\"a-text-bold\">Rack-gesteuertes Design<\/span>\u00a0\u2013 Sorgt f\u00fcr ein sauberes Aussehen, sanftere Bewegungen und einen leiseren Betrieb bei weniger Wartung. *\u00a0<span class=\"a-text-bold\">Schwei\u00dfen erforderlich<\/span>\u00a0\u2013 F\u00fcr eine sichere Montage m\u00fcssen Muttern (im Lieferumfang enthalten) an den Torrahmen geschwei\u00dft werden.<\/p>\n<\/div>\n<\/div>\n<\/div>\n<div class=\"celwidget aplus-module premium-module-16-tech-specs aplus-premium\" data-csa-c-id=\"x1igd6-y3jngq-ld1rb1-c0jykl\" data-cel-widget=\"aplus-premium-module-16-tech-specs\">\n<div class=\"a-section a-spacing-none aplus-index-1 premium-aplus premium-aplus-module-16 aplus-container-3\">\n<h3 class=\"a-size-extra-large a-spacing-base a-text-center\">Spezifikation<\/h3>\n<div class=\"a-row\">\n<div class=\"a-column a-span6\">\n<table class=\"a-bordered a-horizontal-stripes aplus-tech-spec-table\" style=\"height: 128px;\" width=\"512\">\n<tbody>\n<tr>\n<td class=\"a-text-bold\">Rackl\u00e4nge (jeweils)<\/td>\n<td>1 Meter pro St\u00fcck<\/td>\n<\/tr>\n<tr>\n<td class=\"a-text-bold\">Gesamtl\u00e4nge des Racks<\/td>\n<td>13,12 Fu\u00df (4 Meter, insgesamt 4 St\u00fcck)<\/td>\n<\/tr>\n<tr>\n<td class=\"a-text-bold\">Ma\u00dfe<\/td>\n<td>39,37\u2033 x 1,18\u2033 x 0,32\u2033 (1000 x 30 x 8 mm)<\/td>\n<\/tr>\n<tr>\n<td class=\"a-text-bold\">Gewicht (pro Rack)<\/td>\n<td>Ca. 1,5 kg pro St\u00fcck<\/td>\n<\/tr>\n<\/tbody>\n<\/table>\n<\/div>\n<div class=\"a-section a-spacing-none premium-aplus-15-heading\">\n<h2 class=\"premium-aplus-15-heading-text a-text-bold\">Schritte zur Installation einer Zahnstange aus Stahl<\/h2>\n<\/div>\n<div class=\"a-section a-spacing-none\">\n<ol class=\"a-ordered-list a-vertical\">\n<li><span class=\"a-list-item\"><span class=\"a-text-bold\">Ersten Rackabschnitt pr\u00e4zise ausrichten<\/span>\u00a0Positionieren Sie den ersten Zahnstangenabschnitt am Torrahmen und setzen Sie ihn fest auf das Antriebszahnrad des Motors. Stellen Sie sicher, dass die Z\u00e4hne des Zahnrads vollst\u00e4ndig in die Z\u00e4hne der Zahnstange eingreifen, um eine reibungslose Bewegung und optimalen Kontakt zu gew\u00e4hrleisten.<\/span><\/li>\n<li><span class=\"a-list-item\"><span class=\"a-text-bold\">Richten Sie das Rack aus<\/span>\u00a0Verwenden Sie eine Wasserwaage, um sicherzustellen, dass das Gestell vollkommen waagerecht steht.<span class=\"a-text-bold\">\u00a0<\/span><span class=\"a-text-italic\"><span class=\"a-text-bold\">Tipp:\u00a0<\/span>Halten Sie zwischen Zahnrad und Zahnstange einen kleinen Abstand (1\u20132 mm) ein, um W\u00e4rmeausdehnung zu erm\u00f6glichen und unn\u00f6tige Reibung zu vermeiden.<\/span><\/span><\/li>\n<li><span class=\"a-list-item\"><span class=\"a-text-bold\">Testen Sie die manuelle Bewegung<\/span>\u00a0Schieben Sie das Tor vorsichtig mit der Hand entlang der Schiene, um festzustellen, ob es klemmt oder nicht richtig ausgerichtet ist. Die Zahnstange sollte sich frei bewegen und jederzeit fest mit dem Antriebszahnrad verbunden sein.<\/span><\/li>\n<li><span class=\"a-list-item\"><span class=\"a-text-bold\">Nur die Befestigungsmuttern anschwei\u00dfen<\/span>.\u00a0<span class=\"a-text-bold\">*<span class=\"a-text-italic\">\u00a0<u>Schwei\u00dfen Sie das Gestell NICHT direkt an das Tor<\/u>\u00a0<\/span>*\u00a0<\/span>Schwei\u00dfen Sie stattdessen die mitgelieferte\u00a0<span class=\"a-text-bold\">Befestigungsmuttern (Gewindeeins\u00e4tze)<\/span>\u00a0An den gew\u00fcnschten Befestigungspunkten an der Toroberfl\u00e4che befestigen. Sobald die Muttern festgezogen sind, befestigen Sie das Gestell mit den mitgelieferten Schrauben.<\/span><\/li>\n<li><span class=\"a-list-item\"><span class=\"a-text-bold\">Installieren zus\u00e4tzlicher Rackabschnitte<\/span>\u00a0Richten Sie das n\u00e4chste Zahnstangenst\u00fcck so aus, dass die Z\u00e4hne genau aufeinander passen \u2013 ohne L\u00fccken oder \u00dcberlappungen. Wiederholen Sie die obigen Schritte f\u00fcr jeden Abschnitt, bis die gesamte Torl\u00e4nge abgedeckt ist.<\/span><\/li>\n<\/ol>\n<ul class=\"a-unordered-list a-vertical\">\n<li><span class=\"a-list-item\">Sorgen Sie f\u00fcr eine gleichm\u00e4\u00dfige Zahnausrichtung zwischen den Zahnstangensegmenten, um ein Verklemmen w\u00e4hrend der Torbewegung zu vermeiden.<\/span><\/li>\n<li><span class=\"a-list-item\">Testen Sie nach Abschluss der Installation das gesamte System mit dem Tor\u00f6ffner, um einen reibungslosen, leisen und stabilen Betrieb sicherzustellen.<\/span><\/li>\n<li><span class=\"a-list-item\">Verwenden Sie bei Bedarf Rostschutzfarbe oder eine Schutzbeschichtung an den Schwei\u00dfpunkten, um eine langfristige Haltbarkeit im Au\u00dfenbereich zu gew\u00e4hrleisten.<\/span><\/li>\n<li><span class=\"a-list-item\"><span class=\"a-text-bold\">Die Bolzen NICHT schwei\u00dfen<\/span>\u00a0am Gep\u00e4cktr\u00e4ger oder Tor. Verwenden Sie sie nur zur Befestigung.<\/span><\/li>\n<li><span class=\"a-list-item\"><span class=\"a-text-bold\">Schwei\u00dfen Sie NICHT zwei Rackabschnitte zusammen.<\/span>\u00a0Richten Sie diese exakt aus und verschrauben Sie sie einzeln.<\/span><\/li>\n<\/ul>\n<\/div>\n<\/div>\n<div class=\"a-row\"><\/div>\n<\/div>\n<\/div>\n<\/div>\n<\/div>\n<div class=\"a-section a-text-center\">\n<p class=\"aplus-description aplus-container-3 aplus-p1\"><span style=\"font-size: 30px;\">Zuverl\u00e4ssiger Pre- und After-Sales-Support<\/span><\/p>\n<\/div>\n<\/div>\n<\/div>\n<div class=\"celwidget aplus-module premium-module-2-fullbackground-image aplus-premium\" data-csa-c-id=\"3l1jul-aauhza-evlxyy-ing8rc\">\n<div class=\"a-section a-spacing-none premium-aplus premium-aplus-module-2\">\n<div class=\"a-section a-spacing-none premium-background-wrapper\">\n<div class=\"a-section a-spacing-none background-image\"><img decoding=\"async\" class=\"\" src=\"https:\/\/m.media-amazon.com\/images\/S\/aplus-media-library-service-media\/0e31f724-534a-4985-b5a6-f6064d737e4f.__CR0,0,1464,600_PT0_SX1464_V1___.jpg\" alt=\"efficient aftersales service sliding gate motor\" data-src=\"https:\/\/m.media-amazon.com\/images\/S\/aplus-media-library-service-media\/0e31f724-534a-4985-b5a6-f6064d737e4f.__CR0,0,1464,600_PT0_SX1464_V1___.jpg\" \/><\/div>\n<\/div>\n<\/div>\n<\/div>","protected":false},"excerpt":{"rendered":"<p>900 Pfund Zahnstangenantrieb f\u00fcr Schiebetore mit 2 Fernbedienungen und 13,12 Fu\u00df langen Stahlschienen<\/p>","protected":false},"featured_media":1629,"comment_status":"open","ping_status":"closed","template":"","meta":[],"product_brand":[33],"product_cat":[82,20],"product_tag":[],"class_list":{"0":"post-1628","1":"product","2":"type-product","3":"status-publish","4":"has-post-thumbnail","6":"product_brand-blutezeit","7":"product_cat-ac-sliding-gate-openers","8":"product_cat-gate-openers","10":"first","11":"instock","12":"shipping-taxable","13":"purchasable","14":"product-type-simple"},"yoast_head":"<!-- This site is optimized with the Yoast SEO plugin v26.4 - https:\/\/yoast.com\/wordpress\/plugins\/seo\/ -->\n<title>MJ-300 Sliding Gate Opener (Steel Racks) - Bl\u00fctezeit<\/title>\n<meta name=\"robots\" content=\"index, follow, max-snippet:-1, max-image-preview:large, max-video-preview:-1\" \/>\n<link rel=\"canonical\" href=\"https:\/\/www.blutezeit.com\/de\/produkt\/mj-300s-sliding-gate-opener-900lb-steel-racks\/\" \/>\n<meta property=\"og:locale\" content=\"de_DE\" \/>\n<meta property=\"og:type\" content=\"article\" \/>\n<meta property=\"og:title\" content=\"MJ-300 Sliding Gate Opener (Steel Racks) - Bl\u00fctezeit\" \/>\n<meta property=\"og:description\" content=\"900lb rack-drive sliding gate opener with 2 remotes and 13.12ft steel racks\" \/>\n<meta property=\"og:url\" content=\"https:\/\/www.blutezeit.com\/de\/produkt\/mj-300s-sliding-gate-opener-900lb-steel-racks\/\" \/>\n<meta property=\"og:site_name\" content=\"Bl\u00fctezeit\" \/>\n<meta property=\"article:modified_time\" content=\"2026-03-16T09:18:11+00:00\" \/>\n<meta property=\"og:image\" content=\"http:\/\/www.blutezeit.com\/wp-content\/uploads\/2026\/01\/MJ-300-Sliding-Gate-OpenerSteel-Racks-scaled.jpg\" \/>\n\t<meta property=\"og:image:width\" content=\"2560\" \/>\n\t<meta property=\"og:image:height\" content=\"2560\" \/>\n\t<meta property=\"og:image:type\" content=\"image\/jpeg\" \/>\n<meta name=\"twitter:card\" content=\"summary_large_image\" \/>\n<meta name=\"twitter:label1\" content=\"Gesch\u00e4tzte Lesezeit\" \/>\n\t<meta name=\"twitter:data1\" content=\"5\u00a0Minuten\" \/>\n<script type=\"application\/ld+json\" class=\"yoast-schema-graph\">{\"@context\":\"https:\/\/schema.org\",\"@graph\":[{\"@type\":\"WebPage\",\"@id\":\"https:\/\/www.blutezeit.com\/product\/mj-300s-sliding-gate-opener-900lb-steel-racks\/\",\"url\":\"https:\/\/www.blutezeit.com\/product\/mj-300s-sliding-gate-opener-900lb-steel-racks\/\",\"name\":\"MJ-300 Sliding Gate Opener (Steel Racks) - Bl\u00fctezeit\",\"isPartOf\":{\"@id\":\"https:\/\/www.blutezeit.com\/pt\/#website\"},\"primaryImageOfPage\":{\"@id\":\"https:\/\/www.blutezeit.com\/product\/mj-300s-sliding-gate-opener-900lb-steel-racks\/#primaryimage\"},\"image\":{\"@id\":\"https:\/\/www.blutezeit.com\/product\/mj-300s-sliding-gate-opener-900lb-steel-racks\/#primaryimage\"},\"thumbnailUrl\":\"https:\/\/www.blutezeit.com\/wp-content\/uploads\/2026\/01\/MJ-300-Sliding-Gate-OpenerSteel-Racks-scaled.jpg\",\"datePublished\":\"2026-01-19T10:44:11+00:00\",\"dateModified\":\"2026-03-16T09:18:11+00:00\",\"breadcrumb\":{\"@id\":\"https:\/\/www.blutezeit.com\/product\/mj-300s-sliding-gate-opener-900lb-steel-racks\/#breadcrumb\"},\"inLanguage\":\"de\",\"potentialAction\":[{\"@type\":\"ReadAction\",\"target\":[\"https:\/\/www.blutezeit.com\/product\/mj-300s-sliding-gate-opener-900lb-steel-racks\/\"]}]},{\"@type\":\"ImageObject\",\"inLanguage\":\"de\",\"@id\":\"https:\/\/www.blutezeit.com\/product\/mj-300s-sliding-gate-opener-900lb-steel-racks\/#primaryimage\",\"url\":\"https:\/\/www.blutezeit.com\/wp-content\/uploads\/2026\/01\/MJ-300-Sliding-Gate-OpenerSteel-Racks-scaled.jpg\",\"contentUrl\":\"https:\/\/www.blutezeit.com\/wp-content\/uploads\/2026\/01\/MJ-300-Sliding-Gate-OpenerSteel-Racks-scaled.jpg\",\"width\":2560,\"height\":2560},{\"@type\":\"BreadcrumbList\",\"@id\":\"https:\/\/www.blutezeit.com\/product\/mj-300s-sliding-gate-opener-900lb-steel-racks\/#breadcrumb\",\"itemListElement\":[{\"@type\":\"ListItem\",\"position\":1,\"name\":\"\u9996\u9875\",\"item\":\"https:\/\/www.blutezeit.com\/pt\/\"},{\"@type\":\"ListItem\",\"position\":2,\"name\":\"Product\",\"item\":\"https:\/\/www.blutezeit.com\/pt\/shop\/\"},{\"@type\":\"ListItem\",\"position\":3,\"name\":\"MJ-300 Sliding Gate Opener (Steel Racks)\"}]},{\"@type\":\"WebSite\",\"@id\":\"https:\/\/www.blutezeit.com\/pt\/#website\",\"url\":\"https:\/\/www.blutezeit.com\/pt\/\",\"name\":\"Bl\u00fctezeit\",\"description\":\"Smart &amp; Solar Gate Opener Systems\",\"potentialAction\":[{\"@type\":\"SearchAction\",\"target\":{\"@type\":\"EntryPoint\",\"urlTemplate\":\"https:\/\/www.blutezeit.com\/pt\/?s={search_term_string}\"},\"query-input\":{\"@type\":\"PropertyValueSpecification\",\"valueRequired\":true,\"valueName\":\"search_term_string\"}}],\"inLanguage\":\"de\"}]}<\/script>\n<!-- \/ Yoast SEO plugin. -->","yoast_head_json":{"title":"MJ-300 Sliding Gate Opener (Steel Racks) - Bl\u00fctezeit","robots":{"index":"index","follow":"follow","max-snippet":"max-snippet:-1","max-image-preview":"max-image-preview:large","max-video-preview":"max-video-preview:-1"},"canonical":"https:\/\/www.blutezeit.com\/de\/produkt\/mj-300s-sliding-gate-opener-900lb-steel-racks\/","og_locale":"de_DE","og_type":"article","og_title":"MJ-300 Sliding Gate Opener (Steel Racks) - Bl\u00fctezeit","og_description":"900lb rack-drive sliding gate opener with 2 remotes and 13.12ft steel racks","og_url":"https:\/\/www.blutezeit.com\/de\/produkt\/mj-300s-sliding-gate-opener-900lb-steel-racks\/","og_site_name":"Bl\u00fctezeit","article_modified_time":"2026-03-16T09:18:11+00:00","og_image":[{"width":2560,"height":2560,"url":"http:\/\/www.blutezeit.com\/wp-content\/uploads\/2026\/01\/MJ-300-Sliding-Gate-OpenerSteel-Racks-scaled.jpg","type":"image\/jpeg"}],"twitter_card":"summary_large_image","twitter_misc":{"Gesch\u00e4tzte Lesezeit":"5\u00a0Minuten"},"schema":{"@context":"https:\/\/schema.org","@graph":[{"@type":"WebPage","@id":"https:\/\/www.blutezeit.com\/product\/mj-300s-sliding-gate-opener-900lb-steel-racks\/","url":"https:\/\/www.blutezeit.com\/product\/mj-300s-sliding-gate-opener-900lb-steel-racks\/","name":"MJ-300 Sliding Gate Opener (Steel Racks) - Bl\u00fctezeit","isPartOf":{"@id":"https:\/\/www.blutezeit.com\/pt\/#website"},"primaryImageOfPage":{"@id":"https:\/\/www.blutezeit.com\/product\/mj-300s-sliding-gate-opener-900lb-steel-racks\/#primaryimage"},"image":{"@id":"https:\/\/www.blutezeit.com\/product\/mj-300s-sliding-gate-opener-900lb-steel-racks\/#primaryimage"},"thumbnailUrl":"https:\/\/www.blutezeit.com\/wp-content\/uploads\/2026\/01\/MJ-300-Sliding-Gate-OpenerSteel-Racks-scaled.jpg","datePublished":"2026-01-19T10:44:11+00:00","dateModified":"2026-03-16T09:18:11+00:00","breadcrumb":{"@id":"https:\/\/www.blutezeit.com\/product\/mj-300s-sliding-gate-opener-900lb-steel-racks\/#breadcrumb"},"inLanguage":"de","potentialAction":[{"@type":"ReadAction","target":["https:\/\/www.blutezeit.com\/product\/mj-300s-sliding-gate-opener-900lb-steel-racks\/"]}]},{"@type":"ImageObject","inLanguage":"de","@id":"https:\/\/www.blutezeit.com\/product\/mj-300s-sliding-gate-opener-900lb-steel-racks\/#primaryimage","url":"https:\/\/www.blutezeit.com\/wp-content\/uploads\/2026\/01\/MJ-300-Sliding-Gate-OpenerSteel-Racks-scaled.jpg","contentUrl":"https:\/\/www.blutezeit.com\/wp-content\/uploads\/2026\/01\/MJ-300-Sliding-Gate-OpenerSteel-Racks-scaled.jpg","width":2560,"height":2560},{"@type":"BreadcrumbList","@id":"https:\/\/www.blutezeit.com\/product\/mj-300s-sliding-gate-opener-900lb-steel-racks\/#breadcrumb","itemListElement":[{"@type":"ListItem","position":1,"name":"\u9996\u9875","item":"https:\/\/www.blutezeit.com\/pt\/"},{"@type":"ListItem","position":2,"name":"Product","item":"https:\/\/www.blutezeit.com\/pt\/shop\/"},{"@type":"ListItem","position":3,"name":"MJ-300 Sliding Gate Opener (Steel Racks)"}]},{"@type":"WebSite","@id":"https:\/\/www.blutezeit.com\/pt\/#website","url":"https:\/\/www.blutezeit.com\/pt\/","name":"Bl\u00fctezeit","description":"Intelligente und solare Tor\u00f6ffnersysteme","potentialAction":[{"@type":"SearchAction","target":{"@type":"EntryPoint","urlTemplate":"https:\/\/www.blutezeit.com\/pt\/?s={search_term_string}"},"query-input":{"@type":"PropertyValueSpecification","valueRequired":true,"valueName":"search_term_string"}}],"inLanguage":"de"}]}},"_links":{"self":[{"href":"https:\/\/www.blutezeit.com\/de\/wp-json\/wp\/v2\/product\/1628","targetHints":{"allow":["GET"]}}],"collection":[{"href":"https:\/\/www.blutezeit.com\/de\/wp-json\/wp\/v2\/product"}],"about":[{"href":"https:\/\/www.blutezeit.com\/de\/wp-json\/wp\/v2\/types\/product"}],"replies":[{"embeddable":true,"href":"https:\/\/www.blutezeit.com\/de\/wp-json\/wp\/v2\/comments?post=1628"}],"wp:featuredmedia":[{"embeddable":true,"href":"https:\/\/www.blutezeit.com\/de\/wp-json\/wp\/v2\/media\/1629"}],"wp:attachment":[{"href":"https:\/\/www.blutezeit.com\/de\/wp-json\/wp\/v2\/media?parent=1628"}],"wp:term":[{"taxonomy":"product_brand","embeddable":true,"href":"https:\/\/www.blutezeit.com\/de\/wp-json\/wp\/v2\/product_brand?post=1628"},{"taxonomy":"product_cat","embeddable":true,"href":"https:\/\/www.blutezeit.com\/de\/wp-json\/wp\/v2\/product_cat?post=1628"},{"taxonomy":"product_tag","embeddable":true,"href":"https:\/\/www.blutezeit.com\/de\/wp-json\/wp\/v2\/product_tag?post=1628"}],"curies":[{"name":"wp","href":"https:\/\/api.w.org\/{rel}","templated":true}]}}