{"id":1627,"date":"2026-01-19T10:28:03","date_gmt":"2026-01-19T10:28:03","guid":{"rendered":"https:\/\/www.blutezeit.com\/?post_type=product&#038;p=1627"},"modified":"2026-03-09T09:01:42","modified_gmt":"2026-03-09T09:01:42","slug":"mky30-metal-clutch-key-me-ms-swing-gate","status":"publish","type":"product","link":"https:\/\/www.blutezeit.com\/de\/produkt\/mky30-metal-clutch-key-me-ms-swing-gate\/","title":{"rendered":"Kupplungsschl\u00fcssel f\u00fcr ME-MS (Schwingtor)"},"content":{"rendered":"<p>Der Bl\u00fctezeit Kupplungsschl\u00fcssel f\u00fcr Schwingtorantriebe erm\u00f6glicht einen sicheren und zuverl\u00e4ssigen manuellen Zugang, wenn der automatische Betrieb nicht verf\u00fcgbar ist. Mit diesem manuellen Entriegelungswerkzeug l\u00e4sst sich die Motorkupplung einfach l\u00f6sen, sodass das Tor bei Stromausf\u00e4llen, Wartungsarbeiten oder Systemreparaturen problemlos von Hand ge\u00f6ffnet und geschlossen werden kann.<\/p>\n<ul class=\"a-unordered-list a-vertical a-spacing-mini\">\n<li class=\"a-spacing-mini\"><span class=\"a-list-item\">\ud83d\udd11 Einzelner Metallkupplungsschl\u00fcssel \u2013 Enth\u00e4lt einen robusten Metallkupplungsschl\u00fcssel, der speziell f\u00fcr Schwingtor\u00f6ffner der Serie Bl\u00fctezeit ME-MS entwickelt wurde und sich perfekt f\u00fcr gelegentliche manuelle Bedienung oder als Ersatz eignet.<\/span><\/li>\n<li class=\"a-spacing-mini\"><span class=\"a-list-item\">\u26a1 Schnelle manuelle Entkopplung \u2013 Die Kupplung l\u00e4sst sich einfach entkoppeln, um Ihr Schwingtor bei Stromausf\u00e4llen, Wartungsarbeiten oder in Notf\u00e4llen manuell zu \u00f6ffnen oder zu schlie\u00dfen.<\/span><\/li>\n<li class=\"a-spacing-mini\"><span class=\"a-list-item\">\ud83d\udee0\ufe0f Pr\u00e4zisionspassung \u2013 Entwickelt, um exakt auf den Kupplungsmechanismus der ME-MS-Serie zu passen und so einen reibungslosen und sicheren Betrieb ohne Besch\u00e4digung des Tor\u00f6ffners zu gew\u00e4hrleisten.<\/span><\/li>\n<li class=\"a-spacing-mini\"><span class=\"a-list-item\">\ud83c\udfe1 Kompakt &amp; Tragbar \u2013 Leicht und einfach zu verstauen, sodass es bequem im Werkzeugkasten, Fahrzeug oder im Torbereich aufbewahrt werden kann und bei Bedarf sofort einsatzbereit ist.<\/span><\/li>\n<li class=\"a-spacing-mini\"><span class=\"a-list-item\">\ud83e\uddf0 Unverzichtbares Wartungswerkzeug \u2013 Ideal f\u00fcr Servicetechniker und Hausbesitzer zur Wartung, f\u00fcr den Notfallzugang oder zum Testen der Torfunktionalit\u00e4t, um jederzeit eine zuverl\u00e4ssige Leistung zu gew\u00e4hrleisten.<\/span><\/li>\n<\/ul>","protected":false},"excerpt":{"rendered":"<p>1-teiliger Metallkupplungsschl\u00fcssel f\u00fcr die Schwingtor\u00f6ffner-Serie Bl\u00fctezeit ME-MS<\/p>","protected":false},"featured_media":1624,"comment_status":"open","ping_status":"closed","template":"","meta":[],"product_brand":[33],"product_cat":[22,32],"product_tag":[],"class_list":{"0":"post-1627","1":"product","2":"type-product","3":"status-publish","4":"has-post-thumbnail","6":"product_brand-blutezeit","7":"product_cat-accessories","8":"product_cat-spare-parts","10":"first","11":"instock","12":"shipping-taxable","13":"purchasable","14":"product-type-simple"},"yoast_head":"<!-- This site is optimized with the Yoast SEO plugin v26.4 - https:\/\/yoast.com\/wordpress\/plugins\/seo\/ -->\n<title>Clutch Key for ME-MS (Swing Gate) - Bl\u00fctezeit<\/title>\n<meta name=\"robots\" content=\"index, follow, max-snippet:-1, max-image-preview:large, max-video-preview:-1\" \/>\n<link rel=\"canonical\" href=\"https:\/\/www.blutezeit.com\/de\/produkt\/mky30-metal-clutch-key-me-ms-swing-gate\/\" \/>\n<meta property=\"og:locale\" content=\"de_DE\" \/>\n<meta property=\"og:type\" content=\"article\" \/>\n<meta property=\"og:title\" content=\"Clutch Key for ME-MS (Swing Gate) - Bl\u00fctezeit\" \/>\n<meta property=\"og:description\" content=\"1-pack metal clutch key for Bl\u00fctezeit ME-MS swing gate opener series\" \/>\n<meta property=\"og:url\" content=\"https:\/\/www.blutezeit.com\/de\/produkt\/mky30-metal-clutch-key-me-ms-swing-gate\/\" \/>\n<meta property=\"og:site_name\" content=\"Bl\u00fctezeit\" \/>\n<meta property=\"article:modified_time\" content=\"2026-03-09T09:01:42+00:00\" \/>\n<meta property=\"og:image\" content=\"http:\/\/www.blutezeit.com\/wp-content\/uploads\/2026\/01\/MS-Swing-Gate-Opener-Clutch-Key-1-scaled.jpg\" \/>\n\t<meta property=\"og:image:width\" content=\"2560\" \/>\n\t<meta property=\"og:image:height\" content=\"2560\" \/>\n\t<meta property=\"og:image:type\" content=\"image\/jpeg\" \/>\n<meta name=\"twitter:card\" content=\"summary_large_image\" \/>\n<meta name=\"twitter:label1\" content=\"Gesch\u00e4tzte Lesezeit\" \/>\n\t<meta name=\"twitter:data1\" content=\"1\u00a0Minute\" \/>\n<script type=\"application\/ld+json\" class=\"yoast-schema-graph\">{\"@context\":\"https:\/\/schema.org\",\"@graph\":[{\"@type\":\"WebPage\",\"@id\":\"https:\/\/www.blutezeit.com\/product\/mky30-metal-clutch-key-me-ms-swing-gate\/\",\"url\":\"https:\/\/www.blutezeit.com\/product\/mky30-metal-clutch-key-me-ms-swing-gate\/\",\"name\":\"Clutch Key for ME-MS (Swing Gate) - Bl\u00fctezeit\",\"isPartOf\":{\"@id\":\"https:\/\/www.blutezeit.com\/pt\/#website\"},\"primaryImageOfPage\":{\"@id\":\"https:\/\/www.blutezeit.com\/product\/mky30-metal-clutch-key-me-ms-swing-gate\/#primaryimage\"},\"image\":{\"@id\":\"https:\/\/www.blutezeit.com\/product\/mky30-metal-clutch-key-me-ms-swing-gate\/#primaryimage\"},\"thumbnailUrl\":\"https:\/\/www.blutezeit.com\/wp-content\/uploads\/2026\/01\/MS-Swing-Gate-Opener-Clutch-Key-1-scaled.jpg\",\"datePublished\":\"2026-01-19T10:28:03+00:00\",\"dateModified\":\"2026-03-09T09:01:42+00:00\",\"breadcrumb\":{\"@id\":\"https:\/\/www.blutezeit.com\/product\/mky30-metal-clutch-key-me-ms-swing-gate\/#breadcrumb\"},\"inLanguage\":\"de\",\"potentialAction\":[{\"@type\":\"ReadAction\",\"target\":[\"https:\/\/www.blutezeit.com\/product\/mky30-metal-clutch-key-me-ms-swing-gate\/\"]}]},{\"@type\":\"ImageObject\",\"inLanguage\":\"de\",\"@id\":\"https:\/\/www.blutezeit.com\/product\/mky30-metal-clutch-key-me-ms-swing-gate\/#primaryimage\",\"url\":\"https:\/\/www.blutezeit.com\/wp-content\/uploads\/2026\/01\/MS-Swing-Gate-Opener-Clutch-Key-1-scaled.jpg\",\"contentUrl\":\"https:\/\/www.blutezeit.com\/wp-content\/uploads\/2026\/01\/MS-Swing-Gate-Opener-Clutch-Key-1-scaled.jpg\",\"width\":2560,\"height\":2560},{\"@type\":\"BreadcrumbList\",\"@id\":\"https:\/\/www.blutezeit.com\/product\/mky30-metal-clutch-key-me-ms-swing-gate\/#breadcrumb\",\"itemListElement\":[{\"@type\":\"ListItem\",\"position\":1,\"name\":\"\u9996\u9875\",\"item\":\"https:\/\/www.blutezeit.com\/pt\/\"},{\"@type\":\"ListItem\",\"position\":2,\"name\":\"Product\",\"item\":\"https:\/\/www.blutezeit.com\/pt\/shop\/\"},{\"@type\":\"ListItem\",\"position\":3,\"name\":\"Clutch Key for ME-MS (Swing Gate)\"}]},{\"@type\":\"WebSite\",\"@id\":\"https:\/\/www.blutezeit.com\/pt\/#website\",\"url\":\"https:\/\/www.blutezeit.com\/pt\/\",\"name\":\"Bl\u00fctezeit\",\"description\":\"Smart &amp; Solar Gate Opener Systems\",\"potentialAction\":[{\"@type\":\"SearchAction\",\"target\":{\"@type\":\"EntryPoint\",\"urlTemplate\":\"https:\/\/www.blutezeit.com\/pt\/?s={search_term_string}\"},\"query-input\":{\"@type\":\"PropertyValueSpecification\",\"valueRequired\":true,\"valueName\":\"search_term_string\"}}],\"inLanguage\":\"de\"}]}<\/script>\n<!-- \/ Yoast SEO plugin. -->","yoast_head_json":{"title":"Clutch Key for ME-MS (Swing Gate) - Bl\u00fctezeit","robots":{"index":"index","follow":"follow","max-snippet":"max-snippet:-1","max-image-preview":"max-image-preview:large","max-video-preview":"max-video-preview:-1"},"canonical":"https:\/\/www.blutezeit.com\/de\/produkt\/mky30-metal-clutch-key-me-ms-swing-gate\/","og_locale":"de_DE","og_type":"article","og_title":"Clutch Key for ME-MS (Swing Gate) - Bl\u00fctezeit","og_description":"1-pack metal clutch key for Bl\u00fctezeit ME-MS swing gate opener series","og_url":"https:\/\/www.blutezeit.com\/de\/produkt\/mky30-metal-clutch-key-me-ms-swing-gate\/","og_site_name":"Bl\u00fctezeit","article_modified_time":"2026-03-09T09:01:42+00:00","og_image":[{"width":2560,"height":2560,"url":"http:\/\/www.blutezeit.com\/wp-content\/uploads\/2026\/01\/MS-Swing-Gate-Opener-Clutch-Key-1-scaled.jpg","type":"image\/jpeg"}],"twitter_card":"summary_large_image","twitter_misc":{"Gesch\u00e4tzte Lesezeit":"1\u00a0Minute"},"schema":{"@context":"https:\/\/schema.org","@graph":[{"@type":"WebPage","@id":"https:\/\/www.blutezeit.com\/product\/mky30-metal-clutch-key-me-ms-swing-gate\/","url":"https:\/\/www.blutezeit.com\/product\/mky30-metal-clutch-key-me-ms-swing-gate\/","name":"Clutch Key for ME-MS (Swing Gate) - Bl\u00fctezeit","isPartOf":{"@id":"https:\/\/www.blutezeit.com\/pt\/#website"},"primaryImageOfPage":{"@id":"https:\/\/www.blutezeit.com\/product\/mky30-metal-clutch-key-me-ms-swing-gate\/#primaryimage"},"image":{"@id":"https:\/\/www.blutezeit.com\/product\/mky30-metal-clutch-key-me-ms-swing-gate\/#primaryimage"},"thumbnailUrl":"https:\/\/www.blutezeit.com\/wp-content\/uploads\/2026\/01\/MS-Swing-Gate-Opener-Clutch-Key-1-scaled.jpg","datePublished":"2026-01-19T10:28:03+00:00","dateModified":"2026-03-09T09:01:42+00:00","breadcrumb":{"@id":"https:\/\/www.blutezeit.com\/product\/mky30-metal-clutch-key-me-ms-swing-gate\/#breadcrumb"},"inLanguage":"de","potentialAction":[{"@type":"ReadAction","target":["https:\/\/www.blutezeit.com\/product\/mky30-metal-clutch-key-me-ms-swing-gate\/"]}]},{"@type":"ImageObject","inLanguage":"de","@id":"https:\/\/www.blutezeit.com\/product\/mky30-metal-clutch-key-me-ms-swing-gate\/#primaryimage","url":"https:\/\/www.blutezeit.com\/wp-content\/uploads\/2026\/01\/MS-Swing-Gate-Opener-Clutch-Key-1-scaled.jpg","contentUrl":"https:\/\/www.blutezeit.com\/wp-content\/uploads\/2026\/01\/MS-Swing-Gate-Opener-Clutch-Key-1-scaled.jpg","width":2560,"height":2560},{"@type":"BreadcrumbList","@id":"https:\/\/www.blutezeit.com\/product\/mky30-metal-clutch-key-me-ms-swing-gate\/#breadcrumb","itemListElement":[{"@type":"ListItem","position":1,"name":"\u9996\u9875","item":"https:\/\/www.blutezeit.com\/pt\/"},{"@type":"ListItem","position":2,"name":"Product","item":"https:\/\/www.blutezeit.com\/pt\/shop\/"},{"@type":"ListItem","position":3,"name":"Clutch Key for ME-MS (Swing Gate)"}]},{"@type":"WebSite","@id":"https:\/\/www.blutezeit.com\/pt\/#website","url":"https:\/\/www.blutezeit.com\/pt\/","name":"Bl\u00fctezeit","description":"Intelligente und solare Tor\u00f6ffnersysteme","potentialAction":[{"@type":"SearchAction","target":{"@type":"EntryPoint","urlTemplate":"https:\/\/www.blutezeit.com\/pt\/?s={search_term_string}"},"query-input":{"@type":"PropertyValueSpecification","valueRequired":true,"valueName":"search_term_string"}}],"inLanguage":"de"}]}},"_links":{"self":[{"href":"https:\/\/www.blutezeit.com\/de\/wp-json\/wp\/v2\/product\/1627","targetHints":{"allow":["GET"]}}],"collection":[{"href":"https:\/\/www.blutezeit.com\/de\/wp-json\/wp\/v2\/product"}],"about":[{"href":"https:\/\/www.blutezeit.com\/de\/wp-json\/wp\/v2\/types\/product"}],"replies":[{"embeddable":true,"href":"https:\/\/www.blutezeit.com\/de\/wp-json\/wp\/v2\/comments?post=1627"}],"wp:featuredmedia":[{"embeddable":true,"href":"https:\/\/www.blutezeit.com\/de\/wp-json\/wp\/v2\/media\/1624"}],"wp:attachment":[{"href":"https:\/\/www.blutezeit.com\/de\/wp-json\/wp\/v2\/media?parent=1627"}],"wp:term":[{"taxonomy":"product_brand","embeddable":true,"href":"https:\/\/www.blutezeit.com\/de\/wp-json\/wp\/v2\/product_brand?post=1627"},{"taxonomy":"product_cat","embeddable":true,"href":"https:\/\/www.blutezeit.com\/de\/wp-json\/wp\/v2\/product_cat?post=1627"},{"taxonomy":"product_tag","embeddable":true,"href":"https:\/\/www.blutezeit.com\/de\/wp-json\/wp\/v2\/product_tag?post=1627"}],"curies":[{"name":"wp","href":"https:\/\/api.w.org\/{rel}","templated":true}]}}